{"id":26715,"date":"2017-07-06T08:57:58","date_gmt":"2017-07-06T06:57:58","guid":{"rendered":"https:\/\/innow.pl\/produkt\/osprzet-do-ugula-standardowy-oe\/"},"modified":"2025-02-27T09:39:08","modified_gmt":"2025-02-27T08:39:08","slug":"osprzet-do-ugula-standardowy-oe","status":"publish","type":"product","link":"https:\/\/innow.pl\/en\/produkt\/osprzet-do-ugula-standardowy-oe\/","title":{"rendered":"Osprz\u0119t do UGUL&#8217;a standard"},"content":{"rendered":"<p align=\"left\"><strong>Standardowe wyposa\u017cenie do UGUL&#8217;a:<\/strong><\/p>\n<ul>\n<li>Ci\u0119\u017carek mi\u0119kki 0,50 kg &#8211; 1<\/li>\n<li>Ci\u0119\u017carek mi\u0119kki 1,00 kg &#8211; 1<\/li>\n<li>Ci\u0119\u017carek mi\u0119kki 2,00 kg &#8211; 1<\/li>\n<li>Ci\u0119\u017carek mi\u0119kki 3,00 kg &#8211; 1<\/li>\n<li><span lang=\"de-DE\">Esik metalowy &#8211; <\/span><span lang=\"de-DE\">20<\/span><\/li>\n<li><span lang=\"de-DE\">Kamaszek sk\u00f3rzany do wyci\u0105gu &#8211; 1 <\/span><\/li>\n<li><span lang=\"de-DE\">Linka do podwiesze\u0144 i \u0107w. w odci\u0105\u017ceniu \u2013 120cm &#8211; 6<\/span><\/li>\n<li><span lang=\"de-DE\">Linka do podwiesze\u0144 i \u0107w. w odci\u0105\u017ceniu \u2013 160cm &#8211; 4<\/span><\/li>\n<li><span lang=\"de-DE\">Linka z bloczkami do \u0107w. z obci\u0105\u017ceniem -350cm &#8211; 2<\/span><\/li>\n<li><span lang=\"de-DE\">Linka do \u0107w. samowspomaganych d\u0142. 225 cm &#8211; 1<\/span><\/li>\n<li><span lang=\"de-DE\">Mankiet nadgarstkowo-kostkowy &#8211; 1<\/span><\/li>\n<li><span lang=\"de-DE\">Pas do stabilizacji ud i kr\u0119gos\u0142upa &#8211; 1<\/span><\/li>\n<li><span lang=\"de-DE\">Podwieszka dwustawowa ze sk\u00f3ry &#8211; 4<\/span><\/li>\n<li><span lang=\"de-DE\">Podwieszka pod miednic\u0119 &#8211; 1<\/span><\/li>\n<li><span lang=\"de-DE\">Podwieszka pod g\u0142ow\u0119 &#8211; 1<\/span><\/li>\n<li><span lang=\"de-DE\">Podwieszka ramienna &#8211; 2<\/span><\/li>\n<li><span lang=\"de-DE\">Podwieszka udowa &#8211; 2<\/span><\/li>\n<li><span lang=\"de-DE\">Podwieszka kolanowa &#8211; 2<\/span><\/li>\n<li><span lang=\"de-DE\">Uchwyt metalowy na link\u0119 &#8211; 1<\/span><\/li>\n<\/ul>\n<p>&nbsp;<\/p>\n","protected":false},"excerpt":{"rendered":"<p>Standardowe wyposa\u017cenie do UGUL&#8217;a: Ci\u0119\u017carek mi\u0119kki 0,50 kg &#8211; 1 Ci\u0119\u017carek mi\u0119kki 1,00 kg &#8211; 1 Ci\u0119\u017carek mi\u0119kki 2,00 kg &#8211; 1 Ci\u0119\u017carek mi\u0119kki 3,00 kg &#8211; 1 Esik metalowy &#8211; 20 Kamaszek sk\u00f3rzany do wyci\u0105gu &#8211; 1 Linka do podwiesze\u0144 i \u0107w. w odci\u0105\u017ceniu \u2013 120cm &#8211; 6 Linka do podwiesze\u0144 i \u0107w. w [&hellip;]<\/p>\n","protected":false},"featured_media":26717,"comment_status":"open","ping_status":"closed","template":"","meta":{"_acf_changed":false},"product_brand":[],"product_cat":[487,438,456,484],"product_tag":[],"class_list":{"0":"post-26715","1":"product","2":"type-product","3":"status-publish","4":"has-post-thumbnail","6":"product_cat-osprzet-do-kabin-usprawniania-leczniczego","7":"product_cat-pielegnacja-i-rehabilitacja","8":"product_cat-urzadzenia-do-fizjoterapii","9":"product_cat-usprawnienie-lecznicze","11":"first","12":"instock","13":"taxable","14":"shipping-taxable","15":"purchasable","16":"product-type-simple"},"acf":[],"yoast_head":"<!-- This site is optimized with the Yoast SEO plugin v27.4 - https:\/\/yoast.com\/product\/yoast-seo-wordpress\/ -->\n<title>Osprz\u0119t do UGUL&#039;a standard - INNOW<\/title>\n<meta name=\"description\" content=\"Du\u017co element\u00f3w! Osprz\u0119t do UGUL&#039;a standardowy- ci\u0119\u017carki, podwieszki, linki i wiele innych. Wiele wariant\u00f3w, obci\u0105\u017cenia. Kliknij po wi\u0119cej!\" \/>\n<meta name=\"robots\" content=\"index, follow, max-snippet:-1, max-image-preview:large, max-video-preview:-1\" \/>\n<link rel=\"canonical\" href=\"https:\/\/innow.pl\/produkt\/osprzet-do-ugula-standardowy-oe\/\" \/>\n<meta property=\"og:locale\" content=\"en_US\" \/>\n<meta property=\"og:type\" content=\"article\" \/>\n<meta property=\"og:title\" content=\"Osprz\u0119t do UGUL&#039;a standard - INNOW\" \/>\n<meta property=\"og:description\" content=\"Du\u017co element\u00f3w! Osprz\u0119t do UGUL&#039;a standardowy- ci\u0119\u017carki, podwieszki, linki i wiele innych. Wiele wariant\u00f3w, obci\u0105\u017cenia. Kliknij po wi\u0119cej!\" \/>\n<meta property=\"og:url\" content=\"https:\/\/innow.pl\/produkt\/osprzet-do-ugula-standardowy-oe\/\" \/>\n<meta property=\"og:site_name\" content=\"INNOW\" \/>\n<meta property=\"article:modified_time\" content=\"2025-02-27T08:39:08+00:00\" \/>\n<meta property=\"og:image\" content=\"https:\/\/innow.pl\/wp-content\/uploads\/2024\/11\/osprzetugul_1.jpg\" \/>\n\t<meta property=\"og:image:width\" content=\"480\" \/>\n\t<meta property=\"og:image:height\" content=\"480\" \/>\n\t<meta property=\"og:image:type\" content=\"image\/jpeg\" \/>\n<meta name=\"twitter:card\" content=\"summary_large_image\" \/>\n<meta name=\"twitter:label1\" content=\"Est. reading time\" \/>\n\t<meta name=\"twitter:data1\" content=\"1 minute\" \/>\n<script type=\"application\/ld+json\" class=\"yoast-schema-graph\">{\"@context\":\"https:\\\/\\\/schema.org\",\"@graph\":[{\"@type\":\"WebPage\",\"@id\":\"https:\\\/\\\/innow.pl\\\/produkt\\\/osprzet-do-ugula-standardowy-oe\\\/\",\"url\":\"https:\\\/\\\/innow.pl\\\/produkt\\\/osprzet-do-ugula-standardowy-oe\\\/\",\"name\":\"Osprz\u0119t do UGUL'a standard - INNOW\",\"isPartOf\":{\"@id\":\"https:\\\/\\\/innow.pl\\\/#website\"},\"primaryImageOfPage\":{\"@id\":\"https:\\\/\\\/innow.pl\\\/produkt\\\/osprzet-do-ugula-standardowy-oe\\\/#primaryimage\"},\"image\":{\"@id\":\"https:\\\/\\\/innow.pl\\\/produkt\\\/osprzet-do-ugula-standardowy-oe\\\/#primaryimage\"},\"thumbnailUrl\":\"https:\\\/\\\/innow.pl\\\/wp-content\\\/uploads\\\/2024\\\/11\\\/osprzetugul_1.jpg\",\"datePublished\":\"2017-07-06T06:57:58+00:00\",\"dateModified\":\"2025-02-27T08:39:08+00:00\",\"description\":\"Du\u017co element\u00f3w! Osprz\u0119t do UGUL'a standardowy- ci\u0119\u017carki, podwieszki, linki i wiele innych. Wiele wariant\u00f3w, obci\u0105\u017cenia. Kliknij po wi\u0119cej!\",\"breadcrumb\":{\"@id\":\"https:\\\/\\\/innow.pl\\\/produkt\\\/osprzet-do-ugula-standardowy-oe\\\/#breadcrumb\"},\"inLanguage\":\"en-US\",\"potentialAction\":[{\"@type\":\"ReadAction\",\"target\":[\"https:\\\/\\\/innow.pl\\\/produkt\\\/osprzet-do-ugula-standardowy-oe\\\/\"]}]},{\"@type\":\"ImageObject\",\"inLanguage\":\"en-US\",\"@id\":\"https:\\\/\\\/innow.pl\\\/produkt\\\/osprzet-do-ugula-standardowy-oe\\\/#primaryimage\",\"url\":\"https:\\\/\\\/innow.pl\\\/wp-content\\\/uploads\\\/2024\\\/11\\\/osprzetugul_1.jpg\",\"contentUrl\":\"https:\\\/\\\/innow.pl\\\/wp-content\\\/uploads\\\/2024\\\/11\\\/osprzetugul_1.jpg\",\"width\":480,\"height\":480,\"caption\":\"Osprz\u0119t do UGUL'a podstawowy - INNOW\"},{\"@type\":\"BreadcrumbList\",\"@id\":\"https:\\\/\\\/innow.pl\\\/produkt\\\/osprzet-do-ugula-standardowy-oe\\\/#breadcrumb\",\"itemListElement\":[{\"@type\":\"ListItem\",\"position\":1,\"name\":\"INNOW\",\"item\":\"https:\\\/\\\/innow.pl\\\/en\\\/\"},{\"@type\":\"ListItem\",\"position\":2,\"name\":\"Produkty\",\"item\":\"https:\\\/\\\/innow.pl\\\/produkty\\\/\"},{\"@type\":\"ListItem\",\"position\":3,\"name\":\"Piel\u0119gnacja i rehabilitacja\",\"item\":\"https:\\\/\\\/innow.pl\\\/produkty\\\/pielegnacja-i-rehabilitacja\\\/\"},{\"@type\":\"ListItem\",\"position\":4,\"name\":\"Urz\u0105dzenia do fizjoterapii\",\"item\":\"https:\\\/\\\/innow.pl\\\/produkty\\\/pielegnacja-i-rehabilitacja\\\/urzadzenia-do-fizjoterapii\\\/\"},{\"@type\":\"ListItem\",\"position\":5,\"name\":\"Usprawnienie lecznicze\",\"item\":\"https:\\\/\\\/innow.pl\\\/produkty\\\/pielegnacja-i-rehabilitacja\\\/urzadzenia-do-fizjoterapii\\\/usprawnienie-lecznicze\\\/\"},{\"@type\":\"ListItem\",\"position\":6,\"name\":\"Osprz\u0119t do kabin usprawniania leczniczego\",\"item\":\"https:\\\/\\\/innow.pl\\\/produkty\\\/pielegnacja-i-rehabilitacja\\\/urzadzenia-do-fizjoterapii\\\/usprawnienie-lecznicze\\\/osprzet-do-kabin-usprawniania-leczniczego\\\/\"},{\"@type\":\"ListItem\",\"position\":7,\"name\":\"Osprz\u0119t do UGUL&#8217;a standard\"}]},{\"@type\":\"WebSite\",\"@id\":\"https:\\\/\\\/innow.pl\\\/#website\",\"url\":\"https:\\\/\\\/innow.pl\\\/\",\"name\":\"INNOW\",\"description\":\"\",\"potentialAction\":[{\"@type\":\"SearchAction\",\"target\":{\"@type\":\"EntryPoint\",\"urlTemplate\":\"https:\\\/\\\/innow.pl\\\/?s={search_term_string}\"},\"query-input\":{\"@type\":\"PropertyValueSpecification\",\"valueRequired\":true,\"valueName\":\"search_term_string\"}}],\"inLanguage\":\"en-US\"}]}<\/script>\n<!-- \/ Yoast SEO plugin. -->","yoast_head_json":{"title":"Osprz\u0119t do UGUL'a standard - INNOW","description":"Du\u017co element\u00f3w! Osprz\u0119t do UGUL'a standardowy- ci\u0119\u017carki, podwieszki, linki i wiele innych. Wiele wariant\u00f3w, obci\u0105\u017cenia. Kliknij po wi\u0119cej!","robots":{"index":"index","follow":"follow","max-snippet":"max-snippet:-1","max-image-preview":"max-image-preview:large","max-video-preview":"max-video-preview:-1"},"canonical":"https:\/\/innow.pl\/produkt\/osprzet-do-ugula-standardowy-oe\/","og_locale":"en_US","og_type":"article","og_title":"Osprz\u0119t do UGUL'a standard - INNOW","og_description":"Du\u017co element\u00f3w! Osprz\u0119t do UGUL'a standardowy- ci\u0119\u017carki, podwieszki, linki i wiele innych. Wiele wariant\u00f3w, obci\u0105\u017cenia. Kliknij po wi\u0119cej!","og_url":"https:\/\/innow.pl\/produkt\/osprzet-do-ugula-standardowy-oe\/","og_site_name":"INNOW","article_modified_time":"2025-02-27T08:39:08+00:00","og_image":[{"width":480,"height":480,"url":"https:\/\/innow.pl\/wp-content\/uploads\/2024\/11\/osprzetugul_1.jpg","type":"image\/jpeg"}],"twitter_card":"summary_large_image","twitter_misc":{"Est. reading time":"1 minute"},"schema":{"@context":"https:\/\/schema.org","@graph":[{"@type":"WebPage","@id":"https:\/\/innow.pl\/produkt\/osprzet-do-ugula-standardowy-oe\/","url":"https:\/\/innow.pl\/produkt\/osprzet-do-ugula-standardowy-oe\/","name":"Osprz\u0119t do UGUL'a standard - INNOW","isPartOf":{"@id":"https:\/\/innow.pl\/#website"},"primaryImageOfPage":{"@id":"https:\/\/innow.pl\/produkt\/osprzet-do-ugula-standardowy-oe\/#primaryimage"},"image":{"@id":"https:\/\/innow.pl\/produkt\/osprzet-do-ugula-standardowy-oe\/#primaryimage"},"thumbnailUrl":"https:\/\/innow.pl\/wp-content\/uploads\/2024\/11\/osprzetugul_1.jpg","datePublished":"2017-07-06T06:57:58+00:00","dateModified":"2025-02-27T08:39:08+00:00","description":"Du\u017co element\u00f3w! Osprz\u0119t do UGUL'a standardowy- ci\u0119\u017carki, podwieszki, linki i wiele innych. Wiele wariant\u00f3w, obci\u0105\u017cenia. Kliknij po wi\u0119cej!","breadcrumb":{"@id":"https:\/\/innow.pl\/produkt\/osprzet-do-ugula-standardowy-oe\/#breadcrumb"},"inLanguage":"en-US","potentialAction":[{"@type":"ReadAction","target":["https:\/\/innow.pl\/produkt\/osprzet-do-ugula-standardowy-oe\/"]}]},{"@type":"ImageObject","inLanguage":"en-US","@id":"https:\/\/innow.pl\/produkt\/osprzet-do-ugula-standardowy-oe\/#primaryimage","url":"https:\/\/innow.pl\/wp-content\/uploads\/2024\/11\/osprzetugul_1.jpg","contentUrl":"https:\/\/innow.pl\/wp-content\/uploads\/2024\/11\/osprzetugul_1.jpg","width":480,"height":480,"caption":"Osprz\u0119t do UGUL'a podstawowy - INNOW"},{"@type":"BreadcrumbList","@id":"https:\/\/innow.pl\/produkt\/osprzet-do-ugula-standardowy-oe\/#breadcrumb","itemListElement":[{"@type":"ListItem","position":1,"name":"INNOW","item":"https:\/\/innow.pl\/en\/"},{"@type":"ListItem","position":2,"name":"Produkty","item":"https:\/\/innow.pl\/produkty\/"},{"@type":"ListItem","position":3,"name":"Piel\u0119gnacja i rehabilitacja","item":"https:\/\/innow.pl\/produkty\/pielegnacja-i-rehabilitacja\/"},{"@type":"ListItem","position":4,"name":"Urz\u0105dzenia do fizjoterapii","item":"https:\/\/innow.pl\/produkty\/pielegnacja-i-rehabilitacja\/urzadzenia-do-fizjoterapii\/"},{"@type":"ListItem","position":5,"name":"Usprawnienie lecznicze","item":"https:\/\/innow.pl\/produkty\/pielegnacja-i-rehabilitacja\/urzadzenia-do-fizjoterapii\/usprawnienie-lecznicze\/"},{"@type":"ListItem","position":6,"name":"Osprz\u0119t do kabin usprawniania leczniczego","item":"https:\/\/innow.pl\/produkty\/pielegnacja-i-rehabilitacja\/urzadzenia-do-fizjoterapii\/usprawnienie-lecznicze\/osprzet-do-kabin-usprawniania-leczniczego\/"},{"@type":"ListItem","position":7,"name":"Osprz\u0119t do UGUL&#8217;a standard"}]},{"@type":"WebSite","@id":"https:\/\/innow.pl\/#website","url":"https:\/\/innow.pl\/","name":"INNOW","description":"","potentialAction":[{"@type":"SearchAction","target":{"@type":"EntryPoint","urlTemplate":"https:\/\/innow.pl\/?s={search_term_string}"},"query-input":{"@type":"PropertyValueSpecification","valueRequired":true,"valueName":"search_term_string"}}],"inLanguage":"en-US"}]}},"_links":{"self":[{"href":"https:\/\/innow.pl\/en\/wp-json\/wp\/v2\/product\/26715","targetHints":{"allow":["GET"]}}],"collection":[{"href":"https:\/\/innow.pl\/en\/wp-json\/wp\/v2\/product"}],"about":[{"href":"https:\/\/innow.pl\/en\/wp-json\/wp\/v2\/types\/product"}],"replies":[{"embeddable":true,"href":"https:\/\/innow.pl\/en\/wp-json\/wp\/v2\/comments?post=26715"}],"wp:featuredmedia":[{"embeddable":true,"href":"https:\/\/innow.pl\/en\/wp-json\/wp\/v2\/media\/26717"}],"wp:attachment":[{"href":"https:\/\/innow.pl\/en\/wp-json\/wp\/v2\/media?parent=26715"}],"wp:term":[{"taxonomy":"product_brand","embeddable":true,"href":"https:\/\/innow.pl\/en\/wp-json\/wp\/v2\/product_brand?post=26715"},{"taxonomy":"product_cat","embeddable":true,"href":"https:\/\/innow.pl\/en\/wp-json\/wp\/v2\/product_cat?post=26715"},{"taxonomy":"product_tag","embeddable":true,"href":"https:\/\/innow.pl\/en\/wp-json\/wp\/v2\/product_tag?post=26715"}],"curies":[{"name":"wp","href":"https:\/\/api.w.org\/{rel}","templated":true}]}}