{"id":26660,"date":"2019-08-01T06:03:36","date_gmt":"2019-08-01T04:03:36","guid":{"rendered":"https:\/\/innow.pl\/produkt\/ej-m-eko-jezyk-aparat-do-masazu-ciala-maly-oe\/"},"modified":"2025-02-12T11:44:34","modified_gmt":"2025-02-12T10:44:34","slug":"ej-m-eko-jezyk-aparat-do-masazu-ciala-maly-oe","status":"publish","type":"product","link":"https:\/\/innow.pl\/en\/produkt\/ej-m-eko-jezyk-aparat-do-masazu-ciala-maly-oe\/","title":{"rendered":"EJM &#8211; Eko Je\u017cyk &#8211; aparat do masa\u017cu cia\u0142a ma\u0142y"},"content":{"rendered":"<p>Eko Je\u017cyk &#8211; aparat do masa\u017cu cia\u0142a wykonany z drewna. Dzi\u0119ki dopasowaniu do powierzchni cia\u0142a powoduje popraw\u0119 kr\u0105\u017cenia krwi oraz funkcjonowania ca\u0142ego organizmu.<\/p>\n","protected":false},"excerpt":{"rendered":"<p>Eko Je\u017cyk &#8211; aparat do masa\u017cu cia\u0142a wykonany z drewna. Dzi\u0119ki dopasowaniu do powierzchni cia\u0142a powoduje popraw\u0119 kr\u0105\u017cenia krwi oraz funkcjonowania ca\u0142ego organizmu.<\/p>\n","protected":false},"featured_media":26662,"comment_status":"open","ping_status":"closed","template":"","meta":{"_acf_changed":false},"product_brand":[],"product_cat":[544,483,573,438],"product_tag":[],"class_list":{"0":"post-26660","1":"product","2":"type-product","3":"status-publish","4":"has-post-thumbnail","6":"product_cat-aparaty-do-masazu-drewniane","7":"product_cat-aparaty-do-masazu-ciala","8":"product_cat-aparaty-drewniane-do-masazu-ciala","9":"product_cat-pielegnacja-i-rehabilitacja","10":"pa_dlugosc-15-cm","11":"pa_szerokosc-75-cm","12":"pa_wysokosc-7-cm","14":"first","15":"instock","16":"taxable","17":"shipping-taxable","18":"purchasable","19":"product-type-simple"},"acf":[],"yoast_head":"<!-- This site is optimized with the Yoast SEO plugin v27.4 - https:\/\/yoast.com\/product\/yoast-seo-wordpress\/ -->\n<title>EJM - Eko Je\u017cyk - aparat do masa\u017cu cia\u0142a ma\u0142y - INNOW<\/title>\n<meta name=\"description\" content=\"Niewielkich rozmiar\u00f3w Eko Je\u017cyk - aparat do masa\u017cu cia\u0142a wspomagaj\u0105cy popraw\u0119 kr\u0105\u017cenia krwi. Praktyczny i tani! Dowiedz si\u0119 wi\u0119cej!\" \/>\n<meta name=\"robots\" content=\"index, follow, max-snippet:-1, max-image-preview:large, max-video-preview:-1\" \/>\n<link rel=\"canonical\" href=\"https:\/\/innow.pl\/produkt\/ej-m-eko-jezyk-aparat-do-masazu-ciala-maly-oe\/\" \/>\n<meta property=\"og:locale\" content=\"en_US\" \/>\n<meta property=\"og:type\" content=\"article\" \/>\n<meta property=\"og:title\" content=\"EJM - Eko Je\u017cyk - aparat do masa\u017cu cia\u0142a ma\u0142y - INNOW\" \/>\n<meta property=\"og:description\" content=\"Niewielkich rozmiar\u00f3w Eko Je\u017cyk - aparat do masa\u017cu cia\u0142a wspomagaj\u0105cy popraw\u0119 kr\u0105\u017cenia krwi. Praktyczny i tani! Dowiedz si\u0119 wi\u0119cej!\" \/>\n<meta property=\"og:url\" content=\"https:\/\/innow.pl\/produkt\/ej-m-eko-jezyk-aparat-do-masazu-ciala-maly-oe\/\" \/>\n<meta property=\"og:site_name\" content=\"INNOW\" \/>\n<meta property=\"article:modified_time\" content=\"2025-02-12T10:44:34+00:00\" \/>\n<meta property=\"og:image\" content=\"https:\/\/innow.pl\/wp-content\/uploads\/2024\/11\/EJM_.jpg\" \/>\n\t<meta property=\"og:image:width\" content=\"800\" \/>\n\t<meta property=\"og:image:height\" content=\"800\" \/>\n\t<meta property=\"og:image:type\" content=\"image\/jpeg\" \/>\n<meta name=\"twitter:card\" content=\"summary_large_image\" \/>\n<meta name=\"twitter:label1\" content=\"Est. reading time\" \/>\n\t<meta name=\"twitter:data1\" content=\"1 minute\" \/>\n<script type=\"application\/ld+json\" class=\"yoast-schema-graph\">{\"@context\":\"https:\\\/\\\/schema.org\",\"@graph\":[{\"@type\":\"WebPage\",\"@id\":\"https:\\\/\\\/innow.pl\\\/produkt\\\/ej-m-eko-jezyk-aparat-do-masazu-ciala-maly-oe\\\/\",\"url\":\"https:\\\/\\\/innow.pl\\\/produkt\\\/ej-m-eko-jezyk-aparat-do-masazu-ciala-maly-oe\\\/\",\"name\":\"EJM - Eko Je\u017cyk - aparat do masa\u017cu cia\u0142a ma\u0142y - INNOW\",\"isPartOf\":{\"@id\":\"https:\\\/\\\/innow.pl\\\/#website\"},\"primaryImageOfPage\":{\"@id\":\"https:\\\/\\\/innow.pl\\\/produkt\\\/ej-m-eko-jezyk-aparat-do-masazu-ciala-maly-oe\\\/#primaryimage\"},\"image\":{\"@id\":\"https:\\\/\\\/innow.pl\\\/produkt\\\/ej-m-eko-jezyk-aparat-do-masazu-ciala-maly-oe\\\/#primaryimage\"},\"thumbnailUrl\":\"https:\\\/\\\/innow.pl\\\/wp-content\\\/uploads\\\/2024\\\/11\\\/EJM_.jpg\",\"datePublished\":\"2019-08-01T04:03:36+00:00\",\"dateModified\":\"2025-02-12T10:44:34+00:00\",\"description\":\"Niewielkich rozmiar\u00f3w Eko Je\u017cyk - aparat do masa\u017cu cia\u0142a wspomagaj\u0105cy popraw\u0119 kr\u0105\u017cenia krwi. Praktyczny i tani! Dowiedz si\u0119 wi\u0119cej!\",\"breadcrumb\":{\"@id\":\"https:\\\/\\\/innow.pl\\\/produkt\\\/ej-m-eko-jezyk-aparat-do-masazu-ciala-maly-oe\\\/#breadcrumb\"},\"inLanguage\":\"en-US\",\"potentialAction\":[{\"@type\":\"ReadAction\",\"target\":[\"https:\\\/\\\/innow.pl\\\/produkt\\\/ej-m-eko-jezyk-aparat-do-masazu-ciala-maly-oe\\\/\"]}]},{\"@type\":\"ImageObject\",\"inLanguage\":\"en-US\",\"@id\":\"https:\\\/\\\/innow.pl\\\/produkt\\\/ej-m-eko-jezyk-aparat-do-masazu-ciala-maly-oe\\\/#primaryimage\",\"url\":\"https:\\\/\\\/innow.pl\\\/wp-content\\\/uploads\\\/2024\\\/11\\\/EJM_.jpg\",\"contentUrl\":\"https:\\\/\\\/innow.pl\\\/wp-content\\\/uploads\\\/2024\\\/11\\\/EJM_.jpg\",\"width\":800,\"height\":800,\"caption\":\"Eko Je\u017cyk - aparat do masa\u017cu cia\u0142a ma\u0142y \u2013 EJ M \u2013 INNOW\"},{\"@type\":\"BreadcrumbList\",\"@id\":\"https:\\\/\\\/innow.pl\\\/produkt\\\/ej-m-eko-jezyk-aparat-do-masazu-ciala-maly-oe\\\/#breadcrumb\",\"itemListElement\":[{\"@type\":\"ListItem\",\"position\":1,\"name\":\"INNOW\",\"item\":\"https:\\\/\\\/innow.pl\\\/en\\\/\"},{\"@type\":\"ListItem\",\"position\":2,\"name\":\"Produkty\",\"item\":\"https:\\\/\\\/innow.pl\\\/produkty\\\/\"},{\"@type\":\"ListItem\",\"position\":3,\"name\":\"Piel\u0119gnacja i rehabilitacja\",\"item\":\"https:\\\/\\\/innow.pl\\\/produkty\\\/pielegnacja-i-rehabilitacja\\\/\"},{\"@type\":\"ListItem\",\"position\":4,\"name\":\"Aparaty do masa\u017cu cia\u0142a\",\"item\":\"https:\\\/\\\/innow.pl\\\/produkty\\\/pielegnacja-i-rehabilitacja\\\/aparaty-do-masazu-ciala\\\/\"},{\"@type\":\"ListItem\",\"position\":5,\"name\":\"Aparaty do masa\u017cu - drewniane\",\"item\":\"https:\\\/\\\/innow.pl\\\/produkty\\\/pielegnacja-i-rehabilitacja\\\/aparaty-do-masazu-ciala\\\/aparaty-do-masazu-drewniane\\\/\"},{\"@type\":\"ListItem\",\"position\":6,\"name\":\"Aparaty drewniane do masa\u017cu cia\u0142a\",\"item\":\"https:\\\/\\\/innow.pl\\\/produkty\\\/pielegnacja-i-rehabilitacja\\\/aparaty-do-masazu-ciala\\\/aparaty-do-masazu-drewniane\\\/aparaty-drewniane-do-masazu-ciala\\\/\"},{\"@type\":\"ListItem\",\"position\":7,\"name\":\"EJM &#8211; Eko Je\u017cyk &#8211; aparat do masa\u017cu cia\u0142a ma\u0142y\"}]},{\"@type\":\"WebSite\",\"@id\":\"https:\\\/\\\/innow.pl\\\/#website\",\"url\":\"https:\\\/\\\/innow.pl\\\/\",\"name\":\"INNOW\",\"description\":\"\",\"potentialAction\":[{\"@type\":\"SearchAction\",\"target\":{\"@type\":\"EntryPoint\",\"urlTemplate\":\"https:\\\/\\\/innow.pl\\\/?s={search_term_string}\"},\"query-input\":{\"@type\":\"PropertyValueSpecification\",\"valueRequired\":true,\"valueName\":\"search_term_string\"}}],\"inLanguage\":\"en-US\"}]}<\/script>\n<!-- \/ Yoast SEO plugin. -->","yoast_head_json":{"title":"EJM - Eko Je\u017cyk - aparat do masa\u017cu cia\u0142a ma\u0142y - INNOW","description":"Niewielkich rozmiar\u00f3w Eko Je\u017cyk - aparat do masa\u017cu cia\u0142a wspomagaj\u0105cy popraw\u0119 kr\u0105\u017cenia krwi. Praktyczny i tani! Dowiedz si\u0119 wi\u0119cej!","robots":{"index":"index","follow":"follow","max-snippet":"max-snippet:-1","max-image-preview":"max-image-preview:large","max-video-preview":"max-video-preview:-1"},"canonical":"https:\/\/innow.pl\/produkt\/ej-m-eko-jezyk-aparat-do-masazu-ciala-maly-oe\/","og_locale":"en_US","og_type":"article","og_title":"EJM - Eko Je\u017cyk - aparat do masa\u017cu cia\u0142a ma\u0142y - INNOW","og_description":"Niewielkich rozmiar\u00f3w Eko Je\u017cyk - aparat do masa\u017cu cia\u0142a wspomagaj\u0105cy popraw\u0119 kr\u0105\u017cenia krwi. Praktyczny i tani! Dowiedz si\u0119 wi\u0119cej!","og_url":"https:\/\/innow.pl\/produkt\/ej-m-eko-jezyk-aparat-do-masazu-ciala-maly-oe\/","og_site_name":"INNOW","article_modified_time":"2025-02-12T10:44:34+00:00","og_image":[{"width":800,"height":800,"url":"https:\/\/innow.pl\/wp-content\/uploads\/2024\/11\/EJM_.jpg","type":"image\/jpeg"}],"twitter_card":"summary_large_image","twitter_misc":{"Est. reading time":"1 minute"},"schema":{"@context":"https:\/\/schema.org","@graph":[{"@type":"WebPage","@id":"https:\/\/innow.pl\/produkt\/ej-m-eko-jezyk-aparat-do-masazu-ciala-maly-oe\/","url":"https:\/\/innow.pl\/produkt\/ej-m-eko-jezyk-aparat-do-masazu-ciala-maly-oe\/","name":"EJM - Eko Je\u017cyk - aparat do masa\u017cu cia\u0142a ma\u0142y - INNOW","isPartOf":{"@id":"https:\/\/innow.pl\/#website"},"primaryImageOfPage":{"@id":"https:\/\/innow.pl\/produkt\/ej-m-eko-jezyk-aparat-do-masazu-ciala-maly-oe\/#primaryimage"},"image":{"@id":"https:\/\/innow.pl\/produkt\/ej-m-eko-jezyk-aparat-do-masazu-ciala-maly-oe\/#primaryimage"},"thumbnailUrl":"https:\/\/innow.pl\/wp-content\/uploads\/2024\/11\/EJM_.jpg","datePublished":"2019-08-01T04:03:36+00:00","dateModified":"2025-02-12T10:44:34+00:00","description":"Niewielkich rozmiar\u00f3w Eko Je\u017cyk - aparat do masa\u017cu cia\u0142a wspomagaj\u0105cy popraw\u0119 kr\u0105\u017cenia krwi. Praktyczny i tani! Dowiedz si\u0119 wi\u0119cej!","breadcrumb":{"@id":"https:\/\/innow.pl\/produkt\/ej-m-eko-jezyk-aparat-do-masazu-ciala-maly-oe\/#breadcrumb"},"inLanguage":"en-US","potentialAction":[{"@type":"ReadAction","target":["https:\/\/innow.pl\/produkt\/ej-m-eko-jezyk-aparat-do-masazu-ciala-maly-oe\/"]}]},{"@type":"ImageObject","inLanguage":"en-US","@id":"https:\/\/innow.pl\/produkt\/ej-m-eko-jezyk-aparat-do-masazu-ciala-maly-oe\/#primaryimage","url":"https:\/\/innow.pl\/wp-content\/uploads\/2024\/11\/EJM_.jpg","contentUrl":"https:\/\/innow.pl\/wp-content\/uploads\/2024\/11\/EJM_.jpg","width":800,"height":800,"caption":"Eko Je\u017cyk - aparat do masa\u017cu cia\u0142a ma\u0142y \u2013 EJ M \u2013 INNOW"},{"@type":"BreadcrumbList","@id":"https:\/\/innow.pl\/produkt\/ej-m-eko-jezyk-aparat-do-masazu-ciala-maly-oe\/#breadcrumb","itemListElement":[{"@type":"ListItem","position":1,"name":"INNOW","item":"https:\/\/innow.pl\/en\/"},{"@type":"ListItem","position":2,"name":"Produkty","item":"https:\/\/innow.pl\/produkty\/"},{"@type":"ListItem","position":3,"name":"Piel\u0119gnacja i rehabilitacja","item":"https:\/\/innow.pl\/produkty\/pielegnacja-i-rehabilitacja\/"},{"@type":"ListItem","position":4,"name":"Aparaty do masa\u017cu cia\u0142a","item":"https:\/\/innow.pl\/produkty\/pielegnacja-i-rehabilitacja\/aparaty-do-masazu-ciala\/"},{"@type":"ListItem","position":5,"name":"Aparaty do masa\u017cu - drewniane","item":"https:\/\/innow.pl\/produkty\/pielegnacja-i-rehabilitacja\/aparaty-do-masazu-ciala\/aparaty-do-masazu-drewniane\/"},{"@type":"ListItem","position":6,"name":"Aparaty drewniane do masa\u017cu cia\u0142a","item":"https:\/\/innow.pl\/produkty\/pielegnacja-i-rehabilitacja\/aparaty-do-masazu-ciala\/aparaty-do-masazu-drewniane\/aparaty-drewniane-do-masazu-ciala\/"},{"@type":"ListItem","position":7,"name":"EJM &#8211; Eko Je\u017cyk &#8211; aparat do masa\u017cu cia\u0142a ma\u0142y"}]},{"@type":"WebSite","@id":"https:\/\/innow.pl\/#website","url":"https:\/\/innow.pl\/","name":"INNOW","description":"","potentialAction":[{"@type":"SearchAction","target":{"@type":"EntryPoint","urlTemplate":"https:\/\/innow.pl\/?s={search_term_string}"},"query-input":{"@type":"PropertyValueSpecification","valueRequired":true,"valueName":"search_term_string"}}],"inLanguage":"en-US"}]}},"_links":{"self":[{"href":"https:\/\/innow.pl\/en\/wp-json\/wp\/v2\/product\/26660","targetHints":{"allow":["GET"]}}],"collection":[{"href":"https:\/\/innow.pl\/en\/wp-json\/wp\/v2\/product"}],"about":[{"href":"https:\/\/innow.pl\/en\/wp-json\/wp\/v2\/types\/product"}],"replies":[{"embeddable":true,"href":"https:\/\/innow.pl\/en\/wp-json\/wp\/v2\/comments?post=26660"}],"wp:featuredmedia":[{"embeddable":true,"href":"https:\/\/innow.pl\/en\/wp-json\/wp\/v2\/media\/26662"}],"wp:attachment":[{"href":"https:\/\/innow.pl\/en\/wp-json\/wp\/v2\/media?parent=26660"}],"wp:term":[{"taxonomy":"product_brand","embeddable":true,"href":"https:\/\/innow.pl\/en\/wp-json\/wp\/v2\/product_brand?post=26660"},{"taxonomy":"product_cat","embeddable":true,"href":"https:\/\/innow.pl\/en\/wp-json\/wp\/v2\/product_cat?post=26660"},{"taxonomy":"product_tag","embeddable":true,"href":"https:\/\/innow.pl\/en\/wp-json\/wp\/v2\/product_tag?post=26660"}],"curies":[{"name":"wp","href":"https:\/\/api.w.org\/{rel}","templated":true}]}}