{"id":26501,"date":"2017-01-04T09:27:26","date_gmt":"2017-01-04T08:27:26","guid":{"rendered":"https:\/\/innow.pl\/produkt\/c225e-taboret-wannowy\/"},"modified":"2026-02-17T13:27:16","modified_gmt":"2026-02-17T12:27:16","slug":"c225e-taboret-wannowy","status":"publish","type":"product","link":"https:\/\/innow.pl\/en\/produkt\/c225e-taboret-wannowy\/","title":{"rendered":"C225E &#8211; Taboret wannowy"},"content":{"rendered":"<p>Taboret wannowy niski z regulowan\u0105 wysoko\u015bci\u0105. Posiada konstrukcj\u0119 wykonan\u0105 z aluminium, natomiast formatk\u0119 z tworzywa sztucznego wyposa\u017con\u0105 w nak\u0142adk\u0119 z pianki, zapewniaj\u0105c\u0105 mi\u0119kko\u015b\u0107 i komfort siedzenia. Mo\u017ce by\u0107 zastosowany, jako stopie\u0144 do wanny.<\/p>\n","protected":false},"excerpt":{"rendered":"<p>Taboret wannowy niski z regulowan\u0105 wysoko\u015bci\u0105. Posiada konstrukcj\u0119 wykonan\u0105 z aluminium, natomiast formatk\u0119 z tworzywa sztucznego wyposa\u017con\u0105 w nak\u0142adk\u0119 z pianki, zapewniaj\u0105c\u0105 mi\u0119kko\u015b\u0107 i komfort siedzenia. Mo\u017ce by\u0107 zastosowany, jako stopie\u0144 do wanny.<\/p>\n","protected":false},"featured_media":26503,"comment_status":"open","ping_status":"closed","template":"","meta":{"_acf_changed":false},"product_brand":[],"product_cat":[436,512,49],"product_tag":[],"class_list":{"0":"post-26501","1":"product","2":"type-product","3":"status-publish","4":"has-post-thumbnail","6":"product_cat-siodelka-siedziska-i-taborety","7":"product_cat-taborety-prysznicowe","8":"product_cat-lazienka-i-wc","9":"pa_glebokosc-365-cm","10":"pa_szerokosc-445-cm","11":"pa_wysokosc-siedziska-26-31-cm","13":"first","14":"instock","15":"taxable","16":"shipping-taxable","17":"purchasable","18":"product-type-simple"},"acf":[],"yoast_head":"<!-- This site is optimized with the Yoast SEO plugin v27.4 - https:\/\/yoast.com\/product\/yoast-seo-wordpress\/ -->\n<title>C225E - Taboret wannowy - INNOW<\/title>\n<meta name=\"description\" content=\"Niedrogi, praktyczny taboret wannowy z regulacj\u0105 wysoko\u015bci i mi\u0119kk\u0105 nak\u0142adk\u0105 zwi\u0119kszaj\u0105c\u0105 komfort u\u017cytkowania. Wsparcie podczas k\u0105pieli. Zobacz!\" \/>\n<meta name=\"robots\" content=\"index, follow, max-snippet:-1, max-image-preview:large, max-video-preview:-1\" \/>\n<link rel=\"canonical\" href=\"https:\/\/innow.pl\/produkt\/c225e-taboret-wannowy\/\" \/>\n<meta property=\"og:locale\" content=\"en_US\" \/>\n<meta property=\"og:type\" content=\"article\" \/>\n<meta property=\"og:title\" content=\"C225E - Taboret wannowy - INNOW\" \/>\n<meta property=\"og:description\" content=\"Niedrogi, praktyczny taboret wannowy z regulacj\u0105 wysoko\u015bci i mi\u0119kk\u0105 nak\u0142adk\u0105 zwi\u0119kszaj\u0105c\u0105 komfort u\u017cytkowania. Wsparcie podczas k\u0105pieli. Zobacz!\" \/>\n<meta property=\"og:url\" content=\"https:\/\/innow.pl\/produkt\/c225e-taboret-wannowy\/\" \/>\n<meta property=\"og:site_name\" content=\"INNOW\" \/>\n<meta property=\"article:modified_time\" content=\"2026-02-17T12:27:16+00:00\" \/>\n<meta property=\"og:image\" content=\"https:\/\/innow.pl\/wp-content\/uploads\/2024\/11\/C225E.jpg\" \/>\n\t<meta property=\"og:image:width\" content=\"481\" \/>\n\t<meta property=\"og:image:height\" content=\"480\" \/>\n\t<meta property=\"og:image:type\" content=\"image\/jpeg\" \/>\n<meta name=\"twitter:card\" content=\"summary_large_image\" \/>\n<meta name=\"twitter:label1\" content=\"Est. reading time\" \/>\n\t<meta name=\"twitter:data1\" content=\"1 minute\" \/>\n<script type=\"application\/ld+json\" class=\"yoast-schema-graph\">{\"@context\":\"https:\\\/\\\/schema.org\",\"@graph\":[{\"@type\":\"WebPage\",\"@id\":\"https:\\\/\\\/innow.pl\\\/produkt\\\/c225e-taboret-wannowy\\\/\",\"url\":\"https:\\\/\\\/innow.pl\\\/produkt\\\/c225e-taboret-wannowy\\\/\",\"name\":\"C225E - Taboret wannowy - INNOW\",\"isPartOf\":{\"@id\":\"https:\\\/\\\/innow.pl\\\/#website\"},\"primaryImageOfPage\":{\"@id\":\"https:\\\/\\\/innow.pl\\\/produkt\\\/c225e-taboret-wannowy\\\/#primaryimage\"},\"image\":{\"@id\":\"https:\\\/\\\/innow.pl\\\/produkt\\\/c225e-taboret-wannowy\\\/#primaryimage\"},\"thumbnailUrl\":\"https:\\\/\\\/innow.pl\\\/wp-content\\\/uploads\\\/2024\\\/11\\\/C225E.jpg\",\"datePublished\":\"2017-01-04T08:27:26+00:00\",\"dateModified\":\"2026-02-17T12:27:16+00:00\",\"description\":\"Niedrogi, praktyczny taboret wannowy z regulacj\u0105 wysoko\u015bci i mi\u0119kk\u0105 nak\u0142adk\u0105 zwi\u0119kszaj\u0105c\u0105 komfort u\u017cytkowania. Wsparcie podczas k\u0105pieli. Zobacz!\",\"breadcrumb\":{\"@id\":\"https:\\\/\\\/innow.pl\\\/produkt\\\/c225e-taboret-wannowy\\\/#breadcrumb\"},\"inLanguage\":\"en-US\",\"potentialAction\":[{\"@type\":\"ReadAction\",\"target\":[\"https:\\\/\\\/innow.pl\\\/produkt\\\/c225e-taboret-wannowy\\\/\"]}]},{\"@type\":\"ImageObject\",\"inLanguage\":\"en-US\",\"@id\":\"https:\\\/\\\/innow.pl\\\/produkt\\\/c225e-taboret-wannowy\\\/#primaryimage\",\"url\":\"https:\\\/\\\/innow.pl\\\/wp-content\\\/uploads\\\/2024\\\/11\\\/C225E.jpg\",\"contentUrl\":\"https:\\\/\\\/innow.pl\\\/wp-content\\\/uploads\\\/2024\\\/11\\\/C225E.jpg\",\"width\":481,\"height\":480,\"caption\":\"Taboret wannowy \u2013 C225E \u2013 INNOW\"},{\"@type\":\"BreadcrumbList\",\"@id\":\"https:\\\/\\\/innow.pl\\\/produkt\\\/c225e-taboret-wannowy\\\/#breadcrumb\",\"itemListElement\":[{\"@type\":\"ListItem\",\"position\":1,\"name\":\"INNOW\",\"item\":\"https:\\\/\\\/innow.pl\\\/en\\\/\"},{\"@type\":\"ListItem\",\"position\":2,\"name\":\"Produkty\",\"item\":\"https:\\\/\\\/innow.pl\\\/produkty\\\/\"},{\"@type\":\"ListItem\",\"position\":3,\"name\":\"\u0141azienka i WC\",\"item\":\"https:\\\/\\\/innow.pl\\\/produkty\\\/lazienka-i-wc\\\/\"},{\"@type\":\"ListItem\",\"position\":4,\"name\":\"Siode\u0142ka, siedziska i taborety\",\"item\":\"https:\\\/\\\/innow.pl\\\/produkty\\\/lazienka-i-wc\\\/siodelka-siedziska-i-taborety\\\/\"},{\"@type\":\"ListItem\",\"position\":5,\"name\":\"Taborety prysznicowe\",\"item\":\"https:\\\/\\\/innow.pl\\\/produkty\\\/lazienka-i-wc\\\/siodelka-siedziska-i-taborety\\\/taborety-prysznicowe\\\/\"},{\"@type\":\"ListItem\",\"position\":6,\"name\":\"C225E &#8211; Taboret wannowy\"}]},{\"@type\":\"WebSite\",\"@id\":\"https:\\\/\\\/innow.pl\\\/#website\",\"url\":\"https:\\\/\\\/innow.pl\\\/\",\"name\":\"INNOW\",\"description\":\"\",\"potentialAction\":[{\"@type\":\"SearchAction\",\"target\":{\"@type\":\"EntryPoint\",\"urlTemplate\":\"https:\\\/\\\/innow.pl\\\/?s={search_term_string}\"},\"query-input\":{\"@type\":\"PropertyValueSpecification\",\"valueRequired\":true,\"valueName\":\"search_term_string\"}}],\"inLanguage\":\"en-US\"}]}<\/script>\n<!-- \/ Yoast SEO plugin. -->","yoast_head_json":{"title":"C225E - Taboret wannowy - INNOW","description":"Niedrogi, praktyczny taboret wannowy z regulacj\u0105 wysoko\u015bci i mi\u0119kk\u0105 nak\u0142adk\u0105 zwi\u0119kszaj\u0105c\u0105 komfort u\u017cytkowania. Wsparcie podczas k\u0105pieli. Zobacz!","robots":{"index":"index","follow":"follow","max-snippet":"max-snippet:-1","max-image-preview":"max-image-preview:large","max-video-preview":"max-video-preview:-1"},"canonical":"https:\/\/innow.pl\/produkt\/c225e-taboret-wannowy\/","og_locale":"en_US","og_type":"article","og_title":"C225E - Taboret wannowy - INNOW","og_description":"Niedrogi, praktyczny taboret wannowy z regulacj\u0105 wysoko\u015bci i mi\u0119kk\u0105 nak\u0142adk\u0105 zwi\u0119kszaj\u0105c\u0105 komfort u\u017cytkowania. Wsparcie podczas k\u0105pieli. Zobacz!","og_url":"https:\/\/innow.pl\/produkt\/c225e-taboret-wannowy\/","og_site_name":"INNOW","article_modified_time":"2026-02-17T12:27:16+00:00","og_image":[{"width":481,"height":480,"url":"https:\/\/innow.pl\/wp-content\/uploads\/2024\/11\/C225E.jpg","type":"image\/jpeg"}],"twitter_card":"summary_large_image","twitter_misc":{"Est. reading time":"1 minute"},"schema":{"@context":"https:\/\/schema.org","@graph":[{"@type":"WebPage","@id":"https:\/\/innow.pl\/produkt\/c225e-taboret-wannowy\/","url":"https:\/\/innow.pl\/produkt\/c225e-taboret-wannowy\/","name":"C225E - Taboret wannowy - INNOW","isPartOf":{"@id":"https:\/\/innow.pl\/#website"},"primaryImageOfPage":{"@id":"https:\/\/innow.pl\/produkt\/c225e-taboret-wannowy\/#primaryimage"},"image":{"@id":"https:\/\/innow.pl\/produkt\/c225e-taboret-wannowy\/#primaryimage"},"thumbnailUrl":"https:\/\/innow.pl\/wp-content\/uploads\/2024\/11\/C225E.jpg","datePublished":"2017-01-04T08:27:26+00:00","dateModified":"2026-02-17T12:27:16+00:00","description":"Niedrogi, praktyczny taboret wannowy z regulacj\u0105 wysoko\u015bci i mi\u0119kk\u0105 nak\u0142adk\u0105 zwi\u0119kszaj\u0105c\u0105 komfort u\u017cytkowania. Wsparcie podczas k\u0105pieli. Zobacz!","breadcrumb":{"@id":"https:\/\/innow.pl\/produkt\/c225e-taboret-wannowy\/#breadcrumb"},"inLanguage":"en-US","potentialAction":[{"@type":"ReadAction","target":["https:\/\/innow.pl\/produkt\/c225e-taboret-wannowy\/"]}]},{"@type":"ImageObject","inLanguage":"en-US","@id":"https:\/\/innow.pl\/produkt\/c225e-taboret-wannowy\/#primaryimage","url":"https:\/\/innow.pl\/wp-content\/uploads\/2024\/11\/C225E.jpg","contentUrl":"https:\/\/innow.pl\/wp-content\/uploads\/2024\/11\/C225E.jpg","width":481,"height":480,"caption":"Taboret wannowy \u2013 C225E \u2013 INNOW"},{"@type":"BreadcrumbList","@id":"https:\/\/innow.pl\/produkt\/c225e-taboret-wannowy\/#breadcrumb","itemListElement":[{"@type":"ListItem","position":1,"name":"INNOW","item":"https:\/\/innow.pl\/en\/"},{"@type":"ListItem","position":2,"name":"Produkty","item":"https:\/\/innow.pl\/produkty\/"},{"@type":"ListItem","position":3,"name":"\u0141azienka i WC","item":"https:\/\/innow.pl\/produkty\/lazienka-i-wc\/"},{"@type":"ListItem","position":4,"name":"Siode\u0142ka, siedziska i taborety","item":"https:\/\/innow.pl\/produkty\/lazienka-i-wc\/siodelka-siedziska-i-taborety\/"},{"@type":"ListItem","position":5,"name":"Taborety prysznicowe","item":"https:\/\/innow.pl\/produkty\/lazienka-i-wc\/siodelka-siedziska-i-taborety\/taborety-prysznicowe\/"},{"@type":"ListItem","position":6,"name":"C225E &#8211; Taboret wannowy"}]},{"@type":"WebSite","@id":"https:\/\/innow.pl\/#website","url":"https:\/\/innow.pl\/","name":"INNOW","description":"","potentialAction":[{"@type":"SearchAction","target":{"@type":"EntryPoint","urlTemplate":"https:\/\/innow.pl\/?s={search_term_string}"},"query-input":{"@type":"PropertyValueSpecification","valueRequired":true,"valueName":"search_term_string"}}],"inLanguage":"en-US"}]}},"_links":{"self":[{"href":"https:\/\/innow.pl\/en\/wp-json\/wp\/v2\/product\/26501","targetHints":{"allow":["GET"]}}],"collection":[{"href":"https:\/\/innow.pl\/en\/wp-json\/wp\/v2\/product"}],"about":[{"href":"https:\/\/innow.pl\/en\/wp-json\/wp\/v2\/types\/product"}],"replies":[{"embeddable":true,"href":"https:\/\/innow.pl\/en\/wp-json\/wp\/v2\/comments?post=26501"}],"wp:featuredmedia":[{"embeddable":true,"href":"https:\/\/innow.pl\/en\/wp-json\/wp\/v2\/media\/26503"}],"wp:attachment":[{"href":"https:\/\/innow.pl\/en\/wp-json\/wp\/v2\/media?parent=26501"}],"wp:term":[{"taxonomy":"product_brand","embeddable":true,"href":"https:\/\/innow.pl\/en\/wp-json\/wp\/v2\/product_brand?post=26501"},{"taxonomy":"product_cat","embeddable":true,"href":"https:\/\/innow.pl\/en\/wp-json\/wp\/v2\/product_cat?post=26501"},{"taxonomy":"product_tag","embeddable":true,"href":"https:\/\/innow.pl\/en\/wp-json\/wp\/v2\/product_tag?post=26501"}],"curies":[{"name":"wp","href":"https:\/\/api.w.org\/{rel}","templated":true}]}}