{"id":26491,"date":"2017-07-04T08:15:11","date_gmt":"2017-07-04T06:15:11","guid":{"rendered":"https:\/\/innow.pl\/produkt\/c220-standard-taboret-prysznicowy-z-wycieciem-standard\/"},"modified":"2025-02-28T13:54:38","modified_gmt":"2025-02-28T12:54:38","slug":"c220-standard-taboret-prysznicowy-z-wycieciem-standard","status":"publish","type":"product","link":"https:\/\/innow.pl\/en\/produkt\/c220-standard-taboret-prysznicowy-z-wycieciem-standard\/","title":{"rendered":"C220 (standard) &#8211; Taboret prysznicowy z wyci\u0119ciem (standard)"},"content":{"rendered":"<p>Praktyczny taboret prysznicowy z wyci\u0119ciem &#8211; \u0142atwiejsza higiena intymnych cz\u0119\u015bci cia\u0142a. Usprawnia czynno\u015bci higieniczne osobom starszym, niepe\u0142nosprawnym, maj\u0105cym problemy z poruszaniem si\u0119, zar\u00f3wno w szpitalach, domach opieki, jak i domach prywatnych.<\/p>\n","protected":false},"excerpt":{"rendered":"<p>Praktyczny taboret prysznicowy z wyci\u0119ciem &#8211; \u0142atwiejsza higiena intymnych cz\u0119\u015bci cia\u0142a. Usprawnia czynno\u015bci higieniczne osobom starszym, niepe\u0142nosprawnym, maj\u0105cym problemy z poruszaniem si\u0119, zar\u00f3wno w szpitalach, domach opieki, jak i domach prywatnych.<\/p>\n","protected":false},"featured_media":26493,"comment_status":"open","ping_status":"closed","template":"","meta":{"_acf_changed":false},"product_brand":[],"product_cat":[436,512,49],"product_tag":[],"class_list":{"0":"post-26491","1":"product","2":"type-product","3":"status-publish","4":"has-post-thumbnail","6":"product_cat-siodelka-siedziska-i-taborety","7":"product_cat-taborety-prysznicowe","8":"product_cat-lazienka-i-wc","9":"pa_dlugosc-48-cm","10":"pa_dlugosc-siedziska-33-cm","11":"pa_szerokosc-56-cm","12":"pa_szerokosc-siedziska-41-cm","13":"pa_wysokosc-50-cm","15":"first","16":"instock","17":"taxable","18":"shipping-taxable","19":"purchasable","20":"product-type-simple"},"acf":[],"yoast_head":"<!-- This site is optimized with the Yoast SEO plugin v27.4 - https:\/\/yoast.com\/product\/yoast-seo-wordpress\/ -->\n<title>C220 (standard) - Taboret prysznicowy z wyci\u0119ciem (standard) - INNOW<\/title>\n<meta name=\"description\" content=\"Klasyczny, solidny taboret prysznicowy z wyci\u0119ciem stanowi\u0105cy pomoc podczas czynno\u015bci higienicznych pod prysznicem. Dowiedz si\u0119 wi\u0119cej!\" \/>\n<meta name=\"robots\" content=\"index, follow, max-snippet:-1, max-image-preview:large, max-video-preview:-1\" \/>\n<link rel=\"canonical\" href=\"https:\/\/innow.pl\/produkt\/c220-standard-taboret-prysznicowy-z-wycieciem-standard\/\" \/>\n<meta property=\"og:locale\" content=\"en_US\" \/>\n<meta property=\"og:type\" content=\"article\" \/>\n<meta property=\"og:title\" content=\"C220 (standard) - Taboret prysznicowy z wyci\u0119ciem (standard) - INNOW\" \/>\n<meta property=\"og:description\" content=\"Klasyczny, solidny taboret prysznicowy z wyci\u0119ciem stanowi\u0105cy pomoc podczas czynno\u015bci higienicznych pod prysznicem. Dowiedz si\u0119 wi\u0119cej!\" \/>\n<meta property=\"og:url\" content=\"https:\/\/innow.pl\/produkt\/c220-standard-taboret-prysznicowy-z-wycieciem-standard\/\" \/>\n<meta property=\"og:site_name\" content=\"INNOW\" \/>\n<meta property=\"article:modified_time\" content=\"2025-02-28T12:54:38+00:00\" \/>\n<meta property=\"og:image\" content=\"https:\/\/innow.pl\/wp-content\/uploads\/2024\/11\/C220.jpg\" \/>\n\t<meta property=\"og:image:width\" content=\"800\" \/>\n\t<meta property=\"og:image:height\" content=\"800\" \/>\n\t<meta property=\"og:image:type\" content=\"image\/jpeg\" \/>\n<meta name=\"twitter:card\" content=\"summary_large_image\" \/>\n<meta name=\"twitter:label1\" content=\"Est. reading time\" \/>\n\t<meta name=\"twitter:data1\" content=\"1 minute\" \/>\n<script type=\"application\/ld+json\" class=\"yoast-schema-graph\">{\"@context\":\"https:\\\/\\\/schema.org\",\"@graph\":[{\"@type\":\"WebPage\",\"@id\":\"https:\\\/\\\/innow.pl\\\/produkt\\\/c220-standard-taboret-prysznicowy-z-wycieciem-standard\\\/\",\"url\":\"https:\\\/\\\/innow.pl\\\/produkt\\\/c220-standard-taboret-prysznicowy-z-wycieciem-standard\\\/\",\"name\":\"C220 (standard) - Taboret prysznicowy z wyci\u0119ciem (standard) - INNOW\",\"isPartOf\":{\"@id\":\"https:\\\/\\\/innow.pl\\\/#website\"},\"primaryImageOfPage\":{\"@id\":\"https:\\\/\\\/innow.pl\\\/produkt\\\/c220-standard-taboret-prysznicowy-z-wycieciem-standard\\\/#primaryimage\"},\"image\":{\"@id\":\"https:\\\/\\\/innow.pl\\\/produkt\\\/c220-standard-taboret-prysznicowy-z-wycieciem-standard\\\/#primaryimage\"},\"thumbnailUrl\":\"https:\\\/\\\/innow.pl\\\/wp-content\\\/uploads\\\/2024\\\/11\\\/C220.jpg\",\"datePublished\":\"2017-07-04T06:15:11+00:00\",\"dateModified\":\"2025-02-28T12:54:38+00:00\",\"description\":\"Klasyczny, solidny taboret prysznicowy z wyci\u0119ciem stanowi\u0105cy pomoc podczas czynno\u015bci higienicznych pod prysznicem. Dowiedz si\u0119 wi\u0119cej!\",\"breadcrumb\":{\"@id\":\"https:\\\/\\\/innow.pl\\\/produkt\\\/c220-standard-taboret-prysznicowy-z-wycieciem-standard\\\/#breadcrumb\"},\"inLanguage\":\"en-US\",\"potentialAction\":[{\"@type\":\"ReadAction\",\"target\":[\"https:\\\/\\\/innow.pl\\\/produkt\\\/c220-standard-taboret-prysznicowy-z-wycieciem-standard\\\/\"]}]},{\"@type\":\"ImageObject\",\"inLanguage\":\"en-US\",\"@id\":\"https:\\\/\\\/innow.pl\\\/produkt\\\/c220-standard-taboret-prysznicowy-z-wycieciem-standard\\\/#primaryimage\",\"url\":\"https:\\\/\\\/innow.pl\\\/wp-content\\\/uploads\\\/2024\\\/11\\\/C220.jpg\",\"contentUrl\":\"https:\\\/\\\/innow.pl\\\/wp-content\\\/uploads\\\/2024\\\/11\\\/C220.jpg\",\"width\":800,\"height\":800,\"caption\":\"Taboret prysznicowy z wyci\u0119ciem (standard) \u2013 C220 (standard) \u2013 INNOW\"},{\"@type\":\"BreadcrumbList\",\"@id\":\"https:\\\/\\\/innow.pl\\\/produkt\\\/c220-standard-taboret-prysznicowy-z-wycieciem-standard\\\/#breadcrumb\",\"itemListElement\":[{\"@type\":\"ListItem\",\"position\":1,\"name\":\"INNOW\",\"item\":\"https:\\\/\\\/innow.pl\\\/en\\\/\"},{\"@type\":\"ListItem\",\"position\":2,\"name\":\"Produkty\",\"item\":\"https:\\\/\\\/innow.pl\\\/produkty\\\/\"},{\"@type\":\"ListItem\",\"position\":3,\"name\":\"\u0141azienka i WC\",\"item\":\"https:\\\/\\\/innow.pl\\\/produkty\\\/lazienka-i-wc\\\/\"},{\"@type\":\"ListItem\",\"position\":4,\"name\":\"Siode\u0142ka, siedziska i taborety\",\"item\":\"https:\\\/\\\/innow.pl\\\/produkty\\\/lazienka-i-wc\\\/siodelka-siedziska-i-taborety\\\/\"},{\"@type\":\"ListItem\",\"position\":5,\"name\":\"Taborety prysznicowe\",\"item\":\"https:\\\/\\\/innow.pl\\\/produkty\\\/lazienka-i-wc\\\/siodelka-siedziska-i-taborety\\\/taborety-prysznicowe\\\/\"},{\"@type\":\"ListItem\",\"position\":6,\"name\":\"C220 (standard) &#8211; Taboret prysznicowy z wyci\u0119ciem (standard)\"}]},{\"@type\":\"WebSite\",\"@id\":\"https:\\\/\\\/innow.pl\\\/#website\",\"url\":\"https:\\\/\\\/innow.pl\\\/\",\"name\":\"INNOW\",\"description\":\"\",\"potentialAction\":[{\"@type\":\"SearchAction\",\"target\":{\"@type\":\"EntryPoint\",\"urlTemplate\":\"https:\\\/\\\/innow.pl\\\/?s={search_term_string}\"},\"query-input\":{\"@type\":\"PropertyValueSpecification\",\"valueRequired\":true,\"valueName\":\"search_term_string\"}}],\"inLanguage\":\"en-US\"}]}<\/script>\n<!-- \/ Yoast SEO plugin. -->","yoast_head_json":{"title":"C220 (standard) - Taboret prysznicowy z wyci\u0119ciem (standard) - INNOW","description":"Klasyczny, solidny taboret prysznicowy z wyci\u0119ciem stanowi\u0105cy pomoc podczas czynno\u015bci higienicznych pod prysznicem. Dowiedz si\u0119 wi\u0119cej!","robots":{"index":"index","follow":"follow","max-snippet":"max-snippet:-1","max-image-preview":"max-image-preview:large","max-video-preview":"max-video-preview:-1"},"canonical":"https:\/\/innow.pl\/produkt\/c220-standard-taboret-prysznicowy-z-wycieciem-standard\/","og_locale":"en_US","og_type":"article","og_title":"C220 (standard) - Taboret prysznicowy z wyci\u0119ciem (standard) - INNOW","og_description":"Klasyczny, solidny taboret prysznicowy z wyci\u0119ciem stanowi\u0105cy pomoc podczas czynno\u015bci higienicznych pod prysznicem. Dowiedz si\u0119 wi\u0119cej!","og_url":"https:\/\/innow.pl\/produkt\/c220-standard-taboret-prysznicowy-z-wycieciem-standard\/","og_site_name":"INNOW","article_modified_time":"2025-02-28T12:54:38+00:00","og_image":[{"width":800,"height":800,"url":"https:\/\/innow.pl\/wp-content\/uploads\/2024\/11\/C220.jpg","type":"image\/jpeg"}],"twitter_card":"summary_large_image","twitter_misc":{"Est. reading time":"1 minute"},"schema":{"@context":"https:\/\/schema.org","@graph":[{"@type":"WebPage","@id":"https:\/\/innow.pl\/produkt\/c220-standard-taboret-prysznicowy-z-wycieciem-standard\/","url":"https:\/\/innow.pl\/produkt\/c220-standard-taboret-prysznicowy-z-wycieciem-standard\/","name":"C220 (standard) - Taboret prysznicowy z wyci\u0119ciem (standard) - INNOW","isPartOf":{"@id":"https:\/\/innow.pl\/#website"},"primaryImageOfPage":{"@id":"https:\/\/innow.pl\/produkt\/c220-standard-taboret-prysznicowy-z-wycieciem-standard\/#primaryimage"},"image":{"@id":"https:\/\/innow.pl\/produkt\/c220-standard-taboret-prysznicowy-z-wycieciem-standard\/#primaryimage"},"thumbnailUrl":"https:\/\/innow.pl\/wp-content\/uploads\/2024\/11\/C220.jpg","datePublished":"2017-07-04T06:15:11+00:00","dateModified":"2025-02-28T12:54:38+00:00","description":"Klasyczny, solidny taboret prysznicowy z wyci\u0119ciem stanowi\u0105cy pomoc podczas czynno\u015bci higienicznych pod prysznicem. Dowiedz si\u0119 wi\u0119cej!","breadcrumb":{"@id":"https:\/\/innow.pl\/produkt\/c220-standard-taboret-prysznicowy-z-wycieciem-standard\/#breadcrumb"},"inLanguage":"en-US","potentialAction":[{"@type":"ReadAction","target":["https:\/\/innow.pl\/produkt\/c220-standard-taboret-prysznicowy-z-wycieciem-standard\/"]}]},{"@type":"ImageObject","inLanguage":"en-US","@id":"https:\/\/innow.pl\/produkt\/c220-standard-taboret-prysznicowy-z-wycieciem-standard\/#primaryimage","url":"https:\/\/innow.pl\/wp-content\/uploads\/2024\/11\/C220.jpg","contentUrl":"https:\/\/innow.pl\/wp-content\/uploads\/2024\/11\/C220.jpg","width":800,"height":800,"caption":"Taboret prysznicowy z wyci\u0119ciem (standard) \u2013 C220 (standard) \u2013 INNOW"},{"@type":"BreadcrumbList","@id":"https:\/\/innow.pl\/produkt\/c220-standard-taboret-prysznicowy-z-wycieciem-standard\/#breadcrumb","itemListElement":[{"@type":"ListItem","position":1,"name":"INNOW","item":"https:\/\/innow.pl\/en\/"},{"@type":"ListItem","position":2,"name":"Produkty","item":"https:\/\/innow.pl\/produkty\/"},{"@type":"ListItem","position":3,"name":"\u0141azienka i WC","item":"https:\/\/innow.pl\/produkty\/lazienka-i-wc\/"},{"@type":"ListItem","position":4,"name":"Siode\u0142ka, siedziska i taborety","item":"https:\/\/innow.pl\/produkty\/lazienka-i-wc\/siodelka-siedziska-i-taborety\/"},{"@type":"ListItem","position":5,"name":"Taborety prysznicowe","item":"https:\/\/innow.pl\/produkty\/lazienka-i-wc\/siodelka-siedziska-i-taborety\/taborety-prysznicowe\/"},{"@type":"ListItem","position":6,"name":"C220 (standard) &#8211; Taboret prysznicowy z wyci\u0119ciem (standard)"}]},{"@type":"WebSite","@id":"https:\/\/innow.pl\/#website","url":"https:\/\/innow.pl\/","name":"INNOW","description":"","potentialAction":[{"@type":"SearchAction","target":{"@type":"EntryPoint","urlTemplate":"https:\/\/innow.pl\/?s={search_term_string}"},"query-input":{"@type":"PropertyValueSpecification","valueRequired":true,"valueName":"search_term_string"}}],"inLanguage":"en-US"}]}},"_links":{"self":[{"href":"https:\/\/innow.pl\/en\/wp-json\/wp\/v2\/product\/26491","targetHints":{"allow":["GET"]}}],"collection":[{"href":"https:\/\/innow.pl\/en\/wp-json\/wp\/v2\/product"}],"about":[{"href":"https:\/\/innow.pl\/en\/wp-json\/wp\/v2\/types\/product"}],"replies":[{"embeddable":true,"href":"https:\/\/innow.pl\/en\/wp-json\/wp\/v2\/comments?post=26491"}],"wp:featuredmedia":[{"embeddable":true,"href":"https:\/\/innow.pl\/en\/wp-json\/wp\/v2\/media\/26493"}],"wp:attachment":[{"href":"https:\/\/innow.pl\/en\/wp-json\/wp\/v2\/media?parent=26491"}],"wp:term":[{"taxonomy":"product_brand","embeddable":true,"href":"https:\/\/innow.pl\/en\/wp-json\/wp\/v2\/product_brand?post=26491"},{"taxonomy":"product_cat","embeddable":true,"href":"https:\/\/innow.pl\/en\/wp-json\/wp\/v2\/product_cat?post=26491"},{"taxonomy":"product_tag","embeddable":true,"href":"https:\/\/innow.pl\/en\/wp-json\/wp\/v2\/product_tag?post=26491"}],"curies":[{"name":"wp","href":"https:\/\/api.w.org\/{rel}","templated":true}]}}