{"id":26475,"date":"2017-07-04T07:57:39","date_gmt":"2017-07-04T05:57:39","guid":{"rendered":"https:\/\/innow.pl\/produkt\/c224-taboret-prysznicowy-toaletowy-z-wycieciem-otworem-i-poreczami\/"},"modified":"2025-02-28T13:58:33","modified_gmt":"2025-02-28T12:58:33","slug":"c224-taboret-prysznicowy-toaletowy-z-wycieciem-otworem-i-poreczami","status":"publish","type":"product","link":"https:\/\/innow.pl\/en\/produkt\/c224-taboret-prysznicowy-toaletowy-z-wycieciem-otworem-i-poreczami\/","title":{"rendered":"C224 &#8211; Taboret prysznicowy (toaletowy) z wyci\u0119ciem, otworem i por\u0119czami"},"content":{"rendered":"<p>Taboret prysznicowy (toaletowy) z wyci\u0119ciem, otworem i por\u0119czami &#8211; wstawanie i siadanie z mniejszym wysi\u0142kiem. Taboret s\u0142u\u017cy usprawnieniu czynno\u015bci higienicznych osobom z utrudnionym poruszaniem si\u0119. Wyci\u0119cie oraz otw\u00f3r pozwalaj\u0105 na \u0142atwiejsz\u0105 higien\u0119 intymnych cz\u0119\u015bci cia\u0142a.<\/p>\n","protected":false},"excerpt":{"rendered":"<p>Taboret prysznicowy (toaletowy) z wyci\u0119ciem, otworem i por\u0119czami &#8211; wstawanie i siadanie z mniejszym wysi\u0142kiem. Taboret s\u0142u\u017cy usprawnieniu czynno\u015bci higienicznych osobom z utrudnionym poruszaniem si\u0119. Wyci\u0119cie oraz otw\u00f3r pozwalaj\u0105 na \u0142atwiejsz\u0105 higien\u0119 intymnych cz\u0119\u015bci cia\u0142a.<\/p>\n","protected":false},"featured_media":26477,"comment_status":"open","ping_status":"closed","template":"","meta":{"_acf_changed":false},"product_brand":[],"product_cat":[436,512,49],"product_tag":[],"class_list":{"0":"post-26475","1":"product","2":"type-product","3":"status-publish","4":"has-post-thumbnail","6":"product_cat-siodelka-siedziska-i-taborety","7":"product_cat-taborety-prysznicowe","8":"product_cat-lazienka-i-wc","9":"pa_dlugosc-51-cm","10":"pa_dlugosc-siedziska-43-cm","11":"pa_szerokosc-63-cm","12":"pa_szerokosc-siedziska-44-cm","13":"pa_wysokosc-75-cm","14":"pa_wysokosc-siedziska-50-cm","16":"first","17":"instock","18":"taxable","19":"shipping-taxable","20":"purchasable","21":"product-type-simple"},"acf":[],"yoast_head":"<!-- This site is optimized with the Yoast SEO plugin v27.4 - https:\/\/yoast.com\/product\/yoast-seo-wordpress\/ -->\n<title>C224 - Taboret prysznicowy (toaletowy) z wyci\u0119ciem, otworem i por\u0119czami - INNOW<\/title>\n<meta name=\"description\" content=\"Zwi\u0119kszaj\u0105cy bezpiecze\u0144stwo k\u0105pieli taboret prysznicowy (toaletowy) z wyci\u0119ciem, otworem i por\u0119czami - \u0142atwa higiena, du\u017cy komfort. Poznaj szczeg\u00f3\u0142y!\" \/>\n<meta name=\"robots\" content=\"index, follow, max-snippet:-1, max-image-preview:large, max-video-preview:-1\" \/>\n<link rel=\"canonical\" href=\"https:\/\/innow.pl\/produkt\/c224-taboret-prysznicowy-toaletowy-z-wycieciem-otworem-i-poreczami\/\" \/>\n<meta property=\"og:locale\" content=\"en_US\" \/>\n<meta property=\"og:type\" content=\"article\" \/>\n<meta property=\"og:title\" content=\"C224 - Taboret prysznicowy (toaletowy) z wyci\u0119ciem, otworem i por\u0119czami - INNOW\" \/>\n<meta property=\"og:description\" content=\"Zwi\u0119kszaj\u0105cy bezpiecze\u0144stwo k\u0105pieli taboret prysznicowy (toaletowy) z wyci\u0119ciem, otworem i por\u0119czami - \u0142atwa higiena, du\u017cy komfort. Poznaj szczeg\u00f3\u0142y!\" \/>\n<meta property=\"og:url\" content=\"https:\/\/innow.pl\/produkt\/c224-taboret-prysznicowy-toaletowy-z-wycieciem-otworem-i-poreczami\/\" \/>\n<meta property=\"og:site_name\" content=\"INNOW\" \/>\n<meta property=\"article:modified_time\" content=\"2025-02-28T12:58:33+00:00\" \/>\n<meta property=\"og:image\" content=\"https:\/\/innow.pl\/wp-content\/uploads\/2024\/11\/C224.jpg\" \/>\n\t<meta property=\"og:image:width\" content=\"800\" \/>\n\t<meta property=\"og:image:height\" content=\"800\" \/>\n\t<meta property=\"og:image:type\" content=\"image\/jpeg\" \/>\n<meta name=\"twitter:card\" content=\"summary_large_image\" \/>\n<meta name=\"twitter:label1\" content=\"Est. reading time\" \/>\n\t<meta name=\"twitter:data1\" content=\"1 minute\" \/>\n<script type=\"application\/ld+json\" class=\"yoast-schema-graph\">{\"@context\":\"https:\\\/\\\/schema.org\",\"@graph\":[{\"@type\":\"WebPage\",\"@id\":\"https:\\\/\\\/innow.pl\\\/produkt\\\/c224-taboret-prysznicowy-toaletowy-z-wycieciem-otworem-i-poreczami\\\/\",\"url\":\"https:\\\/\\\/innow.pl\\\/produkt\\\/c224-taboret-prysznicowy-toaletowy-z-wycieciem-otworem-i-poreczami\\\/\",\"name\":\"C224 - Taboret prysznicowy (toaletowy) z wyci\u0119ciem, otworem i por\u0119czami - INNOW\",\"isPartOf\":{\"@id\":\"https:\\\/\\\/innow.pl\\\/#website\"},\"primaryImageOfPage\":{\"@id\":\"https:\\\/\\\/innow.pl\\\/produkt\\\/c224-taboret-prysznicowy-toaletowy-z-wycieciem-otworem-i-poreczami\\\/#primaryimage\"},\"image\":{\"@id\":\"https:\\\/\\\/innow.pl\\\/produkt\\\/c224-taboret-prysznicowy-toaletowy-z-wycieciem-otworem-i-poreczami\\\/#primaryimage\"},\"thumbnailUrl\":\"https:\\\/\\\/innow.pl\\\/wp-content\\\/uploads\\\/2024\\\/11\\\/C224.jpg\",\"datePublished\":\"2017-07-04T05:57:39+00:00\",\"dateModified\":\"2025-02-28T12:58:33+00:00\",\"description\":\"Zwi\u0119kszaj\u0105cy bezpiecze\u0144stwo k\u0105pieli taboret prysznicowy (toaletowy) z wyci\u0119ciem, otworem i por\u0119czami - \u0142atwa higiena, du\u017cy komfort. Poznaj szczeg\u00f3\u0142y!\",\"breadcrumb\":{\"@id\":\"https:\\\/\\\/innow.pl\\\/produkt\\\/c224-taboret-prysznicowy-toaletowy-z-wycieciem-otworem-i-poreczami\\\/#breadcrumb\"},\"inLanguage\":\"en-US\",\"potentialAction\":[{\"@type\":\"ReadAction\",\"target\":[\"https:\\\/\\\/innow.pl\\\/produkt\\\/c224-taboret-prysznicowy-toaletowy-z-wycieciem-otworem-i-poreczami\\\/\"]}]},{\"@type\":\"ImageObject\",\"inLanguage\":\"en-US\",\"@id\":\"https:\\\/\\\/innow.pl\\\/produkt\\\/c224-taboret-prysznicowy-toaletowy-z-wycieciem-otworem-i-poreczami\\\/#primaryimage\",\"url\":\"https:\\\/\\\/innow.pl\\\/wp-content\\\/uploads\\\/2024\\\/11\\\/C224.jpg\",\"contentUrl\":\"https:\\\/\\\/innow.pl\\\/wp-content\\\/uploads\\\/2024\\\/11\\\/C224.jpg\",\"width\":800,\"height\":800,\"caption\":\"Taboret prysznicowy (toaletowy) z wyci\u0119ciem, otworem i por\u0119czami \u2013 C224 \u2013 INNOW\"},{\"@type\":\"BreadcrumbList\",\"@id\":\"https:\\\/\\\/innow.pl\\\/produkt\\\/c224-taboret-prysznicowy-toaletowy-z-wycieciem-otworem-i-poreczami\\\/#breadcrumb\",\"itemListElement\":[{\"@type\":\"ListItem\",\"position\":1,\"name\":\"INNOW\",\"item\":\"https:\\\/\\\/innow.pl\\\/en\\\/\"},{\"@type\":\"ListItem\",\"position\":2,\"name\":\"Produkty\",\"item\":\"https:\\\/\\\/innow.pl\\\/produkty\\\/\"},{\"@type\":\"ListItem\",\"position\":3,\"name\":\"\u0141azienka i WC\",\"item\":\"https:\\\/\\\/innow.pl\\\/produkty\\\/lazienka-i-wc\\\/\"},{\"@type\":\"ListItem\",\"position\":4,\"name\":\"Siode\u0142ka, siedziska i taborety\",\"item\":\"https:\\\/\\\/innow.pl\\\/produkty\\\/lazienka-i-wc\\\/siodelka-siedziska-i-taborety\\\/\"},{\"@type\":\"ListItem\",\"position\":5,\"name\":\"Taborety prysznicowe\",\"item\":\"https:\\\/\\\/innow.pl\\\/produkty\\\/lazienka-i-wc\\\/siodelka-siedziska-i-taborety\\\/taborety-prysznicowe\\\/\"},{\"@type\":\"ListItem\",\"position\":6,\"name\":\"C224 &#8211; Taboret prysznicowy (toaletowy) z wyci\u0119ciem, otworem i por\u0119czami\"}]},{\"@type\":\"WebSite\",\"@id\":\"https:\\\/\\\/innow.pl\\\/#website\",\"url\":\"https:\\\/\\\/innow.pl\\\/\",\"name\":\"INNOW\",\"description\":\"\",\"potentialAction\":[{\"@type\":\"SearchAction\",\"target\":{\"@type\":\"EntryPoint\",\"urlTemplate\":\"https:\\\/\\\/innow.pl\\\/?s={search_term_string}\"},\"query-input\":{\"@type\":\"PropertyValueSpecification\",\"valueRequired\":true,\"valueName\":\"search_term_string\"}}],\"inLanguage\":\"en-US\"}]}<\/script>\n<!-- \/ Yoast SEO plugin. -->","yoast_head_json":{"title":"C224 - Taboret prysznicowy (toaletowy) z wyci\u0119ciem, otworem i por\u0119czami - INNOW","description":"Zwi\u0119kszaj\u0105cy bezpiecze\u0144stwo k\u0105pieli taboret prysznicowy (toaletowy) z wyci\u0119ciem, otworem i por\u0119czami - \u0142atwa higiena, du\u017cy komfort. Poznaj szczeg\u00f3\u0142y!","robots":{"index":"index","follow":"follow","max-snippet":"max-snippet:-1","max-image-preview":"max-image-preview:large","max-video-preview":"max-video-preview:-1"},"canonical":"https:\/\/innow.pl\/produkt\/c224-taboret-prysznicowy-toaletowy-z-wycieciem-otworem-i-poreczami\/","og_locale":"en_US","og_type":"article","og_title":"C224 - Taboret prysznicowy (toaletowy) z wyci\u0119ciem, otworem i por\u0119czami - INNOW","og_description":"Zwi\u0119kszaj\u0105cy bezpiecze\u0144stwo k\u0105pieli taboret prysznicowy (toaletowy) z wyci\u0119ciem, otworem i por\u0119czami - \u0142atwa higiena, du\u017cy komfort. Poznaj szczeg\u00f3\u0142y!","og_url":"https:\/\/innow.pl\/produkt\/c224-taboret-prysznicowy-toaletowy-z-wycieciem-otworem-i-poreczami\/","og_site_name":"INNOW","article_modified_time":"2025-02-28T12:58:33+00:00","og_image":[{"width":800,"height":800,"url":"https:\/\/innow.pl\/wp-content\/uploads\/2024\/11\/C224.jpg","type":"image\/jpeg"}],"twitter_card":"summary_large_image","twitter_misc":{"Est. reading time":"1 minute"},"schema":{"@context":"https:\/\/schema.org","@graph":[{"@type":"WebPage","@id":"https:\/\/innow.pl\/produkt\/c224-taboret-prysznicowy-toaletowy-z-wycieciem-otworem-i-poreczami\/","url":"https:\/\/innow.pl\/produkt\/c224-taboret-prysznicowy-toaletowy-z-wycieciem-otworem-i-poreczami\/","name":"C224 - Taboret prysznicowy (toaletowy) z wyci\u0119ciem, otworem i por\u0119czami - INNOW","isPartOf":{"@id":"https:\/\/innow.pl\/#website"},"primaryImageOfPage":{"@id":"https:\/\/innow.pl\/produkt\/c224-taboret-prysznicowy-toaletowy-z-wycieciem-otworem-i-poreczami\/#primaryimage"},"image":{"@id":"https:\/\/innow.pl\/produkt\/c224-taboret-prysznicowy-toaletowy-z-wycieciem-otworem-i-poreczami\/#primaryimage"},"thumbnailUrl":"https:\/\/innow.pl\/wp-content\/uploads\/2024\/11\/C224.jpg","datePublished":"2017-07-04T05:57:39+00:00","dateModified":"2025-02-28T12:58:33+00:00","description":"Zwi\u0119kszaj\u0105cy bezpiecze\u0144stwo k\u0105pieli taboret prysznicowy (toaletowy) z wyci\u0119ciem, otworem i por\u0119czami - \u0142atwa higiena, du\u017cy komfort. Poznaj szczeg\u00f3\u0142y!","breadcrumb":{"@id":"https:\/\/innow.pl\/produkt\/c224-taboret-prysznicowy-toaletowy-z-wycieciem-otworem-i-poreczami\/#breadcrumb"},"inLanguage":"en-US","potentialAction":[{"@type":"ReadAction","target":["https:\/\/innow.pl\/produkt\/c224-taboret-prysznicowy-toaletowy-z-wycieciem-otworem-i-poreczami\/"]}]},{"@type":"ImageObject","inLanguage":"en-US","@id":"https:\/\/innow.pl\/produkt\/c224-taboret-prysznicowy-toaletowy-z-wycieciem-otworem-i-poreczami\/#primaryimage","url":"https:\/\/innow.pl\/wp-content\/uploads\/2024\/11\/C224.jpg","contentUrl":"https:\/\/innow.pl\/wp-content\/uploads\/2024\/11\/C224.jpg","width":800,"height":800,"caption":"Taboret prysznicowy (toaletowy) z wyci\u0119ciem, otworem i por\u0119czami \u2013 C224 \u2013 INNOW"},{"@type":"BreadcrumbList","@id":"https:\/\/innow.pl\/produkt\/c224-taboret-prysznicowy-toaletowy-z-wycieciem-otworem-i-poreczami\/#breadcrumb","itemListElement":[{"@type":"ListItem","position":1,"name":"INNOW","item":"https:\/\/innow.pl\/en\/"},{"@type":"ListItem","position":2,"name":"Produkty","item":"https:\/\/innow.pl\/produkty\/"},{"@type":"ListItem","position":3,"name":"\u0141azienka i WC","item":"https:\/\/innow.pl\/produkty\/lazienka-i-wc\/"},{"@type":"ListItem","position":4,"name":"Siode\u0142ka, siedziska i taborety","item":"https:\/\/innow.pl\/produkty\/lazienka-i-wc\/siodelka-siedziska-i-taborety\/"},{"@type":"ListItem","position":5,"name":"Taborety prysznicowe","item":"https:\/\/innow.pl\/produkty\/lazienka-i-wc\/siodelka-siedziska-i-taborety\/taborety-prysznicowe\/"},{"@type":"ListItem","position":6,"name":"C224 &#8211; Taboret prysznicowy (toaletowy) z wyci\u0119ciem, otworem i por\u0119czami"}]},{"@type":"WebSite","@id":"https:\/\/innow.pl\/#website","url":"https:\/\/innow.pl\/","name":"INNOW","description":"","potentialAction":[{"@type":"SearchAction","target":{"@type":"EntryPoint","urlTemplate":"https:\/\/innow.pl\/?s={search_term_string}"},"query-input":{"@type":"PropertyValueSpecification","valueRequired":true,"valueName":"search_term_string"}}],"inLanguage":"en-US"}]}},"_links":{"self":[{"href":"https:\/\/innow.pl\/en\/wp-json\/wp\/v2\/product\/26475","targetHints":{"allow":["GET"]}}],"collection":[{"href":"https:\/\/innow.pl\/en\/wp-json\/wp\/v2\/product"}],"about":[{"href":"https:\/\/innow.pl\/en\/wp-json\/wp\/v2\/types\/product"}],"replies":[{"embeddable":true,"href":"https:\/\/innow.pl\/en\/wp-json\/wp\/v2\/comments?post=26475"}],"wp:featuredmedia":[{"embeddable":true,"href":"https:\/\/innow.pl\/en\/wp-json\/wp\/v2\/media\/26477"}],"wp:attachment":[{"href":"https:\/\/innow.pl\/en\/wp-json\/wp\/v2\/media?parent=26475"}],"wp:term":[{"taxonomy":"product_brand","embeddable":true,"href":"https:\/\/innow.pl\/en\/wp-json\/wp\/v2\/product_brand?post=26475"},{"taxonomy":"product_cat","embeddable":true,"href":"https:\/\/innow.pl\/en\/wp-json\/wp\/v2\/product_cat?post=26475"},{"taxonomy":"product_tag","embeddable":true,"href":"https:\/\/innow.pl\/en\/wp-json\/wp\/v2\/product_tag?post=26475"}],"curies":[{"name":"wp","href":"https:\/\/api.w.org\/{rel}","templated":true}]}}