{"id":26135,"date":"2017-07-03T07:29:24","date_gmt":"2017-07-03T05:29:24","guid":{"rendered":"https:\/\/innow.pl\/produkt\/g108s-podpora-uchylna-60-cm-na-statywie-mocowana-do-podlogi\/"},"modified":"2026-02-12T11:10:14","modified_gmt":"2026-02-12T10:10:14","slug":"g108s-podpora-uchylna-60-cm-na-statywie-mocowana-do-podlogi","status":"publish","type":"product","link":"https:\/\/innow.pl\/en\/produkt\/g108s-podpora-uchylna-60-cm-na-statywie-mocowana-do-podlogi\/","title":{"rendered":"G108S &#8211; Podpora uchylna 60 cm na statywie, mocowana do pod\u0142ogi"},"content":{"rendered":"<p>Podpora uchylna (uchwyt \u0142azienkowy dla niepe\u0142nosprawnych, por\u0119cz dla seniora) przeznaczona do stosowania przez osoby poruszaj\u0105ce si\u0119 na w\u00f3zkach inwalidzkich umo\u017cliwiaj\u0105ca podjazd obok umywalki lub toalety.\u00a0Po odchyleniu do \u015bciany podpora pozostaje w g\u00f3rnym po\u0142o\u017ceniu. Materia\u0142, z kt\u00f3rego jest wykonana to stal, a bia\u0142y kolor nak\u0142adany jest proszkowo. Podpora znajduje si\u0119 na statywie i mocowana jest do pod\u0142ogi. Podpora powinna by\u0107 nieruchoma w miejscu mocowania. Zach\u0119camy do lektury poradnika:\u00a0 <strong><a href=\"http:\/\/innow.pl\/blog\/wyposazenie-i-projektowanie-lazienek-dla-osob-niepelnosprawnych\/\">&#8220;Wyposa\u017cenie i projektowanie \u0142azienek dla os\u00f3b niepe\u0142nosprawnych&#8221;<\/a><\/strong> \u00a0 \u00a0 \u00a0<\/p>\n","protected":false},"excerpt":{"rendered":"<p>Podpora uchylna (uchwyt \u0142azienkowy dla niepe\u0142nosprawnych, por\u0119cz dla seniora) przeznaczona do stosowania przez osoby poruszaj\u0105ce si\u0119 na w\u00f3zkach inwalidzkich umo\u017cliwiaj\u0105ca podjazd obok umywalki lub toalety.\u00a0Po odchyleniu do \u015bciany podpora pozostaje w g\u00f3rnym po\u0142o\u017ceniu. Materia\u0142, z kt\u00f3rego jest wykonana to stal, a bia\u0142y kolor nak\u0142adany jest proszkowo. Podpora znajduje si\u0119 na statywie i mocowana jest do [&hellip;]<\/p>\n","protected":false},"featured_media":26137,"comment_status":"open","ping_status":"closed","template":"","meta":{"_acf_changed":false},"product_brand":[],"product_cat":[444,445,471,429,49],"product_tag":[],"class_list":{"0":"post-26135","1":"product","2":"type-product","3":"status-publish","4":"has-post-thumbnail","6":"product_cat-komfortka-wyposazenie","7":"product_cat-komfortka-stacjonarna","8":"product_cat-podpory-standardowe-32","9":"product_cat-podpory-i-uchwyty-dla-niepelnosprawnych","10":"product_cat-lazienka-i-wc","11":"pa_dlugosc-60-cm","12":"pa_srednica-1162","14":"first","15":"instock","16":"taxable","17":"shipping-taxable","18":"purchasable","19":"product-type-simple"},"acf":[],"yoast_head":"<!-- This site is optimized with the Yoast SEO plugin v27.4 - https:\/\/yoast.com\/product\/yoast-seo-wordpress\/ -->\n<title>G108S - Podpora uchylna 60 cm na statywie, mocowana do pod\u0142ogi - INNOW<\/title>\n<meta name=\"description\" content=\"Mocowana do pod\u0142ogi, podpora uchylna 60 cm na statywie. \u0141atwy podjazd w\u00f3zka inwalidzkiego. Pomoc dla os\u00f3b chorych, niepe\u0142nosprawnych, starszych. Zobacz!\" \/>\n<meta name=\"robots\" content=\"index, follow, max-snippet:-1, max-image-preview:large, max-video-preview:-1\" \/>\n<link rel=\"canonical\" href=\"https:\/\/innow.pl\/produkt\/g108s-podpora-uchylna-60-cm-na-statywie-mocowana-do-podlogi\/\" \/>\n<meta property=\"og:locale\" content=\"en_US\" \/>\n<meta property=\"og:type\" content=\"article\" \/>\n<meta property=\"og:title\" content=\"G108S - Podpora uchylna 60 cm na statywie, mocowana do pod\u0142ogi - INNOW\" \/>\n<meta property=\"og:description\" content=\"Mocowana do pod\u0142ogi, podpora uchylna 60 cm na statywie. \u0141atwy podjazd w\u00f3zka inwalidzkiego. Pomoc dla os\u00f3b chorych, niepe\u0142nosprawnych, starszych. Zobacz!\" \/>\n<meta property=\"og:url\" content=\"https:\/\/innow.pl\/produkt\/g108s-podpora-uchylna-60-cm-na-statywie-mocowana-do-podlogi\/\" \/>\n<meta property=\"og:site_name\" content=\"INNOW\" \/>\n<meta property=\"article:modified_time\" content=\"2026-02-12T10:10:14+00:00\" \/>\n<meta property=\"og:image\" content=\"https:\/\/innow.pl\/wp-content\/uploads\/2024\/11\/G108S.jpg\" \/>\n\t<meta property=\"og:image:width\" content=\"800\" \/>\n\t<meta property=\"og:image:height\" content=\"800\" \/>\n\t<meta property=\"og:image:type\" content=\"image\/jpeg\" \/>\n<meta name=\"twitter:card\" content=\"summary_large_image\" \/>\n<meta name=\"twitter:label1\" content=\"Est. reading time\" \/>\n\t<meta name=\"twitter:data1\" content=\"1 minute\" \/>\n<script type=\"application\/ld+json\" class=\"yoast-schema-graph\">{\"@context\":\"https:\\\/\\\/schema.org\",\"@graph\":[{\"@type\":\"WebPage\",\"@id\":\"https:\\\/\\\/innow.pl\\\/produkt\\\/g108s-podpora-uchylna-60-cm-na-statywie-mocowana-do-podlogi\\\/\",\"url\":\"https:\\\/\\\/innow.pl\\\/produkt\\\/g108s-podpora-uchylna-60-cm-na-statywie-mocowana-do-podlogi\\\/\",\"name\":\"G108S - Podpora uchylna 60 cm na statywie, mocowana do pod\u0142ogi - INNOW\",\"isPartOf\":{\"@id\":\"https:\\\/\\\/innow.pl\\\/#website\"},\"primaryImageOfPage\":{\"@id\":\"https:\\\/\\\/innow.pl\\\/produkt\\\/g108s-podpora-uchylna-60-cm-na-statywie-mocowana-do-podlogi\\\/#primaryimage\"},\"image\":{\"@id\":\"https:\\\/\\\/innow.pl\\\/produkt\\\/g108s-podpora-uchylna-60-cm-na-statywie-mocowana-do-podlogi\\\/#primaryimage\"},\"thumbnailUrl\":\"https:\\\/\\\/innow.pl\\\/wp-content\\\/uploads\\\/2024\\\/11\\\/G108S.jpg\",\"datePublished\":\"2017-07-03T05:29:24+00:00\",\"dateModified\":\"2026-02-12T10:10:14+00:00\",\"description\":\"Mocowana do pod\u0142ogi, podpora uchylna 60 cm na statywie. \u0141atwy podjazd w\u00f3zka inwalidzkiego. Pomoc dla os\u00f3b chorych, niepe\u0142nosprawnych, starszych. Zobacz!\",\"breadcrumb\":{\"@id\":\"https:\\\/\\\/innow.pl\\\/produkt\\\/g108s-podpora-uchylna-60-cm-na-statywie-mocowana-do-podlogi\\\/#breadcrumb\"},\"inLanguage\":\"en-US\",\"potentialAction\":[{\"@type\":\"ReadAction\",\"target\":[\"https:\\\/\\\/innow.pl\\\/produkt\\\/g108s-podpora-uchylna-60-cm-na-statywie-mocowana-do-podlogi\\\/\"]}]},{\"@type\":\"ImageObject\",\"inLanguage\":\"en-US\",\"@id\":\"https:\\\/\\\/innow.pl\\\/produkt\\\/g108s-podpora-uchylna-60-cm-na-statywie-mocowana-do-podlogi\\\/#primaryimage\",\"url\":\"https:\\\/\\\/innow.pl\\\/wp-content\\\/uploads\\\/2024\\\/11\\\/G108S.jpg\",\"contentUrl\":\"https:\\\/\\\/innow.pl\\\/wp-content\\\/uploads\\\/2024\\\/11\\\/G108S.jpg\",\"width\":800,\"height\":800,\"caption\":\"Podpora uchylna 60 cm na statywie, mocowana do pod\u0142ogi - G108S - INNOW\"},{\"@type\":\"BreadcrumbList\",\"@id\":\"https:\\\/\\\/innow.pl\\\/produkt\\\/g108s-podpora-uchylna-60-cm-na-statywie-mocowana-do-podlogi\\\/#breadcrumb\",\"itemListElement\":[{\"@type\":\"ListItem\",\"position\":1,\"name\":\"INNOW\",\"item\":\"https:\\\/\\\/innow.pl\\\/en\\\/\"},{\"@type\":\"ListItem\",\"position\":2,\"name\":\"Produkty\",\"item\":\"https:\\\/\\\/innow.pl\\\/produkty\\\/\"},{\"@type\":\"ListItem\",\"position\":3,\"name\":\"\u0141azienka i WC\",\"item\":\"https:\\\/\\\/innow.pl\\\/produkty\\\/lazienka-i-wc\\\/\"},{\"@type\":\"ListItem\",\"position\":4,\"name\":\"Podpory, uchwyty i por\u0119cze dla niepe\u0142nosprawnych\",\"item\":\"https:\\\/\\\/innow.pl\\\/produkty\\\/lazienka-i-wc\\\/podpory-i-uchwyty-dla-niepelnosprawnych\\\/\"},{\"@type\":\"ListItem\",\"position\":5,\"name\":\"Podpory standardowe \u230032\",\"item\":\"https:\\\/\\\/innow.pl\\\/produkty\\\/lazienka-i-wc\\\/podpory-i-uchwyty-dla-niepelnosprawnych\\\/podpory-standardowe-32\\\/\"},{\"@type\":\"ListItem\",\"position\":6,\"name\":\"G108S &#8211; Podpora uchylna 60 cm na statywie, mocowana do pod\u0142ogi\"}]},{\"@type\":\"WebSite\",\"@id\":\"https:\\\/\\\/innow.pl\\\/#website\",\"url\":\"https:\\\/\\\/innow.pl\\\/\",\"name\":\"INNOW\",\"description\":\"\",\"potentialAction\":[{\"@type\":\"SearchAction\",\"target\":{\"@type\":\"EntryPoint\",\"urlTemplate\":\"https:\\\/\\\/innow.pl\\\/?s={search_term_string}\"},\"query-input\":{\"@type\":\"PropertyValueSpecification\",\"valueRequired\":true,\"valueName\":\"search_term_string\"}}],\"inLanguage\":\"en-US\"}]}<\/script>\n<!-- \/ Yoast SEO plugin. -->","yoast_head_json":{"title":"G108S - Podpora uchylna 60 cm na statywie, mocowana do pod\u0142ogi - INNOW","description":"Mocowana do pod\u0142ogi, podpora uchylna 60 cm na statywie. \u0141atwy podjazd w\u00f3zka inwalidzkiego. Pomoc dla os\u00f3b chorych, niepe\u0142nosprawnych, starszych. Zobacz!","robots":{"index":"index","follow":"follow","max-snippet":"max-snippet:-1","max-image-preview":"max-image-preview:large","max-video-preview":"max-video-preview:-1"},"canonical":"https:\/\/innow.pl\/produkt\/g108s-podpora-uchylna-60-cm-na-statywie-mocowana-do-podlogi\/","og_locale":"en_US","og_type":"article","og_title":"G108S - Podpora uchylna 60 cm na statywie, mocowana do pod\u0142ogi - INNOW","og_description":"Mocowana do pod\u0142ogi, podpora uchylna 60 cm na statywie. \u0141atwy podjazd w\u00f3zka inwalidzkiego. Pomoc dla os\u00f3b chorych, niepe\u0142nosprawnych, starszych. Zobacz!","og_url":"https:\/\/innow.pl\/produkt\/g108s-podpora-uchylna-60-cm-na-statywie-mocowana-do-podlogi\/","og_site_name":"INNOW","article_modified_time":"2026-02-12T10:10:14+00:00","og_image":[{"width":800,"height":800,"url":"https:\/\/innow.pl\/wp-content\/uploads\/2024\/11\/G108S.jpg","type":"image\/jpeg"}],"twitter_card":"summary_large_image","twitter_misc":{"Est. reading time":"1 minute"},"schema":{"@context":"https:\/\/schema.org","@graph":[{"@type":"WebPage","@id":"https:\/\/innow.pl\/produkt\/g108s-podpora-uchylna-60-cm-na-statywie-mocowana-do-podlogi\/","url":"https:\/\/innow.pl\/produkt\/g108s-podpora-uchylna-60-cm-na-statywie-mocowana-do-podlogi\/","name":"G108S - Podpora uchylna 60 cm na statywie, mocowana do pod\u0142ogi - INNOW","isPartOf":{"@id":"https:\/\/innow.pl\/#website"},"primaryImageOfPage":{"@id":"https:\/\/innow.pl\/produkt\/g108s-podpora-uchylna-60-cm-na-statywie-mocowana-do-podlogi\/#primaryimage"},"image":{"@id":"https:\/\/innow.pl\/produkt\/g108s-podpora-uchylna-60-cm-na-statywie-mocowana-do-podlogi\/#primaryimage"},"thumbnailUrl":"https:\/\/innow.pl\/wp-content\/uploads\/2024\/11\/G108S.jpg","datePublished":"2017-07-03T05:29:24+00:00","dateModified":"2026-02-12T10:10:14+00:00","description":"Mocowana do pod\u0142ogi, podpora uchylna 60 cm na statywie. \u0141atwy podjazd w\u00f3zka inwalidzkiego. Pomoc dla os\u00f3b chorych, niepe\u0142nosprawnych, starszych. Zobacz!","breadcrumb":{"@id":"https:\/\/innow.pl\/produkt\/g108s-podpora-uchylna-60-cm-na-statywie-mocowana-do-podlogi\/#breadcrumb"},"inLanguage":"en-US","potentialAction":[{"@type":"ReadAction","target":["https:\/\/innow.pl\/produkt\/g108s-podpora-uchylna-60-cm-na-statywie-mocowana-do-podlogi\/"]}]},{"@type":"ImageObject","inLanguage":"en-US","@id":"https:\/\/innow.pl\/produkt\/g108s-podpora-uchylna-60-cm-na-statywie-mocowana-do-podlogi\/#primaryimage","url":"https:\/\/innow.pl\/wp-content\/uploads\/2024\/11\/G108S.jpg","contentUrl":"https:\/\/innow.pl\/wp-content\/uploads\/2024\/11\/G108S.jpg","width":800,"height":800,"caption":"Podpora uchylna 60 cm na statywie, mocowana do pod\u0142ogi - G108S - INNOW"},{"@type":"BreadcrumbList","@id":"https:\/\/innow.pl\/produkt\/g108s-podpora-uchylna-60-cm-na-statywie-mocowana-do-podlogi\/#breadcrumb","itemListElement":[{"@type":"ListItem","position":1,"name":"INNOW","item":"https:\/\/innow.pl\/en\/"},{"@type":"ListItem","position":2,"name":"Produkty","item":"https:\/\/innow.pl\/produkty\/"},{"@type":"ListItem","position":3,"name":"\u0141azienka i WC","item":"https:\/\/innow.pl\/produkty\/lazienka-i-wc\/"},{"@type":"ListItem","position":4,"name":"Podpory, uchwyty i por\u0119cze dla niepe\u0142nosprawnych","item":"https:\/\/innow.pl\/produkty\/lazienka-i-wc\/podpory-i-uchwyty-dla-niepelnosprawnych\/"},{"@type":"ListItem","position":5,"name":"Podpory standardowe \u230032","item":"https:\/\/innow.pl\/produkty\/lazienka-i-wc\/podpory-i-uchwyty-dla-niepelnosprawnych\/podpory-standardowe-32\/"},{"@type":"ListItem","position":6,"name":"G108S &#8211; Podpora uchylna 60 cm na statywie, mocowana do pod\u0142ogi"}]},{"@type":"WebSite","@id":"https:\/\/innow.pl\/#website","url":"https:\/\/innow.pl\/","name":"INNOW","description":"","potentialAction":[{"@type":"SearchAction","target":{"@type":"EntryPoint","urlTemplate":"https:\/\/innow.pl\/?s={search_term_string}"},"query-input":{"@type":"PropertyValueSpecification","valueRequired":true,"valueName":"search_term_string"}}],"inLanguage":"en-US"}]}},"_links":{"self":[{"href":"https:\/\/innow.pl\/en\/wp-json\/wp\/v2\/product\/26135","targetHints":{"allow":["GET"]}}],"collection":[{"href":"https:\/\/innow.pl\/en\/wp-json\/wp\/v2\/product"}],"about":[{"href":"https:\/\/innow.pl\/en\/wp-json\/wp\/v2\/types\/product"}],"replies":[{"embeddable":true,"href":"https:\/\/innow.pl\/en\/wp-json\/wp\/v2\/comments?post=26135"}],"wp:featuredmedia":[{"embeddable":true,"href":"https:\/\/innow.pl\/en\/wp-json\/wp\/v2\/media\/26137"}],"wp:attachment":[{"href":"https:\/\/innow.pl\/en\/wp-json\/wp\/v2\/media?parent=26135"}],"wp:term":[{"taxonomy":"product_brand","embeddable":true,"href":"https:\/\/innow.pl\/en\/wp-json\/wp\/v2\/product_brand?post=26135"},{"taxonomy":"product_cat","embeddable":true,"href":"https:\/\/innow.pl\/en\/wp-json\/wp\/v2\/product_cat?post=26135"},{"taxonomy":"product_tag","embeddable":true,"href":"https:\/\/innow.pl\/en\/wp-json\/wp\/v2\/product_tag?post=26135"}],"curies":[{"name":"wp","href":"https:\/\/api.w.org\/{rel}","templated":true}]}}