{"id":25963,"date":"2017-06-30T07:34:45","date_gmt":"2017-06-30T05:34:45","guid":{"rendered":"https:\/\/innow.pl\/produkt\/gkn104-podpora-prysznicowa-katowa-z-krytym-mocowaniem-50x70-cm-inox\/"},"modified":"2025-10-15T07:56:58","modified_gmt":"2025-10-15T05:56:58","slug":"gkn104-podpora-prysznicowa-katowa-z-krytym-mocowaniem-50x70-cm-inox","status":"publish","type":"product","link":"https:\/\/innow.pl\/en\/produkt\/gkn104-podpora-prysznicowa-katowa-z-krytym-mocowaniem-50x70-cm-inox\/","title":{"rendered":"GKN104 &#8211; Podpora prysznicowa k\u0105towa z krytym mocowaniem 50&#215;70 cm INOX"},"content":{"rendered":"<p>Podpora prysznicowa (uchwyt \u0142azienkowy, por\u0119cz \u0142azienkowa) z krytym mocowaniem usprawniaj\u0105ca osobie starszej, chorej lub niepe\u0142nosprawnej k\u0105piel pod prysznicem zmniejszaj\u0105c ryzyko po\u015blizgni\u0119cia si\u0119 oraz wspomagaj\u0105c utrzymanie pozycji. Materia\u0142: rura ze stali nierdzewnej. Mo\u017cliwe jest zam\u00f3wienie prawej lub lewej podpory mocowanej do \u015bciany. W miejscu mocowania podpora by\u0107 nieruchoma. Zach\u0119camy do zapoznania si\u0119 z artyku\u0142em dotycz\u0105cym \u0142azienki dla osoby niepe\u0142nosprawnej:\u00a0 <strong><a href=\"http:\/\/innow.pl\/blog\/wyposazenie-i-projektowanie-lazienek-dla-osob-niepelnosprawnych\/\">&#8220;Wyposa\u017cenie i projektowanie \u0142azienek dla os\u00f3b niepe\u0142nosprawnych&#8221;<\/a><\/strong><\/p>\n","protected":false},"excerpt":{"rendered":"<p>Podpora prysznicowa (uchwyt \u0142azienkowy, por\u0119cz \u0142azienkowa) z krytym mocowaniem usprawniaj\u0105ca osobie starszej, chorej lub niepe\u0142nosprawnej k\u0105piel pod prysznicem zmniejszaj\u0105c ryzyko po\u015blizgni\u0119cia si\u0119 oraz wspomagaj\u0105c utrzymanie pozycji. Materia\u0142: rura ze stali nierdzewnej. Mo\u017cliwe jest zam\u00f3wienie prawej lub lewej podpory mocowanej do \u015bciany. W miejscu mocowania podpora by\u0107 nieruchoma. Zach\u0119camy do zapoznania si\u0119 z artyku\u0142em dotycz\u0105cym \u0142azienki [&hellip;]<\/p>\n","protected":false},"featured_media":25965,"comment_status":"open","ping_status":"closed","template":"","meta":{"_acf_changed":false},"product_brand":[],"product_cat":[474,429,49],"product_tag":[],"class_list":{"0":"post-25963","1":"product","2":"type-product","3":"status-publish","4":"has-post-thumbnail","6":"product_cat-ze-stali-nierdzewnej-32","7":"product_cat-podpory-i-uchwyty-dla-niepelnosprawnych","8":"product_cat-lazienka-i-wc","9":"pa_dlugosc-70-cm","10":"pa_srednica-1162","11":"pa_szerokosc-50-cm","12":"pa_wersja-lewa","13":"pa_wersja-prawa","15":"first","16":"instock","17":"taxable","18":"shipping-taxable","19":"purchasable","20":"product-type-variable"},"acf":[],"yoast_head":"<!-- This site is optimized with the Yoast SEO plugin v27.4 - https:\/\/yoast.com\/product\/yoast-seo-wordpress\/ -->\n<title>GKN104 - Podpora prysznicowa k\u0105towa z krytym mocowaniem 50x70 cm INOX - INNOW<\/title>\n<meta name=\"description\" content=\"Wytrzyma\u0142a podpora prysznicowa k\u0105towa wykonana ze stali nierdzewnej. Estetyczne kryte mocowanie. Bezpieczna k\u0105piel. Wsparcie os\u00f3b chorych i starszych!\" \/>\n<meta name=\"robots\" content=\"index, follow, max-snippet:-1, max-image-preview:large, max-video-preview:-1\" \/>\n<link rel=\"canonical\" href=\"https:\/\/innow.pl\/produkt\/gkn104-podpora-prysznicowa-katowa-z-krytym-mocowaniem-50x70-cm-inox\/\" \/>\n<meta property=\"og:locale\" content=\"en_US\" \/>\n<meta property=\"og:type\" content=\"article\" \/>\n<meta property=\"og:title\" content=\"GKN104 - Podpora prysznicowa k\u0105towa z krytym mocowaniem 50x70 cm INOX - INNOW\" \/>\n<meta property=\"og:description\" content=\"Wytrzyma\u0142a podpora prysznicowa k\u0105towa wykonana ze stali nierdzewnej. Estetyczne kryte mocowanie. Bezpieczna k\u0105piel. Wsparcie os\u00f3b chorych i starszych!\" \/>\n<meta property=\"og:url\" content=\"https:\/\/innow.pl\/produkt\/gkn104-podpora-prysznicowa-katowa-z-krytym-mocowaniem-50x70-cm-inox\/\" \/>\n<meta property=\"og:site_name\" content=\"INNOW\" \/>\n<meta property=\"article:modified_time\" content=\"2025-10-15T05:56:58+00:00\" \/>\n<meta property=\"og:image\" content=\"https:\/\/innow.pl\/wp-content\/uploads\/2024\/11\/GKN104.jpg\" \/>\n\t<meta property=\"og:image:width\" content=\"800\" \/>\n\t<meta property=\"og:image:height\" content=\"800\" \/>\n\t<meta property=\"og:image:type\" content=\"image\/jpeg\" \/>\n<meta name=\"twitter:card\" content=\"summary_large_image\" \/>\n<meta name=\"twitter:label1\" content=\"Est. reading time\" \/>\n\t<meta name=\"twitter:data1\" content=\"1 minute\" \/>\n<script type=\"application\/ld+json\" class=\"yoast-schema-graph\">{\"@context\":\"https:\\\/\\\/schema.org\",\"@graph\":[{\"@type\":\"WebPage\",\"@id\":\"https:\\\/\\\/innow.pl\\\/produkt\\\/gkn104-podpora-prysznicowa-katowa-z-krytym-mocowaniem-50x70-cm-inox\\\/\",\"url\":\"https:\\\/\\\/innow.pl\\\/produkt\\\/gkn104-podpora-prysznicowa-katowa-z-krytym-mocowaniem-50x70-cm-inox\\\/\",\"name\":\"GKN104 - Podpora prysznicowa k\u0105towa z krytym mocowaniem 50x70 cm INOX - INNOW\",\"isPartOf\":{\"@id\":\"https:\\\/\\\/innow.pl\\\/#website\"},\"primaryImageOfPage\":{\"@id\":\"https:\\\/\\\/innow.pl\\\/produkt\\\/gkn104-podpora-prysznicowa-katowa-z-krytym-mocowaniem-50x70-cm-inox\\\/#primaryimage\"},\"image\":{\"@id\":\"https:\\\/\\\/innow.pl\\\/produkt\\\/gkn104-podpora-prysznicowa-katowa-z-krytym-mocowaniem-50x70-cm-inox\\\/#primaryimage\"},\"thumbnailUrl\":\"https:\\\/\\\/innow.pl\\\/wp-content\\\/uploads\\\/2024\\\/11\\\/GKN104.jpg\",\"datePublished\":\"2017-06-30T05:34:45+00:00\",\"dateModified\":\"2025-10-15T05:56:58+00:00\",\"description\":\"Wytrzyma\u0142a podpora prysznicowa k\u0105towa wykonana ze stali nierdzewnej. Estetyczne kryte mocowanie. Bezpieczna k\u0105piel. Wsparcie os\u00f3b chorych i starszych!\",\"breadcrumb\":{\"@id\":\"https:\\\/\\\/innow.pl\\\/produkt\\\/gkn104-podpora-prysznicowa-katowa-z-krytym-mocowaniem-50x70-cm-inox\\\/#breadcrumb\"},\"inLanguage\":\"en-US\",\"potentialAction\":[{\"@type\":\"ReadAction\",\"target\":[\"https:\\\/\\\/innow.pl\\\/produkt\\\/gkn104-podpora-prysznicowa-katowa-z-krytym-mocowaniem-50x70-cm-inox\\\/\"]}]},{\"@type\":\"ImageObject\",\"inLanguage\":\"en-US\",\"@id\":\"https:\\\/\\\/innow.pl\\\/produkt\\\/gkn104-podpora-prysznicowa-katowa-z-krytym-mocowaniem-50x70-cm-inox\\\/#primaryimage\",\"url\":\"https:\\\/\\\/innow.pl\\\/wp-content\\\/uploads\\\/2024\\\/11\\\/GKN104.jpg\",\"contentUrl\":\"https:\\\/\\\/innow.pl\\\/wp-content\\\/uploads\\\/2024\\\/11\\\/GKN104.jpg\",\"width\":800,\"height\":800,\"caption\":\"Podpora prysznicowa k\u0105towa z krytym mocowaniem 50x70 cm INOX \u2013 GKN104 \u2013 INNOW\"},{\"@type\":\"BreadcrumbList\",\"@id\":\"https:\\\/\\\/innow.pl\\\/produkt\\\/gkn104-podpora-prysznicowa-katowa-z-krytym-mocowaniem-50x70-cm-inox\\\/#breadcrumb\",\"itemListElement\":[{\"@type\":\"ListItem\",\"position\":1,\"name\":\"INNOW\",\"item\":\"https:\\\/\\\/innow.pl\\\/en\\\/\"},{\"@type\":\"ListItem\",\"position\":2,\"name\":\"Produkty\",\"item\":\"https:\\\/\\\/innow.pl\\\/produkty\\\/\"},{\"@type\":\"ListItem\",\"position\":3,\"name\":\"\u0141azienka i WC\",\"item\":\"https:\\\/\\\/innow.pl\\\/produkty\\\/lazienka-i-wc\\\/\"},{\"@type\":\"ListItem\",\"position\":4,\"name\":\"Podpory, uchwyty i por\u0119cze dla niepe\u0142nosprawnych\",\"item\":\"https:\\\/\\\/innow.pl\\\/produkty\\\/lazienka-i-wc\\\/podpory-i-uchwyty-dla-niepelnosprawnych\\\/\"},{\"@type\":\"ListItem\",\"position\":5,\"name\":\"Podpory ze stali nierdzewnej \u230032\",\"item\":\"https:\\\/\\\/innow.pl\\\/produkty\\\/lazienka-i-wc\\\/podpory-i-uchwyty-dla-niepelnosprawnych\\\/ze-stali-nierdzewnej-32\\\/\"},{\"@type\":\"ListItem\",\"position\":6,\"name\":\"GKN104 &#8211; Podpora prysznicowa k\u0105towa z krytym mocowaniem 50&#215;70 cm INOX\"}]},{\"@type\":\"WebSite\",\"@id\":\"https:\\\/\\\/innow.pl\\\/#website\",\"url\":\"https:\\\/\\\/innow.pl\\\/\",\"name\":\"INNOW\",\"description\":\"\",\"potentialAction\":[{\"@type\":\"SearchAction\",\"target\":{\"@type\":\"EntryPoint\",\"urlTemplate\":\"https:\\\/\\\/innow.pl\\\/?s={search_term_string}\"},\"query-input\":{\"@type\":\"PropertyValueSpecification\",\"valueRequired\":true,\"valueName\":\"search_term_string\"}}],\"inLanguage\":\"en-US\"}]}<\/script>\n<!-- \/ Yoast SEO plugin. -->","yoast_head_json":{"title":"GKN104 - Podpora prysznicowa k\u0105towa z krytym mocowaniem 50x70 cm INOX - INNOW","description":"Wytrzyma\u0142a podpora prysznicowa k\u0105towa wykonana ze stali nierdzewnej. Estetyczne kryte mocowanie. Bezpieczna k\u0105piel. Wsparcie os\u00f3b chorych i starszych!","robots":{"index":"index","follow":"follow","max-snippet":"max-snippet:-1","max-image-preview":"max-image-preview:large","max-video-preview":"max-video-preview:-1"},"canonical":"https:\/\/innow.pl\/produkt\/gkn104-podpora-prysznicowa-katowa-z-krytym-mocowaniem-50x70-cm-inox\/","og_locale":"en_US","og_type":"article","og_title":"GKN104 - Podpora prysznicowa k\u0105towa z krytym mocowaniem 50x70 cm INOX - INNOW","og_description":"Wytrzyma\u0142a podpora prysznicowa k\u0105towa wykonana ze stali nierdzewnej. Estetyczne kryte mocowanie. Bezpieczna k\u0105piel. Wsparcie os\u00f3b chorych i starszych!","og_url":"https:\/\/innow.pl\/produkt\/gkn104-podpora-prysznicowa-katowa-z-krytym-mocowaniem-50x70-cm-inox\/","og_site_name":"INNOW","article_modified_time":"2025-10-15T05:56:58+00:00","og_image":[{"width":800,"height":800,"url":"https:\/\/innow.pl\/wp-content\/uploads\/2024\/11\/GKN104.jpg","type":"image\/jpeg"}],"twitter_card":"summary_large_image","twitter_misc":{"Est. reading time":"1 minute"},"schema":{"@context":"https:\/\/schema.org","@graph":[{"@type":"WebPage","@id":"https:\/\/innow.pl\/produkt\/gkn104-podpora-prysznicowa-katowa-z-krytym-mocowaniem-50x70-cm-inox\/","url":"https:\/\/innow.pl\/produkt\/gkn104-podpora-prysznicowa-katowa-z-krytym-mocowaniem-50x70-cm-inox\/","name":"GKN104 - Podpora prysznicowa k\u0105towa z krytym mocowaniem 50x70 cm INOX - INNOW","isPartOf":{"@id":"https:\/\/innow.pl\/#website"},"primaryImageOfPage":{"@id":"https:\/\/innow.pl\/produkt\/gkn104-podpora-prysznicowa-katowa-z-krytym-mocowaniem-50x70-cm-inox\/#primaryimage"},"image":{"@id":"https:\/\/innow.pl\/produkt\/gkn104-podpora-prysznicowa-katowa-z-krytym-mocowaniem-50x70-cm-inox\/#primaryimage"},"thumbnailUrl":"https:\/\/innow.pl\/wp-content\/uploads\/2024\/11\/GKN104.jpg","datePublished":"2017-06-30T05:34:45+00:00","dateModified":"2025-10-15T05:56:58+00:00","description":"Wytrzyma\u0142a podpora prysznicowa k\u0105towa wykonana ze stali nierdzewnej. Estetyczne kryte mocowanie. Bezpieczna k\u0105piel. Wsparcie os\u00f3b chorych i starszych!","breadcrumb":{"@id":"https:\/\/innow.pl\/produkt\/gkn104-podpora-prysznicowa-katowa-z-krytym-mocowaniem-50x70-cm-inox\/#breadcrumb"},"inLanguage":"en-US","potentialAction":[{"@type":"ReadAction","target":["https:\/\/innow.pl\/produkt\/gkn104-podpora-prysznicowa-katowa-z-krytym-mocowaniem-50x70-cm-inox\/"]}]},{"@type":"ImageObject","inLanguage":"en-US","@id":"https:\/\/innow.pl\/produkt\/gkn104-podpora-prysznicowa-katowa-z-krytym-mocowaniem-50x70-cm-inox\/#primaryimage","url":"https:\/\/innow.pl\/wp-content\/uploads\/2024\/11\/GKN104.jpg","contentUrl":"https:\/\/innow.pl\/wp-content\/uploads\/2024\/11\/GKN104.jpg","width":800,"height":800,"caption":"Podpora prysznicowa k\u0105towa z krytym mocowaniem 50x70 cm INOX \u2013 GKN104 \u2013 INNOW"},{"@type":"BreadcrumbList","@id":"https:\/\/innow.pl\/produkt\/gkn104-podpora-prysznicowa-katowa-z-krytym-mocowaniem-50x70-cm-inox\/#breadcrumb","itemListElement":[{"@type":"ListItem","position":1,"name":"INNOW","item":"https:\/\/innow.pl\/en\/"},{"@type":"ListItem","position":2,"name":"Produkty","item":"https:\/\/innow.pl\/produkty\/"},{"@type":"ListItem","position":3,"name":"\u0141azienka i WC","item":"https:\/\/innow.pl\/produkty\/lazienka-i-wc\/"},{"@type":"ListItem","position":4,"name":"Podpory, uchwyty i por\u0119cze dla niepe\u0142nosprawnych","item":"https:\/\/innow.pl\/produkty\/lazienka-i-wc\/podpory-i-uchwyty-dla-niepelnosprawnych\/"},{"@type":"ListItem","position":5,"name":"Podpory ze stali nierdzewnej \u230032","item":"https:\/\/innow.pl\/produkty\/lazienka-i-wc\/podpory-i-uchwyty-dla-niepelnosprawnych\/ze-stali-nierdzewnej-32\/"},{"@type":"ListItem","position":6,"name":"GKN104 &#8211; Podpora prysznicowa k\u0105towa z krytym mocowaniem 50&#215;70 cm INOX"}]},{"@type":"WebSite","@id":"https:\/\/innow.pl\/#website","url":"https:\/\/innow.pl\/","name":"INNOW","description":"","potentialAction":[{"@type":"SearchAction","target":{"@type":"EntryPoint","urlTemplate":"https:\/\/innow.pl\/?s={search_term_string}"},"query-input":{"@type":"PropertyValueSpecification","valueRequired":true,"valueName":"search_term_string"}}],"inLanguage":"en-US"}]}},"_links":{"self":[{"href":"https:\/\/innow.pl\/en\/wp-json\/wp\/v2\/product\/25963","targetHints":{"allow":["GET"]}}],"collection":[{"href":"https:\/\/innow.pl\/en\/wp-json\/wp\/v2\/product"}],"about":[{"href":"https:\/\/innow.pl\/en\/wp-json\/wp\/v2\/types\/product"}],"replies":[{"embeddable":true,"href":"https:\/\/innow.pl\/en\/wp-json\/wp\/v2\/comments?post=25963"}],"wp:featuredmedia":[{"embeddable":true,"href":"https:\/\/innow.pl\/en\/wp-json\/wp\/v2\/media\/25965"}],"wp:attachment":[{"href":"https:\/\/innow.pl\/en\/wp-json\/wp\/v2\/media?parent=25963"}],"wp:term":[{"taxonomy":"product_brand","embeddable":true,"href":"https:\/\/innow.pl\/en\/wp-json\/wp\/v2\/product_brand?post=25963"},{"taxonomy":"product_cat","embeddable":true,"href":"https:\/\/innow.pl\/en\/wp-json\/wp\/v2\/product_cat?post=25963"},{"taxonomy":"product_tag","embeddable":true,"href":"https:\/\/innow.pl\/en\/wp-json\/wp\/v2\/product_tag?post=25963"}],"curies":[{"name":"wp","href":"https:\/\/api.w.org\/{rel}","templated":true}]}}