{"id":25857,"date":"2017-06-29T07:05:57","date_gmt":"2017-06-29T05:05:57","guid":{"rendered":"https:\/\/innow.pl\/produkt\/g102-uchwyt-lazienkowy-scienny-ukosny-60-cm\/"},"modified":"2026-02-12T10:41:22","modified_gmt":"2026-02-12T09:41:22","slug":"g102-uchwyt-lazienkowy-scienny-ukosny-60-cm","status":"publish","type":"product","link":"https:\/\/innow.pl\/en\/produkt\/g102-uchwyt-lazienkowy-scienny-ukosny-60-cm\/","title":{"rendered":"G102 &#8211; Uchwyt \u0142azienkowy \u015bcienny uko\u015bny 60 cm"},"content":{"rendered":"<p>Uchwyt \u0142azienkowy \u015bcienny uko\u015bny stanowi\u0105cy pomoc podczas podnoszenia si\u0119 lub przemieszczania os\u00f3b starszych, chorych lub niepe\u0142nosprawnych w toalecie lub \u0142azience. Wykonana jest ze stalowej rury powlekanej proszkowo (kolor bia\u0142y). W miejscu mocowania uchwytu, powinien by\u0107 on nieruchomy. Zapraszamy do pog\u0142\u0119bienia wiedzy dotycz\u0105cej \u0142azienek dla os\u00f3b niepe\u0142nosprawnych poprzez zapoznanie si\u0119 z poradnikiem:\u00a0 <strong><a href=\"http:\/\/innow.pl\/blog\/wyposazenie-i-projektowanie-lazienek-dla-osob-niepelnosprawnych\/\">&#8220;Wyposa\u017cenie i projektowanie \u0142azienek dla os\u00f3b niepe\u0142nosprawnych&#8221;<\/a><\/strong><\/p>\n","protected":false},"excerpt":{"rendered":"<p>Uchwyt \u0142azienkowy \u015bcienny uko\u015bny stanowi\u0105cy pomoc podczas podnoszenia si\u0119 lub przemieszczania os\u00f3b starszych, chorych lub niepe\u0142nosprawnych w toalecie lub \u0142azience. Wykonana jest ze stalowej rury powlekanej proszkowo (kolor bia\u0142y). W miejscu mocowania uchwytu, powinien by\u0107 on nieruchomy. Zapraszamy do pog\u0142\u0119bienia wiedzy dotycz\u0105cej \u0142azienek dla os\u00f3b niepe\u0142nosprawnych poprzez zapoznanie si\u0119 z poradnikiem:\u00a0 &#8220;Wyposa\u017cenie i projektowanie \u0142azienek [&hellip;]<\/p>\n","protected":false},"featured_media":25859,"comment_status":"open","ping_status":"closed","template":"","meta":{"_acf_changed":false},"product_brand":[],"product_cat":[471,429,49],"product_tag":[],"class_list":{"0":"post-25857","1":"product","2":"type-product","3":"status-publish","4":"has-post-thumbnail","6":"product_cat-podpory-standardowe-32","7":"product_cat-podpory-i-uchwyty-dla-niepelnosprawnych","8":"product_cat-lazienka-i-wc","9":"pa_dlugosc-60-cm","10":"pa_srednica-1162","12":"first","13":"instock","14":"taxable","15":"shipping-taxable","16":"purchasable","17":"product-type-simple"},"acf":[],"yoast_head":"<!-- This site is optimized with the Yoast SEO plugin v27.4 - https:\/\/yoast.com\/product\/yoast-seo-wordpress\/ -->\n<title>G102 - Uchwyt \u0142azienkowy \u015bcienny uko\u015bny 60 cm - INNOW<\/title>\n<meta name=\"description\" content=\"Praktyczny, trwa\u0142y uchwyt \u0142azienkowy \u015bcienny uko\u015bny 60 cm zapewniaj\u0105cy wsparcie w podnoszeniu si\u0119 i przemieszczaniu w \u0142azience. Poznaj szczeg\u00f3\u0142y!\" \/>\n<meta name=\"robots\" content=\"index, follow, max-snippet:-1, max-image-preview:large, max-video-preview:-1\" \/>\n<link rel=\"canonical\" href=\"https:\/\/innow.pl\/produkt\/g102-uchwyt-lazienkowy-scienny-ukosny-60-cm\/\" \/>\n<meta property=\"og:locale\" content=\"en_US\" \/>\n<meta property=\"og:type\" content=\"article\" \/>\n<meta property=\"og:title\" content=\"G102 - Uchwyt \u0142azienkowy \u015bcienny uko\u015bny 60 cm - INNOW\" \/>\n<meta property=\"og:description\" content=\"Praktyczny, trwa\u0142y uchwyt \u0142azienkowy \u015bcienny uko\u015bny 60 cm zapewniaj\u0105cy wsparcie w podnoszeniu si\u0119 i przemieszczaniu w \u0142azience. Poznaj szczeg\u00f3\u0142y!\" \/>\n<meta property=\"og:url\" content=\"https:\/\/innow.pl\/produkt\/g102-uchwyt-lazienkowy-scienny-ukosny-60-cm\/\" \/>\n<meta property=\"og:site_name\" content=\"INNOW\" \/>\n<meta property=\"article:modified_time\" content=\"2026-02-12T09:41:22+00:00\" \/>\n<meta property=\"og:image\" content=\"https:\/\/innow.pl\/wp-content\/uploads\/2024\/11\/G102_tlo.jpg\" \/>\n\t<meta property=\"og:image:width\" content=\"1000\" \/>\n\t<meta property=\"og:image:height\" content=\"1000\" \/>\n\t<meta property=\"og:image:type\" content=\"image\/jpeg\" \/>\n<meta name=\"twitter:card\" content=\"summary_large_image\" \/>\n<meta name=\"twitter:label1\" content=\"Est. reading time\" \/>\n\t<meta name=\"twitter:data1\" content=\"1 minute\" \/>\n<script type=\"application\/ld+json\" class=\"yoast-schema-graph\">{\"@context\":\"https:\\\/\\\/schema.org\",\"@graph\":[{\"@type\":\"WebPage\",\"@id\":\"https:\\\/\\\/innow.pl\\\/produkt\\\/g102-uchwyt-lazienkowy-scienny-ukosny-60-cm\\\/\",\"url\":\"https:\\\/\\\/innow.pl\\\/produkt\\\/g102-uchwyt-lazienkowy-scienny-ukosny-60-cm\\\/\",\"name\":\"G102 - Uchwyt \u0142azienkowy \u015bcienny uko\u015bny 60 cm - INNOW\",\"isPartOf\":{\"@id\":\"https:\\\/\\\/innow.pl\\\/#website\"},\"primaryImageOfPage\":{\"@id\":\"https:\\\/\\\/innow.pl\\\/produkt\\\/g102-uchwyt-lazienkowy-scienny-ukosny-60-cm\\\/#primaryimage\"},\"image\":{\"@id\":\"https:\\\/\\\/innow.pl\\\/produkt\\\/g102-uchwyt-lazienkowy-scienny-ukosny-60-cm\\\/#primaryimage\"},\"thumbnailUrl\":\"https:\\\/\\\/innow.pl\\\/wp-content\\\/uploads\\\/2024\\\/11\\\/G102_tlo.jpg\",\"datePublished\":\"2017-06-29T05:05:57+00:00\",\"dateModified\":\"2026-02-12T09:41:22+00:00\",\"description\":\"Praktyczny, trwa\u0142y uchwyt \u0142azienkowy \u015bcienny uko\u015bny 60 cm zapewniaj\u0105cy wsparcie w podnoszeniu si\u0119 i przemieszczaniu w \u0142azience. Poznaj szczeg\u00f3\u0142y!\",\"breadcrumb\":{\"@id\":\"https:\\\/\\\/innow.pl\\\/produkt\\\/g102-uchwyt-lazienkowy-scienny-ukosny-60-cm\\\/#breadcrumb\"},\"inLanguage\":\"en-US\",\"potentialAction\":[{\"@type\":\"ReadAction\",\"target\":[\"https:\\\/\\\/innow.pl\\\/produkt\\\/g102-uchwyt-lazienkowy-scienny-ukosny-60-cm\\\/\"]}]},{\"@type\":\"ImageObject\",\"inLanguage\":\"en-US\",\"@id\":\"https:\\\/\\\/innow.pl\\\/produkt\\\/g102-uchwyt-lazienkowy-scienny-ukosny-60-cm\\\/#primaryimage\",\"url\":\"https:\\\/\\\/innow.pl\\\/wp-content\\\/uploads\\\/2024\\\/11\\\/G102_tlo.jpg\",\"contentUrl\":\"https:\\\/\\\/innow.pl\\\/wp-content\\\/uploads\\\/2024\\\/11\\\/G102_tlo.jpg\",\"width\":1000,\"height\":1000},{\"@type\":\"BreadcrumbList\",\"@id\":\"https:\\\/\\\/innow.pl\\\/produkt\\\/g102-uchwyt-lazienkowy-scienny-ukosny-60-cm\\\/#breadcrumb\",\"itemListElement\":[{\"@type\":\"ListItem\",\"position\":1,\"name\":\"INNOW\",\"item\":\"https:\\\/\\\/innow.pl\\\/en\\\/\"},{\"@type\":\"ListItem\",\"position\":2,\"name\":\"Produkty\",\"item\":\"https:\\\/\\\/innow.pl\\\/produkty\\\/\"},{\"@type\":\"ListItem\",\"position\":3,\"name\":\"\u0141azienka i WC\",\"item\":\"https:\\\/\\\/innow.pl\\\/produkty\\\/lazienka-i-wc\\\/\"},{\"@type\":\"ListItem\",\"position\":4,\"name\":\"Podpory, uchwyty i por\u0119cze dla niepe\u0142nosprawnych\",\"item\":\"https:\\\/\\\/innow.pl\\\/produkty\\\/lazienka-i-wc\\\/podpory-i-uchwyty-dla-niepelnosprawnych\\\/\"},{\"@type\":\"ListItem\",\"position\":5,\"name\":\"Podpory standardowe \u230032\",\"item\":\"https:\\\/\\\/innow.pl\\\/produkty\\\/lazienka-i-wc\\\/podpory-i-uchwyty-dla-niepelnosprawnych\\\/podpory-standardowe-32\\\/\"},{\"@type\":\"ListItem\",\"position\":6,\"name\":\"G102 &#8211; Uchwyt \u0142azienkowy \u015bcienny uko\u015bny 60 cm\"}]},{\"@type\":\"WebSite\",\"@id\":\"https:\\\/\\\/innow.pl\\\/#website\",\"url\":\"https:\\\/\\\/innow.pl\\\/\",\"name\":\"INNOW\",\"description\":\"\",\"potentialAction\":[{\"@type\":\"SearchAction\",\"target\":{\"@type\":\"EntryPoint\",\"urlTemplate\":\"https:\\\/\\\/innow.pl\\\/?s={search_term_string}\"},\"query-input\":{\"@type\":\"PropertyValueSpecification\",\"valueRequired\":true,\"valueName\":\"search_term_string\"}}],\"inLanguage\":\"en-US\"}]}<\/script>\n<!-- \/ Yoast SEO plugin. -->","yoast_head_json":{"title":"G102 - Uchwyt \u0142azienkowy \u015bcienny uko\u015bny 60 cm - INNOW","description":"Praktyczny, trwa\u0142y uchwyt \u0142azienkowy \u015bcienny uko\u015bny 60 cm zapewniaj\u0105cy wsparcie w podnoszeniu si\u0119 i przemieszczaniu w \u0142azience. Poznaj szczeg\u00f3\u0142y!","robots":{"index":"index","follow":"follow","max-snippet":"max-snippet:-1","max-image-preview":"max-image-preview:large","max-video-preview":"max-video-preview:-1"},"canonical":"https:\/\/innow.pl\/produkt\/g102-uchwyt-lazienkowy-scienny-ukosny-60-cm\/","og_locale":"en_US","og_type":"article","og_title":"G102 - Uchwyt \u0142azienkowy \u015bcienny uko\u015bny 60 cm - INNOW","og_description":"Praktyczny, trwa\u0142y uchwyt \u0142azienkowy \u015bcienny uko\u015bny 60 cm zapewniaj\u0105cy wsparcie w podnoszeniu si\u0119 i przemieszczaniu w \u0142azience. Poznaj szczeg\u00f3\u0142y!","og_url":"https:\/\/innow.pl\/produkt\/g102-uchwyt-lazienkowy-scienny-ukosny-60-cm\/","og_site_name":"INNOW","article_modified_time":"2026-02-12T09:41:22+00:00","og_image":[{"width":1000,"height":1000,"url":"https:\/\/innow.pl\/wp-content\/uploads\/2024\/11\/G102_tlo.jpg","type":"image\/jpeg"}],"twitter_card":"summary_large_image","twitter_misc":{"Est. reading time":"1 minute"},"schema":{"@context":"https:\/\/schema.org","@graph":[{"@type":"WebPage","@id":"https:\/\/innow.pl\/produkt\/g102-uchwyt-lazienkowy-scienny-ukosny-60-cm\/","url":"https:\/\/innow.pl\/produkt\/g102-uchwyt-lazienkowy-scienny-ukosny-60-cm\/","name":"G102 - Uchwyt \u0142azienkowy \u015bcienny uko\u015bny 60 cm - INNOW","isPartOf":{"@id":"https:\/\/innow.pl\/#website"},"primaryImageOfPage":{"@id":"https:\/\/innow.pl\/produkt\/g102-uchwyt-lazienkowy-scienny-ukosny-60-cm\/#primaryimage"},"image":{"@id":"https:\/\/innow.pl\/produkt\/g102-uchwyt-lazienkowy-scienny-ukosny-60-cm\/#primaryimage"},"thumbnailUrl":"https:\/\/innow.pl\/wp-content\/uploads\/2024\/11\/G102_tlo.jpg","datePublished":"2017-06-29T05:05:57+00:00","dateModified":"2026-02-12T09:41:22+00:00","description":"Praktyczny, trwa\u0142y uchwyt \u0142azienkowy \u015bcienny uko\u015bny 60 cm zapewniaj\u0105cy wsparcie w podnoszeniu si\u0119 i przemieszczaniu w \u0142azience. Poznaj szczeg\u00f3\u0142y!","breadcrumb":{"@id":"https:\/\/innow.pl\/produkt\/g102-uchwyt-lazienkowy-scienny-ukosny-60-cm\/#breadcrumb"},"inLanguage":"en-US","potentialAction":[{"@type":"ReadAction","target":["https:\/\/innow.pl\/produkt\/g102-uchwyt-lazienkowy-scienny-ukosny-60-cm\/"]}]},{"@type":"ImageObject","inLanguage":"en-US","@id":"https:\/\/innow.pl\/produkt\/g102-uchwyt-lazienkowy-scienny-ukosny-60-cm\/#primaryimage","url":"https:\/\/innow.pl\/wp-content\/uploads\/2024\/11\/G102_tlo.jpg","contentUrl":"https:\/\/innow.pl\/wp-content\/uploads\/2024\/11\/G102_tlo.jpg","width":1000,"height":1000},{"@type":"BreadcrumbList","@id":"https:\/\/innow.pl\/produkt\/g102-uchwyt-lazienkowy-scienny-ukosny-60-cm\/#breadcrumb","itemListElement":[{"@type":"ListItem","position":1,"name":"INNOW","item":"https:\/\/innow.pl\/en\/"},{"@type":"ListItem","position":2,"name":"Produkty","item":"https:\/\/innow.pl\/produkty\/"},{"@type":"ListItem","position":3,"name":"\u0141azienka i WC","item":"https:\/\/innow.pl\/produkty\/lazienka-i-wc\/"},{"@type":"ListItem","position":4,"name":"Podpory, uchwyty i por\u0119cze dla niepe\u0142nosprawnych","item":"https:\/\/innow.pl\/produkty\/lazienka-i-wc\/podpory-i-uchwyty-dla-niepelnosprawnych\/"},{"@type":"ListItem","position":5,"name":"Podpory standardowe \u230032","item":"https:\/\/innow.pl\/produkty\/lazienka-i-wc\/podpory-i-uchwyty-dla-niepelnosprawnych\/podpory-standardowe-32\/"},{"@type":"ListItem","position":6,"name":"G102 &#8211; Uchwyt \u0142azienkowy \u015bcienny uko\u015bny 60 cm"}]},{"@type":"WebSite","@id":"https:\/\/innow.pl\/#website","url":"https:\/\/innow.pl\/","name":"INNOW","description":"","potentialAction":[{"@type":"SearchAction","target":{"@type":"EntryPoint","urlTemplate":"https:\/\/innow.pl\/?s={search_term_string}"},"query-input":{"@type":"PropertyValueSpecification","valueRequired":true,"valueName":"search_term_string"}}],"inLanguage":"en-US"}]}},"_links":{"self":[{"href":"https:\/\/innow.pl\/en\/wp-json\/wp\/v2\/product\/25857","targetHints":{"allow":["GET"]}}],"collection":[{"href":"https:\/\/innow.pl\/en\/wp-json\/wp\/v2\/product"}],"about":[{"href":"https:\/\/innow.pl\/en\/wp-json\/wp\/v2\/types\/product"}],"replies":[{"embeddable":true,"href":"https:\/\/innow.pl\/en\/wp-json\/wp\/v2\/comments?post=25857"}],"wp:featuredmedia":[{"embeddable":true,"href":"https:\/\/innow.pl\/en\/wp-json\/wp\/v2\/media\/25859"}],"wp:attachment":[{"href":"https:\/\/innow.pl\/en\/wp-json\/wp\/v2\/media?parent=25857"}],"wp:term":[{"taxonomy":"product_brand","embeddable":true,"href":"https:\/\/innow.pl\/en\/wp-json\/wp\/v2\/product_brand?post=25857"},{"taxonomy":"product_cat","embeddable":true,"href":"https:\/\/innow.pl\/en\/wp-json\/wp\/v2\/product_cat?post=25857"},{"taxonomy":"product_tag","embeddable":true,"href":"https:\/\/innow.pl\/en\/wp-json\/wp\/v2\/product_tag?post=25857"}],"curies":[{"name":"wp","href":"https:\/\/api.w.org\/{rel}","templated":true}]}}