{"id":25823,"date":"2017-06-29T06:43:16","date_gmt":"2017-06-29T04:43:16","guid":{"rendered":"https:\/\/innow.pl\/produkt\/gkn101b-uchwyt-lazienkowy-scienny-prosty-z-krytym-mocowaniem-60-cm-inox\/"},"modified":"2026-02-12T11:48:16","modified_gmt":"2026-02-12T10:48:16","slug":"gkn101b-uchwyt-lazienkowy-scienny-prosty-z-krytym-mocowaniem-60-cm-inox","status":"publish","type":"product","link":"https:\/\/innow.pl\/en\/produkt\/gkn101b-uchwyt-lazienkowy-scienny-prosty-z-krytym-mocowaniem-60-cm-inox\/","title":{"rendered":"GKN101B &#8211; Uchwyt \u0142azienkowy \u015bcienny prosty z krytym mocowaniem 60 cm INOX"},"content":{"rendered":"<p>Podpora wannowa wykonana jest z rury ze stali nierdzewnej z krytym mocowaniem. Uchwyt \u0142azienkowy (por\u0119cz dla seniora, os\u00f3b niepe\u0142nosprawnych) stanowi pomoc w przemieszczaniu si\u0119, wchodzeniu i wychodzeniu z wanny. Wykonany jest z rury ze stali nierdzewnej z krytym mocowaniem. W miejscu mocowania uchwytu do \u015bciany powinien on by\u0107 nieruchomy. Wi\u0119cej informacji na temat \u0142azienek przystosowanych do os\u00f3b starszych i niepe\u0142nosprawnych mo\u017cna znale\u017a\u0107 w poradniku: <strong><a href=\"http:\/\/innow.pl\/blog\/wyposazenie-i-projektowanie-lazienek-dla-osob-niepelnosprawnych\/\">&#8220;Wyposa\u017cenie i projektowanie \u0142azienek dla os\u00f3b niepe\u0142nosprawnych&#8221;<\/a><\/strong><\/p>\n","protected":false},"excerpt":{"rendered":"<p>Podpora wannowa wykonana jest z rury ze stali nierdzewnej z krytym mocowaniem. Uchwyt \u0142azienkowy (por\u0119cz dla seniora, os\u00f3b niepe\u0142nosprawnych) stanowi pomoc w przemieszczaniu si\u0119, wchodzeniu i wychodzeniu z wanny. Wykonany jest z rury ze stali nierdzewnej z krytym mocowaniem. W miejscu mocowania uchwytu do \u015bciany powinien on by\u0107 nieruchomy. Wi\u0119cej informacji na temat \u0142azienek przystosowanych [&hellip;]<\/p>\n","protected":false},"featured_media":25825,"comment_status":"open","ping_status":"closed","template":"","meta":{"_acf_changed":false},"product_brand":[],"product_cat":[474,429,49],"product_tag":[],"class_list":{"0":"post-25823","1":"product","2":"type-product","3":"status-publish","4":"has-post-thumbnail","6":"product_cat-ze-stali-nierdzewnej-32","7":"product_cat-podpory-i-uchwyty-dla-niepelnosprawnych","8":"product_cat-lazienka-i-wc","9":"pa_dlugosc-60-cm","10":"pa_srednica-1162","12":"first","13":"instock","14":"taxable","15":"shipping-taxable","16":"purchasable","17":"product-type-simple"},"acf":[],"yoast_head":"<!-- This site is optimized with the Yoast SEO plugin v27.4 - https:\/\/yoast.com\/product\/yoast-seo-wordpress\/ -->\n<title>GKN101B - Uchwyt \u0142azienkowy \u015bcienny prosty z krytym mocowaniem 60 cm INOX - INNOW<\/title>\n<meta name=\"description\" content=\"Estetyczny i trwa\u0142y uchwyt \u0142azienkowy \u015bcienny prosty z krytym mocowaniem 60 cm. Dla os\u00f3b starszych, chorych. Wsparcie w korzystaniu z \u0142azienki. Sprawd\u017a!\" \/>\n<meta name=\"robots\" content=\"index, follow, max-snippet:-1, max-image-preview:large, max-video-preview:-1\" \/>\n<link rel=\"canonical\" href=\"https:\/\/innow.pl\/produkt\/gkn101b-uchwyt-lazienkowy-scienny-prosty-z-krytym-mocowaniem-60-cm-inox\/\" \/>\n<meta property=\"og:locale\" content=\"en_US\" \/>\n<meta property=\"og:type\" content=\"article\" \/>\n<meta property=\"og:title\" content=\"GKN101B - Uchwyt \u0142azienkowy \u015bcienny prosty z krytym mocowaniem 60 cm INOX - INNOW\" \/>\n<meta property=\"og:description\" content=\"Estetyczny i trwa\u0142y uchwyt \u0142azienkowy \u015bcienny prosty z krytym mocowaniem 60 cm. Dla os\u00f3b starszych, chorych. Wsparcie w korzystaniu z \u0142azienki. Sprawd\u017a!\" \/>\n<meta property=\"og:url\" content=\"https:\/\/innow.pl\/produkt\/gkn101b-uchwyt-lazienkowy-scienny-prosty-z-krytym-mocowaniem-60-cm-inox\/\" \/>\n<meta property=\"og:site_name\" content=\"INNOW\" \/>\n<meta property=\"article:modified_time\" content=\"2026-02-12T10:48:16+00:00\" \/>\n<meta property=\"og:image\" content=\"https:\/\/innow.pl\/wp-content\/uploads\/2024\/11\/GKN101_60.jpg\" \/>\n\t<meta property=\"og:image:width\" content=\"800\" \/>\n\t<meta property=\"og:image:height\" content=\"800\" \/>\n\t<meta property=\"og:image:type\" content=\"image\/jpeg\" \/>\n<meta name=\"twitter:card\" content=\"summary_large_image\" \/>\n<meta name=\"twitter:label1\" content=\"Est. reading time\" \/>\n\t<meta name=\"twitter:data1\" content=\"1 minute\" \/>\n<script type=\"application\/ld+json\" class=\"yoast-schema-graph\">{\"@context\":\"https:\\\/\\\/schema.org\",\"@graph\":[{\"@type\":\"WebPage\",\"@id\":\"https:\\\/\\\/innow.pl\\\/produkt\\\/gkn101b-uchwyt-lazienkowy-scienny-prosty-z-krytym-mocowaniem-60-cm-inox\\\/\",\"url\":\"https:\\\/\\\/innow.pl\\\/produkt\\\/gkn101b-uchwyt-lazienkowy-scienny-prosty-z-krytym-mocowaniem-60-cm-inox\\\/\",\"name\":\"GKN101B - Uchwyt \u0142azienkowy \u015bcienny prosty z krytym mocowaniem 60 cm INOX - INNOW\",\"isPartOf\":{\"@id\":\"https:\\\/\\\/innow.pl\\\/#website\"},\"primaryImageOfPage\":{\"@id\":\"https:\\\/\\\/innow.pl\\\/produkt\\\/gkn101b-uchwyt-lazienkowy-scienny-prosty-z-krytym-mocowaniem-60-cm-inox\\\/#primaryimage\"},\"image\":{\"@id\":\"https:\\\/\\\/innow.pl\\\/produkt\\\/gkn101b-uchwyt-lazienkowy-scienny-prosty-z-krytym-mocowaniem-60-cm-inox\\\/#primaryimage\"},\"thumbnailUrl\":\"https:\\\/\\\/innow.pl\\\/wp-content\\\/uploads\\\/2024\\\/11\\\/GKN101_60.jpg\",\"datePublished\":\"2017-06-29T04:43:16+00:00\",\"dateModified\":\"2026-02-12T10:48:16+00:00\",\"description\":\"Estetyczny i trwa\u0142y uchwyt \u0142azienkowy \u015bcienny prosty z krytym mocowaniem 60 cm. Dla os\u00f3b starszych, chorych. Wsparcie w korzystaniu z \u0142azienki. Sprawd\u017a!\",\"breadcrumb\":{\"@id\":\"https:\\\/\\\/innow.pl\\\/produkt\\\/gkn101b-uchwyt-lazienkowy-scienny-prosty-z-krytym-mocowaniem-60-cm-inox\\\/#breadcrumb\"},\"inLanguage\":\"en-US\",\"potentialAction\":[{\"@type\":\"ReadAction\",\"target\":[\"https:\\\/\\\/innow.pl\\\/produkt\\\/gkn101b-uchwyt-lazienkowy-scienny-prosty-z-krytym-mocowaniem-60-cm-inox\\\/\"]}]},{\"@type\":\"ImageObject\",\"inLanguage\":\"en-US\",\"@id\":\"https:\\\/\\\/innow.pl\\\/produkt\\\/gkn101b-uchwyt-lazienkowy-scienny-prosty-z-krytym-mocowaniem-60-cm-inox\\\/#primaryimage\",\"url\":\"https:\\\/\\\/innow.pl\\\/wp-content\\\/uploads\\\/2024\\\/11\\\/GKN101_60.jpg\",\"contentUrl\":\"https:\\\/\\\/innow.pl\\\/wp-content\\\/uploads\\\/2024\\\/11\\\/GKN101_60.jpg\",\"width\":800,\"height\":800,\"caption\":\"Uchwyt \u0142azienkowy \u015bcienny prosty z krytym mocowaniem 60 cm INOX \u2013 GKN101B \u2013 INNOW\"},{\"@type\":\"BreadcrumbList\",\"@id\":\"https:\\\/\\\/innow.pl\\\/produkt\\\/gkn101b-uchwyt-lazienkowy-scienny-prosty-z-krytym-mocowaniem-60-cm-inox\\\/#breadcrumb\",\"itemListElement\":[{\"@type\":\"ListItem\",\"position\":1,\"name\":\"INNOW\",\"item\":\"https:\\\/\\\/innow.pl\\\/en\\\/\"},{\"@type\":\"ListItem\",\"position\":2,\"name\":\"Produkty\",\"item\":\"https:\\\/\\\/innow.pl\\\/produkty\\\/\"},{\"@type\":\"ListItem\",\"position\":3,\"name\":\"\u0141azienka i WC\",\"item\":\"https:\\\/\\\/innow.pl\\\/produkty\\\/lazienka-i-wc\\\/\"},{\"@type\":\"ListItem\",\"position\":4,\"name\":\"Podpory, uchwyty i por\u0119cze dla niepe\u0142nosprawnych\",\"item\":\"https:\\\/\\\/innow.pl\\\/produkty\\\/lazienka-i-wc\\\/podpory-i-uchwyty-dla-niepelnosprawnych\\\/\"},{\"@type\":\"ListItem\",\"position\":5,\"name\":\"Podpory ze stali nierdzewnej \u230032\",\"item\":\"https:\\\/\\\/innow.pl\\\/produkty\\\/lazienka-i-wc\\\/podpory-i-uchwyty-dla-niepelnosprawnych\\\/ze-stali-nierdzewnej-32\\\/\"},{\"@type\":\"ListItem\",\"position\":6,\"name\":\"GKN101B &#8211; Uchwyt \u0142azienkowy \u015bcienny prosty z krytym mocowaniem 60 cm INOX\"}]},{\"@type\":\"WebSite\",\"@id\":\"https:\\\/\\\/innow.pl\\\/#website\",\"url\":\"https:\\\/\\\/innow.pl\\\/\",\"name\":\"INNOW\",\"description\":\"\",\"potentialAction\":[{\"@type\":\"SearchAction\",\"target\":{\"@type\":\"EntryPoint\",\"urlTemplate\":\"https:\\\/\\\/innow.pl\\\/?s={search_term_string}\"},\"query-input\":{\"@type\":\"PropertyValueSpecification\",\"valueRequired\":true,\"valueName\":\"search_term_string\"}}],\"inLanguage\":\"en-US\"}]}<\/script>\n<!-- \/ Yoast SEO plugin. -->","yoast_head_json":{"title":"GKN101B - Uchwyt \u0142azienkowy \u015bcienny prosty z krytym mocowaniem 60 cm INOX - INNOW","description":"Estetyczny i trwa\u0142y uchwyt \u0142azienkowy \u015bcienny prosty z krytym mocowaniem 60 cm. Dla os\u00f3b starszych, chorych. Wsparcie w korzystaniu z \u0142azienki. Sprawd\u017a!","robots":{"index":"index","follow":"follow","max-snippet":"max-snippet:-1","max-image-preview":"max-image-preview:large","max-video-preview":"max-video-preview:-1"},"canonical":"https:\/\/innow.pl\/produkt\/gkn101b-uchwyt-lazienkowy-scienny-prosty-z-krytym-mocowaniem-60-cm-inox\/","og_locale":"en_US","og_type":"article","og_title":"GKN101B - Uchwyt \u0142azienkowy \u015bcienny prosty z krytym mocowaniem 60 cm INOX - INNOW","og_description":"Estetyczny i trwa\u0142y uchwyt \u0142azienkowy \u015bcienny prosty z krytym mocowaniem 60 cm. Dla os\u00f3b starszych, chorych. Wsparcie w korzystaniu z \u0142azienki. Sprawd\u017a!","og_url":"https:\/\/innow.pl\/produkt\/gkn101b-uchwyt-lazienkowy-scienny-prosty-z-krytym-mocowaniem-60-cm-inox\/","og_site_name":"INNOW","article_modified_time":"2026-02-12T10:48:16+00:00","og_image":[{"width":800,"height":800,"url":"https:\/\/innow.pl\/wp-content\/uploads\/2024\/11\/GKN101_60.jpg","type":"image\/jpeg"}],"twitter_card":"summary_large_image","twitter_misc":{"Est. reading time":"1 minute"},"schema":{"@context":"https:\/\/schema.org","@graph":[{"@type":"WebPage","@id":"https:\/\/innow.pl\/produkt\/gkn101b-uchwyt-lazienkowy-scienny-prosty-z-krytym-mocowaniem-60-cm-inox\/","url":"https:\/\/innow.pl\/produkt\/gkn101b-uchwyt-lazienkowy-scienny-prosty-z-krytym-mocowaniem-60-cm-inox\/","name":"GKN101B - Uchwyt \u0142azienkowy \u015bcienny prosty z krytym mocowaniem 60 cm INOX - INNOW","isPartOf":{"@id":"https:\/\/innow.pl\/#website"},"primaryImageOfPage":{"@id":"https:\/\/innow.pl\/produkt\/gkn101b-uchwyt-lazienkowy-scienny-prosty-z-krytym-mocowaniem-60-cm-inox\/#primaryimage"},"image":{"@id":"https:\/\/innow.pl\/produkt\/gkn101b-uchwyt-lazienkowy-scienny-prosty-z-krytym-mocowaniem-60-cm-inox\/#primaryimage"},"thumbnailUrl":"https:\/\/innow.pl\/wp-content\/uploads\/2024\/11\/GKN101_60.jpg","datePublished":"2017-06-29T04:43:16+00:00","dateModified":"2026-02-12T10:48:16+00:00","description":"Estetyczny i trwa\u0142y uchwyt \u0142azienkowy \u015bcienny prosty z krytym mocowaniem 60 cm. Dla os\u00f3b starszych, chorych. Wsparcie w korzystaniu z \u0142azienki. Sprawd\u017a!","breadcrumb":{"@id":"https:\/\/innow.pl\/produkt\/gkn101b-uchwyt-lazienkowy-scienny-prosty-z-krytym-mocowaniem-60-cm-inox\/#breadcrumb"},"inLanguage":"en-US","potentialAction":[{"@type":"ReadAction","target":["https:\/\/innow.pl\/produkt\/gkn101b-uchwyt-lazienkowy-scienny-prosty-z-krytym-mocowaniem-60-cm-inox\/"]}]},{"@type":"ImageObject","inLanguage":"en-US","@id":"https:\/\/innow.pl\/produkt\/gkn101b-uchwyt-lazienkowy-scienny-prosty-z-krytym-mocowaniem-60-cm-inox\/#primaryimage","url":"https:\/\/innow.pl\/wp-content\/uploads\/2024\/11\/GKN101_60.jpg","contentUrl":"https:\/\/innow.pl\/wp-content\/uploads\/2024\/11\/GKN101_60.jpg","width":800,"height":800,"caption":"Uchwyt \u0142azienkowy \u015bcienny prosty z krytym mocowaniem 60 cm INOX \u2013 GKN101B \u2013 INNOW"},{"@type":"BreadcrumbList","@id":"https:\/\/innow.pl\/produkt\/gkn101b-uchwyt-lazienkowy-scienny-prosty-z-krytym-mocowaniem-60-cm-inox\/#breadcrumb","itemListElement":[{"@type":"ListItem","position":1,"name":"INNOW","item":"https:\/\/innow.pl\/en\/"},{"@type":"ListItem","position":2,"name":"Produkty","item":"https:\/\/innow.pl\/produkty\/"},{"@type":"ListItem","position":3,"name":"\u0141azienka i WC","item":"https:\/\/innow.pl\/produkty\/lazienka-i-wc\/"},{"@type":"ListItem","position":4,"name":"Podpory, uchwyty i por\u0119cze dla niepe\u0142nosprawnych","item":"https:\/\/innow.pl\/produkty\/lazienka-i-wc\/podpory-i-uchwyty-dla-niepelnosprawnych\/"},{"@type":"ListItem","position":5,"name":"Podpory ze stali nierdzewnej \u230032","item":"https:\/\/innow.pl\/produkty\/lazienka-i-wc\/podpory-i-uchwyty-dla-niepelnosprawnych\/ze-stali-nierdzewnej-32\/"},{"@type":"ListItem","position":6,"name":"GKN101B &#8211; Uchwyt \u0142azienkowy \u015bcienny prosty z krytym mocowaniem 60 cm INOX"}]},{"@type":"WebSite","@id":"https:\/\/innow.pl\/#website","url":"https:\/\/innow.pl\/","name":"INNOW","description":"","potentialAction":[{"@type":"SearchAction","target":{"@type":"EntryPoint","urlTemplate":"https:\/\/innow.pl\/?s={search_term_string}"},"query-input":{"@type":"PropertyValueSpecification","valueRequired":true,"valueName":"search_term_string"}}],"inLanguage":"en-US"}]}},"_links":{"self":[{"href":"https:\/\/innow.pl\/en\/wp-json\/wp\/v2\/product\/25823","targetHints":{"allow":["GET"]}}],"collection":[{"href":"https:\/\/innow.pl\/en\/wp-json\/wp\/v2\/product"}],"about":[{"href":"https:\/\/innow.pl\/en\/wp-json\/wp\/v2\/types\/product"}],"replies":[{"embeddable":true,"href":"https:\/\/innow.pl\/en\/wp-json\/wp\/v2\/comments?post=25823"}],"wp:featuredmedia":[{"embeddable":true,"href":"https:\/\/innow.pl\/en\/wp-json\/wp\/v2\/media\/25825"}],"wp:attachment":[{"href":"https:\/\/innow.pl\/en\/wp-json\/wp\/v2\/media?parent=25823"}],"wp:term":[{"taxonomy":"product_brand","embeddable":true,"href":"https:\/\/innow.pl\/en\/wp-json\/wp\/v2\/product_brand?post=25823"},{"taxonomy":"product_cat","embeddable":true,"href":"https:\/\/innow.pl\/en\/wp-json\/wp\/v2\/product_cat?post=25823"},{"taxonomy":"product_tag","embeddable":true,"href":"https:\/\/innow.pl\/en\/wp-json\/wp\/v2\/product_tag?post=25823"}],"curies":[{"name":"wp","href":"https:\/\/api.w.org\/{rel}","templated":true}]}}