{"id":25698,"date":"2017-06-28T08:39:39","date_gmt":"2017-06-28T06:39:39","guid":{"rendered":"https:\/\/innow.pl\/produkt\/innow-foam-pianka-do-dezynfekcji-innow-foam-750-ml\/"},"modified":"2025-03-04T11:59:17","modified_gmt":"2025-03-04T10:59:17","slug":"innow-foam-pianka-do-dezynfekcji-innow-foam-750-ml","status":"publish","type":"product","link":"https:\/\/innow.pl\/en\/produkt\/innow-foam-pianka-do-dezynfekcji-innow-foam-750-ml\/","title":{"rendered":"INNOW FOAM &#8211; Pianka do dezynfekcji 750 ml"},"content":{"rendered":"<p>Pianka do dezynfekcji INNOW FOAM z opatentowanym roztworem nadtlenku wodoru. Najwa\u017cniejsze cechy produktu:<\/p>\n<ul>\n<li>szerokie spektrum dzia\u0142ania<\/li>\n<li>szybki czas dzia\u0142ania<\/li>\n<li>bardzo dobra kompatybilno\u015b\u0107 materia\u0142owa<\/li>\n<li>substancja czynna rozk\u0142ada si\u0119 na wod\u0119 i tlen<\/li>\n<li>gotowy do u\u017cycia<\/li>\n<li>umo\u017cliwia jednoczesne mycie i dezynfekcj\u0119.<\/li>\n<\/ul>\n<p>Preparat ten stosuje si\u0119 do mycia i szybkiej dezynfekcji powierzchni wyrob\u00f3w medycznych, innych powierzchni w \u015brodowisku medycznym, w tym powierzchni do kontaktu z \u017cywno\u015bci\u0105. <strong>Sk\u0142ad <\/strong>&#8211; w 100 g preparatu s\u0105 nast\u0119puj\u0105ce substancje czynne:<\/p>\n<ul>\n<li>1,5 g nadtlenku wodoru.<\/li>\n<\/ul>\n<p>Dost\u0119pne do zakupu w wersjach:<\/p>\n<ul>\n<li>1 op. &#8211; 47 z\u0142 netto\/szt<\/li>\n<li>6 x 1 op. \u2013 43 z\u0142 netto\/szt (258 z\u0142 netto sze\u015bciopak)<\/li>\n<\/ul>\n<p><strong>Przed zam\u00f3wieniem zapytaj o dost\u0119pno\u015b\u0107: tel. 32 25 26 756.<\/strong><\/p>\n<p style=\"text-align: center\">Zapraszamy do zapoznania si\u0119 z <a style=\"color: #3399ff\" href=\"https:\/\/innow.pl\/blog\/dezynfekcja\/\"><strong>wpisem dotycz\u0105cym dezynfekcji<\/strong> <\/a><\/p>\n","protected":false},"excerpt":{"rendered":"<p>Pianka do dezynfekcji INNOW FOAM z opatentowanym roztworem nadtlenku wodoru. Najwa\u017cniejsze cechy produktu: szerokie spektrum dzia\u0142ania szybki czas dzia\u0142ania bardzo dobra kompatybilno\u015b\u0107 materia\u0142owa substancja czynna rozk\u0142ada si\u0119 na wod\u0119 i tlen gotowy do u\u017cycia umo\u017cliwia jednoczesne mycie i dezynfekcj\u0119. Preparat ten stosuje si\u0119 do mycia i szybkiej dezynfekcji powierzchni wyrob\u00f3w medycznych, innych powierzchni w \u015brodowisku [&hellip;]<\/p>\n","protected":false},"featured_media":25700,"comment_status":"open","ping_status":"closed","template":"","meta":{"_acf_changed":false},"product_brand":[],"product_cat":[408,395],"product_tag":[],"class_list":{"0":"post-25698","1":"product","2":"type-product","3":"status-publish","4":"has-post-thumbnail","6":"product_cat-dezynfekcja-mebli-medycznych","7":"product_cat-ochrona-i-dezynfekcja","8":"pa_liczba-opakowan-1-opakowanie-47-zl-netto-opakowanie","9":"pa_liczba-opakowan-6-opakowan-43-zl-netto-opakowanie","11":"first","12":"instock","13":"taxable","14":"shipping-taxable","15":"purchasable","16":"product-type-variable"},"acf":[],"yoast_head":"<!-- This site is optimized with the Yoast SEO plugin v27.4 - https:\/\/yoast.com\/product\/yoast-seo-wordpress\/ -->\n<title>INNOW FOAM - Pianka do dezynfekcji 750 ml - INNOW<\/title>\n<meta name=\"description\" content=\"Pianka do dezynfekcji powierzchni mebli i sprz\u0119tu medycznego nieodpornych na dzia\u0142anie alkoholi. Szybka dezynfekcja i mycie. Dowiedz si\u0119 wi\u0119cej!\" \/>\n<meta name=\"robots\" content=\"index, follow, max-snippet:-1, max-image-preview:large, max-video-preview:-1\" \/>\n<link rel=\"canonical\" href=\"https:\/\/innow.pl\/produkt\/innow-foam-pianka-do-dezynfekcji-innow-foam-750-ml\/\" \/>\n<meta property=\"og:locale\" content=\"en_US\" \/>\n<meta property=\"og:type\" content=\"article\" \/>\n<meta property=\"og:title\" content=\"INNOW FOAM - Pianka do dezynfekcji 750 ml - INNOW\" \/>\n<meta property=\"og:description\" content=\"Pianka do dezynfekcji powierzchni mebli i sprz\u0119tu medycznego nieodpornych na dzia\u0142anie alkoholi. Szybka dezynfekcja i mycie. Dowiedz si\u0119 wi\u0119cej!\" \/>\n<meta property=\"og:url\" content=\"https:\/\/innow.pl\/produkt\/innow-foam-pianka-do-dezynfekcji-innow-foam-750-ml\/\" \/>\n<meta property=\"og:site_name\" content=\"INNOW\" \/>\n<meta property=\"article:modified_time\" content=\"2025-03-04T10:59:17+00:00\" \/>\n<meta property=\"og:image\" content=\"https:\/\/innow.pl\/wp-content\/uploads\/2024\/11\/INNOW_FOAM_1.jpg\" \/>\n\t<meta property=\"og:image:width\" content=\"800\" \/>\n\t<meta property=\"og:image:height\" content=\"800\" \/>\n\t<meta property=\"og:image:type\" content=\"image\/jpeg\" \/>\n<meta name=\"twitter:card\" content=\"summary_large_image\" \/>\n<meta name=\"twitter:label1\" content=\"Est. reading time\" \/>\n\t<meta name=\"twitter:data1\" content=\"1 minute\" \/>\n<script type=\"application\/ld+json\" class=\"yoast-schema-graph\">{\"@context\":\"https:\\\/\\\/schema.org\",\"@graph\":[{\"@type\":\"WebPage\",\"@id\":\"https:\\\/\\\/innow.pl\\\/produkt\\\/innow-foam-pianka-do-dezynfekcji-innow-foam-750-ml\\\/\",\"url\":\"https:\\\/\\\/innow.pl\\\/produkt\\\/innow-foam-pianka-do-dezynfekcji-innow-foam-750-ml\\\/\",\"name\":\"INNOW FOAM - Pianka do dezynfekcji 750 ml - INNOW\",\"isPartOf\":{\"@id\":\"https:\\\/\\\/innow.pl\\\/#website\"},\"primaryImageOfPage\":{\"@id\":\"https:\\\/\\\/innow.pl\\\/produkt\\\/innow-foam-pianka-do-dezynfekcji-innow-foam-750-ml\\\/#primaryimage\"},\"image\":{\"@id\":\"https:\\\/\\\/innow.pl\\\/produkt\\\/innow-foam-pianka-do-dezynfekcji-innow-foam-750-ml\\\/#primaryimage\"},\"thumbnailUrl\":\"https:\\\/\\\/innow.pl\\\/wp-content\\\/uploads\\\/2024\\\/11\\\/INNOW_FOAM_1.jpg\",\"datePublished\":\"2017-06-28T06:39:39+00:00\",\"dateModified\":\"2025-03-04T10:59:17+00:00\",\"description\":\"Pianka do dezynfekcji powierzchni mebli i sprz\u0119tu medycznego nieodpornych na dzia\u0142anie alkoholi. Szybka dezynfekcja i mycie. Dowiedz si\u0119 wi\u0119cej!\",\"breadcrumb\":{\"@id\":\"https:\\\/\\\/innow.pl\\\/produkt\\\/innow-foam-pianka-do-dezynfekcji-innow-foam-750-ml\\\/#breadcrumb\"},\"inLanguage\":\"en-US\",\"potentialAction\":[{\"@type\":\"ReadAction\",\"target\":[\"https:\\\/\\\/innow.pl\\\/produkt\\\/innow-foam-pianka-do-dezynfekcji-innow-foam-750-ml\\\/\"]}]},{\"@type\":\"ImageObject\",\"inLanguage\":\"en-US\",\"@id\":\"https:\\\/\\\/innow.pl\\\/produkt\\\/innow-foam-pianka-do-dezynfekcji-innow-foam-750-ml\\\/#primaryimage\",\"url\":\"https:\\\/\\\/innow.pl\\\/wp-content\\\/uploads\\\/2024\\\/11\\\/INNOW_FOAM_1.jpg\",\"contentUrl\":\"https:\\\/\\\/innow.pl\\\/wp-content\\\/uploads\\\/2024\\\/11\\\/INNOW_FOAM_1.jpg\",\"width\":800,\"height\":800},{\"@type\":\"BreadcrumbList\",\"@id\":\"https:\\\/\\\/innow.pl\\\/produkt\\\/innow-foam-pianka-do-dezynfekcji-innow-foam-750-ml\\\/#breadcrumb\",\"itemListElement\":[{\"@type\":\"ListItem\",\"position\":1,\"name\":\"INNOW\",\"item\":\"https:\\\/\\\/innow.pl\\\/en\\\/\"},{\"@type\":\"ListItem\",\"position\":2,\"name\":\"Produkty\",\"item\":\"https:\\\/\\\/innow.pl\\\/produkty\\\/\"},{\"@type\":\"ListItem\",\"position\":3,\"name\":\"Ochrona i dezynfekcja\",\"item\":\"https:\\\/\\\/innow.pl\\\/produkty\\\/ochrona-i-dezynfekcja\\\/\"},{\"@type\":\"ListItem\",\"position\":4,\"name\":\"Dezynfekcja mebli medycznych\",\"item\":\"https:\\\/\\\/innow.pl\\\/produkty\\\/ochrona-i-dezynfekcja\\\/dezynfekcja-mebli-medycznych\\\/\"},{\"@type\":\"ListItem\",\"position\":5,\"name\":\"INNOW FOAM &#8211; Pianka do dezynfekcji 750 ml\"}]},{\"@type\":\"WebSite\",\"@id\":\"https:\\\/\\\/innow.pl\\\/#website\",\"url\":\"https:\\\/\\\/innow.pl\\\/\",\"name\":\"INNOW\",\"description\":\"\",\"potentialAction\":[{\"@type\":\"SearchAction\",\"target\":{\"@type\":\"EntryPoint\",\"urlTemplate\":\"https:\\\/\\\/innow.pl\\\/?s={search_term_string}\"},\"query-input\":{\"@type\":\"PropertyValueSpecification\",\"valueRequired\":true,\"valueName\":\"search_term_string\"}}],\"inLanguage\":\"en-US\"}]}<\/script>\n<!-- \/ Yoast SEO plugin. -->","yoast_head_json":{"title":"INNOW FOAM - Pianka do dezynfekcji 750 ml - INNOW","description":"Pianka do dezynfekcji powierzchni mebli i sprz\u0119tu medycznego nieodpornych na dzia\u0142anie alkoholi. Szybka dezynfekcja i mycie. Dowiedz si\u0119 wi\u0119cej!","robots":{"index":"index","follow":"follow","max-snippet":"max-snippet:-1","max-image-preview":"max-image-preview:large","max-video-preview":"max-video-preview:-1"},"canonical":"https:\/\/innow.pl\/produkt\/innow-foam-pianka-do-dezynfekcji-innow-foam-750-ml\/","og_locale":"en_US","og_type":"article","og_title":"INNOW FOAM - Pianka do dezynfekcji 750 ml - INNOW","og_description":"Pianka do dezynfekcji powierzchni mebli i sprz\u0119tu medycznego nieodpornych na dzia\u0142anie alkoholi. Szybka dezynfekcja i mycie. Dowiedz si\u0119 wi\u0119cej!","og_url":"https:\/\/innow.pl\/produkt\/innow-foam-pianka-do-dezynfekcji-innow-foam-750-ml\/","og_site_name":"INNOW","article_modified_time":"2025-03-04T10:59:17+00:00","og_image":[{"width":800,"height":800,"url":"https:\/\/innow.pl\/wp-content\/uploads\/2024\/11\/INNOW_FOAM_1.jpg","type":"image\/jpeg"}],"twitter_card":"summary_large_image","twitter_misc":{"Est. reading time":"1 minute"},"schema":{"@context":"https:\/\/schema.org","@graph":[{"@type":"WebPage","@id":"https:\/\/innow.pl\/produkt\/innow-foam-pianka-do-dezynfekcji-innow-foam-750-ml\/","url":"https:\/\/innow.pl\/produkt\/innow-foam-pianka-do-dezynfekcji-innow-foam-750-ml\/","name":"INNOW FOAM - Pianka do dezynfekcji 750 ml - INNOW","isPartOf":{"@id":"https:\/\/innow.pl\/#website"},"primaryImageOfPage":{"@id":"https:\/\/innow.pl\/produkt\/innow-foam-pianka-do-dezynfekcji-innow-foam-750-ml\/#primaryimage"},"image":{"@id":"https:\/\/innow.pl\/produkt\/innow-foam-pianka-do-dezynfekcji-innow-foam-750-ml\/#primaryimage"},"thumbnailUrl":"https:\/\/innow.pl\/wp-content\/uploads\/2024\/11\/INNOW_FOAM_1.jpg","datePublished":"2017-06-28T06:39:39+00:00","dateModified":"2025-03-04T10:59:17+00:00","description":"Pianka do dezynfekcji powierzchni mebli i sprz\u0119tu medycznego nieodpornych na dzia\u0142anie alkoholi. Szybka dezynfekcja i mycie. Dowiedz si\u0119 wi\u0119cej!","breadcrumb":{"@id":"https:\/\/innow.pl\/produkt\/innow-foam-pianka-do-dezynfekcji-innow-foam-750-ml\/#breadcrumb"},"inLanguage":"en-US","potentialAction":[{"@type":"ReadAction","target":["https:\/\/innow.pl\/produkt\/innow-foam-pianka-do-dezynfekcji-innow-foam-750-ml\/"]}]},{"@type":"ImageObject","inLanguage":"en-US","@id":"https:\/\/innow.pl\/produkt\/innow-foam-pianka-do-dezynfekcji-innow-foam-750-ml\/#primaryimage","url":"https:\/\/innow.pl\/wp-content\/uploads\/2024\/11\/INNOW_FOAM_1.jpg","contentUrl":"https:\/\/innow.pl\/wp-content\/uploads\/2024\/11\/INNOW_FOAM_1.jpg","width":800,"height":800},{"@type":"BreadcrumbList","@id":"https:\/\/innow.pl\/produkt\/innow-foam-pianka-do-dezynfekcji-innow-foam-750-ml\/#breadcrumb","itemListElement":[{"@type":"ListItem","position":1,"name":"INNOW","item":"https:\/\/innow.pl\/en\/"},{"@type":"ListItem","position":2,"name":"Produkty","item":"https:\/\/innow.pl\/produkty\/"},{"@type":"ListItem","position":3,"name":"Ochrona i dezynfekcja","item":"https:\/\/innow.pl\/produkty\/ochrona-i-dezynfekcja\/"},{"@type":"ListItem","position":4,"name":"Dezynfekcja mebli medycznych","item":"https:\/\/innow.pl\/produkty\/ochrona-i-dezynfekcja\/dezynfekcja-mebli-medycznych\/"},{"@type":"ListItem","position":5,"name":"INNOW FOAM &#8211; Pianka do dezynfekcji 750 ml"}]},{"@type":"WebSite","@id":"https:\/\/innow.pl\/#website","url":"https:\/\/innow.pl\/","name":"INNOW","description":"","potentialAction":[{"@type":"SearchAction","target":{"@type":"EntryPoint","urlTemplate":"https:\/\/innow.pl\/?s={search_term_string}"},"query-input":{"@type":"PropertyValueSpecification","valueRequired":true,"valueName":"search_term_string"}}],"inLanguage":"en-US"}]}},"_links":{"self":[{"href":"https:\/\/innow.pl\/en\/wp-json\/wp\/v2\/product\/25698","targetHints":{"allow":["GET"]}}],"collection":[{"href":"https:\/\/innow.pl\/en\/wp-json\/wp\/v2\/product"}],"about":[{"href":"https:\/\/innow.pl\/en\/wp-json\/wp\/v2\/types\/product"}],"replies":[{"embeddable":true,"href":"https:\/\/innow.pl\/en\/wp-json\/wp\/v2\/comments?post=25698"}],"wp:featuredmedia":[{"embeddable":true,"href":"https:\/\/innow.pl\/en\/wp-json\/wp\/v2\/media\/25700"}],"wp:attachment":[{"href":"https:\/\/innow.pl\/en\/wp-json\/wp\/v2\/media?parent=25698"}],"wp:term":[{"taxonomy":"product_brand","embeddable":true,"href":"https:\/\/innow.pl\/en\/wp-json\/wp\/v2\/product_brand?post=25698"},{"taxonomy":"product_cat","embeddable":true,"href":"https:\/\/innow.pl\/en\/wp-json\/wp\/v2\/product_cat?post=25698"},{"taxonomy":"product_tag","embeddable":true,"href":"https:\/\/innow.pl\/en\/wp-json\/wp\/v2\/product_tag?post=25698"}],"curies":[{"name":"wp","href":"https:\/\/api.w.org\/{rel}","templated":true}]}}