{"id":25586,"date":"2017-06-28T06:51:00","date_gmt":"2017-06-28T04:51:00","guid":{"rendered":"https:\/\/innow.pl\/produkt\/4076\/"},"modified":"2025-10-29T12:38:08","modified_gmt":"2025-10-29T11:38:08","slug":"t651-balkonik-dla-dzieci-standardowy-2-kolowy-na-stopkach","status":"publish","type":"product","link":"https:\/\/innow.pl\/en\/produkt\/t651-balkonik-dla-dzieci-standardowy-2-kolowy-na-stopkach\/","title":{"rendered":"T651 &#8211; Balkonik dla dzieci standardowy 2-ko\u0142owy na stopkach"},"content":{"rendered":"<p>Balkonik dla dzieci standardowy 2-ko\u0142owy na stopkach b\u0119d\u0105cy wsparciem w poruszaniu si\u0119 oraz nauce chodu. Rama wykonana jest ze <strong>stali<\/strong>, a n\u00f3\u017cki wyposa\u017cone s\u0105 w regulacj\u0119 wysoko\u015bci. Przednia cz\u0119\u015b\u0107 balkonika posiada ko\u0142a skr\u0119tne, natomiast tylne n\u00f3\u017cki zako\u0144czone s\u0105 gumowymi stopkami.<\/p>\n","protected":false},"excerpt":{"rendered":"<p>Balkonik dla dzieci standardowy 2-ko\u0142owy na stopkach b\u0119d\u0105cy wsparciem w poruszaniu si\u0119 oraz nauce chodu. Rama wykonana jest ze stali, a n\u00f3\u017cki wyposa\u017cone s\u0105 w regulacj\u0119 wysoko\u015bci. Przednia cz\u0119\u015b\u0107 balkonika posiada ko\u0142a skr\u0119tne, natomiast tylne n\u00f3\u017cki zako\u0144czone s\u0105 gumowymi stopkami.<\/p>\n","protected":false},"featured_media":25588,"comment_status":"open","ping_status":"closed","template":"","meta":{"_acf_changed":false},"product_brand":[],"product_cat":[541,570,482,438],"product_tag":[],"class_list":{"0":"post-25586","1":"product","2":"type-product","3":"status-publish","4":"has-post-thumbnail","6":"product_cat-balkoniki","7":"product_cat-balkoniki-dla-dzieci","8":"product_cat-balkoniki-kule-laski","9":"product_cat-pielegnacja-i-rehabilitacja","10":"pa_glebokosc-40-cm","11":"pa_szerokosc-53-cm","12":"pa_wysokosc-54-74-cm","14":"first","15":"instock","16":"taxable","17":"shipping-taxable","18":"purchasable","19":"product-type-simple"},"acf":[],"yoast_head":"<!-- This site is optimized with the Yoast SEO plugin v27.4 - https:\/\/yoast.com\/product\/yoast-seo-wordpress\/ -->\n<title>T651 - Balkonik dla dzieci standardowy 2-ko\u0142owy na stopkach - INNOW<\/title>\n<meta name=\"description\" content=\"Funkcjonalny balkonik dla dzieci standardowy 2-ko\u0142owy na stopkach wspomagaj\u0105cy ch\u00f3d. Ergonomiczna konstrukcja i uchwyty. Sprawd\u017a szczeg\u00f3\u0142y!\" \/>\n<meta name=\"robots\" content=\"index, follow, max-snippet:-1, max-image-preview:large, max-video-preview:-1\" \/>\n<link rel=\"canonical\" href=\"https:\/\/innow.pl\/produkt\/t651-balkonik-dla-dzieci-standardowy-2-kolowy-na-stopkach\/\" \/>\n<meta property=\"og:locale\" content=\"en_US\" \/>\n<meta property=\"og:type\" content=\"article\" \/>\n<meta property=\"og:title\" content=\"T651 - Balkonik dla dzieci standardowy 2-ko\u0142owy na stopkach - INNOW\" \/>\n<meta property=\"og:description\" content=\"Funkcjonalny balkonik dla dzieci standardowy 2-ko\u0142owy na stopkach wspomagaj\u0105cy ch\u00f3d. Ergonomiczna konstrukcja i uchwyty. Sprawd\u017a szczeg\u00f3\u0142y!\" \/>\n<meta property=\"og:url\" content=\"https:\/\/innow.pl\/produkt\/t651-balkonik-dla-dzieci-standardowy-2-kolowy-na-stopkach\/\" \/>\n<meta property=\"og:site_name\" content=\"INNOW\" \/>\n<meta property=\"article:modified_time\" content=\"2025-10-29T11:38:08+00:00\" \/>\n<meta property=\"og:image\" content=\"https:\/\/innow.pl\/wp-content\/uploads\/2024\/11\/T651_1_-1.jpg\" \/>\n\t<meta property=\"og:image:width\" content=\"470\" \/>\n\t<meta property=\"og:image:height\" content=\"470\" \/>\n\t<meta property=\"og:image:type\" content=\"image\/jpeg\" \/>\n<meta name=\"twitter:card\" content=\"summary_large_image\" \/>\n<meta name=\"twitter:label1\" content=\"Est. reading time\" \/>\n\t<meta name=\"twitter:data1\" content=\"1 minute\" \/>\n<script type=\"application\/ld+json\" class=\"yoast-schema-graph\">{\"@context\":\"https:\\\/\\\/schema.org\",\"@graph\":[{\"@type\":\"WebPage\",\"@id\":\"https:\\\/\\\/innow.pl\\\/produkt\\\/t651-balkonik-dla-dzieci-standardowy-2-kolowy-na-stopkach\\\/\",\"url\":\"https:\\\/\\\/innow.pl\\\/produkt\\\/t651-balkonik-dla-dzieci-standardowy-2-kolowy-na-stopkach\\\/\",\"name\":\"T651 - Balkonik dla dzieci standardowy 2-ko\u0142owy na stopkach - INNOW\",\"isPartOf\":{\"@id\":\"https:\\\/\\\/innow.pl\\\/#website\"},\"primaryImageOfPage\":{\"@id\":\"https:\\\/\\\/innow.pl\\\/produkt\\\/t651-balkonik-dla-dzieci-standardowy-2-kolowy-na-stopkach\\\/#primaryimage\"},\"image\":{\"@id\":\"https:\\\/\\\/innow.pl\\\/produkt\\\/t651-balkonik-dla-dzieci-standardowy-2-kolowy-na-stopkach\\\/#primaryimage\"},\"thumbnailUrl\":\"https:\\\/\\\/innow.pl\\\/wp-content\\\/uploads\\\/2024\\\/11\\\/T651_1_-1.jpg\",\"datePublished\":\"2017-06-28T04:51:00+00:00\",\"dateModified\":\"2025-10-29T11:38:08+00:00\",\"description\":\"Funkcjonalny balkonik dla dzieci standardowy 2-ko\u0142owy na stopkach wspomagaj\u0105cy ch\u00f3d. Ergonomiczna konstrukcja i uchwyty. Sprawd\u017a szczeg\u00f3\u0142y!\",\"breadcrumb\":{\"@id\":\"https:\\\/\\\/innow.pl\\\/produkt\\\/t651-balkonik-dla-dzieci-standardowy-2-kolowy-na-stopkach\\\/#breadcrumb\"},\"inLanguage\":\"en-US\",\"potentialAction\":[{\"@type\":\"ReadAction\",\"target\":[\"https:\\\/\\\/innow.pl\\\/produkt\\\/t651-balkonik-dla-dzieci-standardowy-2-kolowy-na-stopkach\\\/\"]}]},{\"@type\":\"ImageObject\",\"inLanguage\":\"en-US\",\"@id\":\"https:\\\/\\\/innow.pl\\\/produkt\\\/t651-balkonik-dla-dzieci-standardowy-2-kolowy-na-stopkach\\\/#primaryimage\",\"url\":\"https:\\\/\\\/innow.pl\\\/wp-content\\\/uploads\\\/2024\\\/11\\\/T651_1_-1.jpg\",\"contentUrl\":\"https:\\\/\\\/innow.pl\\\/wp-content\\\/uploads\\\/2024\\\/11\\\/T651_1_-1.jpg\",\"width\":470,\"height\":470,\"caption\":\"Balkonik dla dzieci standardowy 2-ko\u0142owy na stopkach \u2013 T651 \u2013 INNOW\"},{\"@type\":\"BreadcrumbList\",\"@id\":\"https:\\\/\\\/innow.pl\\\/produkt\\\/t651-balkonik-dla-dzieci-standardowy-2-kolowy-na-stopkach\\\/#breadcrumb\",\"itemListElement\":[{\"@type\":\"ListItem\",\"position\":1,\"name\":\"INNOW\",\"item\":\"https:\\\/\\\/innow.pl\\\/en\\\/\"},{\"@type\":\"ListItem\",\"position\":2,\"name\":\"Produkty\",\"item\":\"https:\\\/\\\/innow.pl\\\/produkty\\\/\"},{\"@type\":\"ListItem\",\"position\":3,\"name\":\"Piel\u0119gnacja i rehabilitacja\",\"item\":\"https:\\\/\\\/innow.pl\\\/produkty\\\/pielegnacja-i-rehabilitacja\\\/\"},{\"@type\":\"ListItem\",\"position\":4,\"name\":\"Balkoniki, kule, laski\",\"item\":\"https:\\\/\\\/innow.pl\\\/produkty\\\/pielegnacja-i-rehabilitacja\\\/balkoniki-kule-laski\\\/\"},{\"@type\":\"ListItem\",\"position\":5,\"name\":\"Balkoniki\",\"item\":\"https:\\\/\\\/innow.pl\\\/produkty\\\/pielegnacja-i-rehabilitacja\\\/balkoniki-kule-laski\\\/balkoniki\\\/\"},{\"@type\":\"ListItem\",\"position\":6,\"name\":\"Balkoniki dla dzieci\",\"item\":\"https:\\\/\\\/innow.pl\\\/produkty\\\/pielegnacja-i-rehabilitacja\\\/balkoniki-kule-laski\\\/balkoniki\\\/balkoniki-dla-dzieci\\\/\"},{\"@type\":\"ListItem\",\"position\":7,\"name\":\"T651 &#8211; Balkonik dla dzieci standardowy 2-ko\u0142owy na stopkach\"}]},{\"@type\":\"WebSite\",\"@id\":\"https:\\\/\\\/innow.pl\\\/#website\",\"url\":\"https:\\\/\\\/innow.pl\\\/\",\"name\":\"INNOW\",\"description\":\"\",\"potentialAction\":[{\"@type\":\"SearchAction\",\"target\":{\"@type\":\"EntryPoint\",\"urlTemplate\":\"https:\\\/\\\/innow.pl\\\/?s={search_term_string}\"},\"query-input\":{\"@type\":\"PropertyValueSpecification\",\"valueRequired\":true,\"valueName\":\"search_term_string\"}}],\"inLanguage\":\"en-US\"}]}<\/script>\n<!-- \/ Yoast SEO plugin. -->","yoast_head_json":{"title":"T651 - Balkonik dla dzieci standardowy 2-ko\u0142owy na stopkach - INNOW","description":"Funkcjonalny balkonik dla dzieci standardowy 2-ko\u0142owy na stopkach wspomagaj\u0105cy ch\u00f3d. Ergonomiczna konstrukcja i uchwyty. Sprawd\u017a szczeg\u00f3\u0142y!","robots":{"index":"index","follow":"follow","max-snippet":"max-snippet:-1","max-image-preview":"max-image-preview:large","max-video-preview":"max-video-preview:-1"},"canonical":"https:\/\/innow.pl\/produkt\/t651-balkonik-dla-dzieci-standardowy-2-kolowy-na-stopkach\/","og_locale":"en_US","og_type":"article","og_title":"T651 - Balkonik dla dzieci standardowy 2-ko\u0142owy na stopkach - INNOW","og_description":"Funkcjonalny balkonik dla dzieci standardowy 2-ko\u0142owy na stopkach wspomagaj\u0105cy ch\u00f3d. Ergonomiczna konstrukcja i uchwyty. Sprawd\u017a szczeg\u00f3\u0142y!","og_url":"https:\/\/innow.pl\/produkt\/t651-balkonik-dla-dzieci-standardowy-2-kolowy-na-stopkach\/","og_site_name":"INNOW","article_modified_time":"2025-10-29T11:38:08+00:00","og_image":[{"width":470,"height":470,"url":"https:\/\/innow.pl\/wp-content\/uploads\/2024\/11\/T651_1_-1.jpg","type":"image\/jpeg"}],"twitter_card":"summary_large_image","twitter_misc":{"Est. reading time":"1 minute"},"schema":{"@context":"https:\/\/schema.org","@graph":[{"@type":"WebPage","@id":"https:\/\/innow.pl\/produkt\/t651-balkonik-dla-dzieci-standardowy-2-kolowy-na-stopkach\/","url":"https:\/\/innow.pl\/produkt\/t651-balkonik-dla-dzieci-standardowy-2-kolowy-na-stopkach\/","name":"T651 - Balkonik dla dzieci standardowy 2-ko\u0142owy na stopkach - INNOW","isPartOf":{"@id":"https:\/\/innow.pl\/#website"},"primaryImageOfPage":{"@id":"https:\/\/innow.pl\/produkt\/t651-balkonik-dla-dzieci-standardowy-2-kolowy-na-stopkach\/#primaryimage"},"image":{"@id":"https:\/\/innow.pl\/produkt\/t651-balkonik-dla-dzieci-standardowy-2-kolowy-na-stopkach\/#primaryimage"},"thumbnailUrl":"https:\/\/innow.pl\/wp-content\/uploads\/2024\/11\/T651_1_-1.jpg","datePublished":"2017-06-28T04:51:00+00:00","dateModified":"2025-10-29T11:38:08+00:00","description":"Funkcjonalny balkonik dla dzieci standardowy 2-ko\u0142owy na stopkach wspomagaj\u0105cy ch\u00f3d. Ergonomiczna konstrukcja i uchwyty. Sprawd\u017a szczeg\u00f3\u0142y!","breadcrumb":{"@id":"https:\/\/innow.pl\/produkt\/t651-balkonik-dla-dzieci-standardowy-2-kolowy-na-stopkach\/#breadcrumb"},"inLanguage":"en-US","potentialAction":[{"@type":"ReadAction","target":["https:\/\/innow.pl\/produkt\/t651-balkonik-dla-dzieci-standardowy-2-kolowy-na-stopkach\/"]}]},{"@type":"ImageObject","inLanguage":"en-US","@id":"https:\/\/innow.pl\/produkt\/t651-balkonik-dla-dzieci-standardowy-2-kolowy-na-stopkach\/#primaryimage","url":"https:\/\/innow.pl\/wp-content\/uploads\/2024\/11\/T651_1_-1.jpg","contentUrl":"https:\/\/innow.pl\/wp-content\/uploads\/2024\/11\/T651_1_-1.jpg","width":470,"height":470,"caption":"Balkonik dla dzieci standardowy 2-ko\u0142owy na stopkach \u2013 T651 \u2013 INNOW"},{"@type":"BreadcrumbList","@id":"https:\/\/innow.pl\/produkt\/t651-balkonik-dla-dzieci-standardowy-2-kolowy-na-stopkach\/#breadcrumb","itemListElement":[{"@type":"ListItem","position":1,"name":"INNOW","item":"https:\/\/innow.pl\/en\/"},{"@type":"ListItem","position":2,"name":"Produkty","item":"https:\/\/innow.pl\/produkty\/"},{"@type":"ListItem","position":3,"name":"Piel\u0119gnacja i rehabilitacja","item":"https:\/\/innow.pl\/produkty\/pielegnacja-i-rehabilitacja\/"},{"@type":"ListItem","position":4,"name":"Balkoniki, kule, laski","item":"https:\/\/innow.pl\/produkty\/pielegnacja-i-rehabilitacja\/balkoniki-kule-laski\/"},{"@type":"ListItem","position":5,"name":"Balkoniki","item":"https:\/\/innow.pl\/produkty\/pielegnacja-i-rehabilitacja\/balkoniki-kule-laski\/balkoniki\/"},{"@type":"ListItem","position":6,"name":"Balkoniki dla dzieci","item":"https:\/\/innow.pl\/produkty\/pielegnacja-i-rehabilitacja\/balkoniki-kule-laski\/balkoniki\/balkoniki-dla-dzieci\/"},{"@type":"ListItem","position":7,"name":"T651 &#8211; Balkonik dla dzieci standardowy 2-ko\u0142owy na stopkach"}]},{"@type":"WebSite","@id":"https:\/\/innow.pl\/#website","url":"https:\/\/innow.pl\/","name":"INNOW","description":"","potentialAction":[{"@type":"SearchAction","target":{"@type":"EntryPoint","urlTemplate":"https:\/\/innow.pl\/?s={search_term_string}"},"query-input":{"@type":"PropertyValueSpecification","valueRequired":true,"valueName":"search_term_string"}}],"inLanguage":"en-US"}]}},"_links":{"self":[{"href":"https:\/\/innow.pl\/en\/wp-json\/wp\/v2\/product\/25586","targetHints":{"allow":["GET"]}}],"collection":[{"href":"https:\/\/innow.pl\/en\/wp-json\/wp\/v2\/product"}],"about":[{"href":"https:\/\/innow.pl\/en\/wp-json\/wp\/v2\/types\/product"}],"replies":[{"embeddable":true,"href":"https:\/\/innow.pl\/en\/wp-json\/wp\/v2\/comments?post=25586"}],"wp:featuredmedia":[{"embeddable":true,"href":"https:\/\/innow.pl\/en\/wp-json\/wp\/v2\/media\/25588"}],"wp:attachment":[{"href":"https:\/\/innow.pl\/en\/wp-json\/wp\/v2\/media?parent=25586"}],"wp:term":[{"taxonomy":"product_brand","embeddable":true,"href":"https:\/\/innow.pl\/en\/wp-json\/wp\/v2\/product_brand?post=25586"},{"taxonomy":"product_cat","embeddable":true,"href":"https:\/\/innow.pl\/en\/wp-json\/wp\/v2\/product_cat?post=25586"},{"taxonomy":"product_tag","embeddable":true,"href":"https:\/\/innow.pl\/en\/wp-json\/wp\/v2\/product_tag?post=25586"}],"curies":[{"name":"wp","href":"https:\/\/api.w.org\/{rel}","templated":true}]}}