{"id":25578,"date":"2017-06-28T06:18:22","date_gmt":"2017-06-28T04:18:22","guid":{"rendered":"https:\/\/innow.pl\/produkt\/t645w-balkonik-podporka-stala-ulatwiajaca-wstawanie\/"},"modified":"2025-03-04T13:13:35","modified_gmt":"2025-03-04T12:13:35","slug":"t645w-balkonik-podporka-stala-ulatwiajaca-wstawanie","status":"publish","type":"product","link":"https:\/\/innow.pl\/en\/produkt\/t645w-balkonik-podporka-stala-ulatwiajaca-wstawanie\/","title":{"rendered":"T645W &#8211; Balkonik &#8211; podp\u00f3rka sta\u0142a u\u0142atwiaj\u0105ca wstawanie"},"content":{"rendered":"<p>Balkonik sta\u0142y przeznaczony do stosowania dla os\u00f3b maj\u0105cych problemy z pionizacj\u0105, utrzymaniem r\u00f3wnowagi podczas chodu, czy cierpi\u0105cych na zaburzenia narz\u0105du ruchu. Wyr\u00f3b posiada ram\u0119 z aluminium umo\u017cliwiaj\u0105c\u0105 sk\u0142adanie, wzmocnione po\u0142\u0105czenia, a tak\u017ce dodatkowe, specjalne, ergonomiczne uchwyty na dw\u00f3ch poziomach wysoko\u015bci. Pozwala to na wi\u0119ksze wsparcie podczas wstawania. Wyr\u00f3b umo\u017cliwia regulacj\u0119 wysoko\u015bci w spos\u00f3b skokowy co 2,5 cm. N\u00f3\u017cki zako\u0144czone s\u0105 antypo\u015blizgowymi, gumowymi nasadkami.<\/p>\n","protected":false},"excerpt":{"rendered":"<p>Balkonik sta\u0142y przeznaczony do stosowania dla os\u00f3b maj\u0105cych problemy z pionizacj\u0105, utrzymaniem r\u00f3wnowagi podczas chodu, czy cierpi\u0105cych na zaburzenia narz\u0105du ruchu. Wyr\u00f3b posiada ram\u0119 z aluminium umo\u017cliwiaj\u0105c\u0105 sk\u0142adanie, wzmocnione po\u0142\u0105czenia, a tak\u017ce dodatkowe, specjalne, ergonomiczne uchwyty na dw\u00f3ch poziomach wysoko\u015bci. Pozwala to na wi\u0119ksze wsparcie podczas wstawania. Wyr\u00f3b umo\u017cliwia regulacj\u0119 wysoko\u015bci w spos\u00f3b skokowy co [&hellip;]<\/p>\n","protected":false},"featured_media":25580,"comment_status":"open","ping_status":"closed","template":"","meta":{"_acf_changed":false},"product_brand":[],"product_cat":[541,482,438,568],"product_tag":[],"class_list":{"0":"post-25578","1":"product","2":"type-product","3":"status-publish","4":"has-post-thumbnail","6":"product_cat-balkoniki","7":"product_cat-balkoniki-kule-laski","8":"product_cat-pielegnacja-i-rehabilitacja","9":"product_cat-podporki-stale","10":"pa_szerokosc-62-cm","11":"pa_waga-25-kg","12":"pa_wysokosc-815-915-cm","14":"first","15":"instock","16":"taxable","17":"shipping-taxable","18":"purchasable","19":"product-type-simple"},"acf":[],"yoast_head":"<!-- This site is optimized with the Yoast SEO plugin v27.4 - https:\/\/yoast.com\/product\/yoast-seo-wordpress\/ -->\n<title>T645W - Balkonik - podp\u00f3rka sta\u0142a u\u0142atwiaj\u0105ca wstawanie - INNOW<\/title>\n<meta name=\"description\" content=\"Funkcjonalny balkonik - podp\u00f3rka sta\u0142a u\u0142atwiaj\u0105ca wstawanie, dzi\u0119ki specjalnemu ukszta\u0142towaniu konstrukcji oraz ergonomicznym uchwytom. Kliknij!\" \/>\n<meta name=\"robots\" content=\"index, follow, max-snippet:-1, max-image-preview:large, max-video-preview:-1\" \/>\n<link rel=\"canonical\" href=\"https:\/\/innow.pl\/produkt\/t645w-balkonik-podporka-stala-ulatwiajaca-wstawanie\/\" \/>\n<meta property=\"og:locale\" content=\"en_US\" \/>\n<meta property=\"og:type\" content=\"article\" \/>\n<meta property=\"og:title\" content=\"T645W - Balkonik - podp\u00f3rka sta\u0142a u\u0142atwiaj\u0105ca wstawanie - INNOW\" \/>\n<meta property=\"og:description\" content=\"Funkcjonalny balkonik - podp\u00f3rka sta\u0142a u\u0142atwiaj\u0105ca wstawanie, dzi\u0119ki specjalnemu ukszta\u0142towaniu konstrukcji oraz ergonomicznym uchwytom. Kliknij!\" \/>\n<meta property=\"og:url\" content=\"https:\/\/innow.pl\/produkt\/t645w-balkonik-podporka-stala-ulatwiajaca-wstawanie\/\" \/>\n<meta property=\"og:site_name\" content=\"INNOW\" \/>\n<meta property=\"article:modified_time\" content=\"2025-03-04T12:13:35+00:00\" \/>\n<meta property=\"og:image\" content=\"https:\/\/innow.pl\/wp-content\/uploads\/2024\/11\/T645W_1.jpg\" \/>\n\t<meta property=\"og:image:width\" content=\"480\" \/>\n\t<meta property=\"og:image:height\" content=\"480\" \/>\n\t<meta property=\"og:image:type\" content=\"image\/jpeg\" \/>\n<meta name=\"twitter:card\" content=\"summary_large_image\" \/>\n<meta name=\"twitter:label1\" content=\"Est. reading time\" \/>\n\t<meta name=\"twitter:data1\" content=\"1 minute\" \/>\n<script type=\"application\/ld+json\" class=\"yoast-schema-graph\">{\"@context\":\"https:\\\/\\\/schema.org\",\"@graph\":[{\"@type\":\"WebPage\",\"@id\":\"https:\\\/\\\/innow.pl\\\/produkt\\\/t645w-balkonik-podporka-stala-ulatwiajaca-wstawanie\\\/\",\"url\":\"https:\\\/\\\/innow.pl\\\/produkt\\\/t645w-balkonik-podporka-stala-ulatwiajaca-wstawanie\\\/\",\"name\":\"T645W - Balkonik - podp\u00f3rka sta\u0142a u\u0142atwiaj\u0105ca wstawanie - INNOW\",\"isPartOf\":{\"@id\":\"https:\\\/\\\/innow.pl\\\/#website\"},\"primaryImageOfPage\":{\"@id\":\"https:\\\/\\\/innow.pl\\\/produkt\\\/t645w-balkonik-podporka-stala-ulatwiajaca-wstawanie\\\/#primaryimage\"},\"image\":{\"@id\":\"https:\\\/\\\/innow.pl\\\/produkt\\\/t645w-balkonik-podporka-stala-ulatwiajaca-wstawanie\\\/#primaryimage\"},\"thumbnailUrl\":\"https:\\\/\\\/innow.pl\\\/wp-content\\\/uploads\\\/2024\\\/11\\\/T645W_1.jpg\",\"datePublished\":\"2017-06-28T04:18:22+00:00\",\"dateModified\":\"2025-03-04T12:13:35+00:00\",\"description\":\"Funkcjonalny balkonik - podp\u00f3rka sta\u0142a u\u0142atwiaj\u0105ca wstawanie, dzi\u0119ki specjalnemu ukszta\u0142towaniu konstrukcji oraz ergonomicznym uchwytom. Kliknij!\",\"breadcrumb\":{\"@id\":\"https:\\\/\\\/innow.pl\\\/produkt\\\/t645w-balkonik-podporka-stala-ulatwiajaca-wstawanie\\\/#breadcrumb\"},\"inLanguage\":\"en-US\",\"potentialAction\":[{\"@type\":\"ReadAction\",\"target\":[\"https:\\\/\\\/innow.pl\\\/produkt\\\/t645w-balkonik-podporka-stala-ulatwiajaca-wstawanie\\\/\"]}]},{\"@type\":\"ImageObject\",\"inLanguage\":\"en-US\",\"@id\":\"https:\\\/\\\/innow.pl\\\/produkt\\\/t645w-balkonik-podporka-stala-ulatwiajaca-wstawanie\\\/#primaryimage\",\"url\":\"https:\\\/\\\/innow.pl\\\/wp-content\\\/uploads\\\/2024\\\/11\\\/T645W_1.jpg\",\"contentUrl\":\"https:\\\/\\\/innow.pl\\\/wp-content\\\/uploads\\\/2024\\\/11\\\/T645W_1.jpg\",\"width\":480,\"height\":480,\"caption\":\"Balkonik - podp\u00f3rka sta\u0142a u\u0142atwiaj\u0105ca wstawanie \u2013 T645W \u2013 INNOW\"},{\"@type\":\"BreadcrumbList\",\"@id\":\"https:\\\/\\\/innow.pl\\\/produkt\\\/t645w-balkonik-podporka-stala-ulatwiajaca-wstawanie\\\/#breadcrumb\",\"itemListElement\":[{\"@type\":\"ListItem\",\"position\":1,\"name\":\"INNOW\",\"item\":\"https:\\\/\\\/innow.pl\\\/en\\\/\"},{\"@type\":\"ListItem\",\"position\":2,\"name\":\"Produkty\",\"item\":\"https:\\\/\\\/innow.pl\\\/produkty\\\/\"},{\"@type\":\"ListItem\",\"position\":3,\"name\":\"Piel\u0119gnacja i rehabilitacja\",\"item\":\"https:\\\/\\\/innow.pl\\\/produkty\\\/pielegnacja-i-rehabilitacja\\\/\"},{\"@type\":\"ListItem\",\"position\":4,\"name\":\"Balkoniki, kule, laski\",\"item\":\"https:\\\/\\\/innow.pl\\\/produkty\\\/pielegnacja-i-rehabilitacja\\\/balkoniki-kule-laski\\\/\"},{\"@type\":\"ListItem\",\"position\":5,\"name\":\"Balkoniki\",\"item\":\"https:\\\/\\\/innow.pl\\\/produkty\\\/pielegnacja-i-rehabilitacja\\\/balkoniki-kule-laski\\\/balkoniki\\\/\"},{\"@type\":\"ListItem\",\"position\":6,\"name\":\"Podp\u00f3rki sta\u0142e\",\"item\":\"https:\\\/\\\/innow.pl\\\/produkty\\\/pielegnacja-i-rehabilitacja\\\/balkoniki-kule-laski\\\/balkoniki\\\/podporki-stale\\\/\"},{\"@type\":\"ListItem\",\"position\":7,\"name\":\"T645W &#8211; Balkonik &#8211; podp\u00f3rka sta\u0142a u\u0142atwiaj\u0105ca wstawanie\"}]},{\"@type\":\"WebSite\",\"@id\":\"https:\\\/\\\/innow.pl\\\/#website\",\"url\":\"https:\\\/\\\/innow.pl\\\/\",\"name\":\"INNOW\",\"description\":\"\",\"potentialAction\":[{\"@type\":\"SearchAction\",\"target\":{\"@type\":\"EntryPoint\",\"urlTemplate\":\"https:\\\/\\\/innow.pl\\\/?s={search_term_string}\"},\"query-input\":{\"@type\":\"PropertyValueSpecification\",\"valueRequired\":true,\"valueName\":\"search_term_string\"}}],\"inLanguage\":\"en-US\"}]}<\/script>\n<!-- \/ Yoast SEO plugin. -->","yoast_head_json":{"title":"T645W - Balkonik - podp\u00f3rka sta\u0142a u\u0142atwiaj\u0105ca wstawanie - INNOW","description":"Funkcjonalny balkonik - podp\u00f3rka sta\u0142a u\u0142atwiaj\u0105ca wstawanie, dzi\u0119ki specjalnemu ukszta\u0142towaniu konstrukcji oraz ergonomicznym uchwytom. Kliknij!","robots":{"index":"index","follow":"follow","max-snippet":"max-snippet:-1","max-image-preview":"max-image-preview:large","max-video-preview":"max-video-preview:-1"},"canonical":"https:\/\/innow.pl\/produkt\/t645w-balkonik-podporka-stala-ulatwiajaca-wstawanie\/","og_locale":"en_US","og_type":"article","og_title":"T645W - Balkonik - podp\u00f3rka sta\u0142a u\u0142atwiaj\u0105ca wstawanie - INNOW","og_description":"Funkcjonalny balkonik - podp\u00f3rka sta\u0142a u\u0142atwiaj\u0105ca wstawanie, dzi\u0119ki specjalnemu ukszta\u0142towaniu konstrukcji oraz ergonomicznym uchwytom. Kliknij!","og_url":"https:\/\/innow.pl\/produkt\/t645w-balkonik-podporka-stala-ulatwiajaca-wstawanie\/","og_site_name":"INNOW","article_modified_time":"2025-03-04T12:13:35+00:00","og_image":[{"width":480,"height":480,"url":"https:\/\/innow.pl\/wp-content\/uploads\/2024\/11\/T645W_1.jpg","type":"image\/jpeg"}],"twitter_card":"summary_large_image","twitter_misc":{"Est. reading time":"1 minute"},"schema":{"@context":"https:\/\/schema.org","@graph":[{"@type":"WebPage","@id":"https:\/\/innow.pl\/produkt\/t645w-balkonik-podporka-stala-ulatwiajaca-wstawanie\/","url":"https:\/\/innow.pl\/produkt\/t645w-balkonik-podporka-stala-ulatwiajaca-wstawanie\/","name":"T645W - Balkonik - podp\u00f3rka sta\u0142a u\u0142atwiaj\u0105ca wstawanie - INNOW","isPartOf":{"@id":"https:\/\/innow.pl\/#website"},"primaryImageOfPage":{"@id":"https:\/\/innow.pl\/produkt\/t645w-balkonik-podporka-stala-ulatwiajaca-wstawanie\/#primaryimage"},"image":{"@id":"https:\/\/innow.pl\/produkt\/t645w-balkonik-podporka-stala-ulatwiajaca-wstawanie\/#primaryimage"},"thumbnailUrl":"https:\/\/innow.pl\/wp-content\/uploads\/2024\/11\/T645W_1.jpg","datePublished":"2017-06-28T04:18:22+00:00","dateModified":"2025-03-04T12:13:35+00:00","description":"Funkcjonalny balkonik - podp\u00f3rka sta\u0142a u\u0142atwiaj\u0105ca wstawanie, dzi\u0119ki specjalnemu ukszta\u0142towaniu konstrukcji oraz ergonomicznym uchwytom. Kliknij!","breadcrumb":{"@id":"https:\/\/innow.pl\/produkt\/t645w-balkonik-podporka-stala-ulatwiajaca-wstawanie\/#breadcrumb"},"inLanguage":"en-US","potentialAction":[{"@type":"ReadAction","target":["https:\/\/innow.pl\/produkt\/t645w-balkonik-podporka-stala-ulatwiajaca-wstawanie\/"]}]},{"@type":"ImageObject","inLanguage":"en-US","@id":"https:\/\/innow.pl\/produkt\/t645w-balkonik-podporka-stala-ulatwiajaca-wstawanie\/#primaryimage","url":"https:\/\/innow.pl\/wp-content\/uploads\/2024\/11\/T645W_1.jpg","contentUrl":"https:\/\/innow.pl\/wp-content\/uploads\/2024\/11\/T645W_1.jpg","width":480,"height":480,"caption":"Balkonik - podp\u00f3rka sta\u0142a u\u0142atwiaj\u0105ca wstawanie \u2013 T645W \u2013 INNOW"},{"@type":"BreadcrumbList","@id":"https:\/\/innow.pl\/produkt\/t645w-balkonik-podporka-stala-ulatwiajaca-wstawanie\/#breadcrumb","itemListElement":[{"@type":"ListItem","position":1,"name":"INNOW","item":"https:\/\/innow.pl\/en\/"},{"@type":"ListItem","position":2,"name":"Produkty","item":"https:\/\/innow.pl\/produkty\/"},{"@type":"ListItem","position":3,"name":"Piel\u0119gnacja i rehabilitacja","item":"https:\/\/innow.pl\/produkty\/pielegnacja-i-rehabilitacja\/"},{"@type":"ListItem","position":4,"name":"Balkoniki, kule, laski","item":"https:\/\/innow.pl\/produkty\/pielegnacja-i-rehabilitacja\/balkoniki-kule-laski\/"},{"@type":"ListItem","position":5,"name":"Balkoniki","item":"https:\/\/innow.pl\/produkty\/pielegnacja-i-rehabilitacja\/balkoniki-kule-laski\/balkoniki\/"},{"@type":"ListItem","position":6,"name":"Podp\u00f3rki sta\u0142e","item":"https:\/\/innow.pl\/produkty\/pielegnacja-i-rehabilitacja\/balkoniki-kule-laski\/balkoniki\/podporki-stale\/"},{"@type":"ListItem","position":7,"name":"T645W &#8211; Balkonik &#8211; podp\u00f3rka sta\u0142a u\u0142atwiaj\u0105ca wstawanie"}]},{"@type":"WebSite","@id":"https:\/\/innow.pl\/#website","url":"https:\/\/innow.pl\/","name":"INNOW","description":"","potentialAction":[{"@type":"SearchAction","target":{"@type":"EntryPoint","urlTemplate":"https:\/\/innow.pl\/?s={search_term_string}"},"query-input":{"@type":"PropertyValueSpecification","valueRequired":true,"valueName":"search_term_string"}}],"inLanguage":"en-US"}]}},"_links":{"self":[{"href":"https:\/\/innow.pl\/en\/wp-json\/wp\/v2\/product\/25578","targetHints":{"allow":["GET"]}}],"collection":[{"href":"https:\/\/innow.pl\/en\/wp-json\/wp\/v2\/product"}],"about":[{"href":"https:\/\/innow.pl\/en\/wp-json\/wp\/v2\/types\/product"}],"replies":[{"embeddable":true,"href":"https:\/\/innow.pl\/en\/wp-json\/wp\/v2\/comments?post=25578"}],"wp:featuredmedia":[{"embeddable":true,"href":"https:\/\/innow.pl\/en\/wp-json\/wp\/v2\/media\/25580"}],"wp:attachment":[{"href":"https:\/\/innow.pl\/en\/wp-json\/wp\/v2\/media?parent=25578"}],"wp:term":[{"taxonomy":"product_brand","embeddable":true,"href":"https:\/\/innow.pl\/en\/wp-json\/wp\/v2\/product_brand?post=25578"},{"taxonomy":"product_cat","embeddable":true,"href":"https:\/\/innow.pl\/en\/wp-json\/wp\/v2\/product_cat?post=25578"},{"taxonomy":"product_tag","embeddable":true,"href":"https:\/\/innow.pl\/en\/wp-json\/wp\/v2\/product_tag?post=25578"}],"curies":[{"name":"wp","href":"https:\/\/api.w.org\/{rel}","templated":true}]}}