{"id":25562,"date":"2017-06-27T09:46:37","date_gmt":"2017-06-27T07:46:37","guid":{"rendered":"https:\/\/innow.pl\/produkt\/t644-balkonik-kroczaco-staly\/"},"modified":"2025-03-04T13:47:42","modified_gmt":"2025-03-04T12:47:42","slug":"t644-balkonik-kroczaco-staly","status":"publish","type":"product","link":"https:\/\/innow.pl\/en\/produkt\/t644-balkonik-kroczaco-staly\/","title":{"rendered":"T644 &#8211; Balkonik krocz\u0105co &#8211; sta\u0142y"},"content":{"rendered":"<p>Balkonik krocz\u0105co-sta\u0142y z mo\u017cliwo\u015bci\u0105 dopasowania do u\u017cytkownika dzi\u0119ki regulowanej wysoko\u015bci. Konstrukcja wyrobu wykonana jest z aluminium i osadzona na stopkach. \u00a0<\/p>\n","protected":false},"excerpt":{"rendered":"<p>Balkonik krocz\u0105co-sta\u0142y z mo\u017cliwo\u015bci\u0105 dopasowania do u\u017cytkownika dzi\u0119ki regulowanej wysoko\u015bci. Konstrukcja wyrobu wykonana jest z aluminium i osadzona na stopkach. \u00a0<\/p>\n","protected":false},"featured_media":25564,"comment_status":"open","ping_status":"closed","template":"","meta":{"_acf_changed":false},"product_brand":[],"product_cat":[541,567,482,438],"product_tag":[],"class_list":{"0":"post-25562","1":"product","2":"type-product","3":"status-publish","4":"has-post-thumbnail","6":"product_cat-balkoniki","7":"product_cat-balkoniki-kroczace","8":"product_cat-balkoniki-kule-laski","9":"product_cat-pielegnacja-i-rehabilitacja","10":"pa_szerokosc-60-cm","11":"pa_wysokosc-82-100-cm","13":"first","14":"instock","15":"taxable","16":"shipping-taxable","17":"purchasable","18":"product-type-simple"},"acf":[],"yoast_head":"<!-- This site is optimized with the Yoast SEO plugin v27.4 - https:\/\/yoast.com\/product\/yoast-seo-wordpress\/ -->\n<title>T644 - Balkonik krocz\u0105co - sta\u0142y - INNOW<\/title>\n<meta name=\"description\" content=\"Balkonik krocz\u0105co - sta\u0142y na stopkach. Lekka konstrukcja z aluminium. \u0141atwe poruszanie si\u0119, dzi\u0119ki funkcjo kroczenia. Usprawnienie rehabilitacji. Sprawd\u017a!\" \/>\n<meta name=\"robots\" content=\"index, follow, max-snippet:-1, max-image-preview:large, max-video-preview:-1\" \/>\n<link rel=\"canonical\" href=\"https:\/\/innow.pl\/produkt\/t644-balkonik-kroczaco-staly\/\" \/>\n<meta property=\"og:locale\" content=\"en_US\" \/>\n<meta property=\"og:type\" content=\"article\" \/>\n<meta property=\"og:title\" content=\"T644 - Balkonik krocz\u0105co - sta\u0142y - INNOW\" \/>\n<meta property=\"og:description\" content=\"Balkonik krocz\u0105co - sta\u0142y na stopkach. Lekka konstrukcja z aluminium. \u0141atwe poruszanie si\u0119, dzi\u0119ki funkcjo kroczenia. Usprawnienie rehabilitacji. Sprawd\u017a!\" \/>\n<meta property=\"og:url\" content=\"https:\/\/innow.pl\/produkt\/t644-balkonik-kroczaco-staly\/\" \/>\n<meta property=\"og:site_name\" content=\"INNOW\" \/>\n<meta property=\"article:modified_time\" content=\"2025-03-04T12:47:42+00:00\" \/>\n<meta property=\"og:image\" content=\"https:\/\/innow.pl\/wp-content\/uploads\/2024\/11\/T644.jpg\" \/>\n\t<meta property=\"og:image:width\" content=\"432\" \/>\n\t<meta property=\"og:image:height\" content=\"480\" \/>\n\t<meta property=\"og:image:type\" content=\"image\/jpeg\" \/>\n<meta name=\"twitter:card\" content=\"summary_large_image\" \/>\n<meta name=\"twitter:label1\" content=\"Est. reading time\" \/>\n\t<meta name=\"twitter:data1\" content=\"1 minute\" \/>\n<script type=\"application\/ld+json\" class=\"yoast-schema-graph\">{\"@context\":\"https:\\\/\\\/schema.org\",\"@graph\":[{\"@type\":\"WebPage\",\"@id\":\"https:\\\/\\\/innow.pl\\\/produkt\\\/t644-balkonik-kroczaco-staly\\\/\",\"url\":\"https:\\\/\\\/innow.pl\\\/produkt\\\/t644-balkonik-kroczaco-staly\\\/\",\"name\":\"T644 - Balkonik krocz\u0105co - sta\u0142y - INNOW\",\"isPartOf\":{\"@id\":\"https:\\\/\\\/innow.pl\\\/#website\"},\"primaryImageOfPage\":{\"@id\":\"https:\\\/\\\/innow.pl\\\/produkt\\\/t644-balkonik-kroczaco-staly\\\/#primaryimage\"},\"image\":{\"@id\":\"https:\\\/\\\/innow.pl\\\/produkt\\\/t644-balkonik-kroczaco-staly\\\/#primaryimage\"},\"thumbnailUrl\":\"https:\\\/\\\/innow.pl\\\/wp-content\\\/uploads\\\/2024\\\/11\\\/T644.jpg\",\"datePublished\":\"2017-06-27T07:46:37+00:00\",\"dateModified\":\"2025-03-04T12:47:42+00:00\",\"description\":\"Balkonik krocz\u0105co - sta\u0142y na stopkach. Lekka konstrukcja z aluminium. \u0141atwe poruszanie si\u0119, dzi\u0119ki funkcjo kroczenia. Usprawnienie rehabilitacji. Sprawd\u017a!\",\"breadcrumb\":{\"@id\":\"https:\\\/\\\/innow.pl\\\/produkt\\\/t644-balkonik-kroczaco-staly\\\/#breadcrumb\"},\"inLanguage\":\"en-US\",\"potentialAction\":[{\"@type\":\"ReadAction\",\"target\":[\"https:\\\/\\\/innow.pl\\\/produkt\\\/t644-balkonik-kroczaco-staly\\\/\"]}]},{\"@type\":\"ImageObject\",\"inLanguage\":\"en-US\",\"@id\":\"https:\\\/\\\/innow.pl\\\/produkt\\\/t644-balkonik-kroczaco-staly\\\/#primaryimage\",\"url\":\"https:\\\/\\\/innow.pl\\\/wp-content\\\/uploads\\\/2024\\\/11\\\/T644.jpg\",\"contentUrl\":\"https:\\\/\\\/innow.pl\\\/wp-content\\\/uploads\\\/2024\\\/11\\\/T644.jpg\",\"width\":432,\"height\":480,\"caption\":\"Balkonik krocz\u0105co - sta\u0142y \u2013 T644 \u2013 INNOW\"},{\"@type\":\"BreadcrumbList\",\"@id\":\"https:\\\/\\\/innow.pl\\\/produkt\\\/t644-balkonik-kroczaco-staly\\\/#breadcrumb\",\"itemListElement\":[{\"@type\":\"ListItem\",\"position\":1,\"name\":\"INNOW\",\"item\":\"https:\\\/\\\/innow.pl\\\/en\\\/\"},{\"@type\":\"ListItem\",\"position\":2,\"name\":\"Produkty\",\"item\":\"https:\\\/\\\/innow.pl\\\/produkty\\\/\"},{\"@type\":\"ListItem\",\"position\":3,\"name\":\"Piel\u0119gnacja i rehabilitacja\",\"item\":\"https:\\\/\\\/innow.pl\\\/produkty\\\/pielegnacja-i-rehabilitacja\\\/\"},{\"@type\":\"ListItem\",\"position\":4,\"name\":\"Balkoniki, kule, laski\",\"item\":\"https:\\\/\\\/innow.pl\\\/produkty\\\/pielegnacja-i-rehabilitacja\\\/balkoniki-kule-laski\\\/\"},{\"@type\":\"ListItem\",\"position\":5,\"name\":\"Balkoniki\",\"item\":\"https:\\\/\\\/innow.pl\\\/produkty\\\/pielegnacja-i-rehabilitacja\\\/balkoniki-kule-laski\\\/balkoniki\\\/\"},{\"@type\":\"ListItem\",\"position\":6,\"name\":\"Balkoniki krocz\u0105ce\",\"item\":\"https:\\\/\\\/innow.pl\\\/produkty\\\/pielegnacja-i-rehabilitacja\\\/balkoniki-kule-laski\\\/balkoniki\\\/balkoniki-kroczace\\\/\"},{\"@type\":\"ListItem\",\"position\":7,\"name\":\"T644 &#8211; Balkonik krocz\u0105co &#8211; sta\u0142y\"}]},{\"@type\":\"WebSite\",\"@id\":\"https:\\\/\\\/innow.pl\\\/#website\",\"url\":\"https:\\\/\\\/innow.pl\\\/\",\"name\":\"INNOW\",\"description\":\"\",\"potentialAction\":[{\"@type\":\"SearchAction\",\"target\":{\"@type\":\"EntryPoint\",\"urlTemplate\":\"https:\\\/\\\/innow.pl\\\/?s={search_term_string}\"},\"query-input\":{\"@type\":\"PropertyValueSpecification\",\"valueRequired\":true,\"valueName\":\"search_term_string\"}}],\"inLanguage\":\"en-US\"}]}<\/script>\n<!-- \/ Yoast SEO plugin. -->","yoast_head_json":{"title":"T644 - Balkonik krocz\u0105co - sta\u0142y - INNOW","description":"Balkonik krocz\u0105co - sta\u0142y na stopkach. Lekka konstrukcja z aluminium. \u0141atwe poruszanie si\u0119, dzi\u0119ki funkcjo kroczenia. Usprawnienie rehabilitacji. Sprawd\u017a!","robots":{"index":"index","follow":"follow","max-snippet":"max-snippet:-1","max-image-preview":"max-image-preview:large","max-video-preview":"max-video-preview:-1"},"canonical":"https:\/\/innow.pl\/produkt\/t644-balkonik-kroczaco-staly\/","og_locale":"en_US","og_type":"article","og_title":"T644 - Balkonik krocz\u0105co - sta\u0142y - INNOW","og_description":"Balkonik krocz\u0105co - sta\u0142y na stopkach. Lekka konstrukcja z aluminium. \u0141atwe poruszanie si\u0119, dzi\u0119ki funkcjo kroczenia. Usprawnienie rehabilitacji. Sprawd\u017a!","og_url":"https:\/\/innow.pl\/produkt\/t644-balkonik-kroczaco-staly\/","og_site_name":"INNOW","article_modified_time":"2025-03-04T12:47:42+00:00","og_image":[{"width":432,"height":480,"url":"https:\/\/innow.pl\/wp-content\/uploads\/2024\/11\/T644.jpg","type":"image\/jpeg"}],"twitter_card":"summary_large_image","twitter_misc":{"Est. reading time":"1 minute"},"schema":{"@context":"https:\/\/schema.org","@graph":[{"@type":"WebPage","@id":"https:\/\/innow.pl\/produkt\/t644-balkonik-kroczaco-staly\/","url":"https:\/\/innow.pl\/produkt\/t644-balkonik-kroczaco-staly\/","name":"T644 - Balkonik krocz\u0105co - sta\u0142y - INNOW","isPartOf":{"@id":"https:\/\/innow.pl\/#website"},"primaryImageOfPage":{"@id":"https:\/\/innow.pl\/produkt\/t644-balkonik-kroczaco-staly\/#primaryimage"},"image":{"@id":"https:\/\/innow.pl\/produkt\/t644-balkonik-kroczaco-staly\/#primaryimage"},"thumbnailUrl":"https:\/\/innow.pl\/wp-content\/uploads\/2024\/11\/T644.jpg","datePublished":"2017-06-27T07:46:37+00:00","dateModified":"2025-03-04T12:47:42+00:00","description":"Balkonik krocz\u0105co - sta\u0142y na stopkach. Lekka konstrukcja z aluminium. \u0141atwe poruszanie si\u0119, dzi\u0119ki funkcjo kroczenia. Usprawnienie rehabilitacji. Sprawd\u017a!","breadcrumb":{"@id":"https:\/\/innow.pl\/produkt\/t644-balkonik-kroczaco-staly\/#breadcrumb"},"inLanguage":"en-US","potentialAction":[{"@type":"ReadAction","target":["https:\/\/innow.pl\/produkt\/t644-balkonik-kroczaco-staly\/"]}]},{"@type":"ImageObject","inLanguage":"en-US","@id":"https:\/\/innow.pl\/produkt\/t644-balkonik-kroczaco-staly\/#primaryimage","url":"https:\/\/innow.pl\/wp-content\/uploads\/2024\/11\/T644.jpg","contentUrl":"https:\/\/innow.pl\/wp-content\/uploads\/2024\/11\/T644.jpg","width":432,"height":480,"caption":"Balkonik krocz\u0105co - sta\u0142y \u2013 T644 \u2013 INNOW"},{"@type":"BreadcrumbList","@id":"https:\/\/innow.pl\/produkt\/t644-balkonik-kroczaco-staly\/#breadcrumb","itemListElement":[{"@type":"ListItem","position":1,"name":"INNOW","item":"https:\/\/innow.pl\/en\/"},{"@type":"ListItem","position":2,"name":"Produkty","item":"https:\/\/innow.pl\/produkty\/"},{"@type":"ListItem","position":3,"name":"Piel\u0119gnacja i rehabilitacja","item":"https:\/\/innow.pl\/produkty\/pielegnacja-i-rehabilitacja\/"},{"@type":"ListItem","position":4,"name":"Balkoniki, kule, laski","item":"https:\/\/innow.pl\/produkty\/pielegnacja-i-rehabilitacja\/balkoniki-kule-laski\/"},{"@type":"ListItem","position":5,"name":"Balkoniki","item":"https:\/\/innow.pl\/produkty\/pielegnacja-i-rehabilitacja\/balkoniki-kule-laski\/balkoniki\/"},{"@type":"ListItem","position":6,"name":"Balkoniki krocz\u0105ce","item":"https:\/\/innow.pl\/produkty\/pielegnacja-i-rehabilitacja\/balkoniki-kule-laski\/balkoniki\/balkoniki-kroczace\/"},{"@type":"ListItem","position":7,"name":"T644 &#8211; Balkonik krocz\u0105co &#8211; sta\u0142y"}]},{"@type":"WebSite","@id":"https:\/\/innow.pl\/#website","url":"https:\/\/innow.pl\/","name":"INNOW","description":"","potentialAction":[{"@type":"SearchAction","target":{"@type":"EntryPoint","urlTemplate":"https:\/\/innow.pl\/?s={search_term_string}"},"query-input":{"@type":"PropertyValueSpecification","valueRequired":true,"valueName":"search_term_string"}}],"inLanguage":"en-US"}]}},"_links":{"self":[{"href":"https:\/\/innow.pl\/en\/wp-json\/wp\/v2\/product\/25562","targetHints":{"allow":["GET"]}}],"collection":[{"href":"https:\/\/innow.pl\/en\/wp-json\/wp\/v2\/product"}],"about":[{"href":"https:\/\/innow.pl\/en\/wp-json\/wp\/v2\/types\/product"}],"replies":[{"embeddable":true,"href":"https:\/\/innow.pl\/en\/wp-json\/wp\/v2\/comments?post=25562"}],"wp:featuredmedia":[{"embeddable":true,"href":"https:\/\/innow.pl\/en\/wp-json\/wp\/v2\/media\/25564"}],"wp:attachment":[{"href":"https:\/\/innow.pl\/en\/wp-json\/wp\/v2\/media?parent=25562"}],"wp:term":[{"taxonomy":"product_brand","embeddable":true,"href":"https:\/\/innow.pl\/en\/wp-json\/wp\/v2\/product_brand?post=25562"},{"taxonomy":"product_cat","embeddable":true,"href":"https:\/\/innow.pl\/en\/wp-json\/wp\/v2\/product_cat?post=25562"},{"taxonomy":"product_tag","embeddable":true,"href":"https:\/\/innow.pl\/en\/wp-json\/wp\/v2\/product_tag?post=25562"}],"curies":[{"name":"wp","href":"https:\/\/api.w.org\/{rel}","templated":true}]}}