{"id":25540,"date":"2017-06-27T08:44:18","date_gmt":"2017-06-27T06:44:18","guid":{"rendered":"https:\/\/innow.pl\/produkt\/t624-balkonik-podlokciowy-z-podparciem-w-ksztalcie-podkowy\/"},"modified":"2026-02-05T14:36:50","modified_gmt":"2026-02-05T13:36:50","slug":"t624-balkonik-podlokciowy-z-podparciem-w-ksztalcie-podkowy","status":"publish","type":"product","link":"https:\/\/innow.pl\/en\/produkt\/t624-balkonik-podlokciowy-z-podparciem-w-ksztalcie-podkowy\/","title":{"rendered":"T624 &#8211; Balkonik pod\u0142okciowy z podparciem w kszta\u0142cie podkowy, balkonik ambona"},"content":{"rendered":"<p style=\"text-align: left\">Balkonik ambona, balkonik pod\u0142okciowy z podparciem w kszta\u0142cie podkowy u\u0142atwiaj\u0105cy poruszanie si\u0119 osobom ze schorzeniami narz\u0105du ruchu, neurologicznymi i wspomagaj\u0105cy reedukacj\u0119 chodu pacjent\u00f3w. Konstrukcja wykonana jest ze <strong>stali<\/strong>, co wp\u0142ywa pozytywnie na<strong> wytrzyma\u0142o\u015b\u0107 wyrobu<\/strong>, a dodatkowy komfort u\u017cytkowania zapewnia tapicerowane podparcie pod \u0142okcie (standardowy kolor tapicerki to b\u0142\u0119kitny 5154). \u00a0<\/p>\n<p style=\"text-align: left\"><a>Informacje o w\u0142a\u015bciwo\u015bciach dost\u0119pnych <strong>materia\u0142\u00f3w obiciowych<\/strong> dost\u0119pne po klikni\u0119ciu w zdj\u0119cie:<\/a><\/p>\n<p style=\"text-align: left\"><a href=\"https:\/\/innow.pl\/publikacje\/KatalogPDF\/Pokrycia-obiciowe-tapicerki.pdf\" target=\"_blank\" rel=\"noopener\"><img decoding=\"async\" src=\"https:\/\/innow.pl\/wp-content\/uploads\/2024\/11\/Tapicerki.jpg\" \/><\/a><\/p>\n","protected":false},"excerpt":{"rendered":"<p>Balkonik ambona, balkonik pod\u0142okciowy z podparciem w kszta\u0142cie podkowy u\u0142atwiaj\u0105cy poruszanie si\u0119 osobom ze schorzeniami narz\u0105du ruchu, neurologicznymi i wspomagaj\u0105cy reedukacj\u0119 chodu pacjent\u00f3w. Konstrukcja wykonana jest ze stali, co wp\u0142ywa pozytywnie na wytrzyma\u0142o\u015b\u0107 wyrobu, a dodatkowy komfort u\u017cytkowania zapewnia tapicerowane podparcie pod \u0142okcie (standardowy kolor tapicerki to b\u0142\u0119kitny 5154). \u00a0 Informacje o w\u0142a\u015bciwo\u015bciach dost\u0119pnych materia\u0142\u00f3w [&hellip;]<\/p>\n","protected":false},"featured_media":25543,"comment_status":"open","ping_status":"closed","template":"","meta":{"_acf_changed":false},"product_brand":[],"product_cat":[541,565,482,438],"product_tag":[],"class_list":{"0":"post-25540","1":"product","2":"type-product","3":"status-publish","4":"has-post-thumbnail","6":"product_cat-balkoniki","7":"product_cat-balkoniki-rozbudowane","8":"product_cat-balkoniki-kule-laski","9":"product_cat-pielegnacja-i-rehabilitacja","10":"pa_glebokosc-52-cm","11":"pa_szerokosc-67-cm","12":"pa_wysokosc-86-130-cm","14":"first","15":"instock","16":"taxable","17":"shipping-taxable","18":"purchasable","19":"product-type-simple"},"acf":[],"yoast_head":"<!-- This site is optimized with the Yoast SEO plugin v27.4 - https:\/\/yoast.com\/product\/yoast-seo-wordpress\/ -->\n<title>T624 - Balkonik pod\u0142okciowy z podparciem w kszta\u0142cie podkowy, balkonik ambona - INNOW<\/title>\n<meta name=\"description\" content=\"Wysokiej jako\u015bci balkonik pod\u0142okciowy z podparciem w kszta\u0142cie podkowy (balkonik ambona) - wi\u0119kszy komfort i bezpiecze\u0144stwo pacjent\u00f3w. Sprawd\u017a!\" \/>\n<meta name=\"robots\" content=\"index, follow, max-snippet:-1, max-image-preview:large, max-video-preview:-1\" \/>\n<link rel=\"canonical\" href=\"https:\/\/innow.pl\/produkt\/t624-balkonik-podlokciowy-z-podparciem-w-ksztalcie-podkowy\/\" \/>\n<meta property=\"og:locale\" content=\"en_US\" \/>\n<meta property=\"og:type\" content=\"article\" \/>\n<meta property=\"og:title\" content=\"T624 - Balkonik pod\u0142okciowy z podparciem w kszta\u0142cie podkowy, balkonik ambona - INNOW\" \/>\n<meta property=\"og:description\" content=\"Wysokiej jako\u015bci balkonik pod\u0142okciowy z podparciem w kszta\u0142cie podkowy (balkonik ambona) - wi\u0119kszy komfort i bezpiecze\u0144stwo pacjent\u00f3w. Sprawd\u017a!\" \/>\n<meta property=\"og:url\" content=\"https:\/\/innow.pl\/produkt\/t624-balkonik-podlokciowy-z-podparciem-w-ksztalcie-podkowy\/\" \/>\n<meta property=\"og:site_name\" content=\"INNOW\" \/>\n<meta property=\"article:modified_time\" content=\"2026-02-05T13:36:50+00:00\" \/>\n<meta property=\"og:image\" content=\"https:\/\/innow.pl\/wp-content\/uploads\/2024\/11\/T624.jpg\" \/>\n\t<meta property=\"og:image:width\" content=\"480\" \/>\n\t<meta property=\"og:image:height\" content=\"480\" \/>\n\t<meta property=\"og:image:type\" content=\"image\/jpeg\" \/>\n<meta name=\"twitter:card\" content=\"summary_large_image\" \/>\n<meta name=\"twitter:label1\" content=\"Est. reading time\" \/>\n\t<meta name=\"twitter:data1\" content=\"1 minute\" \/>\n<script type=\"application\/ld+json\" class=\"yoast-schema-graph\">{\"@context\":\"https:\\\/\\\/schema.org\",\"@graph\":[{\"@type\":\"WebPage\",\"@id\":\"https:\\\/\\\/innow.pl\\\/produkt\\\/t624-balkonik-podlokciowy-z-podparciem-w-ksztalcie-podkowy\\\/\",\"url\":\"https:\\\/\\\/innow.pl\\\/produkt\\\/t624-balkonik-podlokciowy-z-podparciem-w-ksztalcie-podkowy\\\/\",\"name\":\"T624 - Balkonik pod\u0142okciowy z podparciem w kszta\u0142cie podkowy, balkonik ambona - INNOW\",\"isPartOf\":{\"@id\":\"https:\\\/\\\/innow.pl\\\/#website\"},\"primaryImageOfPage\":{\"@id\":\"https:\\\/\\\/innow.pl\\\/produkt\\\/t624-balkonik-podlokciowy-z-podparciem-w-ksztalcie-podkowy\\\/#primaryimage\"},\"image\":{\"@id\":\"https:\\\/\\\/innow.pl\\\/produkt\\\/t624-balkonik-podlokciowy-z-podparciem-w-ksztalcie-podkowy\\\/#primaryimage\"},\"thumbnailUrl\":\"https:\\\/\\\/innow.pl\\\/wp-content\\\/uploads\\\/2024\\\/11\\\/T624.jpg\",\"datePublished\":\"2017-06-27T06:44:18+00:00\",\"dateModified\":\"2026-02-05T13:36:50+00:00\",\"description\":\"Wysokiej jako\u015bci balkonik pod\u0142okciowy z podparciem w kszta\u0142cie podkowy (balkonik ambona) - wi\u0119kszy komfort i bezpiecze\u0144stwo pacjent\u00f3w. Sprawd\u017a!\",\"breadcrumb\":{\"@id\":\"https:\\\/\\\/innow.pl\\\/produkt\\\/t624-balkonik-podlokciowy-z-podparciem-w-ksztalcie-podkowy\\\/#breadcrumb\"},\"inLanguage\":\"en-US\",\"potentialAction\":[{\"@type\":\"ReadAction\",\"target\":[\"https:\\\/\\\/innow.pl\\\/produkt\\\/t624-balkonik-podlokciowy-z-podparciem-w-ksztalcie-podkowy\\\/\"]}]},{\"@type\":\"ImageObject\",\"inLanguage\":\"en-US\",\"@id\":\"https:\\\/\\\/innow.pl\\\/produkt\\\/t624-balkonik-podlokciowy-z-podparciem-w-ksztalcie-podkowy\\\/#primaryimage\",\"url\":\"https:\\\/\\\/innow.pl\\\/wp-content\\\/uploads\\\/2024\\\/11\\\/T624.jpg\",\"contentUrl\":\"https:\\\/\\\/innow.pl\\\/wp-content\\\/uploads\\\/2024\\\/11\\\/T624.jpg\",\"width\":480,\"height\":480,\"caption\":\"Balkonik pod\u0142okciowy z podparciem w kszta\u0142cie podkowy, balkonik ambona - T624 - INNOW\"},{\"@type\":\"BreadcrumbList\",\"@id\":\"https:\\\/\\\/innow.pl\\\/produkt\\\/t624-balkonik-podlokciowy-z-podparciem-w-ksztalcie-podkowy\\\/#breadcrumb\",\"itemListElement\":[{\"@type\":\"ListItem\",\"position\":1,\"name\":\"INNOW\",\"item\":\"https:\\\/\\\/innow.pl\\\/en\\\/\"},{\"@type\":\"ListItem\",\"position\":2,\"name\":\"Produkty\",\"item\":\"https:\\\/\\\/innow.pl\\\/produkty\\\/\"},{\"@type\":\"ListItem\",\"position\":3,\"name\":\"Piel\u0119gnacja i rehabilitacja\",\"item\":\"https:\\\/\\\/innow.pl\\\/produkty\\\/pielegnacja-i-rehabilitacja\\\/\"},{\"@type\":\"ListItem\",\"position\":4,\"name\":\"Balkoniki, kule, laski\",\"item\":\"https:\\\/\\\/innow.pl\\\/produkty\\\/pielegnacja-i-rehabilitacja\\\/balkoniki-kule-laski\\\/\"},{\"@type\":\"ListItem\",\"position\":5,\"name\":\"Balkoniki\",\"item\":\"https:\\\/\\\/innow.pl\\\/produkty\\\/pielegnacja-i-rehabilitacja\\\/balkoniki-kule-laski\\\/balkoniki\\\/\"},{\"@type\":\"ListItem\",\"position\":6,\"name\":\"Balkoniki rozbudowane\",\"item\":\"https:\\\/\\\/innow.pl\\\/produkty\\\/pielegnacja-i-rehabilitacja\\\/balkoniki-kule-laski\\\/balkoniki\\\/balkoniki-rozbudowane\\\/\"},{\"@type\":\"ListItem\",\"position\":7,\"name\":\"T624 &#8211; Balkonik pod\u0142okciowy z podparciem w kszta\u0142cie podkowy, balkonik ambona\"}]},{\"@type\":\"WebSite\",\"@id\":\"https:\\\/\\\/innow.pl\\\/#website\",\"url\":\"https:\\\/\\\/innow.pl\\\/\",\"name\":\"INNOW\",\"description\":\"\",\"potentialAction\":[{\"@type\":\"SearchAction\",\"target\":{\"@type\":\"EntryPoint\",\"urlTemplate\":\"https:\\\/\\\/innow.pl\\\/?s={search_term_string}\"},\"query-input\":{\"@type\":\"PropertyValueSpecification\",\"valueRequired\":true,\"valueName\":\"search_term_string\"}}],\"inLanguage\":\"en-US\"}]}<\/script>\n<!-- \/ Yoast SEO plugin. -->","yoast_head_json":{"title":"T624 - Balkonik pod\u0142okciowy z podparciem w kszta\u0142cie podkowy, balkonik ambona - INNOW","description":"Wysokiej jako\u015bci balkonik pod\u0142okciowy z podparciem w kszta\u0142cie podkowy (balkonik ambona) - wi\u0119kszy komfort i bezpiecze\u0144stwo pacjent\u00f3w. Sprawd\u017a!","robots":{"index":"index","follow":"follow","max-snippet":"max-snippet:-1","max-image-preview":"max-image-preview:large","max-video-preview":"max-video-preview:-1"},"canonical":"https:\/\/innow.pl\/produkt\/t624-balkonik-podlokciowy-z-podparciem-w-ksztalcie-podkowy\/","og_locale":"en_US","og_type":"article","og_title":"T624 - Balkonik pod\u0142okciowy z podparciem w kszta\u0142cie podkowy, balkonik ambona - INNOW","og_description":"Wysokiej jako\u015bci balkonik pod\u0142okciowy z podparciem w kszta\u0142cie podkowy (balkonik ambona) - wi\u0119kszy komfort i bezpiecze\u0144stwo pacjent\u00f3w. Sprawd\u017a!","og_url":"https:\/\/innow.pl\/produkt\/t624-balkonik-podlokciowy-z-podparciem-w-ksztalcie-podkowy\/","og_site_name":"INNOW","article_modified_time":"2026-02-05T13:36:50+00:00","og_image":[{"width":480,"height":480,"url":"https:\/\/innow.pl\/wp-content\/uploads\/2024\/11\/T624.jpg","type":"image\/jpeg"}],"twitter_card":"summary_large_image","twitter_misc":{"Est. reading time":"1 minute"},"schema":{"@context":"https:\/\/schema.org","@graph":[{"@type":"WebPage","@id":"https:\/\/innow.pl\/produkt\/t624-balkonik-podlokciowy-z-podparciem-w-ksztalcie-podkowy\/","url":"https:\/\/innow.pl\/produkt\/t624-balkonik-podlokciowy-z-podparciem-w-ksztalcie-podkowy\/","name":"T624 - Balkonik pod\u0142okciowy z podparciem w kszta\u0142cie podkowy, balkonik ambona - INNOW","isPartOf":{"@id":"https:\/\/innow.pl\/#website"},"primaryImageOfPage":{"@id":"https:\/\/innow.pl\/produkt\/t624-balkonik-podlokciowy-z-podparciem-w-ksztalcie-podkowy\/#primaryimage"},"image":{"@id":"https:\/\/innow.pl\/produkt\/t624-balkonik-podlokciowy-z-podparciem-w-ksztalcie-podkowy\/#primaryimage"},"thumbnailUrl":"https:\/\/innow.pl\/wp-content\/uploads\/2024\/11\/T624.jpg","datePublished":"2017-06-27T06:44:18+00:00","dateModified":"2026-02-05T13:36:50+00:00","description":"Wysokiej jako\u015bci balkonik pod\u0142okciowy z podparciem w kszta\u0142cie podkowy (balkonik ambona) - wi\u0119kszy komfort i bezpiecze\u0144stwo pacjent\u00f3w. Sprawd\u017a!","breadcrumb":{"@id":"https:\/\/innow.pl\/produkt\/t624-balkonik-podlokciowy-z-podparciem-w-ksztalcie-podkowy\/#breadcrumb"},"inLanguage":"en-US","potentialAction":[{"@type":"ReadAction","target":["https:\/\/innow.pl\/produkt\/t624-balkonik-podlokciowy-z-podparciem-w-ksztalcie-podkowy\/"]}]},{"@type":"ImageObject","inLanguage":"en-US","@id":"https:\/\/innow.pl\/produkt\/t624-balkonik-podlokciowy-z-podparciem-w-ksztalcie-podkowy\/#primaryimage","url":"https:\/\/innow.pl\/wp-content\/uploads\/2024\/11\/T624.jpg","contentUrl":"https:\/\/innow.pl\/wp-content\/uploads\/2024\/11\/T624.jpg","width":480,"height":480,"caption":"Balkonik pod\u0142okciowy z podparciem w kszta\u0142cie podkowy, balkonik ambona - T624 - INNOW"},{"@type":"BreadcrumbList","@id":"https:\/\/innow.pl\/produkt\/t624-balkonik-podlokciowy-z-podparciem-w-ksztalcie-podkowy\/#breadcrumb","itemListElement":[{"@type":"ListItem","position":1,"name":"INNOW","item":"https:\/\/innow.pl\/en\/"},{"@type":"ListItem","position":2,"name":"Produkty","item":"https:\/\/innow.pl\/produkty\/"},{"@type":"ListItem","position":3,"name":"Piel\u0119gnacja i rehabilitacja","item":"https:\/\/innow.pl\/produkty\/pielegnacja-i-rehabilitacja\/"},{"@type":"ListItem","position":4,"name":"Balkoniki, kule, laski","item":"https:\/\/innow.pl\/produkty\/pielegnacja-i-rehabilitacja\/balkoniki-kule-laski\/"},{"@type":"ListItem","position":5,"name":"Balkoniki","item":"https:\/\/innow.pl\/produkty\/pielegnacja-i-rehabilitacja\/balkoniki-kule-laski\/balkoniki\/"},{"@type":"ListItem","position":6,"name":"Balkoniki rozbudowane","item":"https:\/\/innow.pl\/produkty\/pielegnacja-i-rehabilitacja\/balkoniki-kule-laski\/balkoniki\/balkoniki-rozbudowane\/"},{"@type":"ListItem","position":7,"name":"T624 &#8211; Balkonik pod\u0142okciowy z podparciem w kszta\u0142cie podkowy, balkonik ambona"}]},{"@type":"WebSite","@id":"https:\/\/innow.pl\/#website","url":"https:\/\/innow.pl\/","name":"INNOW","description":"","potentialAction":[{"@type":"SearchAction","target":{"@type":"EntryPoint","urlTemplate":"https:\/\/innow.pl\/?s={search_term_string}"},"query-input":{"@type":"PropertyValueSpecification","valueRequired":true,"valueName":"search_term_string"}}],"inLanguage":"en-US"}]}},"_links":{"self":[{"href":"https:\/\/innow.pl\/en\/wp-json\/wp\/v2\/product\/25540","targetHints":{"allow":["GET"]}}],"collection":[{"href":"https:\/\/innow.pl\/en\/wp-json\/wp\/v2\/product"}],"about":[{"href":"https:\/\/innow.pl\/en\/wp-json\/wp\/v2\/types\/product"}],"replies":[{"embeddable":true,"href":"https:\/\/innow.pl\/en\/wp-json\/wp\/v2\/comments?post=25540"}],"wp:featuredmedia":[{"embeddable":true,"href":"https:\/\/innow.pl\/en\/wp-json\/wp\/v2\/media\/25543"}],"wp:attachment":[{"href":"https:\/\/innow.pl\/en\/wp-json\/wp\/v2\/media?parent=25540"}],"wp:term":[{"taxonomy":"product_brand","embeddable":true,"href":"https:\/\/innow.pl\/en\/wp-json\/wp\/v2\/product_brand?post=25540"},{"taxonomy":"product_cat","embeddable":true,"href":"https:\/\/innow.pl\/en\/wp-json\/wp\/v2\/product_cat?post=25540"},{"taxonomy":"product_tag","embeddable":true,"href":"https:\/\/innow.pl\/en\/wp-json\/wp\/v2\/product_tag?post=25540"}],"curies":[{"name":"wp","href":"https:\/\/api.w.org\/{rel}","templated":true}]}}