{"id":25521,"date":"2017-06-27T07:51:58","date_gmt":"2017-06-27T05:51:58","guid":{"rendered":"https:\/\/innow.pl\/produkt\/t622-balkonik-4-kolowy-dlugi\/"},"modified":"2026-04-10T14:54:37","modified_gmt":"2026-04-10T12:54:37","slug":"t622-balkonik-4-kolowy-dlugi","status":"publish","type":"product","link":"https:\/\/innow.pl\/en\/produkt\/t622-balkonik-4-kolowy-dlugi\/","title":{"rendered":"T622 &#8211; Balkonik 4-ko\u0142owy (d\u0142ugi)"},"content":{"rendered":"<p>Balkonik 4-ko\u0142owy (d\u0142ugi) produkcji firmy INNOW o <strong>trwa\u0142ej<\/strong> konstrukcji ze <strong>stalowych<\/strong> rurek z ko\u0142ami skr\u0119tnymi (w tylnej cz\u0119\u015bci z blokad\u0105 obrotu). Stosowany jest jako wsparcie w poruszaniu si\u0119 lub w procesie nauki chodzenia. Polecany jest dla pacjent\u00f3w po udarach, z upo\u015bledzeniem ko\u0144czyn dolnych, czy os\u00f3b, kt\u00f3re przebywa\u0142y d\u0142ugi czas w pozycji le\u017c\u0105cej.<\/p>\n","protected":false},"excerpt":{"rendered":"<p>Balkonik 4-ko\u0142owy (d\u0142ugi) produkcji firmy INNOW o trwa\u0142ej konstrukcji ze stalowych rurek z ko\u0142ami skr\u0119tnymi (w tylnej cz\u0119\u015bci z blokad\u0105 obrotu). Stosowany jest jako wsparcie w poruszaniu si\u0119 lub w procesie nauki chodzenia. Polecany jest dla pacjent\u00f3w po udarach, z upo\u015bledzeniem ko\u0144czyn dolnych, czy os\u00f3b, kt\u00f3re przebywa\u0142y d\u0142ugi czas w pozycji le\u017c\u0105cej.<\/p>\n","protected":false},"featured_media":77241,"comment_status":"open","ping_status":"closed","template":"","meta":{"_acf_changed":false},"product_brand":[],"product_cat":[541,565,482,438],"product_tag":[],"class_list":{"0":"post-25521","1":"product","2":"type-product","3":"status-publish","4":"has-post-thumbnail","6":"product_cat-balkoniki","7":"product_cat-balkoniki-rozbudowane","8":"product_cat-balkoniki-kule-laski","9":"product_cat-pielegnacja-i-rehabilitacja","10":"pa_glebokosc-61-cm","11":"pa_szerokosc-725-cm","12":"pa_wysokosc-75-95-cm","14":"first","15":"instock","16":"taxable","17":"shipping-taxable","18":"purchasable","19":"product-type-simple"},"acf":[],"yoast_head":"<!-- This site is optimized with the Yoast SEO plugin v27.4 - https:\/\/yoast.com\/product\/yoast-seo-wordpress\/ -->\n<title>T622 - Balkonik 4-ko\u0142owy (d\u0142ugi) - INNOW<\/title>\n<meta name=\"description\" content=\"Balkonik 4-ko\u0142owy (d\u0142ugi) u\u0142atwiaj\u0105cy poruszanie si\u0119 oraz wspomagaj\u0105cy nauk\u0119 chodzenia pacjent\u00f3w. Sprawdzony balkonik polskiego producenta - firmy INNOW!\" \/>\n<meta name=\"robots\" content=\"index, follow, max-snippet:-1, max-image-preview:large, max-video-preview:-1\" \/>\n<link rel=\"canonical\" href=\"https:\/\/innow.pl\/produkt\/t622-balkonik-4-kolowy-dlugi\/\" \/>\n<meta property=\"og:locale\" content=\"en_US\" \/>\n<meta property=\"og:type\" content=\"article\" \/>\n<meta property=\"og:title\" content=\"T622 - Balkonik 4-ko\u0142owy (d\u0142ugi) - INNOW\" \/>\n<meta property=\"og:description\" content=\"Balkonik 4-ko\u0142owy (d\u0142ugi) u\u0142atwiaj\u0105cy poruszanie si\u0119 oraz wspomagaj\u0105cy nauk\u0119 chodzenia pacjent\u00f3w. Sprawdzony balkonik polskiego producenta - firmy INNOW!\" \/>\n<meta property=\"og:url\" content=\"https:\/\/innow.pl\/produkt\/t622-balkonik-4-kolowy-dlugi\/\" \/>\n<meta property=\"og:site_name\" content=\"INNOW\" \/>\n<meta property=\"article:modified_time\" content=\"2026-04-10T12:54:37+00:00\" \/>\n<meta property=\"og:image\" content=\"https:\/\/innow.pl\/wp-content\/uploads\/2017\/06\/T622_2026.jpg\" \/>\n\t<meta property=\"og:image:width\" content=\"600\" \/>\n\t<meta property=\"og:image:height\" content=\"600\" \/>\n\t<meta property=\"og:image:type\" content=\"image\/jpeg\" \/>\n<meta name=\"twitter:card\" content=\"summary_large_image\" \/>\n<meta name=\"twitter:label1\" content=\"Est. reading time\" \/>\n\t<meta name=\"twitter:data1\" content=\"1 minute\" \/>\n<script type=\"application\/ld+json\" class=\"yoast-schema-graph\">{\"@context\":\"https:\\\/\\\/schema.org\",\"@graph\":[{\"@type\":\"WebPage\",\"@id\":\"https:\\\/\\\/innow.pl\\\/produkt\\\/t622-balkonik-4-kolowy-dlugi\\\/\",\"url\":\"https:\\\/\\\/innow.pl\\\/produkt\\\/t622-balkonik-4-kolowy-dlugi\\\/\",\"name\":\"T622 - Balkonik 4-ko\u0142owy (d\u0142ugi) - INNOW\",\"isPartOf\":{\"@id\":\"https:\\\/\\\/innow.pl\\\/#website\"},\"primaryImageOfPage\":{\"@id\":\"https:\\\/\\\/innow.pl\\\/produkt\\\/t622-balkonik-4-kolowy-dlugi\\\/#primaryimage\"},\"image\":{\"@id\":\"https:\\\/\\\/innow.pl\\\/produkt\\\/t622-balkonik-4-kolowy-dlugi\\\/#primaryimage\"},\"thumbnailUrl\":\"https:\\\/\\\/innow.pl\\\/wp-content\\\/uploads\\\/2017\\\/06\\\/T622_2026.jpg\",\"datePublished\":\"2017-06-27T05:51:58+00:00\",\"dateModified\":\"2026-04-10T12:54:37+00:00\",\"description\":\"Balkonik 4-ko\u0142owy (d\u0142ugi) u\u0142atwiaj\u0105cy poruszanie si\u0119 oraz wspomagaj\u0105cy nauk\u0119 chodzenia pacjent\u00f3w. Sprawdzony balkonik polskiego producenta - firmy INNOW!\",\"breadcrumb\":{\"@id\":\"https:\\\/\\\/innow.pl\\\/produkt\\\/t622-balkonik-4-kolowy-dlugi\\\/#breadcrumb\"},\"inLanguage\":\"en-US\",\"potentialAction\":[{\"@type\":\"ReadAction\",\"target\":[\"https:\\\/\\\/innow.pl\\\/produkt\\\/t622-balkonik-4-kolowy-dlugi\\\/\"]}]},{\"@type\":\"ImageObject\",\"inLanguage\":\"en-US\",\"@id\":\"https:\\\/\\\/innow.pl\\\/produkt\\\/t622-balkonik-4-kolowy-dlugi\\\/#primaryimage\",\"url\":\"https:\\\/\\\/innow.pl\\\/wp-content\\\/uploads\\\/2017\\\/06\\\/T622_2026.jpg\",\"contentUrl\":\"https:\\\/\\\/innow.pl\\\/wp-content\\\/uploads\\\/2017\\\/06\\\/T622_2026.jpg\",\"width\":600,\"height\":600},{\"@type\":\"BreadcrumbList\",\"@id\":\"https:\\\/\\\/innow.pl\\\/produkt\\\/t622-balkonik-4-kolowy-dlugi\\\/#breadcrumb\",\"itemListElement\":[{\"@type\":\"ListItem\",\"position\":1,\"name\":\"INNOW\",\"item\":\"https:\\\/\\\/innow.pl\\\/en\\\/\"},{\"@type\":\"ListItem\",\"position\":2,\"name\":\"Produkty\",\"item\":\"https:\\\/\\\/innow.pl\\\/produkty\\\/\"},{\"@type\":\"ListItem\",\"position\":3,\"name\":\"Piel\u0119gnacja i rehabilitacja\",\"item\":\"https:\\\/\\\/innow.pl\\\/produkty\\\/pielegnacja-i-rehabilitacja\\\/\"},{\"@type\":\"ListItem\",\"position\":4,\"name\":\"Balkoniki, kule, laski\",\"item\":\"https:\\\/\\\/innow.pl\\\/produkty\\\/pielegnacja-i-rehabilitacja\\\/balkoniki-kule-laski\\\/\"},{\"@type\":\"ListItem\",\"position\":5,\"name\":\"Balkoniki\",\"item\":\"https:\\\/\\\/innow.pl\\\/produkty\\\/pielegnacja-i-rehabilitacja\\\/balkoniki-kule-laski\\\/balkoniki\\\/\"},{\"@type\":\"ListItem\",\"position\":6,\"name\":\"Balkoniki rozbudowane\",\"item\":\"https:\\\/\\\/innow.pl\\\/produkty\\\/pielegnacja-i-rehabilitacja\\\/balkoniki-kule-laski\\\/balkoniki\\\/balkoniki-rozbudowane\\\/\"},{\"@type\":\"ListItem\",\"position\":7,\"name\":\"T622 &#8211; Balkonik 4-ko\u0142owy (d\u0142ugi)\"}]},{\"@type\":\"WebSite\",\"@id\":\"https:\\\/\\\/innow.pl\\\/#website\",\"url\":\"https:\\\/\\\/innow.pl\\\/\",\"name\":\"INNOW\",\"description\":\"\",\"potentialAction\":[{\"@type\":\"SearchAction\",\"target\":{\"@type\":\"EntryPoint\",\"urlTemplate\":\"https:\\\/\\\/innow.pl\\\/?s={search_term_string}\"},\"query-input\":{\"@type\":\"PropertyValueSpecification\",\"valueRequired\":true,\"valueName\":\"search_term_string\"}}],\"inLanguage\":\"en-US\"}]}<\/script>\n<!-- \/ Yoast SEO plugin. -->","yoast_head_json":{"title":"T622 - Balkonik 4-ko\u0142owy (d\u0142ugi) - INNOW","description":"Balkonik 4-ko\u0142owy (d\u0142ugi) u\u0142atwiaj\u0105cy poruszanie si\u0119 oraz wspomagaj\u0105cy nauk\u0119 chodzenia pacjent\u00f3w. Sprawdzony balkonik polskiego producenta - firmy INNOW!","robots":{"index":"index","follow":"follow","max-snippet":"max-snippet:-1","max-image-preview":"max-image-preview:large","max-video-preview":"max-video-preview:-1"},"canonical":"https:\/\/innow.pl\/produkt\/t622-balkonik-4-kolowy-dlugi\/","og_locale":"en_US","og_type":"article","og_title":"T622 - Balkonik 4-ko\u0142owy (d\u0142ugi) - INNOW","og_description":"Balkonik 4-ko\u0142owy (d\u0142ugi) u\u0142atwiaj\u0105cy poruszanie si\u0119 oraz wspomagaj\u0105cy nauk\u0119 chodzenia pacjent\u00f3w. Sprawdzony balkonik polskiego producenta - firmy INNOW!","og_url":"https:\/\/innow.pl\/produkt\/t622-balkonik-4-kolowy-dlugi\/","og_site_name":"INNOW","article_modified_time":"2026-04-10T12:54:37+00:00","og_image":[{"width":600,"height":600,"url":"https:\/\/innow.pl\/wp-content\/uploads\/2017\/06\/T622_2026.jpg","type":"image\/jpeg"}],"twitter_card":"summary_large_image","twitter_misc":{"Est. reading time":"1 minute"},"schema":{"@context":"https:\/\/schema.org","@graph":[{"@type":"WebPage","@id":"https:\/\/innow.pl\/produkt\/t622-balkonik-4-kolowy-dlugi\/","url":"https:\/\/innow.pl\/produkt\/t622-balkonik-4-kolowy-dlugi\/","name":"T622 - Balkonik 4-ko\u0142owy (d\u0142ugi) - INNOW","isPartOf":{"@id":"https:\/\/innow.pl\/#website"},"primaryImageOfPage":{"@id":"https:\/\/innow.pl\/produkt\/t622-balkonik-4-kolowy-dlugi\/#primaryimage"},"image":{"@id":"https:\/\/innow.pl\/produkt\/t622-balkonik-4-kolowy-dlugi\/#primaryimage"},"thumbnailUrl":"https:\/\/innow.pl\/wp-content\/uploads\/2017\/06\/T622_2026.jpg","datePublished":"2017-06-27T05:51:58+00:00","dateModified":"2026-04-10T12:54:37+00:00","description":"Balkonik 4-ko\u0142owy (d\u0142ugi) u\u0142atwiaj\u0105cy poruszanie si\u0119 oraz wspomagaj\u0105cy nauk\u0119 chodzenia pacjent\u00f3w. Sprawdzony balkonik polskiego producenta - firmy INNOW!","breadcrumb":{"@id":"https:\/\/innow.pl\/produkt\/t622-balkonik-4-kolowy-dlugi\/#breadcrumb"},"inLanguage":"en-US","potentialAction":[{"@type":"ReadAction","target":["https:\/\/innow.pl\/produkt\/t622-balkonik-4-kolowy-dlugi\/"]}]},{"@type":"ImageObject","inLanguage":"en-US","@id":"https:\/\/innow.pl\/produkt\/t622-balkonik-4-kolowy-dlugi\/#primaryimage","url":"https:\/\/innow.pl\/wp-content\/uploads\/2017\/06\/T622_2026.jpg","contentUrl":"https:\/\/innow.pl\/wp-content\/uploads\/2017\/06\/T622_2026.jpg","width":600,"height":600},{"@type":"BreadcrumbList","@id":"https:\/\/innow.pl\/produkt\/t622-balkonik-4-kolowy-dlugi\/#breadcrumb","itemListElement":[{"@type":"ListItem","position":1,"name":"INNOW","item":"https:\/\/innow.pl\/en\/"},{"@type":"ListItem","position":2,"name":"Produkty","item":"https:\/\/innow.pl\/produkty\/"},{"@type":"ListItem","position":3,"name":"Piel\u0119gnacja i rehabilitacja","item":"https:\/\/innow.pl\/produkty\/pielegnacja-i-rehabilitacja\/"},{"@type":"ListItem","position":4,"name":"Balkoniki, kule, laski","item":"https:\/\/innow.pl\/produkty\/pielegnacja-i-rehabilitacja\/balkoniki-kule-laski\/"},{"@type":"ListItem","position":5,"name":"Balkoniki","item":"https:\/\/innow.pl\/produkty\/pielegnacja-i-rehabilitacja\/balkoniki-kule-laski\/balkoniki\/"},{"@type":"ListItem","position":6,"name":"Balkoniki rozbudowane","item":"https:\/\/innow.pl\/produkty\/pielegnacja-i-rehabilitacja\/balkoniki-kule-laski\/balkoniki\/balkoniki-rozbudowane\/"},{"@type":"ListItem","position":7,"name":"T622 &#8211; Balkonik 4-ko\u0142owy (d\u0142ugi)"}]},{"@type":"WebSite","@id":"https:\/\/innow.pl\/#website","url":"https:\/\/innow.pl\/","name":"INNOW","description":"","potentialAction":[{"@type":"SearchAction","target":{"@type":"EntryPoint","urlTemplate":"https:\/\/innow.pl\/?s={search_term_string}"},"query-input":{"@type":"PropertyValueSpecification","valueRequired":true,"valueName":"search_term_string"}}],"inLanguage":"en-US"}]}},"_links":{"self":[{"href":"https:\/\/innow.pl\/en\/wp-json\/wp\/v2\/product\/25521","targetHints":{"allow":["GET"]}}],"collection":[{"href":"https:\/\/innow.pl\/en\/wp-json\/wp\/v2\/product"}],"about":[{"href":"https:\/\/innow.pl\/en\/wp-json\/wp\/v2\/types\/product"}],"replies":[{"embeddable":true,"href":"https:\/\/innow.pl\/en\/wp-json\/wp\/v2\/comments?post=25521"}],"wp:featuredmedia":[{"embeddable":true,"href":"https:\/\/innow.pl\/en\/wp-json\/wp\/v2\/media\/77241"}],"wp:attachment":[{"href":"https:\/\/innow.pl\/en\/wp-json\/wp\/v2\/media?parent=25521"}],"wp:term":[{"taxonomy":"product_brand","embeddable":true,"href":"https:\/\/innow.pl\/en\/wp-json\/wp\/v2\/product_brand?post=25521"},{"taxonomy":"product_cat","embeddable":true,"href":"https:\/\/innow.pl\/en\/wp-json\/wp\/v2\/product_cat?post=25521"},{"taxonomy":"product_tag","embeddable":true,"href":"https:\/\/innow.pl\/en\/wp-json\/wp\/v2\/product_tag?post=25521"}],"curies":[{"name":"wp","href":"https:\/\/api.w.org\/{rel}","templated":true}]}}