{"id":25513,"date":"2017-06-27T07:40:07","date_gmt":"2017-06-27T05:40:07","guid":{"rendered":"https:\/\/innow.pl\/produkt\/t621-zuch-balkonik-4-kolowy-krotki\/"},"modified":"2025-10-29T12:59:01","modified_gmt":"2025-10-29T11:59:01","slug":"t621-zuch-balkonik-4-kolowy-krotki","status":"publish","type":"product","link":"https:\/\/innow.pl\/en\/produkt\/t621-zuch-balkonik-4-kolowy-krotki\/","title":{"rendered":"T621 ZUCH &#8211; Balkonik 4-ko\u0142owy (kr\u00f3tki)"},"content":{"rendered":"<p>Balkonik 4-ko\u0142owy (kr\u00f3tki) produkcji firmy INNOW. Znajduje on zastosowanie we wsparciu podczas poruszania si\u0119 oraz nauce chodzenia. Polecany jest pacjentom, kt\u00f3rym poruszanie si\u0119 sprawia problem, po udarach czy przebywaniu przez d\u0142ugi czas w pozycji le\u017c\u0105cej. Konstrukcja wykonana jest ze <strong>stali<\/strong>, tylne ko\u0142a wyposa\u017cone s\u0105 w hamulec i blokad\u0119 obrotu.<\/p>\n","protected":false},"excerpt":{"rendered":"<p>Balkonik 4-ko\u0142owy (kr\u00f3tki) produkcji firmy INNOW. Znajduje on zastosowanie we wsparciu podczas poruszania si\u0119 oraz nauce chodzenia. Polecany jest pacjentom, kt\u00f3rym poruszanie si\u0119 sprawia problem, po udarach czy przebywaniu przez d\u0142ugi czas w pozycji le\u017c\u0105cej. Konstrukcja wykonana jest ze stali, tylne ko\u0142a wyposa\u017cone s\u0105 w hamulec i blokad\u0119 obrotu.<\/p>\n","protected":false},"featured_media":25515,"comment_status":"open","ping_status":"closed","template":"","meta":{"_acf_changed":false},"product_brand":[],"product_cat":[541,564,482,438],"product_tag":[],"class_list":{"0":"post-25513","1":"product","2":"type-product","3":"status-publish","4":"has-post-thumbnail","6":"product_cat-balkoniki","7":"product_cat-balkoniki-podstawowe","8":"product_cat-balkoniki-kule-laski","9":"product_cat-pielegnacja-i-rehabilitacja","10":"pa_glebokosc-715-cm","11":"pa_szerokosc-71-cm","12":"pa_wysokosc-85-100-cm","14":"first","15":"instock","16":"taxable","17":"shipping-taxable","18":"purchasable","19":"product-type-simple"},"acf":[],"yoast_head":"<!-- This site is optimized with the Yoast SEO plugin v27.4 - https:\/\/yoast.com\/product\/yoast-seo-wordpress\/ -->\n<title>T621 ZUCH - Balkonik 4-ko\u0142owy (kr\u00f3tki) - INNOW<\/title>\n<meta name=\"description\" content=\"Solidny i praktyczny balkonik 4-ko\u0142owy (kr\u00f3tki) z ko\u0142ami tylnymi z blokad\u0105 obrotu i hamulcem. Balkonik polskiego producenta - firmy INNOW! Kliknij!\" \/>\n<meta name=\"robots\" content=\"index, follow, max-snippet:-1, max-image-preview:large, max-video-preview:-1\" \/>\n<link rel=\"canonical\" href=\"https:\/\/innow.pl\/produkt\/t621-zuch-balkonik-4-kolowy-krotki\/\" \/>\n<meta property=\"og:locale\" content=\"en_US\" \/>\n<meta property=\"og:type\" content=\"article\" \/>\n<meta property=\"og:title\" content=\"T621 ZUCH - Balkonik 4-ko\u0142owy (kr\u00f3tki) - INNOW\" \/>\n<meta property=\"og:description\" content=\"Solidny i praktyczny balkonik 4-ko\u0142owy (kr\u00f3tki) z ko\u0142ami tylnymi z blokad\u0105 obrotu i hamulcem. Balkonik polskiego producenta - firmy INNOW! Kliknij!\" \/>\n<meta property=\"og:url\" content=\"https:\/\/innow.pl\/produkt\/t621-zuch-balkonik-4-kolowy-krotki\/\" \/>\n<meta property=\"og:site_name\" content=\"INNOW\" \/>\n<meta property=\"article:modified_time\" content=\"2025-10-29T11:59:01+00:00\" \/>\n<meta property=\"og:image\" content=\"https:\/\/innow.pl\/wp-content\/uploads\/2024\/11\/T621_ZUCH.jpg\" \/>\n\t<meta property=\"og:image:width\" content=\"415\" \/>\n\t<meta property=\"og:image:height\" content=\"415\" \/>\n\t<meta property=\"og:image:type\" content=\"image\/jpeg\" \/>\n<meta name=\"twitter:card\" content=\"summary_large_image\" \/>\n<meta name=\"twitter:label1\" content=\"Est. reading time\" \/>\n\t<meta name=\"twitter:data1\" content=\"1 minute\" \/>\n<script type=\"application\/ld+json\" class=\"yoast-schema-graph\">{\"@context\":\"https:\\\/\\\/schema.org\",\"@graph\":[{\"@type\":\"WebPage\",\"@id\":\"https:\\\/\\\/innow.pl\\\/produkt\\\/t621-zuch-balkonik-4-kolowy-krotki\\\/\",\"url\":\"https:\\\/\\\/innow.pl\\\/produkt\\\/t621-zuch-balkonik-4-kolowy-krotki\\\/\",\"name\":\"T621 ZUCH - Balkonik 4-ko\u0142owy (kr\u00f3tki) - INNOW\",\"isPartOf\":{\"@id\":\"https:\\\/\\\/innow.pl\\\/#website\"},\"primaryImageOfPage\":{\"@id\":\"https:\\\/\\\/innow.pl\\\/produkt\\\/t621-zuch-balkonik-4-kolowy-krotki\\\/#primaryimage\"},\"image\":{\"@id\":\"https:\\\/\\\/innow.pl\\\/produkt\\\/t621-zuch-balkonik-4-kolowy-krotki\\\/#primaryimage\"},\"thumbnailUrl\":\"https:\\\/\\\/innow.pl\\\/wp-content\\\/uploads\\\/2024\\\/11\\\/T621_ZUCH.jpg\",\"datePublished\":\"2017-06-27T05:40:07+00:00\",\"dateModified\":\"2025-10-29T11:59:01+00:00\",\"description\":\"Solidny i praktyczny balkonik 4-ko\u0142owy (kr\u00f3tki) z ko\u0142ami tylnymi z blokad\u0105 obrotu i hamulcem. Balkonik polskiego producenta - firmy INNOW! Kliknij!\",\"breadcrumb\":{\"@id\":\"https:\\\/\\\/innow.pl\\\/produkt\\\/t621-zuch-balkonik-4-kolowy-krotki\\\/#breadcrumb\"},\"inLanguage\":\"en-US\",\"potentialAction\":[{\"@type\":\"ReadAction\",\"target\":[\"https:\\\/\\\/innow.pl\\\/produkt\\\/t621-zuch-balkonik-4-kolowy-krotki\\\/\"]}]},{\"@type\":\"ImageObject\",\"inLanguage\":\"en-US\",\"@id\":\"https:\\\/\\\/innow.pl\\\/produkt\\\/t621-zuch-balkonik-4-kolowy-krotki\\\/#primaryimage\",\"url\":\"https:\\\/\\\/innow.pl\\\/wp-content\\\/uploads\\\/2024\\\/11\\\/T621_ZUCH.jpg\",\"contentUrl\":\"https:\\\/\\\/innow.pl\\\/wp-content\\\/uploads\\\/2024\\\/11\\\/T621_ZUCH.jpg\",\"width\":415,\"height\":415,\"caption\":\"Balkonik 4-ko\u0142owy (kr\u00f3tki) \u2013 T621 ZUCH \u2013 INNOW\"},{\"@type\":\"BreadcrumbList\",\"@id\":\"https:\\\/\\\/innow.pl\\\/produkt\\\/t621-zuch-balkonik-4-kolowy-krotki\\\/#breadcrumb\",\"itemListElement\":[{\"@type\":\"ListItem\",\"position\":1,\"name\":\"INNOW\",\"item\":\"https:\\\/\\\/innow.pl\\\/en\\\/\"},{\"@type\":\"ListItem\",\"position\":2,\"name\":\"Produkty\",\"item\":\"https:\\\/\\\/innow.pl\\\/produkty\\\/\"},{\"@type\":\"ListItem\",\"position\":3,\"name\":\"Piel\u0119gnacja i rehabilitacja\",\"item\":\"https:\\\/\\\/innow.pl\\\/produkty\\\/pielegnacja-i-rehabilitacja\\\/\"},{\"@type\":\"ListItem\",\"position\":4,\"name\":\"Balkoniki, kule, laski\",\"item\":\"https:\\\/\\\/innow.pl\\\/produkty\\\/pielegnacja-i-rehabilitacja\\\/balkoniki-kule-laski\\\/\"},{\"@type\":\"ListItem\",\"position\":5,\"name\":\"Balkoniki\",\"item\":\"https:\\\/\\\/innow.pl\\\/produkty\\\/pielegnacja-i-rehabilitacja\\\/balkoniki-kule-laski\\\/balkoniki\\\/\"},{\"@type\":\"ListItem\",\"position\":6,\"name\":\"Balkoniki podstawowe\",\"item\":\"https:\\\/\\\/innow.pl\\\/produkty\\\/pielegnacja-i-rehabilitacja\\\/balkoniki-kule-laski\\\/balkoniki\\\/balkoniki-podstawowe\\\/\"},{\"@type\":\"ListItem\",\"position\":7,\"name\":\"T621 ZUCH &#8211; Balkonik 4-ko\u0142owy (kr\u00f3tki)\"}]},{\"@type\":\"WebSite\",\"@id\":\"https:\\\/\\\/innow.pl\\\/#website\",\"url\":\"https:\\\/\\\/innow.pl\\\/\",\"name\":\"INNOW\",\"description\":\"\",\"potentialAction\":[{\"@type\":\"SearchAction\",\"target\":{\"@type\":\"EntryPoint\",\"urlTemplate\":\"https:\\\/\\\/innow.pl\\\/?s={search_term_string}\"},\"query-input\":{\"@type\":\"PropertyValueSpecification\",\"valueRequired\":true,\"valueName\":\"search_term_string\"}}],\"inLanguage\":\"en-US\"}]}<\/script>\n<!-- \/ Yoast SEO plugin. -->","yoast_head_json":{"title":"T621 ZUCH - Balkonik 4-ko\u0142owy (kr\u00f3tki) - INNOW","description":"Solidny i praktyczny balkonik 4-ko\u0142owy (kr\u00f3tki) z ko\u0142ami tylnymi z blokad\u0105 obrotu i hamulcem. Balkonik polskiego producenta - firmy INNOW! Kliknij!","robots":{"index":"index","follow":"follow","max-snippet":"max-snippet:-1","max-image-preview":"max-image-preview:large","max-video-preview":"max-video-preview:-1"},"canonical":"https:\/\/innow.pl\/produkt\/t621-zuch-balkonik-4-kolowy-krotki\/","og_locale":"en_US","og_type":"article","og_title":"T621 ZUCH - Balkonik 4-ko\u0142owy (kr\u00f3tki) - INNOW","og_description":"Solidny i praktyczny balkonik 4-ko\u0142owy (kr\u00f3tki) z ko\u0142ami tylnymi z blokad\u0105 obrotu i hamulcem. Balkonik polskiego producenta - firmy INNOW! Kliknij!","og_url":"https:\/\/innow.pl\/produkt\/t621-zuch-balkonik-4-kolowy-krotki\/","og_site_name":"INNOW","article_modified_time":"2025-10-29T11:59:01+00:00","og_image":[{"width":415,"height":415,"url":"https:\/\/innow.pl\/wp-content\/uploads\/2024\/11\/T621_ZUCH.jpg","type":"image\/jpeg"}],"twitter_card":"summary_large_image","twitter_misc":{"Est. reading time":"1 minute"},"schema":{"@context":"https:\/\/schema.org","@graph":[{"@type":"WebPage","@id":"https:\/\/innow.pl\/produkt\/t621-zuch-balkonik-4-kolowy-krotki\/","url":"https:\/\/innow.pl\/produkt\/t621-zuch-balkonik-4-kolowy-krotki\/","name":"T621 ZUCH - Balkonik 4-ko\u0142owy (kr\u00f3tki) - INNOW","isPartOf":{"@id":"https:\/\/innow.pl\/#website"},"primaryImageOfPage":{"@id":"https:\/\/innow.pl\/produkt\/t621-zuch-balkonik-4-kolowy-krotki\/#primaryimage"},"image":{"@id":"https:\/\/innow.pl\/produkt\/t621-zuch-balkonik-4-kolowy-krotki\/#primaryimage"},"thumbnailUrl":"https:\/\/innow.pl\/wp-content\/uploads\/2024\/11\/T621_ZUCH.jpg","datePublished":"2017-06-27T05:40:07+00:00","dateModified":"2025-10-29T11:59:01+00:00","description":"Solidny i praktyczny balkonik 4-ko\u0142owy (kr\u00f3tki) z ko\u0142ami tylnymi z blokad\u0105 obrotu i hamulcem. Balkonik polskiego producenta - firmy INNOW! Kliknij!","breadcrumb":{"@id":"https:\/\/innow.pl\/produkt\/t621-zuch-balkonik-4-kolowy-krotki\/#breadcrumb"},"inLanguage":"en-US","potentialAction":[{"@type":"ReadAction","target":["https:\/\/innow.pl\/produkt\/t621-zuch-balkonik-4-kolowy-krotki\/"]}]},{"@type":"ImageObject","inLanguage":"en-US","@id":"https:\/\/innow.pl\/produkt\/t621-zuch-balkonik-4-kolowy-krotki\/#primaryimage","url":"https:\/\/innow.pl\/wp-content\/uploads\/2024\/11\/T621_ZUCH.jpg","contentUrl":"https:\/\/innow.pl\/wp-content\/uploads\/2024\/11\/T621_ZUCH.jpg","width":415,"height":415,"caption":"Balkonik 4-ko\u0142owy (kr\u00f3tki) \u2013 T621 ZUCH \u2013 INNOW"},{"@type":"BreadcrumbList","@id":"https:\/\/innow.pl\/produkt\/t621-zuch-balkonik-4-kolowy-krotki\/#breadcrumb","itemListElement":[{"@type":"ListItem","position":1,"name":"INNOW","item":"https:\/\/innow.pl\/en\/"},{"@type":"ListItem","position":2,"name":"Produkty","item":"https:\/\/innow.pl\/produkty\/"},{"@type":"ListItem","position":3,"name":"Piel\u0119gnacja i rehabilitacja","item":"https:\/\/innow.pl\/produkty\/pielegnacja-i-rehabilitacja\/"},{"@type":"ListItem","position":4,"name":"Balkoniki, kule, laski","item":"https:\/\/innow.pl\/produkty\/pielegnacja-i-rehabilitacja\/balkoniki-kule-laski\/"},{"@type":"ListItem","position":5,"name":"Balkoniki","item":"https:\/\/innow.pl\/produkty\/pielegnacja-i-rehabilitacja\/balkoniki-kule-laski\/balkoniki\/"},{"@type":"ListItem","position":6,"name":"Balkoniki podstawowe","item":"https:\/\/innow.pl\/produkty\/pielegnacja-i-rehabilitacja\/balkoniki-kule-laski\/balkoniki\/balkoniki-podstawowe\/"},{"@type":"ListItem","position":7,"name":"T621 ZUCH &#8211; Balkonik 4-ko\u0142owy (kr\u00f3tki)"}]},{"@type":"WebSite","@id":"https:\/\/innow.pl\/#website","url":"https:\/\/innow.pl\/","name":"INNOW","description":"","potentialAction":[{"@type":"SearchAction","target":{"@type":"EntryPoint","urlTemplate":"https:\/\/innow.pl\/?s={search_term_string}"},"query-input":{"@type":"PropertyValueSpecification","valueRequired":true,"valueName":"search_term_string"}}],"inLanguage":"en-US"}]}},"_links":{"self":[{"href":"https:\/\/innow.pl\/en\/wp-json\/wp\/v2\/product\/25513","targetHints":{"allow":["GET"]}}],"collection":[{"href":"https:\/\/innow.pl\/en\/wp-json\/wp\/v2\/product"}],"about":[{"href":"https:\/\/innow.pl\/en\/wp-json\/wp\/v2\/types\/product"}],"replies":[{"embeddable":true,"href":"https:\/\/innow.pl\/en\/wp-json\/wp\/v2\/comments?post=25513"}],"wp:featuredmedia":[{"embeddable":true,"href":"https:\/\/innow.pl\/en\/wp-json\/wp\/v2\/media\/25515"}],"wp:attachment":[{"href":"https:\/\/innow.pl\/en\/wp-json\/wp\/v2\/media?parent=25513"}],"wp:term":[{"taxonomy":"product_brand","embeddable":true,"href":"https:\/\/innow.pl\/en\/wp-json\/wp\/v2\/product_brand?post=25513"},{"taxonomy":"product_cat","embeddable":true,"href":"https:\/\/innow.pl\/en\/wp-json\/wp\/v2\/product_cat?post=25513"},{"taxonomy":"product_tag","embeddable":true,"href":"https:\/\/innow.pl\/en\/wp-json\/wp\/v2\/product_tag?post=25513"}],"curies":[{"name":"wp","href":"https:\/\/api.w.org\/{rel}","templated":true}]}}