{"id":25451,"date":"2017-01-26T10:37:41","date_gmt":"2017-01-26T09:37:41","guid":{"rendered":"https:\/\/innow.pl\/produkt\/c202t-krzeslo-sedesowe-z-poreczami-stalymi-tapicerowane\/"},"modified":"2025-03-27T07:35:47","modified_gmt":"2025-03-27T06:35:47","slug":"c202t-krzeslo-sedesowe-z-poreczami-stalymi-tapicerowane","status":"publish","type":"product","link":"https:\/\/innow.pl\/en\/produkt\/c202t-krzeslo-sedesowe-z-poreczami-stalymi-tapicerowane\/","title":{"rendered":"C202N &#8211; Krzes\u0142o sedesowe z por\u0119czami sta\u0142ymi tapicerowane"},"content":{"rendered":"<p>Krzes\u0142o sedesowe z tapicerowanym oparciem, siedziskiem oraz pod\u0142okietnikami (nieodchylane) o stalowej konstrukcji (lakierowana proszkowo). W celu wykonywania czynno\u015bci higienicznych oraz korzystania z krzes\u0142a jako toalety, w siedzisku znajduje si\u0119 otw\u00f3r. W komplecie z krzes\u0142em znajduje si\u0119 pojemnik wsuwany pod otworem.<\/p>\n","protected":false},"excerpt":{"rendered":"<p>Krzes\u0142o sedesowe z tapicerowanym oparciem, siedziskiem oraz pod\u0142okietnikami (nieodchylane) o stalowej konstrukcji (lakierowana proszkowo). W celu wykonywania czynno\u015bci higienicznych oraz korzystania z krzes\u0142a jako toalety, w siedzisku znajduje si\u0119 otw\u00f3r. W komplecie z krzes\u0142em znajduje si\u0119 pojemnik wsuwany pod otworem.<\/p>\n","protected":false},"featured_media":25453,"comment_status":"open","ping_status":"closed","template":"","meta":{"_acf_changed":false},"product_brand":[],"product_cat":[477,437,49],"product_tag":[],"class_list":{"0":"post-25451","1":"product","2":"type-product","3":"status-publish","4":"has-post-thumbnail","6":"product_cat-krzesla-sedesowe","7":"product_cat-urzadzenia-toaletowe-i-prysznicowe","8":"product_cat-lazienka-i-wc","9":"pa_glebokosc-58-cm","10":"pa_glebokosc-siedziska-40-cm","11":"pa_szerokosc-61-cm","12":"pa_waga-65-kg","13":"pa_wysokosc-86-cm","14":"pa_wysokosc-siedziska-52-cm","16":"first","17":"instock","18":"taxable","19":"shipping-taxable","20":"purchasable","21":"product-type-simple"},"acf":[],"yoast_head":"<!-- This site is optimized with the Yoast SEO plugin v27.4 - https:\/\/yoast.com\/product\/yoast-seo-wordpress\/ -->\n<title>C202N - Krzes\u0142o sedesowe z por\u0119czami sta\u0142ymi tapicerowane - INNOW<\/title>\n<meta name=\"description\" content=\"Niezwykle estetyczne krzes\u0142o sedesowe z por\u0119czami sta\u0142ymi, pokryte zmywaln\u0105 tapicerk\u0105. W komplecie wsuwany pojemnik. Kliknij po wi\u0119cej informacji!\" \/>\n<meta name=\"robots\" content=\"index, follow, max-snippet:-1, max-image-preview:large, max-video-preview:-1\" \/>\n<link rel=\"canonical\" href=\"https:\/\/innow.pl\/produkt\/c202t-krzeslo-sedesowe-z-poreczami-stalymi-tapicerowane\/\" \/>\n<meta property=\"og:locale\" content=\"en_US\" \/>\n<meta property=\"og:type\" content=\"article\" \/>\n<meta property=\"og:title\" content=\"C202N - Krzes\u0142o sedesowe z por\u0119czami sta\u0142ymi tapicerowane - INNOW\" \/>\n<meta property=\"og:description\" content=\"Niezwykle estetyczne krzes\u0142o sedesowe z por\u0119czami sta\u0142ymi, pokryte zmywaln\u0105 tapicerk\u0105. W komplecie wsuwany pojemnik. Kliknij po wi\u0119cej informacji!\" \/>\n<meta property=\"og:url\" content=\"https:\/\/innow.pl\/produkt\/c202t-krzeslo-sedesowe-z-poreczami-stalymi-tapicerowane\/\" \/>\n<meta property=\"og:site_name\" content=\"INNOW\" \/>\n<meta property=\"article:modified_time\" content=\"2025-03-27T06:35:47+00:00\" \/>\n<meta property=\"og:image\" content=\"https:\/\/innow.pl\/wp-content\/uploads\/2024\/11\/C202N-new.jpg\" \/>\n\t<meta property=\"og:image:width\" content=\"600\" \/>\n\t<meta property=\"og:image:height\" content=\"600\" \/>\n\t<meta property=\"og:image:type\" content=\"image\/jpeg\" \/>\n<meta name=\"twitter:card\" content=\"summary_large_image\" \/>\n<meta name=\"twitter:label1\" content=\"Est. reading time\" \/>\n\t<meta name=\"twitter:data1\" content=\"1 minute\" \/>\n<script type=\"application\/ld+json\" class=\"yoast-schema-graph\">{\"@context\":\"https:\\\/\\\/schema.org\",\"@graph\":[{\"@type\":\"WebPage\",\"@id\":\"https:\\\/\\\/innow.pl\\\/produkt\\\/c202t-krzeslo-sedesowe-z-poreczami-stalymi-tapicerowane\\\/\",\"url\":\"https:\\\/\\\/innow.pl\\\/produkt\\\/c202t-krzeslo-sedesowe-z-poreczami-stalymi-tapicerowane\\\/\",\"name\":\"C202N - Krzes\u0142o sedesowe z por\u0119czami sta\u0142ymi tapicerowane - INNOW\",\"isPartOf\":{\"@id\":\"https:\\\/\\\/innow.pl\\\/#website\"},\"primaryImageOfPage\":{\"@id\":\"https:\\\/\\\/innow.pl\\\/produkt\\\/c202t-krzeslo-sedesowe-z-poreczami-stalymi-tapicerowane\\\/#primaryimage\"},\"image\":{\"@id\":\"https:\\\/\\\/innow.pl\\\/produkt\\\/c202t-krzeslo-sedesowe-z-poreczami-stalymi-tapicerowane\\\/#primaryimage\"},\"thumbnailUrl\":\"https:\\\/\\\/innow.pl\\\/wp-content\\\/uploads\\\/2024\\\/11\\\/C202N-new.jpg\",\"datePublished\":\"2017-01-26T09:37:41+00:00\",\"dateModified\":\"2025-03-27T06:35:47+00:00\",\"description\":\"Niezwykle estetyczne krzes\u0142o sedesowe z por\u0119czami sta\u0142ymi, pokryte zmywaln\u0105 tapicerk\u0105. W komplecie wsuwany pojemnik. Kliknij po wi\u0119cej informacji!\",\"breadcrumb\":{\"@id\":\"https:\\\/\\\/innow.pl\\\/produkt\\\/c202t-krzeslo-sedesowe-z-poreczami-stalymi-tapicerowane\\\/#breadcrumb\"},\"inLanguage\":\"en-US\",\"potentialAction\":[{\"@type\":\"ReadAction\",\"target\":[\"https:\\\/\\\/innow.pl\\\/produkt\\\/c202t-krzeslo-sedesowe-z-poreczami-stalymi-tapicerowane\\\/\"]}]},{\"@type\":\"ImageObject\",\"inLanguage\":\"en-US\",\"@id\":\"https:\\\/\\\/innow.pl\\\/produkt\\\/c202t-krzeslo-sedesowe-z-poreczami-stalymi-tapicerowane\\\/#primaryimage\",\"url\":\"https:\\\/\\\/innow.pl\\\/wp-content\\\/uploads\\\/2024\\\/11\\\/C202N-new.jpg\",\"contentUrl\":\"https:\\\/\\\/innow.pl\\\/wp-content\\\/uploads\\\/2024\\\/11\\\/C202N-new.jpg\",\"width\":600,\"height\":600,\"caption\":\"Krzes\u0142o sedesowe z por\u0119czami sta\u0142ymi tapicerowane \u2013 C202N \u2013 INNOW\"},{\"@type\":\"BreadcrumbList\",\"@id\":\"https:\\\/\\\/innow.pl\\\/produkt\\\/c202t-krzeslo-sedesowe-z-poreczami-stalymi-tapicerowane\\\/#breadcrumb\",\"itemListElement\":[{\"@type\":\"ListItem\",\"position\":1,\"name\":\"INNOW\",\"item\":\"https:\\\/\\\/innow.pl\\\/en\\\/\"},{\"@type\":\"ListItem\",\"position\":2,\"name\":\"Produkty\",\"item\":\"https:\\\/\\\/innow.pl\\\/produkty\\\/\"},{\"@type\":\"ListItem\",\"position\":3,\"name\":\"\u0141azienka i WC\",\"item\":\"https:\\\/\\\/innow.pl\\\/produkty\\\/lazienka-i-wc\\\/\"},{\"@type\":\"ListItem\",\"position\":4,\"name\":\"Urz\u0105dzenia toaletowe i prysznicowe\",\"item\":\"https:\\\/\\\/innow.pl\\\/produkty\\\/lazienka-i-wc\\\/urzadzenia-toaletowe-i-prysznicowe\\\/\"},{\"@type\":\"ListItem\",\"position\":5,\"name\":\"Krzes\u0142a toaletowe\",\"item\":\"https:\\\/\\\/innow.pl\\\/produkty\\\/lazienka-i-wc\\\/urzadzenia-toaletowe-i-prysznicowe\\\/krzesla-sedesowe\\\/\"},{\"@type\":\"ListItem\",\"position\":6,\"name\":\"C202N &#8211; Krzes\u0142o sedesowe z por\u0119czami sta\u0142ymi tapicerowane\"}]},{\"@type\":\"WebSite\",\"@id\":\"https:\\\/\\\/innow.pl\\\/#website\",\"url\":\"https:\\\/\\\/innow.pl\\\/\",\"name\":\"INNOW\",\"description\":\"\",\"potentialAction\":[{\"@type\":\"SearchAction\",\"target\":{\"@type\":\"EntryPoint\",\"urlTemplate\":\"https:\\\/\\\/innow.pl\\\/?s={search_term_string}\"},\"query-input\":{\"@type\":\"PropertyValueSpecification\",\"valueRequired\":true,\"valueName\":\"search_term_string\"}}],\"inLanguage\":\"en-US\"}]}<\/script>\n<!-- \/ Yoast SEO plugin. -->","yoast_head_json":{"title":"C202N - Krzes\u0142o sedesowe z por\u0119czami sta\u0142ymi tapicerowane - INNOW","description":"Niezwykle estetyczne krzes\u0142o sedesowe z por\u0119czami sta\u0142ymi, pokryte zmywaln\u0105 tapicerk\u0105. W komplecie wsuwany pojemnik. Kliknij po wi\u0119cej informacji!","robots":{"index":"index","follow":"follow","max-snippet":"max-snippet:-1","max-image-preview":"max-image-preview:large","max-video-preview":"max-video-preview:-1"},"canonical":"https:\/\/innow.pl\/produkt\/c202t-krzeslo-sedesowe-z-poreczami-stalymi-tapicerowane\/","og_locale":"en_US","og_type":"article","og_title":"C202N - Krzes\u0142o sedesowe z por\u0119czami sta\u0142ymi tapicerowane - INNOW","og_description":"Niezwykle estetyczne krzes\u0142o sedesowe z por\u0119czami sta\u0142ymi, pokryte zmywaln\u0105 tapicerk\u0105. W komplecie wsuwany pojemnik. Kliknij po wi\u0119cej informacji!","og_url":"https:\/\/innow.pl\/produkt\/c202t-krzeslo-sedesowe-z-poreczami-stalymi-tapicerowane\/","og_site_name":"INNOW","article_modified_time":"2025-03-27T06:35:47+00:00","og_image":[{"width":600,"height":600,"url":"https:\/\/innow.pl\/wp-content\/uploads\/2024\/11\/C202N-new.jpg","type":"image\/jpeg"}],"twitter_card":"summary_large_image","twitter_misc":{"Est. reading time":"1 minute"},"schema":{"@context":"https:\/\/schema.org","@graph":[{"@type":"WebPage","@id":"https:\/\/innow.pl\/produkt\/c202t-krzeslo-sedesowe-z-poreczami-stalymi-tapicerowane\/","url":"https:\/\/innow.pl\/produkt\/c202t-krzeslo-sedesowe-z-poreczami-stalymi-tapicerowane\/","name":"C202N - Krzes\u0142o sedesowe z por\u0119czami sta\u0142ymi tapicerowane - INNOW","isPartOf":{"@id":"https:\/\/innow.pl\/#website"},"primaryImageOfPage":{"@id":"https:\/\/innow.pl\/produkt\/c202t-krzeslo-sedesowe-z-poreczami-stalymi-tapicerowane\/#primaryimage"},"image":{"@id":"https:\/\/innow.pl\/produkt\/c202t-krzeslo-sedesowe-z-poreczami-stalymi-tapicerowane\/#primaryimage"},"thumbnailUrl":"https:\/\/innow.pl\/wp-content\/uploads\/2024\/11\/C202N-new.jpg","datePublished":"2017-01-26T09:37:41+00:00","dateModified":"2025-03-27T06:35:47+00:00","description":"Niezwykle estetyczne krzes\u0142o sedesowe z por\u0119czami sta\u0142ymi, pokryte zmywaln\u0105 tapicerk\u0105. W komplecie wsuwany pojemnik. Kliknij po wi\u0119cej informacji!","breadcrumb":{"@id":"https:\/\/innow.pl\/produkt\/c202t-krzeslo-sedesowe-z-poreczami-stalymi-tapicerowane\/#breadcrumb"},"inLanguage":"en-US","potentialAction":[{"@type":"ReadAction","target":["https:\/\/innow.pl\/produkt\/c202t-krzeslo-sedesowe-z-poreczami-stalymi-tapicerowane\/"]}]},{"@type":"ImageObject","inLanguage":"en-US","@id":"https:\/\/innow.pl\/produkt\/c202t-krzeslo-sedesowe-z-poreczami-stalymi-tapicerowane\/#primaryimage","url":"https:\/\/innow.pl\/wp-content\/uploads\/2024\/11\/C202N-new.jpg","contentUrl":"https:\/\/innow.pl\/wp-content\/uploads\/2024\/11\/C202N-new.jpg","width":600,"height":600,"caption":"Krzes\u0142o sedesowe z por\u0119czami sta\u0142ymi tapicerowane \u2013 C202N \u2013 INNOW"},{"@type":"BreadcrumbList","@id":"https:\/\/innow.pl\/produkt\/c202t-krzeslo-sedesowe-z-poreczami-stalymi-tapicerowane\/#breadcrumb","itemListElement":[{"@type":"ListItem","position":1,"name":"INNOW","item":"https:\/\/innow.pl\/en\/"},{"@type":"ListItem","position":2,"name":"Produkty","item":"https:\/\/innow.pl\/produkty\/"},{"@type":"ListItem","position":3,"name":"\u0141azienka i WC","item":"https:\/\/innow.pl\/produkty\/lazienka-i-wc\/"},{"@type":"ListItem","position":4,"name":"Urz\u0105dzenia toaletowe i prysznicowe","item":"https:\/\/innow.pl\/produkty\/lazienka-i-wc\/urzadzenia-toaletowe-i-prysznicowe\/"},{"@type":"ListItem","position":5,"name":"Krzes\u0142a toaletowe","item":"https:\/\/innow.pl\/produkty\/lazienka-i-wc\/urzadzenia-toaletowe-i-prysznicowe\/krzesla-sedesowe\/"},{"@type":"ListItem","position":6,"name":"C202N &#8211; Krzes\u0142o sedesowe z por\u0119czami sta\u0142ymi tapicerowane"}]},{"@type":"WebSite","@id":"https:\/\/innow.pl\/#website","url":"https:\/\/innow.pl\/","name":"INNOW","description":"","potentialAction":[{"@type":"SearchAction","target":{"@type":"EntryPoint","urlTemplate":"https:\/\/innow.pl\/?s={search_term_string}"},"query-input":{"@type":"PropertyValueSpecification","valueRequired":true,"valueName":"search_term_string"}}],"inLanguage":"en-US"}]}},"_links":{"self":[{"href":"https:\/\/innow.pl\/en\/wp-json\/wp\/v2\/product\/25451","targetHints":{"allow":["GET"]}}],"collection":[{"href":"https:\/\/innow.pl\/en\/wp-json\/wp\/v2\/product"}],"about":[{"href":"https:\/\/innow.pl\/en\/wp-json\/wp\/v2\/types\/product"}],"replies":[{"embeddable":true,"href":"https:\/\/innow.pl\/en\/wp-json\/wp\/v2\/comments?post=25451"}],"wp:featuredmedia":[{"embeddable":true,"href":"https:\/\/innow.pl\/en\/wp-json\/wp\/v2\/media\/25453"}],"wp:attachment":[{"href":"https:\/\/innow.pl\/en\/wp-json\/wp\/v2\/media?parent=25451"}],"wp:term":[{"taxonomy":"product_brand","embeddable":true,"href":"https:\/\/innow.pl\/en\/wp-json\/wp\/v2\/product_brand?post=25451"},{"taxonomy":"product_cat","embeddable":true,"href":"https:\/\/innow.pl\/en\/wp-json\/wp\/v2\/product_cat?post=25451"},{"taxonomy":"product_tag","embeddable":true,"href":"https:\/\/innow.pl\/en\/wp-json\/wp\/v2\/product_tag?post=25451"}],"curies":[{"name":"wp","href":"https:\/\/api.w.org\/{rel}","templated":true}]}}