{"id":25408,"date":"2017-06-26T08:17:15","date_gmt":"2017-06-26T06:17:15","guid":{"rendered":"https:\/\/innow.pl\/produkt\/m101-materac-podlezynowy-200-x80-x-3-cm-do-80-kg\/"},"modified":"2025-03-04T14:43:47","modified_gmt":"2025-03-04T13:43:47","slug":"m101-materac-podlezynowy-200-x80-x-3-cm-do-80-kg","status":"publish","type":"product","link":"https:\/\/innow.pl\/en\/produkt\/m101-materac-podlezynowy-200-x80-x-3-cm-do-80-kg\/","title":{"rendered":"Materac przeciwodle\u017cynowy do 80 kg"},"content":{"rendered":"<p align=\"left\">Materac przeciwodle\u017cynowy o niewielkim ci\u0119\u017carze, wykonany z termoczu\u0142ych materia\u0142\u00f3w. Zapewnia przep\u0142yw powietrza co zapobiega powstawaniu odle\u017cyn i wspomaga leczenie ran z nimi zwi\u0105zanych.<\/p>\n<p>&nbsp;<\/p>\n","protected":false},"excerpt":{"rendered":"<p>Materac przeciwodle\u017cynowy o niewielkim ci\u0119\u017carze, wykonany z termoczu\u0142ych materia\u0142\u00f3w. Zapewnia przep\u0142yw powietrza co zapobiega powstawaniu odle\u017cyn i wspomaga leczenie ran z nimi zwi\u0105zanych. &nbsp;<\/p>\n","protected":false},"featured_media":25410,"comment_status":"open","ping_status":"closed","template":"","meta":{"_acf_changed":false},"product_brand":[],"product_cat":[537,438,508,481],"product_tag":[],"class_list":{"0":"post-25408","1":"product","2":"type-product","3":"status-publish","4":"has-post-thumbnail","6":"product_cat-materace-i-podklady","7":"product_cat-pielegnacja-i-rehabilitacja","8":"product_cat-wyposazenie-pomocnicze","9":"product_cat-lozka-rehabilitacyjne","10":"pa_dlugosc-200-cm","11":"pa_szerokosc-80-cm","12":"pa_szerokosc-90-cm","13":"pa_wysokosc-3-cm","15":"first","16":"instock","17":"taxable","18":"shipping-taxable","19":"purchasable","20":"product-type-variable"},"acf":[],"yoast_head":"<!-- This site is optimized with the Yoast SEO plugin v27.4 - https:\/\/yoast.com\/product\/yoast-seo-wordpress\/ -->\n<title>Materac przeciwodle\u017cynowy do 80 kg - INNOW<\/title>\n<meta name=\"description\" content=\"Materac przeciwodle\u017cynowy do 80 kg, 200x80x3 cm lub 200x90x3 cm wspomagaj\u0105cy leczenie ran odle\u017cynowych (zapewnia przep\u0142yw powietrza). Sprawd\u017a!\" \/>\n<meta name=\"robots\" content=\"index, follow, max-snippet:-1, max-image-preview:large, max-video-preview:-1\" \/>\n<link rel=\"canonical\" href=\"https:\/\/innow.pl\/produkt\/m101-materac-podlezynowy-200-x80-x-3-cm-do-80-kg\/\" \/>\n<meta property=\"og:locale\" content=\"en_US\" \/>\n<meta property=\"og:type\" content=\"article\" \/>\n<meta property=\"og:title\" content=\"Materac przeciwodle\u017cynowy do 80 kg - INNOW\" \/>\n<meta property=\"og:description\" content=\"Materac przeciwodle\u017cynowy do 80 kg, 200x80x3 cm lub 200x90x3 cm wspomagaj\u0105cy leczenie ran odle\u017cynowych (zapewnia przep\u0142yw powietrza). Sprawd\u017a!\" \/>\n<meta property=\"og:url\" content=\"https:\/\/innow.pl\/produkt\/m101-materac-podlezynowy-200-x80-x-3-cm-do-80-kg\/\" \/>\n<meta property=\"og:site_name\" content=\"INNOW\" \/>\n<meta property=\"article:modified_time\" content=\"2025-03-04T13:43:47+00:00\" \/>\n<meta property=\"og:image\" content=\"https:\/\/innow.pl\/wp-content\/uploads\/2024\/11\/M101_1_.jpg\" \/>\n\t<meta property=\"og:image:width\" content=\"350\" \/>\n\t<meta property=\"og:image:height\" content=\"350\" \/>\n\t<meta property=\"og:image:type\" content=\"image\/jpeg\" \/>\n<meta name=\"twitter:card\" content=\"summary_large_image\" \/>\n<meta name=\"twitter:label1\" content=\"Est. reading time\" \/>\n\t<meta name=\"twitter:data1\" content=\"1 minute\" \/>\n<script type=\"application\/ld+json\" class=\"yoast-schema-graph\">{\"@context\":\"https:\\\/\\\/schema.org\",\"@graph\":[{\"@type\":\"WebPage\",\"@id\":\"https:\\\/\\\/innow.pl\\\/produkt\\\/m101-materac-podlezynowy-200-x80-x-3-cm-do-80-kg\\\/\",\"url\":\"https:\\\/\\\/innow.pl\\\/produkt\\\/m101-materac-podlezynowy-200-x80-x-3-cm-do-80-kg\\\/\",\"name\":\"Materac przeciwodle\u017cynowy do 80 kg - INNOW\",\"isPartOf\":{\"@id\":\"https:\\\/\\\/innow.pl\\\/#website\"},\"primaryImageOfPage\":{\"@id\":\"https:\\\/\\\/innow.pl\\\/produkt\\\/m101-materac-podlezynowy-200-x80-x-3-cm-do-80-kg\\\/#primaryimage\"},\"image\":{\"@id\":\"https:\\\/\\\/innow.pl\\\/produkt\\\/m101-materac-podlezynowy-200-x80-x-3-cm-do-80-kg\\\/#primaryimage\"},\"thumbnailUrl\":\"https:\\\/\\\/innow.pl\\\/wp-content\\\/uploads\\\/2024\\\/11\\\/M101_1_.jpg\",\"datePublished\":\"2017-06-26T06:17:15+00:00\",\"dateModified\":\"2025-03-04T13:43:47+00:00\",\"description\":\"Materac przeciwodle\u017cynowy do 80 kg, 200x80x3 cm lub 200x90x3 cm wspomagaj\u0105cy leczenie ran odle\u017cynowych (zapewnia przep\u0142yw powietrza). Sprawd\u017a!\",\"breadcrumb\":{\"@id\":\"https:\\\/\\\/innow.pl\\\/produkt\\\/m101-materac-podlezynowy-200-x80-x-3-cm-do-80-kg\\\/#breadcrumb\"},\"inLanguage\":\"en-US\",\"potentialAction\":[{\"@type\":\"ReadAction\",\"target\":[\"https:\\\/\\\/innow.pl\\\/produkt\\\/m101-materac-podlezynowy-200-x80-x-3-cm-do-80-kg\\\/\"]}]},{\"@type\":\"ImageObject\",\"inLanguage\":\"en-US\",\"@id\":\"https:\\\/\\\/innow.pl\\\/produkt\\\/m101-materac-podlezynowy-200-x80-x-3-cm-do-80-kg\\\/#primaryimage\",\"url\":\"https:\\\/\\\/innow.pl\\\/wp-content\\\/uploads\\\/2024\\\/11\\\/M101_1_.jpg\",\"contentUrl\":\"https:\\\/\\\/innow.pl\\\/wp-content\\\/uploads\\\/2024\\\/11\\\/M101_1_.jpg\",\"width\":350,\"height\":350,\"caption\":\"Materac przeciwodle\u017cynowy 200x80x3 cm do 80 kg \u2013 M101 \u2013 INNOW \u2013 Meble medyczne, sprz\u0119t szpitalny, rehabilitacyjny\"},{\"@type\":\"BreadcrumbList\",\"@id\":\"https:\\\/\\\/innow.pl\\\/produkt\\\/m101-materac-podlezynowy-200-x80-x-3-cm-do-80-kg\\\/#breadcrumb\",\"itemListElement\":[{\"@type\":\"ListItem\",\"position\":1,\"name\":\"INNOW\",\"item\":\"https:\\\/\\\/innow.pl\\\/en\\\/\"},{\"@type\":\"ListItem\",\"position\":2,\"name\":\"Produkty\",\"item\":\"https:\\\/\\\/innow.pl\\\/produkty\\\/\"},{\"@type\":\"ListItem\",\"position\":3,\"name\":\"Piel\u0119gnacja i rehabilitacja\",\"item\":\"https:\\\/\\\/innow.pl\\\/produkty\\\/pielegnacja-i-rehabilitacja\\\/\"},{\"@type\":\"ListItem\",\"position\":4,\"name\":\"\u0141\u00f3\u017cka rehabilitacyjne\",\"item\":\"https:\\\/\\\/innow.pl\\\/produkty\\\/pielegnacja-i-rehabilitacja\\\/lozka-rehabilitacyjne\\\/\"},{\"@type\":\"ListItem\",\"position\":5,\"name\":\"Wyposa\u017cenie pomocnicze\",\"item\":\"https:\\\/\\\/innow.pl\\\/produkty\\\/pielegnacja-i-rehabilitacja\\\/lozka-rehabilitacyjne\\\/wyposazenie-pomocnicze\\\/\"},{\"@type\":\"ListItem\",\"position\":6,\"name\":\"Materace i podk\u0142ady\",\"item\":\"https:\\\/\\\/innow.pl\\\/produkty\\\/pielegnacja-i-rehabilitacja\\\/lozka-rehabilitacyjne\\\/wyposazenie-pomocnicze\\\/materace-i-podklady\\\/\"},{\"@type\":\"ListItem\",\"position\":7,\"name\":\"Materac przeciwodle\u017cynowy do 80 kg\"}]},{\"@type\":\"WebSite\",\"@id\":\"https:\\\/\\\/innow.pl\\\/#website\",\"url\":\"https:\\\/\\\/innow.pl\\\/\",\"name\":\"INNOW\",\"description\":\"\",\"potentialAction\":[{\"@type\":\"SearchAction\",\"target\":{\"@type\":\"EntryPoint\",\"urlTemplate\":\"https:\\\/\\\/innow.pl\\\/?s={search_term_string}\"},\"query-input\":{\"@type\":\"PropertyValueSpecification\",\"valueRequired\":true,\"valueName\":\"search_term_string\"}}],\"inLanguage\":\"en-US\"}]}<\/script>\n<!-- \/ Yoast SEO plugin. -->","yoast_head_json":{"title":"Materac przeciwodle\u017cynowy do 80 kg - INNOW","description":"Materac przeciwodle\u017cynowy do 80 kg, 200x80x3 cm lub 200x90x3 cm wspomagaj\u0105cy leczenie ran odle\u017cynowych (zapewnia przep\u0142yw powietrza). Sprawd\u017a!","robots":{"index":"index","follow":"follow","max-snippet":"max-snippet:-1","max-image-preview":"max-image-preview:large","max-video-preview":"max-video-preview:-1"},"canonical":"https:\/\/innow.pl\/produkt\/m101-materac-podlezynowy-200-x80-x-3-cm-do-80-kg\/","og_locale":"en_US","og_type":"article","og_title":"Materac przeciwodle\u017cynowy do 80 kg - INNOW","og_description":"Materac przeciwodle\u017cynowy do 80 kg, 200x80x3 cm lub 200x90x3 cm wspomagaj\u0105cy leczenie ran odle\u017cynowych (zapewnia przep\u0142yw powietrza). Sprawd\u017a!","og_url":"https:\/\/innow.pl\/produkt\/m101-materac-podlezynowy-200-x80-x-3-cm-do-80-kg\/","og_site_name":"INNOW","article_modified_time":"2025-03-04T13:43:47+00:00","og_image":[{"width":350,"height":350,"url":"https:\/\/innow.pl\/wp-content\/uploads\/2024\/11\/M101_1_.jpg","type":"image\/jpeg"}],"twitter_card":"summary_large_image","twitter_misc":{"Est. reading time":"1 minute"},"schema":{"@context":"https:\/\/schema.org","@graph":[{"@type":"WebPage","@id":"https:\/\/innow.pl\/produkt\/m101-materac-podlezynowy-200-x80-x-3-cm-do-80-kg\/","url":"https:\/\/innow.pl\/produkt\/m101-materac-podlezynowy-200-x80-x-3-cm-do-80-kg\/","name":"Materac przeciwodle\u017cynowy do 80 kg - INNOW","isPartOf":{"@id":"https:\/\/innow.pl\/#website"},"primaryImageOfPage":{"@id":"https:\/\/innow.pl\/produkt\/m101-materac-podlezynowy-200-x80-x-3-cm-do-80-kg\/#primaryimage"},"image":{"@id":"https:\/\/innow.pl\/produkt\/m101-materac-podlezynowy-200-x80-x-3-cm-do-80-kg\/#primaryimage"},"thumbnailUrl":"https:\/\/innow.pl\/wp-content\/uploads\/2024\/11\/M101_1_.jpg","datePublished":"2017-06-26T06:17:15+00:00","dateModified":"2025-03-04T13:43:47+00:00","description":"Materac przeciwodle\u017cynowy do 80 kg, 200x80x3 cm lub 200x90x3 cm wspomagaj\u0105cy leczenie ran odle\u017cynowych (zapewnia przep\u0142yw powietrza). Sprawd\u017a!","breadcrumb":{"@id":"https:\/\/innow.pl\/produkt\/m101-materac-podlezynowy-200-x80-x-3-cm-do-80-kg\/#breadcrumb"},"inLanguage":"en-US","potentialAction":[{"@type":"ReadAction","target":["https:\/\/innow.pl\/produkt\/m101-materac-podlezynowy-200-x80-x-3-cm-do-80-kg\/"]}]},{"@type":"ImageObject","inLanguage":"en-US","@id":"https:\/\/innow.pl\/produkt\/m101-materac-podlezynowy-200-x80-x-3-cm-do-80-kg\/#primaryimage","url":"https:\/\/innow.pl\/wp-content\/uploads\/2024\/11\/M101_1_.jpg","contentUrl":"https:\/\/innow.pl\/wp-content\/uploads\/2024\/11\/M101_1_.jpg","width":350,"height":350,"caption":"Materac przeciwodle\u017cynowy 200x80x3 cm do 80 kg \u2013 M101 \u2013 INNOW \u2013 Meble medyczne, sprz\u0119t szpitalny, rehabilitacyjny"},{"@type":"BreadcrumbList","@id":"https:\/\/innow.pl\/produkt\/m101-materac-podlezynowy-200-x80-x-3-cm-do-80-kg\/#breadcrumb","itemListElement":[{"@type":"ListItem","position":1,"name":"INNOW","item":"https:\/\/innow.pl\/en\/"},{"@type":"ListItem","position":2,"name":"Produkty","item":"https:\/\/innow.pl\/produkty\/"},{"@type":"ListItem","position":3,"name":"Piel\u0119gnacja i rehabilitacja","item":"https:\/\/innow.pl\/produkty\/pielegnacja-i-rehabilitacja\/"},{"@type":"ListItem","position":4,"name":"\u0141\u00f3\u017cka rehabilitacyjne","item":"https:\/\/innow.pl\/produkty\/pielegnacja-i-rehabilitacja\/lozka-rehabilitacyjne\/"},{"@type":"ListItem","position":5,"name":"Wyposa\u017cenie pomocnicze","item":"https:\/\/innow.pl\/produkty\/pielegnacja-i-rehabilitacja\/lozka-rehabilitacyjne\/wyposazenie-pomocnicze\/"},{"@type":"ListItem","position":6,"name":"Materace i podk\u0142ady","item":"https:\/\/innow.pl\/produkty\/pielegnacja-i-rehabilitacja\/lozka-rehabilitacyjne\/wyposazenie-pomocnicze\/materace-i-podklady\/"},{"@type":"ListItem","position":7,"name":"Materac przeciwodle\u017cynowy do 80 kg"}]},{"@type":"WebSite","@id":"https:\/\/innow.pl\/#website","url":"https:\/\/innow.pl\/","name":"INNOW","description":"","potentialAction":[{"@type":"SearchAction","target":{"@type":"EntryPoint","urlTemplate":"https:\/\/innow.pl\/?s={search_term_string}"},"query-input":{"@type":"PropertyValueSpecification","valueRequired":true,"valueName":"search_term_string"}}],"inLanguage":"en-US"}]}},"_links":{"self":[{"href":"https:\/\/innow.pl\/en\/wp-json\/wp\/v2\/product\/25408","targetHints":{"allow":["GET"]}}],"collection":[{"href":"https:\/\/innow.pl\/en\/wp-json\/wp\/v2\/product"}],"about":[{"href":"https:\/\/innow.pl\/en\/wp-json\/wp\/v2\/types\/product"}],"replies":[{"embeddable":true,"href":"https:\/\/innow.pl\/en\/wp-json\/wp\/v2\/comments?post=25408"}],"wp:featuredmedia":[{"embeddable":true,"href":"https:\/\/innow.pl\/en\/wp-json\/wp\/v2\/media\/25410"}],"wp:attachment":[{"href":"https:\/\/innow.pl\/en\/wp-json\/wp\/v2\/media?parent=25408"}],"wp:term":[{"taxonomy":"product_brand","embeddable":true,"href":"https:\/\/innow.pl\/en\/wp-json\/wp\/v2\/product_brand?post=25408"},{"taxonomy":"product_cat","embeddable":true,"href":"https:\/\/innow.pl\/en\/wp-json\/wp\/v2\/product_cat?post=25408"},{"taxonomy":"product_tag","embeddable":true,"href":"https:\/\/innow.pl\/en\/wp-json\/wp\/v2\/product_tag?post=25408"}],"curies":[{"name":"wp","href":"https:\/\/api.w.org\/{rel}","templated":true}]}}