{"id":25379,"date":"2017-06-26T06:57:28","date_gmt":"2017-06-26T04:57:28","guid":{"rendered":"https:\/\/innow.pl\/produkt\/f301kl-traper-fotel-rehabilitacyjny-do-dlugotrwalego-przebywania\/"},"modified":"2026-03-17T14:01:17","modified_gmt":"2026-03-17T13:01:17","slug":"f301kl-traper-fotel-rehabilitacyjny-do-dlugotrwalego-przebywania","status":"publish","type":"product","link":"https:\/\/innow.pl\/en\/produkt\/f301kl-traper-fotel-rehabilitacyjny-do-dlugotrwalego-przebywania\/","title":{"rendered":"F301KL TRAPER &#8211; Fotel rehabilitacyjny, geriatryczny (dla seniora), piel\u0119gnacyjny, pooperacyjny, pozabiegowy"},"content":{"rendered":"<p><span style=\"color: #ff0000\"><strong>PRODUKCJA WSTRZYMANA!<\/strong><\/span><\/p>\n<p>Wielofunkcyjny fotel do d\u0142ugotrwa\u0142ego przebywania (fotel pozabiegowy) przeznaczony dla os\u00f3b w podesz\u0142ym wieku, niepe\u0142nosprawnych, z zaburzeniami psychofizycznymi, os\u00f3b po zabiegach itp. Id\u0105c za potrzebami os\u00f3b wymagaj\u0105cych opieki i personelu zajmuj\u0105cego si\u0119 nimi, powsta\u0142 fotel b\u0119d\u0105cy wspania\u0142\u0105 alternatyw\u0105 dla os\u00f3b zmuszonych do ci\u0105g\u0142ego przebywania w \u0142\u00f3\u017cku. Zwrotne ko\u0142a (przednie i tylne) pozwalaj\u0105 na \u0142atwe manewrowanie fotelem nawet w trudnych warunkach (w\u0105skie i ciasne pomieszczenia). W standardzie znajduje si\u0119 3-cz\u0119\u015bciowa tapicerka z oparciem plec\u00f3w i podparciem n\u00f3g regulowanymi za pomoc\u0105 spr\u0119\u017cyn gazowych, tapicerowane pod\u0142okietniki oraz podparcia pod stopy (podn\u00f3\u017cki) z mo\u017cliwo\u015bci\u0105 odchylania i zmiany wysoko\u015bci. Wyposa\u017cenie opcjonalne do fotela zobaczy\u0107 mo\u017cna pod opisem. Dzi\u0119ki konstrukcji fotela geriatrycznego (dla seniora, dla os\u00f3b starszych), kt\u00f3ra umo\u017cliwia regulacj\u0119 k\u0105t\u00f3w poszczeg\u00f3lnych fragment\u00f3w le\u017cyska, zostaje zmniejszone ryzyko powstania odle\u017cyn. Pacjent mo\u017ce by\u0107 ustawiony w fotelu rehabilitacyjnym w pozycjach:<\/p>\n<ul>\n<li>siedz\u0105cej,<\/li>\n<li>le\u017c\u0105cej,<\/li>\n<li>p\u00f3\u0142siedz\u0105cej.<\/li>\n<\/ul>\n<p>W przypadku wyboru opcji z hydrauliczn\u0105 regulacj\u0105 siedziska, mo\u017cna uzyska\u0107 tak\u017ce pozycje:<\/p>\n<ul>\n<li>Trendelenburga,<\/li>\n<li>anty-Trendelenburga.<\/li>\n<\/ul>\n<p><em>Na zdj\u0119ciach 1-3 widoczny jest fotel ze sta\u0142ym siedziskiem, zdj\u0119cie 4 &#8211; fotel ze sta\u0142ym siedziskiem, z ud\u017awigiem zwi\u0119kszonym do 180 kg, zdj\u0119cia 5-7 &#8211; fotel z hydrauliczn\u0105 regulacj\u0105 odchylania siedziska.<\/em> \u00a0<\/p>\n<p style=\"text-align: left\"><a>Informacje o w\u0142a\u015bciwo\u015bciach dost\u0119pnych <strong>materia\u0142\u00f3w obiciowych<\/strong> dost\u0119pne po klikni\u0119ciu w zdj\u0119cie:<\/a><\/p>\n<p style=\"text-align: left\"><a href=\"https:\/\/innow.pl\/publikacje\/KatalogPDF\/Pokrycia-obiciowe-tapicerki.pdf\" target=\"_blank\" rel=\"noopener\"><img decoding=\"async\" src=\"https:\/\/innow.pl\/wp-content\/uploads\/2024\/11\/Tapicerki.jpg\" \/><\/a><\/p>\n","protected":false},"excerpt":{"rendered":"<p>PRODUKCJA WSTRZYMANA! Wielofunkcyjny fotel do d\u0142ugotrwa\u0142ego przebywania (fotel pozabiegowy) przeznaczony dla os\u00f3b w podesz\u0142ym wieku, niepe\u0142nosprawnych, z zaburzeniami psychofizycznymi, os\u00f3b po zabiegach itp. Id\u0105c za potrzebami os\u00f3b wymagaj\u0105cych opieki i personelu zajmuj\u0105cego si\u0119 nimi, powsta\u0142 fotel b\u0119d\u0105cy wspania\u0142\u0105 alternatyw\u0105 dla os\u00f3b zmuszonych do ci\u0105g\u0142ego przebywania w \u0142\u00f3\u017cku. Zwrotne ko\u0142a (przednie i tylne) pozwalaj\u0105 na \u0142atwe [&hellip;]<\/p>\n","protected":false},"featured_media":25382,"comment_status":"open","ping_status":"closed","template":"","meta":{"_acf_changed":false},"product_brand":[],"product_cat":[552,480,491,440,438],"product_tag":[],"class_list":{"0":"post-25379","1":"product","2":"type-product","3":"status-publish","4":"has-post-thumbnail","6":"product_cat-fotele-pooperacyjne-kardiologiczne-fotele-zabiegowe-i-pooperacyjne","7":"product_cat-fotele-rehabilitacyjne","8":"product_cat-fotele-zabiegowe","9":"product_cat-meble-medyczne","10":"product_cat-pielegnacja-i-rehabilitacja","11":"pa_dlugosc-166-cm","12":"pa_dlugosc-oparcia-76-cm","13":"pa_dlugosc-podnozka-40-cm","14":"pa_dlugosc-siedziska-50-cm","15":"pa_odchylanie-siedziska-hydrauliczna-regulacja-siedziska","16":"pa_odchylanie-siedziska-siedzisko-stale","17":"pa_odchylanie-siedziska-siedzisko-stale-udzwig-180-kg","18":"pa_szerokosc-siedziska-50-cm","19":"pa_wysokosc-siedziska-58-cm","21":"first","22":"instock","23":"taxable","24":"shipping-taxable","25":"purchasable","26":"product-type-variable"},"acf":[],"yoast_head":"<!-- This site is optimized with the Yoast SEO plugin v27.4 - https:\/\/yoast.com\/product\/yoast-seo-wordpress\/ -->\n<title>F301KL TRAPER - Fotel rehabilitacyjny, geriatryczny (dla seniora), piel\u0119gnacyjny, pooperacyjny, pozabiegowy - INNOW<\/title>\n<meta name=\"description\" content=\"Wielofunkcyjny fotel rehabilitacyjny, geriatryczny (dla seniora), piel\u0119gnacyjny zapewniaj\u0105cy u\u017cytkownikom wysoki poziom komfortu. Sprawd\u017a!\" \/>\n<meta name=\"robots\" content=\"index, follow, max-snippet:-1, max-image-preview:large, max-video-preview:-1\" \/>\n<link rel=\"canonical\" href=\"https:\/\/innow.pl\/produkt\/f301kl-traper-fotel-rehabilitacyjny-do-dlugotrwalego-przebywania\/\" \/>\n<meta property=\"og:locale\" content=\"en_US\" \/>\n<meta property=\"og:type\" content=\"article\" \/>\n<meta property=\"og:title\" content=\"F301KL TRAPER - Fotel rehabilitacyjny, geriatryczny (dla seniora), piel\u0119gnacyjny, pooperacyjny, pozabiegowy - INNOW\" \/>\n<meta property=\"og:description\" content=\"Wielofunkcyjny fotel rehabilitacyjny, geriatryczny (dla seniora), piel\u0119gnacyjny zapewniaj\u0105cy u\u017cytkownikom wysoki poziom komfortu. Sprawd\u017a!\" \/>\n<meta property=\"og:url\" content=\"https:\/\/innow.pl\/produkt\/f301kl-traper-fotel-rehabilitacyjny-do-dlugotrwalego-przebywania\/\" \/>\n<meta property=\"og:site_name\" content=\"INNOW\" \/>\n<meta property=\"article:modified_time\" content=\"2026-03-17T13:01:17+00:00\" \/>\n<meta property=\"og:image\" content=\"https:\/\/innow.pl\/wp-content\/uploads\/2024\/11\/F301KLTRAPER_new.jpg\" \/>\n\t<meta property=\"og:image:width\" content=\"800\" \/>\n\t<meta property=\"og:image:height\" content=\"800\" \/>\n\t<meta property=\"og:image:type\" content=\"image\/jpeg\" \/>\n<meta name=\"twitter:card\" content=\"summary_large_image\" \/>\n<meta name=\"twitter:label1\" content=\"Est. reading time\" \/>\n\t<meta name=\"twitter:data1\" content=\"2 minutes\" \/>\n<script type=\"application\/ld+json\" class=\"yoast-schema-graph\">{\"@context\":\"https:\\\/\\\/schema.org\",\"@graph\":[{\"@type\":\"WebPage\",\"@id\":\"https:\\\/\\\/innow.pl\\\/produkt\\\/f301kl-traper-fotel-rehabilitacyjny-do-dlugotrwalego-przebywania\\\/\",\"url\":\"https:\\\/\\\/innow.pl\\\/produkt\\\/f301kl-traper-fotel-rehabilitacyjny-do-dlugotrwalego-przebywania\\\/\",\"name\":\"F301KL TRAPER - Fotel rehabilitacyjny, geriatryczny (dla seniora), piel\u0119gnacyjny, pooperacyjny, pozabiegowy - INNOW\",\"isPartOf\":{\"@id\":\"https:\\\/\\\/innow.pl\\\/#website\"},\"primaryImageOfPage\":{\"@id\":\"https:\\\/\\\/innow.pl\\\/produkt\\\/f301kl-traper-fotel-rehabilitacyjny-do-dlugotrwalego-przebywania\\\/#primaryimage\"},\"image\":{\"@id\":\"https:\\\/\\\/innow.pl\\\/produkt\\\/f301kl-traper-fotel-rehabilitacyjny-do-dlugotrwalego-przebywania\\\/#primaryimage\"},\"thumbnailUrl\":\"https:\\\/\\\/innow.pl\\\/wp-content\\\/uploads\\\/2024\\\/11\\\/F301KLTRAPER_new.jpg\",\"datePublished\":\"2017-06-26T04:57:28+00:00\",\"dateModified\":\"2026-03-17T13:01:17+00:00\",\"description\":\"Wielofunkcyjny fotel rehabilitacyjny, geriatryczny (dla seniora), piel\u0119gnacyjny zapewniaj\u0105cy u\u017cytkownikom wysoki poziom komfortu. Sprawd\u017a!\",\"breadcrumb\":{\"@id\":\"https:\\\/\\\/innow.pl\\\/produkt\\\/f301kl-traper-fotel-rehabilitacyjny-do-dlugotrwalego-przebywania\\\/#breadcrumb\"},\"inLanguage\":\"en-US\",\"potentialAction\":[{\"@type\":\"ReadAction\",\"target\":[\"https:\\\/\\\/innow.pl\\\/produkt\\\/f301kl-traper-fotel-rehabilitacyjny-do-dlugotrwalego-przebywania\\\/\"]}]},{\"@type\":\"ImageObject\",\"inLanguage\":\"en-US\",\"@id\":\"https:\\\/\\\/innow.pl\\\/produkt\\\/f301kl-traper-fotel-rehabilitacyjny-do-dlugotrwalego-przebywania\\\/#primaryimage\",\"url\":\"https:\\\/\\\/innow.pl\\\/wp-content\\\/uploads\\\/2024\\\/11\\\/F301KLTRAPER_new.jpg\",\"contentUrl\":\"https:\\\/\\\/innow.pl\\\/wp-content\\\/uploads\\\/2024\\\/11\\\/F301KLTRAPER_new.jpg\",\"width\":800,\"height\":800,\"caption\":\"F301KL TRAPER - Fotel rehabilitacyjny, geriatryczny (dla seniora), piel\u0119gnacyjny\"},{\"@type\":\"BreadcrumbList\",\"@id\":\"https:\\\/\\\/innow.pl\\\/produkt\\\/f301kl-traper-fotel-rehabilitacyjny-do-dlugotrwalego-przebywania\\\/#breadcrumb\",\"itemListElement\":[{\"@type\":\"ListItem\",\"position\":1,\"name\":\"INNOW\",\"item\":\"https:\\\/\\\/innow.pl\\\/en\\\/\"},{\"@type\":\"ListItem\",\"position\":2,\"name\":\"Produkty\",\"item\":\"https:\\\/\\\/innow.pl\\\/produkty\\\/\"},{\"@type\":\"ListItem\",\"position\":3,\"name\":\"Meble medyczne\",\"item\":\"https:\\\/\\\/innow.pl\\\/produkty\\\/meble-medyczne\\\/\"},{\"@type\":\"ListItem\",\"position\":4,\"name\":\"Fotele zabiegowe\",\"item\":\"https:\\\/\\\/innow.pl\\\/produkty\\\/meble-medyczne\\\/fotele-zabiegowe\\\/\"},{\"@type\":\"ListItem\",\"position\":5,\"name\":\"Fotele pooperacyjne (kardiologiczne)\",\"item\":\"https:\\\/\\\/innow.pl\\\/produkty\\\/meble-medyczne\\\/fotele-zabiegowe\\\/fotele-pooperacyjne-kardiologiczne-fotele-zabiegowe-i-pooperacyjne\\\/\"},{\"@type\":\"ListItem\",\"position\":6,\"name\":\"F301KL TRAPER &#8211; Fotel rehabilitacyjny, geriatryczny (dla seniora), piel\u0119gnacyjny, pooperacyjny, pozabiegowy\"}]},{\"@type\":\"WebSite\",\"@id\":\"https:\\\/\\\/innow.pl\\\/#website\",\"url\":\"https:\\\/\\\/innow.pl\\\/\",\"name\":\"INNOW\",\"description\":\"\",\"potentialAction\":[{\"@type\":\"SearchAction\",\"target\":{\"@type\":\"EntryPoint\",\"urlTemplate\":\"https:\\\/\\\/innow.pl\\\/?s={search_term_string}\"},\"query-input\":{\"@type\":\"PropertyValueSpecification\",\"valueRequired\":true,\"valueName\":\"search_term_string\"}}],\"inLanguage\":\"en-US\"}]}<\/script>\n<!-- \/ Yoast SEO plugin. -->","yoast_head_json":{"title":"F301KL TRAPER - Fotel rehabilitacyjny, geriatryczny (dla seniora), piel\u0119gnacyjny, pooperacyjny, pozabiegowy - INNOW","description":"Wielofunkcyjny fotel rehabilitacyjny, geriatryczny (dla seniora), piel\u0119gnacyjny zapewniaj\u0105cy u\u017cytkownikom wysoki poziom komfortu. Sprawd\u017a!","robots":{"index":"index","follow":"follow","max-snippet":"max-snippet:-1","max-image-preview":"max-image-preview:large","max-video-preview":"max-video-preview:-1"},"canonical":"https:\/\/innow.pl\/produkt\/f301kl-traper-fotel-rehabilitacyjny-do-dlugotrwalego-przebywania\/","og_locale":"en_US","og_type":"article","og_title":"F301KL TRAPER - Fotel rehabilitacyjny, geriatryczny (dla seniora), piel\u0119gnacyjny, pooperacyjny, pozabiegowy - INNOW","og_description":"Wielofunkcyjny fotel rehabilitacyjny, geriatryczny (dla seniora), piel\u0119gnacyjny zapewniaj\u0105cy u\u017cytkownikom wysoki poziom komfortu. Sprawd\u017a!","og_url":"https:\/\/innow.pl\/produkt\/f301kl-traper-fotel-rehabilitacyjny-do-dlugotrwalego-przebywania\/","og_site_name":"INNOW","article_modified_time":"2026-03-17T13:01:17+00:00","og_image":[{"width":800,"height":800,"url":"https:\/\/innow.pl\/wp-content\/uploads\/2024\/11\/F301KLTRAPER_new.jpg","type":"image\/jpeg"}],"twitter_card":"summary_large_image","twitter_misc":{"Est. reading time":"2 minutes"},"schema":{"@context":"https:\/\/schema.org","@graph":[{"@type":"WebPage","@id":"https:\/\/innow.pl\/produkt\/f301kl-traper-fotel-rehabilitacyjny-do-dlugotrwalego-przebywania\/","url":"https:\/\/innow.pl\/produkt\/f301kl-traper-fotel-rehabilitacyjny-do-dlugotrwalego-przebywania\/","name":"F301KL TRAPER - Fotel rehabilitacyjny, geriatryczny (dla seniora), piel\u0119gnacyjny, pooperacyjny, pozabiegowy - INNOW","isPartOf":{"@id":"https:\/\/innow.pl\/#website"},"primaryImageOfPage":{"@id":"https:\/\/innow.pl\/produkt\/f301kl-traper-fotel-rehabilitacyjny-do-dlugotrwalego-przebywania\/#primaryimage"},"image":{"@id":"https:\/\/innow.pl\/produkt\/f301kl-traper-fotel-rehabilitacyjny-do-dlugotrwalego-przebywania\/#primaryimage"},"thumbnailUrl":"https:\/\/innow.pl\/wp-content\/uploads\/2024\/11\/F301KLTRAPER_new.jpg","datePublished":"2017-06-26T04:57:28+00:00","dateModified":"2026-03-17T13:01:17+00:00","description":"Wielofunkcyjny fotel rehabilitacyjny, geriatryczny (dla seniora), piel\u0119gnacyjny zapewniaj\u0105cy u\u017cytkownikom wysoki poziom komfortu. Sprawd\u017a!","breadcrumb":{"@id":"https:\/\/innow.pl\/produkt\/f301kl-traper-fotel-rehabilitacyjny-do-dlugotrwalego-przebywania\/#breadcrumb"},"inLanguage":"en-US","potentialAction":[{"@type":"ReadAction","target":["https:\/\/innow.pl\/produkt\/f301kl-traper-fotel-rehabilitacyjny-do-dlugotrwalego-przebywania\/"]}]},{"@type":"ImageObject","inLanguage":"en-US","@id":"https:\/\/innow.pl\/produkt\/f301kl-traper-fotel-rehabilitacyjny-do-dlugotrwalego-przebywania\/#primaryimage","url":"https:\/\/innow.pl\/wp-content\/uploads\/2024\/11\/F301KLTRAPER_new.jpg","contentUrl":"https:\/\/innow.pl\/wp-content\/uploads\/2024\/11\/F301KLTRAPER_new.jpg","width":800,"height":800,"caption":"F301KL TRAPER - Fotel rehabilitacyjny, geriatryczny (dla seniora), piel\u0119gnacyjny"},{"@type":"BreadcrumbList","@id":"https:\/\/innow.pl\/produkt\/f301kl-traper-fotel-rehabilitacyjny-do-dlugotrwalego-przebywania\/#breadcrumb","itemListElement":[{"@type":"ListItem","position":1,"name":"INNOW","item":"https:\/\/innow.pl\/en\/"},{"@type":"ListItem","position":2,"name":"Produkty","item":"https:\/\/innow.pl\/produkty\/"},{"@type":"ListItem","position":3,"name":"Meble medyczne","item":"https:\/\/innow.pl\/produkty\/meble-medyczne\/"},{"@type":"ListItem","position":4,"name":"Fotele zabiegowe","item":"https:\/\/innow.pl\/produkty\/meble-medyczne\/fotele-zabiegowe\/"},{"@type":"ListItem","position":5,"name":"Fotele pooperacyjne (kardiologiczne)","item":"https:\/\/innow.pl\/produkty\/meble-medyczne\/fotele-zabiegowe\/fotele-pooperacyjne-kardiologiczne-fotele-zabiegowe-i-pooperacyjne\/"},{"@type":"ListItem","position":6,"name":"F301KL TRAPER &#8211; Fotel rehabilitacyjny, geriatryczny (dla seniora), piel\u0119gnacyjny, pooperacyjny, pozabiegowy"}]},{"@type":"WebSite","@id":"https:\/\/innow.pl\/#website","url":"https:\/\/innow.pl\/","name":"INNOW","description":"","potentialAction":[{"@type":"SearchAction","target":{"@type":"EntryPoint","urlTemplate":"https:\/\/innow.pl\/?s={search_term_string}"},"query-input":{"@type":"PropertyValueSpecification","valueRequired":true,"valueName":"search_term_string"}}],"inLanguage":"en-US"}]}},"_links":{"self":[{"href":"https:\/\/innow.pl\/en\/wp-json\/wp\/v2\/product\/25379","targetHints":{"allow":["GET"]}}],"collection":[{"href":"https:\/\/innow.pl\/en\/wp-json\/wp\/v2\/product"}],"about":[{"href":"https:\/\/innow.pl\/en\/wp-json\/wp\/v2\/types\/product"}],"replies":[{"embeddable":true,"href":"https:\/\/innow.pl\/en\/wp-json\/wp\/v2\/comments?post=25379"}],"wp:featuredmedia":[{"embeddable":true,"href":"https:\/\/innow.pl\/en\/wp-json\/wp\/v2\/media\/25382"}],"wp:attachment":[{"href":"https:\/\/innow.pl\/en\/wp-json\/wp\/v2\/media?parent=25379"}],"wp:term":[{"taxonomy":"product_brand","embeddable":true,"href":"https:\/\/innow.pl\/en\/wp-json\/wp\/v2\/product_brand?post=25379"},{"taxonomy":"product_cat","embeddable":true,"href":"https:\/\/innow.pl\/en\/wp-json\/wp\/v2\/product_cat?post=25379"},{"taxonomy":"product_tag","embeddable":true,"href":"https:\/\/innow.pl\/en\/wp-json\/wp\/v2\/product_tag?post=25379"}],"curies":[{"name":"wp","href":"https:\/\/api.w.org\/{rel}","templated":true}]}}