{"id":25373,"date":"2017-06-26T06:37:27","date_gmt":"2017-06-26T04:37:27","guid":{"rendered":"https:\/\/innow.pl\/produkt\/pasy-bezpieczenstwa-5-ciopunktowe\/"},"modified":"2025-04-25T11:46:08","modified_gmt":"2025-04-25T09:46:08","slug":"pasy-bezpieczenstwa-5-ciopunktowe","status":"publish","type":"product","link":"https:\/\/innow.pl\/en\/produkt\/pasy-bezpieczenstwa-5-ciopunktowe\/","title":{"rendered":"Pasy bezpiecze\u0144stwa 5-punktowe"},"content":{"rendered":"<p>Bezpieczne 5-punktowe zapi\u0119cie pas\u00f3w skutecznie zapobiega ze\u015blizgiwaniu si\u0119 z fotela oraz niebezpiecznym upadkiem pacjenta. Wyposa\u017cenie fotela w ten rodzaj pas\u00f3w jest konieczne w przypadku jego przeznaczenia dla pacjent\u00f3w neurologicznych lub innych pacjent\u00f3w o podobnych zachowaniach\/ sposobach ekspresji ruchowej.<\/p>\n","protected":false},"excerpt":{"rendered":"<p>Bezpieczne 5-punktowe zapi\u0119cie pas\u00f3w skutecznie zapobiega ze\u015blizgiwaniu si\u0119 z fotela oraz niebezpiecznym upadkiem pacjenta. Wyposa\u017cenie fotela w ten rodzaj pas\u00f3w jest konieczne w przypadku jego przeznaczenia dla pacjent\u00f3w neurologicznych lub innych pacjent\u00f3w o podobnych zachowaniach\/ sposobach ekspresji ruchowej.<\/p>\n","protected":false},"featured_media":25375,"comment_status":"open","ping_status":"closed","template":"","meta":{"_acf_changed":false},"product_brand":[],"product_cat":[2017],"product_tag":[],"class_list":{"0":"post-25373","1":"product","2":"type-product","3":"status-publish","4":"has-post-thumbnail","6":"product_cat-wyposazenie-opcjonalne","8":"first","9":"instock","10":"taxable","11":"shipping-taxable","12":"purchasable","13":"product-type-simple"},"acf":[],"yoast_head":"<!-- This site is optimized with the Yoast SEO plugin v27.4 - https:\/\/yoast.com\/product\/yoast-seo-wordpress\/ -->\n<title>Pasy bezpiecze\u0144stwa 5-punktowe - INNOW<\/title>\n<meta name=\"robots\" content=\"index, follow, max-snippet:-1, max-image-preview:large, max-video-preview:-1\" \/>\n<link rel=\"canonical\" href=\"https:\/\/innow.pl\/produkt\/pasy-bezpieczenstwa-5-ciopunktowe\/\" \/>\n<meta property=\"og:locale\" content=\"en_US\" \/>\n<meta property=\"og:type\" content=\"article\" \/>\n<meta property=\"og:title\" content=\"Pasy bezpiecze\u0144stwa 5-punktowe - INNOW\" \/>\n<meta property=\"og:description\" content=\"Bezpieczne 5-punktowe zapi\u0119cie pas\u00f3w skutecznie zapobiega ze\u015blizgiwaniu si\u0119 z fotela oraz niebezpiecznym upadkiem pacjenta. Wyposa\u017cenie fotela w ten rodzaj pas\u00f3w jest konieczne w przypadku jego przeznaczenia dla pacjent\u00f3w neurologicznych lub innych pacjent\u00f3w o podobnych zachowaniach\/ sposobach ekspresji ruchowej.\" \/>\n<meta property=\"og:url\" content=\"https:\/\/innow.pl\/produkt\/pasy-bezpieczenstwa-5-ciopunktowe\/\" \/>\n<meta property=\"og:site_name\" content=\"INNOW\" \/>\n<meta property=\"article:modified_time\" content=\"2025-04-25T09:46:08+00:00\" \/>\n<meta property=\"og:image\" content=\"https:\/\/innow.pl\/wp-content\/uploads\/2024\/11\/Pasy_bezpieczenstwa_5_punktowe.jpg\" \/>\n\t<meta property=\"og:image:width\" content=\"480\" \/>\n\t<meta property=\"og:image:height\" content=\"480\" \/>\n\t<meta property=\"og:image:type\" content=\"image\/jpeg\" \/>\n<meta name=\"twitter:card\" content=\"summary_large_image\" \/>\n<meta name=\"twitter:label1\" content=\"Est. reading time\" \/>\n\t<meta name=\"twitter:data1\" content=\"1 minute\" \/>\n<script type=\"application\/ld+json\" class=\"yoast-schema-graph\">{\"@context\":\"https:\\\/\\\/schema.org\",\"@graph\":[{\"@type\":\"WebPage\",\"@id\":\"https:\\\/\\\/innow.pl\\\/produkt\\\/pasy-bezpieczenstwa-5-ciopunktowe\\\/\",\"url\":\"https:\\\/\\\/innow.pl\\\/produkt\\\/pasy-bezpieczenstwa-5-ciopunktowe\\\/\",\"name\":\"Pasy bezpiecze\u0144stwa 5-punktowe - INNOW\",\"isPartOf\":{\"@id\":\"https:\\\/\\\/innow.pl\\\/#website\"},\"primaryImageOfPage\":{\"@id\":\"https:\\\/\\\/innow.pl\\\/produkt\\\/pasy-bezpieczenstwa-5-ciopunktowe\\\/#primaryimage\"},\"image\":{\"@id\":\"https:\\\/\\\/innow.pl\\\/produkt\\\/pasy-bezpieczenstwa-5-ciopunktowe\\\/#primaryimage\"},\"thumbnailUrl\":\"https:\\\/\\\/innow.pl\\\/wp-content\\\/uploads\\\/2024\\\/11\\\/Pasy_bezpieczenstwa_5_punktowe.jpg\",\"datePublished\":\"2017-06-26T04:37:27+00:00\",\"dateModified\":\"2025-04-25T09:46:08+00:00\",\"breadcrumb\":{\"@id\":\"https:\\\/\\\/innow.pl\\\/produkt\\\/pasy-bezpieczenstwa-5-ciopunktowe\\\/#breadcrumb\"},\"inLanguage\":\"en-US\",\"potentialAction\":[{\"@type\":\"ReadAction\",\"target\":[\"https:\\\/\\\/innow.pl\\\/produkt\\\/pasy-bezpieczenstwa-5-ciopunktowe\\\/\"]}]},{\"@type\":\"ImageObject\",\"inLanguage\":\"en-US\",\"@id\":\"https:\\\/\\\/innow.pl\\\/produkt\\\/pasy-bezpieczenstwa-5-ciopunktowe\\\/#primaryimage\",\"url\":\"https:\\\/\\\/innow.pl\\\/wp-content\\\/uploads\\\/2024\\\/11\\\/Pasy_bezpieczenstwa_5_punktowe.jpg\",\"contentUrl\":\"https:\\\/\\\/innow.pl\\\/wp-content\\\/uploads\\\/2024\\\/11\\\/Pasy_bezpieczenstwa_5_punktowe.jpg\",\"width\":480,\"height\":480,\"caption\":\"Pasy bezpiecze\u0144stwa 5-ciopunktowe - INNOW\"},{\"@type\":\"BreadcrumbList\",\"@id\":\"https:\\\/\\\/innow.pl\\\/produkt\\\/pasy-bezpieczenstwa-5-ciopunktowe\\\/#breadcrumb\",\"itemListElement\":[{\"@type\":\"ListItem\",\"position\":1,\"name\":\"INNOW\",\"item\":\"https:\\\/\\\/innow.pl\\\/en\\\/\"},{\"@type\":\"ListItem\",\"position\":2,\"name\":\"Produkty\",\"item\":\"https:\\\/\\\/innow.pl\\\/produkty\\\/\"},{\"@type\":\"ListItem\",\"position\":3,\"name\":\"Wyposa\u017cenie opcjonalne\",\"item\":\"https:\\\/\\\/innow.pl\\\/produkty\\\/wyposazenie-opcjonalne\\\/\"},{\"@type\":\"ListItem\",\"position\":4,\"name\":\"Pasy bezpiecze\u0144stwa 5-punktowe\"}]},{\"@type\":\"WebSite\",\"@id\":\"https:\\\/\\\/innow.pl\\\/#website\",\"url\":\"https:\\\/\\\/innow.pl\\\/\",\"name\":\"INNOW\",\"description\":\"\",\"potentialAction\":[{\"@type\":\"SearchAction\",\"target\":{\"@type\":\"EntryPoint\",\"urlTemplate\":\"https:\\\/\\\/innow.pl\\\/?s={search_term_string}\"},\"query-input\":{\"@type\":\"PropertyValueSpecification\",\"valueRequired\":true,\"valueName\":\"search_term_string\"}}],\"inLanguage\":\"en-US\"}]}<\/script>\n<!-- \/ Yoast SEO plugin. -->","yoast_head_json":{"title":"Pasy bezpiecze\u0144stwa 5-punktowe - INNOW","robots":{"index":"index","follow":"follow","max-snippet":"max-snippet:-1","max-image-preview":"max-image-preview:large","max-video-preview":"max-video-preview:-1"},"canonical":"https:\/\/innow.pl\/produkt\/pasy-bezpieczenstwa-5-ciopunktowe\/","og_locale":"en_US","og_type":"article","og_title":"Pasy bezpiecze\u0144stwa 5-punktowe - INNOW","og_description":"Bezpieczne 5-punktowe zapi\u0119cie pas\u00f3w skutecznie zapobiega ze\u015blizgiwaniu si\u0119 z fotela oraz niebezpiecznym upadkiem pacjenta. Wyposa\u017cenie fotela w ten rodzaj pas\u00f3w jest konieczne w przypadku jego przeznaczenia dla pacjent\u00f3w neurologicznych lub innych pacjent\u00f3w o podobnych zachowaniach\/ sposobach ekspresji ruchowej.","og_url":"https:\/\/innow.pl\/produkt\/pasy-bezpieczenstwa-5-ciopunktowe\/","og_site_name":"INNOW","article_modified_time":"2025-04-25T09:46:08+00:00","og_image":[{"width":480,"height":480,"url":"https:\/\/innow.pl\/wp-content\/uploads\/2024\/11\/Pasy_bezpieczenstwa_5_punktowe.jpg","type":"image\/jpeg"}],"twitter_card":"summary_large_image","twitter_misc":{"Est. reading time":"1 minute"},"schema":{"@context":"https:\/\/schema.org","@graph":[{"@type":"WebPage","@id":"https:\/\/innow.pl\/produkt\/pasy-bezpieczenstwa-5-ciopunktowe\/","url":"https:\/\/innow.pl\/produkt\/pasy-bezpieczenstwa-5-ciopunktowe\/","name":"Pasy bezpiecze\u0144stwa 5-punktowe - INNOW","isPartOf":{"@id":"https:\/\/innow.pl\/#website"},"primaryImageOfPage":{"@id":"https:\/\/innow.pl\/produkt\/pasy-bezpieczenstwa-5-ciopunktowe\/#primaryimage"},"image":{"@id":"https:\/\/innow.pl\/produkt\/pasy-bezpieczenstwa-5-ciopunktowe\/#primaryimage"},"thumbnailUrl":"https:\/\/innow.pl\/wp-content\/uploads\/2024\/11\/Pasy_bezpieczenstwa_5_punktowe.jpg","datePublished":"2017-06-26T04:37:27+00:00","dateModified":"2025-04-25T09:46:08+00:00","breadcrumb":{"@id":"https:\/\/innow.pl\/produkt\/pasy-bezpieczenstwa-5-ciopunktowe\/#breadcrumb"},"inLanguage":"en-US","potentialAction":[{"@type":"ReadAction","target":["https:\/\/innow.pl\/produkt\/pasy-bezpieczenstwa-5-ciopunktowe\/"]}]},{"@type":"ImageObject","inLanguage":"en-US","@id":"https:\/\/innow.pl\/produkt\/pasy-bezpieczenstwa-5-ciopunktowe\/#primaryimage","url":"https:\/\/innow.pl\/wp-content\/uploads\/2024\/11\/Pasy_bezpieczenstwa_5_punktowe.jpg","contentUrl":"https:\/\/innow.pl\/wp-content\/uploads\/2024\/11\/Pasy_bezpieczenstwa_5_punktowe.jpg","width":480,"height":480,"caption":"Pasy bezpiecze\u0144stwa 5-ciopunktowe - INNOW"},{"@type":"BreadcrumbList","@id":"https:\/\/innow.pl\/produkt\/pasy-bezpieczenstwa-5-ciopunktowe\/#breadcrumb","itemListElement":[{"@type":"ListItem","position":1,"name":"INNOW","item":"https:\/\/innow.pl\/en\/"},{"@type":"ListItem","position":2,"name":"Produkty","item":"https:\/\/innow.pl\/produkty\/"},{"@type":"ListItem","position":3,"name":"Wyposa\u017cenie opcjonalne","item":"https:\/\/innow.pl\/produkty\/wyposazenie-opcjonalne\/"},{"@type":"ListItem","position":4,"name":"Pasy bezpiecze\u0144stwa 5-punktowe"}]},{"@type":"WebSite","@id":"https:\/\/innow.pl\/#website","url":"https:\/\/innow.pl\/","name":"INNOW","description":"","potentialAction":[{"@type":"SearchAction","target":{"@type":"EntryPoint","urlTemplate":"https:\/\/innow.pl\/?s={search_term_string}"},"query-input":{"@type":"PropertyValueSpecification","valueRequired":true,"valueName":"search_term_string"}}],"inLanguage":"en-US"}]}},"_links":{"self":[{"href":"https:\/\/innow.pl\/en\/wp-json\/wp\/v2\/product\/25373","targetHints":{"allow":["GET"]}}],"collection":[{"href":"https:\/\/innow.pl\/en\/wp-json\/wp\/v2\/product"}],"about":[{"href":"https:\/\/innow.pl\/en\/wp-json\/wp\/v2\/types\/product"}],"replies":[{"embeddable":true,"href":"https:\/\/innow.pl\/en\/wp-json\/wp\/v2\/comments?post=25373"}],"wp:featuredmedia":[{"embeddable":true,"href":"https:\/\/innow.pl\/en\/wp-json\/wp\/v2\/media\/25375"}],"wp:attachment":[{"href":"https:\/\/innow.pl\/en\/wp-json\/wp\/v2\/media?parent=25373"}],"wp:term":[{"taxonomy":"product_brand","embeddable":true,"href":"https:\/\/innow.pl\/en\/wp-json\/wp\/v2\/product_brand?post=25373"},{"taxonomy":"product_cat","embeddable":true,"href":"https:\/\/innow.pl\/en\/wp-json\/wp\/v2\/product_cat?post=25373"},{"taxonomy":"product_tag","embeddable":true,"href":"https:\/\/innow.pl\/en\/wp-json\/wp\/v2\/product_tag?post=25373"}],"curies":[{"name":"wp","href":"https:\/\/api.w.org\/{rel}","templated":true}]}}