{"id":25320,"date":"2017-06-23T06:49:36","date_gmt":"2017-06-23T04:49:36","guid":{"rendered":"https:\/\/innow.pl\/produkt\/dl502d-materac-podlezyn-pneumat-z-regul-cisnienia-rurowy-115cm-nylon\/"},"modified":"2025-03-04T14:59:02","modified_gmt":"2025-03-04T13:59:02","slug":"dl502d-materac-podlezyn-pneumat-z-regul-cisnienia-rurowy-115cm-nylon","status":"publish","type":"product","link":"https:\/\/innow.pl\/en\/produkt\/dl502d-materac-podlezyn-pneumat-z-regul-cisnienia-rurowy-115cm-nylon\/","title":{"rendered":"DL502D &#8211; Materac przeciwodle\u017cynowy, pneumatyczny z regulacj\u0105 ci\u015bnienia (rurowy 11,5 cm) nylon"},"content":{"rendered":"<p>Materac przeciwodle\u017cynowy zmiennoci\u015bnieniowy w kolorze granatowym, wykonany z nylonu u\u0142atwiaj\u0105cego utrzymanie go w czysto\u015bci. Posiada &#8220;rurow\u0105&#8221; konstrukcj\u0119 z 18 komorami u\u0142o\u017conymi w 2 rz\u0119dach , na przemian wype\u0142nianymi powietrzem. Zapewnia to wi\u0119kszy komfort pacjenta, dzi\u0119ki r\u00f3wnomiernemu roz\u0142o\u017ceniu ci\u0119\u017caru cia\u0142a, odpowiedni\u0105 wentylacj\u0119 i komfort temperaturowy. Cykl pracy wynosi 12 minut. W komplecie znajduje si\u0119 nowoczesna, cicho pracuj\u0105ca pompa oraz pokrowiec.<\/p>\n","protected":false},"excerpt":{"rendered":"<p>Materac przeciwodle\u017cynowy zmiennoci\u015bnieniowy w kolorze granatowym, wykonany z nylonu u\u0142atwiaj\u0105cego utrzymanie go w czysto\u015bci. Posiada &#8220;rurow\u0105&#8221; konstrukcj\u0119 z 18 komorami u\u0142o\u017conymi w 2 rz\u0119dach , na przemian wype\u0142nianymi powietrzem. Zapewnia to wi\u0119kszy komfort pacjenta, dzi\u0119ki r\u00f3wnomiernemu roz\u0142o\u017ceniu ci\u0119\u017caru cia\u0142a, odpowiedni\u0105 wentylacj\u0119 i komfort temperaturowy. Cykl pracy wynosi 12 minut. W komplecie znajduje si\u0119 nowoczesna, cicho [&hellip;]<\/p>\n","protected":false},"featured_media":25322,"comment_status":"open","ping_status":"closed","template":"","meta":{"_acf_changed":false},"product_brand":[],"product_cat":[537,438,508,481],"product_tag":[],"class_list":{"0":"post-25320","1":"product","2":"type-product","3":"status-publish","4":"has-post-thumbnail","6":"product_cat-materace-i-podklady","7":"product_cat-pielegnacja-i-rehabilitacja","8":"product_cat-wyposazenie-pomocnicze","9":"product_cat-lozka-rehabilitacyjne","10":"pa_dlugosc-200-cm","11":"pa_szerokosc-90-cm","12":"pa_wysokosc-115-cm","14":"first","15":"instock","16":"taxable","17":"shipping-taxable","18":"purchasable","19":"product-type-simple"},"acf":[],"yoast_head":"<!-- This site is optimized with the Yoast SEO plugin v27.4 - https:\/\/yoast.com\/product\/yoast-seo-wordpress\/ -->\n<title>DL502D - Materac przeciwodle\u017cynowy, pneumatyczny z regulacj\u0105 ci\u015bnienia (rurowy 11,5 cm) nylon - INNOW<\/title>\n<meta name=\"description\" content=\"Praktyczny materac przeciwodle\u017cynowy, pneumatyczny z regulacj\u0105 ci\u015bnienia (rurowy 11,5 cm) nylon. Komfort dla pacjent\u00f3w. Dowiedz si\u0119 wi\u0119cej!\" \/>\n<meta name=\"robots\" content=\"index, follow, max-snippet:-1, max-image-preview:large, max-video-preview:-1\" \/>\n<link rel=\"canonical\" href=\"https:\/\/innow.pl\/produkt\/dl502d-materac-podlezyn-pneumat-z-regul-cisnienia-rurowy-115cm-nylon\/\" \/>\n<meta property=\"og:locale\" content=\"en_US\" \/>\n<meta property=\"og:type\" content=\"article\" \/>\n<meta property=\"og:title\" content=\"DL502D - Materac przeciwodle\u017cynowy, pneumatyczny z regulacj\u0105 ci\u015bnienia (rurowy 11,5 cm) nylon - INNOW\" \/>\n<meta property=\"og:description\" content=\"Praktyczny materac przeciwodle\u017cynowy, pneumatyczny z regulacj\u0105 ci\u015bnienia (rurowy 11,5 cm) nylon. Komfort dla pacjent\u00f3w. Dowiedz si\u0119 wi\u0119cej!\" \/>\n<meta property=\"og:url\" content=\"https:\/\/innow.pl\/produkt\/dl502d-materac-podlezyn-pneumat-z-regul-cisnienia-rurowy-115cm-nylon\/\" \/>\n<meta property=\"og:site_name\" content=\"INNOW\" \/>\n<meta property=\"article:modified_time\" content=\"2025-03-04T13:59:02+00:00\" \/>\n<meta property=\"og:image\" content=\"https:\/\/innow.pl\/wp-content\/uploads\/2024\/11\/DL502D_1.jpg\" \/>\n\t<meta property=\"og:image:width\" content=\"480\" \/>\n\t<meta property=\"og:image:height\" content=\"480\" \/>\n\t<meta property=\"og:image:type\" content=\"image\/jpeg\" \/>\n<meta name=\"twitter:card\" content=\"summary_large_image\" \/>\n<meta name=\"twitter:label1\" content=\"Est. reading time\" \/>\n\t<meta name=\"twitter:data1\" content=\"1 minute\" \/>\n<script type=\"application\/ld+json\" class=\"yoast-schema-graph\">{\"@context\":\"https:\\\/\\\/schema.org\",\"@graph\":[{\"@type\":\"WebPage\",\"@id\":\"https:\\\/\\\/innow.pl\\\/produkt\\\/dl502d-materac-podlezyn-pneumat-z-regul-cisnienia-rurowy-115cm-nylon\\\/\",\"url\":\"https:\\\/\\\/innow.pl\\\/produkt\\\/dl502d-materac-podlezyn-pneumat-z-regul-cisnienia-rurowy-115cm-nylon\\\/\",\"name\":\"DL502D - Materac przeciwodle\u017cynowy, pneumatyczny z regulacj\u0105 ci\u015bnienia (rurowy 11,5 cm) nylon - INNOW\",\"isPartOf\":{\"@id\":\"https:\\\/\\\/innow.pl\\\/#website\"},\"primaryImageOfPage\":{\"@id\":\"https:\\\/\\\/innow.pl\\\/produkt\\\/dl502d-materac-podlezyn-pneumat-z-regul-cisnienia-rurowy-115cm-nylon\\\/#primaryimage\"},\"image\":{\"@id\":\"https:\\\/\\\/innow.pl\\\/produkt\\\/dl502d-materac-podlezyn-pneumat-z-regul-cisnienia-rurowy-115cm-nylon\\\/#primaryimage\"},\"thumbnailUrl\":\"https:\\\/\\\/innow.pl\\\/wp-content\\\/uploads\\\/2024\\\/11\\\/DL502D_1.jpg\",\"datePublished\":\"2017-06-23T04:49:36+00:00\",\"dateModified\":\"2025-03-04T13:59:02+00:00\",\"description\":\"Praktyczny materac przeciwodle\u017cynowy, pneumatyczny z regulacj\u0105 ci\u015bnienia (rurowy 11,5 cm) nylon. Komfort dla pacjent\u00f3w. Dowiedz si\u0119 wi\u0119cej!\",\"breadcrumb\":{\"@id\":\"https:\\\/\\\/innow.pl\\\/produkt\\\/dl502d-materac-podlezyn-pneumat-z-regul-cisnienia-rurowy-115cm-nylon\\\/#breadcrumb\"},\"inLanguage\":\"en-US\",\"potentialAction\":[{\"@type\":\"ReadAction\",\"target\":[\"https:\\\/\\\/innow.pl\\\/produkt\\\/dl502d-materac-podlezyn-pneumat-z-regul-cisnienia-rurowy-115cm-nylon\\\/\"]}]},{\"@type\":\"ImageObject\",\"inLanguage\":\"en-US\",\"@id\":\"https:\\\/\\\/innow.pl\\\/produkt\\\/dl502d-materac-podlezyn-pneumat-z-regul-cisnienia-rurowy-115cm-nylon\\\/#primaryimage\",\"url\":\"https:\\\/\\\/innow.pl\\\/wp-content\\\/uploads\\\/2024\\\/11\\\/DL502D_1.jpg\",\"contentUrl\":\"https:\\\/\\\/innow.pl\\\/wp-content\\\/uploads\\\/2024\\\/11\\\/DL502D_1.jpg\",\"width\":480,\"height\":480,\"caption\":\"Materac przeciwodle\u017cynowy, pneumatyczny z regulacj\u0105 ci\u015bnienia (rurowy 11,5 cm) nylon \u2013 DL502D \u2013 INNOW\"},{\"@type\":\"BreadcrumbList\",\"@id\":\"https:\\\/\\\/innow.pl\\\/produkt\\\/dl502d-materac-podlezyn-pneumat-z-regul-cisnienia-rurowy-115cm-nylon\\\/#breadcrumb\",\"itemListElement\":[{\"@type\":\"ListItem\",\"position\":1,\"name\":\"INNOW\",\"item\":\"https:\\\/\\\/innow.pl\\\/en\\\/\"},{\"@type\":\"ListItem\",\"position\":2,\"name\":\"Produkty\",\"item\":\"https:\\\/\\\/innow.pl\\\/produkty\\\/\"},{\"@type\":\"ListItem\",\"position\":3,\"name\":\"Piel\u0119gnacja i rehabilitacja\",\"item\":\"https:\\\/\\\/innow.pl\\\/produkty\\\/pielegnacja-i-rehabilitacja\\\/\"},{\"@type\":\"ListItem\",\"position\":4,\"name\":\"\u0141\u00f3\u017cka rehabilitacyjne\",\"item\":\"https:\\\/\\\/innow.pl\\\/produkty\\\/pielegnacja-i-rehabilitacja\\\/lozka-rehabilitacyjne\\\/\"},{\"@type\":\"ListItem\",\"position\":5,\"name\":\"Wyposa\u017cenie pomocnicze\",\"item\":\"https:\\\/\\\/innow.pl\\\/produkty\\\/pielegnacja-i-rehabilitacja\\\/lozka-rehabilitacyjne\\\/wyposazenie-pomocnicze\\\/\"},{\"@type\":\"ListItem\",\"position\":6,\"name\":\"Materace i podk\u0142ady\",\"item\":\"https:\\\/\\\/innow.pl\\\/produkty\\\/pielegnacja-i-rehabilitacja\\\/lozka-rehabilitacyjne\\\/wyposazenie-pomocnicze\\\/materace-i-podklady\\\/\"},{\"@type\":\"ListItem\",\"position\":7,\"name\":\"DL502D &#8211; Materac przeciwodle\u017cynowy, pneumatyczny z regulacj\u0105 ci\u015bnienia (rurowy 11,5 cm) nylon\"}]},{\"@type\":\"WebSite\",\"@id\":\"https:\\\/\\\/innow.pl\\\/#website\",\"url\":\"https:\\\/\\\/innow.pl\\\/\",\"name\":\"INNOW\",\"description\":\"\",\"potentialAction\":[{\"@type\":\"SearchAction\",\"target\":{\"@type\":\"EntryPoint\",\"urlTemplate\":\"https:\\\/\\\/innow.pl\\\/?s={search_term_string}\"},\"query-input\":{\"@type\":\"PropertyValueSpecification\",\"valueRequired\":true,\"valueName\":\"search_term_string\"}}],\"inLanguage\":\"en-US\"}]}<\/script>\n<!-- \/ Yoast SEO plugin. -->","yoast_head_json":{"title":"DL502D - Materac przeciwodle\u017cynowy, pneumatyczny z regulacj\u0105 ci\u015bnienia (rurowy 11,5 cm) nylon - INNOW","description":"Praktyczny materac przeciwodle\u017cynowy, pneumatyczny z regulacj\u0105 ci\u015bnienia (rurowy 11,5 cm) nylon. Komfort dla pacjent\u00f3w. Dowiedz si\u0119 wi\u0119cej!","robots":{"index":"index","follow":"follow","max-snippet":"max-snippet:-1","max-image-preview":"max-image-preview:large","max-video-preview":"max-video-preview:-1"},"canonical":"https:\/\/innow.pl\/produkt\/dl502d-materac-podlezyn-pneumat-z-regul-cisnienia-rurowy-115cm-nylon\/","og_locale":"en_US","og_type":"article","og_title":"DL502D - Materac przeciwodle\u017cynowy, pneumatyczny z regulacj\u0105 ci\u015bnienia (rurowy 11,5 cm) nylon - INNOW","og_description":"Praktyczny materac przeciwodle\u017cynowy, pneumatyczny z regulacj\u0105 ci\u015bnienia (rurowy 11,5 cm) nylon. Komfort dla pacjent\u00f3w. Dowiedz si\u0119 wi\u0119cej!","og_url":"https:\/\/innow.pl\/produkt\/dl502d-materac-podlezyn-pneumat-z-regul-cisnienia-rurowy-115cm-nylon\/","og_site_name":"INNOW","article_modified_time":"2025-03-04T13:59:02+00:00","og_image":[{"width":480,"height":480,"url":"https:\/\/innow.pl\/wp-content\/uploads\/2024\/11\/DL502D_1.jpg","type":"image\/jpeg"}],"twitter_card":"summary_large_image","twitter_misc":{"Est. reading time":"1 minute"},"schema":{"@context":"https:\/\/schema.org","@graph":[{"@type":"WebPage","@id":"https:\/\/innow.pl\/produkt\/dl502d-materac-podlezyn-pneumat-z-regul-cisnienia-rurowy-115cm-nylon\/","url":"https:\/\/innow.pl\/produkt\/dl502d-materac-podlezyn-pneumat-z-regul-cisnienia-rurowy-115cm-nylon\/","name":"DL502D - Materac przeciwodle\u017cynowy, pneumatyczny z regulacj\u0105 ci\u015bnienia (rurowy 11,5 cm) nylon - INNOW","isPartOf":{"@id":"https:\/\/innow.pl\/#website"},"primaryImageOfPage":{"@id":"https:\/\/innow.pl\/produkt\/dl502d-materac-podlezyn-pneumat-z-regul-cisnienia-rurowy-115cm-nylon\/#primaryimage"},"image":{"@id":"https:\/\/innow.pl\/produkt\/dl502d-materac-podlezyn-pneumat-z-regul-cisnienia-rurowy-115cm-nylon\/#primaryimage"},"thumbnailUrl":"https:\/\/innow.pl\/wp-content\/uploads\/2024\/11\/DL502D_1.jpg","datePublished":"2017-06-23T04:49:36+00:00","dateModified":"2025-03-04T13:59:02+00:00","description":"Praktyczny materac przeciwodle\u017cynowy, pneumatyczny z regulacj\u0105 ci\u015bnienia (rurowy 11,5 cm) nylon. Komfort dla pacjent\u00f3w. Dowiedz si\u0119 wi\u0119cej!","breadcrumb":{"@id":"https:\/\/innow.pl\/produkt\/dl502d-materac-podlezyn-pneumat-z-regul-cisnienia-rurowy-115cm-nylon\/#breadcrumb"},"inLanguage":"en-US","potentialAction":[{"@type":"ReadAction","target":["https:\/\/innow.pl\/produkt\/dl502d-materac-podlezyn-pneumat-z-regul-cisnienia-rurowy-115cm-nylon\/"]}]},{"@type":"ImageObject","inLanguage":"en-US","@id":"https:\/\/innow.pl\/produkt\/dl502d-materac-podlezyn-pneumat-z-regul-cisnienia-rurowy-115cm-nylon\/#primaryimage","url":"https:\/\/innow.pl\/wp-content\/uploads\/2024\/11\/DL502D_1.jpg","contentUrl":"https:\/\/innow.pl\/wp-content\/uploads\/2024\/11\/DL502D_1.jpg","width":480,"height":480,"caption":"Materac przeciwodle\u017cynowy, pneumatyczny z regulacj\u0105 ci\u015bnienia (rurowy 11,5 cm) nylon \u2013 DL502D \u2013 INNOW"},{"@type":"BreadcrumbList","@id":"https:\/\/innow.pl\/produkt\/dl502d-materac-podlezyn-pneumat-z-regul-cisnienia-rurowy-115cm-nylon\/#breadcrumb","itemListElement":[{"@type":"ListItem","position":1,"name":"INNOW","item":"https:\/\/innow.pl\/en\/"},{"@type":"ListItem","position":2,"name":"Produkty","item":"https:\/\/innow.pl\/produkty\/"},{"@type":"ListItem","position":3,"name":"Piel\u0119gnacja i rehabilitacja","item":"https:\/\/innow.pl\/produkty\/pielegnacja-i-rehabilitacja\/"},{"@type":"ListItem","position":4,"name":"\u0141\u00f3\u017cka rehabilitacyjne","item":"https:\/\/innow.pl\/produkty\/pielegnacja-i-rehabilitacja\/lozka-rehabilitacyjne\/"},{"@type":"ListItem","position":5,"name":"Wyposa\u017cenie pomocnicze","item":"https:\/\/innow.pl\/produkty\/pielegnacja-i-rehabilitacja\/lozka-rehabilitacyjne\/wyposazenie-pomocnicze\/"},{"@type":"ListItem","position":6,"name":"Materace i podk\u0142ady","item":"https:\/\/innow.pl\/produkty\/pielegnacja-i-rehabilitacja\/lozka-rehabilitacyjne\/wyposazenie-pomocnicze\/materace-i-podklady\/"},{"@type":"ListItem","position":7,"name":"DL502D &#8211; Materac przeciwodle\u017cynowy, pneumatyczny z regulacj\u0105 ci\u015bnienia (rurowy 11,5 cm) nylon"}]},{"@type":"WebSite","@id":"https:\/\/innow.pl\/#website","url":"https:\/\/innow.pl\/","name":"INNOW","description":"","potentialAction":[{"@type":"SearchAction","target":{"@type":"EntryPoint","urlTemplate":"https:\/\/innow.pl\/?s={search_term_string}"},"query-input":{"@type":"PropertyValueSpecification","valueRequired":true,"valueName":"search_term_string"}}],"inLanguage":"en-US"}]}},"_links":{"self":[{"href":"https:\/\/innow.pl\/en\/wp-json\/wp\/v2\/product\/25320","targetHints":{"allow":["GET"]}}],"collection":[{"href":"https:\/\/innow.pl\/en\/wp-json\/wp\/v2\/product"}],"about":[{"href":"https:\/\/innow.pl\/en\/wp-json\/wp\/v2\/types\/product"}],"replies":[{"embeddable":true,"href":"https:\/\/innow.pl\/en\/wp-json\/wp\/v2\/comments?post=25320"}],"wp:featuredmedia":[{"embeddable":true,"href":"https:\/\/innow.pl\/en\/wp-json\/wp\/v2\/media\/25322"}],"wp:attachment":[{"href":"https:\/\/innow.pl\/en\/wp-json\/wp\/v2\/media?parent=25320"}],"wp:term":[{"taxonomy":"product_brand","embeddable":true,"href":"https:\/\/innow.pl\/en\/wp-json\/wp\/v2\/product_brand?post=25320"},{"taxonomy":"product_cat","embeddable":true,"href":"https:\/\/innow.pl\/en\/wp-json\/wp\/v2\/product_cat?post=25320"},{"taxonomy":"product_tag","embeddable":true,"href":"https:\/\/innow.pl\/en\/wp-json\/wp\/v2\/product_tag?post=25320"}],"curies":[{"name":"wp","href":"https:\/\/api.w.org\/{rel}","templated":true}]}}