{"id":25300,"date":"2017-06-23T06:14:35","date_gmt":"2017-06-23T04:14:35","guid":{"rendered":"https:\/\/innow.pl\/produkt\/p743-materac-podlez-gabkowy-4-czesciowy-w-pokrowcu-nieprzemakalnym\/"},"modified":"2025-03-06T08:16:26","modified_gmt":"2025-03-06T07:16:26","slug":"p743-materac-podlez-gabkowy-4-czesciowy-w-pokrowcu-nieprzemakalnym","status":"publish","type":"product","link":"https:\/\/innow.pl\/en\/produkt\/p743-materac-podlez-gabkowy-4-czesciowy-w-pokrowcu-nieprzemakalnym\/","title":{"rendered":"P743 &#8211; Materac p\/odle\u017c., g\u0105bkowy, 4-cz\u0119\u015bciowy, w pokrowcu nieprzemakalnym"},"content":{"rendered":"<p>Materac wykonany z materia\u0142\u00f3w zapewniaj\u0105cych w\u0142asno\u015bci przeciwodle\u017cynowe. Materac g\u0105bkowy, sk\u0142adaj\u0105cy si\u0119 z 4 cz\u0119\u015bci. Dodatkow\u0105\u00a0 cech\u0105 usprawniaj\u0105c\u0105 u\u017cytkowanie jest nieprzemakalny pokrowiec.<\/p>\n","protected":false},"excerpt":{"rendered":"<p>Materac wykonany z materia\u0142\u00f3w zapewniaj\u0105cych w\u0142asno\u015bci przeciwodle\u017cynowe. Materac g\u0105bkowy, sk\u0142adaj\u0105cy si\u0119 z 4 cz\u0119\u015bci. Dodatkow\u0105\u00a0 cech\u0105 usprawniaj\u0105c\u0105 u\u017cytkowanie jest nieprzemakalny pokrowiec.<\/p>\n","protected":false},"featured_media":25302,"comment_status":"open","ping_status":"closed","template":"","meta":{"_acf_changed":false},"product_brand":[],"product_cat":[537,438,508,481],"product_tag":[],"class_list":{"0":"post-25300","1":"product","2":"type-product","3":"status-publish","4":"has-post-thumbnail","6":"product_cat-materace-i-podklady","7":"product_cat-pielegnacja-i-rehabilitacja","8":"product_cat-wyposazenie-pomocnicze","9":"product_cat-lozka-rehabilitacyjne","11":"first","12":"instock","13":"taxable","14":"shipping-taxable","15":"purchasable","16":"product-type-simple"},"acf":[],"yoast_head":"<!-- This site is optimized with the Yoast SEO plugin v27.4 - https:\/\/yoast.com\/product\/yoast-seo-wordpress\/ -->\n<title>P743 - Materac p\/odle\u017c., g\u0105bkowy, 4-cz\u0119\u015bciowy, w pokrowcu nieprzemakalnym - INNOW<\/title>\n<meta name=\"description\" content=\"Praktyczny materac p\/odle\u017c., g\u0105bkowy, 4-cz\u0119\u015bciowy, w pokrowcu nieprzemakalnym. Komfort dla pacjenta. \u0141atwe czyszczenie. Sprawd\u017a!\" \/>\n<meta name=\"robots\" content=\"index, follow, max-snippet:-1, max-image-preview:large, max-video-preview:-1\" \/>\n<link rel=\"canonical\" href=\"https:\/\/innow.pl\/produkt\/p743-materac-podlez-gabkowy-4-czesciowy-w-pokrowcu-nieprzemakalnym\/\" \/>\n<meta property=\"og:locale\" content=\"en_US\" \/>\n<meta property=\"og:type\" content=\"article\" \/>\n<meta property=\"og:title\" content=\"P743 - Materac p\/odle\u017c., g\u0105bkowy, 4-cz\u0119\u015bciowy, w pokrowcu nieprzemakalnym - INNOW\" \/>\n<meta property=\"og:description\" content=\"Praktyczny materac p\/odle\u017c., g\u0105bkowy, 4-cz\u0119\u015bciowy, w pokrowcu nieprzemakalnym. Komfort dla pacjenta. \u0141atwe czyszczenie. Sprawd\u017a!\" \/>\n<meta property=\"og:url\" content=\"https:\/\/innow.pl\/produkt\/p743-materac-podlez-gabkowy-4-czesciowy-w-pokrowcu-nieprzemakalnym\/\" \/>\n<meta property=\"og:site_name\" content=\"INNOW\" \/>\n<meta property=\"article:modified_time\" content=\"2025-03-06T07:16:26+00:00\" \/>\n<meta property=\"og:image\" content=\"https:\/\/innow.pl\/wp-content\/uploads\/2024\/11\/P743_1.jpg\" \/>\n\t<meta property=\"og:image:width\" content=\"480\" \/>\n\t<meta property=\"og:image:height\" content=\"480\" \/>\n\t<meta property=\"og:image:type\" content=\"image\/jpeg\" \/>\n<meta name=\"twitter:card\" content=\"summary_large_image\" \/>\n<meta name=\"twitter:label1\" content=\"Est. reading time\" \/>\n\t<meta name=\"twitter:data1\" content=\"1 minute\" \/>\n<script type=\"application\/ld+json\" class=\"yoast-schema-graph\">{\"@context\":\"https:\\\/\\\/schema.org\",\"@graph\":[{\"@type\":\"WebPage\",\"@id\":\"https:\\\/\\\/innow.pl\\\/produkt\\\/p743-materac-podlez-gabkowy-4-czesciowy-w-pokrowcu-nieprzemakalnym\\\/\",\"url\":\"https:\\\/\\\/innow.pl\\\/produkt\\\/p743-materac-podlez-gabkowy-4-czesciowy-w-pokrowcu-nieprzemakalnym\\\/\",\"name\":\"P743 - Materac p\\\/odle\u017c., g\u0105bkowy, 4-cz\u0119\u015bciowy, w pokrowcu nieprzemakalnym - INNOW\",\"isPartOf\":{\"@id\":\"https:\\\/\\\/innow.pl\\\/#website\"},\"primaryImageOfPage\":{\"@id\":\"https:\\\/\\\/innow.pl\\\/produkt\\\/p743-materac-podlez-gabkowy-4-czesciowy-w-pokrowcu-nieprzemakalnym\\\/#primaryimage\"},\"image\":{\"@id\":\"https:\\\/\\\/innow.pl\\\/produkt\\\/p743-materac-podlez-gabkowy-4-czesciowy-w-pokrowcu-nieprzemakalnym\\\/#primaryimage\"},\"thumbnailUrl\":\"https:\\\/\\\/innow.pl\\\/wp-content\\\/uploads\\\/2024\\\/11\\\/P743_1.jpg\",\"datePublished\":\"2017-06-23T04:14:35+00:00\",\"dateModified\":\"2025-03-06T07:16:26+00:00\",\"description\":\"Praktyczny materac p\\\/odle\u017c., g\u0105bkowy, 4-cz\u0119\u015bciowy, w pokrowcu nieprzemakalnym. Komfort dla pacjenta. \u0141atwe czyszczenie. Sprawd\u017a!\",\"breadcrumb\":{\"@id\":\"https:\\\/\\\/innow.pl\\\/produkt\\\/p743-materac-podlez-gabkowy-4-czesciowy-w-pokrowcu-nieprzemakalnym\\\/#breadcrumb\"},\"inLanguage\":\"en-US\",\"potentialAction\":[{\"@type\":\"ReadAction\",\"target\":[\"https:\\\/\\\/innow.pl\\\/produkt\\\/p743-materac-podlez-gabkowy-4-czesciowy-w-pokrowcu-nieprzemakalnym\\\/\"]}]},{\"@type\":\"ImageObject\",\"inLanguage\":\"en-US\",\"@id\":\"https:\\\/\\\/innow.pl\\\/produkt\\\/p743-materac-podlez-gabkowy-4-czesciowy-w-pokrowcu-nieprzemakalnym\\\/#primaryimage\",\"url\":\"https:\\\/\\\/innow.pl\\\/wp-content\\\/uploads\\\/2024\\\/11\\\/P743_1.jpg\",\"contentUrl\":\"https:\\\/\\\/innow.pl\\\/wp-content\\\/uploads\\\/2024\\\/11\\\/P743_1.jpg\",\"width\":480,\"height\":480,\"caption\":\"Materac p\\\/odle\u017c., g\u0105bkowy, 4-cz\u0119\u015bciowy, w pokrowcu nieprzemakalnym \u2013 P743 \u2013 INNOW\"},{\"@type\":\"BreadcrumbList\",\"@id\":\"https:\\\/\\\/innow.pl\\\/produkt\\\/p743-materac-podlez-gabkowy-4-czesciowy-w-pokrowcu-nieprzemakalnym\\\/#breadcrumb\",\"itemListElement\":[{\"@type\":\"ListItem\",\"position\":1,\"name\":\"INNOW\",\"item\":\"https:\\\/\\\/innow.pl\\\/en\\\/\"},{\"@type\":\"ListItem\",\"position\":2,\"name\":\"Produkty\",\"item\":\"https:\\\/\\\/innow.pl\\\/produkty\\\/\"},{\"@type\":\"ListItem\",\"position\":3,\"name\":\"Piel\u0119gnacja i rehabilitacja\",\"item\":\"https:\\\/\\\/innow.pl\\\/produkty\\\/pielegnacja-i-rehabilitacja\\\/\"},{\"@type\":\"ListItem\",\"position\":4,\"name\":\"\u0141\u00f3\u017cka rehabilitacyjne\",\"item\":\"https:\\\/\\\/innow.pl\\\/produkty\\\/pielegnacja-i-rehabilitacja\\\/lozka-rehabilitacyjne\\\/\"},{\"@type\":\"ListItem\",\"position\":5,\"name\":\"Wyposa\u017cenie pomocnicze\",\"item\":\"https:\\\/\\\/innow.pl\\\/produkty\\\/pielegnacja-i-rehabilitacja\\\/lozka-rehabilitacyjne\\\/wyposazenie-pomocnicze\\\/\"},{\"@type\":\"ListItem\",\"position\":6,\"name\":\"Materace i podk\u0142ady\",\"item\":\"https:\\\/\\\/innow.pl\\\/produkty\\\/pielegnacja-i-rehabilitacja\\\/lozka-rehabilitacyjne\\\/wyposazenie-pomocnicze\\\/materace-i-podklady\\\/\"},{\"@type\":\"ListItem\",\"position\":7,\"name\":\"P743 &#8211; Materac p\\\/odle\u017c., g\u0105bkowy, 4-cz\u0119\u015bciowy, w pokrowcu nieprzemakalnym\"}]},{\"@type\":\"WebSite\",\"@id\":\"https:\\\/\\\/innow.pl\\\/#website\",\"url\":\"https:\\\/\\\/innow.pl\\\/\",\"name\":\"INNOW\",\"description\":\"\",\"potentialAction\":[{\"@type\":\"SearchAction\",\"target\":{\"@type\":\"EntryPoint\",\"urlTemplate\":\"https:\\\/\\\/innow.pl\\\/?s={search_term_string}\"},\"query-input\":{\"@type\":\"PropertyValueSpecification\",\"valueRequired\":true,\"valueName\":\"search_term_string\"}}],\"inLanguage\":\"en-US\"}]}<\/script>\n<!-- \/ Yoast SEO plugin. -->","yoast_head_json":{"title":"P743 - Materac p\/odle\u017c., g\u0105bkowy, 4-cz\u0119\u015bciowy, w pokrowcu nieprzemakalnym - INNOW","description":"Praktyczny materac p\/odle\u017c., g\u0105bkowy, 4-cz\u0119\u015bciowy, w pokrowcu nieprzemakalnym. Komfort dla pacjenta. \u0141atwe czyszczenie. Sprawd\u017a!","robots":{"index":"index","follow":"follow","max-snippet":"max-snippet:-1","max-image-preview":"max-image-preview:large","max-video-preview":"max-video-preview:-1"},"canonical":"https:\/\/innow.pl\/produkt\/p743-materac-podlez-gabkowy-4-czesciowy-w-pokrowcu-nieprzemakalnym\/","og_locale":"en_US","og_type":"article","og_title":"P743 - Materac p\/odle\u017c., g\u0105bkowy, 4-cz\u0119\u015bciowy, w pokrowcu nieprzemakalnym - INNOW","og_description":"Praktyczny materac p\/odle\u017c., g\u0105bkowy, 4-cz\u0119\u015bciowy, w pokrowcu nieprzemakalnym. Komfort dla pacjenta. \u0141atwe czyszczenie. Sprawd\u017a!","og_url":"https:\/\/innow.pl\/produkt\/p743-materac-podlez-gabkowy-4-czesciowy-w-pokrowcu-nieprzemakalnym\/","og_site_name":"INNOW","article_modified_time":"2025-03-06T07:16:26+00:00","og_image":[{"width":480,"height":480,"url":"https:\/\/innow.pl\/wp-content\/uploads\/2024\/11\/P743_1.jpg","type":"image\/jpeg"}],"twitter_card":"summary_large_image","twitter_misc":{"Est. reading time":"1 minute"},"schema":{"@context":"https:\/\/schema.org","@graph":[{"@type":"WebPage","@id":"https:\/\/innow.pl\/produkt\/p743-materac-podlez-gabkowy-4-czesciowy-w-pokrowcu-nieprzemakalnym\/","url":"https:\/\/innow.pl\/produkt\/p743-materac-podlez-gabkowy-4-czesciowy-w-pokrowcu-nieprzemakalnym\/","name":"P743 - Materac p\/odle\u017c., g\u0105bkowy, 4-cz\u0119\u015bciowy, w pokrowcu nieprzemakalnym - INNOW","isPartOf":{"@id":"https:\/\/innow.pl\/#website"},"primaryImageOfPage":{"@id":"https:\/\/innow.pl\/produkt\/p743-materac-podlez-gabkowy-4-czesciowy-w-pokrowcu-nieprzemakalnym\/#primaryimage"},"image":{"@id":"https:\/\/innow.pl\/produkt\/p743-materac-podlez-gabkowy-4-czesciowy-w-pokrowcu-nieprzemakalnym\/#primaryimage"},"thumbnailUrl":"https:\/\/innow.pl\/wp-content\/uploads\/2024\/11\/P743_1.jpg","datePublished":"2017-06-23T04:14:35+00:00","dateModified":"2025-03-06T07:16:26+00:00","description":"Praktyczny materac p\/odle\u017c., g\u0105bkowy, 4-cz\u0119\u015bciowy, w pokrowcu nieprzemakalnym. Komfort dla pacjenta. \u0141atwe czyszczenie. Sprawd\u017a!","breadcrumb":{"@id":"https:\/\/innow.pl\/produkt\/p743-materac-podlez-gabkowy-4-czesciowy-w-pokrowcu-nieprzemakalnym\/#breadcrumb"},"inLanguage":"en-US","potentialAction":[{"@type":"ReadAction","target":["https:\/\/innow.pl\/produkt\/p743-materac-podlez-gabkowy-4-czesciowy-w-pokrowcu-nieprzemakalnym\/"]}]},{"@type":"ImageObject","inLanguage":"en-US","@id":"https:\/\/innow.pl\/produkt\/p743-materac-podlez-gabkowy-4-czesciowy-w-pokrowcu-nieprzemakalnym\/#primaryimage","url":"https:\/\/innow.pl\/wp-content\/uploads\/2024\/11\/P743_1.jpg","contentUrl":"https:\/\/innow.pl\/wp-content\/uploads\/2024\/11\/P743_1.jpg","width":480,"height":480,"caption":"Materac p\/odle\u017c., g\u0105bkowy, 4-cz\u0119\u015bciowy, w pokrowcu nieprzemakalnym \u2013 P743 \u2013 INNOW"},{"@type":"BreadcrumbList","@id":"https:\/\/innow.pl\/produkt\/p743-materac-podlez-gabkowy-4-czesciowy-w-pokrowcu-nieprzemakalnym\/#breadcrumb","itemListElement":[{"@type":"ListItem","position":1,"name":"INNOW","item":"https:\/\/innow.pl\/en\/"},{"@type":"ListItem","position":2,"name":"Produkty","item":"https:\/\/innow.pl\/produkty\/"},{"@type":"ListItem","position":3,"name":"Piel\u0119gnacja i rehabilitacja","item":"https:\/\/innow.pl\/produkty\/pielegnacja-i-rehabilitacja\/"},{"@type":"ListItem","position":4,"name":"\u0141\u00f3\u017cka rehabilitacyjne","item":"https:\/\/innow.pl\/produkty\/pielegnacja-i-rehabilitacja\/lozka-rehabilitacyjne\/"},{"@type":"ListItem","position":5,"name":"Wyposa\u017cenie pomocnicze","item":"https:\/\/innow.pl\/produkty\/pielegnacja-i-rehabilitacja\/lozka-rehabilitacyjne\/wyposazenie-pomocnicze\/"},{"@type":"ListItem","position":6,"name":"Materace i podk\u0142ady","item":"https:\/\/innow.pl\/produkty\/pielegnacja-i-rehabilitacja\/lozka-rehabilitacyjne\/wyposazenie-pomocnicze\/materace-i-podklady\/"},{"@type":"ListItem","position":7,"name":"P743 &#8211; Materac p\/odle\u017c., g\u0105bkowy, 4-cz\u0119\u015bciowy, w pokrowcu nieprzemakalnym"}]},{"@type":"WebSite","@id":"https:\/\/innow.pl\/#website","url":"https:\/\/innow.pl\/","name":"INNOW","description":"","potentialAction":[{"@type":"SearchAction","target":{"@type":"EntryPoint","urlTemplate":"https:\/\/innow.pl\/?s={search_term_string}"},"query-input":{"@type":"PropertyValueSpecification","valueRequired":true,"valueName":"search_term_string"}}],"inLanguage":"en-US"}]}},"_links":{"self":[{"href":"https:\/\/innow.pl\/en\/wp-json\/wp\/v2\/product\/25300","targetHints":{"allow":["GET"]}}],"collection":[{"href":"https:\/\/innow.pl\/en\/wp-json\/wp\/v2\/product"}],"about":[{"href":"https:\/\/innow.pl\/en\/wp-json\/wp\/v2\/types\/product"}],"replies":[{"embeddable":true,"href":"https:\/\/innow.pl\/en\/wp-json\/wp\/v2\/comments?post=25300"}],"wp:featuredmedia":[{"embeddable":true,"href":"https:\/\/innow.pl\/en\/wp-json\/wp\/v2\/media\/25302"}],"wp:attachment":[{"href":"https:\/\/innow.pl\/en\/wp-json\/wp\/v2\/media?parent=25300"}],"wp:term":[{"taxonomy":"product_brand","embeddable":true,"href":"https:\/\/innow.pl\/en\/wp-json\/wp\/v2\/product_brand?post=25300"},{"taxonomy":"product_cat","embeddable":true,"href":"https:\/\/innow.pl\/en\/wp-json\/wp\/v2\/product_cat?post=25300"},{"taxonomy":"product_tag","embeddable":true,"href":"https:\/\/innow.pl\/en\/wp-json\/wp\/v2\/product_tag?post=25300"}],"curies":[{"name":"wp","href":"https:\/\/api.w.org\/{rel}","templated":true}]}}