{"id":25294,"date":"2017-06-22T09:35:00","date_gmt":"2017-06-22T07:35:00","guid":{"rendered":"https:\/\/innow.pl\/produkt\/p74210-materac-podlezyn-gabkowy-typu-gofer-wys-10-cm-w-pokrowcu-oe\/"},"modified":"2025-03-06T08:17:26","modified_gmt":"2025-03-06T07:17:26","slug":"p74210-materac-podlezyn-gabkowy-typu-gofer-wys-10-cm-w-pokrowcu-oe","status":"publish","type":"product","link":"https:\/\/innow.pl\/en\/produkt\/p74210-materac-podlezyn-gabkowy-typu-gofer-wys-10-cm-w-pokrowcu-oe\/","title":{"rendered":"P742 &#8211; Materac przeciwodle\u017cynowy g\u0105bkowy typu GOFER w pokrowcu"},"content":{"rendered":"<p align=\"left\">Materac &#8220;Gofer&#8221; przeciwodle\u017cynowy, wytworzony z g\u0105bki z naci\u0119ciami w bawe\u0142nianym pokrowcu.<\/p>\n<p align=\"left\">Warianty wysoko\u015bci materaca:<\/p>\n<ul>\n<li>10 cm,<\/li>\n<li>12 cm,<\/li>\n<li>14 cm.<\/li>\n<\/ul>\n","protected":false},"excerpt":{"rendered":"<p>Materac &#8220;Gofer&#8221; przeciwodle\u017cynowy, wytworzony z g\u0105bki z naci\u0119ciami w bawe\u0142nianym pokrowcu. Warianty wysoko\u015bci materaca: 10 cm, 12 cm, 14 cm.<\/p>\n","protected":false},"featured_media":25296,"comment_status":"open","ping_status":"closed","template":"","meta":{"_acf_changed":false},"product_brand":[],"product_cat":[537,438,508,481],"product_tag":[],"class_list":{"0":"post-25294","1":"product","2":"type-product","3":"status-publish","4":"has-post-thumbnail","6":"product_cat-materace-i-podklady","7":"product_cat-pielegnacja-i-rehabilitacja","8":"product_cat-wyposazenie-pomocnicze","9":"product_cat-lozka-rehabilitacyjne","10":"pa_wysokosc-10-cm","11":"pa_wysokosc-12-cm","12":"pa_wysokosc-15-cm","14":"first","15":"instock","16":"taxable","17":"shipping-taxable","18":"purchasable","19":"product-type-variable"},"acf":[],"yoast_head":"<!-- This site is optimized with the Yoast SEO plugin v27.4 - https:\/\/yoast.com\/product\/yoast-seo-wordpress\/ -->\n<title>P742 - Materac przeciwodle\u017cynowy g\u0105bkowy typu GOFER w pokrowcu - INNOW<\/title>\n<meta name=\"description\" content=\"Praktyczny i komfortowy materac przeciwodle\u017cynowy g\u0105bkowy typu GOFER w pokrowcu, wys.10, 12 lub 15 cm. Wygoda dla pacjent\u00f3w le\u017c\u0105cych. Kliknij!\" \/>\n<meta name=\"robots\" content=\"index, follow, max-snippet:-1, max-image-preview:large, max-video-preview:-1\" \/>\n<link rel=\"canonical\" href=\"https:\/\/innow.pl\/produkt\/p74210-materac-podlezyn-gabkowy-typu-gofer-wys-10-cm-w-pokrowcu-oe\/\" \/>\n<meta property=\"og:locale\" content=\"en_US\" \/>\n<meta property=\"og:type\" content=\"article\" \/>\n<meta property=\"og:title\" content=\"P742 - Materac przeciwodle\u017cynowy g\u0105bkowy typu GOFER w pokrowcu - INNOW\" \/>\n<meta property=\"og:description\" content=\"Praktyczny i komfortowy materac przeciwodle\u017cynowy g\u0105bkowy typu GOFER w pokrowcu, wys.10, 12 lub 15 cm. Wygoda dla pacjent\u00f3w le\u017c\u0105cych. Kliknij!\" \/>\n<meta property=\"og:url\" content=\"https:\/\/innow.pl\/produkt\/p74210-materac-podlezyn-gabkowy-typu-gofer-wys-10-cm-w-pokrowcu-oe\/\" \/>\n<meta property=\"og:site_name\" content=\"INNOW\" \/>\n<meta property=\"article:modified_time\" content=\"2025-03-06T07:17:26+00:00\" \/>\n<meta property=\"og:image\" content=\"https:\/\/innow.pl\/wp-content\/uploads\/2024\/11\/P742_12_1.jpg\" \/>\n\t<meta property=\"og:image:width\" content=\"480\" \/>\n\t<meta property=\"og:image:height\" content=\"480\" \/>\n\t<meta property=\"og:image:type\" content=\"image\/jpeg\" \/>\n<meta name=\"twitter:card\" content=\"summary_large_image\" \/>\n<meta name=\"twitter:label1\" content=\"Est. reading time\" \/>\n\t<meta name=\"twitter:data1\" content=\"1 minute\" \/>\n<script type=\"application\/ld+json\" class=\"yoast-schema-graph\">{\"@context\":\"https:\\\/\\\/schema.org\",\"@graph\":[{\"@type\":\"WebPage\",\"@id\":\"https:\\\/\\\/innow.pl\\\/produkt\\\/p74210-materac-podlezyn-gabkowy-typu-gofer-wys-10-cm-w-pokrowcu-oe\\\/\",\"url\":\"https:\\\/\\\/innow.pl\\\/produkt\\\/p74210-materac-podlezyn-gabkowy-typu-gofer-wys-10-cm-w-pokrowcu-oe\\\/\",\"name\":\"P742 - Materac przeciwodle\u017cynowy g\u0105bkowy typu GOFER w pokrowcu - INNOW\",\"isPartOf\":{\"@id\":\"https:\\\/\\\/innow.pl\\\/#website\"},\"primaryImageOfPage\":{\"@id\":\"https:\\\/\\\/innow.pl\\\/produkt\\\/p74210-materac-podlezyn-gabkowy-typu-gofer-wys-10-cm-w-pokrowcu-oe\\\/#primaryimage\"},\"image\":{\"@id\":\"https:\\\/\\\/innow.pl\\\/produkt\\\/p74210-materac-podlezyn-gabkowy-typu-gofer-wys-10-cm-w-pokrowcu-oe\\\/#primaryimage\"},\"thumbnailUrl\":\"https:\\\/\\\/innow.pl\\\/wp-content\\\/uploads\\\/2024\\\/11\\\/P742_12_1.jpg\",\"datePublished\":\"2017-06-22T07:35:00+00:00\",\"dateModified\":\"2025-03-06T07:17:26+00:00\",\"description\":\"Praktyczny i komfortowy materac przeciwodle\u017cynowy g\u0105bkowy typu GOFER w pokrowcu, wys.10, 12 lub 15 cm. Wygoda dla pacjent\u00f3w le\u017c\u0105cych. Kliknij!\",\"breadcrumb\":{\"@id\":\"https:\\\/\\\/innow.pl\\\/produkt\\\/p74210-materac-podlezyn-gabkowy-typu-gofer-wys-10-cm-w-pokrowcu-oe\\\/#breadcrumb\"},\"inLanguage\":\"en-US\",\"potentialAction\":[{\"@type\":\"ReadAction\",\"target\":[\"https:\\\/\\\/innow.pl\\\/produkt\\\/p74210-materac-podlezyn-gabkowy-typu-gofer-wys-10-cm-w-pokrowcu-oe\\\/\"]}]},{\"@type\":\"ImageObject\",\"inLanguage\":\"en-US\",\"@id\":\"https:\\\/\\\/innow.pl\\\/produkt\\\/p74210-materac-podlezyn-gabkowy-typu-gofer-wys-10-cm-w-pokrowcu-oe\\\/#primaryimage\",\"url\":\"https:\\\/\\\/innow.pl\\\/wp-content\\\/uploads\\\/2024\\\/11\\\/P742_12_1.jpg\",\"contentUrl\":\"https:\\\/\\\/innow.pl\\\/wp-content\\\/uploads\\\/2024\\\/11\\\/P742_12_1.jpg\",\"width\":480,\"height\":480,\"caption\":\"Materac p\\\/odle\u017cyn.g\u0105bkowy typu GOFER wys.12 cm w pokrowcu \u2013 P742\\\/12 \u2013 INNOW\"},{\"@type\":\"BreadcrumbList\",\"@id\":\"https:\\\/\\\/innow.pl\\\/produkt\\\/p74210-materac-podlezyn-gabkowy-typu-gofer-wys-10-cm-w-pokrowcu-oe\\\/#breadcrumb\",\"itemListElement\":[{\"@type\":\"ListItem\",\"position\":1,\"name\":\"INNOW\",\"item\":\"https:\\\/\\\/innow.pl\\\/en\\\/\"},{\"@type\":\"ListItem\",\"position\":2,\"name\":\"Produkty\",\"item\":\"https:\\\/\\\/innow.pl\\\/produkty\\\/\"},{\"@type\":\"ListItem\",\"position\":3,\"name\":\"Piel\u0119gnacja i rehabilitacja\",\"item\":\"https:\\\/\\\/innow.pl\\\/produkty\\\/pielegnacja-i-rehabilitacja\\\/\"},{\"@type\":\"ListItem\",\"position\":4,\"name\":\"\u0141\u00f3\u017cka rehabilitacyjne\",\"item\":\"https:\\\/\\\/innow.pl\\\/produkty\\\/pielegnacja-i-rehabilitacja\\\/lozka-rehabilitacyjne\\\/\"},{\"@type\":\"ListItem\",\"position\":5,\"name\":\"Wyposa\u017cenie pomocnicze\",\"item\":\"https:\\\/\\\/innow.pl\\\/produkty\\\/pielegnacja-i-rehabilitacja\\\/lozka-rehabilitacyjne\\\/wyposazenie-pomocnicze\\\/\"},{\"@type\":\"ListItem\",\"position\":6,\"name\":\"Materace i podk\u0142ady\",\"item\":\"https:\\\/\\\/innow.pl\\\/produkty\\\/pielegnacja-i-rehabilitacja\\\/lozka-rehabilitacyjne\\\/wyposazenie-pomocnicze\\\/materace-i-podklady\\\/\"},{\"@type\":\"ListItem\",\"position\":7,\"name\":\"P742 &#8211; Materac przeciwodle\u017cynowy g\u0105bkowy typu GOFER w pokrowcu\"}]},{\"@type\":\"WebSite\",\"@id\":\"https:\\\/\\\/innow.pl\\\/#website\",\"url\":\"https:\\\/\\\/innow.pl\\\/\",\"name\":\"INNOW\",\"description\":\"\",\"potentialAction\":[{\"@type\":\"SearchAction\",\"target\":{\"@type\":\"EntryPoint\",\"urlTemplate\":\"https:\\\/\\\/innow.pl\\\/?s={search_term_string}\"},\"query-input\":{\"@type\":\"PropertyValueSpecification\",\"valueRequired\":true,\"valueName\":\"search_term_string\"}}],\"inLanguage\":\"en-US\"}]}<\/script>\n<!-- \/ Yoast SEO plugin. -->","yoast_head_json":{"title":"P742 - Materac przeciwodle\u017cynowy g\u0105bkowy typu GOFER w pokrowcu - INNOW","description":"Praktyczny i komfortowy materac przeciwodle\u017cynowy g\u0105bkowy typu GOFER w pokrowcu, wys.10, 12 lub 15 cm. Wygoda dla pacjent\u00f3w le\u017c\u0105cych. Kliknij!","robots":{"index":"index","follow":"follow","max-snippet":"max-snippet:-1","max-image-preview":"max-image-preview:large","max-video-preview":"max-video-preview:-1"},"canonical":"https:\/\/innow.pl\/produkt\/p74210-materac-podlezyn-gabkowy-typu-gofer-wys-10-cm-w-pokrowcu-oe\/","og_locale":"en_US","og_type":"article","og_title":"P742 - Materac przeciwodle\u017cynowy g\u0105bkowy typu GOFER w pokrowcu - INNOW","og_description":"Praktyczny i komfortowy materac przeciwodle\u017cynowy g\u0105bkowy typu GOFER w pokrowcu, wys.10, 12 lub 15 cm. Wygoda dla pacjent\u00f3w le\u017c\u0105cych. Kliknij!","og_url":"https:\/\/innow.pl\/produkt\/p74210-materac-podlezyn-gabkowy-typu-gofer-wys-10-cm-w-pokrowcu-oe\/","og_site_name":"INNOW","article_modified_time":"2025-03-06T07:17:26+00:00","og_image":[{"width":480,"height":480,"url":"https:\/\/innow.pl\/wp-content\/uploads\/2024\/11\/P742_12_1.jpg","type":"image\/jpeg"}],"twitter_card":"summary_large_image","twitter_misc":{"Est. reading time":"1 minute"},"schema":{"@context":"https:\/\/schema.org","@graph":[{"@type":"WebPage","@id":"https:\/\/innow.pl\/produkt\/p74210-materac-podlezyn-gabkowy-typu-gofer-wys-10-cm-w-pokrowcu-oe\/","url":"https:\/\/innow.pl\/produkt\/p74210-materac-podlezyn-gabkowy-typu-gofer-wys-10-cm-w-pokrowcu-oe\/","name":"P742 - Materac przeciwodle\u017cynowy g\u0105bkowy typu GOFER w pokrowcu - INNOW","isPartOf":{"@id":"https:\/\/innow.pl\/#website"},"primaryImageOfPage":{"@id":"https:\/\/innow.pl\/produkt\/p74210-materac-podlezyn-gabkowy-typu-gofer-wys-10-cm-w-pokrowcu-oe\/#primaryimage"},"image":{"@id":"https:\/\/innow.pl\/produkt\/p74210-materac-podlezyn-gabkowy-typu-gofer-wys-10-cm-w-pokrowcu-oe\/#primaryimage"},"thumbnailUrl":"https:\/\/innow.pl\/wp-content\/uploads\/2024\/11\/P742_12_1.jpg","datePublished":"2017-06-22T07:35:00+00:00","dateModified":"2025-03-06T07:17:26+00:00","description":"Praktyczny i komfortowy materac przeciwodle\u017cynowy g\u0105bkowy typu GOFER w pokrowcu, wys.10, 12 lub 15 cm. Wygoda dla pacjent\u00f3w le\u017c\u0105cych. Kliknij!","breadcrumb":{"@id":"https:\/\/innow.pl\/produkt\/p74210-materac-podlezyn-gabkowy-typu-gofer-wys-10-cm-w-pokrowcu-oe\/#breadcrumb"},"inLanguage":"en-US","potentialAction":[{"@type":"ReadAction","target":["https:\/\/innow.pl\/produkt\/p74210-materac-podlezyn-gabkowy-typu-gofer-wys-10-cm-w-pokrowcu-oe\/"]}]},{"@type":"ImageObject","inLanguage":"en-US","@id":"https:\/\/innow.pl\/produkt\/p74210-materac-podlezyn-gabkowy-typu-gofer-wys-10-cm-w-pokrowcu-oe\/#primaryimage","url":"https:\/\/innow.pl\/wp-content\/uploads\/2024\/11\/P742_12_1.jpg","contentUrl":"https:\/\/innow.pl\/wp-content\/uploads\/2024\/11\/P742_12_1.jpg","width":480,"height":480,"caption":"Materac p\/odle\u017cyn.g\u0105bkowy typu GOFER wys.12 cm w pokrowcu \u2013 P742\/12 \u2013 INNOW"},{"@type":"BreadcrumbList","@id":"https:\/\/innow.pl\/produkt\/p74210-materac-podlezyn-gabkowy-typu-gofer-wys-10-cm-w-pokrowcu-oe\/#breadcrumb","itemListElement":[{"@type":"ListItem","position":1,"name":"INNOW","item":"https:\/\/innow.pl\/en\/"},{"@type":"ListItem","position":2,"name":"Produkty","item":"https:\/\/innow.pl\/produkty\/"},{"@type":"ListItem","position":3,"name":"Piel\u0119gnacja i rehabilitacja","item":"https:\/\/innow.pl\/produkty\/pielegnacja-i-rehabilitacja\/"},{"@type":"ListItem","position":4,"name":"\u0141\u00f3\u017cka rehabilitacyjne","item":"https:\/\/innow.pl\/produkty\/pielegnacja-i-rehabilitacja\/lozka-rehabilitacyjne\/"},{"@type":"ListItem","position":5,"name":"Wyposa\u017cenie pomocnicze","item":"https:\/\/innow.pl\/produkty\/pielegnacja-i-rehabilitacja\/lozka-rehabilitacyjne\/wyposazenie-pomocnicze\/"},{"@type":"ListItem","position":6,"name":"Materace i podk\u0142ady","item":"https:\/\/innow.pl\/produkty\/pielegnacja-i-rehabilitacja\/lozka-rehabilitacyjne\/wyposazenie-pomocnicze\/materace-i-podklady\/"},{"@type":"ListItem","position":7,"name":"P742 &#8211; Materac przeciwodle\u017cynowy g\u0105bkowy typu GOFER w pokrowcu"}]},{"@type":"WebSite","@id":"https:\/\/innow.pl\/#website","url":"https:\/\/innow.pl\/","name":"INNOW","description":"","potentialAction":[{"@type":"SearchAction","target":{"@type":"EntryPoint","urlTemplate":"https:\/\/innow.pl\/?s={search_term_string}"},"query-input":{"@type":"PropertyValueSpecification","valueRequired":true,"valueName":"search_term_string"}}],"inLanguage":"en-US"}]}},"_links":{"self":[{"href":"https:\/\/innow.pl\/en\/wp-json\/wp\/v2\/product\/25294","targetHints":{"allow":["GET"]}}],"collection":[{"href":"https:\/\/innow.pl\/en\/wp-json\/wp\/v2\/product"}],"about":[{"href":"https:\/\/innow.pl\/en\/wp-json\/wp\/v2\/types\/product"}],"replies":[{"embeddable":true,"href":"https:\/\/innow.pl\/en\/wp-json\/wp\/v2\/comments?post=25294"}],"wp:featuredmedia":[{"embeddable":true,"href":"https:\/\/innow.pl\/en\/wp-json\/wp\/v2\/media\/25296"}],"wp:attachment":[{"href":"https:\/\/innow.pl\/en\/wp-json\/wp\/v2\/media?parent=25294"}],"wp:term":[{"taxonomy":"product_brand","embeddable":true,"href":"https:\/\/innow.pl\/en\/wp-json\/wp\/v2\/product_brand?post=25294"},{"taxonomy":"product_cat","embeddable":true,"href":"https:\/\/innow.pl\/en\/wp-json\/wp\/v2\/product_cat?post=25294"},{"taxonomy":"product_tag","embeddable":true,"href":"https:\/\/innow.pl\/en\/wp-json\/wp\/v2\/product_tag?post=25294"}],"curies":[{"name":"wp","href":"https:\/\/api.w.org\/{rel}","templated":true}]}}