{"id":25182,"date":"2017-06-21T08:51:01","date_gmt":"2017-06-21T06:51:01","guid":{"rendered":"https:\/\/innow.pl\/produkt\/pur-przylozkowe-urzadzenie-rehabilitacyjne\/"},"modified":"2025-03-07T13:23:10","modified_gmt":"2025-03-07T12:23:10","slug":"pur-przylozkowe-urzadzenie-rehabilitacyjne","status":"publish","type":"product","link":"https:\/\/innow.pl\/en\/produkt\/pur-przylozkowe-urzadzenie-rehabilitacyjne\/","title":{"rendered":"PUR &#8211; Przy\u0142\u00f3\u017ckowe urz\u0105dzenie rehabilitacyjne"},"content":{"rendered":"<p>Przy\u0142\u00f3\u017ckowe urz\u0105dzenie rehabilitacyjne jest stosowane wraz ze sto\u0142ami i \u0142\u00f3\u017ckami. Umo\u017cliwia wykonywanie r\u00f3\u017cnorodnych \u0107wicze\u0144 z osprz\u0119tem (pod opisem). Przemieszczanie go nie sprawia trudno\u015bci dzi\u0119ki k\u00f3\u0142kom jezdnym z hamulcem.<\/p>\n","protected":false},"excerpt":{"rendered":"<p>Przy\u0142\u00f3\u017ckowe urz\u0105dzenie rehabilitacyjne jest stosowane wraz ze sto\u0142ami i \u0142\u00f3\u017ckami. Umo\u017cliwia wykonywanie r\u00f3\u017cnorodnych \u0107wicze\u0144 z osprz\u0119tem (pod opisem). Przemieszczanie go nie sprawia trudno\u015bci dzi\u0119ki k\u00f3\u0142kom jezdnym z hamulcem.<\/p>\n","protected":false},"featured_media":25184,"comment_status":"open","ping_status":"closed","template":"","meta":{"_acf_changed":false},"product_brand":[],"product_cat":[438,538,508,481],"product_tag":[],"class_list":{"0":"post-25182","1":"product","2":"type-product","3":"status-publish","4":"has-post-thumbnail","6":"product_cat-pielegnacja-i-rehabilitacja","7":"product_cat-pomoce","8":"product_cat-wyposazenie-pomocnicze","9":"product_cat-lozka-rehabilitacyjne","10":"pa_dlugosc-260-cm","11":"pa_szerokosc-70-cm","12":"pa_wysokosc-204-cm","14":"first","15":"instock","16":"taxable","17":"shipping-taxable","18":"purchasable","19":"product-type-simple"},"acf":[],"yoast_head":"<!-- This site is optimized with the Yoast SEO plugin v27.4 - https:\/\/yoast.com\/product\/yoast-seo-wordpress\/ -->\n<title>PUR - Przy\u0142\u00f3\u017ckowe urz\u0105dzenie rehabilitacyjne - INNOW<\/title>\n<meta name=\"description\" content=\"Funkcjonalne przy\u0142\u00f3\u017ckowe urz\u0105dzenie rehabilitacyjne umo\u017cliwiaj\u0105ce wykonywanie \u0107wicze\u0144 terapeutycznych z osprz\u0119tem. Dowiedz si\u0119 wi\u0119cej!\" \/>\n<meta name=\"robots\" content=\"index, follow, max-snippet:-1, max-image-preview:large, max-video-preview:-1\" \/>\n<link rel=\"canonical\" href=\"https:\/\/innow.pl\/produkt\/pur-przylozkowe-urzadzenie-rehabilitacyjne\/\" \/>\n<meta property=\"og:locale\" content=\"en_US\" \/>\n<meta property=\"og:type\" content=\"article\" \/>\n<meta property=\"og:title\" content=\"PUR - Przy\u0142\u00f3\u017ckowe urz\u0105dzenie rehabilitacyjne - INNOW\" \/>\n<meta property=\"og:description\" content=\"Funkcjonalne przy\u0142\u00f3\u017ckowe urz\u0105dzenie rehabilitacyjne umo\u017cliwiaj\u0105ce wykonywanie \u0107wicze\u0144 terapeutycznych z osprz\u0119tem. Dowiedz si\u0119 wi\u0119cej!\" \/>\n<meta property=\"og:url\" content=\"https:\/\/innow.pl\/produkt\/pur-przylozkowe-urzadzenie-rehabilitacyjne\/\" \/>\n<meta property=\"og:site_name\" content=\"INNOW\" \/>\n<meta property=\"article:modified_time\" content=\"2025-03-07T12:23:10+00:00\" \/>\n<meta property=\"og:image\" content=\"https:\/\/innow.pl\/wp-content\/uploads\/2024\/11\/PUR_3_.jpg\" \/>\n\t<meta property=\"og:image:width\" content=\"795\" \/>\n\t<meta property=\"og:image:height\" content=\"795\" \/>\n\t<meta property=\"og:image:type\" content=\"image\/jpeg\" \/>\n<meta name=\"twitter:card\" content=\"summary_large_image\" \/>\n<meta name=\"twitter:label1\" content=\"Est. reading time\" \/>\n\t<meta name=\"twitter:data1\" content=\"1 minute\" \/>\n<script type=\"application\/ld+json\" class=\"yoast-schema-graph\">{\"@context\":\"https:\\\/\\\/schema.org\",\"@graph\":[{\"@type\":\"WebPage\",\"@id\":\"https:\\\/\\\/innow.pl\\\/produkt\\\/pur-przylozkowe-urzadzenie-rehabilitacyjne\\\/\",\"url\":\"https:\\\/\\\/innow.pl\\\/produkt\\\/pur-przylozkowe-urzadzenie-rehabilitacyjne\\\/\",\"name\":\"PUR - Przy\u0142\u00f3\u017ckowe urz\u0105dzenie rehabilitacyjne - INNOW\",\"isPartOf\":{\"@id\":\"https:\\\/\\\/innow.pl\\\/#website\"},\"primaryImageOfPage\":{\"@id\":\"https:\\\/\\\/innow.pl\\\/produkt\\\/pur-przylozkowe-urzadzenie-rehabilitacyjne\\\/#primaryimage\"},\"image\":{\"@id\":\"https:\\\/\\\/innow.pl\\\/produkt\\\/pur-przylozkowe-urzadzenie-rehabilitacyjne\\\/#primaryimage\"},\"thumbnailUrl\":\"https:\\\/\\\/innow.pl\\\/wp-content\\\/uploads\\\/2024\\\/11\\\/PUR_3_.jpg\",\"datePublished\":\"2017-06-21T06:51:01+00:00\",\"dateModified\":\"2025-03-07T12:23:10+00:00\",\"description\":\"Funkcjonalne przy\u0142\u00f3\u017ckowe urz\u0105dzenie rehabilitacyjne umo\u017cliwiaj\u0105ce wykonywanie \u0107wicze\u0144 terapeutycznych z osprz\u0119tem. Dowiedz si\u0119 wi\u0119cej!\",\"breadcrumb\":{\"@id\":\"https:\\\/\\\/innow.pl\\\/produkt\\\/pur-przylozkowe-urzadzenie-rehabilitacyjne\\\/#breadcrumb\"},\"inLanguage\":\"en-US\",\"potentialAction\":[{\"@type\":\"ReadAction\",\"target\":[\"https:\\\/\\\/innow.pl\\\/produkt\\\/pur-przylozkowe-urzadzenie-rehabilitacyjne\\\/\"]}]},{\"@type\":\"ImageObject\",\"inLanguage\":\"en-US\",\"@id\":\"https:\\\/\\\/innow.pl\\\/produkt\\\/pur-przylozkowe-urzadzenie-rehabilitacyjne\\\/#primaryimage\",\"url\":\"https:\\\/\\\/innow.pl\\\/wp-content\\\/uploads\\\/2024\\\/11\\\/PUR_3_.jpg\",\"contentUrl\":\"https:\\\/\\\/innow.pl\\\/wp-content\\\/uploads\\\/2024\\\/11\\\/PUR_3_.jpg\",\"width\":795,\"height\":795,\"caption\":\"Przy\u0142\u00f3\u017ckowe urz\u0105dzenie rehabilitacyjne \u2013 PUR \u2013 INNOW\"},{\"@type\":\"BreadcrumbList\",\"@id\":\"https:\\\/\\\/innow.pl\\\/produkt\\\/pur-przylozkowe-urzadzenie-rehabilitacyjne\\\/#breadcrumb\",\"itemListElement\":[{\"@type\":\"ListItem\",\"position\":1,\"name\":\"INNOW\",\"item\":\"https:\\\/\\\/innow.pl\\\/en\\\/\"},{\"@type\":\"ListItem\",\"position\":2,\"name\":\"Produkty\",\"item\":\"https:\\\/\\\/innow.pl\\\/produkty\\\/\"},{\"@type\":\"ListItem\",\"position\":3,\"name\":\"Piel\u0119gnacja i rehabilitacja\",\"item\":\"https:\\\/\\\/innow.pl\\\/produkty\\\/pielegnacja-i-rehabilitacja\\\/\"},{\"@type\":\"ListItem\",\"position\":4,\"name\":\"\u0141\u00f3\u017cka rehabilitacyjne\",\"item\":\"https:\\\/\\\/innow.pl\\\/produkty\\\/pielegnacja-i-rehabilitacja\\\/lozka-rehabilitacyjne\\\/\"},{\"@type\":\"ListItem\",\"position\":5,\"name\":\"Wyposa\u017cenie pomocnicze\",\"item\":\"https:\\\/\\\/innow.pl\\\/produkty\\\/pielegnacja-i-rehabilitacja\\\/lozka-rehabilitacyjne\\\/wyposazenie-pomocnicze\\\/\"},{\"@type\":\"ListItem\",\"position\":6,\"name\":\"Pomoce\",\"item\":\"https:\\\/\\\/innow.pl\\\/produkty\\\/pielegnacja-i-rehabilitacja\\\/lozka-rehabilitacyjne\\\/wyposazenie-pomocnicze\\\/pomoce\\\/\"},{\"@type\":\"ListItem\",\"position\":7,\"name\":\"PUR &#8211; Przy\u0142\u00f3\u017ckowe urz\u0105dzenie rehabilitacyjne\"}]},{\"@type\":\"WebSite\",\"@id\":\"https:\\\/\\\/innow.pl\\\/#website\",\"url\":\"https:\\\/\\\/innow.pl\\\/\",\"name\":\"INNOW\",\"description\":\"\",\"potentialAction\":[{\"@type\":\"SearchAction\",\"target\":{\"@type\":\"EntryPoint\",\"urlTemplate\":\"https:\\\/\\\/innow.pl\\\/?s={search_term_string}\"},\"query-input\":{\"@type\":\"PropertyValueSpecification\",\"valueRequired\":true,\"valueName\":\"search_term_string\"}}],\"inLanguage\":\"en-US\"}]}<\/script>\n<!-- \/ Yoast SEO plugin. -->","yoast_head_json":{"title":"PUR - Przy\u0142\u00f3\u017ckowe urz\u0105dzenie rehabilitacyjne - INNOW","description":"Funkcjonalne przy\u0142\u00f3\u017ckowe urz\u0105dzenie rehabilitacyjne umo\u017cliwiaj\u0105ce wykonywanie \u0107wicze\u0144 terapeutycznych z osprz\u0119tem. Dowiedz si\u0119 wi\u0119cej!","robots":{"index":"index","follow":"follow","max-snippet":"max-snippet:-1","max-image-preview":"max-image-preview:large","max-video-preview":"max-video-preview:-1"},"canonical":"https:\/\/innow.pl\/produkt\/pur-przylozkowe-urzadzenie-rehabilitacyjne\/","og_locale":"en_US","og_type":"article","og_title":"PUR - Przy\u0142\u00f3\u017ckowe urz\u0105dzenie rehabilitacyjne - INNOW","og_description":"Funkcjonalne przy\u0142\u00f3\u017ckowe urz\u0105dzenie rehabilitacyjne umo\u017cliwiaj\u0105ce wykonywanie \u0107wicze\u0144 terapeutycznych z osprz\u0119tem. Dowiedz si\u0119 wi\u0119cej!","og_url":"https:\/\/innow.pl\/produkt\/pur-przylozkowe-urzadzenie-rehabilitacyjne\/","og_site_name":"INNOW","article_modified_time":"2025-03-07T12:23:10+00:00","og_image":[{"width":795,"height":795,"url":"https:\/\/innow.pl\/wp-content\/uploads\/2024\/11\/PUR_3_.jpg","type":"image\/jpeg"}],"twitter_card":"summary_large_image","twitter_misc":{"Est. reading time":"1 minute"},"schema":{"@context":"https:\/\/schema.org","@graph":[{"@type":"WebPage","@id":"https:\/\/innow.pl\/produkt\/pur-przylozkowe-urzadzenie-rehabilitacyjne\/","url":"https:\/\/innow.pl\/produkt\/pur-przylozkowe-urzadzenie-rehabilitacyjne\/","name":"PUR - Przy\u0142\u00f3\u017ckowe urz\u0105dzenie rehabilitacyjne - INNOW","isPartOf":{"@id":"https:\/\/innow.pl\/#website"},"primaryImageOfPage":{"@id":"https:\/\/innow.pl\/produkt\/pur-przylozkowe-urzadzenie-rehabilitacyjne\/#primaryimage"},"image":{"@id":"https:\/\/innow.pl\/produkt\/pur-przylozkowe-urzadzenie-rehabilitacyjne\/#primaryimage"},"thumbnailUrl":"https:\/\/innow.pl\/wp-content\/uploads\/2024\/11\/PUR_3_.jpg","datePublished":"2017-06-21T06:51:01+00:00","dateModified":"2025-03-07T12:23:10+00:00","description":"Funkcjonalne przy\u0142\u00f3\u017ckowe urz\u0105dzenie rehabilitacyjne umo\u017cliwiaj\u0105ce wykonywanie \u0107wicze\u0144 terapeutycznych z osprz\u0119tem. Dowiedz si\u0119 wi\u0119cej!","breadcrumb":{"@id":"https:\/\/innow.pl\/produkt\/pur-przylozkowe-urzadzenie-rehabilitacyjne\/#breadcrumb"},"inLanguage":"en-US","potentialAction":[{"@type":"ReadAction","target":["https:\/\/innow.pl\/produkt\/pur-przylozkowe-urzadzenie-rehabilitacyjne\/"]}]},{"@type":"ImageObject","inLanguage":"en-US","@id":"https:\/\/innow.pl\/produkt\/pur-przylozkowe-urzadzenie-rehabilitacyjne\/#primaryimage","url":"https:\/\/innow.pl\/wp-content\/uploads\/2024\/11\/PUR_3_.jpg","contentUrl":"https:\/\/innow.pl\/wp-content\/uploads\/2024\/11\/PUR_3_.jpg","width":795,"height":795,"caption":"Przy\u0142\u00f3\u017ckowe urz\u0105dzenie rehabilitacyjne \u2013 PUR \u2013 INNOW"},{"@type":"BreadcrumbList","@id":"https:\/\/innow.pl\/produkt\/pur-przylozkowe-urzadzenie-rehabilitacyjne\/#breadcrumb","itemListElement":[{"@type":"ListItem","position":1,"name":"INNOW","item":"https:\/\/innow.pl\/en\/"},{"@type":"ListItem","position":2,"name":"Produkty","item":"https:\/\/innow.pl\/produkty\/"},{"@type":"ListItem","position":3,"name":"Piel\u0119gnacja i rehabilitacja","item":"https:\/\/innow.pl\/produkty\/pielegnacja-i-rehabilitacja\/"},{"@type":"ListItem","position":4,"name":"\u0141\u00f3\u017cka rehabilitacyjne","item":"https:\/\/innow.pl\/produkty\/pielegnacja-i-rehabilitacja\/lozka-rehabilitacyjne\/"},{"@type":"ListItem","position":5,"name":"Wyposa\u017cenie pomocnicze","item":"https:\/\/innow.pl\/produkty\/pielegnacja-i-rehabilitacja\/lozka-rehabilitacyjne\/wyposazenie-pomocnicze\/"},{"@type":"ListItem","position":6,"name":"Pomoce","item":"https:\/\/innow.pl\/produkty\/pielegnacja-i-rehabilitacja\/lozka-rehabilitacyjne\/wyposazenie-pomocnicze\/pomoce\/"},{"@type":"ListItem","position":7,"name":"PUR &#8211; Przy\u0142\u00f3\u017ckowe urz\u0105dzenie rehabilitacyjne"}]},{"@type":"WebSite","@id":"https:\/\/innow.pl\/#website","url":"https:\/\/innow.pl\/","name":"INNOW","description":"","potentialAction":[{"@type":"SearchAction","target":{"@type":"EntryPoint","urlTemplate":"https:\/\/innow.pl\/?s={search_term_string}"},"query-input":{"@type":"PropertyValueSpecification","valueRequired":true,"valueName":"search_term_string"}}],"inLanguage":"en-US"}]}},"_links":{"self":[{"href":"https:\/\/innow.pl\/en\/wp-json\/wp\/v2\/product\/25182","targetHints":{"allow":["GET"]}}],"collection":[{"href":"https:\/\/innow.pl\/en\/wp-json\/wp\/v2\/product"}],"about":[{"href":"https:\/\/innow.pl\/en\/wp-json\/wp\/v2\/types\/product"}],"replies":[{"embeddable":true,"href":"https:\/\/innow.pl\/en\/wp-json\/wp\/v2\/comments?post=25182"}],"wp:featuredmedia":[{"embeddable":true,"href":"https:\/\/innow.pl\/en\/wp-json\/wp\/v2\/media\/25184"}],"wp:attachment":[{"href":"https:\/\/innow.pl\/en\/wp-json\/wp\/v2\/media?parent=25182"}],"wp:term":[{"taxonomy":"product_brand","embeddable":true,"href":"https:\/\/innow.pl\/en\/wp-json\/wp\/v2\/product_brand?post=25182"},{"taxonomy":"product_cat","embeddable":true,"href":"https:\/\/innow.pl\/en\/wp-json\/wp\/v2\/product_cat?post=25182"},{"taxonomy":"product_tag","embeddable":true,"href":"https:\/\/innow.pl\/en\/wp-json\/wp\/v2\/product_tag?post=25182"}],"curies":[{"name":"wp","href":"https:\/\/api.w.org\/{rel}","templated":true}]}}