{"id":25083,"date":"2017-06-21T07:47:00","date_gmt":"2017-06-21T05:47:00","guid":{"rendered":"https:\/\/innow.pl\/produkt\/skar50500-panel-slizgowy-do-przemieszczania-dwukrotnie-lamany\/"},"modified":"2025-03-07T13:28:18","modified_gmt":"2025-03-07T12:28:18","slug":"skar50500-panel-slizgowy-do-przemieszczania-dwukrotnie-lamany","status":"publish","type":"product","link":"https:\/\/innow.pl\/en\/produkt\/skar50500-panel-slizgowy-do-przemieszczania-dwukrotnie-lamany\/","title":{"rendered":"SKAR50500 &#8211; Panel \u015blizgowy do przemieszczania, dwukrotnie \u0142amany"},"content":{"rendered":"<p>Panel \u015blizgowy z pokryt\u0105 antypo\u015blizgowymi ta\u015bmami powierzchni\u0105 doln\u0105 oraz g\u0142adk\u0105 g\u00f3rn\u0105. Przeznaczony jest do usprawniania przemieszczania osoby pomi\u0119dzy np. \u0142\u00f3\u017ckiem a w\u00f3zkiem inwalidzkim. Odci\u0105\u017ca personel, zmniejszaj\u0105c wysi\u0142ek jaki jest potrzebny do transportu pacjenta i przyspieszaj\u0105c sam\u0105 czynno\u015b\u0107.<\/p>\n","protected":false},"excerpt":{"rendered":"<p>Panel \u015blizgowy z pokryt\u0105 antypo\u015blizgowymi ta\u015bmami powierzchni\u0105 doln\u0105 oraz g\u0142adk\u0105 g\u00f3rn\u0105. Przeznaczony jest do usprawniania przemieszczania osoby pomi\u0119dzy np. \u0142\u00f3\u017ckiem a w\u00f3zkiem inwalidzkim. Odci\u0105\u017ca personel, zmniejszaj\u0105c wysi\u0142ek jaki jest potrzebny do transportu pacjenta i przyspieszaj\u0105c sam\u0105 czynno\u015b\u0107.<\/p>\n","protected":false},"featured_media":25085,"comment_status":"open","ping_status":"closed","template":"","meta":{"_acf_changed":false},"product_brand":[],"product_cat":[421,392],"product_tag":[],"class_list":{"0":"post-25083","1":"product","2":"type-product","3":"status-publish","4":"has-post-thumbnail","6":"product_cat-panele-slizgowe","7":"product_cat-latwoslizgi-przemieszczanie-pacjentow","8":"pa_dlugosc-75-cm","9":"pa_szerokosc-33-cm","10":"pa_wysokosc-05-cm","12":"first","13":"instock","14":"taxable","15":"shipping-taxable","16":"purchasable","17":"product-type-simple"},"acf":[],"yoast_head":"<!-- This site is optimized with the Yoast SEO plugin v27.4 - https:\/\/yoast.com\/product\/yoast-seo-wordpress\/ -->\n<title>SKAR50500 - Panel \u015blizgowy do przemieszczania, dwukrotnie \u0142amany - INNOW<\/title>\n<meta name=\"description\" content=\"Praktyczny i wytrzyma\u0142y panel \u015blizgowy do przemieszczania, dwukrotnie \u0142amany, z antypo\u015blizgowymi ta\u015bmami i g\u00f3rn\u0105 g\u0142adk\u0105 powierzchni\u0105. Zobacz!\" \/>\n<meta name=\"robots\" content=\"index, follow, max-snippet:-1, max-image-preview:large, max-video-preview:-1\" \/>\n<link rel=\"canonical\" href=\"https:\/\/innow.pl\/produkt\/skar50500-panel-slizgowy-do-przemieszczania-dwukrotnie-lamany\/\" \/>\n<meta property=\"og:locale\" content=\"en_US\" \/>\n<meta property=\"og:type\" content=\"article\" \/>\n<meta property=\"og:title\" content=\"SKAR50500 - Panel \u015blizgowy do przemieszczania, dwukrotnie \u0142amany - INNOW\" \/>\n<meta property=\"og:description\" content=\"Praktyczny i wytrzyma\u0142y panel \u015blizgowy do przemieszczania, dwukrotnie \u0142amany, z antypo\u015blizgowymi ta\u015bmami i g\u00f3rn\u0105 g\u0142adk\u0105 powierzchni\u0105. Zobacz!\" \/>\n<meta property=\"og:url\" content=\"https:\/\/innow.pl\/produkt\/skar50500-panel-slizgowy-do-przemieszczania-dwukrotnie-lamany\/\" \/>\n<meta property=\"og:site_name\" content=\"INNOW\" \/>\n<meta property=\"article:modified_time\" content=\"2025-03-07T12:28:18+00:00\" \/>\n<meta property=\"og:image\" content=\"https:\/\/innow.pl\/wp-content\/uploads\/2024\/11\/SKAR50500_new.jpg\" \/>\n\t<meta property=\"og:image:width\" content=\"800\" \/>\n\t<meta property=\"og:image:height\" content=\"800\" \/>\n\t<meta property=\"og:image:type\" content=\"image\/jpeg\" \/>\n<meta name=\"twitter:card\" content=\"summary_large_image\" \/>\n<meta name=\"twitter:label1\" content=\"Est. reading time\" \/>\n\t<meta name=\"twitter:data1\" content=\"1 minute\" \/>\n<script type=\"application\/ld+json\" class=\"yoast-schema-graph\">{\"@context\":\"https:\\\/\\\/schema.org\",\"@graph\":[{\"@type\":\"WebPage\",\"@id\":\"https:\\\/\\\/innow.pl\\\/produkt\\\/skar50500-panel-slizgowy-do-przemieszczania-dwukrotnie-lamany\\\/\",\"url\":\"https:\\\/\\\/innow.pl\\\/produkt\\\/skar50500-panel-slizgowy-do-przemieszczania-dwukrotnie-lamany\\\/\",\"name\":\"SKAR50500 - Panel \u015blizgowy do przemieszczania, dwukrotnie \u0142amany - INNOW\",\"isPartOf\":{\"@id\":\"https:\\\/\\\/innow.pl\\\/#website\"},\"primaryImageOfPage\":{\"@id\":\"https:\\\/\\\/innow.pl\\\/produkt\\\/skar50500-panel-slizgowy-do-przemieszczania-dwukrotnie-lamany\\\/#primaryimage\"},\"image\":{\"@id\":\"https:\\\/\\\/innow.pl\\\/produkt\\\/skar50500-panel-slizgowy-do-przemieszczania-dwukrotnie-lamany\\\/#primaryimage\"},\"thumbnailUrl\":\"https:\\\/\\\/innow.pl\\\/wp-content\\\/uploads\\\/2024\\\/11\\\/SKAR50500_new.jpg\",\"datePublished\":\"2017-06-21T05:47:00+00:00\",\"dateModified\":\"2025-03-07T12:28:18+00:00\",\"description\":\"Praktyczny i wytrzyma\u0142y panel \u015blizgowy do przemieszczania, dwukrotnie \u0142amany, z antypo\u015blizgowymi ta\u015bmami i g\u00f3rn\u0105 g\u0142adk\u0105 powierzchni\u0105. Zobacz!\",\"breadcrumb\":{\"@id\":\"https:\\\/\\\/innow.pl\\\/produkt\\\/skar50500-panel-slizgowy-do-przemieszczania-dwukrotnie-lamany\\\/#breadcrumb\"},\"inLanguage\":\"en-US\",\"potentialAction\":[{\"@type\":\"ReadAction\",\"target\":[\"https:\\\/\\\/innow.pl\\\/produkt\\\/skar50500-panel-slizgowy-do-przemieszczania-dwukrotnie-lamany\\\/\"]}]},{\"@type\":\"ImageObject\",\"inLanguage\":\"en-US\",\"@id\":\"https:\\\/\\\/innow.pl\\\/produkt\\\/skar50500-panel-slizgowy-do-przemieszczania-dwukrotnie-lamany\\\/#primaryimage\",\"url\":\"https:\\\/\\\/innow.pl\\\/wp-content\\\/uploads\\\/2024\\\/11\\\/SKAR50500_new.jpg\",\"contentUrl\":\"https:\\\/\\\/innow.pl\\\/wp-content\\\/uploads\\\/2024\\\/11\\\/SKAR50500_new.jpg\",\"width\":800,\"height\":800,\"caption\":\"SKAR50500 - Panel \u015blizgowy do przemieszczania, dwukrotnie \u0142amany\"},{\"@type\":\"BreadcrumbList\",\"@id\":\"https:\\\/\\\/innow.pl\\\/produkt\\\/skar50500-panel-slizgowy-do-przemieszczania-dwukrotnie-lamany\\\/#breadcrumb\",\"itemListElement\":[{\"@type\":\"ListItem\",\"position\":1,\"name\":\"INNOW\",\"item\":\"https:\\\/\\\/innow.pl\\\/en\\\/\"},{\"@type\":\"ListItem\",\"position\":2,\"name\":\"Produkty\",\"item\":\"https:\\\/\\\/innow.pl\\\/produkty\\\/\"},{\"@type\":\"ListItem\",\"position\":3,\"name\":\"\u0141atwo\u015blizgi - przemieszczanie pacjent\u00f3w\",\"item\":\"https:\\\/\\\/innow.pl\\\/produkty\\\/latwoslizgi-przemieszczanie-pacjentow\\\/\"},{\"@type\":\"ListItem\",\"position\":4,\"name\":\"Panele \u015blizgowe\",\"item\":\"https:\\\/\\\/innow.pl\\\/produkty\\\/latwoslizgi-przemieszczanie-pacjentow\\\/panele-slizgowe\\\/\"},{\"@type\":\"ListItem\",\"position\":5,\"name\":\"SKAR50500 &#8211; Panel \u015blizgowy do przemieszczania, dwukrotnie \u0142amany\"}]},{\"@type\":\"WebSite\",\"@id\":\"https:\\\/\\\/innow.pl\\\/#website\",\"url\":\"https:\\\/\\\/innow.pl\\\/\",\"name\":\"INNOW\",\"description\":\"\",\"potentialAction\":[{\"@type\":\"SearchAction\",\"target\":{\"@type\":\"EntryPoint\",\"urlTemplate\":\"https:\\\/\\\/innow.pl\\\/?s={search_term_string}\"},\"query-input\":{\"@type\":\"PropertyValueSpecification\",\"valueRequired\":true,\"valueName\":\"search_term_string\"}}],\"inLanguage\":\"en-US\"}]}<\/script>\n<!-- \/ Yoast SEO plugin. -->","yoast_head_json":{"title":"SKAR50500 - Panel \u015blizgowy do przemieszczania, dwukrotnie \u0142amany - INNOW","description":"Praktyczny i wytrzyma\u0142y panel \u015blizgowy do przemieszczania, dwukrotnie \u0142amany, z antypo\u015blizgowymi ta\u015bmami i g\u00f3rn\u0105 g\u0142adk\u0105 powierzchni\u0105. Zobacz!","robots":{"index":"index","follow":"follow","max-snippet":"max-snippet:-1","max-image-preview":"max-image-preview:large","max-video-preview":"max-video-preview:-1"},"canonical":"https:\/\/innow.pl\/produkt\/skar50500-panel-slizgowy-do-przemieszczania-dwukrotnie-lamany\/","og_locale":"en_US","og_type":"article","og_title":"SKAR50500 - Panel \u015blizgowy do przemieszczania, dwukrotnie \u0142amany - INNOW","og_description":"Praktyczny i wytrzyma\u0142y panel \u015blizgowy do przemieszczania, dwukrotnie \u0142amany, z antypo\u015blizgowymi ta\u015bmami i g\u00f3rn\u0105 g\u0142adk\u0105 powierzchni\u0105. Zobacz!","og_url":"https:\/\/innow.pl\/produkt\/skar50500-panel-slizgowy-do-przemieszczania-dwukrotnie-lamany\/","og_site_name":"INNOW","article_modified_time":"2025-03-07T12:28:18+00:00","og_image":[{"width":800,"height":800,"url":"https:\/\/innow.pl\/wp-content\/uploads\/2024\/11\/SKAR50500_new.jpg","type":"image\/jpeg"}],"twitter_card":"summary_large_image","twitter_misc":{"Est. reading time":"1 minute"},"schema":{"@context":"https:\/\/schema.org","@graph":[{"@type":"WebPage","@id":"https:\/\/innow.pl\/produkt\/skar50500-panel-slizgowy-do-przemieszczania-dwukrotnie-lamany\/","url":"https:\/\/innow.pl\/produkt\/skar50500-panel-slizgowy-do-przemieszczania-dwukrotnie-lamany\/","name":"SKAR50500 - Panel \u015blizgowy do przemieszczania, dwukrotnie \u0142amany - INNOW","isPartOf":{"@id":"https:\/\/innow.pl\/#website"},"primaryImageOfPage":{"@id":"https:\/\/innow.pl\/produkt\/skar50500-panel-slizgowy-do-przemieszczania-dwukrotnie-lamany\/#primaryimage"},"image":{"@id":"https:\/\/innow.pl\/produkt\/skar50500-panel-slizgowy-do-przemieszczania-dwukrotnie-lamany\/#primaryimage"},"thumbnailUrl":"https:\/\/innow.pl\/wp-content\/uploads\/2024\/11\/SKAR50500_new.jpg","datePublished":"2017-06-21T05:47:00+00:00","dateModified":"2025-03-07T12:28:18+00:00","description":"Praktyczny i wytrzyma\u0142y panel \u015blizgowy do przemieszczania, dwukrotnie \u0142amany, z antypo\u015blizgowymi ta\u015bmami i g\u00f3rn\u0105 g\u0142adk\u0105 powierzchni\u0105. Zobacz!","breadcrumb":{"@id":"https:\/\/innow.pl\/produkt\/skar50500-panel-slizgowy-do-przemieszczania-dwukrotnie-lamany\/#breadcrumb"},"inLanguage":"en-US","potentialAction":[{"@type":"ReadAction","target":["https:\/\/innow.pl\/produkt\/skar50500-panel-slizgowy-do-przemieszczania-dwukrotnie-lamany\/"]}]},{"@type":"ImageObject","inLanguage":"en-US","@id":"https:\/\/innow.pl\/produkt\/skar50500-panel-slizgowy-do-przemieszczania-dwukrotnie-lamany\/#primaryimage","url":"https:\/\/innow.pl\/wp-content\/uploads\/2024\/11\/SKAR50500_new.jpg","contentUrl":"https:\/\/innow.pl\/wp-content\/uploads\/2024\/11\/SKAR50500_new.jpg","width":800,"height":800,"caption":"SKAR50500 - Panel \u015blizgowy do przemieszczania, dwukrotnie \u0142amany"},{"@type":"BreadcrumbList","@id":"https:\/\/innow.pl\/produkt\/skar50500-panel-slizgowy-do-przemieszczania-dwukrotnie-lamany\/#breadcrumb","itemListElement":[{"@type":"ListItem","position":1,"name":"INNOW","item":"https:\/\/innow.pl\/en\/"},{"@type":"ListItem","position":2,"name":"Produkty","item":"https:\/\/innow.pl\/produkty\/"},{"@type":"ListItem","position":3,"name":"\u0141atwo\u015blizgi - przemieszczanie pacjent\u00f3w","item":"https:\/\/innow.pl\/produkty\/latwoslizgi-przemieszczanie-pacjentow\/"},{"@type":"ListItem","position":4,"name":"Panele \u015blizgowe","item":"https:\/\/innow.pl\/produkty\/latwoslizgi-przemieszczanie-pacjentow\/panele-slizgowe\/"},{"@type":"ListItem","position":5,"name":"SKAR50500 &#8211; Panel \u015blizgowy do przemieszczania, dwukrotnie \u0142amany"}]},{"@type":"WebSite","@id":"https:\/\/innow.pl\/#website","url":"https:\/\/innow.pl\/","name":"INNOW","description":"","potentialAction":[{"@type":"SearchAction","target":{"@type":"EntryPoint","urlTemplate":"https:\/\/innow.pl\/?s={search_term_string}"},"query-input":{"@type":"PropertyValueSpecification","valueRequired":true,"valueName":"search_term_string"}}],"inLanguage":"en-US"}]}},"_links":{"self":[{"href":"https:\/\/innow.pl\/en\/wp-json\/wp\/v2\/product\/25083","targetHints":{"allow":["GET"]}}],"collection":[{"href":"https:\/\/innow.pl\/en\/wp-json\/wp\/v2\/product"}],"about":[{"href":"https:\/\/innow.pl\/en\/wp-json\/wp\/v2\/types\/product"}],"replies":[{"embeddable":true,"href":"https:\/\/innow.pl\/en\/wp-json\/wp\/v2\/comments?post=25083"}],"wp:featuredmedia":[{"embeddable":true,"href":"https:\/\/innow.pl\/en\/wp-json\/wp\/v2\/media\/25085"}],"wp:attachment":[{"href":"https:\/\/innow.pl\/en\/wp-json\/wp\/v2\/media?parent=25083"}],"wp:term":[{"taxonomy":"product_brand","embeddable":true,"href":"https:\/\/innow.pl\/en\/wp-json\/wp\/v2\/product_brand?post=25083"},{"taxonomy":"product_cat","embeddable":true,"href":"https:\/\/innow.pl\/en\/wp-json\/wp\/v2\/product_cat?post=25083"},{"taxonomy":"product_tag","embeddable":true,"href":"https:\/\/innow.pl\/en\/wp-json\/wp\/v2\/product_tag?post=25083"}],"curies":[{"name":"wp","href":"https:\/\/api.w.org\/{rel}","templated":true}]}}