{"id":25071,"date":"2017-06-21T07:39:19","date_gmt":"2017-06-21T05:39:19","guid":{"rendered":"https:\/\/innow.pl\/produkt\/skar30120-pas-do-przenoszenia-male-nosze-20-x-60-cm\/"},"modified":"2025-03-07T13:29:47","modified_gmt":"2025-03-07T12:29:47","slug":"skar30120-pas-do-przenoszenia-male-nosze-20-x-60-cm","status":"publish","type":"product","link":"https:\/\/innow.pl\/en\/produkt\/skar30120-pas-do-przenoszenia-male-nosze-20-x-60-cm\/","title":{"rendered":"SKAR30120 &#8211; Pas do przenoszenia (ma\u0142e nosze) &#8211; welur, 20 X 60 cm"},"content":{"rendered":"<p>Pas do przenoszenia &#8211; ma\u0142e nosze &#8211; s\u0142u\u017c\u0105cy usprawnieniu przemieszczania pacjenta zmniejszaj\u0105c wysi\u0142ek opiekuna potrzebny do wykonania tej czynno\u015bci. Wewn\u0119trzna powierzchnia,\u00a0 dla zapewnienia wy\u017cszego komfortu chorego, wykonana jest z weluru. Pas mo\u017ce by\u0107 u\u017cywany zar\u00f3wno w plac\u00f3wkach s\u0142u\u017cby zdrowia, domach opieki, jak i domach prywatnych.<\/p>\n","protected":false},"excerpt":{"rendered":"<p>Pas do przenoszenia &#8211; ma\u0142e nosze &#8211; s\u0142u\u017c\u0105cy usprawnieniu przemieszczania pacjenta zmniejszaj\u0105c wysi\u0142ek opiekuna potrzebny do wykonania tej czynno\u015bci. Wewn\u0119trzna powierzchnia,\u00a0 dla zapewnienia wy\u017cszego komfortu chorego, wykonana jest z weluru. Pas mo\u017ce by\u0107 u\u017cywany zar\u00f3wno w plac\u00f3wkach s\u0142u\u017cby zdrowia, domach opieki, jak i domach prywatnych.<\/p>\n","protected":false},"featured_media":25073,"comment_status":"open","ping_status":"closed","template":"","meta":{"_acf_changed":false},"product_brand":[],"product_cat":[425,392],"product_tag":[],"class_list":{"0":"post-25071","1":"product","2":"type-product","3":"status-publish","4":"has-post-thumbnail","6":"product_cat-pasy-do-przenoszenia","7":"product_cat-latwoslizgi-przemieszczanie-pacjentow","8":"pa_dlugosc-60-cm","9":"pa_szerokosc-20-cm","11":"first","12":"instock","13":"taxable","14":"shipping-taxable","15":"purchasable","16":"product-type-simple"},"acf":[],"yoast_head":"<!-- This site is optimized with the Yoast SEO plugin v27.4 - https:\/\/yoast.com\/product\/yoast-seo-wordpress\/ -->\n<title>SKAR30120 - Pas do przenoszenia (ma\u0142e nosze) - welur, 20 X 60 cm - INNOW<\/title>\n<meta name=\"description\" content=\"Praktyczny i wytrzyma\u0142y pas do przenoszenia (ma\u0142e nosze) - welur, 20 X 60 cm wykonany z materia\u0142u zapewniaj\u0105cego komfort u\u017cytkowania. Sprawd\u017a!\" \/>\n<meta name=\"robots\" content=\"index, follow, max-snippet:-1, max-image-preview:large, max-video-preview:-1\" \/>\n<link rel=\"canonical\" href=\"https:\/\/innow.pl\/produkt\/skar30120-pas-do-przenoszenia-male-nosze-20-x-60-cm\/\" \/>\n<meta property=\"og:locale\" content=\"en_US\" \/>\n<meta property=\"og:type\" content=\"article\" \/>\n<meta property=\"og:title\" content=\"SKAR30120 - Pas do przenoszenia (ma\u0142e nosze) - welur, 20 X 60 cm - INNOW\" \/>\n<meta property=\"og:description\" content=\"Praktyczny i wytrzyma\u0142y pas do przenoszenia (ma\u0142e nosze) - welur, 20 X 60 cm wykonany z materia\u0142u zapewniaj\u0105cego komfort u\u017cytkowania. Sprawd\u017a!\" \/>\n<meta property=\"og:url\" content=\"https:\/\/innow.pl\/produkt\/skar30120-pas-do-przenoszenia-male-nosze-20-x-60-cm\/\" \/>\n<meta property=\"og:site_name\" content=\"INNOW\" \/>\n<meta property=\"article:modified_time\" content=\"2025-03-07T12:29:47+00:00\" \/>\n<meta property=\"og:image\" content=\"https:\/\/innow.pl\/wp-content\/uploads\/2024\/11\/SKAR30120_new.jpg\" \/>\n\t<meta property=\"og:image:width\" content=\"380\" \/>\n\t<meta property=\"og:image:height\" content=\"380\" \/>\n\t<meta property=\"og:image:type\" content=\"image\/jpeg\" \/>\n<meta name=\"twitter:card\" content=\"summary_large_image\" \/>\n<meta name=\"twitter:label1\" content=\"Est. reading time\" \/>\n\t<meta name=\"twitter:data1\" content=\"1 minute\" \/>\n<script type=\"application\/ld+json\" class=\"yoast-schema-graph\">{\"@context\":\"https:\\\/\\\/schema.org\",\"@graph\":[{\"@type\":\"WebPage\",\"@id\":\"https:\\\/\\\/innow.pl\\\/produkt\\\/skar30120-pas-do-przenoszenia-male-nosze-20-x-60-cm\\\/\",\"url\":\"https:\\\/\\\/innow.pl\\\/produkt\\\/skar30120-pas-do-przenoszenia-male-nosze-20-x-60-cm\\\/\",\"name\":\"SKAR30120 - Pas do przenoszenia (ma\u0142e nosze) - welur, 20 X 60 cm - INNOW\",\"isPartOf\":{\"@id\":\"https:\\\/\\\/innow.pl\\\/#website\"},\"primaryImageOfPage\":{\"@id\":\"https:\\\/\\\/innow.pl\\\/produkt\\\/skar30120-pas-do-przenoszenia-male-nosze-20-x-60-cm\\\/#primaryimage\"},\"image\":{\"@id\":\"https:\\\/\\\/innow.pl\\\/produkt\\\/skar30120-pas-do-przenoszenia-male-nosze-20-x-60-cm\\\/#primaryimage\"},\"thumbnailUrl\":\"https:\\\/\\\/innow.pl\\\/wp-content\\\/uploads\\\/2024\\\/11\\\/SKAR30120_new.jpg\",\"datePublished\":\"2017-06-21T05:39:19+00:00\",\"dateModified\":\"2025-03-07T12:29:47+00:00\",\"description\":\"Praktyczny i wytrzyma\u0142y pas do przenoszenia (ma\u0142e nosze) - welur, 20 X 60 cm wykonany z materia\u0142u zapewniaj\u0105cego komfort u\u017cytkowania. Sprawd\u017a!\",\"breadcrumb\":{\"@id\":\"https:\\\/\\\/innow.pl\\\/produkt\\\/skar30120-pas-do-przenoszenia-male-nosze-20-x-60-cm\\\/#breadcrumb\"},\"inLanguage\":\"en-US\",\"potentialAction\":[{\"@type\":\"ReadAction\",\"target\":[\"https:\\\/\\\/innow.pl\\\/produkt\\\/skar30120-pas-do-przenoszenia-male-nosze-20-x-60-cm\\\/\"]}]},{\"@type\":\"ImageObject\",\"inLanguage\":\"en-US\",\"@id\":\"https:\\\/\\\/innow.pl\\\/produkt\\\/skar30120-pas-do-przenoszenia-male-nosze-20-x-60-cm\\\/#primaryimage\",\"url\":\"https:\\\/\\\/innow.pl\\\/wp-content\\\/uploads\\\/2024\\\/11\\\/SKAR30120_new.jpg\",\"contentUrl\":\"https:\\\/\\\/innow.pl\\\/wp-content\\\/uploads\\\/2024\\\/11\\\/SKAR30120_new.jpg\",\"width\":380,\"height\":380},{\"@type\":\"BreadcrumbList\",\"@id\":\"https:\\\/\\\/innow.pl\\\/produkt\\\/skar30120-pas-do-przenoszenia-male-nosze-20-x-60-cm\\\/#breadcrumb\",\"itemListElement\":[{\"@type\":\"ListItem\",\"position\":1,\"name\":\"INNOW\",\"item\":\"https:\\\/\\\/innow.pl\\\/en\\\/\"},{\"@type\":\"ListItem\",\"position\":2,\"name\":\"Produkty\",\"item\":\"https:\\\/\\\/innow.pl\\\/produkty\\\/\"},{\"@type\":\"ListItem\",\"position\":3,\"name\":\"Glide aids \u2013 patient transfer\",\"item\":\"https:\\\/\\\/innow.pl\\\/en\\\/produkty\\\/glide-aids-patient-transfer\\\/\"},{\"@type\":\"ListItem\",\"position\":4,\"name\":\"Transfer belts\",\"item\":\"https:\\\/\\\/innow.pl\\\/en\\\/produkty\\\/glide-aids-patient-transfer\\\/transfer-belts\\\/\"},{\"@type\":\"ListItem\",\"position\":5,\"name\":\"SKAR30120 &#8211; Pas do przenoszenia (ma\u0142e nosze) &#8211; welur, 20 X 60 cm\"}]},{\"@type\":\"WebSite\",\"@id\":\"https:\\\/\\\/innow.pl\\\/#website\",\"url\":\"https:\\\/\\\/innow.pl\\\/\",\"name\":\"INNOW\",\"description\":\"\",\"potentialAction\":[{\"@type\":\"SearchAction\",\"target\":{\"@type\":\"EntryPoint\",\"urlTemplate\":\"https:\\\/\\\/innow.pl\\\/?s={search_term_string}\"},\"query-input\":{\"@type\":\"PropertyValueSpecification\",\"valueRequired\":true,\"valueName\":\"search_term_string\"}}],\"inLanguage\":\"en-US\"}]}<\/script>\n<!-- \/ Yoast SEO plugin. -->","yoast_head_json":{"title":"SKAR30120 - Pas do przenoszenia (ma\u0142e nosze) - welur, 20 X 60 cm - INNOW","description":"Praktyczny i wytrzyma\u0142y pas do przenoszenia (ma\u0142e nosze) - welur, 20 X 60 cm wykonany z materia\u0142u zapewniaj\u0105cego komfort u\u017cytkowania. Sprawd\u017a!","robots":{"index":"index","follow":"follow","max-snippet":"max-snippet:-1","max-image-preview":"max-image-preview:large","max-video-preview":"max-video-preview:-1"},"canonical":"https:\/\/innow.pl\/produkt\/skar30120-pas-do-przenoszenia-male-nosze-20-x-60-cm\/","og_locale":"en_US","og_type":"article","og_title":"SKAR30120 - Pas do przenoszenia (ma\u0142e nosze) - welur, 20 X 60 cm - INNOW","og_description":"Praktyczny i wytrzyma\u0142y pas do przenoszenia (ma\u0142e nosze) - welur, 20 X 60 cm wykonany z materia\u0142u zapewniaj\u0105cego komfort u\u017cytkowania. Sprawd\u017a!","og_url":"https:\/\/innow.pl\/produkt\/skar30120-pas-do-przenoszenia-male-nosze-20-x-60-cm\/","og_site_name":"INNOW","article_modified_time":"2025-03-07T12:29:47+00:00","og_image":[{"width":380,"height":380,"url":"https:\/\/innow.pl\/wp-content\/uploads\/2024\/11\/SKAR30120_new.jpg","type":"image\/jpeg"}],"twitter_card":"summary_large_image","twitter_misc":{"Est. reading time":"1 minute"},"schema":{"@context":"https:\/\/schema.org","@graph":[{"@type":"WebPage","@id":"https:\/\/innow.pl\/produkt\/skar30120-pas-do-przenoszenia-male-nosze-20-x-60-cm\/","url":"https:\/\/innow.pl\/produkt\/skar30120-pas-do-przenoszenia-male-nosze-20-x-60-cm\/","name":"SKAR30120 - Pas do przenoszenia (ma\u0142e nosze) - welur, 20 X 60 cm - INNOW","isPartOf":{"@id":"https:\/\/innow.pl\/#website"},"primaryImageOfPage":{"@id":"https:\/\/innow.pl\/produkt\/skar30120-pas-do-przenoszenia-male-nosze-20-x-60-cm\/#primaryimage"},"image":{"@id":"https:\/\/innow.pl\/produkt\/skar30120-pas-do-przenoszenia-male-nosze-20-x-60-cm\/#primaryimage"},"thumbnailUrl":"https:\/\/innow.pl\/wp-content\/uploads\/2024\/11\/SKAR30120_new.jpg","datePublished":"2017-06-21T05:39:19+00:00","dateModified":"2025-03-07T12:29:47+00:00","description":"Praktyczny i wytrzyma\u0142y pas do przenoszenia (ma\u0142e nosze) - welur, 20 X 60 cm wykonany z materia\u0142u zapewniaj\u0105cego komfort u\u017cytkowania. Sprawd\u017a!","breadcrumb":{"@id":"https:\/\/innow.pl\/produkt\/skar30120-pas-do-przenoszenia-male-nosze-20-x-60-cm\/#breadcrumb"},"inLanguage":"en-US","potentialAction":[{"@type":"ReadAction","target":["https:\/\/innow.pl\/produkt\/skar30120-pas-do-przenoszenia-male-nosze-20-x-60-cm\/"]}]},{"@type":"ImageObject","inLanguage":"en-US","@id":"https:\/\/innow.pl\/produkt\/skar30120-pas-do-przenoszenia-male-nosze-20-x-60-cm\/#primaryimage","url":"https:\/\/innow.pl\/wp-content\/uploads\/2024\/11\/SKAR30120_new.jpg","contentUrl":"https:\/\/innow.pl\/wp-content\/uploads\/2024\/11\/SKAR30120_new.jpg","width":380,"height":380},{"@type":"BreadcrumbList","@id":"https:\/\/innow.pl\/produkt\/skar30120-pas-do-przenoszenia-male-nosze-20-x-60-cm\/#breadcrumb","itemListElement":[{"@type":"ListItem","position":1,"name":"INNOW","item":"https:\/\/innow.pl\/en\/"},{"@type":"ListItem","position":2,"name":"Produkty","item":"https:\/\/innow.pl\/produkty\/"},{"@type":"ListItem","position":3,"name":"Glide aids \u2013 patient transfer","item":"https:\/\/innow.pl\/en\/produkty\/glide-aids-patient-transfer\/"},{"@type":"ListItem","position":4,"name":"Transfer belts","item":"https:\/\/innow.pl\/en\/produkty\/glide-aids-patient-transfer\/transfer-belts\/"},{"@type":"ListItem","position":5,"name":"SKAR30120 &#8211; Pas do przenoszenia (ma\u0142e nosze) &#8211; welur, 20 X 60 cm"}]},{"@type":"WebSite","@id":"https:\/\/innow.pl\/#website","url":"https:\/\/innow.pl\/","name":"INNOW","description":"","potentialAction":[{"@type":"SearchAction","target":{"@type":"EntryPoint","urlTemplate":"https:\/\/innow.pl\/?s={search_term_string}"},"query-input":{"@type":"PropertyValueSpecification","valueRequired":true,"valueName":"search_term_string"}}],"inLanguage":"en-US"}]}},"_links":{"self":[{"href":"https:\/\/innow.pl\/en\/wp-json\/wp\/v2\/product\/25071","targetHints":{"allow":["GET"]}}],"collection":[{"href":"https:\/\/innow.pl\/en\/wp-json\/wp\/v2\/product"}],"about":[{"href":"https:\/\/innow.pl\/en\/wp-json\/wp\/v2\/types\/product"}],"replies":[{"embeddable":true,"href":"https:\/\/innow.pl\/en\/wp-json\/wp\/v2\/comments?post=25071"}],"wp:featuredmedia":[{"embeddable":true,"href":"https:\/\/innow.pl\/en\/wp-json\/wp\/v2\/media\/25073"}],"wp:attachment":[{"href":"https:\/\/innow.pl\/en\/wp-json\/wp\/v2\/media?parent=25071"}],"wp:term":[{"taxonomy":"product_brand","embeddable":true,"href":"https:\/\/innow.pl\/en\/wp-json\/wp\/v2\/product_brand?post=25071"},{"taxonomy":"product_cat","embeddable":true,"href":"https:\/\/innow.pl\/en\/wp-json\/wp\/v2\/product_cat?post=25071"},{"taxonomy":"product_tag","embeddable":true,"href":"https:\/\/innow.pl\/en\/wp-json\/wp\/v2\/product_tag?post=25071"}],"curies":[{"name":"wp","href":"https:\/\/api.w.org\/{rel}","templated":true}]}}