{"id":25059,"date":"2017-06-21T07:34:05","date_gmt":"2017-06-21T05:34:05","guid":{"rendered":"https:\/\/innow.pl\/produkt\/skar40120-fleksinosze-112-x-53-cm\/"},"modified":"2025-03-07T13:31:01","modified_gmt":"2025-03-07T12:31:01","slug":"skar40120-fleksinosze-112-x-53-cm","status":"publish","type":"product","link":"https:\/\/innow.pl\/en\/produkt\/skar40120-fleksinosze-112-x-53-cm\/","title":{"rendered":"SKAR40120 &#8211; Fleksinosze 112 x 53 cm"},"content":{"rendered":"<p>Fleksinosze ze \u015bliskiego nylonu wspomagaj\u0105 prac\u0119 opiekun\u00f3w poprzez usprawnianie czynno\u015bci obracania, przemieszczania w g\u00f3r\u0119 i w d\u00f3\u0142 \u0142\u00f3\u017cka, czy podnoszenia pacjenta z pod\u0142ogi. Wyr\u00f3b wyposa\u017cony jest w 4 symetrycznie roz\u0142o\u017cone uchwyty oraz wk\u0142ad sk\u0142adaj\u0105cy si\u0119 z 2 warstw. Sztywno\u015b\u0107 noszom nadaje plastikowa wk\u0142adka, natomiast wk\u0142adka piankowa w trakcie przemieszczania r\u00f3wnomiernie podpiera cia\u0142o pacjenta, zapewniaj\u0105c komfort u\u017cytkowania.<\/p>\n","protected":false},"excerpt":{"rendered":"<p>Fleksinosze ze \u015bliskiego nylonu wspomagaj\u0105 prac\u0119 opiekun\u00f3w poprzez usprawnianie czynno\u015bci obracania, przemieszczania w g\u00f3r\u0119 i w d\u00f3\u0142 \u0142\u00f3\u017cka, czy podnoszenia pacjenta z pod\u0142ogi. Wyr\u00f3b wyposa\u017cony jest w 4 symetrycznie roz\u0142o\u017cone uchwyty oraz wk\u0142ad sk\u0142adaj\u0105cy si\u0119 z 2 warstw. Sztywno\u015b\u0107 noszom nadaje plastikowa wk\u0142adka, natomiast wk\u0142adka piankowa w trakcie przemieszczania r\u00f3wnomiernie podpiera cia\u0142o pacjenta, zapewniaj\u0105c komfort [&hellip;]<\/p>\n","protected":false},"featured_media":25061,"comment_status":"open","ping_status":"closed","template":"","meta":{"_acf_changed":false},"product_brand":[],"product_cat":[426,392],"product_tag":[],"class_list":{"0":"post-25059","1":"product","2":"type-product","3":"status-publish","4":"has-post-thumbnail","6":"product_cat-przescieradlo-nosze","7":"product_cat-latwoslizgi-przemieszczanie-pacjentow","8":"pa_dlugosc-112-cm","9":"pa_szerokosc-53-cm","11":"first","12":"instock","13":"taxable","14":"shipping-taxable","15":"purchasable","16":"product-type-simple"},"acf":[],"yoast_head":"<!-- This site is optimized with the Yoast SEO plugin v27.4 - https:\/\/yoast.com\/product\/yoast-seo-wordpress\/ -->\n<title>SKAR40120 - Fleksinosze 112 x 53 cm - INNOW<\/title>\n<meta name=\"description\" content=\"Praktyczne i trwa\u0142e fleksinosze 112 x 53 cm zapewniaj\u0105ce sztywno\u015b\u0107, a zarazem komfort u\u017cytkowania podczas przemieszczania pacjenta. Zobacz!\" \/>\n<meta name=\"robots\" content=\"index, follow, max-snippet:-1, max-image-preview:large, max-video-preview:-1\" \/>\n<link rel=\"canonical\" href=\"https:\/\/innow.pl\/produkt\/skar40120-fleksinosze-112-x-53-cm\/\" \/>\n<meta property=\"og:locale\" content=\"en_US\" \/>\n<meta property=\"og:type\" content=\"article\" \/>\n<meta property=\"og:title\" content=\"SKAR40120 - Fleksinosze 112 x 53 cm - INNOW\" \/>\n<meta property=\"og:description\" content=\"Praktyczne i trwa\u0142e fleksinosze 112 x 53 cm zapewniaj\u0105ce sztywno\u015b\u0107, a zarazem komfort u\u017cytkowania podczas przemieszczania pacjenta. Zobacz!\" \/>\n<meta property=\"og:url\" content=\"https:\/\/innow.pl\/produkt\/skar40120-fleksinosze-112-x-53-cm\/\" \/>\n<meta property=\"og:site_name\" content=\"INNOW\" \/>\n<meta property=\"article:modified_time\" content=\"2025-03-07T12:31:01+00:00\" \/>\n<meta property=\"og:image\" content=\"https:\/\/innow.pl\/wp-content\/uploads\/2024\/11\/SKAR40120_new_1.jpg\" \/>\n\t<meta property=\"og:image:width\" content=\"800\" \/>\n\t<meta property=\"og:image:height\" content=\"800\" \/>\n\t<meta property=\"og:image:type\" content=\"image\/jpeg\" \/>\n<meta name=\"twitter:card\" content=\"summary_large_image\" \/>\n<meta name=\"twitter:label1\" content=\"Est. reading time\" \/>\n\t<meta name=\"twitter:data1\" content=\"1 minute\" \/>\n<script type=\"application\/ld+json\" class=\"yoast-schema-graph\">{\"@context\":\"https:\\\/\\\/schema.org\",\"@graph\":[{\"@type\":\"WebPage\",\"@id\":\"https:\\\/\\\/innow.pl\\\/produkt\\\/skar40120-fleksinosze-112-x-53-cm\\\/\",\"url\":\"https:\\\/\\\/innow.pl\\\/produkt\\\/skar40120-fleksinosze-112-x-53-cm\\\/\",\"name\":\"SKAR40120 - Fleksinosze 112 x 53 cm - INNOW\",\"isPartOf\":{\"@id\":\"https:\\\/\\\/innow.pl\\\/#website\"},\"primaryImageOfPage\":{\"@id\":\"https:\\\/\\\/innow.pl\\\/produkt\\\/skar40120-fleksinosze-112-x-53-cm\\\/#primaryimage\"},\"image\":{\"@id\":\"https:\\\/\\\/innow.pl\\\/produkt\\\/skar40120-fleksinosze-112-x-53-cm\\\/#primaryimage\"},\"thumbnailUrl\":\"https:\\\/\\\/innow.pl\\\/wp-content\\\/uploads\\\/2024\\\/11\\\/SKAR40120_new_1.jpg\",\"datePublished\":\"2017-06-21T05:34:05+00:00\",\"dateModified\":\"2025-03-07T12:31:01+00:00\",\"description\":\"Praktyczne i trwa\u0142e fleksinosze 112 x 53 cm zapewniaj\u0105ce sztywno\u015b\u0107, a zarazem komfort u\u017cytkowania podczas przemieszczania pacjenta. Zobacz!\",\"breadcrumb\":{\"@id\":\"https:\\\/\\\/innow.pl\\\/produkt\\\/skar40120-fleksinosze-112-x-53-cm\\\/#breadcrumb\"},\"inLanguage\":\"en-US\",\"potentialAction\":[{\"@type\":\"ReadAction\",\"target\":[\"https:\\\/\\\/innow.pl\\\/produkt\\\/skar40120-fleksinosze-112-x-53-cm\\\/\"]}]},{\"@type\":\"ImageObject\",\"inLanguage\":\"en-US\",\"@id\":\"https:\\\/\\\/innow.pl\\\/produkt\\\/skar40120-fleksinosze-112-x-53-cm\\\/#primaryimage\",\"url\":\"https:\\\/\\\/innow.pl\\\/wp-content\\\/uploads\\\/2024\\\/11\\\/SKAR40120_new_1.jpg\",\"contentUrl\":\"https:\\\/\\\/innow.pl\\\/wp-content\\\/uploads\\\/2024\\\/11\\\/SKAR40120_new_1.jpg\",\"width\":800,\"height\":800,\"caption\":\"SKAR40120 - Fleksinosze 112 x 53 cm\"},{\"@type\":\"BreadcrumbList\",\"@id\":\"https:\\\/\\\/innow.pl\\\/produkt\\\/skar40120-fleksinosze-112-x-53-cm\\\/#breadcrumb\",\"itemListElement\":[{\"@type\":\"ListItem\",\"position\":1,\"name\":\"INNOW\",\"item\":\"https:\\\/\\\/innow.pl\\\/en\\\/\"},{\"@type\":\"ListItem\",\"position\":2,\"name\":\"Produkty\",\"item\":\"https:\\\/\\\/innow.pl\\\/produkty\\\/\"},{\"@type\":\"ListItem\",\"position\":3,\"name\":\"\u0141atwo\u015blizgi - przemieszczanie pacjent\u00f3w\",\"item\":\"https:\\\/\\\/innow.pl\\\/produkty\\\/latwoslizgi-przemieszczanie-pacjentow\\\/\"},{\"@type\":\"ListItem\",\"position\":4,\"name\":\"Prze\u015bcierad\u0142o - nosze\",\"item\":\"https:\\\/\\\/innow.pl\\\/produkty\\\/latwoslizgi-przemieszczanie-pacjentow\\\/przescieradlo-nosze\\\/\"},{\"@type\":\"ListItem\",\"position\":5,\"name\":\"SKAR40120 &#8211; Fleksinosze 112 x 53 cm\"}]},{\"@type\":\"WebSite\",\"@id\":\"https:\\\/\\\/innow.pl\\\/#website\",\"url\":\"https:\\\/\\\/innow.pl\\\/\",\"name\":\"INNOW\",\"description\":\"\",\"potentialAction\":[{\"@type\":\"SearchAction\",\"target\":{\"@type\":\"EntryPoint\",\"urlTemplate\":\"https:\\\/\\\/innow.pl\\\/?s={search_term_string}\"},\"query-input\":{\"@type\":\"PropertyValueSpecification\",\"valueRequired\":true,\"valueName\":\"search_term_string\"}}],\"inLanguage\":\"en-US\"}]}<\/script>\n<!-- \/ Yoast SEO plugin. -->","yoast_head_json":{"title":"SKAR40120 - Fleksinosze 112 x 53 cm - INNOW","description":"Praktyczne i trwa\u0142e fleksinosze 112 x 53 cm zapewniaj\u0105ce sztywno\u015b\u0107, a zarazem komfort u\u017cytkowania podczas przemieszczania pacjenta. Zobacz!","robots":{"index":"index","follow":"follow","max-snippet":"max-snippet:-1","max-image-preview":"max-image-preview:large","max-video-preview":"max-video-preview:-1"},"canonical":"https:\/\/innow.pl\/produkt\/skar40120-fleksinosze-112-x-53-cm\/","og_locale":"en_US","og_type":"article","og_title":"SKAR40120 - Fleksinosze 112 x 53 cm - INNOW","og_description":"Praktyczne i trwa\u0142e fleksinosze 112 x 53 cm zapewniaj\u0105ce sztywno\u015b\u0107, a zarazem komfort u\u017cytkowania podczas przemieszczania pacjenta. Zobacz!","og_url":"https:\/\/innow.pl\/produkt\/skar40120-fleksinosze-112-x-53-cm\/","og_site_name":"INNOW","article_modified_time":"2025-03-07T12:31:01+00:00","og_image":[{"width":800,"height":800,"url":"https:\/\/innow.pl\/wp-content\/uploads\/2024\/11\/SKAR40120_new_1.jpg","type":"image\/jpeg"}],"twitter_card":"summary_large_image","twitter_misc":{"Est. reading time":"1 minute"},"schema":{"@context":"https:\/\/schema.org","@graph":[{"@type":"WebPage","@id":"https:\/\/innow.pl\/produkt\/skar40120-fleksinosze-112-x-53-cm\/","url":"https:\/\/innow.pl\/produkt\/skar40120-fleksinosze-112-x-53-cm\/","name":"SKAR40120 - Fleksinosze 112 x 53 cm - INNOW","isPartOf":{"@id":"https:\/\/innow.pl\/#website"},"primaryImageOfPage":{"@id":"https:\/\/innow.pl\/produkt\/skar40120-fleksinosze-112-x-53-cm\/#primaryimage"},"image":{"@id":"https:\/\/innow.pl\/produkt\/skar40120-fleksinosze-112-x-53-cm\/#primaryimage"},"thumbnailUrl":"https:\/\/innow.pl\/wp-content\/uploads\/2024\/11\/SKAR40120_new_1.jpg","datePublished":"2017-06-21T05:34:05+00:00","dateModified":"2025-03-07T12:31:01+00:00","description":"Praktyczne i trwa\u0142e fleksinosze 112 x 53 cm zapewniaj\u0105ce sztywno\u015b\u0107, a zarazem komfort u\u017cytkowania podczas przemieszczania pacjenta. Zobacz!","breadcrumb":{"@id":"https:\/\/innow.pl\/produkt\/skar40120-fleksinosze-112-x-53-cm\/#breadcrumb"},"inLanguage":"en-US","potentialAction":[{"@type":"ReadAction","target":["https:\/\/innow.pl\/produkt\/skar40120-fleksinosze-112-x-53-cm\/"]}]},{"@type":"ImageObject","inLanguage":"en-US","@id":"https:\/\/innow.pl\/produkt\/skar40120-fleksinosze-112-x-53-cm\/#primaryimage","url":"https:\/\/innow.pl\/wp-content\/uploads\/2024\/11\/SKAR40120_new_1.jpg","contentUrl":"https:\/\/innow.pl\/wp-content\/uploads\/2024\/11\/SKAR40120_new_1.jpg","width":800,"height":800,"caption":"SKAR40120 - Fleksinosze 112 x 53 cm"},{"@type":"BreadcrumbList","@id":"https:\/\/innow.pl\/produkt\/skar40120-fleksinosze-112-x-53-cm\/#breadcrumb","itemListElement":[{"@type":"ListItem","position":1,"name":"INNOW","item":"https:\/\/innow.pl\/en\/"},{"@type":"ListItem","position":2,"name":"Produkty","item":"https:\/\/innow.pl\/produkty\/"},{"@type":"ListItem","position":3,"name":"\u0141atwo\u015blizgi - przemieszczanie pacjent\u00f3w","item":"https:\/\/innow.pl\/produkty\/latwoslizgi-przemieszczanie-pacjentow\/"},{"@type":"ListItem","position":4,"name":"Prze\u015bcierad\u0142o - nosze","item":"https:\/\/innow.pl\/produkty\/latwoslizgi-przemieszczanie-pacjentow\/przescieradlo-nosze\/"},{"@type":"ListItem","position":5,"name":"SKAR40120 &#8211; Fleksinosze 112 x 53 cm"}]},{"@type":"WebSite","@id":"https:\/\/innow.pl\/#website","url":"https:\/\/innow.pl\/","name":"INNOW","description":"","potentialAction":[{"@type":"SearchAction","target":{"@type":"EntryPoint","urlTemplate":"https:\/\/innow.pl\/?s={search_term_string}"},"query-input":{"@type":"PropertyValueSpecification","valueRequired":true,"valueName":"search_term_string"}}],"inLanguage":"en-US"}]}},"_links":{"self":[{"href":"https:\/\/innow.pl\/en\/wp-json\/wp\/v2\/product\/25059","targetHints":{"allow":["GET"]}}],"collection":[{"href":"https:\/\/innow.pl\/en\/wp-json\/wp\/v2\/product"}],"about":[{"href":"https:\/\/innow.pl\/en\/wp-json\/wp\/v2\/types\/product"}],"replies":[{"embeddable":true,"href":"https:\/\/innow.pl\/en\/wp-json\/wp\/v2\/comments?post=25059"}],"wp:featuredmedia":[{"embeddable":true,"href":"https:\/\/innow.pl\/en\/wp-json\/wp\/v2\/media\/25061"}],"wp:attachment":[{"href":"https:\/\/innow.pl\/en\/wp-json\/wp\/v2\/media?parent=25059"}],"wp:term":[{"taxonomy":"product_brand","embeddable":true,"href":"https:\/\/innow.pl\/en\/wp-json\/wp\/v2\/product_brand?post=25059"},{"taxonomy":"product_cat","embeddable":true,"href":"https:\/\/innow.pl\/en\/wp-json\/wp\/v2\/product_cat?post=25059"},{"taxonomy":"product_tag","embeddable":true,"href":"https:\/\/innow.pl\/en\/wp-json\/wp\/v2\/product_tag?post=25059"}],"curies":[{"name":"wp","href":"https:\/\/api.w.org\/{rel}","templated":true}]}}