{"id":25055,"date":"2017-06-21T07:31:34","date_gmt":"2017-06-21T05:31:34","guid":{"rendered":"https:\/\/innow.pl\/produkt\/skar60240-pas-do-przenoszenia-z-uchwytami-70-120-cm\/"},"modified":"2025-03-07T13:33:19","modified_gmt":"2025-03-07T12:33:19","slug":"skar60240-pas-do-przenoszenia-z-uchwytami-70-120-cm","status":"publish","type":"product","link":"https:\/\/innow.pl\/en\/produkt\/skar60240-pas-do-przenoszenia-z-uchwytami-70-120-cm\/","title":{"rendered":"SKAR60240 &#8211; Pas do przenoszenia z uchwytami 70-120 cm"},"content":{"rendered":"<p>Pas do przenoszenia z uchwytami s\u0142u\u017c\u0105cy wspieraniu opiekuna przy asystowaniu pacjentowi. Uchwyty oraz wytrzyma\u0142e zapi\u0119cie zapewniaj\u0105 bezpiecze\u0144stwo u\u017cytkowania. Wewn\u0119trzna strona wyrobu zosta\u0142a wykonana z antypo\u015blizgowego materia\u0142u wype\u0142nionego mi\u0119kkim materia\u0142em, co zwi\u0119ksza komfort.<\/p>\n<p align=\"left\">Rozmiar pasa pacjenta: 70- 120 cm.<\/p>\n","protected":false},"excerpt":{"rendered":"<p>Pas do przenoszenia z uchwytami s\u0142u\u017c\u0105cy wspieraniu opiekuna przy asystowaniu pacjentowi. Uchwyty oraz wytrzyma\u0142e zapi\u0119cie zapewniaj\u0105 bezpiecze\u0144stwo u\u017cytkowania. Wewn\u0119trzna strona wyrobu zosta\u0142a wykonana z antypo\u015blizgowego materia\u0142u wype\u0142nionego mi\u0119kkim materia\u0142em, co zwi\u0119ksza komfort. Rozmiar pasa pacjenta: 70- 120 cm.<\/p>\n","protected":false},"featured_media":25057,"comment_status":"open","ping_status":"closed","template":"","meta":{"_acf_changed":false},"product_brand":[],"product_cat":[425,392],"product_tag":[],"class_list":{"0":"post-25055","1":"product","2":"type-product","3":"status-publish","4":"has-post-thumbnail","6":"product_cat-pasy-do-przenoszenia","7":"product_cat-latwoslizgi-przemieszczanie-pacjentow","9":"first","10":"instock","11":"taxable","12":"shipping-taxable","13":"purchasable","14":"product-type-simple"},"acf":[],"yoast_head":"<!-- This site is optimized with the Yoast SEO plugin v27.4 - https:\/\/yoast.com\/product\/yoast-seo-wordpress\/ -->\n<title>SKAR60240 - Pas do przenoszenia z uchwytami 70-120 cm - INNOW<\/title>\n<meta name=\"description\" content=\"Wytrzyma\u0142y pas do przenoszenia z uchwytami 70-120 cm, bezpiecznym zapi\u0119ciem i mi\u0119kkim wype\u0142nieniem dla wi\u0119kszej wygody. Poznaj szczeg\u00f3\u0142y!\" \/>\n<meta name=\"robots\" content=\"index, follow, max-snippet:-1, max-image-preview:large, max-video-preview:-1\" \/>\n<link rel=\"canonical\" href=\"https:\/\/innow.pl\/produkt\/skar60240-pas-do-przenoszenia-z-uchwytami-70-120-cm\/\" \/>\n<meta property=\"og:locale\" content=\"en_US\" \/>\n<meta property=\"og:type\" content=\"article\" \/>\n<meta property=\"og:title\" content=\"SKAR60240 - Pas do przenoszenia z uchwytami 70-120 cm - INNOW\" \/>\n<meta property=\"og:description\" content=\"Wytrzyma\u0142y pas do przenoszenia z uchwytami 70-120 cm, bezpiecznym zapi\u0119ciem i mi\u0119kkim wype\u0142nieniem dla wi\u0119kszej wygody. Poznaj szczeg\u00f3\u0142y!\" \/>\n<meta property=\"og:url\" content=\"https:\/\/innow.pl\/produkt\/skar60240-pas-do-przenoszenia-z-uchwytami-70-120-cm\/\" \/>\n<meta property=\"og:site_name\" content=\"INNOW\" \/>\n<meta property=\"article:modified_time\" content=\"2025-03-07T12:33:19+00:00\" \/>\n<meta property=\"og:image\" content=\"https:\/\/innow.pl\/wp-content\/uploads\/2024\/11\/SKAR60240_new.jpg\" \/>\n\t<meta property=\"og:image:width\" content=\"800\" \/>\n\t<meta property=\"og:image:height\" content=\"800\" \/>\n\t<meta property=\"og:image:type\" content=\"image\/jpeg\" \/>\n<meta name=\"twitter:card\" content=\"summary_large_image\" \/>\n<meta name=\"twitter:label1\" content=\"Est. reading time\" \/>\n\t<meta name=\"twitter:data1\" content=\"1 minute\" \/>\n<script type=\"application\/ld+json\" class=\"yoast-schema-graph\">{\"@context\":\"https:\\\/\\\/schema.org\",\"@graph\":[{\"@type\":\"WebPage\",\"@id\":\"https:\\\/\\\/innow.pl\\\/produkt\\\/skar60240-pas-do-przenoszenia-z-uchwytami-70-120-cm\\\/\",\"url\":\"https:\\\/\\\/innow.pl\\\/produkt\\\/skar60240-pas-do-przenoszenia-z-uchwytami-70-120-cm\\\/\",\"name\":\"SKAR60240 - Pas do przenoszenia z uchwytami 70-120 cm - INNOW\",\"isPartOf\":{\"@id\":\"https:\\\/\\\/innow.pl\\\/#website\"},\"primaryImageOfPage\":{\"@id\":\"https:\\\/\\\/innow.pl\\\/produkt\\\/skar60240-pas-do-przenoszenia-z-uchwytami-70-120-cm\\\/#primaryimage\"},\"image\":{\"@id\":\"https:\\\/\\\/innow.pl\\\/produkt\\\/skar60240-pas-do-przenoszenia-z-uchwytami-70-120-cm\\\/#primaryimage\"},\"thumbnailUrl\":\"https:\\\/\\\/innow.pl\\\/wp-content\\\/uploads\\\/2024\\\/11\\\/SKAR60240_new.jpg\",\"datePublished\":\"2017-06-21T05:31:34+00:00\",\"dateModified\":\"2025-03-07T12:33:19+00:00\",\"description\":\"Wytrzyma\u0142y pas do przenoszenia z uchwytami 70-120 cm, bezpiecznym zapi\u0119ciem i mi\u0119kkim wype\u0142nieniem dla wi\u0119kszej wygody. Poznaj szczeg\u00f3\u0142y!\",\"breadcrumb\":{\"@id\":\"https:\\\/\\\/innow.pl\\\/produkt\\\/skar60240-pas-do-przenoszenia-z-uchwytami-70-120-cm\\\/#breadcrumb\"},\"inLanguage\":\"en-US\",\"potentialAction\":[{\"@type\":\"ReadAction\",\"target\":[\"https:\\\/\\\/innow.pl\\\/produkt\\\/skar60240-pas-do-przenoszenia-z-uchwytami-70-120-cm\\\/\"]}]},{\"@type\":\"ImageObject\",\"inLanguage\":\"en-US\",\"@id\":\"https:\\\/\\\/innow.pl\\\/produkt\\\/skar60240-pas-do-przenoszenia-z-uchwytami-70-120-cm\\\/#primaryimage\",\"url\":\"https:\\\/\\\/innow.pl\\\/wp-content\\\/uploads\\\/2024\\\/11\\\/SKAR60240_new.jpg\",\"contentUrl\":\"https:\\\/\\\/innow.pl\\\/wp-content\\\/uploads\\\/2024\\\/11\\\/SKAR60240_new.jpg\",\"width\":800,\"height\":800,\"caption\":\"SKAR60240 - Pas do przenoszenia z uchwytami 70-120 cm\"},{\"@type\":\"BreadcrumbList\",\"@id\":\"https:\\\/\\\/innow.pl\\\/produkt\\\/skar60240-pas-do-przenoszenia-z-uchwytami-70-120-cm\\\/#breadcrumb\",\"itemListElement\":[{\"@type\":\"ListItem\",\"position\":1,\"name\":\"INNOW\",\"item\":\"https:\\\/\\\/innow.pl\\\/en\\\/\"},{\"@type\":\"ListItem\",\"position\":2,\"name\":\"Produkty\",\"item\":\"https:\\\/\\\/innow.pl\\\/produkty\\\/\"},{\"@type\":\"ListItem\",\"position\":3,\"name\":\"\u0141atwo\u015blizgi - przemieszczanie pacjent\u00f3w\",\"item\":\"https:\\\/\\\/innow.pl\\\/produkty\\\/latwoslizgi-przemieszczanie-pacjentow\\\/\"},{\"@type\":\"ListItem\",\"position\":4,\"name\":\"Pasy do przenoszenia\",\"item\":\"https:\\\/\\\/innow.pl\\\/produkty\\\/latwoslizgi-przemieszczanie-pacjentow\\\/pasy-do-przenoszenia\\\/\"},{\"@type\":\"ListItem\",\"position\":5,\"name\":\"SKAR60240 &#8211; Pas do przenoszenia z uchwytami 70-120 cm\"}]},{\"@type\":\"WebSite\",\"@id\":\"https:\\\/\\\/innow.pl\\\/#website\",\"url\":\"https:\\\/\\\/innow.pl\\\/\",\"name\":\"INNOW\",\"description\":\"\",\"potentialAction\":[{\"@type\":\"SearchAction\",\"target\":{\"@type\":\"EntryPoint\",\"urlTemplate\":\"https:\\\/\\\/innow.pl\\\/?s={search_term_string}\"},\"query-input\":{\"@type\":\"PropertyValueSpecification\",\"valueRequired\":true,\"valueName\":\"search_term_string\"}}],\"inLanguage\":\"en-US\"}]}<\/script>\n<!-- \/ Yoast SEO plugin. -->","yoast_head_json":{"title":"SKAR60240 - Pas do przenoszenia z uchwytami 70-120 cm - INNOW","description":"Wytrzyma\u0142y pas do przenoszenia z uchwytami 70-120 cm, bezpiecznym zapi\u0119ciem i mi\u0119kkim wype\u0142nieniem dla wi\u0119kszej wygody. Poznaj szczeg\u00f3\u0142y!","robots":{"index":"index","follow":"follow","max-snippet":"max-snippet:-1","max-image-preview":"max-image-preview:large","max-video-preview":"max-video-preview:-1"},"canonical":"https:\/\/innow.pl\/produkt\/skar60240-pas-do-przenoszenia-z-uchwytami-70-120-cm\/","og_locale":"en_US","og_type":"article","og_title":"SKAR60240 - Pas do przenoszenia z uchwytami 70-120 cm - INNOW","og_description":"Wytrzyma\u0142y pas do przenoszenia z uchwytami 70-120 cm, bezpiecznym zapi\u0119ciem i mi\u0119kkim wype\u0142nieniem dla wi\u0119kszej wygody. Poznaj szczeg\u00f3\u0142y!","og_url":"https:\/\/innow.pl\/produkt\/skar60240-pas-do-przenoszenia-z-uchwytami-70-120-cm\/","og_site_name":"INNOW","article_modified_time":"2025-03-07T12:33:19+00:00","og_image":[{"width":800,"height":800,"url":"https:\/\/innow.pl\/wp-content\/uploads\/2024\/11\/SKAR60240_new.jpg","type":"image\/jpeg"}],"twitter_card":"summary_large_image","twitter_misc":{"Est. reading time":"1 minute"},"schema":{"@context":"https:\/\/schema.org","@graph":[{"@type":"WebPage","@id":"https:\/\/innow.pl\/produkt\/skar60240-pas-do-przenoszenia-z-uchwytami-70-120-cm\/","url":"https:\/\/innow.pl\/produkt\/skar60240-pas-do-przenoszenia-z-uchwytami-70-120-cm\/","name":"SKAR60240 - Pas do przenoszenia z uchwytami 70-120 cm - INNOW","isPartOf":{"@id":"https:\/\/innow.pl\/#website"},"primaryImageOfPage":{"@id":"https:\/\/innow.pl\/produkt\/skar60240-pas-do-przenoszenia-z-uchwytami-70-120-cm\/#primaryimage"},"image":{"@id":"https:\/\/innow.pl\/produkt\/skar60240-pas-do-przenoszenia-z-uchwytami-70-120-cm\/#primaryimage"},"thumbnailUrl":"https:\/\/innow.pl\/wp-content\/uploads\/2024\/11\/SKAR60240_new.jpg","datePublished":"2017-06-21T05:31:34+00:00","dateModified":"2025-03-07T12:33:19+00:00","description":"Wytrzyma\u0142y pas do przenoszenia z uchwytami 70-120 cm, bezpiecznym zapi\u0119ciem i mi\u0119kkim wype\u0142nieniem dla wi\u0119kszej wygody. Poznaj szczeg\u00f3\u0142y!","breadcrumb":{"@id":"https:\/\/innow.pl\/produkt\/skar60240-pas-do-przenoszenia-z-uchwytami-70-120-cm\/#breadcrumb"},"inLanguage":"en-US","potentialAction":[{"@type":"ReadAction","target":["https:\/\/innow.pl\/produkt\/skar60240-pas-do-przenoszenia-z-uchwytami-70-120-cm\/"]}]},{"@type":"ImageObject","inLanguage":"en-US","@id":"https:\/\/innow.pl\/produkt\/skar60240-pas-do-przenoszenia-z-uchwytami-70-120-cm\/#primaryimage","url":"https:\/\/innow.pl\/wp-content\/uploads\/2024\/11\/SKAR60240_new.jpg","contentUrl":"https:\/\/innow.pl\/wp-content\/uploads\/2024\/11\/SKAR60240_new.jpg","width":800,"height":800,"caption":"SKAR60240 - Pas do przenoszenia z uchwytami 70-120 cm"},{"@type":"BreadcrumbList","@id":"https:\/\/innow.pl\/produkt\/skar60240-pas-do-przenoszenia-z-uchwytami-70-120-cm\/#breadcrumb","itemListElement":[{"@type":"ListItem","position":1,"name":"INNOW","item":"https:\/\/innow.pl\/en\/"},{"@type":"ListItem","position":2,"name":"Produkty","item":"https:\/\/innow.pl\/produkty\/"},{"@type":"ListItem","position":3,"name":"\u0141atwo\u015blizgi - przemieszczanie pacjent\u00f3w","item":"https:\/\/innow.pl\/produkty\/latwoslizgi-przemieszczanie-pacjentow\/"},{"@type":"ListItem","position":4,"name":"Pasy do przenoszenia","item":"https:\/\/innow.pl\/produkty\/latwoslizgi-przemieszczanie-pacjentow\/pasy-do-przenoszenia\/"},{"@type":"ListItem","position":5,"name":"SKAR60240 &#8211; Pas do przenoszenia z uchwytami 70-120 cm"}]},{"@type":"WebSite","@id":"https:\/\/innow.pl\/#website","url":"https:\/\/innow.pl\/","name":"INNOW","description":"","potentialAction":[{"@type":"SearchAction","target":{"@type":"EntryPoint","urlTemplate":"https:\/\/innow.pl\/?s={search_term_string}"},"query-input":{"@type":"PropertyValueSpecification","valueRequired":true,"valueName":"search_term_string"}}],"inLanguage":"en-US"}]}},"_links":{"self":[{"href":"https:\/\/innow.pl\/en\/wp-json\/wp\/v2\/product\/25055","targetHints":{"allow":["GET"]}}],"collection":[{"href":"https:\/\/innow.pl\/en\/wp-json\/wp\/v2\/product"}],"about":[{"href":"https:\/\/innow.pl\/en\/wp-json\/wp\/v2\/types\/product"}],"replies":[{"embeddable":true,"href":"https:\/\/innow.pl\/en\/wp-json\/wp\/v2\/comments?post=25055"}],"wp:featuredmedia":[{"embeddable":true,"href":"https:\/\/innow.pl\/en\/wp-json\/wp\/v2\/media\/25057"}],"wp:attachment":[{"href":"https:\/\/innow.pl\/en\/wp-json\/wp\/v2\/media?parent=25055"}],"wp:term":[{"taxonomy":"product_brand","embeddable":true,"href":"https:\/\/innow.pl\/en\/wp-json\/wp\/v2\/product_brand?post=25055"},{"taxonomy":"product_cat","embeddable":true,"href":"https:\/\/innow.pl\/en\/wp-json\/wp\/v2\/product_cat?post=25055"},{"taxonomy":"product_tag","embeddable":true,"href":"https:\/\/innow.pl\/en\/wp-json\/wp\/v2\/product_tag?post=25055"}],"curies":[{"name":"wp","href":"https:\/\/api.w.org\/{rel}","templated":true}]}}