{"id":24921,"date":"2024-01-16T07:15:55","date_gmt":"2024-01-16T06:15:55","guid":{"rendered":"https:\/\/innow.pl\/produkt\/rol-inn-urzadzenie-rolkowe-wspomagajace-transport-pacjentow\/"},"modified":"2025-11-03T10:34:19","modified_gmt":"2025-11-03T09:34:19","slug":"rol-inn-urzadzenie-rolkowe-wspomagajace-transport-pacjentow","status":"publish","type":"product","link":"https:\/\/innow.pl\/en\/produkt\/rol-inn-urzadzenie-rolkowe-wspomagajace-transport-pacjentow\/","title":{"rendered":"Rol-INN &#8211; Urz\u0105dzenie rolkowe wspomagaj\u0105ce transport pacjent\u00f3w"},"content":{"rendered":"<p>Urz\u0105dzenie rolkowe wspomagaj\u0105ce transport pacjent\u00f3w znajduje zastosowanie przy usprawnianiu przenoszenia pacjenta pomi\u0119dzy dwiema blisko po\u0142o\u017conymi powierzchniami. Rolki do przesuwania pacjenta (medyczne rolki, przeno\u015bnik ta\u015bmowo-rolkowy) u\u0142atwiaj\u0105 przemieszczanie np. do i z wanny, \u0142\u00f3\u017cka, sto\u0142u operacyjnego czy noszy. Posiada szeroki zakres miejsc u\u017cytkowania: od szpitali, poprzez domy opieki, a\u017c do dom\u00f3w prywatnych.<\/p>\n","protected":false},"excerpt":{"rendered":"<p>Urz\u0105dzenie rolkowe wspomagaj\u0105ce transport pacjent\u00f3w znajduje zastosowanie przy usprawnianiu przenoszenia pacjenta pomi\u0119dzy dwiema blisko po\u0142o\u017conymi powierzchniami. Rolki do przesuwania pacjenta (medyczne rolki, przeno\u015bnik ta\u015bmowo-rolkowy) u\u0142atwiaj\u0105 przemieszczanie np. do i z wanny, \u0142\u00f3\u017cka, sto\u0142u operacyjnego czy noszy. Posiada szeroki zakres miejsc u\u017cytkowania: od szpitali, poprzez domy opieki, a\u017c do dom\u00f3w prywatnych.<\/p>\n","protected":false},"featured_media":24923,"comment_status":"open","ping_status":"closed","template":"","meta":{"_acf_changed":false},"product_brand":[],"product_cat":[420,392],"product_tag":[],"class_list":{"0":"post-24921","1":"product","2":"type-product","3":"status-publish","4":"has-post-thumbnail","6":"product_cat-podstawowe-narzedzia-slizgowe","7":"product_cat-latwoslizgi-przemieszczanie-pacjentow","8":"pa_dlugosc-825-cm","9":"pa_szerokosc-33-cm","10":"pa_wysokosc-25-cm","12":"first","13":"instock","14":"featured","15":"taxable","16":"shipping-taxable","17":"purchasable","18":"product-type-simple"},"acf":[],"yoast_head":"<!-- This site is optimized with the Yoast SEO plugin v27.4 - https:\/\/yoast.com\/product\/yoast-seo-wordpress\/ -->\n<title>Rol-INN - Urz\u0105dzenie rolkowe wspomagaj\u0105ce transport pacjent\u00f3w - INNOW<\/title>\n<meta name=\"description\" content=\"Bardzo praktyczne i funkcjonalne urz\u0105dzenie rolkowe wspomagaj\u0105ce transport pacjent\u00f3w pomi\u0119dzy blisko po\u0142o\u017conymi powierzchniami. Sprawd\u017a!\" \/>\n<meta name=\"robots\" content=\"index, follow, max-snippet:-1, max-image-preview:large, max-video-preview:-1\" \/>\n<link rel=\"canonical\" href=\"https:\/\/innow.pl\/produkt\/rol-inn-urzadzenie-rolkowe-wspomagajace-transport-pacjentow\/\" \/>\n<meta property=\"og:locale\" content=\"en_US\" \/>\n<meta property=\"og:type\" content=\"article\" \/>\n<meta property=\"og:title\" content=\"Rol-INN - Urz\u0105dzenie rolkowe wspomagaj\u0105ce transport pacjent\u00f3w - INNOW\" \/>\n<meta property=\"og:description\" content=\"Bardzo praktyczne i funkcjonalne urz\u0105dzenie rolkowe wspomagaj\u0105ce transport pacjent\u00f3w pomi\u0119dzy blisko po\u0142o\u017conymi powierzchniami. Sprawd\u017a!\" \/>\n<meta property=\"og:url\" content=\"https:\/\/innow.pl\/produkt\/rol-inn-urzadzenie-rolkowe-wspomagajace-transport-pacjentow\/\" \/>\n<meta property=\"og:site_name\" content=\"INNOW\" \/>\n<meta property=\"article:modified_time\" content=\"2025-11-03T09:34:19+00:00\" \/>\n<meta property=\"og:image\" content=\"https:\/\/innow.pl\/wp-content\/uploads\/2024\/11\/Rol-INN.jpg\" \/>\n\t<meta property=\"og:image:width\" content=\"800\" \/>\n\t<meta property=\"og:image:height\" content=\"800\" \/>\n\t<meta property=\"og:image:type\" content=\"image\/jpeg\" \/>\n<meta name=\"twitter:card\" content=\"summary_large_image\" \/>\n<meta name=\"twitter:label1\" content=\"Est. reading time\" \/>\n\t<meta name=\"twitter:data1\" content=\"1 minute\" \/>\n<script type=\"application\/ld+json\" class=\"yoast-schema-graph\">{\"@context\":\"https:\\\/\\\/schema.org\",\"@graph\":[{\"@type\":\"WebPage\",\"@id\":\"https:\\\/\\\/innow.pl\\\/produkt\\\/rol-inn-urzadzenie-rolkowe-wspomagajace-transport-pacjentow\\\/\",\"url\":\"https:\\\/\\\/innow.pl\\\/produkt\\\/rol-inn-urzadzenie-rolkowe-wspomagajace-transport-pacjentow\\\/\",\"name\":\"Rol-INN - Urz\u0105dzenie rolkowe wspomagaj\u0105ce transport pacjent\u00f3w - INNOW\",\"isPartOf\":{\"@id\":\"https:\\\/\\\/innow.pl\\\/#website\"},\"primaryImageOfPage\":{\"@id\":\"https:\\\/\\\/innow.pl\\\/produkt\\\/rol-inn-urzadzenie-rolkowe-wspomagajace-transport-pacjentow\\\/#primaryimage\"},\"image\":{\"@id\":\"https:\\\/\\\/innow.pl\\\/produkt\\\/rol-inn-urzadzenie-rolkowe-wspomagajace-transport-pacjentow\\\/#primaryimage\"},\"thumbnailUrl\":\"https:\\\/\\\/innow.pl\\\/wp-content\\\/uploads\\\/2024\\\/11\\\/Rol-INN.jpg\",\"datePublished\":\"2024-01-16T06:15:55+00:00\",\"dateModified\":\"2025-11-03T09:34:19+00:00\",\"description\":\"Bardzo praktyczne i funkcjonalne urz\u0105dzenie rolkowe wspomagaj\u0105ce transport pacjent\u00f3w pomi\u0119dzy blisko po\u0142o\u017conymi powierzchniami. Sprawd\u017a!\",\"breadcrumb\":{\"@id\":\"https:\\\/\\\/innow.pl\\\/produkt\\\/rol-inn-urzadzenie-rolkowe-wspomagajace-transport-pacjentow\\\/#breadcrumb\"},\"inLanguage\":\"en-US\",\"potentialAction\":[{\"@type\":\"ReadAction\",\"target\":[\"https:\\\/\\\/innow.pl\\\/produkt\\\/rol-inn-urzadzenie-rolkowe-wspomagajace-transport-pacjentow\\\/\"]}]},{\"@type\":\"ImageObject\",\"inLanguage\":\"en-US\",\"@id\":\"https:\\\/\\\/innow.pl\\\/produkt\\\/rol-inn-urzadzenie-rolkowe-wspomagajace-transport-pacjentow\\\/#primaryimage\",\"url\":\"https:\\\/\\\/innow.pl\\\/wp-content\\\/uploads\\\/2024\\\/11\\\/Rol-INN.jpg\",\"contentUrl\":\"https:\\\/\\\/innow.pl\\\/wp-content\\\/uploads\\\/2024\\\/11\\\/Rol-INN.jpg\",\"width\":800,\"height\":800,\"caption\":\"Urz\u0105dzenie rolkowe wspomagaj\u0105ce transport pacjent\u00f3w \u2013 Rol-INN \u2013 INNOW\"},{\"@type\":\"BreadcrumbList\",\"@id\":\"https:\\\/\\\/innow.pl\\\/produkt\\\/rol-inn-urzadzenie-rolkowe-wspomagajace-transport-pacjentow\\\/#breadcrumb\",\"itemListElement\":[{\"@type\":\"ListItem\",\"position\":1,\"name\":\"INNOW\",\"item\":\"https:\\\/\\\/innow.pl\\\/en\\\/\"},{\"@type\":\"ListItem\",\"position\":2,\"name\":\"Produkty\",\"item\":\"https:\\\/\\\/innow.pl\\\/produkty\\\/\"},{\"@type\":\"ListItem\",\"position\":3,\"name\":\"\u0141atwo\u015blizgi - przemieszczanie pacjent\u00f3w\",\"item\":\"https:\\\/\\\/innow.pl\\\/produkty\\\/latwoslizgi-przemieszczanie-pacjentow\\\/\"},{\"@type\":\"ListItem\",\"position\":4,\"name\":\"Podstawowe narz\u0119dzia \u015blizgowe\",\"item\":\"https:\\\/\\\/innow.pl\\\/produkty\\\/latwoslizgi-przemieszczanie-pacjentow\\\/podstawowe-narzedzia-slizgowe\\\/\"},{\"@type\":\"ListItem\",\"position\":5,\"name\":\"Rol-INN &#8211; Urz\u0105dzenie rolkowe wspomagaj\u0105ce transport pacjent\u00f3w\"}]},{\"@type\":\"WebSite\",\"@id\":\"https:\\\/\\\/innow.pl\\\/#website\",\"url\":\"https:\\\/\\\/innow.pl\\\/\",\"name\":\"INNOW\",\"description\":\"\",\"potentialAction\":[{\"@type\":\"SearchAction\",\"target\":{\"@type\":\"EntryPoint\",\"urlTemplate\":\"https:\\\/\\\/innow.pl\\\/?s={search_term_string}\"},\"query-input\":{\"@type\":\"PropertyValueSpecification\",\"valueRequired\":true,\"valueName\":\"search_term_string\"}}],\"inLanguage\":\"en-US\"}]}<\/script>\n<!-- \/ Yoast SEO plugin. -->","yoast_head_json":{"title":"Rol-INN - Urz\u0105dzenie rolkowe wspomagaj\u0105ce transport pacjent\u00f3w - INNOW","description":"Bardzo praktyczne i funkcjonalne urz\u0105dzenie rolkowe wspomagaj\u0105ce transport pacjent\u00f3w pomi\u0119dzy blisko po\u0142o\u017conymi powierzchniami. Sprawd\u017a!","robots":{"index":"index","follow":"follow","max-snippet":"max-snippet:-1","max-image-preview":"max-image-preview:large","max-video-preview":"max-video-preview:-1"},"canonical":"https:\/\/innow.pl\/produkt\/rol-inn-urzadzenie-rolkowe-wspomagajace-transport-pacjentow\/","og_locale":"en_US","og_type":"article","og_title":"Rol-INN - Urz\u0105dzenie rolkowe wspomagaj\u0105ce transport pacjent\u00f3w - INNOW","og_description":"Bardzo praktyczne i funkcjonalne urz\u0105dzenie rolkowe wspomagaj\u0105ce transport pacjent\u00f3w pomi\u0119dzy blisko po\u0142o\u017conymi powierzchniami. Sprawd\u017a!","og_url":"https:\/\/innow.pl\/produkt\/rol-inn-urzadzenie-rolkowe-wspomagajace-transport-pacjentow\/","og_site_name":"INNOW","article_modified_time":"2025-11-03T09:34:19+00:00","og_image":[{"width":800,"height":800,"url":"https:\/\/innow.pl\/wp-content\/uploads\/2024\/11\/Rol-INN.jpg","type":"image\/jpeg"}],"twitter_card":"summary_large_image","twitter_misc":{"Est. reading time":"1 minute"},"schema":{"@context":"https:\/\/schema.org","@graph":[{"@type":"WebPage","@id":"https:\/\/innow.pl\/produkt\/rol-inn-urzadzenie-rolkowe-wspomagajace-transport-pacjentow\/","url":"https:\/\/innow.pl\/produkt\/rol-inn-urzadzenie-rolkowe-wspomagajace-transport-pacjentow\/","name":"Rol-INN - Urz\u0105dzenie rolkowe wspomagaj\u0105ce transport pacjent\u00f3w - INNOW","isPartOf":{"@id":"https:\/\/innow.pl\/#website"},"primaryImageOfPage":{"@id":"https:\/\/innow.pl\/produkt\/rol-inn-urzadzenie-rolkowe-wspomagajace-transport-pacjentow\/#primaryimage"},"image":{"@id":"https:\/\/innow.pl\/produkt\/rol-inn-urzadzenie-rolkowe-wspomagajace-transport-pacjentow\/#primaryimage"},"thumbnailUrl":"https:\/\/innow.pl\/wp-content\/uploads\/2024\/11\/Rol-INN.jpg","datePublished":"2024-01-16T06:15:55+00:00","dateModified":"2025-11-03T09:34:19+00:00","description":"Bardzo praktyczne i funkcjonalne urz\u0105dzenie rolkowe wspomagaj\u0105ce transport pacjent\u00f3w pomi\u0119dzy blisko po\u0142o\u017conymi powierzchniami. Sprawd\u017a!","breadcrumb":{"@id":"https:\/\/innow.pl\/produkt\/rol-inn-urzadzenie-rolkowe-wspomagajace-transport-pacjentow\/#breadcrumb"},"inLanguage":"en-US","potentialAction":[{"@type":"ReadAction","target":["https:\/\/innow.pl\/produkt\/rol-inn-urzadzenie-rolkowe-wspomagajace-transport-pacjentow\/"]}]},{"@type":"ImageObject","inLanguage":"en-US","@id":"https:\/\/innow.pl\/produkt\/rol-inn-urzadzenie-rolkowe-wspomagajace-transport-pacjentow\/#primaryimage","url":"https:\/\/innow.pl\/wp-content\/uploads\/2024\/11\/Rol-INN.jpg","contentUrl":"https:\/\/innow.pl\/wp-content\/uploads\/2024\/11\/Rol-INN.jpg","width":800,"height":800,"caption":"Urz\u0105dzenie rolkowe wspomagaj\u0105ce transport pacjent\u00f3w \u2013 Rol-INN \u2013 INNOW"},{"@type":"BreadcrumbList","@id":"https:\/\/innow.pl\/produkt\/rol-inn-urzadzenie-rolkowe-wspomagajace-transport-pacjentow\/#breadcrumb","itemListElement":[{"@type":"ListItem","position":1,"name":"INNOW","item":"https:\/\/innow.pl\/en\/"},{"@type":"ListItem","position":2,"name":"Produkty","item":"https:\/\/innow.pl\/produkty\/"},{"@type":"ListItem","position":3,"name":"\u0141atwo\u015blizgi - przemieszczanie pacjent\u00f3w","item":"https:\/\/innow.pl\/produkty\/latwoslizgi-przemieszczanie-pacjentow\/"},{"@type":"ListItem","position":4,"name":"Podstawowe narz\u0119dzia \u015blizgowe","item":"https:\/\/innow.pl\/produkty\/latwoslizgi-przemieszczanie-pacjentow\/podstawowe-narzedzia-slizgowe\/"},{"@type":"ListItem","position":5,"name":"Rol-INN &#8211; Urz\u0105dzenie rolkowe wspomagaj\u0105ce transport pacjent\u00f3w"}]},{"@type":"WebSite","@id":"https:\/\/innow.pl\/#website","url":"https:\/\/innow.pl\/","name":"INNOW","description":"","potentialAction":[{"@type":"SearchAction","target":{"@type":"EntryPoint","urlTemplate":"https:\/\/innow.pl\/?s={search_term_string}"},"query-input":{"@type":"PropertyValueSpecification","valueRequired":true,"valueName":"search_term_string"}}],"inLanguage":"en-US"}]}},"_links":{"self":[{"href":"https:\/\/innow.pl\/en\/wp-json\/wp\/v2\/product\/24921","targetHints":{"allow":["GET"]}}],"collection":[{"href":"https:\/\/innow.pl\/en\/wp-json\/wp\/v2\/product"}],"about":[{"href":"https:\/\/innow.pl\/en\/wp-json\/wp\/v2\/types\/product"}],"replies":[{"embeddable":true,"href":"https:\/\/innow.pl\/en\/wp-json\/wp\/v2\/comments?post=24921"}],"wp:featuredmedia":[{"embeddable":true,"href":"https:\/\/innow.pl\/en\/wp-json\/wp\/v2\/media\/24923"}],"wp:attachment":[{"href":"https:\/\/innow.pl\/en\/wp-json\/wp\/v2\/media?parent=24921"}],"wp:term":[{"taxonomy":"product_brand","embeddable":true,"href":"https:\/\/innow.pl\/en\/wp-json\/wp\/v2\/product_brand?post=24921"},{"taxonomy":"product_cat","embeddable":true,"href":"https:\/\/innow.pl\/en\/wp-json\/wp\/v2\/product_cat?post=24921"},{"taxonomy":"product_tag","embeddable":true,"href":"https:\/\/innow.pl\/en\/wp-json\/wp\/v2\/product_tag?post=24921"}],"curies":[{"name":"wp","href":"https:\/\/api.w.org\/{rel}","templated":true}]}}