{"id":24819,"date":"2017-06-19T08:09:17","date_gmt":"2017-06-19T06:09:17","guid":{"rendered":"https:\/\/innow.pl\/produkt\/ultra-max-vr-podnosnik-transportowo-kapielowy-przejezdny-elektryczny-do-175-kg\/"},"modified":"2025-03-07T14:33:31","modified_gmt":"2025-03-07T13:33:31","slug":"ultra-max-vr-podnosnik-transportowo-kapielowy-przejezdny-elektryczny-do-175-kg","status":"publish","type":"product","link":"https:\/\/innow.pl\/en\/produkt\/ultra-max-vr-podnosnik-transportowo-kapielowy-przejezdny-elektryczny-do-175-kg\/","title":{"rendered":"ULTRA MAX VR &#8211; Podno\u015bnik transportowo-k\u0105pielowy, przejezdny, elektryczny, do 175 kg"},"content":{"rendered":"<p>Podno\u015bnik przeznaczony do podnoszenia i opuszczania pacjent\u00f3w o masie cia\u0142a do 175 kg oraz ich transportu. Dzia\u0142anie automatyczne i sterowanie za pomoc\u0105 pilota zapewnia <strong>p\u0142ynne dzia\u0142anie<\/strong>. Konstrukcja daje mo\u017cliwo\u015b\u0107 <strong>\u0142atwego i szybkiego z\u0142o\u017cenia<\/strong> do transportu bez u\u017cycia jakichkolwiek narz\u0119dzi. Model wyposa\u017cony jest w ruchom\u0105 ram\u0119 jezdn\u0105 z p\u0142ynn\u0105 regulacj\u0105 rozstawu (<strong>zwi\u0119kszenie stabilno\u015bci<\/strong>), k\u00f3\u0142ka z blokad\u0105, przycisk awaryjny, siedzisko-chust\u0119 standard oraz zawieszk\u0119 z zag\u0142\u00f3wkiem z materia\u0142u <strong>szybkoschn\u0105cego i przepuszczaj\u0105cego wod\u0119<\/strong>. Mo\u017cliwo\u015b\u0107 podnoszenia pacjenta z <strong>r\u00f3\u017cnych poziom\u00f3w<\/strong>: w\u00f3zka, \u0142\u00f3\u017cka, czy nawet pod\u0142ogi. Wyposa\u017cenie opcjonalne &#8211; poni\u017cej.<\/p>\n","protected":false},"excerpt":{"rendered":"<p>Podno\u015bnik przeznaczony do podnoszenia i opuszczania pacjent\u00f3w o masie cia\u0142a do 175 kg oraz ich transportu. Dzia\u0142anie automatyczne i sterowanie za pomoc\u0105 pilota zapewnia p\u0142ynne dzia\u0142anie. Konstrukcja daje mo\u017cliwo\u015b\u0107 \u0142atwego i szybkiego z\u0142o\u017cenia do transportu bez u\u017cycia jakichkolwiek narz\u0119dzi. Model wyposa\u017cony jest w ruchom\u0105 ram\u0119 jezdn\u0105 z p\u0142ynn\u0105 regulacj\u0105 rozstawu (zwi\u0119kszenie stabilno\u015bci), k\u00f3\u0142ka z blokad\u0105, [&hellip;]<\/p>\n","protected":false},"featured_media":24821,"comment_status":"open","ping_status":"closed","template":"","meta":{"_acf_changed":false},"product_brand":[],"product_cat":[435,518,525],"product_tag":[],"class_list":{"0":"post-24819","1":"product","2":"type-product","3":"status-publish","4":"has-post-thumbnail","6":"product_cat-podnosniki","7":"product_cat-podnosniki-przejezdne","8":"product_cat-podnosniki-przejezdne-standardowe","9":"pa_dlugosc-129-cm","10":"pa_wysokosc-181-cm","12":"first","13":"instock","14":"taxable","15":"shipping-taxable","16":"purchasable","17":"product-type-simple"},"acf":[],"yoast_head":"<!-- This site is optimized with the Yoast SEO plugin v27.4 - https:\/\/yoast.com\/product\/yoast-seo-wordpress\/ -->\n<title>ULTRA MAX VR - Podno\u015bnik transportowo-k\u0105pielowy, przejezdny, elektryczny, do 175 kg - INNOW<\/title>\n<meta name=\"description\" content=\"Stabilny i praktyczny podno\u015bnik transportowo-k\u0105pielowy do 175 kg o du\u017cej mobilno\u015bci, z elektryczn\u0105 regulacj\u0105. Sprawd\u017a szczeg\u00f3\u0142y!\" \/>\n<meta name=\"robots\" content=\"index, follow, max-snippet:-1, max-image-preview:large, max-video-preview:-1\" \/>\n<link rel=\"canonical\" href=\"https:\/\/innow.pl\/produkt\/ultra-max-vr-podnosnik-transportowo-kapielowy-przejezdny-elektryczny-do-175-kg\/\" \/>\n<meta property=\"og:locale\" content=\"en_US\" \/>\n<meta property=\"og:type\" content=\"article\" \/>\n<meta property=\"og:title\" content=\"ULTRA MAX VR - Podno\u015bnik transportowo-k\u0105pielowy, przejezdny, elektryczny, do 175 kg - INNOW\" \/>\n<meta property=\"og:description\" content=\"Stabilny i praktyczny podno\u015bnik transportowo-k\u0105pielowy do 175 kg o du\u017cej mobilno\u015bci, z elektryczn\u0105 regulacj\u0105. Sprawd\u017a szczeg\u00f3\u0142y!\" \/>\n<meta property=\"og:url\" content=\"https:\/\/innow.pl\/produkt\/ultra-max-vr-podnosnik-transportowo-kapielowy-przejezdny-elektryczny-do-175-kg\/\" \/>\n<meta property=\"og:site_name\" content=\"INNOW\" \/>\n<meta property=\"article:modified_time\" content=\"2025-03-07T13:33:31+00:00\" \/>\n<meta property=\"og:image\" content=\"https:\/\/innow.pl\/wp-content\/uploads\/2024\/11\/ULTRA_MAX_VR_new.jpg\" \/>\n\t<meta property=\"og:image:width\" content=\"800\" \/>\n\t<meta property=\"og:image:height\" content=\"800\" \/>\n\t<meta property=\"og:image:type\" content=\"image\/jpeg\" \/>\n<meta name=\"twitter:card\" content=\"summary_large_image\" \/>\n<meta name=\"twitter:label1\" content=\"Est. reading time\" \/>\n\t<meta name=\"twitter:data1\" content=\"1 minute\" \/>\n<script type=\"application\/ld+json\" class=\"yoast-schema-graph\">{\"@context\":\"https:\\\/\\\/schema.org\",\"@graph\":[{\"@type\":\"WebPage\",\"@id\":\"https:\\\/\\\/innow.pl\\\/produkt\\\/ultra-max-vr-podnosnik-transportowo-kapielowy-przejezdny-elektryczny-do-175-kg\\\/\",\"url\":\"https:\\\/\\\/innow.pl\\\/produkt\\\/ultra-max-vr-podnosnik-transportowo-kapielowy-przejezdny-elektryczny-do-175-kg\\\/\",\"name\":\"ULTRA MAX VR - Podno\u015bnik transportowo-k\u0105pielowy, przejezdny, elektryczny, do 175 kg - INNOW\",\"isPartOf\":{\"@id\":\"https:\\\/\\\/innow.pl\\\/#website\"},\"primaryImageOfPage\":{\"@id\":\"https:\\\/\\\/innow.pl\\\/produkt\\\/ultra-max-vr-podnosnik-transportowo-kapielowy-przejezdny-elektryczny-do-175-kg\\\/#primaryimage\"},\"image\":{\"@id\":\"https:\\\/\\\/innow.pl\\\/produkt\\\/ultra-max-vr-podnosnik-transportowo-kapielowy-przejezdny-elektryczny-do-175-kg\\\/#primaryimage\"},\"thumbnailUrl\":\"https:\\\/\\\/innow.pl\\\/wp-content\\\/uploads\\\/2024\\\/11\\\/ULTRA_MAX_VR_new.jpg\",\"datePublished\":\"2017-06-19T06:09:17+00:00\",\"dateModified\":\"2025-03-07T13:33:31+00:00\",\"description\":\"Stabilny i praktyczny podno\u015bnik transportowo-k\u0105pielowy do 175 kg o du\u017cej mobilno\u015bci, z elektryczn\u0105 regulacj\u0105. Sprawd\u017a szczeg\u00f3\u0142y!\",\"breadcrumb\":{\"@id\":\"https:\\\/\\\/innow.pl\\\/produkt\\\/ultra-max-vr-podnosnik-transportowo-kapielowy-przejezdny-elektryczny-do-175-kg\\\/#breadcrumb\"},\"inLanguage\":\"en-US\",\"potentialAction\":[{\"@type\":\"ReadAction\",\"target\":[\"https:\\\/\\\/innow.pl\\\/produkt\\\/ultra-max-vr-podnosnik-transportowo-kapielowy-przejezdny-elektryczny-do-175-kg\\\/\"]}]},{\"@type\":\"ImageObject\",\"inLanguage\":\"en-US\",\"@id\":\"https:\\\/\\\/innow.pl\\\/produkt\\\/ultra-max-vr-podnosnik-transportowo-kapielowy-przejezdny-elektryczny-do-175-kg\\\/#primaryimage\",\"url\":\"https:\\\/\\\/innow.pl\\\/wp-content\\\/uploads\\\/2024\\\/11\\\/ULTRA_MAX_VR_new.jpg\",\"contentUrl\":\"https:\\\/\\\/innow.pl\\\/wp-content\\\/uploads\\\/2024\\\/11\\\/ULTRA_MAX_VR_new.jpg\",\"width\":800,\"height\":800,\"caption\":\"Podno\u015bnik transportowo-k\u0105pielowy, przejezdny, elektryczny, do 175 kg \u2013 ULTRA MAX VR \u2013 INNOW\"},{\"@type\":\"BreadcrumbList\",\"@id\":\"https:\\\/\\\/innow.pl\\\/produkt\\\/ultra-max-vr-podnosnik-transportowo-kapielowy-przejezdny-elektryczny-do-175-kg\\\/#breadcrumb\",\"itemListElement\":[{\"@type\":\"ListItem\",\"position\":1,\"name\":\"INNOW\",\"item\":\"https:\\\/\\\/innow.pl\\\/en\\\/\"},{\"@type\":\"ListItem\",\"position\":2,\"name\":\"Produkty\",\"item\":\"https:\\\/\\\/innow.pl\\\/produkty\\\/\"},{\"@type\":\"ListItem\",\"position\":3,\"name\":\"Podno\u015bniki\",\"item\":\"https:\\\/\\\/innow.pl\\\/produkty\\\/podnosniki\\\/\"},{\"@type\":\"ListItem\",\"position\":4,\"name\":\"Podno\u015bniki przejezdne\",\"item\":\"https:\\\/\\\/innow.pl\\\/produkty\\\/podnosniki\\\/podnosniki-przejezdne\\\/\"},{\"@type\":\"ListItem\",\"position\":5,\"name\":\"Podno\u015bniki przejezdne standardowe\",\"item\":\"https:\\\/\\\/innow.pl\\\/produkty\\\/podnosniki\\\/podnosniki-przejezdne\\\/podnosniki-przejezdne-standardowe\\\/\"},{\"@type\":\"ListItem\",\"position\":6,\"name\":\"ULTRA MAX VR &#8211; Podno\u015bnik transportowo-k\u0105pielowy, przejezdny, elektryczny, do 175 kg\"}]},{\"@type\":\"WebSite\",\"@id\":\"https:\\\/\\\/innow.pl\\\/#website\",\"url\":\"https:\\\/\\\/innow.pl\\\/\",\"name\":\"INNOW\",\"description\":\"\",\"potentialAction\":[{\"@type\":\"SearchAction\",\"target\":{\"@type\":\"EntryPoint\",\"urlTemplate\":\"https:\\\/\\\/innow.pl\\\/?s={search_term_string}\"},\"query-input\":{\"@type\":\"PropertyValueSpecification\",\"valueRequired\":true,\"valueName\":\"search_term_string\"}}],\"inLanguage\":\"en-US\"}]}<\/script>\n<!-- \/ Yoast SEO plugin. -->","yoast_head_json":{"title":"ULTRA MAX VR - Podno\u015bnik transportowo-k\u0105pielowy, przejezdny, elektryczny, do 175 kg - INNOW","description":"Stabilny i praktyczny podno\u015bnik transportowo-k\u0105pielowy do 175 kg o du\u017cej mobilno\u015bci, z elektryczn\u0105 regulacj\u0105. Sprawd\u017a szczeg\u00f3\u0142y!","robots":{"index":"index","follow":"follow","max-snippet":"max-snippet:-1","max-image-preview":"max-image-preview:large","max-video-preview":"max-video-preview:-1"},"canonical":"https:\/\/innow.pl\/produkt\/ultra-max-vr-podnosnik-transportowo-kapielowy-przejezdny-elektryczny-do-175-kg\/","og_locale":"en_US","og_type":"article","og_title":"ULTRA MAX VR - Podno\u015bnik transportowo-k\u0105pielowy, przejezdny, elektryczny, do 175 kg - INNOW","og_description":"Stabilny i praktyczny podno\u015bnik transportowo-k\u0105pielowy do 175 kg o du\u017cej mobilno\u015bci, z elektryczn\u0105 regulacj\u0105. Sprawd\u017a szczeg\u00f3\u0142y!","og_url":"https:\/\/innow.pl\/produkt\/ultra-max-vr-podnosnik-transportowo-kapielowy-przejezdny-elektryczny-do-175-kg\/","og_site_name":"INNOW","article_modified_time":"2025-03-07T13:33:31+00:00","og_image":[{"width":800,"height":800,"url":"https:\/\/innow.pl\/wp-content\/uploads\/2024\/11\/ULTRA_MAX_VR_new.jpg","type":"image\/jpeg"}],"twitter_card":"summary_large_image","twitter_misc":{"Est. reading time":"1 minute"},"schema":{"@context":"https:\/\/schema.org","@graph":[{"@type":"WebPage","@id":"https:\/\/innow.pl\/produkt\/ultra-max-vr-podnosnik-transportowo-kapielowy-przejezdny-elektryczny-do-175-kg\/","url":"https:\/\/innow.pl\/produkt\/ultra-max-vr-podnosnik-transportowo-kapielowy-przejezdny-elektryczny-do-175-kg\/","name":"ULTRA MAX VR - Podno\u015bnik transportowo-k\u0105pielowy, przejezdny, elektryczny, do 175 kg - INNOW","isPartOf":{"@id":"https:\/\/innow.pl\/#website"},"primaryImageOfPage":{"@id":"https:\/\/innow.pl\/produkt\/ultra-max-vr-podnosnik-transportowo-kapielowy-przejezdny-elektryczny-do-175-kg\/#primaryimage"},"image":{"@id":"https:\/\/innow.pl\/produkt\/ultra-max-vr-podnosnik-transportowo-kapielowy-przejezdny-elektryczny-do-175-kg\/#primaryimage"},"thumbnailUrl":"https:\/\/innow.pl\/wp-content\/uploads\/2024\/11\/ULTRA_MAX_VR_new.jpg","datePublished":"2017-06-19T06:09:17+00:00","dateModified":"2025-03-07T13:33:31+00:00","description":"Stabilny i praktyczny podno\u015bnik transportowo-k\u0105pielowy do 175 kg o du\u017cej mobilno\u015bci, z elektryczn\u0105 regulacj\u0105. Sprawd\u017a szczeg\u00f3\u0142y!","breadcrumb":{"@id":"https:\/\/innow.pl\/produkt\/ultra-max-vr-podnosnik-transportowo-kapielowy-przejezdny-elektryczny-do-175-kg\/#breadcrumb"},"inLanguage":"en-US","potentialAction":[{"@type":"ReadAction","target":["https:\/\/innow.pl\/produkt\/ultra-max-vr-podnosnik-transportowo-kapielowy-przejezdny-elektryczny-do-175-kg\/"]}]},{"@type":"ImageObject","inLanguage":"en-US","@id":"https:\/\/innow.pl\/produkt\/ultra-max-vr-podnosnik-transportowo-kapielowy-przejezdny-elektryczny-do-175-kg\/#primaryimage","url":"https:\/\/innow.pl\/wp-content\/uploads\/2024\/11\/ULTRA_MAX_VR_new.jpg","contentUrl":"https:\/\/innow.pl\/wp-content\/uploads\/2024\/11\/ULTRA_MAX_VR_new.jpg","width":800,"height":800,"caption":"Podno\u015bnik transportowo-k\u0105pielowy, przejezdny, elektryczny, do 175 kg \u2013 ULTRA MAX VR \u2013 INNOW"},{"@type":"BreadcrumbList","@id":"https:\/\/innow.pl\/produkt\/ultra-max-vr-podnosnik-transportowo-kapielowy-przejezdny-elektryczny-do-175-kg\/#breadcrumb","itemListElement":[{"@type":"ListItem","position":1,"name":"INNOW","item":"https:\/\/innow.pl\/en\/"},{"@type":"ListItem","position":2,"name":"Produkty","item":"https:\/\/innow.pl\/produkty\/"},{"@type":"ListItem","position":3,"name":"Podno\u015bniki","item":"https:\/\/innow.pl\/produkty\/podnosniki\/"},{"@type":"ListItem","position":4,"name":"Podno\u015bniki przejezdne","item":"https:\/\/innow.pl\/produkty\/podnosniki\/podnosniki-przejezdne\/"},{"@type":"ListItem","position":5,"name":"Podno\u015bniki przejezdne standardowe","item":"https:\/\/innow.pl\/produkty\/podnosniki\/podnosniki-przejezdne\/podnosniki-przejezdne-standardowe\/"},{"@type":"ListItem","position":6,"name":"ULTRA MAX VR &#8211; Podno\u015bnik transportowo-k\u0105pielowy, przejezdny, elektryczny, do 175 kg"}]},{"@type":"WebSite","@id":"https:\/\/innow.pl\/#website","url":"https:\/\/innow.pl\/","name":"INNOW","description":"","potentialAction":[{"@type":"SearchAction","target":{"@type":"EntryPoint","urlTemplate":"https:\/\/innow.pl\/?s={search_term_string}"},"query-input":{"@type":"PropertyValueSpecification","valueRequired":true,"valueName":"search_term_string"}}],"inLanguage":"en-US"}]}},"_links":{"self":[{"href":"https:\/\/innow.pl\/en\/wp-json\/wp\/v2\/product\/24819","targetHints":{"allow":["GET"]}}],"collection":[{"href":"https:\/\/innow.pl\/en\/wp-json\/wp\/v2\/product"}],"about":[{"href":"https:\/\/innow.pl\/en\/wp-json\/wp\/v2\/types\/product"}],"replies":[{"embeddable":true,"href":"https:\/\/innow.pl\/en\/wp-json\/wp\/v2\/comments?post=24819"}],"wp:featuredmedia":[{"embeddable":true,"href":"https:\/\/innow.pl\/en\/wp-json\/wp\/v2\/media\/24821"}],"wp:attachment":[{"href":"https:\/\/innow.pl\/en\/wp-json\/wp\/v2\/media?parent=24819"}],"wp:term":[{"taxonomy":"product_brand","embeddable":true,"href":"https:\/\/innow.pl\/en\/wp-json\/wp\/v2\/product_brand?post=24819"},{"taxonomy":"product_cat","embeddable":true,"href":"https:\/\/innow.pl\/en\/wp-json\/wp\/v2\/product_cat?post=24819"},{"taxonomy":"product_tag","embeddable":true,"href":"https:\/\/innow.pl\/en\/wp-json\/wp\/v2\/product_tag?post=24819"}],"curies":[{"name":"wp","href":"https:\/\/api.w.org\/{rel}","templated":true}]}}