{"id":24815,"date":"2017-06-14T08:20:32","date_gmt":"2017-06-14T06:20:32","guid":{"rendered":"https:\/\/innow.pl\/produkt\/ultra-turinn-podnosnik-transportowo-kapielowy-przejezdny-elektryczny-z-obrotowa-kolumna\/"},"modified":"2025-03-07T14:28:17","modified_gmt":"2025-03-07T13:28:17","slug":"ultra-turinn-podnosnik-transportowo-kapielowy-przejezdny-elektryczny-z-obrotowa-kolumna","status":"publish","type":"product","link":"https:\/\/innow.pl\/en\/produkt\/ultra-turinn-podnosnik-transportowo-kapielowy-przejezdny-elektryczny-z-obrotowa-kolumna\/","title":{"rendered":"ULTRA TURINN &#8211; Podno\u015bnik transportowo-k\u0105pielowy, przejezdny, elektryczny, z obrotow\u0105 kolumn\u0105"},"content":{"rendered":"<p><strong>W\u00f3zek-podno\u015bnik<\/strong> &#8211; w\u00f3zek transportowy i podno\u015bnik wannowy w jednym, z uwagi na <strong>obrotow\u0105 g\u0142owic\u0119<\/strong> znajduje zastosowanie w przypadku zabudowanych wanien \u0142azienkowych. W komplecie do\u0142\u0105czone jest<strong> siedzisko-chusta standard<\/strong>. Urz\u0105dzenie zawiera <strong>mechaniczny wy\u0142\u0105cznik bezpiecze\u0144stwa<\/strong>. Mo\u017cliwo\u015b\u0107 zakupu dodatkowego wyposa\u017cenia &#8211; poni\u017cej.<\/p>\n","protected":false},"excerpt":{"rendered":"<p>W\u00f3zek-podno\u015bnik &#8211; w\u00f3zek transportowy i podno\u015bnik wannowy w jednym, z uwagi na obrotow\u0105 g\u0142owic\u0119 znajduje zastosowanie w przypadku zabudowanych wanien \u0142azienkowych. W komplecie do\u0142\u0105czone jest siedzisko-chusta standard. Urz\u0105dzenie zawiera mechaniczny wy\u0142\u0105cznik bezpiecze\u0144stwa. Mo\u017cliwo\u015b\u0107 zakupu dodatkowego wyposa\u017cenia &#8211; poni\u017cej.<\/p>\n","protected":false},"featured_media":24817,"comment_status":"open","ping_status":"closed","template":"","meta":{"_acf_changed":false},"product_brand":[],"product_cat":[435,518,525],"product_tag":[],"class_list":{"0":"post-24815","1":"product","2":"type-product","3":"status-publish","4":"has-post-thumbnail","6":"product_cat-podnosniki","7":"product_cat-podnosniki-przejezdne","8":"product_cat-podnosniki-przejezdne-standardowe","9":"pa_dlugosc-podstawy-z-kolkami-132-cm","10":"pa_napiecie-robocze-24v-ac","11":"pa_wysokosc-podstawy-14-cm","12":"pa_wysokosc-spoczynkowa-133-cm","13":"pa_zakres-podnoszenia-80-190-cm","15":"first","16":"instock","17":"taxable","18":"shipping-taxable","19":"purchasable","20":"product-type-simple"},"acf":[],"yoast_head":"<!-- This site is optimized with the Yoast SEO plugin v27.4 - https:\/\/yoast.com\/product\/yoast-seo-wordpress\/ -->\n<title>ULTRA TURINN - Podno\u015bnik transportowo-k\u0105pielowy, przejezdny, elektryczny, z obrotow\u0105 kolumn\u0105 - INNOW<\/title>\n<meta name=\"description\" content=\"Ergonomiczny podno\u015bnik transportowo-k\u0105pielowy z obrotow\u0105 kolumn\u0105 i mechanicznym wy\u0142\u0105cznikiem bezpiecze\u0144stwa. Siedzisko-chusta w komplecie. Sprawd\u017a!\" \/>\n<meta name=\"robots\" content=\"index, follow, max-snippet:-1, max-image-preview:large, max-video-preview:-1\" \/>\n<link rel=\"canonical\" href=\"https:\/\/innow.pl\/produkt\/ultra-turinn-podnosnik-transportowo-kapielowy-przejezdny-elektryczny-z-obrotowa-kolumna\/\" \/>\n<meta property=\"og:locale\" content=\"en_US\" \/>\n<meta property=\"og:type\" content=\"article\" \/>\n<meta property=\"og:title\" content=\"ULTRA TURINN - Podno\u015bnik transportowo-k\u0105pielowy, przejezdny, elektryczny, z obrotow\u0105 kolumn\u0105 - INNOW\" \/>\n<meta property=\"og:description\" content=\"Ergonomiczny podno\u015bnik transportowo-k\u0105pielowy z obrotow\u0105 kolumn\u0105 i mechanicznym wy\u0142\u0105cznikiem bezpiecze\u0144stwa. Siedzisko-chusta w komplecie. Sprawd\u017a!\" \/>\n<meta property=\"og:url\" content=\"https:\/\/innow.pl\/produkt\/ultra-turinn-podnosnik-transportowo-kapielowy-przejezdny-elektryczny-z-obrotowa-kolumna\/\" \/>\n<meta property=\"og:site_name\" content=\"INNOW\" \/>\n<meta property=\"article:modified_time\" content=\"2025-03-07T13:28:17+00:00\" \/>\n<meta property=\"og:image\" content=\"https:\/\/innow.pl\/wp-content\/uploads\/2024\/11\/ULTRA_TURINN_new.jpg\" \/>\n\t<meta property=\"og:image:width\" content=\"800\" \/>\n\t<meta property=\"og:image:height\" content=\"800\" \/>\n\t<meta property=\"og:image:type\" content=\"image\/jpeg\" \/>\n<meta name=\"twitter:card\" content=\"summary_large_image\" \/>\n<meta name=\"twitter:label1\" content=\"Est. reading time\" \/>\n\t<meta name=\"twitter:data1\" content=\"1 minute\" \/>\n<script type=\"application\/ld+json\" class=\"yoast-schema-graph\">{\"@context\":\"https:\\\/\\\/schema.org\",\"@graph\":[{\"@type\":\"WebPage\",\"@id\":\"https:\\\/\\\/innow.pl\\\/produkt\\\/ultra-turinn-podnosnik-transportowo-kapielowy-przejezdny-elektryczny-z-obrotowa-kolumna\\\/\",\"url\":\"https:\\\/\\\/innow.pl\\\/produkt\\\/ultra-turinn-podnosnik-transportowo-kapielowy-przejezdny-elektryczny-z-obrotowa-kolumna\\\/\",\"name\":\"ULTRA TURINN - Podno\u015bnik transportowo-k\u0105pielowy, przejezdny, elektryczny, z obrotow\u0105 kolumn\u0105 - INNOW\",\"isPartOf\":{\"@id\":\"https:\\\/\\\/innow.pl\\\/#website\"},\"primaryImageOfPage\":{\"@id\":\"https:\\\/\\\/innow.pl\\\/produkt\\\/ultra-turinn-podnosnik-transportowo-kapielowy-przejezdny-elektryczny-z-obrotowa-kolumna\\\/#primaryimage\"},\"image\":{\"@id\":\"https:\\\/\\\/innow.pl\\\/produkt\\\/ultra-turinn-podnosnik-transportowo-kapielowy-przejezdny-elektryczny-z-obrotowa-kolumna\\\/#primaryimage\"},\"thumbnailUrl\":\"https:\\\/\\\/innow.pl\\\/wp-content\\\/uploads\\\/2024\\\/11\\\/ULTRA_TURINN_new.jpg\",\"datePublished\":\"2017-06-14T06:20:32+00:00\",\"dateModified\":\"2025-03-07T13:28:17+00:00\",\"description\":\"Ergonomiczny podno\u015bnik transportowo-k\u0105pielowy z obrotow\u0105 kolumn\u0105 i mechanicznym wy\u0142\u0105cznikiem bezpiecze\u0144stwa. Siedzisko-chusta w komplecie. Sprawd\u017a!\",\"breadcrumb\":{\"@id\":\"https:\\\/\\\/innow.pl\\\/produkt\\\/ultra-turinn-podnosnik-transportowo-kapielowy-przejezdny-elektryczny-z-obrotowa-kolumna\\\/#breadcrumb\"},\"inLanguage\":\"en-US\",\"potentialAction\":[{\"@type\":\"ReadAction\",\"target\":[\"https:\\\/\\\/innow.pl\\\/produkt\\\/ultra-turinn-podnosnik-transportowo-kapielowy-przejezdny-elektryczny-z-obrotowa-kolumna\\\/\"]}]},{\"@type\":\"ImageObject\",\"inLanguage\":\"en-US\",\"@id\":\"https:\\\/\\\/innow.pl\\\/produkt\\\/ultra-turinn-podnosnik-transportowo-kapielowy-przejezdny-elektryczny-z-obrotowa-kolumna\\\/#primaryimage\",\"url\":\"https:\\\/\\\/innow.pl\\\/wp-content\\\/uploads\\\/2024\\\/11\\\/ULTRA_TURINN_new.jpg\",\"contentUrl\":\"https:\\\/\\\/innow.pl\\\/wp-content\\\/uploads\\\/2024\\\/11\\\/ULTRA_TURINN_new.jpg\",\"width\":800,\"height\":800,\"caption\":\"Podno\u015bnik transportowo-k\u0105pielowy, przejezdny, elektryczny, z obrotow\u0105 kolumn\u0105 \u2013 ULTRA TURINN \u2013 INNOW\"},{\"@type\":\"BreadcrumbList\",\"@id\":\"https:\\\/\\\/innow.pl\\\/produkt\\\/ultra-turinn-podnosnik-transportowo-kapielowy-przejezdny-elektryczny-z-obrotowa-kolumna\\\/#breadcrumb\",\"itemListElement\":[{\"@type\":\"ListItem\",\"position\":1,\"name\":\"INNOW\",\"item\":\"https:\\\/\\\/innow.pl\\\/en\\\/\"},{\"@type\":\"ListItem\",\"position\":2,\"name\":\"Produkty\",\"item\":\"https:\\\/\\\/innow.pl\\\/produkty\\\/\"},{\"@type\":\"ListItem\",\"position\":3,\"name\":\"Podno\u015bniki\",\"item\":\"https:\\\/\\\/innow.pl\\\/produkty\\\/podnosniki\\\/\"},{\"@type\":\"ListItem\",\"position\":4,\"name\":\"Podno\u015bniki przejezdne\",\"item\":\"https:\\\/\\\/innow.pl\\\/produkty\\\/podnosniki\\\/podnosniki-przejezdne\\\/\"},{\"@type\":\"ListItem\",\"position\":5,\"name\":\"Podno\u015bniki przejezdne standardowe\",\"item\":\"https:\\\/\\\/innow.pl\\\/produkty\\\/podnosniki\\\/podnosniki-przejezdne\\\/podnosniki-przejezdne-standardowe\\\/\"},{\"@type\":\"ListItem\",\"position\":6,\"name\":\"ULTRA TURINN &#8211; Podno\u015bnik transportowo-k\u0105pielowy, przejezdny, elektryczny, z obrotow\u0105 kolumn\u0105\"}]},{\"@type\":\"WebSite\",\"@id\":\"https:\\\/\\\/innow.pl\\\/#website\",\"url\":\"https:\\\/\\\/innow.pl\\\/\",\"name\":\"INNOW\",\"description\":\"\",\"potentialAction\":[{\"@type\":\"SearchAction\",\"target\":{\"@type\":\"EntryPoint\",\"urlTemplate\":\"https:\\\/\\\/innow.pl\\\/?s={search_term_string}\"},\"query-input\":{\"@type\":\"PropertyValueSpecification\",\"valueRequired\":true,\"valueName\":\"search_term_string\"}}],\"inLanguage\":\"en-US\"}]}<\/script>\n<!-- \/ Yoast SEO plugin. -->","yoast_head_json":{"title":"ULTRA TURINN - Podno\u015bnik transportowo-k\u0105pielowy, przejezdny, elektryczny, z obrotow\u0105 kolumn\u0105 - INNOW","description":"Ergonomiczny podno\u015bnik transportowo-k\u0105pielowy z obrotow\u0105 kolumn\u0105 i mechanicznym wy\u0142\u0105cznikiem bezpiecze\u0144stwa. Siedzisko-chusta w komplecie. Sprawd\u017a!","robots":{"index":"index","follow":"follow","max-snippet":"max-snippet:-1","max-image-preview":"max-image-preview:large","max-video-preview":"max-video-preview:-1"},"canonical":"https:\/\/innow.pl\/produkt\/ultra-turinn-podnosnik-transportowo-kapielowy-przejezdny-elektryczny-z-obrotowa-kolumna\/","og_locale":"en_US","og_type":"article","og_title":"ULTRA TURINN - Podno\u015bnik transportowo-k\u0105pielowy, przejezdny, elektryczny, z obrotow\u0105 kolumn\u0105 - INNOW","og_description":"Ergonomiczny podno\u015bnik transportowo-k\u0105pielowy z obrotow\u0105 kolumn\u0105 i mechanicznym wy\u0142\u0105cznikiem bezpiecze\u0144stwa. Siedzisko-chusta w komplecie. Sprawd\u017a!","og_url":"https:\/\/innow.pl\/produkt\/ultra-turinn-podnosnik-transportowo-kapielowy-przejezdny-elektryczny-z-obrotowa-kolumna\/","og_site_name":"INNOW","article_modified_time":"2025-03-07T13:28:17+00:00","og_image":[{"width":800,"height":800,"url":"https:\/\/innow.pl\/wp-content\/uploads\/2024\/11\/ULTRA_TURINN_new.jpg","type":"image\/jpeg"}],"twitter_card":"summary_large_image","twitter_misc":{"Est. reading time":"1 minute"},"schema":{"@context":"https:\/\/schema.org","@graph":[{"@type":"WebPage","@id":"https:\/\/innow.pl\/produkt\/ultra-turinn-podnosnik-transportowo-kapielowy-przejezdny-elektryczny-z-obrotowa-kolumna\/","url":"https:\/\/innow.pl\/produkt\/ultra-turinn-podnosnik-transportowo-kapielowy-przejezdny-elektryczny-z-obrotowa-kolumna\/","name":"ULTRA TURINN - Podno\u015bnik transportowo-k\u0105pielowy, przejezdny, elektryczny, z obrotow\u0105 kolumn\u0105 - INNOW","isPartOf":{"@id":"https:\/\/innow.pl\/#website"},"primaryImageOfPage":{"@id":"https:\/\/innow.pl\/produkt\/ultra-turinn-podnosnik-transportowo-kapielowy-przejezdny-elektryczny-z-obrotowa-kolumna\/#primaryimage"},"image":{"@id":"https:\/\/innow.pl\/produkt\/ultra-turinn-podnosnik-transportowo-kapielowy-przejezdny-elektryczny-z-obrotowa-kolumna\/#primaryimage"},"thumbnailUrl":"https:\/\/innow.pl\/wp-content\/uploads\/2024\/11\/ULTRA_TURINN_new.jpg","datePublished":"2017-06-14T06:20:32+00:00","dateModified":"2025-03-07T13:28:17+00:00","description":"Ergonomiczny podno\u015bnik transportowo-k\u0105pielowy z obrotow\u0105 kolumn\u0105 i mechanicznym wy\u0142\u0105cznikiem bezpiecze\u0144stwa. Siedzisko-chusta w komplecie. Sprawd\u017a!","breadcrumb":{"@id":"https:\/\/innow.pl\/produkt\/ultra-turinn-podnosnik-transportowo-kapielowy-przejezdny-elektryczny-z-obrotowa-kolumna\/#breadcrumb"},"inLanguage":"en-US","potentialAction":[{"@type":"ReadAction","target":["https:\/\/innow.pl\/produkt\/ultra-turinn-podnosnik-transportowo-kapielowy-przejezdny-elektryczny-z-obrotowa-kolumna\/"]}]},{"@type":"ImageObject","inLanguage":"en-US","@id":"https:\/\/innow.pl\/produkt\/ultra-turinn-podnosnik-transportowo-kapielowy-przejezdny-elektryczny-z-obrotowa-kolumna\/#primaryimage","url":"https:\/\/innow.pl\/wp-content\/uploads\/2024\/11\/ULTRA_TURINN_new.jpg","contentUrl":"https:\/\/innow.pl\/wp-content\/uploads\/2024\/11\/ULTRA_TURINN_new.jpg","width":800,"height":800,"caption":"Podno\u015bnik transportowo-k\u0105pielowy, przejezdny, elektryczny, z obrotow\u0105 kolumn\u0105 \u2013 ULTRA TURINN \u2013 INNOW"},{"@type":"BreadcrumbList","@id":"https:\/\/innow.pl\/produkt\/ultra-turinn-podnosnik-transportowo-kapielowy-przejezdny-elektryczny-z-obrotowa-kolumna\/#breadcrumb","itemListElement":[{"@type":"ListItem","position":1,"name":"INNOW","item":"https:\/\/innow.pl\/en\/"},{"@type":"ListItem","position":2,"name":"Produkty","item":"https:\/\/innow.pl\/produkty\/"},{"@type":"ListItem","position":3,"name":"Podno\u015bniki","item":"https:\/\/innow.pl\/produkty\/podnosniki\/"},{"@type":"ListItem","position":4,"name":"Podno\u015bniki przejezdne","item":"https:\/\/innow.pl\/produkty\/podnosniki\/podnosniki-przejezdne\/"},{"@type":"ListItem","position":5,"name":"Podno\u015bniki przejezdne standardowe","item":"https:\/\/innow.pl\/produkty\/podnosniki\/podnosniki-przejezdne\/podnosniki-przejezdne-standardowe\/"},{"@type":"ListItem","position":6,"name":"ULTRA TURINN &#8211; Podno\u015bnik transportowo-k\u0105pielowy, przejezdny, elektryczny, z obrotow\u0105 kolumn\u0105"}]},{"@type":"WebSite","@id":"https:\/\/innow.pl\/#website","url":"https:\/\/innow.pl\/","name":"INNOW","description":"","potentialAction":[{"@type":"SearchAction","target":{"@type":"EntryPoint","urlTemplate":"https:\/\/innow.pl\/?s={search_term_string}"},"query-input":{"@type":"PropertyValueSpecification","valueRequired":true,"valueName":"search_term_string"}}],"inLanguage":"en-US"}]}},"_links":{"self":[{"href":"https:\/\/innow.pl\/en\/wp-json\/wp\/v2\/product\/24815","targetHints":{"allow":["GET"]}}],"collection":[{"href":"https:\/\/innow.pl\/en\/wp-json\/wp\/v2\/product"}],"about":[{"href":"https:\/\/innow.pl\/en\/wp-json\/wp\/v2\/types\/product"}],"replies":[{"embeddable":true,"href":"https:\/\/innow.pl\/en\/wp-json\/wp\/v2\/comments?post=24815"}],"wp:featuredmedia":[{"embeddable":true,"href":"https:\/\/innow.pl\/en\/wp-json\/wp\/v2\/media\/24817"}],"wp:attachment":[{"href":"https:\/\/innow.pl\/en\/wp-json\/wp\/v2\/media?parent=24815"}],"wp:term":[{"taxonomy":"product_brand","embeddable":true,"href":"https:\/\/innow.pl\/en\/wp-json\/wp\/v2\/product_brand?post=24815"},{"taxonomy":"product_cat","embeddable":true,"href":"https:\/\/innow.pl\/en\/wp-json\/wp\/v2\/product_cat?post=24815"},{"taxonomy":"product_tag","embeddable":true,"href":"https:\/\/innow.pl\/en\/wp-json\/wp\/v2\/product_tag?post=24815"}],"curies":[{"name":"wp","href":"https:\/\/api.w.org\/{rel}","templated":true}]}}