{"id":24803,"date":"2017-06-14T08:08:46","date_gmt":"2017-06-14T06:08:46","guid":{"rendered":"https:\/\/innow.pl\/produkt\/siedzisko-transportowo-kapielowe-stabilizujace-glowe-struktura-siatki\/"},"modified":"2025-01-27T11:07:57","modified_gmt":"2025-01-27T10:07:57","slug":"siedzisko-transportowo-kapielowe-stabilizujace-glowe-struktura-siatki","status":"publish","type":"product","link":"https:\/\/innow.pl\/en\/produkt\/siedzisko-transportowo-kapielowe-stabilizujace-glowe-struktura-siatki\/","title":{"rendered":"Siedzisko transportowo-k\u0105pielowe stabilizuj\u0105ce g\u0142ow\u0119 do ULTRA II &#8211; struktura siatki &#8211; rozmiar M"},"content":{"rendered":"<p><strong>Stawka VAT 8 % obowi\u0105zuje w przypadku zam\u00f3wienia siedziska jako doposa\u017cenie do podno\u015bnika ULTRA II.<\/strong> <strong> Do pozosta\u0142ych podno\u015bnik\u00f3w lub samo siedzisko- obowi\u0105zuje stawka VAT 23 %.<\/strong><\/p>\n","protected":false},"excerpt":{"rendered":"<p>Stawka VAT 8 % obowi\u0105zuje w przypadku zam\u00f3wienia siedziska jako doposa\u017cenie do podno\u015bnika ULTRA II. Do pozosta\u0142ych podno\u015bnik\u00f3w lub samo siedzisko- obowi\u0105zuje stawka VAT 23 %.<\/p>\n","protected":false},"featured_media":24805,"comment_status":"open","ping_status":"open","template":"","meta":{"_acf_changed":false},"product_brand":[],"product_cat":[435,518,527],"product_tag":[],"class_list":{"0":"post-24803","1":"product","2":"type-product","3":"status-publish","4":"has-post-thumbnail","6":"product_cat-podnosniki","7":"product_cat-podnosniki-przejezdne","8":"product_cat-siedziska-i-lezyska-do-podnosnikow-przejezdnych","10":"first","11":"instock","12":"taxable","13":"shipping-taxable","14":"purchasable","15":"product-type-simple"},"acf":[],"yoast_head":"<!-- This site is optimized with the Yoast SEO plugin v27.4 - https:\/\/yoast.com\/product\/yoast-seo-wordpress\/ -->\n<title>Siedzisko transportowo-k\u0105pielowe stabilizuj\u0105ce g\u0142ow\u0119 do ULTRA II - struktura siatki - rozmiar M - INNOW<\/title>\n<meta name=\"description\" content=\"Przeznaczone do podno\u015bnika ULTRA II, siedzisko transportowo-k\u0105pielowe stabilizuj\u0105ce g\u0142ow\u0119 w rozmiarze M. Sprawd\u017a szczeg\u00f3\u0142y!\" \/>\n<meta name=\"robots\" content=\"index, follow, max-snippet:-1, max-image-preview:large, max-video-preview:-1\" \/>\n<link rel=\"canonical\" href=\"https:\/\/innow.pl\/produkt\/siedzisko-transportowo-kapielowe-stabilizujace-glowe-struktura-siatki\/\" \/>\n<meta property=\"og:locale\" content=\"en_US\" \/>\n<meta property=\"og:type\" content=\"article\" \/>\n<meta property=\"og:title\" content=\"Siedzisko transportowo-k\u0105pielowe stabilizuj\u0105ce g\u0142ow\u0119 do ULTRA II - struktura siatki - rozmiar M - INNOW\" \/>\n<meta property=\"og:description\" content=\"Przeznaczone do podno\u015bnika ULTRA II, siedzisko transportowo-k\u0105pielowe stabilizuj\u0105ce g\u0142ow\u0119 w rozmiarze M. Sprawd\u017a szczeg\u00f3\u0142y!\" \/>\n<meta property=\"og:url\" content=\"https:\/\/innow.pl\/produkt\/siedzisko-transportowo-kapielowe-stabilizujace-glowe-struktura-siatki\/\" \/>\n<meta property=\"og:site_name\" content=\"INNOW\" \/>\n<meta property=\"article:modified_time\" content=\"2025-01-27T10:07:57+00:00\" \/>\n<meta property=\"og:image\" content=\"https:\/\/innow.pl\/wp-content\/uploads\/2024\/11\/siedzisko_1-2.jpg\" \/>\n\t<meta property=\"og:image:width\" content=\"550\" \/>\n\t<meta property=\"og:image:height\" content=\"550\" \/>\n\t<meta property=\"og:image:type\" content=\"image\/jpeg\" \/>\n<meta name=\"twitter:card\" content=\"summary_large_image\" \/>\n<script type=\"application\/ld+json\" class=\"yoast-schema-graph\">{\"@context\":\"https:\\\/\\\/schema.org\",\"@graph\":[{\"@type\":\"WebPage\",\"@id\":\"https:\\\/\\\/innow.pl\\\/produkt\\\/siedzisko-transportowo-kapielowe-stabilizujace-glowe-struktura-siatki\\\/\",\"url\":\"https:\\\/\\\/innow.pl\\\/produkt\\\/siedzisko-transportowo-kapielowe-stabilizujace-glowe-struktura-siatki\\\/\",\"name\":\"Siedzisko transportowo-k\u0105pielowe stabilizuj\u0105ce g\u0142ow\u0119 do ULTRA II - struktura siatki - rozmiar M - INNOW\",\"isPartOf\":{\"@id\":\"https:\\\/\\\/innow.pl\\\/#website\"},\"primaryImageOfPage\":{\"@id\":\"https:\\\/\\\/innow.pl\\\/produkt\\\/siedzisko-transportowo-kapielowe-stabilizujace-glowe-struktura-siatki\\\/#primaryimage\"},\"image\":{\"@id\":\"https:\\\/\\\/innow.pl\\\/produkt\\\/siedzisko-transportowo-kapielowe-stabilizujace-glowe-struktura-siatki\\\/#primaryimage\"},\"thumbnailUrl\":\"https:\\\/\\\/innow.pl\\\/wp-content\\\/uploads\\\/2024\\\/11\\\/siedzisko_1-2.jpg\",\"datePublished\":\"2017-06-14T06:08:46+00:00\",\"dateModified\":\"2025-01-27T10:07:57+00:00\",\"description\":\"Przeznaczone do podno\u015bnika ULTRA II, siedzisko transportowo-k\u0105pielowe stabilizuj\u0105ce g\u0142ow\u0119 w rozmiarze M. Sprawd\u017a szczeg\u00f3\u0142y!\",\"breadcrumb\":{\"@id\":\"https:\\\/\\\/innow.pl\\\/produkt\\\/siedzisko-transportowo-kapielowe-stabilizujace-glowe-struktura-siatki\\\/#breadcrumb\"},\"inLanguage\":\"en-US\",\"potentialAction\":[{\"@type\":\"ReadAction\",\"target\":[\"https:\\\/\\\/innow.pl\\\/produkt\\\/siedzisko-transportowo-kapielowe-stabilizujace-glowe-struktura-siatki\\\/\"]}]},{\"@type\":\"ImageObject\",\"inLanguage\":\"en-US\",\"@id\":\"https:\\\/\\\/innow.pl\\\/produkt\\\/siedzisko-transportowo-kapielowe-stabilizujace-glowe-struktura-siatki\\\/#primaryimage\",\"url\":\"https:\\\/\\\/innow.pl\\\/wp-content\\\/uploads\\\/2024\\\/11\\\/siedzisko_1-2.jpg\",\"contentUrl\":\"https:\\\/\\\/innow.pl\\\/wp-content\\\/uploads\\\/2024\\\/11\\\/siedzisko_1-2.jpg\",\"width\":550,\"height\":550,\"caption\":\"Siedzisko transportowo-k\u0105pielowe stabilizuj\u0105ce g\u0142ow\u0119 do ULTRA II - struktura siatki - rozmiar M - INNOW\"},{\"@type\":\"BreadcrumbList\",\"@id\":\"https:\\\/\\\/innow.pl\\\/produkt\\\/siedzisko-transportowo-kapielowe-stabilizujace-glowe-struktura-siatki\\\/#breadcrumb\",\"itemListElement\":[{\"@type\":\"ListItem\",\"position\":1,\"name\":\"INNOW\",\"item\":\"https:\\\/\\\/innow.pl\\\/en\\\/\"},{\"@type\":\"ListItem\",\"position\":2,\"name\":\"Produkty\",\"item\":\"https:\\\/\\\/innow.pl\\\/produkty\\\/\"},{\"@type\":\"ListItem\",\"position\":3,\"name\":\"Podno\u015bniki\",\"item\":\"https:\\\/\\\/innow.pl\\\/produkty\\\/podnosniki\\\/\"},{\"@type\":\"ListItem\",\"position\":4,\"name\":\"Podno\u015bniki przejezdne\",\"item\":\"https:\\\/\\\/innow.pl\\\/produkty\\\/podnosniki\\\/podnosniki-przejezdne\\\/\"},{\"@type\":\"ListItem\",\"position\":5,\"name\":\"Siedziska i le\u017cyska do podno\u015bnik\u00f3w\",\"item\":\"https:\\\/\\\/innow.pl\\\/produkty\\\/podnosniki\\\/podnosniki-przejezdne\\\/siedziska-i-lezyska-do-podnosnikow-przejezdnych\\\/\"},{\"@type\":\"ListItem\",\"position\":6,\"name\":\"Siedzisko transportowo-k\u0105pielowe stabilizuj\u0105ce g\u0142ow\u0119 do ULTRA II &#8211; struktura siatki &#8211; rozmiar M\"}]},{\"@type\":\"WebSite\",\"@id\":\"https:\\\/\\\/innow.pl\\\/#website\",\"url\":\"https:\\\/\\\/innow.pl\\\/\",\"name\":\"INNOW\",\"description\":\"\",\"potentialAction\":[{\"@type\":\"SearchAction\",\"target\":{\"@type\":\"EntryPoint\",\"urlTemplate\":\"https:\\\/\\\/innow.pl\\\/?s={search_term_string}\"},\"query-input\":{\"@type\":\"PropertyValueSpecification\",\"valueRequired\":true,\"valueName\":\"search_term_string\"}}],\"inLanguage\":\"en-US\"}]}<\/script>\n<!-- \/ Yoast SEO plugin. -->","yoast_head_json":{"title":"Siedzisko transportowo-k\u0105pielowe stabilizuj\u0105ce g\u0142ow\u0119 do ULTRA II - struktura siatki - rozmiar M - INNOW","description":"Przeznaczone do podno\u015bnika ULTRA II, siedzisko transportowo-k\u0105pielowe stabilizuj\u0105ce g\u0142ow\u0119 w rozmiarze M. Sprawd\u017a szczeg\u00f3\u0142y!","robots":{"index":"index","follow":"follow","max-snippet":"max-snippet:-1","max-image-preview":"max-image-preview:large","max-video-preview":"max-video-preview:-1"},"canonical":"https:\/\/innow.pl\/produkt\/siedzisko-transportowo-kapielowe-stabilizujace-glowe-struktura-siatki\/","og_locale":"en_US","og_type":"article","og_title":"Siedzisko transportowo-k\u0105pielowe stabilizuj\u0105ce g\u0142ow\u0119 do ULTRA II - struktura siatki - rozmiar M - INNOW","og_description":"Przeznaczone do podno\u015bnika ULTRA II, siedzisko transportowo-k\u0105pielowe stabilizuj\u0105ce g\u0142ow\u0119 w rozmiarze M. Sprawd\u017a szczeg\u00f3\u0142y!","og_url":"https:\/\/innow.pl\/produkt\/siedzisko-transportowo-kapielowe-stabilizujace-glowe-struktura-siatki\/","og_site_name":"INNOW","article_modified_time":"2025-01-27T10:07:57+00:00","og_image":[{"width":550,"height":550,"url":"https:\/\/innow.pl\/wp-content\/uploads\/2024\/11\/siedzisko_1-2.jpg","type":"image\/jpeg"}],"twitter_card":"summary_large_image","schema":{"@context":"https:\/\/schema.org","@graph":[{"@type":"WebPage","@id":"https:\/\/innow.pl\/produkt\/siedzisko-transportowo-kapielowe-stabilizujace-glowe-struktura-siatki\/","url":"https:\/\/innow.pl\/produkt\/siedzisko-transportowo-kapielowe-stabilizujace-glowe-struktura-siatki\/","name":"Siedzisko transportowo-k\u0105pielowe stabilizuj\u0105ce g\u0142ow\u0119 do ULTRA II - struktura siatki - rozmiar M - INNOW","isPartOf":{"@id":"https:\/\/innow.pl\/#website"},"primaryImageOfPage":{"@id":"https:\/\/innow.pl\/produkt\/siedzisko-transportowo-kapielowe-stabilizujace-glowe-struktura-siatki\/#primaryimage"},"image":{"@id":"https:\/\/innow.pl\/produkt\/siedzisko-transportowo-kapielowe-stabilizujace-glowe-struktura-siatki\/#primaryimage"},"thumbnailUrl":"https:\/\/innow.pl\/wp-content\/uploads\/2024\/11\/siedzisko_1-2.jpg","datePublished":"2017-06-14T06:08:46+00:00","dateModified":"2025-01-27T10:07:57+00:00","description":"Przeznaczone do podno\u015bnika ULTRA II, siedzisko transportowo-k\u0105pielowe stabilizuj\u0105ce g\u0142ow\u0119 w rozmiarze M. Sprawd\u017a szczeg\u00f3\u0142y!","breadcrumb":{"@id":"https:\/\/innow.pl\/produkt\/siedzisko-transportowo-kapielowe-stabilizujace-glowe-struktura-siatki\/#breadcrumb"},"inLanguage":"en-US","potentialAction":[{"@type":"ReadAction","target":["https:\/\/innow.pl\/produkt\/siedzisko-transportowo-kapielowe-stabilizujace-glowe-struktura-siatki\/"]}]},{"@type":"ImageObject","inLanguage":"en-US","@id":"https:\/\/innow.pl\/produkt\/siedzisko-transportowo-kapielowe-stabilizujace-glowe-struktura-siatki\/#primaryimage","url":"https:\/\/innow.pl\/wp-content\/uploads\/2024\/11\/siedzisko_1-2.jpg","contentUrl":"https:\/\/innow.pl\/wp-content\/uploads\/2024\/11\/siedzisko_1-2.jpg","width":550,"height":550,"caption":"Siedzisko transportowo-k\u0105pielowe stabilizuj\u0105ce g\u0142ow\u0119 do ULTRA II - struktura siatki - rozmiar M - INNOW"},{"@type":"BreadcrumbList","@id":"https:\/\/innow.pl\/produkt\/siedzisko-transportowo-kapielowe-stabilizujace-glowe-struktura-siatki\/#breadcrumb","itemListElement":[{"@type":"ListItem","position":1,"name":"INNOW","item":"https:\/\/innow.pl\/en\/"},{"@type":"ListItem","position":2,"name":"Produkty","item":"https:\/\/innow.pl\/produkty\/"},{"@type":"ListItem","position":3,"name":"Podno\u015bniki","item":"https:\/\/innow.pl\/produkty\/podnosniki\/"},{"@type":"ListItem","position":4,"name":"Podno\u015bniki przejezdne","item":"https:\/\/innow.pl\/produkty\/podnosniki\/podnosniki-przejezdne\/"},{"@type":"ListItem","position":5,"name":"Siedziska i le\u017cyska do podno\u015bnik\u00f3w","item":"https:\/\/innow.pl\/produkty\/podnosniki\/podnosniki-przejezdne\/siedziska-i-lezyska-do-podnosnikow-przejezdnych\/"},{"@type":"ListItem","position":6,"name":"Siedzisko transportowo-k\u0105pielowe stabilizuj\u0105ce g\u0142ow\u0119 do ULTRA II &#8211; struktura siatki &#8211; rozmiar M"}]},{"@type":"WebSite","@id":"https:\/\/innow.pl\/#website","url":"https:\/\/innow.pl\/","name":"INNOW","description":"","potentialAction":[{"@type":"SearchAction","target":{"@type":"EntryPoint","urlTemplate":"https:\/\/innow.pl\/?s={search_term_string}"},"query-input":{"@type":"PropertyValueSpecification","valueRequired":true,"valueName":"search_term_string"}}],"inLanguage":"en-US"}]}},"_links":{"self":[{"href":"https:\/\/innow.pl\/en\/wp-json\/wp\/v2\/product\/24803","targetHints":{"allow":["GET"]}}],"collection":[{"href":"https:\/\/innow.pl\/en\/wp-json\/wp\/v2\/product"}],"about":[{"href":"https:\/\/innow.pl\/en\/wp-json\/wp\/v2\/types\/product"}],"replies":[{"embeddable":true,"href":"https:\/\/innow.pl\/en\/wp-json\/wp\/v2\/comments?post=24803"}],"wp:featuredmedia":[{"embeddable":true,"href":"https:\/\/innow.pl\/en\/wp-json\/wp\/v2\/media\/24805"}],"wp:attachment":[{"href":"https:\/\/innow.pl\/en\/wp-json\/wp\/v2\/media?parent=24803"}],"wp:term":[{"taxonomy":"product_brand","embeddable":true,"href":"https:\/\/innow.pl\/en\/wp-json\/wp\/v2\/product_brand?post=24803"},{"taxonomy":"product_cat","embeddable":true,"href":"https:\/\/innow.pl\/en\/wp-json\/wp\/v2\/product_cat?post=24803"},{"taxonomy":"product_tag","embeddable":true,"href":"https:\/\/innow.pl\/en\/wp-json\/wp\/v2\/product_tag?post=24803"}],"curies":[{"name":"wp","href":"https:\/\/api.w.org\/{rel}","templated":true}]}}