{"id":24784,"date":"2017-06-14T06:39:54","date_gmt":"2017-06-14T04:39:54","guid":{"rendered":"https:\/\/innow.pl\/produkt\/relax-iia-podnosnik-wannowy-elektyczny-sterowany-pilotem\/"},"modified":"2025-03-26T11:01:13","modified_gmt":"2025-03-26T10:01:13","slug":"relax-iia-podnosnik-wannowy-elektyczny-sterowany-pilotem","status":"publish","type":"product","link":"https:\/\/innow.pl\/en\/produkt\/relax-iia-podnosnik-wannowy-elektyczny-sterowany-pilotem\/","title":{"rendered":"RELAX IIA &#8211; Podno\u015bnik wannowy elektryczny sterowany pilotem"},"content":{"rendered":"<p>Podno\u015bnik RELAX IIA charakteryzuje si\u0119 <strong>wytrzyma\u0142\u0105, stabiln\u0105 ram\u0105<\/strong> i wyposa\u017cony jest w <strong>nap\u0119d elektryczny o du\u017cej mocy<\/strong>, nie wymagaj\u0105cy konserwacji. Zawiera wysokie <strong>oparcie<\/strong> z dodatkowo ukszta\u0142towanym<strong> zag\u0142\u00f3wkiem<\/strong>, <strong>ergonomiczny pilot<\/strong> unosz\u0105cy si\u0119 na wodzie oraz <strong>zdejmowane pokrycia<\/strong> z materia\u0142u, kt\u00f3ry pozwala na pranie ich w pralce. Umo\u017cliwia uzyskanie wi\u0119kszej ilo\u015bci miejsca w wannie dzi\u0119ki <strong>p\u0142ycie dolnej o optymalnym kszta\u0142cie<\/strong>. Podno\u015bnik ma g\u0142adk\u0105 powierzchni\u0119, \u0142atw\u0105 w <strong>utrzymaniu czysto\u015bci<\/strong> oraz wyposa\u017cony jest w <strong>automatycznie odpowietrzaj\u0105ce si\u0119 zawory<\/strong>.<\/p>\n","protected":false},"excerpt":{"rendered":"<p>Podno\u015bnik RELAX IIA charakteryzuje si\u0119 wytrzyma\u0142\u0105, stabiln\u0105 ram\u0105 i wyposa\u017cony jest w nap\u0119d elektryczny o du\u017cej mocy, nie wymagaj\u0105cy konserwacji. Zawiera wysokie oparcie z dodatkowo ukszta\u0142towanym zag\u0142\u00f3wkiem, ergonomiczny pilot unosz\u0105cy si\u0119 na wodzie oraz zdejmowane pokrycia z materia\u0142u, kt\u00f3ry pozwala na pranie ich w pralce. Umo\u017cliwia uzyskanie wi\u0119kszej ilo\u015bci miejsca w wannie dzi\u0119ki p\u0142ycie dolnej [&hellip;]<\/p>\n","protected":false},"featured_media":24786,"comment_status":"open","ping_status":"closed","template":"","meta":{"_acf_changed":false},"product_brand":[],"product_cat":[435,490],"product_tag":[],"class_list":{"0":"post-24784","1":"product","2":"type-product","3":"status-publish","4":"has-post-thumbnail","6":"product_cat-podnosniki","7":"product_cat-podnosniki-wannowe","8":"pa_glebokosc-siedziska-49-cm","9":"pa_podstawa-podnosnika-58x285-cm","10":"pa_wysokosc-oparcia-665-cm","11":"pa_wysokosc-siedziska-6-42-cm","13":"first","14":"instock","15":"taxable","16":"shipping-taxable","17":"purchasable","18":"product-type-simple"},"acf":[],"yoast_head":"<!-- This site is optimized with the Yoast SEO plugin v27.4 - https:\/\/yoast.com\/product\/yoast-seo-wordpress\/ -->\n<title>RELAX IIA - Podno\u015bnik wannowy elektryczny sterowany pilotem - INNOW<\/title>\n<meta name=\"description\" content=\"Wytrzyma\u0142y podno\u015bnik wannowy elektryczny sterowany pilotem z nap\u0119dem du\u017cej mocy, komfortowym, wysokim oparciem i zag\u0142\u00f3wek. Zobacz wi\u0119cej!\" \/>\n<meta name=\"robots\" content=\"index, follow, max-snippet:-1, max-image-preview:large, max-video-preview:-1\" \/>\n<link rel=\"canonical\" href=\"https:\/\/innow.pl\/produkt\/relax-iia-podnosnik-wannowy-elektyczny-sterowany-pilotem\/\" \/>\n<meta property=\"og:locale\" content=\"en_US\" \/>\n<meta property=\"og:type\" content=\"article\" \/>\n<meta property=\"og:title\" content=\"RELAX IIA - Podno\u015bnik wannowy elektryczny sterowany pilotem - INNOW\" \/>\n<meta property=\"og:description\" content=\"Wytrzyma\u0142y podno\u015bnik wannowy elektryczny sterowany pilotem z nap\u0119dem du\u017cej mocy, komfortowym, wysokim oparciem i zag\u0142\u00f3wek. Zobacz wi\u0119cej!\" \/>\n<meta property=\"og:url\" content=\"https:\/\/innow.pl\/produkt\/relax-iia-podnosnik-wannowy-elektyczny-sterowany-pilotem\/\" \/>\n<meta property=\"og:site_name\" content=\"INNOW\" \/>\n<meta property=\"article:modified_time\" content=\"2025-03-26T10:01:13+00:00\" \/>\n<meta property=\"og:image\" content=\"https:\/\/innow.pl\/wp-content\/uploads\/2024\/11\/RELAX_IIA_1.jpg\" \/>\n\t<meta property=\"og:image:width\" content=\"800\" \/>\n\t<meta property=\"og:image:height\" content=\"800\" \/>\n\t<meta property=\"og:image:type\" content=\"image\/jpeg\" \/>\n<meta name=\"twitter:card\" content=\"summary_large_image\" \/>\n<meta name=\"twitter:label1\" content=\"Est. reading time\" \/>\n\t<meta name=\"twitter:data1\" content=\"1 minute\" \/>\n<script type=\"application\/ld+json\" class=\"yoast-schema-graph\">{\"@context\":\"https:\\\/\\\/schema.org\",\"@graph\":[{\"@type\":\"WebPage\",\"@id\":\"https:\\\/\\\/innow.pl\\\/produkt\\\/relax-iia-podnosnik-wannowy-elektyczny-sterowany-pilotem\\\/\",\"url\":\"https:\\\/\\\/innow.pl\\\/produkt\\\/relax-iia-podnosnik-wannowy-elektyczny-sterowany-pilotem\\\/\",\"name\":\"RELAX IIA - Podno\u015bnik wannowy elektryczny sterowany pilotem - INNOW\",\"isPartOf\":{\"@id\":\"https:\\\/\\\/innow.pl\\\/#website\"},\"primaryImageOfPage\":{\"@id\":\"https:\\\/\\\/innow.pl\\\/produkt\\\/relax-iia-podnosnik-wannowy-elektyczny-sterowany-pilotem\\\/#primaryimage\"},\"image\":{\"@id\":\"https:\\\/\\\/innow.pl\\\/produkt\\\/relax-iia-podnosnik-wannowy-elektyczny-sterowany-pilotem\\\/#primaryimage\"},\"thumbnailUrl\":\"https:\\\/\\\/innow.pl\\\/wp-content\\\/uploads\\\/2024\\\/11\\\/RELAX_IIA_1.jpg\",\"datePublished\":\"2017-06-14T04:39:54+00:00\",\"dateModified\":\"2025-03-26T10:01:13+00:00\",\"description\":\"Wytrzyma\u0142y podno\u015bnik wannowy elektryczny sterowany pilotem z nap\u0119dem du\u017cej mocy, komfortowym, wysokim oparciem i zag\u0142\u00f3wek. Zobacz wi\u0119cej!\",\"breadcrumb\":{\"@id\":\"https:\\\/\\\/innow.pl\\\/produkt\\\/relax-iia-podnosnik-wannowy-elektyczny-sterowany-pilotem\\\/#breadcrumb\"},\"inLanguage\":\"en-US\",\"potentialAction\":[{\"@type\":\"ReadAction\",\"target\":[\"https:\\\/\\\/innow.pl\\\/produkt\\\/relax-iia-podnosnik-wannowy-elektyczny-sterowany-pilotem\\\/\"]}]},{\"@type\":\"ImageObject\",\"inLanguage\":\"en-US\",\"@id\":\"https:\\\/\\\/innow.pl\\\/produkt\\\/relax-iia-podnosnik-wannowy-elektyczny-sterowany-pilotem\\\/#primaryimage\",\"url\":\"https:\\\/\\\/innow.pl\\\/wp-content\\\/uploads\\\/2024\\\/11\\\/RELAX_IIA_1.jpg\",\"contentUrl\":\"https:\\\/\\\/innow.pl\\\/wp-content\\\/uploads\\\/2024\\\/11\\\/RELAX_IIA_1.jpg\",\"width\":800,\"height\":800,\"caption\":\"Podno\u015bnik wannowy elektryczny sterowany pilotem \u2013 RELAX IIA \u2013 INNOW\"},{\"@type\":\"BreadcrumbList\",\"@id\":\"https:\\\/\\\/innow.pl\\\/produkt\\\/relax-iia-podnosnik-wannowy-elektyczny-sterowany-pilotem\\\/#breadcrumb\",\"itemListElement\":[{\"@type\":\"ListItem\",\"position\":1,\"name\":\"INNOW\",\"item\":\"https:\\\/\\\/innow.pl\\\/en\\\/\"},{\"@type\":\"ListItem\",\"position\":2,\"name\":\"Produkty\",\"item\":\"https:\\\/\\\/innow.pl\\\/produkty\\\/\"},{\"@type\":\"ListItem\",\"position\":3,\"name\":\"Podno\u015bniki\",\"item\":\"https:\\\/\\\/innow.pl\\\/produkty\\\/podnosniki\\\/\"},{\"@type\":\"ListItem\",\"position\":4,\"name\":\"Podno\u015bniki wannowe\",\"item\":\"https:\\\/\\\/innow.pl\\\/produkty\\\/podnosniki\\\/podnosniki-wannowe\\\/\"},{\"@type\":\"ListItem\",\"position\":5,\"name\":\"RELAX IIA &#8211; Podno\u015bnik wannowy elektryczny sterowany pilotem\"}]},{\"@type\":\"WebSite\",\"@id\":\"https:\\\/\\\/innow.pl\\\/#website\",\"url\":\"https:\\\/\\\/innow.pl\\\/\",\"name\":\"INNOW\",\"description\":\"\",\"potentialAction\":[{\"@type\":\"SearchAction\",\"target\":{\"@type\":\"EntryPoint\",\"urlTemplate\":\"https:\\\/\\\/innow.pl\\\/?s={search_term_string}\"},\"query-input\":{\"@type\":\"PropertyValueSpecification\",\"valueRequired\":true,\"valueName\":\"search_term_string\"}}],\"inLanguage\":\"en-US\"}]}<\/script>\n<!-- \/ Yoast SEO plugin. -->","yoast_head_json":{"title":"RELAX IIA - Podno\u015bnik wannowy elektryczny sterowany pilotem - INNOW","description":"Wytrzyma\u0142y podno\u015bnik wannowy elektryczny sterowany pilotem z nap\u0119dem du\u017cej mocy, komfortowym, wysokim oparciem i zag\u0142\u00f3wek. Zobacz wi\u0119cej!","robots":{"index":"index","follow":"follow","max-snippet":"max-snippet:-1","max-image-preview":"max-image-preview:large","max-video-preview":"max-video-preview:-1"},"canonical":"https:\/\/innow.pl\/produkt\/relax-iia-podnosnik-wannowy-elektyczny-sterowany-pilotem\/","og_locale":"en_US","og_type":"article","og_title":"RELAX IIA - Podno\u015bnik wannowy elektryczny sterowany pilotem - INNOW","og_description":"Wytrzyma\u0142y podno\u015bnik wannowy elektryczny sterowany pilotem z nap\u0119dem du\u017cej mocy, komfortowym, wysokim oparciem i zag\u0142\u00f3wek. Zobacz wi\u0119cej!","og_url":"https:\/\/innow.pl\/produkt\/relax-iia-podnosnik-wannowy-elektyczny-sterowany-pilotem\/","og_site_name":"INNOW","article_modified_time":"2025-03-26T10:01:13+00:00","og_image":[{"width":800,"height":800,"url":"https:\/\/innow.pl\/wp-content\/uploads\/2024\/11\/RELAX_IIA_1.jpg","type":"image\/jpeg"}],"twitter_card":"summary_large_image","twitter_misc":{"Est. reading time":"1 minute"},"schema":{"@context":"https:\/\/schema.org","@graph":[{"@type":"WebPage","@id":"https:\/\/innow.pl\/produkt\/relax-iia-podnosnik-wannowy-elektyczny-sterowany-pilotem\/","url":"https:\/\/innow.pl\/produkt\/relax-iia-podnosnik-wannowy-elektyczny-sterowany-pilotem\/","name":"RELAX IIA - Podno\u015bnik wannowy elektryczny sterowany pilotem - INNOW","isPartOf":{"@id":"https:\/\/innow.pl\/#website"},"primaryImageOfPage":{"@id":"https:\/\/innow.pl\/produkt\/relax-iia-podnosnik-wannowy-elektyczny-sterowany-pilotem\/#primaryimage"},"image":{"@id":"https:\/\/innow.pl\/produkt\/relax-iia-podnosnik-wannowy-elektyczny-sterowany-pilotem\/#primaryimage"},"thumbnailUrl":"https:\/\/innow.pl\/wp-content\/uploads\/2024\/11\/RELAX_IIA_1.jpg","datePublished":"2017-06-14T04:39:54+00:00","dateModified":"2025-03-26T10:01:13+00:00","description":"Wytrzyma\u0142y podno\u015bnik wannowy elektryczny sterowany pilotem z nap\u0119dem du\u017cej mocy, komfortowym, wysokim oparciem i zag\u0142\u00f3wek. Zobacz wi\u0119cej!","breadcrumb":{"@id":"https:\/\/innow.pl\/produkt\/relax-iia-podnosnik-wannowy-elektyczny-sterowany-pilotem\/#breadcrumb"},"inLanguage":"en-US","potentialAction":[{"@type":"ReadAction","target":["https:\/\/innow.pl\/produkt\/relax-iia-podnosnik-wannowy-elektyczny-sterowany-pilotem\/"]}]},{"@type":"ImageObject","inLanguage":"en-US","@id":"https:\/\/innow.pl\/produkt\/relax-iia-podnosnik-wannowy-elektyczny-sterowany-pilotem\/#primaryimage","url":"https:\/\/innow.pl\/wp-content\/uploads\/2024\/11\/RELAX_IIA_1.jpg","contentUrl":"https:\/\/innow.pl\/wp-content\/uploads\/2024\/11\/RELAX_IIA_1.jpg","width":800,"height":800,"caption":"Podno\u015bnik wannowy elektryczny sterowany pilotem \u2013 RELAX IIA \u2013 INNOW"},{"@type":"BreadcrumbList","@id":"https:\/\/innow.pl\/produkt\/relax-iia-podnosnik-wannowy-elektyczny-sterowany-pilotem\/#breadcrumb","itemListElement":[{"@type":"ListItem","position":1,"name":"INNOW","item":"https:\/\/innow.pl\/en\/"},{"@type":"ListItem","position":2,"name":"Produkty","item":"https:\/\/innow.pl\/produkty\/"},{"@type":"ListItem","position":3,"name":"Podno\u015bniki","item":"https:\/\/innow.pl\/produkty\/podnosniki\/"},{"@type":"ListItem","position":4,"name":"Podno\u015bniki wannowe","item":"https:\/\/innow.pl\/produkty\/podnosniki\/podnosniki-wannowe\/"},{"@type":"ListItem","position":5,"name":"RELAX IIA &#8211; Podno\u015bnik wannowy elektryczny sterowany pilotem"}]},{"@type":"WebSite","@id":"https:\/\/innow.pl\/#website","url":"https:\/\/innow.pl\/","name":"INNOW","description":"","potentialAction":[{"@type":"SearchAction","target":{"@type":"EntryPoint","urlTemplate":"https:\/\/innow.pl\/?s={search_term_string}"},"query-input":{"@type":"PropertyValueSpecification","valueRequired":true,"valueName":"search_term_string"}}],"inLanguage":"en-US"}]}},"_links":{"self":[{"href":"https:\/\/innow.pl\/en\/wp-json\/wp\/v2\/product\/24784","targetHints":{"allow":["GET"]}}],"collection":[{"href":"https:\/\/innow.pl\/en\/wp-json\/wp\/v2\/product"}],"about":[{"href":"https:\/\/innow.pl\/en\/wp-json\/wp\/v2\/types\/product"}],"replies":[{"embeddable":true,"href":"https:\/\/innow.pl\/en\/wp-json\/wp\/v2\/comments?post=24784"}],"wp:featuredmedia":[{"embeddable":true,"href":"https:\/\/innow.pl\/en\/wp-json\/wp\/v2\/media\/24786"}],"wp:attachment":[{"href":"https:\/\/innow.pl\/en\/wp-json\/wp\/v2\/media?parent=24784"}],"wp:term":[{"taxonomy":"product_brand","embeddable":true,"href":"https:\/\/innow.pl\/en\/wp-json\/wp\/v2\/product_brand?post=24784"},{"taxonomy":"product_cat","embeddable":true,"href":"https:\/\/innow.pl\/en\/wp-json\/wp\/v2\/product_cat?post=24784"},{"taxonomy":"product_tag","embeddable":true,"href":"https:\/\/innow.pl\/en\/wp-json\/wp\/v2\/product_tag?post=24784"}],"curies":[{"name":"wp","href":"https:\/\/api.w.org\/{rel}","templated":true}]}}