{"id":24648,"date":"2024-01-16T07:10:36","date_gmt":"2024-01-16T06:10:36","guid":{"rendered":"https:\/\/innow.pl\/produkt\/t673vb-wozek-dzwig-schodowy-reczny-z-podglowkiem\/"},"modified":"2026-02-04T12:20:37","modified_gmt":"2026-02-04T11:20:37","slug":"t673vb-wozek-dzwig-schodowy-reczny-z-podglowkiem","status":"publish","type":"product","link":"https:\/\/innow.pl\/en\/produkt\/t673vb-wozek-dzwig-schodowy-reczny-z-podglowkiem\/","title":{"rendered":"T673VB &#8211; W\u00f3zek (d\u017awig) schodowy r\u0119czny z podg\u0142\u00f3wkiem"},"content":{"rendered":"<p>R\u0119czny w\u00f3zek transportowy w pozycji siedz\u0105cej (w\u00f3zek na schody dla niepe\u0142nosprawnych, schodo\u0142az r\u0119czny) z zastosowaniem do transportu pacjent\u00f3w, os\u00f3b chorych, z dysfunkcjami narz\u0105du ruchu po schodach, zw\u0142aszcza w trudno dost\u0119pnych, ciasnych miejscach. Podczas czynno\u015bci tej w\u00f3zek obs\u0142ugiwa\u0107 musz\u0105 2 osoby. Bezpiecze\u0144stwo pacjenta jest zwi\u0119kszone dzi\u0119ki obecno\u015bci pas\u00f3w bezpiecze\u0144stwa i specjalnego podg\u0142\u00f3wka. Standardowy kolor tapicerki: b\u0142\u0119kitny 5154.<\/p>\n","protected":false},"excerpt":{"rendered":"<p>R\u0119czny w\u00f3zek transportowy w pozycji siedz\u0105cej (w\u00f3zek na schody dla niepe\u0142nosprawnych, schodo\u0142az r\u0119czny) z zastosowaniem do transportu pacjent\u00f3w, os\u00f3b chorych, z dysfunkcjami narz\u0105du ruchu po schodach, zw\u0142aszcza w trudno dost\u0119pnych, ciasnych miejscach. Podczas czynno\u015bci tej w\u00f3zek obs\u0142ugiwa\u0107 musz\u0105 2 osoby. Bezpiecze\u0144stwo pacjenta jest zwi\u0119kszone dzi\u0119ki obecno\u015bci pas\u00f3w bezpiecze\u0144stwa i specjalnego podg\u0142\u00f3wka. Standardowy kolor tapicerki: b\u0142\u0119kitny [&hellip;]<\/p>\n","protected":false},"featured_media":24650,"comment_status":"open","ping_status":"closed","template":"","meta":{"_acf_changed":false},"product_brand":[],"product_cat":[439,516,522],"product_tag":[],"class_list":{"0":"post-24648","1":"product","2":"type-product","3":"status-publish","4":"has-post-thumbnail","6":"product_cat-transport","7":"product_cat-wozki-do-transportu-w-pozycji-siedzacej","8":"product_cat-wozki-schodowe","9":"pa_dlugosc-91-cm","10":"pa_szerokosc-65-cm","11":"pa_wysokosc-155-cm","12":"pa_wysokosc-siedziska-55-cm","14":"first","15":"instock","16":"featured","17":"taxable","18":"shipping-taxable","19":"purchasable","20":"product-type-simple"},"acf":[],"yoast_head":"<!-- This site is optimized with the Yoast SEO plugin v27.4 - https:\/\/yoast.com\/product\/yoast-seo-wordpress\/ -->\n<title>T673VB - W\u00f3zek (d\u017awig) schodowy r\u0119czny z podg\u0142\u00f3wkiem - INNOW<\/title>\n<meta name=\"description\" content=\"Wytrzyma\u0142y i stabilny w\u00f3zek (d\u017awig) schodowy r\u0119czny wyposa\u017cony w podg\u0142\u00f3wek oraz pasy zwi\u0119kszaj\u0105ce poziom bezpiecze\u0144stwa! Dowiedz si\u0119 wi\u0119cej!\" \/>\n<meta name=\"robots\" content=\"index, follow, max-snippet:-1, max-image-preview:large, max-video-preview:-1\" \/>\n<link rel=\"canonical\" href=\"https:\/\/innow.pl\/produkt\/t673vb-wozek-dzwig-schodowy-reczny-z-podglowkiem\/\" \/>\n<meta property=\"og:locale\" content=\"en_US\" \/>\n<meta property=\"og:type\" content=\"article\" \/>\n<meta property=\"og:title\" content=\"T673VB - W\u00f3zek (d\u017awig) schodowy r\u0119czny z podg\u0142\u00f3wkiem - INNOW\" \/>\n<meta property=\"og:description\" content=\"Wytrzyma\u0142y i stabilny w\u00f3zek (d\u017awig) schodowy r\u0119czny wyposa\u017cony w podg\u0142\u00f3wek oraz pasy zwi\u0119kszaj\u0105ce poziom bezpiecze\u0144stwa! Dowiedz si\u0119 wi\u0119cej!\" \/>\n<meta property=\"og:url\" content=\"https:\/\/innow.pl\/produkt\/t673vb-wozek-dzwig-schodowy-reczny-z-podglowkiem\/\" \/>\n<meta property=\"og:site_name\" content=\"INNOW\" \/>\n<meta property=\"article:modified_time\" content=\"2026-02-04T11:20:37+00:00\" \/>\n<meta property=\"og:image\" content=\"https:\/\/innow.pl\/wp-content\/uploads\/2024\/11\/T673VB_nowe.jpg\" \/>\n\t<meta property=\"og:image:width\" content=\"800\" \/>\n\t<meta property=\"og:image:height\" content=\"800\" \/>\n\t<meta property=\"og:image:type\" content=\"image\/jpeg\" \/>\n<meta name=\"twitter:card\" content=\"summary_large_image\" \/>\n<meta name=\"twitter:label1\" content=\"Est. reading time\" \/>\n\t<meta name=\"twitter:data1\" content=\"1 minute\" \/>\n<script type=\"application\/ld+json\" class=\"yoast-schema-graph\">{\"@context\":\"https:\\\/\\\/schema.org\",\"@graph\":[{\"@type\":\"WebPage\",\"@id\":\"https:\\\/\\\/innow.pl\\\/produkt\\\/t673vb-wozek-dzwig-schodowy-reczny-z-podglowkiem\\\/\",\"url\":\"https:\\\/\\\/innow.pl\\\/produkt\\\/t673vb-wozek-dzwig-schodowy-reczny-z-podglowkiem\\\/\",\"name\":\"T673VB - W\u00f3zek (d\u017awig) schodowy r\u0119czny z podg\u0142\u00f3wkiem - INNOW\",\"isPartOf\":{\"@id\":\"https:\\\/\\\/innow.pl\\\/#website\"},\"primaryImageOfPage\":{\"@id\":\"https:\\\/\\\/innow.pl\\\/produkt\\\/t673vb-wozek-dzwig-schodowy-reczny-z-podglowkiem\\\/#primaryimage\"},\"image\":{\"@id\":\"https:\\\/\\\/innow.pl\\\/produkt\\\/t673vb-wozek-dzwig-schodowy-reczny-z-podglowkiem\\\/#primaryimage\"},\"thumbnailUrl\":\"https:\\\/\\\/innow.pl\\\/wp-content\\\/uploads\\\/2024\\\/11\\\/T673VB_nowe.jpg\",\"datePublished\":\"2024-01-16T06:10:36+00:00\",\"dateModified\":\"2026-02-04T11:20:37+00:00\",\"description\":\"Wytrzyma\u0142y i stabilny w\u00f3zek (d\u017awig) schodowy r\u0119czny wyposa\u017cony w podg\u0142\u00f3wek oraz pasy zwi\u0119kszaj\u0105ce poziom bezpiecze\u0144stwa! Dowiedz si\u0119 wi\u0119cej!\",\"breadcrumb\":{\"@id\":\"https:\\\/\\\/innow.pl\\\/produkt\\\/t673vb-wozek-dzwig-schodowy-reczny-z-podglowkiem\\\/#breadcrumb\"},\"inLanguage\":\"en-US\",\"potentialAction\":[{\"@type\":\"ReadAction\",\"target\":[\"https:\\\/\\\/innow.pl\\\/produkt\\\/t673vb-wozek-dzwig-schodowy-reczny-z-podglowkiem\\\/\"]}]},{\"@type\":\"ImageObject\",\"inLanguage\":\"en-US\",\"@id\":\"https:\\\/\\\/innow.pl\\\/produkt\\\/t673vb-wozek-dzwig-schodowy-reczny-z-podglowkiem\\\/#primaryimage\",\"url\":\"https:\\\/\\\/innow.pl\\\/wp-content\\\/uploads\\\/2024\\\/11\\\/T673VB_nowe.jpg\",\"contentUrl\":\"https:\\\/\\\/innow.pl\\\/wp-content\\\/uploads\\\/2024\\\/11\\\/T673VB_nowe.jpg\",\"width\":800,\"height\":800,\"caption\":\"W\u00f3zek (d\u017awig) schodowy r\u0119czny z podg\u0142\u00f3wkiem \u2013 T673VB \u2013 INNOW\"},{\"@type\":\"BreadcrumbList\",\"@id\":\"https:\\\/\\\/innow.pl\\\/produkt\\\/t673vb-wozek-dzwig-schodowy-reczny-z-podglowkiem\\\/#breadcrumb\",\"itemListElement\":[{\"@type\":\"ListItem\",\"position\":1,\"name\":\"INNOW\",\"item\":\"https:\\\/\\\/innow.pl\\\/en\\\/\"},{\"@type\":\"ListItem\",\"position\":2,\"name\":\"Produkty\",\"item\":\"https:\\\/\\\/innow.pl\\\/produkty\\\/\"},{\"@type\":\"ListItem\",\"position\":3,\"name\":\"Transport\",\"item\":\"https:\\\/\\\/innow.pl\\\/produkty\\\/transport\\\/\"},{\"@type\":\"ListItem\",\"position\":4,\"name\":\"W\u00f3zki do transportu chorych w pozycji siedz\u0105cej\",\"item\":\"https:\\\/\\\/innow.pl\\\/produkty\\\/transport\\\/wozki-do-transportu-w-pozycji-siedzacej\\\/\"},{\"@type\":\"ListItem\",\"position\":5,\"name\":\"W\u00f3zki schodowe\",\"item\":\"https:\\\/\\\/innow.pl\\\/produkty\\\/transport\\\/wozki-do-transportu-w-pozycji-siedzacej\\\/wozki-schodowe\\\/\"},{\"@type\":\"ListItem\",\"position\":6,\"name\":\"T673VB &#8211; W\u00f3zek (d\u017awig) schodowy r\u0119czny z podg\u0142\u00f3wkiem\"}]},{\"@type\":\"WebSite\",\"@id\":\"https:\\\/\\\/innow.pl\\\/#website\",\"url\":\"https:\\\/\\\/innow.pl\\\/\",\"name\":\"INNOW\",\"description\":\"\",\"potentialAction\":[{\"@type\":\"SearchAction\",\"target\":{\"@type\":\"EntryPoint\",\"urlTemplate\":\"https:\\\/\\\/innow.pl\\\/?s={search_term_string}\"},\"query-input\":{\"@type\":\"PropertyValueSpecification\",\"valueRequired\":true,\"valueName\":\"search_term_string\"}}],\"inLanguage\":\"en-US\"}]}<\/script>\n<!-- \/ Yoast SEO plugin. -->","yoast_head_json":{"title":"T673VB - W\u00f3zek (d\u017awig) schodowy r\u0119czny z podg\u0142\u00f3wkiem - INNOW","description":"Wytrzyma\u0142y i stabilny w\u00f3zek (d\u017awig) schodowy r\u0119czny wyposa\u017cony w podg\u0142\u00f3wek oraz pasy zwi\u0119kszaj\u0105ce poziom bezpiecze\u0144stwa! Dowiedz si\u0119 wi\u0119cej!","robots":{"index":"index","follow":"follow","max-snippet":"max-snippet:-1","max-image-preview":"max-image-preview:large","max-video-preview":"max-video-preview:-1"},"canonical":"https:\/\/innow.pl\/produkt\/t673vb-wozek-dzwig-schodowy-reczny-z-podglowkiem\/","og_locale":"en_US","og_type":"article","og_title":"T673VB - W\u00f3zek (d\u017awig) schodowy r\u0119czny z podg\u0142\u00f3wkiem - INNOW","og_description":"Wytrzyma\u0142y i stabilny w\u00f3zek (d\u017awig) schodowy r\u0119czny wyposa\u017cony w podg\u0142\u00f3wek oraz pasy zwi\u0119kszaj\u0105ce poziom bezpiecze\u0144stwa! Dowiedz si\u0119 wi\u0119cej!","og_url":"https:\/\/innow.pl\/produkt\/t673vb-wozek-dzwig-schodowy-reczny-z-podglowkiem\/","og_site_name":"INNOW","article_modified_time":"2026-02-04T11:20:37+00:00","og_image":[{"width":800,"height":800,"url":"https:\/\/innow.pl\/wp-content\/uploads\/2024\/11\/T673VB_nowe.jpg","type":"image\/jpeg"}],"twitter_card":"summary_large_image","twitter_misc":{"Est. reading time":"1 minute"},"schema":{"@context":"https:\/\/schema.org","@graph":[{"@type":"WebPage","@id":"https:\/\/innow.pl\/produkt\/t673vb-wozek-dzwig-schodowy-reczny-z-podglowkiem\/","url":"https:\/\/innow.pl\/produkt\/t673vb-wozek-dzwig-schodowy-reczny-z-podglowkiem\/","name":"T673VB - W\u00f3zek (d\u017awig) schodowy r\u0119czny z podg\u0142\u00f3wkiem - INNOW","isPartOf":{"@id":"https:\/\/innow.pl\/#website"},"primaryImageOfPage":{"@id":"https:\/\/innow.pl\/produkt\/t673vb-wozek-dzwig-schodowy-reczny-z-podglowkiem\/#primaryimage"},"image":{"@id":"https:\/\/innow.pl\/produkt\/t673vb-wozek-dzwig-schodowy-reczny-z-podglowkiem\/#primaryimage"},"thumbnailUrl":"https:\/\/innow.pl\/wp-content\/uploads\/2024\/11\/T673VB_nowe.jpg","datePublished":"2024-01-16T06:10:36+00:00","dateModified":"2026-02-04T11:20:37+00:00","description":"Wytrzyma\u0142y i stabilny w\u00f3zek (d\u017awig) schodowy r\u0119czny wyposa\u017cony w podg\u0142\u00f3wek oraz pasy zwi\u0119kszaj\u0105ce poziom bezpiecze\u0144stwa! Dowiedz si\u0119 wi\u0119cej!","breadcrumb":{"@id":"https:\/\/innow.pl\/produkt\/t673vb-wozek-dzwig-schodowy-reczny-z-podglowkiem\/#breadcrumb"},"inLanguage":"en-US","potentialAction":[{"@type":"ReadAction","target":["https:\/\/innow.pl\/produkt\/t673vb-wozek-dzwig-schodowy-reczny-z-podglowkiem\/"]}]},{"@type":"ImageObject","inLanguage":"en-US","@id":"https:\/\/innow.pl\/produkt\/t673vb-wozek-dzwig-schodowy-reczny-z-podglowkiem\/#primaryimage","url":"https:\/\/innow.pl\/wp-content\/uploads\/2024\/11\/T673VB_nowe.jpg","contentUrl":"https:\/\/innow.pl\/wp-content\/uploads\/2024\/11\/T673VB_nowe.jpg","width":800,"height":800,"caption":"W\u00f3zek (d\u017awig) schodowy r\u0119czny z podg\u0142\u00f3wkiem \u2013 T673VB \u2013 INNOW"},{"@type":"BreadcrumbList","@id":"https:\/\/innow.pl\/produkt\/t673vb-wozek-dzwig-schodowy-reczny-z-podglowkiem\/#breadcrumb","itemListElement":[{"@type":"ListItem","position":1,"name":"INNOW","item":"https:\/\/innow.pl\/en\/"},{"@type":"ListItem","position":2,"name":"Produkty","item":"https:\/\/innow.pl\/produkty\/"},{"@type":"ListItem","position":3,"name":"Transport","item":"https:\/\/innow.pl\/produkty\/transport\/"},{"@type":"ListItem","position":4,"name":"W\u00f3zki do transportu chorych w pozycji siedz\u0105cej","item":"https:\/\/innow.pl\/produkty\/transport\/wozki-do-transportu-w-pozycji-siedzacej\/"},{"@type":"ListItem","position":5,"name":"W\u00f3zki schodowe","item":"https:\/\/innow.pl\/produkty\/transport\/wozki-do-transportu-w-pozycji-siedzacej\/wozki-schodowe\/"},{"@type":"ListItem","position":6,"name":"T673VB &#8211; W\u00f3zek (d\u017awig) schodowy r\u0119czny z podg\u0142\u00f3wkiem"}]},{"@type":"WebSite","@id":"https:\/\/innow.pl\/#website","url":"https:\/\/innow.pl\/","name":"INNOW","description":"","potentialAction":[{"@type":"SearchAction","target":{"@type":"EntryPoint","urlTemplate":"https:\/\/innow.pl\/?s={search_term_string}"},"query-input":{"@type":"PropertyValueSpecification","valueRequired":true,"valueName":"search_term_string"}}],"inLanguage":"en-US"}]}},"_links":{"self":[{"href":"https:\/\/innow.pl\/en\/wp-json\/wp\/v2\/product\/24648","targetHints":{"allow":["GET"]}}],"collection":[{"href":"https:\/\/innow.pl\/en\/wp-json\/wp\/v2\/product"}],"about":[{"href":"https:\/\/innow.pl\/en\/wp-json\/wp\/v2\/types\/product"}],"replies":[{"embeddable":true,"href":"https:\/\/innow.pl\/en\/wp-json\/wp\/v2\/comments?post=24648"}],"wp:featuredmedia":[{"embeddable":true,"href":"https:\/\/innow.pl\/en\/wp-json\/wp\/v2\/media\/24650"}],"wp:attachment":[{"href":"https:\/\/innow.pl\/en\/wp-json\/wp\/v2\/media?parent=24648"}],"wp:term":[{"taxonomy":"product_brand","embeddable":true,"href":"https:\/\/innow.pl\/en\/wp-json\/wp\/v2\/product_brand?post=24648"},{"taxonomy":"product_cat","embeddable":true,"href":"https:\/\/innow.pl\/en\/wp-json\/wp\/v2\/product_cat?post=24648"},{"taxonomy":"product_tag","embeddable":true,"href":"https:\/\/innow.pl\/en\/wp-json\/wp\/v2\/product_tag?post=24648"}],"curies":[{"name":"wp","href":"https:\/\/api.w.org\/{rel}","templated":true}]}}