{"id":24636,"date":"2017-06-12T08:37:24","date_gmt":"2017-06-12T06:37:24","guid":{"rendered":"https:\/\/innow.pl\/produkt\/wozek-dzwig-schodowy-reczny\/"},"modified":"2026-02-04T12:20:01","modified_gmt":"2026-02-04T11:20:01","slug":"wozek-dzwig-schodowy-reczny","status":"publish","type":"product","link":"https:\/\/innow.pl\/en\/produkt\/wozek-dzwig-schodowy-reczny\/","title":{"rendered":"T673V &#8211; W\u00f3zek (d\u017awig) schodowy r\u0119czny"},"content":{"rendered":"<p>R\u0119czny w\u00f3zek do transportu os\u00f3b niepe\u0142nosprawnych (w\u00f3zek transportowy w pozycji siedz\u0105cej, w\u00f3zek na schody dla niepe\u0142nosprawnych, schodo\u0142az r\u0119czny), niemog\u0105cych samodzielnie si\u0119 porusza\u0107. Stosowany jest do przemieszczania pacjenta po schodach, r\u00f3wnie\u017c w miejscach z ograniczonym polem manewru; podczas czynno\u015bci tej obs\u0142ugiwa\u0107 w\u00f3zek musz\u0105 2 osoby. Standardowy kolor tapicerki: b\u0142\u0119kitny 5154.<\/p>\n","protected":false},"excerpt":{"rendered":"<p>R\u0119czny w\u00f3zek do transportu os\u00f3b niepe\u0142nosprawnych (w\u00f3zek transportowy w pozycji siedz\u0105cej, w\u00f3zek na schody dla niepe\u0142nosprawnych, schodo\u0142az r\u0119czny), niemog\u0105cych samodzielnie si\u0119 porusza\u0107. Stosowany jest do przemieszczania pacjenta po schodach, r\u00f3wnie\u017c w miejscach z ograniczonym polem manewru; podczas czynno\u015bci tej obs\u0142ugiwa\u0107 w\u00f3zek musz\u0105 2 osoby. Standardowy kolor tapicerki: b\u0142\u0119kitny 5154.<\/p>\n","protected":false},"featured_media":24638,"comment_status":"open","ping_status":"closed","template":"","meta":{"_acf_changed":false},"product_brand":[],"product_cat":[439,516,522],"product_tag":[],"class_list":{"0":"post-24636","1":"product","2":"type-product","3":"status-publish","4":"has-post-thumbnail","6":"product_cat-transport","7":"product_cat-wozki-do-transportu-w-pozycji-siedzacej","8":"product_cat-wozki-schodowe","9":"pa_dlugosc-91-cm","10":"pa_szerokosc-65-cm","11":"pa_wysokosc-155-cm","12":"pa_wysokosc-siedziska-55-cm","14":"first","15":"instock","16":"taxable","17":"shipping-taxable","18":"purchasable","19":"product-type-simple"},"acf":[],"yoast_head":"<!-- This site is optimized with the Yoast SEO plugin v27.4 - https:\/\/yoast.com\/product\/yoast-seo-wordpress\/ -->\n<title>T673V - W\u00f3zek (d\u017awig) schodowy r\u0119czny - INNOW<\/title>\n<meta name=\"description\" content=\"Super jako\u015b\u0107! W\u00f3zek (d\u017awig) schodowy r\u0119czny do transportu pacjenta na poziomych powierzchniach i po schodach, obs\u0142ugiwany przez 2 osoby. Kliknij!\" \/>\n<meta name=\"robots\" content=\"index, follow, max-snippet:-1, max-image-preview:large, max-video-preview:-1\" \/>\n<link rel=\"canonical\" href=\"https:\/\/innow.pl\/produkt\/wozek-dzwig-schodowy-reczny\/\" \/>\n<meta property=\"og:locale\" content=\"en_US\" \/>\n<meta property=\"og:type\" content=\"article\" \/>\n<meta property=\"og:title\" content=\"T673V - W\u00f3zek (d\u017awig) schodowy r\u0119czny - INNOW\" \/>\n<meta property=\"og:description\" content=\"Super jako\u015b\u0107! W\u00f3zek (d\u017awig) schodowy r\u0119czny do transportu pacjenta na poziomych powierzchniach i po schodach, obs\u0142ugiwany przez 2 osoby. Kliknij!\" \/>\n<meta property=\"og:url\" content=\"https:\/\/innow.pl\/produkt\/wozek-dzwig-schodowy-reczny\/\" \/>\n<meta property=\"og:site_name\" content=\"INNOW\" \/>\n<meta property=\"article:modified_time\" content=\"2026-02-04T11:20:01+00:00\" \/>\n<meta property=\"og:image\" content=\"https:\/\/innow.pl\/wp-content\/uploads\/2024\/11\/T673V-3.jpg\" \/>\n\t<meta property=\"og:image:width\" content=\"800\" \/>\n\t<meta property=\"og:image:height\" content=\"800\" \/>\n\t<meta property=\"og:image:type\" content=\"image\/jpeg\" \/>\n<meta name=\"twitter:card\" content=\"summary_large_image\" \/>\n<meta name=\"twitter:label1\" content=\"Est. reading time\" \/>\n\t<meta name=\"twitter:data1\" content=\"1 minute\" \/>\n<script type=\"application\/ld+json\" class=\"yoast-schema-graph\">{\"@context\":\"https:\\\/\\\/schema.org\",\"@graph\":[{\"@type\":\"WebPage\",\"@id\":\"https:\\\/\\\/innow.pl\\\/produkt\\\/wozek-dzwig-schodowy-reczny\\\/\",\"url\":\"https:\\\/\\\/innow.pl\\\/produkt\\\/wozek-dzwig-schodowy-reczny\\\/\",\"name\":\"T673V - W\u00f3zek (d\u017awig) schodowy r\u0119czny - INNOW\",\"isPartOf\":{\"@id\":\"https:\\\/\\\/innow.pl\\\/#website\"},\"primaryImageOfPage\":{\"@id\":\"https:\\\/\\\/innow.pl\\\/produkt\\\/wozek-dzwig-schodowy-reczny\\\/#primaryimage\"},\"image\":{\"@id\":\"https:\\\/\\\/innow.pl\\\/produkt\\\/wozek-dzwig-schodowy-reczny\\\/#primaryimage\"},\"thumbnailUrl\":\"https:\\\/\\\/innow.pl\\\/wp-content\\\/uploads\\\/2024\\\/11\\\/T673V-3.jpg\",\"datePublished\":\"2017-06-12T06:37:24+00:00\",\"dateModified\":\"2026-02-04T11:20:01+00:00\",\"description\":\"Super jako\u015b\u0107! W\u00f3zek (d\u017awig) schodowy r\u0119czny do transportu pacjenta na poziomych powierzchniach i po schodach, obs\u0142ugiwany przez 2 osoby. Kliknij!\",\"breadcrumb\":{\"@id\":\"https:\\\/\\\/innow.pl\\\/produkt\\\/wozek-dzwig-schodowy-reczny\\\/#breadcrumb\"},\"inLanguage\":\"en-US\",\"potentialAction\":[{\"@type\":\"ReadAction\",\"target\":[\"https:\\\/\\\/innow.pl\\\/produkt\\\/wozek-dzwig-schodowy-reczny\\\/\"]}]},{\"@type\":\"ImageObject\",\"inLanguage\":\"en-US\",\"@id\":\"https:\\\/\\\/innow.pl\\\/produkt\\\/wozek-dzwig-schodowy-reczny\\\/#primaryimage\",\"url\":\"https:\\\/\\\/innow.pl\\\/wp-content\\\/uploads\\\/2024\\\/11\\\/T673V-3.jpg\",\"contentUrl\":\"https:\\\/\\\/innow.pl\\\/wp-content\\\/uploads\\\/2024\\\/11\\\/T673V-3.jpg\",\"width\":800,\"height\":800,\"caption\":\"W\u00f3zek (d\u017awig) schodowy r\u0119czny \u2013 T673V \u2013 INNOW\"},{\"@type\":\"BreadcrumbList\",\"@id\":\"https:\\\/\\\/innow.pl\\\/produkt\\\/wozek-dzwig-schodowy-reczny\\\/#breadcrumb\",\"itemListElement\":[{\"@type\":\"ListItem\",\"position\":1,\"name\":\"INNOW\",\"item\":\"https:\\\/\\\/innow.pl\\\/en\\\/\"},{\"@type\":\"ListItem\",\"position\":2,\"name\":\"Produkty\",\"item\":\"https:\\\/\\\/innow.pl\\\/produkty\\\/\"},{\"@type\":\"ListItem\",\"position\":3,\"name\":\"Transport\",\"item\":\"https:\\\/\\\/innow.pl\\\/produkty\\\/transport\\\/\"},{\"@type\":\"ListItem\",\"position\":4,\"name\":\"W\u00f3zki do transportu chorych w pozycji siedz\u0105cej\",\"item\":\"https:\\\/\\\/innow.pl\\\/produkty\\\/transport\\\/wozki-do-transportu-w-pozycji-siedzacej\\\/\"},{\"@type\":\"ListItem\",\"position\":5,\"name\":\"W\u00f3zki schodowe\",\"item\":\"https:\\\/\\\/innow.pl\\\/produkty\\\/transport\\\/wozki-do-transportu-w-pozycji-siedzacej\\\/wozki-schodowe\\\/\"},{\"@type\":\"ListItem\",\"position\":6,\"name\":\"T673V &#8211; W\u00f3zek (d\u017awig) schodowy r\u0119czny\"}]},{\"@type\":\"WebSite\",\"@id\":\"https:\\\/\\\/innow.pl\\\/#website\",\"url\":\"https:\\\/\\\/innow.pl\\\/\",\"name\":\"INNOW\",\"description\":\"\",\"potentialAction\":[{\"@type\":\"SearchAction\",\"target\":{\"@type\":\"EntryPoint\",\"urlTemplate\":\"https:\\\/\\\/innow.pl\\\/?s={search_term_string}\"},\"query-input\":{\"@type\":\"PropertyValueSpecification\",\"valueRequired\":true,\"valueName\":\"search_term_string\"}}],\"inLanguage\":\"en-US\"}]}<\/script>\n<!-- \/ Yoast SEO plugin. -->","yoast_head_json":{"title":"T673V - W\u00f3zek (d\u017awig) schodowy r\u0119czny - INNOW","description":"Super jako\u015b\u0107! W\u00f3zek (d\u017awig) schodowy r\u0119czny do transportu pacjenta na poziomych powierzchniach i po schodach, obs\u0142ugiwany przez 2 osoby. Kliknij!","robots":{"index":"index","follow":"follow","max-snippet":"max-snippet:-1","max-image-preview":"max-image-preview:large","max-video-preview":"max-video-preview:-1"},"canonical":"https:\/\/innow.pl\/produkt\/wozek-dzwig-schodowy-reczny\/","og_locale":"en_US","og_type":"article","og_title":"T673V - W\u00f3zek (d\u017awig) schodowy r\u0119czny - INNOW","og_description":"Super jako\u015b\u0107! W\u00f3zek (d\u017awig) schodowy r\u0119czny do transportu pacjenta na poziomych powierzchniach i po schodach, obs\u0142ugiwany przez 2 osoby. Kliknij!","og_url":"https:\/\/innow.pl\/produkt\/wozek-dzwig-schodowy-reczny\/","og_site_name":"INNOW","article_modified_time":"2026-02-04T11:20:01+00:00","og_image":[{"width":800,"height":800,"url":"https:\/\/innow.pl\/wp-content\/uploads\/2024\/11\/T673V-3.jpg","type":"image\/jpeg"}],"twitter_card":"summary_large_image","twitter_misc":{"Est. reading time":"1 minute"},"schema":{"@context":"https:\/\/schema.org","@graph":[{"@type":"WebPage","@id":"https:\/\/innow.pl\/produkt\/wozek-dzwig-schodowy-reczny\/","url":"https:\/\/innow.pl\/produkt\/wozek-dzwig-schodowy-reczny\/","name":"T673V - W\u00f3zek (d\u017awig) schodowy r\u0119czny - INNOW","isPartOf":{"@id":"https:\/\/innow.pl\/#website"},"primaryImageOfPage":{"@id":"https:\/\/innow.pl\/produkt\/wozek-dzwig-schodowy-reczny\/#primaryimage"},"image":{"@id":"https:\/\/innow.pl\/produkt\/wozek-dzwig-schodowy-reczny\/#primaryimage"},"thumbnailUrl":"https:\/\/innow.pl\/wp-content\/uploads\/2024\/11\/T673V-3.jpg","datePublished":"2017-06-12T06:37:24+00:00","dateModified":"2026-02-04T11:20:01+00:00","description":"Super jako\u015b\u0107! W\u00f3zek (d\u017awig) schodowy r\u0119czny do transportu pacjenta na poziomych powierzchniach i po schodach, obs\u0142ugiwany przez 2 osoby. Kliknij!","breadcrumb":{"@id":"https:\/\/innow.pl\/produkt\/wozek-dzwig-schodowy-reczny\/#breadcrumb"},"inLanguage":"en-US","potentialAction":[{"@type":"ReadAction","target":["https:\/\/innow.pl\/produkt\/wozek-dzwig-schodowy-reczny\/"]}]},{"@type":"ImageObject","inLanguage":"en-US","@id":"https:\/\/innow.pl\/produkt\/wozek-dzwig-schodowy-reczny\/#primaryimage","url":"https:\/\/innow.pl\/wp-content\/uploads\/2024\/11\/T673V-3.jpg","contentUrl":"https:\/\/innow.pl\/wp-content\/uploads\/2024\/11\/T673V-3.jpg","width":800,"height":800,"caption":"W\u00f3zek (d\u017awig) schodowy r\u0119czny \u2013 T673V \u2013 INNOW"},{"@type":"BreadcrumbList","@id":"https:\/\/innow.pl\/produkt\/wozek-dzwig-schodowy-reczny\/#breadcrumb","itemListElement":[{"@type":"ListItem","position":1,"name":"INNOW","item":"https:\/\/innow.pl\/en\/"},{"@type":"ListItem","position":2,"name":"Produkty","item":"https:\/\/innow.pl\/produkty\/"},{"@type":"ListItem","position":3,"name":"Transport","item":"https:\/\/innow.pl\/produkty\/transport\/"},{"@type":"ListItem","position":4,"name":"W\u00f3zki do transportu chorych w pozycji siedz\u0105cej","item":"https:\/\/innow.pl\/produkty\/transport\/wozki-do-transportu-w-pozycji-siedzacej\/"},{"@type":"ListItem","position":5,"name":"W\u00f3zki schodowe","item":"https:\/\/innow.pl\/produkty\/transport\/wozki-do-transportu-w-pozycji-siedzacej\/wozki-schodowe\/"},{"@type":"ListItem","position":6,"name":"T673V &#8211; W\u00f3zek (d\u017awig) schodowy r\u0119czny"}]},{"@type":"WebSite","@id":"https:\/\/innow.pl\/#website","url":"https:\/\/innow.pl\/","name":"INNOW","description":"","potentialAction":[{"@type":"SearchAction","target":{"@type":"EntryPoint","urlTemplate":"https:\/\/innow.pl\/?s={search_term_string}"},"query-input":{"@type":"PropertyValueSpecification","valueRequired":true,"valueName":"search_term_string"}}],"inLanguage":"en-US"}]}},"_links":{"self":[{"href":"https:\/\/innow.pl\/en\/wp-json\/wp\/v2\/product\/24636","targetHints":{"allow":["GET"]}}],"collection":[{"href":"https:\/\/innow.pl\/en\/wp-json\/wp\/v2\/product"}],"about":[{"href":"https:\/\/innow.pl\/en\/wp-json\/wp\/v2\/types\/product"}],"replies":[{"embeddable":true,"href":"https:\/\/innow.pl\/en\/wp-json\/wp\/v2\/comments?post=24636"}],"wp:featuredmedia":[{"embeddable":true,"href":"https:\/\/innow.pl\/en\/wp-json\/wp\/v2\/media\/24638"}],"wp:attachment":[{"href":"https:\/\/innow.pl\/en\/wp-json\/wp\/v2\/media?parent=24636"}],"wp:term":[{"taxonomy":"product_brand","embeddable":true,"href":"https:\/\/innow.pl\/en\/wp-json\/wp\/v2\/product_brand?post=24636"},{"taxonomy":"product_cat","embeddable":true,"href":"https:\/\/innow.pl\/en\/wp-json\/wp\/v2\/product_cat?post=24636"},{"taxonomy":"product_tag","embeddable":true,"href":"https:\/\/innow.pl\/en\/wp-json\/wp\/v2\/product_tag?post=24636"}],"curies":[{"name":"wp","href":"https:\/\/api.w.org\/{rel}","templated":true}]}}