{"id":24580,"date":"2017-06-09T06:32:58","date_gmt":"2017-06-09T04:32:58","guid":{"rendered":"https:\/\/innow.pl\/produkt\/s432eu-bobath-stol-rehabilitacyjny-do-cwiczen-metoda-bobatha-kopia\/"},"modified":"2025-12-01T13:32:55","modified_gmt":"2025-12-01T12:32:55","slug":"s432eu-bobath-stol-rehabilitacyjny-do-cwiczen-metoda-bobatha-kopia","status":"publish","type":"product","link":"https:\/\/innow.pl\/en\/produkt\/s432eu-bobath-stol-rehabilitacyjny-do-cwiczen-metoda-bobatha-kopia\/","title":{"rendered":"S432HB EU &#8211; St\u00f3\u0142 rehabilitacyjny EUREKA BOBATH z hydrauliczn\u0105 regulacj\u0105 wysoko\u015bci"},"content":{"rendered":"<p>St\u00f3\u0142 z hydraulicznie regulowan\u0105 wysoko\u015bci\u0105 le\u017cyska w systemie no\u017cycowym (brak przemieszcze\u0144 na boki). Konstrukcja znajduje si\u0119 na niezale\u017cnej ramie no\u015bnej. Cechuje si\u0119 du\u017c\u0105 stabilno\u015bci\u0105 oraz wytrzyma\u0142o\u015bci\u0105, nawet przy intensywnym u\u017cytkowaniu. Model EU posiada, odmienn\u0105 od klasycznego S432, podstaw\u0119 umo\u017cliwiaj\u0105c\u0105 monta\u017c ozdobnych zewn\u0119trznych p\u0142yt. St\u00f3\u0142 stosowany jest podczas rehabilitacji dzieci (metoda Vojty i Bobath&#8217;a), a jego podstawowym wyposa\u017ceniem jest jednocz\u0119\u015bciowe le\u017cysko. Proponujemy zakup wyposa\u017cenia dodatkowego do sto\u0142u &#8211; pod opisem. <em>Na zdj\u0119ciu widoczna jest podstawowa wersja sto\u0142u + podajnik podk\u0142ad\u00f3w + 2 ko\u0142a-rolki do przesuwania sto\u0142u.<\/em> \u00a0<\/p>\n<p style=\"text-align: left;\"><a>Informacje o w\u0142a\u015bciwo\u015bciach dost\u0119pnych <strong>materia\u0142\u00f3w obiciowych<\/strong> dost\u0119pne po klikni\u0119ciu w zdj\u0119cie:<\/a><\/p>\n<p style=\"text-align: left;\"><a href=\"https:\/\/innow.pl\/publikacje\/KatalogPDF\/Pokrycia-obiciowe-tapicerki.pdf\" target=\"_blank\" rel=\"noopener\"><img decoding=\"async\" src=\"https:\/\/innow.pl\/wp-content\/uploads\/2024\/11\/Tapicerki.jpg\" \/><\/a><\/p>\n<hr \/>\n<div style=\"flex-wrap: nowrap; align-items: center; justify-content: center; padding: 12px 0 4px 0;\"><img decoding=\"async\" style=\"max-width: 100px; margin-right: 18px; border: 0;\" src=\"https:\/\/innow.pl\/wp-content\/uploads\/2024\/11\/Ohim_logo_wzor_zastrzezony-9.png\" \/><\/p>\n<p style=\"text-align: center;\"><em>Niniejszy wyr\u00f3b podlega ochronie na podstawie \u015bwiadectwa wystawionego <\/em> <em> przez Urz\u0105d Harmonizacji Rynku Wewn\u0119trznego Unii Europejskiej OHIM jako <\/em> <em> zastrze\u017cony wz\u00f3r u\u017cytkowy.<\/em><\/p>\n<\/div>\n<hr \/>\n","protected":false},"excerpt":{"rendered":"<p>St\u00f3\u0142 z hydraulicznie regulowan\u0105 wysoko\u015bci\u0105 le\u017cyska w systemie no\u017cycowym (brak przemieszcze\u0144 na boki). Konstrukcja znajduje si\u0119 na niezale\u017cnej ramie no\u015bnej. Cechuje si\u0119 du\u017c\u0105 stabilno\u015bci\u0105 oraz wytrzyma\u0142o\u015bci\u0105, nawet przy intensywnym u\u017cytkowaniu. Model EU posiada, odmienn\u0105 od klasycznego S432, podstaw\u0119 umo\u017cliwiaj\u0105c\u0105 monta\u017c ozdobnych zewn\u0119trznych p\u0142yt. St\u00f3\u0142 stosowany jest podczas rehabilitacji dzieci (metoda Vojty i Bobath&#8217;a), a jego [&hellip;]<\/p>\n","protected":false},"featured_media":24584,"comment_status":"open","ping_status":"closed","template":"","meta":{"_acf_changed":false},"product_brand":[],"product_cat":[406,514,454],"product_tag":[],"class_list":{"0":"post-24580","1":"product","2":"type-product","3":"status-publish","4":"has-post-thumbnail","6":"product_cat-stoly-rehabilitacyjne","7":"product_cat-stoly-hydrauliczne-krzyzak-na-ramie","8":"product_cat-stoly-z-hydrauliczna-regulacja-wysokosci","9":"pa_dlugosc-205-cm","10":"pa_szerokosc-120-cm","11":"pa_wysokosc-57-91-cm","12":"pa_wytrzymalosc-200-kg","14":"first","15":"instock","16":"taxable","17":"shipping-taxable","18":"purchasable","19":"product-type-simple"},"acf":[],"yoast_head":"<!-- This site is optimized with the Yoast SEO plugin v27.4 - https:\/\/yoast.com\/product\/yoast-seo-wordpress\/ -->\n<title>S432HB EU - St\u00f3\u0142 rehabilitacyjny EUREKA BOBATH z hydrauliczn\u0105 regulacj\u0105 wysoko\u015bci - INNOW<\/title>\n<meta name=\"description\" content=\"Wytrzyma\u0142y st\u00f3\u0142 rehabilitacyjny EUREKA BOBATH z no\u017cycowym systemem regulacji wysoko\u015bci. Elegancki st\u00f3\u0142 w Twoim gabinecie! Sprawd\u017a!\" \/>\n<meta name=\"robots\" content=\"index, follow, max-snippet:-1, max-image-preview:large, max-video-preview:-1\" \/>\n<link rel=\"canonical\" href=\"https:\/\/innow.pl\/produkt\/s432eu-bobath-stol-rehabilitacyjny-do-cwiczen-metoda-bobatha-kopia\/\" \/>\n<meta property=\"og:locale\" content=\"en_US\" \/>\n<meta property=\"og:type\" content=\"article\" \/>\n<meta property=\"og:title\" content=\"S432HB EU - St\u00f3\u0142 rehabilitacyjny EUREKA BOBATH z hydrauliczn\u0105 regulacj\u0105 wysoko\u015bci - INNOW\" \/>\n<meta property=\"og:description\" content=\"Wytrzyma\u0142y st\u00f3\u0142 rehabilitacyjny EUREKA BOBATH z no\u017cycowym systemem regulacji wysoko\u015bci. Elegancki st\u00f3\u0142 w Twoim gabinecie! Sprawd\u017a!\" \/>\n<meta property=\"og:url\" content=\"https:\/\/innow.pl\/produkt\/s432eu-bobath-stol-rehabilitacyjny-do-cwiczen-metoda-bobatha-kopia\/\" \/>\n<meta property=\"og:site_name\" content=\"INNOW\" \/>\n<meta property=\"article:modified_time\" content=\"2025-12-01T12:32:55+00:00\" \/>\n<meta property=\"og:image\" content=\"https:\/\/innow.pl\/wp-content\/uploads\/2024\/11\/S432EUHB.jpg\" \/>\n\t<meta property=\"og:image:width\" content=\"800\" \/>\n\t<meta property=\"og:image:height\" content=\"800\" \/>\n\t<meta property=\"og:image:type\" content=\"image\/jpeg\" \/>\n<meta name=\"twitter:card\" content=\"summary_large_image\" \/>\n<meta name=\"twitter:label1\" content=\"Est. reading time\" \/>\n\t<meta name=\"twitter:data1\" content=\"2 minutes\" \/>\n<script type=\"application\/ld+json\" class=\"yoast-schema-graph\">{\"@context\":\"https:\\\/\\\/schema.org\",\"@graph\":[{\"@type\":\"WebPage\",\"@id\":\"https:\\\/\\\/innow.pl\\\/produkt\\\/s432eu-bobath-stol-rehabilitacyjny-do-cwiczen-metoda-bobatha-kopia\\\/\",\"url\":\"https:\\\/\\\/innow.pl\\\/produkt\\\/s432eu-bobath-stol-rehabilitacyjny-do-cwiczen-metoda-bobatha-kopia\\\/\",\"name\":\"S432HB EU - St\u00f3\u0142 rehabilitacyjny EUREKA BOBATH z hydrauliczn\u0105 regulacj\u0105 wysoko\u015bci - INNOW\",\"isPartOf\":{\"@id\":\"https:\\\/\\\/innow.pl\\\/#website\"},\"primaryImageOfPage\":{\"@id\":\"https:\\\/\\\/innow.pl\\\/produkt\\\/s432eu-bobath-stol-rehabilitacyjny-do-cwiczen-metoda-bobatha-kopia\\\/#primaryimage\"},\"image\":{\"@id\":\"https:\\\/\\\/innow.pl\\\/produkt\\\/s432eu-bobath-stol-rehabilitacyjny-do-cwiczen-metoda-bobatha-kopia\\\/#primaryimage\"},\"thumbnailUrl\":\"https:\\\/\\\/innow.pl\\\/wp-content\\\/uploads\\\/2024\\\/11\\\/S432EUHB.jpg\",\"datePublished\":\"2017-06-09T04:32:58+00:00\",\"dateModified\":\"2025-12-01T12:32:55+00:00\",\"description\":\"Wytrzyma\u0142y st\u00f3\u0142 rehabilitacyjny EUREKA BOBATH z no\u017cycowym systemem regulacji wysoko\u015bci. Elegancki st\u00f3\u0142 w Twoim gabinecie! Sprawd\u017a!\",\"breadcrumb\":{\"@id\":\"https:\\\/\\\/innow.pl\\\/produkt\\\/s432eu-bobath-stol-rehabilitacyjny-do-cwiczen-metoda-bobatha-kopia\\\/#breadcrumb\"},\"inLanguage\":\"en-US\",\"potentialAction\":[{\"@type\":\"ReadAction\",\"target\":[\"https:\\\/\\\/innow.pl\\\/produkt\\\/s432eu-bobath-stol-rehabilitacyjny-do-cwiczen-metoda-bobatha-kopia\\\/\"]}]},{\"@type\":\"ImageObject\",\"inLanguage\":\"en-US\",\"@id\":\"https:\\\/\\\/innow.pl\\\/produkt\\\/s432eu-bobath-stol-rehabilitacyjny-do-cwiczen-metoda-bobatha-kopia\\\/#primaryimage\",\"url\":\"https:\\\/\\\/innow.pl\\\/wp-content\\\/uploads\\\/2024\\\/11\\\/S432EUHB.jpg\",\"contentUrl\":\"https:\\\/\\\/innow.pl\\\/wp-content\\\/uploads\\\/2024\\\/11\\\/S432EUHB.jpg\",\"width\":800,\"height\":800,\"caption\":\"St\u00f3\u0142 rehabilitacyjny EUREKA BOBATH z hydrauliczn\u0105 regulacj\u0105 wysoko\u015bci \u2013 S432HB EU \u2013 INNOW\"},{\"@type\":\"BreadcrumbList\",\"@id\":\"https:\\\/\\\/innow.pl\\\/produkt\\\/s432eu-bobath-stol-rehabilitacyjny-do-cwiczen-metoda-bobatha-kopia\\\/#breadcrumb\",\"itemListElement\":[{\"@type\":\"ListItem\",\"position\":1,\"name\":\"INNOW\",\"item\":\"https:\\\/\\\/innow.pl\\\/en\\\/\"},{\"@type\":\"ListItem\",\"position\":2,\"name\":\"Produkty\",\"item\":\"https:\\\/\\\/innow.pl\\\/produkty\\\/\"},{\"@type\":\"ListItem\",\"position\":3,\"name\":\"Sto\u0142y do masa\u017cu, rehabilitacji\",\"item\":\"https:\\\/\\\/innow.pl\\\/produkty\\\/stoly-rehabilitacyjne\\\/\"},{\"@type\":\"ListItem\",\"position\":4,\"name\":\"Sto\u0142y z hydrauliczn\u0105 regulacj\u0105 wysoko\u015bci\",\"item\":\"https:\\\/\\\/innow.pl\\\/produkty\\\/stoly-rehabilitacyjne\\\/stoly-z-hydrauliczna-regulacja-wysokosci\\\/\"},{\"@type\":\"ListItem\",\"position\":5,\"name\":\"Sto\u0142y hydrauliczne - krzy\u017cak na ramie\",\"item\":\"https:\\\/\\\/innow.pl\\\/produkty\\\/stoly-rehabilitacyjne\\\/stoly-z-hydrauliczna-regulacja-wysokosci\\\/stoly-hydrauliczne-krzyzak-na-ramie\\\/\"},{\"@type\":\"ListItem\",\"position\":6,\"name\":\"S432HB EU &#8211; St\u00f3\u0142 rehabilitacyjny EUREKA BOBATH z hydrauliczn\u0105 regulacj\u0105 wysoko\u015bci\"}]},{\"@type\":\"WebSite\",\"@id\":\"https:\\\/\\\/innow.pl\\\/#website\",\"url\":\"https:\\\/\\\/innow.pl\\\/\",\"name\":\"INNOW\",\"description\":\"\",\"potentialAction\":[{\"@type\":\"SearchAction\",\"target\":{\"@type\":\"EntryPoint\",\"urlTemplate\":\"https:\\\/\\\/innow.pl\\\/?s={search_term_string}\"},\"query-input\":{\"@type\":\"PropertyValueSpecification\",\"valueRequired\":true,\"valueName\":\"search_term_string\"}}],\"inLanguage\":\"en-US\"}]}<\/script>\n<!-- \/ Yoast SEO plugin. -->","yoast_head_json":{"title":"S432HB EU - St\u00f3\u0142 rehabilitacyjny EUREKA BOBATH z hydrauliczn\u0105 regulacj\u0105 wysoko\u015bci - INNOW","description":"Wytrzyma\u0142y st\u00f3\u0142 rehabilitacyjny EUREKA BOBATH z no\u017cycowym systemem regulacji wysoko\u015bci. Elegancki st\u00f3\u0142 w Twoim gabinecie! Sprawd\u017a!","robots":{"index":"index","follow":"follow","max-snippet":"max-snippet:-1","max-image-preview":"max-image-preview:large","max-video-preview":"max-video-preview:-1"},"canonical":"https:\/\/innow.pl\/produkt\/s432eu-bobath-stol-rehabilitacyjny-do-cwiczen-metoda-bobatha-kopia\/","og_locale":"en_US","og_type":"article","og_title":"S432HB EU - St\u00f3\u0142 rehabilitacyjny EUREKA BOBATH z hydrauliczn\u0105 regulacj\u0105 wysoko\u015bci - INNOW","og_description":"Wytrzyma\u0142y st\u00f3\u0142 rehabilitacyjny EUREKA BOBATH z no\u017cycowym systemem regulacji wysoko\u015bci. Elegancki st\u00f3\u0142 w Twoim gabinecie! Sprawd\u017a!","og_url":"https:\/\/innow.pl\/produkt\/s432eu-bobath-stol-rehabilitacyjny-do-cwiczen-metoda-bobatha-kopia\/","og_site_name":"INNOW","article_modified_time":"2025-12-01T12:32:55+00:00","og_image":[{"width":800,"height":800,"url":"https:\/\/innow.pl\/wp-content\/uploads\/2024\/11\/S432EUHB.jpg","type":"image\/jpeg"}],"twitter_card":"summary_large_image","twitter_misc":{"Est. reading time":"2 minutes"},"schema":{"@context":"https:\/\/schema.org","@graph":[{"@type":"WebPage","@id":"https:\/\/innow.pl\/produkt\/s432eu-bobath-stol-rehabilitacyjny-do-cwiczen-metoda-bobatha-kopia\/","url":"https:\/\/innow.pl\/produkt\/s432eu-bobath-stol-rehabilitacyjny-do-cwiczen-metoda-bobatha-kopia\/","name":"S432HB EU - St\u00f3\u0142 rehabilitacyjny EUREKA BOBATH z hydrauliczn\u0105 regulacj\u0105 wysoko\u015bci - INNOW","isPartOf":{"@id":"https:\/\/innow.pl\/#website"},"primaryImageOfPage":{"@id":"https:\/\/innow.pl\/produkt\/s432eu-bobath-stol-rehabilitacyjny-do-cwiczen-metoda-bobatha-kopia\/#primaryimage"},"image":{"@id":"https:\/\/innow.pl\/produkt\/s432eu-bobath-stol-rehabilitacyjny-do-cwiczen-metoda-bobatha-kopia\/#primaryimage"},"thumbnailUrl":"https:\/\/innow.pl\/wp-content\/uploads\/2024\/11\/S432EUHB.jpg","datePublished":"2017-06-09T04:32:58+00:00","dateModified":"2025-12-01T12:32:55+00:00","description":"Wytrzyma\u0142y st\u00f3\u0142 rehabilitacyjny EUREKA BOBATH z no\u017cycowym systemem regulacji wysoko\u015bci. Elegancki st\u00f3\u0142 w Twoim gabinecie! Sprawd\u017a!","breadcrumb":{"@id":"https:\/\/innow.pl\/produkt\/s432eu-bobath-stol-rehabilitacyjny-do-cwiczen-metoda-bobatha-kopia\/#breadcrumb"},"inLanguage":"en-US","potentialAction":[{"@type":"ReadAction","target":["https:\/\/innow.pl\/produkt\/s432eu-bobath-stol-rehabilitacyjny-do-cwiczen-metoda-bobatha-kopia\/"]}]},{"@type":"ImageObject","inLanguage":"en-US","@id":"https:\/\/innow.pl\/produkt\/s432eu-bobath-stol-rehabilitacyjny-do-cwiczen-metoda-bobatha-kopia\/#primaryimage","url":"https:\/\/innow.pl\/wp-content\/uploads\/2024\/11\/S432EUHB.jpg","contentUrl":"https:\/\/innow.pl\/wp-content\/uploads\/2024\/11\/S432EUHB.jpg","width":800,"height":800,"caption":"St\u00f3\u0142 rehabilitacyjny EUREKA BOBATH z hydrauliczn\u0105 regulacj\u0105 wysoko\u015bci \u2013 S432HB EU \u2013 INNOW"},{"@type":"BreadcrumbList","@id":"https:\/\/innow.pl\/produkt\/s432eu-bobath-stol-rehabilitacyjny-do-cwiczen-metoda-bobatha-kopia\/#breadcrumb","itemListElement":[{"@type":"ListItem","position":1,"name":"INNOW","item":"https:\/\/innow.pl\/en\/"},{"@type":"ListItem","position":2,"name":"Produkty","item":"https:\/\/innow.pl\/produkty\/"},{"@type":"ListItem","position":3,"name":"Sto\u0142y do masa\u017cu, rehabilitacji","item":"https:\/\/innow.pl\/produkty\/stoly-rehabilitacyjne\/"},{"@type":"ListItem","position":4,"name":"Sto\u0142y z hydrauliczn\u0105 regulacj\u0105 wysoko\u015bci","item":"https:\/\/innow.pl\/produkty\/stoly-rehabilitacyjne\/stoly-z-hydrauliczna-regulacja-wysokosci\/"},{"@type":"ListItem","position":5,"name":"Sto\u0142y hydrauliczne - krzy\u017cak na ramie","item":"https:\/\/innow.pl\/produkty\/stoly-rehabilitacyjne\/stoly-z-hydrauliczna-regulacja-wysokosci\/stoly-hydrauliczne-krzyzak-na-ramie\/"},{"@type":"ListItem","position":6,"name":"S432HB EU &#8211; St\u00f3\u0142 rehabilitacyjny EUREKA BOBATH z hydrauliczn\u0105 regulacj\u0105 wysoko\u015bci"}]},{"@type":"WebSite","@id":"https:\/\/innow.pl\/#website","url":"https:\/\/innow.pl\/","name":"INNOW","description":"","potentialAction":[{"@type":"SearchAction","target":{"@type":"EntryPoint","urlTemplate":"https:\/\/innow.pl\/?s={search_term_string}"},"query-input":{"@type":"PropertyValueSpecification","valueRequired":true,"valueName":"search_term_string"}}],"inLanguage":"en-US"}]}},"_links":{"self":[{"href":"https:\/\/innow.pl\/en\/wp-json\/wp\/v2\/product\/24580","targetHints":{"allow":["GET"]}}],"collection":[{"href":"https:\/\/innow.pl\/en\/wp-json\/wp\/v2\/product"}],"about":[{"href":"https:\/\/innow.pl\/en\/wp-json\/wp\/v2\/types\/product"}],"replies":[{"embeddable":true,"href":"https:\/\/innow.pl\/en\/wp-json\/wp\/v2\/comments?post=24580"}],"wp:featuredmedia":[{"embeddable":true,"href":"https:\/\/innow.pl\/en\/wp-json\/wp\/v2\/media\/24584"}],"wp:attachment":[{"href":"https:\/\/innow.pl\/en\/wp-json\/wp\/v2\/media?parent=24580"}],"wp:term":[{"taxonomy":"product_brand","embeddable":true,"href":"https:\/\/innow.pl\/en\/wp-json\/wp\/v2\/product_brand?post=24580"},{"taxonomy":"product_cat","embeddable":true,"href":"https:\/\/innow.pl\/en\/wp-json\/wp\/v2\/product_cat?post=24580"},{"taxonomy":"product_tag","embeddable":true,"href":"https:\/\/innow.pl\/en\/wp-json\/wp\/v2\/product_tag?post=24580"}],"curies":[{"name":"wp","href":"https:\/\/api.w.org\/{rel}","templated":true}]}}