{"id":24575,"date":"2017-06-09T06:23:29","date_gmt":"2017-06-09T04:23:29","guid":{"rendered":"https:\/\/innow.pl\/produkt\/s432-bobath-stol-rehabilitacyjny-do-cwiczen-metoda-bobatha\/"},"modified":"2025-12-01T13:29:02","modified_gmt":"2025-12-01T12:29:02","slug":"s432-bobath-stol-rehabilitacyjny-do-cwiczen-metoda-bobatha","status":"publish","type":"product","link":"https:\/\/innow.pl\/en\/produkt\/s432-bobath-stol-rehabilitacyjny-do-cwiczen-metoda-bobatha\/","title":{"rendered":"S432HB &#8211; St\u00f3\u0142 rehabilitacyjny do \u0107wicze\u0144 metod\u0105 BOBATH&#8217;a z hydrauliczn\u0105 regulacj\u0105 wysoko\u015bci"},"content":{"rendered":"<p>St\u00f3\u0142 do \u0107wicze\u0144 z dzie\u0107mi z zastosowaniem metod Vojty i Bobath&#8217;a. Cechuje si\u0119 du\u017c\u0105 stabilno\u015bci\u0105, jest wytrzyma\u0142y nawet przy intensywnym u\u017cytkowaniu. Jego konstrukcja opiera si\u0119 na niezale\u017cnej dolnej ramie, a no\u017cycowe podnoszenie ramy g\u00f3rnej zapewnia prostopad\u0142\u0105 regulacj\u0119 wysoko\u015bci. St\u00f3\u0142 w wersji podstawowej posiada regulacj\u0119 wysoko\u015bci w spos\u00f3b hydrauliczny oraz jednocz\u0119\u015bciowe, szerokie le\u017cysko. <em>St\u00f3\u0142 przedstawiony na zdj\u0119ciu &#8211; wersja podstawowa.<\/em> Zapraszamy do zapoznania si\u0119 z wyposa\u017ceniem opcjonalnym &#8211; poni\u017cej. \u00a0<\/p>\n<p style=\"text-align: left;\"><a>Informacje o w\u0142a\u015bciwo\u015bciach dost\u0119pnych <strong>materia\u0142\u00f3w obiciowych<\/strong> dost\u0119pne po klikni\u0119ciu w zdj\u0119cie:<\/a><\/p>\n<p style=\"text-align: left;\"><a href=\"https:\/\/innow.pl\/publikacje\/KatalogPDF\/Pokrycia-obiciowe-tapicerki.pdf\" target=\"_blank\" rel=\"noopener\"><img decoding=\"async\" src=\"https:\/\/innow.pl\/wp-content\/uploads\/2024\/11\/Tapicerki.jpg\" \/><\/a><\/p>\n","protected":false},"excerpt":{"rendered":"<p>St\u00f3\u0142 do \u0107wicze\u0144 z dzie\u0107mi z zastosowaniem metod Vojty i Bobath&#8217;a. Cechuje si\u0119 du\u017c\u0105 stabilno\u015bci\u0105, jest wytrzyma\u0142y nawet przy intensywnym u\u017cytkowaniu. Jego konstrukcja opiera si\u0119 na niezale\u017cnej dolnej ramie, a no\u017cycowe podnoszenie ramy g\u00f3rnej zapewnia prostopad\u0142\u0105 regulacj\u0119 wysoko\u015bci. St\u00f3\u0142 w wersji podstawowej posiada regulacj\u0119 wysoko\u015bci w spos\u00f3b hydrauliczny oraz jednocz\u0119\u015bciowe, szerokie le\u017cysko. St\u00f3\u0142 przedstawiony na [&hellip;]<\/p>\n","protected":false},"featured_media":24578,"comment_status":"open","ping_status":"closed","template":"","meta":{"_acf_changed":false},"product_brand":[],"product_cat":[406,514,454],"product_tag":[],"class_list":{"0":"post-24575","1":"product","2":"type-product","3":"status-publish","4":"has-post-thumbnail","6":"product_cat-stoly-rehabilitacyjne","7":"product_cat-stoly-hydrauliczne-krzyzak-na-ramie","8":"product_cat-stoly-z-hydrauliczna-regulacja-wysokosci","9":"pa_dlugosc-200-cm","10":"pa_szerokosc-120-cm","11":"pa_wysokosc-57-91-cm","12":"pa_wytrzymalosc-200-kg","14":"first","15":"instock","16":"taxable","17":"shipping-taxable","18":"purchasable","19":"product-type-simple"},"acf":[],"yoast_head":"<!-- This site is optimized with the Yoast SEO plugin v27.4 - https:\/\/yoast.com\/product\/yoast-seo-wordpress\/ -->\n<title>S432HB - St\u00f3\u0142 rehabilitacyjny do \u0107wicze\u0144 metod\u0105 BOBATH&#039;a z hydrauliczn\u0105 regulacj\u0105 wysoko\u015bci - INNOW<\/title>\n<meta name=\"description\" content=\"Odporny na intensywne u\u017cytkowanie st\u00f3\u0142 rehabilitacyjny do \u0107wicze\u0144 metod\u0105 BOBATH&#039;a z no\u017cycow\u0105 regulacj\u0105 wysoko\u015bci. Poznaj go bli\u017cej! Kliknij!\" \/>\n<meta name=\"robots\" content=\"index, follow, max-snippet:-1, max-image-preview:large, max-video-preview:-1\" \/>\n<link rel=\"canonical\" href=\"https:\/\/innow.pl\/produkt\/s432-bobath-stol-rehabilitacyjny-do-cwiczen-metoda-bobatha\/\" \/>\n<meta property=\"og:locale\" content=\"en_US\" \/>\n<meta property=\"og:type\" content=\"article\" \/>\n<meta property=\"og:title\" content=\"S432HB - St\u00f3\u0142 rehabilitacyjny do \u0107wicze\u0144 metod\u0105 BOBATH&#039;a z hydrauliczn\u0105 regulacj\u0105 wysoko\u015bci - INNOW\" \/>\n<meta property=\"og:description\" content=\"Odporny na intensywne u\u017cytkowanie st\u00f3\u0142 rehabilitacyjny do \u0107wicze\u0144 metod\u0105 BOBATH&#039;a z no\u017cycow\u0105 regulacj\u0105 wysoko\u015bci. Poznaj go bli\u017cej! Kliknij!\" \/>\n<meta property=\"og:url\" content=\"https:\/\/innow.pl\/produkt\/s432-bobath-stol-rehabilitacyjny-do-cwiczen-metoda-bobatha\/\" \/>\n<meta property=\"og:site_name\" content=\"INNOW\" \/>\n<meta property=\"article:modified_time\" content=\"2025-12-01T12:29:02+00:00\" \/>\n<meta property=\"og:image\" content=\"https:\/\/innow.pl\/wp-content\/uploads\/2024\/11\/S432HB.jpg\" \/>\n\t<meta property=\"og:image:width\" content=\"800\" \/>\n\t<meta property=\"og:image:height\" content=\"800\" \/>\n\t<meta property=\"og:image:type\" content=\"image\/jpeg\" \/>\n<meta name=\"twitter:card\" content=\"summary_large_image\" \/>\n<meta name=\"twitter:label1\" content=\"Est. reading time\" \/>\n\t<meta name=\"twitter:data1\" content=\"1 minute\" \/>\n<script type=\"application\/ld+json\" class=\"yoast-schema-graph\">{\"@context\":\"https:\\\/\\\/schema.org\",\"@graph\":[{\"@type\":\"WebPage\",\"@id\":\"https:\\\/\\\/innow.pl\\\/produkt\\\/s432-bobath-stol-rehabilitacyjny-do-cwiczen-metoda-bobatha\\\/\",\"url\":\"https:\\\/\\\/innow.pl\\\/produkt\\\/s432-bobath-stol-rehabilitacyjny-do-cwiczen-metoda-bobatha\\\/\",\"name\":\"S432HB - St\u00f3\u0142 rehabilitacyjny do \u0107wicze\u0144 metod\u0105 BOBATH'a z hydrauliczn\u0105 regulacj\u0105 wysoko\u015bci - INNOW\",\"isPartOf\":{\"@id\":\"https:\\\/\\\/innow.pl\\\/#website\"},\"primaryImageOfPage\":{\"@id\":\"https:\\\/\\\/innow.pl\\\/produkt\\\/s432-bobath-stol-rehabilitacyjny-do-cwiczen-metoda-bobatha\\\/#primaryimage\"},\"image\":{\"@id\":\"https:\\\/\\\/innow.pl\\\/produkt\\\/s432-bobath-stol-rehabilitacyjny-do-cwiczen-metoda-bobatha\\\/#primaryimage\"},\"thumbnailUrl\":\"https:\\\/\\\/innow.pl\\\/wp-content\\\/uploads\\\/2024\\\/11\\\/S432HB.jpg\",\"datePublished\":\"2017-06-09T04:23:29+00:00\",\"dateModified\":\"2025-12-01T12:29:02+00:00\",\"description\":\"Odporny na intensywne u\u017cytkowanie st\u00f3\u0142 rehabilitacyjny do \u0107wicze\u0144 metod\u0105 BOBATH'a z no\u017cycow\u0105 regulacj\u0105 wysoko\u015bci. Poznaj go bli\u017cej! Kliknij!\",\"breadcrumb\":{\"@id\":\"https:\\\/\\\/innow.pl\\\/produkt\\\/s432-bobath-stol-rehabilitacyjny-do-cwiczen-metoda-bobatha\\\/#breadcrumb\"},\"inLanguage\":\"en-US\",\"potentialAction\":[{\"@type\":\"ReadAction\",\"target\":[\"https:\\\/\\\/innow.pl\\\/produkt\\\/s432-bobath-stol-rehabilitacyjny-do-cwiczen-metoda-bobatha\\\/\"]}]},{\"@type\":\"ImageObject\",\"inLanguage\":\"en-US\",\"@id\":\"https:\\\/\\\/innow.pl\\\/produkt\\\/s432-bobath-stol-rehabilitacyjny-do-cwiczen-metoda-bobatha\\\/#primaryimage\",\"url\":\"https:\\\/\\\/innow.pl\\\/wp-content\\\/uploads\\\/2024\\\/11\\\/S432HB.jpg\",\"contentUrl\":\"https:\\\/\\\/innow.pl\\\/wp-content\\\/uploads\\\/2024\\\/11\\\/S432HB.jpg\",\"width\":800,\"height\":800,\"caption\":\"St\u00f3\u0142 rehabilitacyjny do \u0107wicze\u0144 metod\u0105 BOBATH\u2019a z hydrauliczn\u0105 regulacj\u0105 wysoko\u015bci \u2013 S432HB \u2013 INNOW\"},{\"@type\":\"BreadcrumbList\",\"@id\":\"https:\\\/\\\/innow.pl\\\/produkt\\\/s432-bobath-stol-rehabilitacyjny-do-cwiczen-metoda-bobatha\\\/#breadcrumb\",\"itemListElement\":[{\"@type\":\"ListItem\",\"position\":1,\"name\":\"INNOW\",\"item\":\"https:\\\/\\\/innow.pl\\\/en\\\/\"},{\"@type\":\"ListItem\",\"position\":2,\"name\":\"Produkty\",\"item\":\"https:\\\/\\\/innow.pl\\\/produkty\\\/\"},{\"@type\":\"ListItem\",\"position\":3,\"name\":\"Sto\u0142y do masa\u017cu, rehabilitacji\",\"item\":\"https:\\\/\\\/innow.pl\\\/produkty\\\/stoly-rehabilitacyjne\\\/\"},{\"@type\":\"ListItem\",\"position\":4,\"name\":\"Sto\u0142y z hydrauliczn\u0105 regulacj\u0105 wysoko\u015bci\",\"item\":\"https:\\\/\\\/innow.pl\\\/produkty\\\/stoly-rehabilitacyjne\\\/stoly-z-hydrauliczna-regulacja-wysokosci\\\/\"},{\"@type\":\"ListItem\",\"position\":5,\"name\":\"Sto\u0142y hydrauliczne - krzy\u017cak na ramie\",\"item\":\"https:\\\/\\\/innow.pl\\\/produkty\\\/stoly-rehabilitacyjne\\\/stoly-z-hydrauliczna-regulacja-wysokosci\\\/stoly-hydrauliczne-krzyzak-na-ramie\\\/\"},{\"@type\":\"ListItem\",\"position\":6,\"name\":\"S432HB &#8211; St\u00f3\u0142 rehabilitacyjny do \u0107wicze\u0144 metod\u0105 BOBATH&#8217;a z hydrauliczn\u0105 regulacj\u0105 wysoko\u015bci\"}]},{\"@type\":\"WebSite\",\"@id\":\"https:\\\/\\\/innow.pl\\\/#website\",\"url\":\"https:\\\/\\\/innow.pl\\\/\",\"name\":\"INNOW\",\"description\":\"\",\"potentialAction\":[{\"@type\":\"SearchAction\",\"target\":{\"@type\":\"EntryPoint\",\"urlTemplate\":\"https:\\\/\\\/innow.pl\\\/?s={search_term_string}\"},\"query-input\":{\"@type\":\"PropertyValueSpecification\",\"valueRequired\":true,\"valueName\":\"search_term_string\"}}],\"inLanguage\":\"en-US\"}]}<\/script>\n<!-- \/ Yoast SEO plugin. -->","yoast_head_json":{"title":"S432HB - St\u00f3\u0142 rehabilitacyjny do \u0107wicze\u0144 metod\u0105 BOBATH'a z hydrauliczn\u0105 regulacj\u0105 wysoko\u015bci - INNOW","description":"Odporny na intensywne u\u017cytkowanie st\u00f3\u0142 rehabilitacyjny do \u0107wicze\u0144 metod\u0105 BOBATH'a z no\u017cycow\u0105 regulacj\u0105 wysoko\u015bci. Poznaj go bli\u017cej! Kliknij!","robots":{"index":"index","follow":"follow","max-snippet":"max-snippet:-1","max-image-preview":"max-image-preview:large","max-video-preview":"max-video-preview:-1"},"canonical":"https:\/\/innow.pl\/produkt\/s432-bobath-stol-rehabilitacyjny-do-cwiczen-metoda-bobatha\/","og_locale":"en_US","og_type":"article","og_title":"S432HB - St\u00f3\u0142 rehabilitacyjny do \u0107wicze\u0144 metod\u0105 BOBATH'a z hydrauliczn\u0105 regulacj\u0105 wysoko\u015bci - INNOW","og_description":"Odporny na intensywne u\u017cytkowanie st\u00f3\u0142 rehabilitacyjny do \u0107wicze\u0144 metod\u0105 BOBATH'a z no\u017cycow\u0105 regulacj\u0105 wysoko\u015bci. Poznaj go bli\u017cej! Kliknij!","og_url":"https:\/\/innow.pl\/produkt\/s432-bobath-stol-rehabilitacyjny-do-cwiczen-metoda-bobatha\/","og_site_name":"INNOW","article_modified_time":"2025-12-01T12:29:02+00:00","og_image":[{"width":800,"height":800,"url":"https:\/\/innow.pl\/wp-content\/uploads\/2024\/11\/S432HB.jpg","type":"image\/jpeg"}],"twitter_card":"summary_large_image","twitter_misc":{"Est. reading time":"1 minute"},"schema":{"@context":"https:\/\/schema.org","@graph":[{"@type":"WebPage","@id":"https:\/\/innow.pl\/produkt\/s432-bobath-stol-rehabilitacyjny-do-cwiczen-metoda-bobatha\/","url":"https:\/\/innow.pl\/produkt\/s432-bobath-stol-rehabilitacyjny-do-cwiczen-metoda-bobatha\/","name":"S432HB - St\u00f3\u0142 rehabilitacyjny do \u0107wicze\u0144 metod\u0105 BOBATH'a z hydrauliczn\u0105 regulacj\u0105 wysoko\u015bci - INNOW","isPartOf":{"@id":"https:\/\/innow.pl\/#website"},"primaryImageOfPage":{"@id":"https:\/\/innow.pl\/produkt\/s432-bobath-stol-rehabilitacyjny-do-cwiczen-metoda-bobatha\/#primaryimage"},"image":{"@id":"https:\/\/innow.pl\/produkt\/s432-bobath-stol-rehabilitacyjny-do-cwiczen-metoda-bobatha\/#primaryimage"},"thumbnailUrl":"https:\/\/innow.pl\/wp-content\/uploads\/2024\/11\/S432HB.jpg","datePublished":"2017-06-09T04:23:29+00:00","dateModified":"2025-12-01T12:29:02+00:00","description":"Odporny na intensywne u\u017cytkowanie st\u00f3\u0142 rehabilitacyjny do \u0107wicze\u0144 metod\u0105 BOBATH'a z no\u017cycow\u0105 regulacj\u0105 wysoko\u015bci. Poznaj go bli\u017cej! Kliknij!","breadcrumb":{"@id":"https:\/\/innow.pl\/produkt\/s432-bobath-stol-rehabilitacyjny-do-cwiczen-metoda-bobatha\/#breadcrumb"},"inLanguage":"en-US","potentialAction":[{"@type":"ReadAction","target":["https:\/\/innow.pl\/produkt\/s432-bobath-stol-rehabilitacyjny-do-cwiczen-metoda-bobatha\/"]}]},{"@type":"ImageObject","inLanguage":"en-US","@id":"https:\/\/innow.pl\/produkt\/s432-bobath-stol-rehabilitacyjny-do-cwiczen-metoda-bobatha\/#primaryimage","url":"https:\/\/innow.pl\/wp-content\/uploads\/2024\/11\/S432HB.jpg","contentUrl":"https:\/\/innow.pl\/wp-content\/uploads\/2024\/11\/S432HB.jpg","width":800,"height":800,"caption":"St\u00f3\u0142 rehabilitacyjny do \u0107wicze\u0144 metod\u0105 BOBATH\u2019a z hydrauliczn\u0105 regulacj\u0105 wysoko\u015bci \u2013 S432HB \u2013 INNOW"},{"@type":"BreadcrumbList","@id":"https:\/\/innow.pl\/produkt\/s432-bobath-stol-rehabilitacyjny-do-cwiczen-metoda-bobatha\/#breadcrumb","itemListElement":[{"@type":"ListItem","position":1,"name":"INNOW","item":"https:\/\/innow.pl\/en\/"},{"@type":"ListItem","position":2,"name":"Produkty","item":"https:\/\/innow.pl\/produkty\/"},{"@type":"ListItem","position":3,"name":"Sto\u0142y do masa\u017cu, rehabilitacji","item":"https:\/\/innow.pl\/produkty\/stoly-rehabilitacyjne\/"},{"@type":"ListItem","position":4,"name":"Sto\u0142y z hydrauliczn\u0105 regulacj\u0105 wysoko\u015bci","item":"https:\/\/innow.pl\/produkty\/stoly-rehabilitacyjne\/stoly-z-hydrauliczna-regulacja-wysokosci\/"},{"@type":"ListItem","position":5,"name":"Sto\u0142y hydrauliczne - krzy\u017cak na ramie","item":"https:\/\/innow.pl\/produkty\/stoly-rehabilitacyjne\/stoly-z-hydrauliczna-regulacja-wysokosci\/stoly-hydrauliczne-krzyzak-na-ramie\/"},{"@type":"ListItem","position":6,"name":"S432HB &#8211; St\u00f3\u0142 rehabilitacyjny do \u0107wicze\u0144 metod\u0105 BOBATH&#8217;a z hydrauliczn\u0105 regulacj\u0105 wysoko\u015bci"}]},{"@type":"WebSite","@id":"https:\/\/innow.pl\/#website","url":"https:\/\/innow.pl\/","name":"INNOW","description":"","potentialAction":[{"@type":"SearchAction","target":{"@type":"EntryPoint","urlTemplate":"https:\/\/innow.pl\/?s={search_term_string}"},"query-input":{"@type":"PropertyValueSpecification","valueRequired":true,"valueName":"search_term_string"}}],"inLanguage":"en-US"}]}},"_links":{"self":[{"href":"https:\/\/innow.pl\/en\/wp-json\/wp\/v2\/product\/24575","targetHints":{"allow":["GET"]}}],"collection":[{"href":"https:\/\/innow.pl\/en\/wp-json\/wp\/v2\/product"}],"about":[{"href":"https:\/\/innow.pl\/en\/wp-json\/wp\/v2\/types\/product"}],"replies":[{"embeddable":true,"href":"https:\/\/innow.pl\/en\/wp-json\/wp\/v2\/comments?post=24575"}],"wp:featuredmedia":[{"embeddable":true,"href":"https:\/\/innow.pl\/en\/wp-json\/wp\/v2\/media\/24578"}],"wp:attachment":[{"href":"https:\/\/innow.pl\/en\/wp-json\/wp\/v2\/media?parent=24575"}],"wp:term":[{"taxonomy":"product_brand","embeddable":true,"href":"https:\/\/innow.pl\/en\/wp-json\/wp\/v2\/product_brand?post=24575"},{"taxonomy":"product_cat","embeddable":true,"href":"https:\/\/innow.pl\/en\/wp-json\/wp\/v2\/product_cat?post=24575"},{"taxonomy":"product_tag","embeddable":true,"href":"https:\/\/innow.pl\/en\/wp-json\/wp\/v2\/product_tag?post=24575"}],"curies":[{"name":"wp","href":"https:\/\/api.w.org\/{rel}","templated":true}]}}