{"id":24338,"date":"2017-06-07T08:23:14","date_gmt":"2017-06-07T06:23:14","guid":{"rendered":"https:\/\/innow.pl\/produkt\/crobisic-prinn-32-wozek-wielofunkcyjny\/"},"modified":"2026-03-17T14:22:00","modified_gmt":"2026-03-17T13:22:00","slug":"crobisic-prinn-32-wozek-wielofunkcyjny","status":"publish","type":"product","link":"https:\/\/innow.pl\/en\/produkt\/crobisic-prinn-32-wozek-wielofunkcyjny\/","title":{"rendered":"CROBISIC PRINN &#8211; W\u00f3zek wielofunkcyjny z 5 szufladami"},"content":{"rendered":"<p>W\u00f3zek wielofunkcyjny z wyposa\u017ceniem:<\/p>\n<ul>\n<li>wieszak na p\u0142yny infuzyjne (regulowany),<\/li>\n<li>uniwersalny kosz,<\/li>\n<li>kosz na odpady (zamykany),<\/li>\n<li>pojemnik na ostre przedmioty (odporny na przek\u0142ucia),<\/li>\n<li>przeciwpy\u0142owe ko\u0142a,<\/li>\n<li>centralny zamek,<\/li>\n<li>uchwyt u\u0142atwiaj\u0105cy prowadzenie,<\/li>\n<li>gniazda do monta\u017cu akcesori\u00f3w.<\/li>\n<\/ul>\n<p>Samoczynnie domykaj\u0105ce si\u0119 szuflady maj\u0105 nast\u0119puj\u0105ce wymiary:<\/p>\n<ul>\n<li>56,9 x 39,8 x 7,6 cm,<\/li>\n<li>56,9 x 39,8 x 15,5 cm,<\/li>\n<li>56,9 x 39,8 x 23,4 cm.<\/li>\n<\/ul>\n<p><img decoding=\"async\" style=\"border: 0\" src=\"https:\/\/innow.pl\/wp-content\/uploads\/2024\/11\/Jestesmy_dystrybutorem-15.jpg\" alt=\"Jeste\u015bmy dystrybutorem produkt\u00f3w firmy\" \/><\/p>\n","protected":false},"excerpt":{"rendered":"<p>W\u00f3zek wielofunkcyjny z wyposa\u017ceniem: wieszak na p\u0142yny infuzyjne (regulowany), uniwersalny kosz, kosz na odpady (zamykany), pojemnik na ostre przedmioty (odporny na przek\u0142ucia), przeciwpy\u0142owe ko\u0142a, centralny zamek, uchwyt u\u0142atwiaj\u0105cy prowadzenie, gniazda do monta\u017cu akcesori\u00f3w. Samoczynnie domykaj\u0105ce si\u0119 szuflady maj\u0105 nast\u0119puj\u0105ce wymiary: 56,9 x 39,8 x 7,6 cm, 56,9 x 39,8 x 15,5 cm, 56,9 x 39,8 [&hellip;]<\/p>\n","protected":false},"featured_media":24341,"comment_status":"open","ping_status":"closed","template":"","meta":{"_acf_changed":false},"product_brand":[],"product_cat":[396,416],"product_tag":[],"class_list":{"0":"post-24338","1":"product","2":"type-product","3":"status-publish","4":"has-post-thumbnail","6":"product_cat-stoliki-i-wozki-medyczne","7":"product_cat-wozki-wielofunkcyjne","8":"pa_glebokosc-485-cm","9":"pa_szerokosc-64-cm","10":"pa_wysokosc-97-cm","12":"first","13":"instock","14":"taxable","15":"shipping-taxable","16":"purchasable","17":"product-type-simple"},"acf":[],"yoast_head":"<!-- This site is optimized with the Yoast SEO plugin v27.4 - https:\/\/yoast.com\/product\/yoast-seo-wordpress\/ -->\n<title>CROBISIC PRINN - W\u00f3zek wielofunkcyjny z 5 szufladami - INNOW<\/title>\n<meta name=\"description\" content=\"Praktyczny w\u00f3zek wielofunkcyjny z 5 pojemnymi szufladami, uchwytem do prowadzenia, koszem, pojemnikiem, wieszakiem na p\u0142yty infuzyjne i nie tylko. Zobacz!\" \/>\n<meta name=\"robots\" content=\"index, follow, max-snippet:-1, max-image-preview:large, max-video-preview:-1\" \/>\n<link rel=\"canonical\" href=\"https:\/\/innow.pl\/produkt\/crobisic-prinn-32-wozek-wielofunkcyjny\/\" \/>\n<meta property=\"og:locale\" content=\"en_US\" \/>\n<meta property=\"og:type\" content=\"article\" \/>\n<meta property=\"og:title\" content=\"CROBISIC PRINN - W\u00f3zek wielofunkcyjny z 5 szufladami - INNOW\" \/>\n<meta property=\"og:description\" content=\"Praktyczny w\u00f3zek wielofunkcyjny z 5 pojemnymi szufladami, uchwytem do prowadzenia, koszem, pojemnikiem, wieszakiem na p\u0142yty infuzyjne i nie tylko. Zobacz!\" \/>\n<meta property=\"og:url\" content=\"https:\/\/innow.pl\/produkt\/crobisic-prinn-32-wozek-wielofunkcyjny\/\" \/>\n<meta property=\"og:site_name\" content=\"INNOW\" \/>\n<meta property=\"article:modified_time\" content=\"2026-03-17T13:22:00+00:00\" \/>\n<meta property=\"og:image\" content=\"https:\/\/innow.pl\/wp-content\/uploads\/2024\/11\/CROBISIC_PRINN.jpg\" \/>\n\t<meta property=\"og:image:width\" content=\"480\" \/>\n\t<meta property=\"og:image:height\" content=\"480\" \/>\n\t<meta property=\"og:image:type\" content=\"image\/jpeg\" \/>\n<meta name=\"twitter:card\" content=\"summary_large_image\" \/>\n<meta name=\"twitter:label1\" content=\"Est. reading time\" \/>\n\t<meta name=\"twitter:data1\" content=\"1 minute\" \/>\n<script type=\"application\/ld+json\" class=\"yoast-schema-graph\">{\"@context\":\"https:\\\/\\\/schema.org\",\"@graph\":[{\"@type\":\"WebPage\",\"@id\":\"https:\\\/\\\/innow.pl\\\/produkt\\\/crobisic-prinn-32-wozek-wielofunkcyjny\\\/\",\"url\":\"https:\\\/\\\/innow.pl\\\/produkt\\\/crobisic-prinn-32-wozek-wielofunkcyjny\\\/\",\"name\":\"CROBISIC PRINN - W\u00f3zek wielofunkcyjny z 5 szufladami - INNOW\",\"isPartOf\":{\"@id\":\"https:\\\/\\\/innow.pl\\\/#website\"},\"primaryImageOfPage\":{\"@id\":\"https:\\\/\\\/innow.pl\\\/produkt\\\/crobisic-prinn-32-wozek-wielofunkcyjny\\\/#primaryimage\"},\"image\":{\"@id\":\"https:\\\/\\\/innow.pl\\\/produkt\\\/crobisic-prinn-32-wozek-wielofunkcyjny\\\/#primaryimage\"},\"thumbnailUrl\":\"https:\\\/\\\/innow.pl\\\/wp-content\\\/uploads\\\/2024\\\/11\\\/CROBISIC_PRINN.jpg\",\"datePublished\":\"2017-06-07T06:23:14+00:00\",\"dateModified\":\"2026-03-17T13:22:00+00:00\",\"description\":\"Praktyczny w\u00f3zek wielofunkcyjny z 5 pojemnymi szufladami, uchwytem do prowadzenia, koszem, pojemnikiem, wieszakiem na p\u0142yty infuzyjne i nie tylko. Zobacz!\",\"breadcrumb\":{\"@id\":\"https:\\\/\\\/innow.pl\\\/produkt\\\/crobisic-prinn-32-wozek-wielofunkcyjny\\\/#breadcrumb\"},\"inLanguage\":\"en-US\",\"potentialAction\":[{\"@type\":\"ReadAction\",\"target\":[\"https:\\\/\\\/innow.pl\\\/produkt\\\/crobisic-prinn-32-wozek-wielofunkcyjny\\\/\"]}]},{\"@type\":\"ImageObject\",\"inLanguage\":\"en-US\",\"@id\":\"https:\\\/\\\/innow.pl\\\/produkt\\\/crobisic-prinn-32-wozek-wielofunkcyjny\\\/#primaryimage\",\"url\":\"https:\\\/\\\/innow.pl\\\/wp-content\\\/uploads\\\/2024\\\/11\\\/CROBISIC_PRINN.jpg\",\"contentUrl\":\"https:\\\/\\\/innow.pl\\\/wp-content\\\/uploads\\\/2024\\\/11\\\/CROBISIC_PRINN.jpg\",\"width\":480,\"height\":480,\"caption\":\"W\u00f3zek wielofunkcyjny z 5 szufladami \u2013 CROBISIC PRINN\u2013 INNOW\"},{\"@type\":\"BreadcrumbList\",\"@id\":\"https:\\\/\\\/innow.pl\\\/produkt\\\/crobisic-prinn-32-wozek-wielofunkcyjny\\\/#breadcrumb\",\"itemListElement\":[{\"@type\":\"ListItem\",\"position\":1,\"name\":\"INNOW\",\"item\":\"https:\\\/\\\/innow.pl\\\/en\\\/\"},{\"@type\":\"ListItem\",\"position\":2,\"name\":\"Produkty\",\"item\":\"https:\\\/\\\/innow.pl\\\/produkty\\\/\"},{\"@type\":\"ListItem\",\"position\":3,\"name\":\"Stoliki i w\u00f3zki medyczne\",\"item\":\"https:\\\/\\\/innow.pl\\\/produkty\\\/stoliki-i-wozki-medyczne\\\/\"},{\"@type\":\"ListItem\",\"position\":4,\"name\":\"W\u00f3zki wielofunkcyjne\",\"item\":\"https:\\\/\\\/innow.pl\\\/produkty\\\/stoliki-i-wozki-medyczne\\\/wozki-wielofunkcyjne\\\/\"},{\"@type\":\"ListItem\",\"position\":5,\"name\":\"CROBISIC PRINN &#8211; W\u00f3zek wielofunkcyjny z 5 szufladami\"}]},{\"@type\":\"WebSite\",\"@id\":\"https:\\\/\\\/innow.pl\\\/#website\",\"url\":\"https:\\\/\\\/innow.pl\\\/\",\"name\":\"INNOW\",\"description\":\"\",\"potentialAction\":[{\"@type\":\"SearchAction\",\"target\":{\"@type\":\"EntryPoint\",\"urlTemplate\":\"https:\\\/\\\/innow.pl\\\/?s={search_term_string}\"},\"query-input\":{\"@type\":\"PropertyValueSpecification\",\"valueRequired\":true,\"valueName\":\"search_term_string\"}}],\"inLanguage\":\"en-US\"}]}<\/script>\n<!-- \/ Yoast SEO plugin. -->","yoast_head_json":{"title":"CROBISIC PRINN - W\u00f3zek wielofunkcyjny z 5 szufladami - INNOW","description":"Praktyczny w\u00f3zek wielofunkcyjny z 5 pojemnymi szufladami, uchwytem do prowadzenia, koszem, pojemnikiem, wieszakiem na p\u0142yty infuzyjne i nie tylko. Zobacz!","robots":{"index":"index","follow":"follow","max-snippet":"max-snippet:-1","max-image-preview":"max-image-preview:large","max-video-preview":"max-video-preview:-1"},"canonical":"https:\/\/innow.pl\/produkt\/crobisic-prinn-32-wozek-wielofunkcyjny\/","og_locale":"en_US","og_type":"article","og_title":"CROBISIC PRINN - W\u00f3zek wielofunkcyjny z 5 szufladami - INNOW","og_description":"Praktyczny w\u00f3zek wielofunkcyjny z 5 pojemnymi szufladami, uchwytem do prowadzenia, koszem, pojemnikiem, wieszakiem na p\u0142yty infuzyjne i nie tylko. Zobacz!","og_url":"https:\/\/innow.pl\/produkt\/crobisic-prinn-32-wozek-wielofunkcyjny\/","og_site_name":"INNOW","article_modified_time":"2026-03-17T13:22:00+00:00","og_image":[{"width":480,"height":480,"url":"https:\/\/innow.pl\/wp-content\/uploads\/2024\/11\/CROBISIC_PRINN.jpg","type":"image\/jpeg"}],"twitter_card":"summary_large_image","twitter_misc":{"Est. reading time":"1 minute"},"schema":{"@context":"https:\/\/schema.org","@graph":[{"@type":"WebPage","@id":"https:\/\/innow.pl\/produkt\/crobisic-prinn-32-wozek-wielofunkcyjny\/","url":"https:\/\/innow.pl\/produkt\/crobisic-prinn-32-wozek-wielofunkcyjny\/","name":"CROBISIC PRINN - W\u00f3zek wielofunkcyjny z 5 szufladami - INNOW","isPartOf":{"@id":"https:\/\/innow.pl\/#website"},"primaryImageOfPage":{"@id":"https:\/\/innow.pl\/produkt\/crobisic-prinn-32-wozek-wielofunkcyjny\/#primaryimage"},"image":{"@id":"https:\/\/innow.pl\/produkt\/crobisic-prinn-32-wozek-wielofunkcyjny\/#primaryimage"},"thumbnailUrl":"https:\/\/innow.pl\/wp-content\/uploads\/2024\/11\/CROBISIC_PRINN.jpg","datePublished":"2017-06-07T06:23:14+00:00","dateModified":"2026-03-17T13:22:00+00:00","description":"Praktyczny w\u00f3zek wielofunkcyjny z 5 pojemnymi szufladami, uchwytem do prowadzenia, koszem, pojemnikiem, wieszakiem na p\u0142yty infuzyjne i nie tylko. Zobacz!","breadcrumb":{"@id":"https:\/\/innow.pl\/produkt\/crobisic-prinn-32-wozek-wielofunkcyjny\/#breadcrumb"},"inLanguage":"en-US","potentialAction":[{"@type":"ReadAction","target":["https:\/\/innow.pl\/produkt\/crobisic-prinn-32-wozek-wielofunkcyjny\/"]}]},{"@type":"ImageObject","inLanguage":"en-US","@id":"https:\/\/innow.pl\/produkt\/crobisic-prinn-32-wozek-wielofunkcyjny\/#primaryimage","url":"https:\/\/innow.pl\/wp-content\/uploads\/2024\/11\/CROBISIC_PRINN.jpg","contentUrl":"https:\/\/innow.pl\/wp-content\/uploads\/2024\/11\/CROBISIC_PRINN.jpg","width":480,"height":480,"caption":"W\u00f3zek wielofunkcyjny z 5 szufladami \u2013 CROBISIC PRINN\u2013 INNOW"},{"@type":"BreadcrumbList","@id":"https:\/\/innow.pl\/produkt\/crobisic-prinn-32-wozek-wielofunkcyjny\/#breadcrumb","itemListElement":[{"@type":"ListItem","position":1,"name":"INNOW","item":"https:\/\/innow.pl\/en\/"},{"@type":"ListItem","position":2,"name":"Produkty","item":"https:\/\/innow.pl\/produkty\/"},{"@type":"ListItem","position":3,"name":"Stoliki i w\u00f3zki medyczne","item":"https:\/\/innow.pl\/produkty\/stoliki-i-wozki-medyczne\/"},{"@type":"ListItem","position":4,"name":"W\u00f3zki wielofunkcyjne","item":"https:\/\/innow.pl\/produkty\/stoliki-i-wozki-medyczne\/wozki-wielofunkcyjne\/"},{"@type":"ListItem","position":5,"name":"CROBISIC PRINN &#8211; W\u00f3zek wielofunkcyjny z 5 szufladami"}]},{"@type":"WebSite","@id":"https:\/\/innow.pl\/#website","url":"https:\/\/innow.pl\/","name":"INNOW","description":"","potentialAction":[{"@type":"SearchAction","target":{"@type":"EntryPoint","urlTemplate":"https:\/\/innow.pl\/?s={search_term_string}"},"query-input":{"@type":"PropertyValueSpecification","valueRequired":true,"valueName":"search_term_string"}}],"inLanguage":"en-US"}]}},"_links":{"self":[{"href":"https:\/\/innow.pl\/en\/wp-json\/wp\/v2\/product\/24338","targetHints":{"allow":["GET"]}}],"collection":[{"href":"https:\/\/innow.pl\/en\/wp-json\/wp\/v2\/product"}],"about":[{"href":"https:\/\/innow.pl\/en\/wp-json\/wp\/v2\/types\/product"}],"replies":[{"embeddable":true,"href":"https:\/\/innow.pl\/en\/wp-json\/wp\/v2\/comments?post=24338"}],"wp:featuredmedia":[{"embeddable":true,"href":"https:\/\/innow.pl\/en\/wp-json\/wp\/v2\/media\/24341"}],"wp:attachment":[{"href":"https:\/\/innow.pl\/en\/wp-json\/wp\/v2\/media?parent=24338"}],"wp:term":[{"taxonomy":"product_brand","embeddable":true,"href":"https:\/\/innow.pl\/en\/wp-json\/wp\/v2\/product_brand?post=24338"},{"taxonomy":"product_cat","embeddable":true,"href":"https:\/\/innow.pl\/en\/wp-json\/wp\/v2\/product_cat?post=24338"},{"taxonomy":"product_tag","embeddable":true,"href":"https:\/\/innow.pl\/en\/wp-json\/wp\/v2\/product_tag?post=24338"}],"curies":[{"name":"wp","href":"https:\/\/api.w.org\/{rel}","templated":true}]}}