{"id":24327,"date":"2017-06-07T08:05:46","date_gmt":"2017-06-07T06:05:46","guid":{"rendered":"https:\/\/innow.pl\/produkt\/crobinic-13405-wozek-wielofunkcyjny-waski\/"},"modified":"2025-04-29T11:42:40","modified_gmt":"2025-04-29T09:42:40","slug":"crobinic-13405-wozek-wielofunkcyjny-waski","status":"publish","type":"product","link":"https:\/\/innow.pl\/en\/produkt\/crobinic-13405-wozek-wielofunkcyjny-waski\/","title":{"rendered":"CROBINIC 13405 &#8211; W\u00f3zek wielofunkcyjny w\u0105ski"},"content":{"rendered":"<p>Wielofunkcyjny w\u00f3zek transportowy, kt\u00f3rego mo\u017cna u\u017cywa\u0107 nawet w ma\u0142ych pomieszczenia. Mo\u017cliwy dob\u00f3r wyposa\u017cenia opcjonalnego w zale\u017cno\u015bci od potrzeb. <em>W\u00f3zek przedstawiony na zdj\u0119ciu 2 wyposa\u017cony jest <strong>dodatkowo<\/strong> w nast\u0119puj\u0105ce akcesoria:<\/em><\/p>\n<ul>\n<li><em>wieszak na p\u0142yny infuzyjne (dop\u0142ata 229 z\u0142 + 23 % VAT),<\/em><\/li>\n<li><em>podstawa pod defibrylator (dop\u0142ata 493 z\u0142 + 23 % VAT),<\/em><\/li>\n<li><em>pojemnik na ostre elementy (dop\u0142ata 104 z\u0142 + 23 % VAT),<\/em><\/li>\n<li><em>uchwyt na butl\u0119 z tlenem (dop\u0142ata 142 z\u0142 + 23 % VAT).<\/em><\/li>\n<\/ul>\n<p><img decoding=\"async\" style=\"border: 0\" src=\"https:\/\/innow.pl\/wp-content\/uploads\/2024\/11\/Jestesmy_dystrybutorem-13.jpg\" alt=\"Jeste\u015bmy dystrybutorem produkt\u00f3w firmy\" \/><\/p>\n","protected":false},"excerpt":{"rendered":"<p>Wielofunkcyjny w\u00f3zek transportowy, kt\u00f3rego mo\u017cna u\u017cywa\u0107 nawet w ma\u0142ych pomieszczenia. Mo\u017cliwy dob\u00f3r wyposa\u017cenia opcjonalnego w zale\u017cno\u015bci od potrzeb. W\u00f3zek przedstawiony na zdj\u0119ciu 2 wyposa\u017cony jest dodatkowo w nast\u0119puj\u0105ce akcesoria: wieszak na p\u0142yny infuzyjne (dop\u0142ata 229 z\u0142 + 23 % VAT), podstawa pod defibrylator (dop\u0142ata 493 z\u0142 + 23 % VAT), pojemnik na ostre elementy (dop\u0142ata [&hellip;]<\/p>\n","protected":false},"featured_media":24330,"comment_status":"open","ping_status":"closed","template":"","meta":{"_acf_changed":false},"product_brand":[],"product_cat":[396,416],"product_tag":[],"class_list":{"0":"post-24327","1":"product","2":"type-product","3":"status-publish","4":"has-post-thumbnail","6":"product_cat-stoliki-i-wozki-medyczne","7":"product_cat-wozki-wielofunkcyjne","8":"pa_glebokosc-542-cm","9":"pa_szerokosc-51-cm","10":"pa_wysokosc-977-cm","11":"pa_wysokosc-bez-kol-842-cm","13":"first","14":"instock","15":"taxable","16":"shipping-taxable","17":"purchasable","18":"product-type-simple"},"acf":[],"yoast_head":"<!-- This site is optimized with the Yoast SEO plugin v27.4 - https:\/\/yoast.com\/product\/yoast-seo-wordpress\/ -->\n<title>CROBINIC 13405 - W\u00f3zek wielofunkcyjny w\u0105ski - INNOW<\/title>\n<meta name=\"description\" content=\"Niedrogi w\u00f3zek wielofunkcyjny w\u0105ski polecany zw\u0142aszcza do ma\u0142ych pomieszcze\u0144. Dzi\u0119ki niewielkim wymiarom zapewnia \u0142atwe przechowywanie i transport. Kliknij!\" \/>\n<meta name=\"robots\" content=\"index, follow, max-snippet:-1, max-image-preview:large, max-video-preview:-1\" \/>\n<link rel=\"canonical\" href=\"https:\/\/innow.pl\/produkt\/crobinic-13405-wozek-wielofunkcyjny-waski\/\" \/>\n<meta property=\"og:locale\" content=\"en_US\" \/>\n<meta property=\"og:type\" content=\"article\" \/>\n<meta property=\"og:title\" content=\"CROBINIC 13405 - W\u00f3zek wielofunkcyjny w\u0105ski - INNOW\" \/>\n<meta property=\"og:description\" content=\"Niedrogi w\u00f3zek wielofunkcyjny w\u0105ski polecany zw\u0142aszcza do ma\u0142ych pomieszcze\u0144. Dzi\u0119ki niewielkim wymiarom zapewnia \u0142atwe przechowywanie i transport. Kliknij!\" \/>\n<meta property=\"og:url\" content=\"https:\/\/innow.pl\/produkt\/crobinic-13405-wozek-wielofunkcyjny-waski\/\" \/>\n<meta property=\"og:site_name\" content=\"INNOW\" \/>\n<meta property=\"article:modified_time\" content=\"2025-04-29T09:42:40+00:00\" \/>\n<meta property=\"og:image\" content=\"https:\/\/innow.pl\/wp-content\/uploads\/2024\/11\/CROBINIC13405_1_.jpg\" \/>\n\t<meta property=\"og:image:width\" content=\"450\" \/>\n\t<meta property=\"og:image:height\" content=\"450\" \/>\n\t<meta property=\"og:image:type\" content=\"image\/jpeg\" \/>\n<meta name=\"twitter:card\" content=\"summary_large_image\" \/>\n<meta name=\"twitter:label1\" content=\"Est. reading time\" \/>\n\t<meta name=\"twitter:data1\" content=\"1 minute\" \/>\n<script type=\"application\/ld+json\" class=\"yoast-schema-graph\">{\"@context\":\"https:\\\/\\\/schema.org\",\"@graph\":[{\"@type\":\"WebPage\",\"@id\":\"https:\\\/\\\/innow.pl\\\/produkt\\\/crobinic-13405-wozek-wielofunkcyjny-waski\\\/\",\"url\":\"https:\\\/\\\/innow.pl\\\/produkt\\\/crobinic-13405-wozek-wielofunkcyjny-waski\\\/\",\"name\":\"CROBINIC 13405 - W\u00f3zek wielofunkcyjny w\u0105ski - INNOW\",\"isPartOf\":{\"@id\":\"https:\\\/\\\/innow.pl\\\/#website\"},\"primaryImageOfPage\":{\"@id\":\"https:\\\/\\\/innow.pl\\\/produkt\\\/crobinic-13405-wozek-wielofunkcyjny-waski\\\/#primaryimage\"},\"image\":{\"@id\":\"https:\\\/\\\/innow.pl\\\/produkt\\\/crobinic-13405-wozek-wielofunkcyjny-waski\\\/#primaryimage\"},\"thumbnailUrl\":\"https:\\\/\\\/innow.pl\\\/wp-content\\\/uploads\\\/2024\\\/11\\\/CROBINIC13405_1_.jpg\",\"datePublished\":\"2017-06-07T06:05:46+00:00\",\"dateModified\":\"2025-04-29T09:42:40+00:00\",\"description\":\"Niedrogi w\u00f3zek wielofunkcyjny w\u0105ski polecany zw\u0142aszcza do ma\u0142ych pomieszcze\u0144. Dzi\u0119ki niewielkim wymiarom zapewnia \u0142atwe przechowywanie i transport. Kliknij!\",\"breadcrumb\":{\"@id\":\"https:\\\/\\\/innow.pl\\\/produkt\\\/crobinic-13405-wozek-wielofunkcyjny-waski\\\/#breadcrumb\"},\"inLanguage\":\"en-US\",\"potentialAction\":[{\"@type\":\"ReadAction\",\"target\":[\"https:\\\/\\\/innow.pl\\\/produkt\\\/crobinic-13405-wozek-wielofunkcyjny-waski\\\/\"]}]},{\"@type\":\"ImageObject\",\"inLanguage\":\"en-US\",\"@id\":\"https:\\\/\\\/innow.pl\\\/produkt\\\/crobinic-13405-wozek-wielofunkcyjny-waski\\\/#primaryimage\",\"url\":\"https:\\\/\\\/innow.pl\\\/wp-content\\\/uploads\\\/2024\\\/11\\\/CROBINIC13405_1_.jpg\",\"contentUrl\":\"https:\\\/\\\/innow.pl\\\/wp-content\\\/uploads\\\/2024\\\/11\\\/CROBINIC13405_1_.jpg\",\"width\":450,\"height\":450,\"caption\":\"W\u00f3zek wielofunkcyjny w\u0105ski \u2013 CROBINIC 13405 \u2013 INNOW\"},{\"@type\":\"BreadcrumbList\",\"@id\":\"https:\\\/\\\/innow.pl\\\/produkt\\\/crobinic-13405-wozek-wielofunkcyjny-waski\\\/#breadcrumb\",\"itemListElement\":[{\"@type\":\"ListItem\",\"position\":1,\"name\":\"INNOW\",\"item\":\"https:\\\/\\\/innow.pl\\\/en\\\/\"},{\"@type\":\"ListItem\",\"position\":2,\"name\":\"Produkty\",\"item\":\"https:\\\/\\\/innow.pl\\\/produkty\\\/\"},{\"@type\":\"ListItem\",\"position\":3,\"name\":\"Stoliki i w\u00f3zki medyczne\",\"item\":\"https:\\\/\\\/innow.pl\\\/produkty\\\/stoliki-i-wozki-medyczne\\\/\"},{\"@type\":\"ListItem\",\"position\":4,\"name\":\"W\u00f3zki wielofunkcyjne\",\"item\":\"https:\\\/\\\/innow.pl\\\/produkty\\\/stoliki-i-wozki-medyczne\\\/wozki-wielofunkcyjne\\\/\"},{\"@type\":\"ListItem\",\"position\":5,\"name\":\"CROBINIC 13405 &#8211; W\u00f3zek wielofunkcyjny w\u0105ski\"}]},{\"@type\":\"WebSite\",\"@id\":\"https:\\\/\\\/innow.pl\\\/#website\",\"url\":\"https:\\\/\\\/innow.pl\\\/\",\"name\":\"INNOW\",\"description\":\"\",\"potentialAction\":[{\"@type\":\"SearchAction\",\"target\":{\"@type\":\"EntryPoint\",\"urlTemplate\":\"https:\\\/\\\/innow.pl\\\/?s={search_term_string}\"},\"query-input\":{\"@type\":\"PropertyValueSpecification\",\"valueRequired\":true,\"valueName\":\"search_term_string\"}}],\"inLanguage\":\"en-US\"}]}<\/script>\n<!-- \/ Yoast SEO plugin. -->","yoast_head_json":{"title":"CROBINIC 13405 - W\u00f3zek wielofunkcyjny w\u0105ski - INNOW","description":"Niedrogi w\u00f3zek wielofunkcyjny w\u0105ski polecany zw\u0142aszcza do ma\u0142ych pomieszcze\u0144. Dzi\u0119ki niewielkim wymiarom zapewnia \u0142atwe przechowywanie i transport. Kliknij!","robots":{"index":"index","follow":"follow","max-snippet":"max-snippet:-1","max-image-preview":"max-image-preview:large","max-video-preview":"max-video-preview:-1"},"canonical":"https:\/\/innow.pl\/produkt\/crobinic-13405-wozek-wielofunkcyjny-waski\/","og_locale":"en_US","og_type":"article","og_title":"CROBINIC 13405 - W\u00f3zek wielofunkcyjny w\u0105ski - INNOW","og_description":"Niedrogi w\u00f3zek wielofunkcyjny w\u0105ski polecany zw\u0142aszcza do ma\u0142ych pomieszcze\u0144. Dzi\u0119ki niewielkim wymiarom zapewnia \u0142atwe przechowywanie i transport. Kliknij!","og_url":"https:\/\/innow.pl\/produkt\/crobinic-13405-wozek-wielofunkcyjny-waski\/","og_site_name":"INNOW","article_modified_time":"2025-04-29T09:42:40+00:00","og_image":[{"width":450,"height":450,"url":"https:\/\/innow.pl\/wp-content\/uploads\/2024\/11\/CROBINIC13405_1_.jpg","type":"image\/jpeg"}],"twitter_card":"summary_large_image","twitter_misc":{"Est. reading time":"1 minute"},"schema":{"@context":"https:\/\/schema.org","@graph":[{"@type":"WebPage","@id":"https:\/\/innow.pl\/produkt\/crobinic-13405-wozek-wielofunkcyjny-waski\/","url":"https:\/\/innow.pl\/produkt\/crobinic-13405-wozek-wielofunkcyjny-waski\/","name":"CROBINIC 13405 - W\u00f3zek wielofunkcyjny w\u0105ski - INNOW","isPartOf":{"@id":"https:\/\/innow.pl\/#website"},"primaryImageOfPage":{"@id":"https:\/\/innow.pl\/produkt\/crobinic-13405-wozek-wielofunkcyjny-waski\/#primaryimage"},"image":{"@id":"https:\/\/innow.pl\/produkt\/crobinic-13405-wozek-wielofunkcyjny-waski\/#primaryimage"},"thumbnailUrl":"https:\/\/innow.pl\/wp-content\/uploads\/2024\/11\/CROBINIC13405_1_.jpg","datePublished":"2017-06-07T06:05:46+00:00","dateModified":"2025-04-29T09:42:40+00:00","description":"Niedrogi w\u00f3zek wielofunkcyjny w\u0105ski polecany zw\u0142aszcza do ma\u0142ych pomieszcze\u0144. Dzi\u0119ki niewielkim wymiarom zapewnia \u0142atwe przechowywanie i transport. Kliknij!","breadcrumb":{"@id":"https:\/\/innow.pl\/produkt\/crobinic-13405-wozek-wielofunkcyjny-waski\/#breadcrumb"},"inLanguage":"en-US","potentialAction":[{"@type":"ReadAction","target":["https:\/\/innow.pl\/produkt\/crobinic-13405-wozek-wielofunkcyjny-waski\/"]}]},{"@type":"ImageObject","inLanguage":"en-US","@id":"https:\/\/innow.pl\/produkt\/crobinic-13405-wozek-wielofunkcyjny-waski\/#primaryimage","url":"https:\/\/innow.pl\/wp-content\/uploads\/2024\/11\/CROBINIC13405_1_.jpg","contentUrl":"https:\/\/innow.pl\/wp-content\/uploads\/2024\/11\/CROBINIC13405_1_.jpg","width":450,"height":450,"caption":"W\u00f3zek wielofunkcyjny w\u0105ski \u2013 CROBINIC 13405 \u2013 INNOW"},{"@type":"BreadcrumbList","@id":"https:\/\/innow.pl\/produkt\/crobinic-13405-wozek-wielofunkcyjny-waski\/#breadcrumb","itemListElement":[{"@type":"ListItem","position":1,"name":"INNOW","item":"https:\/\/innow.pl\/en\/"},{"@type":"ListItem","position":2,"name":"Produkty","item":"https:\/\/innow.pl\/produkty\/"},{"@type":"ListItem","position":3,"name":"Stoliki i w\u00f3zki medyczne","item":"https:\/\/innow.pl\/produkty\/stoliki-i-wozki-medyczne\/"},{"@type":"ListItem","position":4,"name":"W\u00f3zki wielofunkcyjne","item":"https:\/\/innow.pl\/produkty\/stoliki-i-wozki-medyczne\/wozki-wielofunkcyjne\/"},{"@type":"ListItem","position":5,"name":"CROBINIC 13405 &#8211; W\u00f3zek wielofunkcyjny w\u0105ski"}]},{"@type":"WebSite","@id":"https:\/\/innow.pl\/#website","url":"https:\/\/innow.pl\/","name":"INNOW","description":"","potentialAction":[{"@type":"SearchAction","target":{"@type":"EntryPoint","urlTemplate":"https:\/\/innow.pl\/?s={search_term_string}"},"query-input":{"@type":"PropertyValueSpecification","valueRequired":true,"valueName":"search_term_string"}}],"inLanguage":"en-US"}]}},"_links":{"self":[{"href":"https:\/\/innow.pl\/en\/wp-json\/wp\/v2\/product\/24327","targetHints":{"allow":["GET"]}}],"collection":[{"href":"https:\/\/innow.pl\/en\/wp-json\/wp\/v2\/product"}],"about":[{"href":"https:\/\/innow.pl\/en\/wp-json\/wp\/v2\/types\/product"}],"replies":[{"embeddable":true,"href":"https:\/\/innow.pl\/en\/wp-json\/wp\/v2\/comments?post=24327"}],"wp:featuredmedia":[{"embeddable":true,"href":"https:\/\/innow.pl\/en\/wp-json\/wp\/v2\/media\/24330"}],"wp:attachment":[{"href":"https:\/\/innow.pl\/en\/wp-json\/wp\/v2\/media?parent=24327"}],"wp:term":[{"taxonomy":"product_brand","embeddable":true,"href":"https:\/\/innow.pl\/en\/wp-json\/wp\/v2\/product_brand?post=24327"},{"taxonomy":"product_cat","embeddable":true,"href":"https:\/\/innow.pl\/en\/wp-json\/wp\/v2\/product_cat?post=24327"},{"taxonomy":"product_tag","embeddable":true,"href":"https:\/\/innow.pl\/en\/wp-json\/wp\/v2\/product_tag?post=24327"}],"curies":[{"name":"wp","href":"https:\/\/api.w.org\/{rel}","templated":true}]}}