{"id":24302,"date":"2017-06-07T06:41:01","date_gmt":"2017-06-07T04:41:01","guid":{"rendered":"https:\/\/innow.pl\/produkt\/crobmix-eminn31m-wozek-reanimacyjny\/"},"modified":"2025-10-20T12:45:13","modified_gmt":"2025-10-20T10:45:13","slug":"crobmix-eminn31m-wozek-reanimacyjny","status":"publish","type":"product","link":"https:\/\/innow.pl\/en\/produkt\/crobmix-eminn31m-wozek-reanimacyjny\/","title":{"rendered":"CROBMIX EMINN &#8211; W\u00f3zek reanimacyjny"},"content":{"rendered":"<p>W\u00f3zek reanimacyjny przeznaczony do oddzia\u0142\u00f3w intensywnej terapii. Wyposa\u017cenie:<\/p>\n<ul>\n<li>wieszak na p\u0142yny infuzyjne (z regulacj\u0105),<\/li>\n<li>podstawa pod defibrylator (obrotowa),<\/li>\n<li>pojemnik na ostre przedmioty,<\/li>\n<li>p\u0142yta pozwalaj\u0105ca na przeprowadzanie RKO,<\/li>\n<li>uchwyt na butl\u0119,<\/li>\n<li>uchwyt na zu\u017cyte materia\u0142y,<\/li>\n<li>przeciwpy\u0142owe ko\u0142a,<\/li>\n<li>centralny zamek,<\/li>\n<li>dodatkowy blat roboczy &#8211; wysuwany.<\/li>\n<\/ul>\n<p>Szuflady samoczynnie domykaj\u0105ce si\u0119 o wymiarach:<\/p>\n<ul>\n<li>56,9 x 39,8 x 7,6 cm,<\/li>\n<li>56,9 x 39,8 x 15,5 cm,<\/li>\n<li>56,9 x 39,8 x 23,4 cm.<\/li>\n<\/ul>\n<p>Wszystkie warianty posiadaj\u0105 w cenie wyposa\u017cenie widoczne na zdj\u0119ciu 1. Zdj\u0119cie 1: wariant 31M z pe\u0142nym wyposa\u017ceniem. Zdj\u0119cie 2: wariant 31M, zdj\u0119cie pogl\u0105dowe uk\u0142adu szuflad: 3 ma\u0142e, 1 \u015brednia, 1 du\u017ca. Zdj\u0119cie 3: wariant 34M, zdj\u0119cie pogl\u0105dowe uk\u0142adu szuflad: 2 ma\u0142e, 2 \u015brednie, 1 du\u017ca. Zdj\u0119cie 4: wariant 37M, zdj\u0119cie pogl\u0105dowe uk\u0142adu szuflad: 3 ma\u0142e, 2 \u015brednie, 1 du\u017ca. <img decoding=\"async\" style=\"border: 0\" src=\"https:\/\/innow.pl\/wp-content\/uploads\/2024\/11\/Jestesmy_dystrybutorem-9.jpg\" alt=\"Jeste\u015bmy dystrybutorem produkt\u00f3w firmy\" \/><\/p>\n","protected":false},"excerpt":{"rendered":"<p>W\u00f3zek reanimacyjny przeznaczony do oddzia\u0142\u00f3w intensywnej terapii. Wyposa\u017cenie: wieszak na p\u0142yny infuzyjne (z regulacj\u0105), podstawa pod defibrylator (obrotowa), pojemnik na ostre przedmioty, p\u0142yta pozwalaj\u0105ca na przeprowadzanie RKO, uchwyt na butl\u0119, uchwyt na zu\u017cyte materia\u0142y, przeciwpy\u0142owe ko\u0142a, centralny zamek, dodatkowy blat roboczy &#8211; wysuwany. Szuflady samoczynnie domykaj\u0105ce si\u0119 o wymiarach: 56,9 x 39,8 x 7,6 cm, [&hellip;]<\/p>\n","protected":false},"featured_media":24305,"comment_status":"open","ping_status":"closed","template":"","meta":{"_acf_changed":false},"product_brand":[],"product_cat":[396,419],"product_tag":[],"class_list":{"0":"post-24302","1":"product","2":"type-product","3":"status-publish","4":"has-post-thumbnail","6":"product_cat-stoliki-i-wozki-medyczne","7":"product_cat-wozki-reanimacyjne","8":"pa_glebokosc-518-cm","9":"pa_rodzaje-szuflad-wariant-31m-3-male-1-srednia-1-duza","10":"pa_rodzaje-szuflad-wariant-34m-2-male-2-srednie-1-duza","11":"pa_rodzaje-szuflad-wariant-37m-3-male-2-srednie-1-duza","12":"pa_szerokosc-69-cm","13":"pa_wysokosc-1006-cm-wariant-34m","14":"pa_wysokosc-1085-cm-wariant-37m","15":"pa_wysokosc-927-cm-wariant-31m","16":"pa_wysokosc-bez-kol-793-cm-wariant-31m","17":"pa_wysokosc-bez-kol-872-cm-wariant-34m","18":"pa_wysokosc-bez-kol-951-cm-wariant-37m","20":"first","21":"instock","22":"taxable","23":"shipping-taxable","24":"purchasable","25":"product-type-variable"},"acf":[],"yoast_head":"<!-- This site is optimized with the Yoast SEO plugin v27.4 - https:\/\/yoast.com\/product\/yoast-seo-wordpress\/ -->\n<title>CROBMIX EMINN - W\u00f3zek reanimacyjny - INNOW<\/title>\n<meta name=\"description\" content=\"Praktyczny w\u00f3zek reanimacyjny z obrotow\u0105 podstaw\u0105 pod defibrylator i innym bogatym wyposa\u017ceniem! Poznaj wi\u0119cej szczeg\u00f3\u0142\u00f3w!\" \/>\n<meta name=\"robots\" content=\"index, follow, max-snippet:-1, max-image-preview:large, max-video-preview:-1\" \/>\n<link rel=\"canonical\" href=\"https:\/\/innow.pl\/produkt\/crobmix-eminn31m-wozek-reanimacyjny\/\" \/>\n<meta property=\"og:locale\" content=\"en_US\" \/>\n<meta property=\"og:type\" content=\"article\" \/>\n<meta property=\"og:title\" content=\"CROBMIX EMINN - W\u00f3zek reanimacyjny - INNOW\" \/>\n<meta property=\"og:description\" content=\"Praktyczny w\u00f3zek reanimacyjny z obrotow\u0105 podstaw\u0105 pod defibrylator i innym bogatym wyposa\u017ceniem! Poznaj wi\u0119cej szczeg\u00f3\u0142\u00f3w!\" \/>\n<meta property=\"og:url\" content=\"https:\/\/innow.pl\/produkt\/crobmix-eminn31m-wozek-reanimacyjny\/\" \/>\n<meta property=\"og:site_name\" content=\"INNOW\" \/>\n<meta property=\"article:modified_time\" content=\"2025-10-20T10:45:13+00:00\" \/>\n<meta property=\"og:image\" content=\"https:\/\/innow.pl\/wp-content\/uploads\/2024\/11\/CROBMIX_EMINN_31M_glowne.jpg\" \/>\n\t<meta property=\"og:image:width\" content=\"800\" \/>\n\t<meta property=\"og:image:height\" content=\"800\" \/>\n\t<meta property=\"og:image:type\" content=\"image\/jpeg\" \/>\n<meta name=\"twitter:card\" content=\"summary_large_image\" \/>\n<meta name=\"twitter:label1\" content=\"Est. reading time\" \/>\n\t<meta name=\"twitter:data1\" content=\"2 minutes\" \/>\n<script type=\"application\/ld+json\" class=\"yoast-schema-graph\">{\"@context\":\"https:\\\/\\\/schema.org\",\"@graph\":[{\"@type\":\"WebPage\",\"@id\":\"https:\\\/\\\/innow.pl\\\/produkt\\\/crobmix-eminn31m-wozek-reanimacyjny\\\/\",\"url\":\"https:\\\/\\\/innow.pl\\\/produkt\\\/crobmix-eminn31m-wozek-reanimacyjny\\\/\",\"name\":\"CROBMIX EMINN - W\u00f3zek reanimacyjny - INNOW\",\"isPartOf\":{\"@id\":\"https:\\\/\\\/innow.pl\\\/#website\"},\"primaryImageOfPage\":{\"@id\":\"https:\\\/\\\/innow.pl\\\/produkt\\\/crobmix-eminn31m-wozek-reanimacyjny\\\/#primaryimage\"},\"image\":{\"@id\":\"https:\\\/\\\/innow.pl\\\/produkt\\\/crobmix-eminn31m-wozek-reanimacyjny\\\/#primaryimage\"},\"thumbnailUrl\":\"https:\\\/\\\/innow.pl\\\/wp-content\\\/uploads\\\/2024\\\/11\\\/CROBMIX_EMINN_31M_glowne.jpg\",\"datePublished\":\"2017-06-07T04:41:01+00:00\",\"dateModified\":\"2025-10-20T10:45:13+00:00\",\"description\":\"Praktyczny w\u00f3zek reanimacyjny z obrotow\u0105 podstaw\u0105 pod defibrylator i innym bogatym wyposa\u017ceniem! Poznaj wi\u0119cej szczeg\u00f3\u0142\u00f3w!\",\"breadcrumb\":{\"@id\":\"https:\\\/\\\/innow.pl\\\/produkt\\\/crobmix-eminn31m-wozek-reanimacyjny\\\/#breadcrumb\"},\"inLanguage\":\"en-US\",\"potentialAction\":[{\"@type\":\"ReadAction\",\"target\":[\"https:\\\/\\\/innow.pl\\\/produkt\\\/crobmix-eminn31m-wozek-reanimacyjny\\\/\"]}]},{\"@type\":\"ImageObject\",\"inLanguage\":\"en-US\",\"@id\":\"https:\\\/\\\/innow.pl\\\/produkt\\\/crobmix-eminn31m-wozek-reanimacyjny\\\/#primaryimage\",\"url\":\"https:\\\/\\\/innow.pl\\\/wp-content\\\/uploads\\\/2024\\\/11\\\/CROBMIX_EMINN_31M_glowne.jpg\",\"contentUrl\":\"https:\\\/\\\/innow.pl\\\/wp-content\\\/uploads\\\/2024\\\/11\\\/CROBMIX_EMINN_31M_glowne.jpg\",\"width\":800,\"height\":800},{\"@type\":\"BreadcrumbList\",\"@id\":\"https:\\\/\\\/innow.pl\\\/produkt\\\/crobmix-eminn31m-wozek-reanimacyjny\\\/#breadcrumb\",\"itemListElement\":[{\"@type\":\"ListItem\",\"position\":1,\"name\":\"INNOW\",\"item\":\"https:\\\/\\\/innow.pl\\\/en\\\/\"},{\"@type\":\"ListItem\",\"position\":2,\"name\":\"Produkty\",\"item\":\"https:\\\/\\\/innow.pl\\\/produkty\\\/\"},{\"@type\":\"ListItem\",\"position\":3,\"name\":\"Stoliki i w\u00f3zki medyczne\",\"item\":\"https:\\\/\\\/innow.pl\\\/produkty\\\/stoliki-i-wozki-medyczne\\\/\"},{\"@type\":\"ListItem\",\"position\":4,\"name\":\"W\u00f3zki reanimacyjne\",\"item\":\"https:\\\/\\\/innow.pl\\\/produkty\\\/stoliki-i-wozki-medyczne\\\/wozki-reanimacyjne\\\/\"},{\"@type\":\"ListItem\",\"position\":5,\"name\":\"CROBMIX EMINN &#8211; W\u00f3zek reanimacyjny\"}]},{\"@type\":\"WebSite\",\"@id\":\"https:\\\/\\\/innow.pl\\\/#website\",\"url\":\"https:\\\/\\\/innow.pl\\\/\",\"name\":\"INNOW\",\"description\":\"\",\"potentialAction\":[{\"@type\":\"SearchAction\",\"target\":{\"@type\":\"EntryPoint\",\"urlTemplate\":\"https:\\\/\\\/innow.pl\\\/?s={search_term_string}\"},\"query-input\":{\"@type\":\"PropertyValueSpecification\",\"valueRequired\":true,\"valueName\":\"search_term_string\"}}],\"inLanguage\":\"en-US\"}]}<\/script>\n<!-- \/ Yoast SEO plugin. -->","yoast_head_json":{"title":"CROBMIX EMINN - W\u00f3zek reanimacyjny - INNOW","description":"Praktyczny w\u00f3zek reanimacyjny z obrotow\u0105 podstaw\u0105 pod defibrylator i innym bogatym wyposa\u017ceniem! Poznaj wi\u0119cej szczeg\u00f3\u0142\u00f3w!","robots":{"index":"index","follow":"follow","max-snippet":"max-snippet:-1","max-image-preview":"max-image-preview:large","max-video-preview":"max-video-preview:-1"},"canonical":"https:\/\/innow.pl\/produkt\/crobmix-eminn31m-wozek-reanimacyjny\/","og_locale":"en_US","og_type":"article","og_title":"CROBMIX EMINN - W\u00f3zek reanimacyjny - INNOW","og_description":"Praktyczny w\u00f3zek reanimacyjny z obrotow\u0105 podstaw\u0105 pod defibrylator i innym bogatym wyposa\u017ceniem! Poznaj wi\u0119cej szczeg\u00f3\u0142\u00f3w!","og_url":"https:\/\/innow.pl\/produkt\/crobmix-eminn31m-wozek-reanimacyjny\/","og_site_name":"INNOW","article_modified_time":"2025-10-20T10:45:13+00:00","og_image":[{"width":800,"height":800,"url":"https:\/\/innow.pl\/wp-content\/uploads\/2024\/11\/CROBMIX_EMINN_31M_glowne.jpg","type":"image\/jpeg"}],"twitter_card":"summary_large_image","twitter_misc":{"Est. reading time":"2 minutes"},"schema":{"@context":"https:\/\/schema.org","@graph":[{"@type":"WebPage","@id":"https:\/\/innow.pl\/produkt\/crobmix-eminn31m-wozek-reanimacyjny\/","url":"https:\/\/innow.pl\/produkt\/crobmix-eminn31m-wozek-reanimacyjny\/","name":"CROBMIX EMINN - W\u00f3zek reanimacyjny - INNOW","isPartOf":{"@id":"https:\/\/innow.pl\/#website"},"primaryImageOfPage":{"@id":"https:\/\/innow.pl\/produkt\/crobmix-eminn31m-wozek-reanimacyjny\/#primaryimage"},"image":{"@id":"https:\/\/innow.pl\/produkt\/crobmix-eminn31m-wozek-reanimacyjny\/#primaryimage"},"thumbnailUrl":"https:\/\/innow.pl\/wp-content\/uploads\/2024\/11\/CROBMIX_EMINN_31M_glowne.jpg","datePublished":"2017-06-07T04:41:01+00:00","dateModified":"2025-10-20T10:45:13+00:00","description":"Praktyczny w\u00f3zek reanimacyjny z obrotow\u0105 podstaw\u0105 pod defibrylator i innym bogatym wyposa\u017ceniem! Poznaj wi\u0119cej szczeg\u00f3\u0142\u00f3w!","breadcrumb":{"@id":"https:\/\/innow.pl\/produkt\/crobmix-eminn31m-wozek-reanimacyjny\/#breadcrumb"},"inLanguage":"en-US","potentialAction":[{"@type":"ReadAction","target":["https:\/\/innow.pl\/produkt\/crobmix-eminn31m-wozek-reanimacyjny\/"]}]},{"@type":"ImageObject","inLanguage":"en-US","@id":"https:\/\/innow.pl\/produkt\/crobmix-eminn31m-wozek-reanimacyjny\/#primaryimage","url":"https:\/\/innow.pl\/wp-content\/uploads\/2024\/11\/CROBMIX_EMINN_31M_glowne.jpg","contentUrl":"https:\/\/innow.pl\/wp-content\/uploads\/2024\/11\/CROBMIX_EMINN_31M_glowne.jpg","width":800,"height":800},{"@type":"BreadcrumbList","@id":"https:\/\/innow.pl\/produkt\/crobmix-eminn31m-wozek-reanimacyjny\/#breadcrumb","itemListElement":[{"@type":"ListItem","position":1,"name":"INNOW","item":"https:\/\/innow.pl\/en\/"},{"@type":"ListItem","position":2,"name":"Produkty","item":"https:\/\/innow.pl\/produkty\/"},{"@type":"ListItem","position":3,"name":"Stoliki i w\u00f3zki medyczne","item":"https:\/\/innow.pl\/produkty\/stoliki-i-wozki-medyczne\/"},{"@type":"ListItem","position":4,"name":"W\u00f3zki reanimacyjne","item":"https:\/\/innow.pl\/produkty\/stoliki-i-wozki-medyczne\/wozki-reanimacyjne\/"},{"@type":"ListItem","position":5,"name":"CROBMIX EMINN &#8211; W\u00f3zek reanimacyjny"}]},{"@type":"WebSite","@id":"https:\/\/innow.pl\/#website","url":"https:\/\/innow.pl\/","name":"INNOW","description":"","potentialAction":[{"@type":"SearchAction","target":{"@type":"EntryPoint","urlTemplate":"https:\/\/innow.pl\/?s={search_term_string}"},"query-input":{"@type":"PropertyValueSpecification","valueRequired":true,"valueName":"search_term_string"}}],"inLanguage":"en-US"}]}},"_links":{"self":[{"href":"https:\/\/innow.pl\/en\/wp-json\/wp\/v2\/product\/24302","targetHints":{"allow":["GET"]}}],"collection":[{"href":"https:\/\/innow.pl\/en\/wp-json\/wp\/v2\/product"}],"about":[{"href":"https:\/\/innow.pl\/en\/wp-json\/wp\/v2\/types\/product"}],"replies":[{"embeddable":true,"href":"https:\/\/innow.pl\/en\/wp-json\/wp\/v2\/comments?post=24302"}],"wp:featuredmedia":[{"embeddable":true,"href":"https:\/\/innow.pl\/en\/wp-json\/wp\/v2\/media\/24305"}],"wp:attachment":[{"href":"https:\/\/innow.pl\/en\/wp-json\/wp\/v2\/media?parent=24302"}],"wp:term":[{"taxonomy":"product_brand","embeddable":true,"href":"https:\/\/innow.pl\/en\/wp-json\/wp\/v2\/product_brand?post=24302"},{"taxonomy":"product_cat","embeddable":true,"href":"https:\/\/innow.pl\/en\/wp-json\/wp\/v2\/product_cat?post=24302"},{"taxonomy":"product_tag","embeddable":true,"href":"https:\/\/innow.pl\/en\/wp-json\/wp\/v2\/product_tag?post=24302"}],"curies":[{"name":"wp","href":"https:\/\/api.w.org\/{rel}","templated":true}]}}