{"id":24269,"date":"2017-06-06T09:43:04","date_gmt":"2017-06-06T07:43:04","guid":{"rendered":"https:\/\/innow.pl\/produkt\/croblix-aninn31l-wozek-anestezjologiczny\/"},"modified":"2025-10-20T15:20:19","modified_gmt":"2025-10-20T13:20:19","slug":"croblix-aninn31l-wozek-anestezjologiczny","status":"publish","type":"product","link":"https:\/\/innow.pl\/en\/produkt\/croblix-aninn31l-wozek-anestezjologiczny\/","title":{"rendered":"CROBLIX ANINN &#8211; W\u00f3zek anestezjologiczny"},"content":{"rendered":"<p>W\u00f3zek anestezjologiczny ze stela\u017cem umo\u017cliwiaj\u0105cym mocowanie akcesori\u00f3w. Wyposa\u017cenie:<\/p>\n<ul>\n<li>wieszak na p\u0142yny infuzyjne (z regulacj\u0105),<\/li>\n<li>pojemniki do segregowania lek\u00f3w, akcesori\u00f3w,<\/li>\n<li>stela\u017c do mocowania akcesori\u00f3w,<\/li>\n<li>pojemnik na r\u0119kawiczki,<\/li>\n<li>pojemnik na ostre przedmioty,<\/li>\n<li>kosz na odpady (z zamkni\u0119ciem),<\/li>\n<li>kosz na cewniki,<\/li>\n<li>identyfikatory magnetyczne,<\/li>\n<li>przeciwpy\u0142owe ko\u0142a.<\/li>\n<\/ul>\n<p>Wszystkie warianty posiadaj\u0105 w cenie wyposa\u017cenie widoczne na zdj\u0119ciu 1. Zdj\u0119cie 1: wariant 37L z pe\u0142nym wyposa\u017ceniem. Zdj\u0119cie 2: wariant 31L, zdj\u0119cie pogl\u0105dowe uk\u0142adu szuflad: 3 ma\u0142e, 1 \u015brednia, 1 du\u017ca. Zdj\u0119cie 3: wariant 34L, zdj\u0119cie pogl\u0105dowe uk\u0142adu szuflad: 2 ma\u0142e, 2 \u015brednie, 1 du\u017ca. Zdj\u0119cie 4: wariant 37L, zdj\u0119cie pogl\u0105dowe uk\u0142adu szuflad: 3 ma\u0142e, 2 \u015brednie, 1 du\u017ca. <img decoding=\"async\" style=\"border: 0\" src=\"https:\/\/innow.pl\/wp-content\/uploads\/2024\/11\/Jestesmy_dystrybutorem-6.jpg\" alt=\"Jeste\u015bmy dystrybutorem produkt\u00f3w firmy\" \/><\/p>\n","protected":false},"excerpt":{"rendered":"<p>W\u00f3zek anestezjologiczny ze stela\u017cem umo\u017cliwiaj\u0105cym mocowanie akcesori\u00f3w. Wyposa\u017cenie: wieszak na p\u0142yny infuzyjne (z regulacj\u0105), pojemniki do segregowania lek\u00f3w, akcesori\u00f3w, stela\u017c do mocowania akcesori\u00f3w, pojemnik na r\u0119kawiczki, pojemnik na ostre przedmioty, kosz na odpady (z zamkni\u0119ciem), kosz na cewniki, identyfikatory magnetyczne, przeciwpy\u0142owe ko\u0142a. Wszystkie warianty posiadaj\u0105 w cenie wyposa\u017cenie widoczne na zdj\u0119ciu 1. Zdj\u0119cie 1: wariant [&hellip;]<\/p>\n","protected":false},"featured_media":24272,"comment_status":"open","ping_status":"closed","template":"","meta":{"_acf_changed":false},"product_brand":[],"product_cat":[396,418],"product_tag":[],"class_list":{"0":"post-24269","1":"product","2":"type-product","3":"status-publish","4":"has-post-thumbnail","6":"product_cat-stoliki-i-wozki-medyczne","7":"product_cat-wozki-anestezjologiczne","8":"pa_glebokosc-54-cm","9":"pa_rodzaje-szuflad-wariant-31l-3-male-1-srednia-1-duza","10":"pa_rodzaje-szuflad-wariant-34l-2-male-2-srednie-1-duza","11":"pa_rodzaje-szuflad-wariant-37l-3-male-2-srednie-1-duza","12":"pa_szerokosc-69-cm","13":"pa_wysokosc-101-cm-wariant-34l","14":"pa_wysokosc-109-cm-wariant-37l","15":"pa_wysokosc-93-cm-wariant-31l","16":"pa_wysokosc-bez-kol-805-cm-wariant-31l","17":"pa_wysokosc-bez-kol-885-cm-wariant-34l","18":"pa_wysokosc-bez-kol-965-cm-wariant-37l","20":"first","21":"instock","22":"taxable","23":"shipping-taxable","24":"purchasable","25":"product-type-variable"},"acf":[],"yoast_head":"<!-- This site is optimized with the Yoast SEO plugin v27.4 - https:\/\/yoast.com\/product\/yoast-seo-wordpress\/ -->\n<title>CROBLIX ANINN - W\u00f3zek anestezjologiczny - INNOW<\/title>\n<meta name=\"description\" content=\"Rewelacyjny, bardzo praktyczny w\u00f3zek anestezjologiczny ze stela\u017cem na akcesoria. Pojemniki na akcesoria, kosz na odpady, przeciwpy\u0142owe ko\u0142a. Zobacz!\" \/>\n<meta name=\"robots\" content=\"index, follow, max-snippet:-1, max-image-preview:large, max-video-preview:-1\" \/>\n<link rel=\"canonical\" href=\"https:\/\/innow.pl\/produkt\/croblix-aninn31l-wozek-anestezjologiczny\/\" \/>\n<meta property=\"og:locale\" content=\"en_US\" \/>\n<meta property=\"og:type\" content=\"article\" \/>\n<meta property=\"og:title\" content=\"CROBLIX ANINN - W\u00f3zek anestezjologiczny - INNOW\" \/>\n<meta property=\"og:description\" content=\"Rewelacyjny, bardzo praktyczny w\u00f3zek anestezjologiczny ze stela\u017cem na akcesoria. Pojemniki na akcesoria, kosz na odpady, przeciwpy\u0142owe ko\u0142a. Zobacz!\" \/>\n<meta property=\"og:url\" content=\"https:\/\/innow.pl\/produkt\/croblix-aninn31l-wozek-anestezjologiczny\/\" \/>\n<meta property=\"og:site_name\" content=\"INNOW\" \/>\n<meta property=\"article:modified_time\" content=\"2025-10-20T13:20:19+00:00\" \/>\n<meta property=\"og:image\" content=\"https:\/\/innow.pl\/wp-content\/uploads\/2024\/11\/CROBLIX_ANINN.jpg\" \/>\n\t<meta property=\"og:image:width\" content=\"800\" \/>\n\t<meta property=\"og:image:height\" content=\"800\" \/>\n\t<meta property=\"og:image:type\" content=\"image\/jpeg\" \/>\n<meta name=\"twitter:card\" content=\"summary_large_image\" \/>\n<meta name=\"twitter:label1\" content=\"Est. reading time\" \/>\n\t<meta name=\"twitter:data1\" content=\"2 minutes\" \/>\n<script type=\"application\/ld+json\" class=\"yoast-schema-graph\">{\"@context\":\"https:\\\/\\\/schema.org\",\"@graph\":[{\"@type\":\"WebPage\",\"@id\":\"https:\\\/\\\/innow.pl\\\/produkt\\\/croblix-aninn31l-wozek-anestezjologiczny\\\/\",\"url\":\"https:\\\/\\\/innow.pl\\\/produkt\\\/croblix-aninn31l-wozek-anestezjologiczny\\\/\",\"name\":\"CROBLIX ANINN - W\u00f3zek anestezjologiczny - INNOW\",\"isPartOf\":{\"@id\":\"https:\\\/\\\/innow.pl\\\/#website\"},\"primaryImageOfPage\":{\"@id\":\"https:\\\/\\\/innow.pl\\\/produkt\\\/croblix-aninn31l-wozek-anestezjologiczny\\\/#primaryimage\"},\"image\":{\"@id\":\"https:\\\/\\\/innow.pl\\\/produkt\\\/croblix-aninn31l-wozek-anestezjologiczny\\\/#primaryimage\"},\"thumbnailUrl\":\"https:\\\/\\\/innow.pl\\\/wp-content\\\/uploads\\\/2024\\\/11\\\/CROBLIX_ANINN.jpg\",\"datePublished\":\"2017-06-06T07:43:04+00:00\",\"dateModified\":\"2025-10-20T13:20:19+00:00\",\"description\":\"Rewelacyjny, bardzo praktyczny w\u00f3zek anestezjologiczny ze stela\u017cem na akcesoria. Pojemniki na akcesoria, kosz na odpady, przeciwpy\u0142owe ko\u0142a. Zobacz!\",\"breadcrumb\":{\"@id\":\"https:\\\/\\\/innow.pl\\\/produkt\\\/croblix-aninn31l-wozek-anestezjologiczny\\\/#breadcrumb\"},\"inLanguage\":\"en-US\",\"potentialAction\":[{\"@type\":\"ReadAction\",\"target\":[\"https:\\\/\\\/innow.pl\\\/produkt\\\/croblix-aninn31l-wozek-anestezjologiczny\\\/\"]}]},{\"@type\":\"ImageObject\",\"inLanguage\":\"en-US\",\"@id\":\"https:\\\/\\\/innow.pl\\\/produkt\\\/croblix-aninn31l-wozek-anestezjologiczny\\\/#primaryimage\",\"url\":\"https:\\\/\\\/innow.pl\\\/wp-content\\\/uploads\\\/2024\\\/11\\\/CROBLIX_ANINN.jpg\",\"contentUrl\":\"https:\\\/\\\/innow.pl\\\/wp-content\\\/uploads\\\/2024\\\/11\\\/CROBLIX_ANINN.jpg\",\"width\":800,\"height\":800,\"caption\":\"CROBLIX ANINN - W\u00f3zek anestezjologiczny\"},{\"@type\":\"BreadcrumbList\",\"@id\":\"https:\\\/\\\/innow.pl\\\/produkt\\\/croblix-aninn31l-wozek-anestezjologiczny\\\/#breadcrumb\",\"itemListElement\":[{\"@type\":\"ListItem\",\"position\":1,\"name\":\"INNOW\",\"item\":\"https:\\\/\\\/innow.pl\\\/en\\\/\"},{\"@type\":\"ListItem\",\"position\":2,\"name\":\"Produkty\",\"item\":\"https:\\\/\\\/innow.pl\\\/produkty\\\/\"},{\"@type\":\"ListItem\",\"position\":3,\"name\":\"Stoliki i w\u00f3zki medyczne\",\"item\":\"https:\\\/\\\/innow.pl\\\/produkty\\\/stoliki-i-wozki-medyczne\\\/\"},{\"@type\":\"ListItem\",\"position\":4,\"name\":\"W\u00f3zki anestezjologiczne\",\"item\":\"https:\\\/\\\/innow.pl\\\/produkty\\\/stoliki-i-wozki-medyczne\\\/wozki-anestezjologiczne\\\/\"},{\"@type\":\"ListItem\",\"position\":5,\"name\":\"CROBLIX ANINN &#8211; W\u00f3zek anestezjologiczny\"}]},{\"@type\":\"WebSite\",\"@id\":\"https:\\\/\\\/innow.pl\\\/#website\",\"url\":\"https:\\\/\\\/innow.pl\\\/\",\"name\":\"INNOW\",\"description\":\"\",\"potentialAction\":[{\"@type\":\"SearchAction\",\"target\":{\"@type\":\"EntryPoint\",\"urlTemplate\":\"https:\\\/\\\/innow.pl\\\/?s={search_term_string}\"},\"query-input\":{\"@type\":\"PropertyValueSpecification\",\"valueRequired\":true,\"valueName\":\"search_term_string\"}}],\"inLanguage\":\"en-US\"}]}<\/script>\n<!-- \/ Yoast SEO plugin. -->","yoast_head_json":{"title":"CROBLIX ANINN - W\u00f3zek anestezjologiczny - INNOW","description":"Rewelacyjny, bardzo praktyczny w\u00f3zek anestezjologiczny ze stela\u017cem na akcesoria. Pojemniki na akcesoria, kosz na odpady, przeciwpy\u0142owe ko\u0142a. Zobacz!","robots":{"index":"index","follow":"follow","max-snippet":"max-snippet:-1","max-image-preview":"max-image-preview:large","max-video-preview":"max-video-preview:-1"},"canonical":"https:\/\/innow.pl\/produkt\/croblix-aninn31l-wozek-anestezjologiczny\/","og_locale":"en_US","og_type":"article","og_title":"CROBLIX ANINN - W\u00f3zek anestezjologiczny - INNOW","og_description":"Rewelacyjny, bardzo praktyczny w\u00f3zek anestezjologiczny ze stela\u017cem na akcesoria. Pojemniki na akcesoria, kosz na odpady, przeciwpy\u0142owe ko\u0142a. Zobacz!","og_url":"https:\/\/innow.pl\/produkt\/croblix-aninn31l-wozek-anestezjologiczny\/","og_site_name":"INNOW","article_modified_time":"2025-10-20T13:20:19+00:00","og_image":[{"width":800,"height":800,"url":"https:\/\/innow.pl\/wp-content\/uploads\/2024\/11\/CROBLIX_ANINN.jpg","type":"image\/jpeg"}],"twitter_card":"summary_large_image","twitter_misc":{"Est. reading time":"2 minutes"},"schema":{"@context":"https:\/\/schema.org","@graph":[{"@type":"WebPage","@id":"https:\/\/innow.pl\/produkt\/croblix-aninn31l-wozek-anestezjologiczny\/","url":"https:\/\/innow.pl\/produkt\/croblix-aninn31l-wozek-anestezjologiczny\/","name":"CROBLIX ANINN - W\u00f3zek anestezjologiczny - INNOW","isPartOf":{"@id":"https:\/\/innow.pl\/#website"},"primaryImageOfPage":{"@id":"https:\/\/innow.pl\/produkt\/croblix-aninn31l-wozek-anestezjologiczny\/#primaryimage"},"image":{"@id":"https:\/\/innow.pl\/produkt\/croblix-aninn31l-wozek-anestezjologiczny\/#primaryimage"},"thumbnailUrl":"https:\/\/innow.pl\/wp-content\/uploads\/2024\/11\/CROBLIX_ANINN.jpg","datePublished":"2017-06-06T07:43:04+00:00","dateModified":"2025-10-20T13:20:19+00:00","description":"Rewelacyjny, bardzo praktyczny w\u00f3zek anestezjologiczny ze stela\u017cem na akcesoria. Pojemniki na akcesoria, kosz na odpady, przeciwpy\u0142owe ko\u0142a. Zobacz!","breadcrumb":{"@id":"https:\/\/innow.pl\/produkt\/croblix-aninn31l-wozek-anestezjologiczny\/#breadcrumb"},"inLanguage":"en-US","potentialAction":[{"@type":"ReadAction","target":["https:\/\/innow.pl\/produkt\/croblix-aninn31l-wozek-anestezjologiczny\/"]}]},{"@type":"ImageObject","inLanguage":"en-US","@id":"https:\/\/innow.pl\/produkt\/croblix-aninn31l-wozek-anestezjologiczny\/#primaryimage","url":"https:\/\/innow.pl\/wp-content\/uploads\/2024\/11\/CROBLIX_ANINN.jpg","contentUrl":"https:\/\/innow.pl\/wp-content\/uploads\/2024\/11\/CROBLIX_ANINN.jpg","width":800,"height":800,"caption":"CROBLIX ANINN - W\u00f3zek anestezjologiczny"},{"@type":"BreadcrumbList","@id":"https:\/\/innow.pl\/produkt\/croblix-aninn31l-wozek-anestezjologiczny\/#breadcrumb","itemListElement":[{"@type":"ListItem","position":1,"name":"INNOW","item":"https:\/\/innow.pl\/en\/"},{"@type":"ListItem","position":2,"name":"Produkty","item":"https:\/\/innow.pl\/produkty\/"},{"@type":"ListItem","position":3,"name":"Stoliki i w\u00f3zki medyczne","item":"https:\/\/innow.pl\/produkty\/stoliki-i-wozki-medyczne\/"},{"@type":"ListItem","position":4,"name":"W\u00f3zki anestezjologiczne","item":"https:\/\/innow.pl\/produkty\/stoliki-i-wozki-medyczne\/wozki-anestezjologiczne\/"},{"@type":"ListItem","position":5,"name":"CROBLIX ANINN &#8211; W\u00f3zek anestezjologiczny"}]},{"@type":"WebSite","@id":"https:\/\/innow.pl\/#website","url":"https:\/\/innow.pl\/","name":"INNOW","description":"","potentialAction":[{"@type":"SearchAction","target":{"@type":"EntryPoint","urlTemplate":"https:\/\/innow.pl\/?s={search_term_string}"},"query-input":{"@type":"PropertyValueSpecification","valueRequired":true,"valueName":"search_term_string"}}],"inLanguage":"en-US"}]}},"_links":{"self":[{"href":"https:\/\/innow.pl\/en\/wp-json\/wp\/v2\/product\/24269","targetHints":{"allow":["GET"]}}],"collection":[{"href":"https:\/\/innow.pl\/en\/wp-json\/wp\/v2\/product"}],"about":[{"href":"https:\/\/innow.pl\/en\/wp-json\/wp\/v2\/types\/product"}],"replies":[{"embeddable":true,"href":"https:\/\/innow.pl\/en\/wp-json\/wp\/v2\/comments?post=24269"}],"wp:featuredmedia":[{"embeddable":true,"href":"https:\/\/innow.pl\/en\/wp-json\/wp\/v2\/media\/24272"}],"wp:attachment":[{"href":"https:\/\/innow.pl\/en\/wp-json\/wp\/v2\/media?parent=24269"}],"wp:term":[{"taxonomy":"product_brand","embeddable":true,"href":"https:\/\/innow.pl\/en\/wp-json\/wp\/v2\/product_brand?post=24269"},{"taxonomy":"product_cat","embeddable":true,"href":"https:\/\/innow.pl\/en\/wp-json\/wp\/v2\/product_cat?post=24269"},{"taxonomy":"product_tag","embeddable":true,"href":"https:\/\/innow.pl\/en\/wp-json\/wp\/v2\/product_tag?post=24269"}],"curies":[{"name":"wp","href":"https:\/\/api.w.org\/{rel}","templated":true}]}}