{"id":24258,"date":"2017-06-06T09:35:53","date_gmt":"2017-06-06T07:35:53","guid":{"rendered":"https:\/\/innow.pl\/produkt\/croblix-isinn31m-wozek-opatrunkowy\/"},"modified":"2025-10-20T12:51:50","modified_gmt":"2025-10-20T10:51:50","slug":"croblix-isinn31m-wozek-opatrunkowy","status":"publish","type":"product","link":"https:\/\/innow.pl\/en\/produkt\/croblix-isinn31m-wozek-opatrunkowy\/","title":{"rendered":"CROBMIX ISINN &#8211; W\u00f3zek opatrunkowy"},"content":{"rendered":"<p>W\u00f3zek maj\u0105cy zastosowanie na oddzia\u0142ach szpitalnych i w gabinetach zabiegowych z blatem roboczym z tworzywa ABS. Wyposa\u017cenie:<\/p>\n<ul>\n<li>uniwersalny kosz,<\/li>\n<li>kosz na odpady (zamykany),<\/li>\n<li>pojemnik na r\u0119kawiczki,<\/li>\n<li>przeciwpy\u0142owe ko\u0142a,<\/li>\n<li>centralny zamek,<\/li>\n<li>wysuwany automatycznie, dodatkowy blat.<\/li>\n<\/ul>\n<p>Szuflady z mechanizmem samodomykania o wymiarach:<\/p>\n<ul>\n<li>56,9 x 39,8 x 7,6 cm,<\/li>\n<li>56,9 x 39,8 x 15,5 cm,<\/li>\n<li>56,9 x 39,8 x 23,4 cm.<\/li>\n<\/ul>\n<p>Zdj\u0119cie 1: Zdj\u0119cie pogl\u0105dowe w\u00f3zka z pe\u0142nym wyposa\u017ceniem (ka\u017cdy z wariant\u00f3w posiada takie wyposa\u017cenie). W\u00f3zek z takim uk\u0142adem szuflad nie jest dost\u0119pny. Zdj\u0119cie 2: wariant 31M, zdj\u0119cie pogl\u0105dowe uk\u0142adu szuflad: 1 \u015brednia, 2 du\u017ce. Zdj\u0119cie 3: wariant 34M, zdj\u0119cie pogl\u0105dowe uk\u0142adu szuflad: 3 du\u017ce. Zdj\u0119cie 4: wariant 37M, zdj\u0119cie pogl\u0105dowe uk\u0142adu szuflad: 1 ma\u0142a, 3 du\u017ce. <img decoding=\"async\" style=\"border: 0\" src=\"https:\/\/innow.pl\/wp-content\/uploads\/2024\/11\/Jestesmy_dystrybutorem-5.jpg\" alt=\"Jeste\u015bmy dystrybutorem produkt\u00f3w firmy\" \/><\/p>\n","protected":false},"excerpt":{"rendered":"<p>W\u00f3zek maj\u0105cy zastosowanie na oddzia\u0142ach szpitalnych i w gabinetach zabiegowych z blatem roboczym z tworzywa ABS. Wyposa\u017cenie: uniwersalny kosz, kosz na odpady (zamykany), pojemnik na r\u0119kawiczki, przeciwpy\u0142owe ko\u0142a, centralny zamek, wysuwany automatycznie, dodatkowy blat. Szuflady z mechanizmem samodomykania o wymiarach: 56,9 x 39,8 x 7,6 cm, 56,9 x 39,8 x 15,5 cm, 56,9 x 39,8 [&hellip;]<\/p>\n","protected":false},"featured_media":24261,"comment_status":"open","ping_status":"closed","template":"","meta":{"_acf_changed":false},"product_brand":[],"product_cat":[396,417],"product_tag":[],"class_list":{"0":"post-24258","1":"product","2":"type-product","3":"status-publish","4":"has-post-thumbnail","6":"product_cat-stoliki-i-wozki-medyczne","7":"product_cat-wozki-opatrunkowe","8":"pa_glebokosc-518-cm","9":"pa_rodzaje-szuflad-wariant-31m-1-srednia-2-duze","10":"pa_rodzaje-szuflad-wariant-34m-3-duze","11":"pa_rodzaje-szuflad-wariant-37m-1-mala-3-duze","12":"pa_szerokosc-69-cm","13":"pa_wysokosc-1006-cm-wariant-34m","14":"pa_wysokosc-1085-cm-wariant-37m","15":"pa_wysokosc-927-cm-wariant-31m","16":"pa_wysokosc-bez-kol-793-cm-wariant-31m","17":"pa_wysokosc-bez-kol-872-cm-wariant-34m","18":"pa_wysokosc-bez-kol-951-cm-wariant-37m","20":"first","21":"instock","22":"taxable","23":"shipping-taxable","24":"purchasable","25":"product-type-variable"},"acf":[],"yoast_head":"<!-- This site is optimized with the Yoast SEO plugin v27.4 - https:\/\/yoast.com\/product\/yoast-seo-wordpress\/ -->\n<title>CROBMIX ISINN - W\u00f3zek opatrunkowy - INNOW<\/title>\n<meta name=\"description\" content=\"Zgrabny w\u00f3zek opatrunkowy wyposa\u017cony w 3 samoczynnie domykaj\u0105ce si\u0119 szuflady, automatycznie wysuwany blat, centralny zamek. Poznaj szczeg\u00f3\u0142y!\" \/>\n<meta name=\"robots\" content=\"index, follow, max-snippet:-1, max-image-preview:large, max-video-preview:-1\" \/>\n<link rel=\"canonical\" href=\"https:\/\/innow.pl\/produkt\/croblix-isinn31m-wozek-opatrunkowy\/\" \/>\n<meta property=\"og:locale\" content=\"en_US\" \/>\n<meta property=\"og:type\" content=\"article\" \/>\n<meta property=\"og:title\" content=\"CROBMIX ISINN - W\u00f3zek opatrunkowy - INNOW\" \/>\n<meta property=\"og:description\" content=\"Zgrabny w\u00f3zek opatrunkowy wyposa\u017cony w 3 samoczynnie domykaj\u0105ce si\u0119 szuflady, automatycznie wysuwany blat, centralny zamek. Poznaj szczeg\u00f3\u0142y!\" \/>\n<meta property=\"og:url\" content=\"https:\/\/innow.pl\/produkt\/croblix-isinn31m-wozek-opatrunkowy\/\" \/>\n<meta property=\"og:site_name\" content=\"INNOW\" \/>\n<meta property=\"article:modified_time\" content=\"2025-10-20T10:51:50+00:00\" \/>\n<meta property=\"og:image\" content=\"https:\/\/innow.pl\/wp-content\/uploads\/2024\/11\/CROBMIX_ISINN.jpg\" \/>\n\t<meta property=\"og:image:width\" content=\"800\" \/>\n\t<meta property=\"og:image:height\" content=\"800\" \/>\n\t<meta property=\"og:image:type\" content=\"image\/jpeg\" \/>\n<meta name=\"twitter:card\" content=\"summary_large_image\" \/>\n<meta name=\"twitter:label1\" content=\"Est. reading time\" \/>\n\t<meta name=\"twitter:data1\" content=\"2 minutes\" \/>\n<script type=\"application\/ld+json\" class=\"yoast-schema-graph\">{\"@context\":\"https:\\\/\\\/schema.org\",\"@graph\":[{\"@type\":\"WebPage\",\"@id\":\"https:\\\/\\\/innow.pl\\\/produkt\\\/croblix-isinn31m-wozek-opatrunkowy\\\/\",\"url\":\"https:\\\/\\\/innow.pl\\\/produkt\\\/croblix-isinn31m-wozek-opatrunkowy\\\/\",\"name\":\"CROBMIX ISINN - W\u00f3zek opatrunkowy - INNOW\",\"isPartOf\":{\"@id\":\"https:\\\/\\\/innow.pl\\\/#website\"},\"primaryImageOfPage\":{\"@id\":\"https:\\\/\\\/innow.pl\\\/produkt\\\/croblix-isinn31m-wozek-opatrunkowy\\\/#primaryimage\"},\"image\":{\"@id\":\"https:\\\/\\\/innow.pl\\\/produkt\\\/croblix-isinn31m-wozek-opatrunkowy\\\/#primaryimage\"},\"thumbnailUrl\":\"https:\\\/\\\/innow.pl\\\/wp-content\\\/uploads\\\/2024\\\/11\\\/CROBMIX_ISINN.jpg\",\"datePublished\":\"2017-06-06T07:35:53+00:00\",\"dateModified\":\"2025-10-20T10:51:50+00:00\",\"description\":\"Zgrabny w\u00f3zek opatrunkowy wyposa\u017cony w 3 samoczynnie domykaj\u0105ce si\u0119 szuflady, automatycznie wysuwany blat, centralny zamek. Poznaj szczeg\u00f3\u0142y!\",\"breadcrumb\":{\"@id\":\"https:\\\/\\\/innow.pl\\\/produkt\\\/croblix-isinn31m-wozek-opatrunkowy\\\/#breadcrumb\"},\"inLanguage\":\"en-US\",\"potentialAction\":[{\"@type\":\"ReadAction\",\"target\":[\"https:\\\/\\\/innow.pl\\\/produkt\\\/croblix-isinn31m-wozek-opatrunkowy\\\/\"]}]},{\"@type\":\"ImageObject\",\"inLanguage\":\"en-US\",\"@id\":\"https:\\\/\\\/innow.pl\\\/produkt\\\/croblix-isinn31m-wozek-opatrunkowy\\\/#primaryimage\",\"url\":\"https:\\\/\\\/innow.pl\\\/wp-content\\\/uploads\\\/2024\\\/11\\\/CROBMIX_ISINN.jpg\",\"contentUrl\":\"https:\\\/\\\/innow.pl\\\/wp-content\\\/uploads\\\/2024\\\/11\\\/CROBMIX_ISINN.jpg\",\"width\":800,\"height\":800,\"caption\":\"CROBMIX ISINN - W\u00f3zek opatrunkowy\"},{\"@type\":\"BreadcrumbList\",\"@id\":\"https:\\\/\\\/innow.pl\\\/produkt\\\/croblix-isinn31m-wozek-opatrunkowy\\\/#breadcrumb\",\"itemListElement\":[{\"@type\":\"ListItem\",\"position\":1,\"name\":\"INNOW\",\"item\":\"https:\\\/\\\/innow.pl\\\/en\\\/\"},{\"@type\":\"ListItem\",\"position\":2,\"name\":\"Produkty\",\"item\":\"https:\\\/\\\/innow.pl\\\/produkty\\\/\"},{\"@type\":\"ListItem\",\"position\":3,\"name\":\"Stoliki i w\u00f3zki medyczne\",\"item\":\"https:\\\/\\\/innow.pl\\\/produkty\\\/stoliki-i-wozki-medyczne\\\/\"},{\"@type\":\"ListItem\",\"position\":4,\"name\":\"W\u00f3zki opatrunkowe\",\"item\":\"https:\\\/\\\/innow.pl\\\/produkty\\\/stoliki-i-wozki-medyczne\\\/wozki-opatrunkowe\\\/\"},{\"@type\":\"ListItem\",\"position\":5,\"name\":\"CROBMIX ISINN &#8211; W\u00f3zek opatrunkowy\"}]},{\"@type\":\"WebSite\",\"@id\":\"https:\\\/\\\/innow.pl\\\/#website\",\"url\":\"https:\\\/\\\/innow.pl\\\/\",\"name\":\"INNOW\",\"description\":\"\",\"potentialAction\":[{\"@type\":\"SearchAction\",\"target\":{\"@type\":\"EntryPoint\",\"urlTemplate\":\"https:\\\/\\\/innow.pl\\\/?s={search_term_string}\"},\"query-input\":{\"@type\":\"PropertyValueSpecification\",\"valueRequired\":true,\"valueName\":\"search_term_string\"}}],\"inLanguage\":\"en-US\"}]}<\/script>\n<!-- \/ Yoast SEO plugin. -->","yoast_head_json":{"title":"CROBMIX ISINN - W\u00f3zek opatrunkowy - INNOW","description":"Zgrabny w\u00f3zek opatrunkowy wyposa\u017cony w 3 samoczynnie domykaj\u0105ce si\u0119 szuflady, automatycznie wysuwany blat, centralny zamek. Poznaj szczeg\u00f3\u0142y!","robots":{"index":"index","follow":"follow","max-snippet":"max-snippet:-1","max-image-preview":"max-image-preview:large","max-video-preview":"max-video-preview:-1"},"canonical":"https:\/\/innow.pl\/produkt\/croblix-isinn31m-wozek-opatrunkowy\/","og_locale":"en_US","og_type":"article","og_title":"CROBMIX ISINN - W\u00f3zek opatrunkowy - INNOW","og_description":"Zgrabny w\u00f3zek opatrunkowy wyposa\u017cony w 3 samoczynnie domykaj\u0105ce si\u0119 szuflady, automatycznie wysuwany blat, centralny zamek. Poznaj szczeg\u00f3\u0142y!","og_url":"https:\/\/innow.pl\/produkt\/croblix-isinn31m-wozek-opatrunkowy\/","og_site_name":"INNOW","article_modified_time":"2025-10-20T10:51:50+00:00","og_image":[{"width":800,"height":800,"url":"https:\/\/innow.pl\/wp-content\/uploads\/2024\/11\/CROBMIX_ISINN.jpg","type":"image\/jpeg"}],"twitter_card":"summary_large_image","twitter_misc":{"Est. reading time":"2 minutes"},"schema":{"@context":"https:\/\/schema.org","@graph":[{"@type":"WebPage","@id":"https:\/\/innow.pl\/produkt\/croblix-isinn31m-wozek-opatrunkowy\/","url":"https:\/\/innow.pl\/produkt\/croblix-isinn31m-wozek-opatrunkowy\/","name":"CROBMIX ISINN - W\u00f3zek opatrunkowy - INNOW","isPartOf":{"@id":"https:\/\/innow.pl\/#website"},"primaryImageOfPage":{"@id":"https:\/\/innow.pl\/produkt\/croblix-isinn31m-wozek-opatrunkowy\/#primaryimage"},"image":{"@id":"https:\/\/innow.pl\/produkt\/croblix-isinn31m-wozek-opatrunkowy\/#primaryimage"},"thumbnailUrl":"https:\/\/innow.pl\/wp-content\/uploads\/2024\/11\/CROBMIX_ISINN.jpg","datePublished":"2017-06-06T07:35:53+00:00","dateModified":"2025-10-20T10:51:50+00:00","description":"Zgrabny w\u00f3zek opatrunkowy wyposa\u017cony w 3 samoczynnie domykaj\u0105ce si\u0119 szuflady, automatycznie wysuwany blat, centralny zamek. Poznaj szczeg\u00f3\u0142y!","breadcrumb":{"@id":"https:\/\/innow.pl\/produkt\/croblix-isinn31m-wozek-opatrunkowy\/#breadcrumb"},"inLanguage":"en-US","potentialAction":[{"@type":"ReadAction","target":["https:\/\/innow.pl\/produkt\/croblix-isinn31m-wozek-opatrunkowy\/"]}]},{"@type":"ImageObject","inLanguage":"en-US","@id":"https:\/\/innow.pl\/produkt\/croblix-isinn31m-wozek-opatrunkowy\/#primaryimage","url":"https:\/\/innow.pl\/wp-content\/uploads\/2024\/11\/CROBMIX_ISINN.jpg","contentUrl":"https:\/\/innow.pl\/wp-content\/uploads\/2024\/11\/CROBMIX_ISINN.jpg","width":800,"height":800,"caption":"CROBMIX ISINN - W\u00f3zek opatrunkowy"},{"@type":"BreadcrumbList","@id":"https:\/\/innow.pl\/produkt\/croblix-isinn31m-wozek-opatrunkowy\/#breadcrumb","itemListElement":[{"@type":"ListItem","position":1,"name":"INNOW","item":"https:\/\/innow.pl\/en\/"},{"@type":"ListItem","position":2,"name":"Produkty","item":"https:\/\/innow.pl\/produkty\/"},{"@type":"ListItem","position":3,"name":"Stoliki i w\u00f3zki medyczne","item":"https:\/\/innow.pl\/produkty\/stoliki-i-wozki-medyczne\/"},{"@type":"ListItem","position":4,"name":"W\u00f3zki opatrunkowe","item":"https:\/\/innow.pl\/produkty\/stoliki-i-wozki-medyczne\/wozki-opatrunkowe\/"},{"@type":"ListItem","position":5,"name":"CROBMIX ISINN &#8211; W\u00f3zek opatrunkowy"}]},{"@type":"WebSite","@id":"https:\/\/innow.pl\/#website","url":"https:\/\/innow.pl\/","name":"INNOW","description":"","potentialAction":[{"@type":"SearchAction","target":{"@type":"EntryPoint","urlTemplate":"https:\/\/innow.pl\/?s={search_term_string}"},"query-input":{"@type":"PropertyValueSpecification","valueRequired":true,"valueName":"search_term_string"}}],"inLanguage":"en-US"}]}},"_links":{"self":[{"href":"https:\/\/innow.pl\/en\/wp-json\/wp\/v2\/product\/24258","targetHints":{"allow":["GET"]}}],"collection":[{"href":"https:\/\/innow.pl\/en\/wp-json\/wp\/v2\/product"}],"about":[{"href":"https:\/\/innow.pl\/en\/wp-json\/wp\/v2\/types\/product"}],"replies":[{"embeddable":true,"href":"https:\/\/innow.pl\/en\/wp-json\/wp\/v2\/comments?post=24258"}],"wp:featuredmedia":[{"embeddable":true,"href":"https:\/\/innow.pl\/en\/wp-json\/wp\/v2\/media\/24261"}],"wp:attachment":[{"href":"https:\/\/innow.pl\/en\/wp-json\/wp\/v2\/media?parent=24258"}],"wp:term":[{"taxonomy":"product_brand","embeddable":true,"href":"https:\/\/innow.pl\/en\/wp-json\/wp\/v2\/product_brand?post=24258"},{"taxonomy":"product_cat","embeddable":true,"href":"https:\/\/innow.pl\/en\/wp-json\/wp\/v2\/product_cat?post=24258"},{"taxonomy":"product_tag","embeddable":true,"href":"https:\/\/innow.pl\/en\/wp-json\/wp\/v2\/product_tag?post=24258"}],"curies":[{"name":"wp","href":"https:\/\/api.w.org\/{rel}","templated":true}]}}