{"id":24236,"date":"2017-06-06T09:26:34","date_gmt":"2017-06-06T07:26:34","guid":{"rendered":"https:\/\/innow.pl\/produkt\/croblix-prinn31-wozek-wielofunkcyjny\/"},"modified":"2026-03-17T14:32:22","modified_gmt":"2026-03-17T13:32:22","slug":"croblix-prinn31-wozek-wielofunkcyjny","status":"publish","type":"product","link":"https:\/\/innow.pl\/en\/produkt\/croblix-prinn31-wozek-wielofunkcyjny\/","title":{"rendered":"CROBMIX PRINN &#8211; W\u00f3zek wielofunkcyjny"},"content":{"rendered":"<p>W\u00f3zek wielofunkcyjny usprawniaj\u0105cy transport lekarstw i materia\u0142\u00f3w medycznych. Mo\u017ce by\u0107 stosowany na wielu oddzia\u0142ach szpitalnych, kt\u00f3rych wymagania spe\u0142nia. Wyposa\u017cony jest w:<\/p>\n<ul>\n<li>przeciwpy\u0142owe ko\u0142a,<\/li>\n<li>centralny zamek,<\/li>\n<li>dodatkowy wysuwany boczny blat,<\/li>\n<li>pojemnik odporny na przek\u0142ucia,<\/li>\n<li>zamykany kosz na odpady,<\/li>\n<li>kosz uniwersalny,<\/li>\n<li>wieszak na p\u0142yny infuzyjne z regulacj\u0105.<\/li>\n<\/ul>\n<p>Zdj\u0119cie 1: wariant 34M z pe\u0142nym wyposa\u017ceniem. Ka\u017cdy wariant posiada wyposa\u017cenie widoczne na tym zdj\u0119ciu. Zdj\u0119cie 2: wariant 31M, zdj\u0119cie pogl\u0105dowe uk\u0142adu szuflad: 3 ma\u0142e, 1 \u015brednia, 1 du\u017ca. Zdj\u0119cie 3: wariant 34M, zdj\u0119cie pogl\u0105dowe uk\u0142adu szuflad: 2 ma\u0142e, 2 \u015brednie, 1 du\u017ca. Zdj\u0119cie 4: wariant 37M, zdj\u0119cie pogl\u0105dowe uk\u0142adu szuflad: 3 ma\u0142e, 2 \u015brednie, 1 du\u017ca. <img decoding=\"async\" style=\"border: 0\" src=\"https:\/\/innow.pl\/wp-content\/uploads\/2024\/11\/Jestesmy_dystrybutorem-3.jpg\" alt=\"Jeste\u015bmy dystrybutorem produkt\u00f3w firmy\" \/><\/p>\n","protected":false},"excerpt":{"rendered":"<p>W\u00f3zek wielofunkcyjny usprawniaj\u0105cy transport lekarstw i materia\u0142\u00f3w medycznych. Mo\u017ce by\u0107 stosowany na wielu oddzia\u0142ach szpitalnych, kt\u00f3rych wymagania spe\u0142nia. Wyposa\u017cony jest w: przeciwpy\u0142owe ko\u0142a, centralny zamek, dodatkowy wysuwany boczny blat, pojemnik odporny na przek\u0142ucia, zamykany kosz na odpady, kosz uniwersalny, wieszak na p\u0142yny infuzyjne z regulacj\u0105. Zdj\u0119cie 1: wariant 34M z pe\u0142nym wyposa\u017ceniem. Ka\u017cdy wariant posiada [&hellip;]<\/p>\n","protected":false},"featured_media":24239,"comment_status":"open","ping_status":"closed","template":"","meta":{"_acf_changed":false},"product_brand":[],"product_cat":[396,416],"product_tag":[],"class_list":{"0":"post-24236","1":"product","2":"type-product","3":"status-publish","4":"has-post-thumbnail","6":"product_cat-stoliki-i-wozki-medyczne","7":"product_cat-wozki-wielofunkcyjne","8":"pa_glebokosc-518-cm","9":"pa_rodzaje-szuflad-wariant-31m-3-male-1-srednia-1-duza","10":"pa_rodzaje-szuflad-wariant-34m-2-male-2-srednie-1-duza","11":"pa_rodzaje-szuflad-wariant-37m-3-male-2-srednie-1-duza","12":"pa_szerokosc-69-cm","13":"pa_wysokosc-1006-cm-wariant-34m","14":"pa_wysokosc-1085-cm-wariant-37m","15":"pa_wysokosc-927-cm-wariant-31m","16":"pa_wysokosc-bez-kol-793-cm-wariant-31m","17":"pa_wysokosc-bez-kol-872-cm-wariant-34m","18":"pa_wysokosc-bez-kol-951-cm-wariant-37m","20":"first","21":"instock","22":"taxable","23":"shipping-taxable","24":"purchasable","25":"product-type-variable"},"acf":[],"yoast_head":"<!-- This site is optimized with the Yoast SEO plugin v27.4 - https:\/\/yoast.com\/product\/yoast-seo-wordpress\/ -->\n<title>CROBMIX PRINN - W\u00f3zek wielofunkcyjny - INNOW<\/title>\n<meta name=\"description\" content=\"Praktyczny w\u00f3zek wielofunkcyjny zapewniaj\u0105cy \u0142atwy transport akcesori\u00f3w. Bogate wyposa\u017cenie: centralny zamek, kosz na odpady i inne! Zobacz!\" \/>\n<meta name=\"robots\" content=\"index, follow, max-snippet:-1, max-image-preview:large, max-video-preview:-1\" \/>\n<link rel=\"canonical\" href=\"https:\/\/innow.pl\/produkt\/croblix-prinn31-wozek-wielofunkcyjny\/\" \/>\n<meta property=\"og:locale\" content=\"en_US\" \/>\n<meta property=\"og:type\" content=\"article\" \/>\n<meta property=\"og:title\" content=\"CROBMIX PRINN - W\u00f3zek wielofunkcyjny - INNOW\" \/>\n<meta property=\"og:description\" content=\"Praktyczny w\u00f3zek wielofunkcyjny zapewniaj\u0105cy \u0142atwy transport akcesori\u00f3w. Bogate wyposa\u017cenie: centralny zamek, kosz na odpady i inne! Zobacz!\" \/>\n<meta property=\"og:url\" content=\"https:\/\/innow.pl\/produkt\/croblix-prinn31-wozek-wielofunkcyjny\/\" \/>\n<meta property=\"og:site_name\" content=\"INNOW\" \/>\n<meta property=\"article:modified_time\" content=\"2026-03-17T13:32:22+00:00\" \/>\n<meta property=\"og:image\" content=\"https:\/\/innow.pl\/wp-content\/uploads\/2024\/11\/CROBMIX_PRINN_glowne.jpg\" \/>\n\t<meta property=\"og:image:width\" content=\"800\" \/>\n\t<meta property=\"og:image:height\" content=\"800\" \/>\n\t<meta property=\"og:image:type\" content=\"image\/jpeg\" \/>\n<meta name=\"twitter:card\" content=\"summary_large_image\" \/>\n<meta name=\"twitter:label1\" content=\"Est. reading time\" \/>\n\t<meta name=\"twitter:data1\" content=\"2 minutes\" \/>\n<script type=\"application\/ld+json\" class=\"yoast-schema-graph\">{\"@context\":\"https:\\\/\\\/schema.org\",\"@graph\":[{\"@type\":\"WebPage\",\"@id\":\"https:\\\/\\\/innow.pl\\\/produkt\\\/croblix-prinn31-wozek-wielofunkcyjny\\\/\",\"url\":\"https:\\\/\\\/innow.pl\\\/produkt\\\/croblix-prinn31-wozek-wielofunkcyjny\\\/\",\"name\":\"CROBMIX PRINN - W\u00f3zek wielofunkcyjny - INNOW\",\"isPartOf\":{\"@id\":\"https:\\\/\\\/innow.pl\\\/#website\"},\"primaryImageOfPage\":{\"@id\":\"https:\\\/\\\/innow.pl\\\/produkt\\\/croblix-prinn31-wozek-wielofunkcyjny\\\/#primaryimage\"},\"image\":{\"@id\":\"https:\\\/\\\/innow.pl\\\/produkt\\\/croblix-prinn31-wozek-wielofunkcyjny\\\/#primaryimage\"},\"thumbnailUrl\":\"https:\\\/\\\/innow.pl\\\/wp-content\\\/uploads\\\/2024\\\/11\\\/CROBMIX_PRINN_glowne.jpg\",\"datePublished\":\"2017-06-06T07:26:34+00:00\",\"dateModified\":\"2026-03-17T13:32:22+00:00\",\"description\":\"Praktyczny w\u00f3zek wielofunkcyjny zapewniaj\u0105cy \u0142atwy transport akcesori\u00f3w. Bogate wyposa\u017cenie: centralny zamek, kosz na odpady i inne! Zobacz!\",\"breadcrumb\":{\"@id\":\"https:\\\/\\\/innow.pl\\\/produkt\\\/croblix-prinn31-wozek-wielofunkcyjny\\\/#breadcrumb\"},\"inLanguage\":\"en-US\",\"potentialAction\":[{\"@type\":\"ReadAction\",\"target\":[\"https:\\\/\\\/innow.pl\\\/produkt\\\/croblix-prinn31-wozek-wielofunkcyjny\\\/\"]}]},{\"@type\":\"ImageObject\",\"inLanguage\":\"en-US\",\"@id\":\"https:\\\/\\\/innow.pl\\\/produkt\\\/croblix-prinn31-wozek-wielofunkcyjny\\\/#primaryimage\",\"url\":\"https:\\\/\\\/innow.pl\\\/wp-content\\\/uploads\\\/2024\\\/11\\\/CROBMIX_PRINN_glowne.jpg\",\"contentUrl\":\"https:\\\/\\\/innow.pl\\\/wp-content\\\/uploads\\\/2024\\\/11\\\/CROBMIX_PRINN_glowne.jpg\",\"width\":800,\"height\":800,\"caption\":\"CROBMIX PRINN - W\u00f3zek wielofunkcyjny\"},{\"@type\":\"BreadcrumbList\",\"@id\":\"https:\\\/\\\/innow.pl\\\/produkt\\\/croblix-prinn31-wozek-wielofunkcyjny\\\/#breadcrumb\",\"itemListElement\":[{\"@type\":\"ListItem\",\"position\":1,\"name\":\"INNOW\",\"item\":\"https:\\\/\\\/innow.pl\\\/en\\\/\"},{\"@type\":\"ListItem\",\"position\":2,\"name\":\"Produkty\",\"item\":\"https:\\\/\\\/innow.pl\\\/produkty\\\/\"},{\"@type\":\"ListItem\",\"position\":3,\"name\":\"Stoliki i w\u00f3zki medyczne\",\"item\":\"https:\\\/\\\/innow.pl\\\/produkty\\\/stoliki-i-wozki-medyczne\\\/\"},{\"@type\":\"ListItem\",\"position\":4,\"name\":\"W\u00f3zki wielofunkcyjne\",\"item\":\"https:\\\/\\\/innow.pl\\\/produkty\\\/stoliki-i-wozki-medyczne\\\/wozki-wielofunkcyjne\\\/\"},{\"@type\":\"ListItem\",\"position\":5,\"name\":\"CROBMIX PRINN &#8211; W\u00f3zek wielofunkcyjny\"}]},{\"@type\":\"WebSite\",\"@id\":\"https:\\\/\\\/innow.pl\\\/#website\",\"url\":\"https:\\\/\\\/innow.pl\\\/\",\"name\":\"INNOW\",\"description\":\"\",\"potentialAction\":[{\"@type\":\"SearchAction\",\"target\":{\"@type\":\"EntryPoint\",\"urlTemplate\":\"https:\\\/\\\/innow.pl\\\/?s={search_term_string}\"},\"query-input\":{\"@type\":\"PropertyValueSpecification\",\"valueRequired\":true,\"valueName\":\"search_term_string\"}}],\"inLanguage\":\"en-US\"}]}<\/script>\n<!-- \/ Yoast SEO plugin. -->","yoast_head_json":{"title":"CROBMIX PRINN - W\u00f3zek wielofunkcyjny - INNOW","description":"Praktyczny w\u00f3zek wielofunkcyjny zapewniaj\u0105cy \u0142atwy transport akcesori\u00f3w. Bogate wyposa\u017cenie: centralny zamek, kosz na odpady i inne! Zobacz!","robots":{"index":"index","follow":"follow","max-snippet":"max-snippet:-1","max-image-preview":"max-image-preview:large","max-video-preview":"max-video-preview:-1"},"canonical":"https:\/\/innow.pl\/produkt\/croblix-prinn31-wozek-wielofunkcyjny\/","og_locale":"en_US","og_type":"article","og_title":"CROBMIX PRINN - W\u00f3zek wielofunkcyjny - INNOW","og_description":"Praktyczny w\u00f3zek wielofunkcyjny zapewniaj\u0105cy \u0142atwy transport akcesori\u00f3w. Bogate wyposa\u017cenie: centralny zamek, kosz na odpady i inne! Zobacz!","og_url":"https:\/\/innow.pl\/produkt\/croblix-prinn31-wozek-wielofunkcyjny\/","og_site_name":"INNOW","article_modified_time":"2026-03-17T13:32:22+00:00","og_image":[{"width":800,"height":800,"url":"https:\/\/innow.pl\/wp-content\/uploads\/2024\/11\/CROBMIX_PRINN_glowne.jpg","type":"image\/jpeg"}],"twitter_card":"summary_large_image","twitter_misc":{"Est. reading time":"2 minutes"},"schema":{"@context":"https:\/\/schema.org","@graph":[{"@type":"WebPage","@id":"https:\/\/innow.pl\/produkt\/croblix-prinn31-wozek-wielofunkcyjny\/","url":"https:\/\/innow.pl\/produkt\/croblix-prinn31-wozek-wielofunkcyjny\/","name":"CROBMIX PRINN - W\u00f3zek wielofunkcyjny - INNOW","isPartOf":{"@id":"https:\/\/innow.pl\/#website"},"primaryImageOfPage":{"@id":"https:\/\/innow.pl\/produkt\/croblix-prinn31-wozek-wielofunkcyjny\/#primaryimage"},"image":{"@id":"https:\/\/innow.pl\/produkt\/croblix-prinn31-wozek-wielofunkcyjny\/#primaryimage"},"thumbnailUrl":"https:\/\/innow.pl\/wp-content\/uploads\/2024\/11\/CROBMIX_PRINN_glowne.jpg","datePublished":"2017-06-06T07:26:34+00:00","dateModified":"2026-03-17T13:32:22+00:00","description":"Praktyczny w\u00f3zek wielofunkcyjny zapewniaj\u0105cy \u0142atwy transport akcesori\u00f3w. Bogate wyposa\u017cenie: centralny zamek, kosz na odpady i inne! Zobacz!","breadcrumb":{"@id":"https:\/\/innow.pl\/produkt\/croblix-prinn31-wozek-wielofunkcyjny\/#breadcrumb"},"inLanguage":"en-US","potentialAction":[{"@type":"ReadAction","target":["https:\/\/innow.pl\/produkt\/croblix-prinn31-wozek-wielofunkcyjny\/"]}]},{"@type":"ImageObject","inLanguage":"en-US","@id":"https:\/\/innow.pl\/produkt\/croblix-prinn31-wozek-wielofunkcyjny\/#primaryimage","url":"https:\/\/innow.pl\/wp-content\/uploads\/2024\/11\/CROBMIX_PRINN_glowne.jpg","contentUrl":"https:\/\/innow.pl\/wp-content\/uploads\/2024\/11\/CROBMIX_PRINN_glowne.jpg","width":800,"height":800,"caption":"CROBMIX PRINN - W\u00f3zek wielofunkcyjny"},{"@type":"BreadcrumbList","@id":"https:\/\/innow.pl\/produkt\/croblix-prinn31-wozek-wielofunkcyjny\/#breadcrumb","itemListElement":[{"@type":"ListItem","position":1,"name":"INNOW","item":"https:\/\/innow.pl\/en\/"},{"@type":"ListItem","position":2,"name":"Produkty","item":"https:\/\/innow.pl\/produkty\/"},{"@type":"ListItem","position":3,"name":"Stoliki i w\u00f3zki medyczne","item":"https:\/\/innow.pl\/produkty\/stoliki-i-wozki-medyczne\/"},{"@type":"ListItem","position":4,"name":"W\u00f3zki wielofunkcyjne","item":"https:\/\/innow.pl\/produkty\/stoliki-i-wozki-medyczne\/wozki-wielofunkcyjne\/"},{"@type":"ListItem","position":5,"name":"CROBMIX PRINN &#8211; W\u00f3zek wielofunkcyjny"}]},{"@type":"WebSite","@id":"https:\/\/innow.pl\/#website","url":"https:\/\/innow.pl\/","name":"INNOW","description":"","potentialAction":[{"@type":"SearchAction","target":{"@type":"EntryPoint","urlTemplate":"https:\/\/innow.pl\/?s={search_term_string}"},"query-input":{"@type":"PropertyValueSpecification","valueRequired":true,"valueName":"search_term_string"}}],"inLanguage":"en-US"}]}},"_links":{"self":[{"href":"https:\/\/innow.pl\/en\/wp-json\/wp\/v2\/product\/24236","targetHints":{"allow":["GET"]}}],"collection":[{"href":"https:\/\/innow.pl\/en\/wp-json\/wp\/v2\/product"}],"about":[{"href":"https:\/\/innow.pl\/en\/wp-json\/wp\/v2\/types\/product"}],"replies":[{"embeddable":true,"href":"https:\/\/innow.pl\/en\/wp-json\/wp\/v2\/comments?post=24236"}],"wp:featuredmedia":[{"embeddable":true,"href":"https:\/\/innow.pl\/en\/wp-json\/wp\/v2\/media\/24239"}],"wp:attachment":[{"href":"https:\/\/innow.pl\/en\/wp-json\/wp\/v2\/media?parent=24236"}],"wp:term":[{"taxonomy":"product_brand","embeddable":true,"href":"https:\/\/innow.pl\/en\/wp-json\/wp\/v2\/product_brand?post=24236"},{"taxonomy":"product_cat","embeddable":true,"href":"https:\/\/innow.pl\/en\/wp-json\/wp\/v2\/product_cat?post=24236"},{"taxonomy":"product_tag","embeddable":true,"href":"https:\/\/innow.pl\/en\/wp-json\/wp\/v2\/product_tag?post=24236"}],"curies":[{"name":"wp","href":"https:\/\/api.w.org\/{rel}","templated":true}]}}