{"id":24221,"date":"2017-06-06T09:10:48","date_gmt":"2017-06-06T07:10:48","guid":{"rendered":"https:\/\/innow.pl\/produkt\/crobinn-12800-wozek-medyczny-trzypolkowy\/"},"modified":"2026-01-29T13:07:52","modified_gmt":"2026-01-29T12:07:52","slug":"crobinn-12800-wozek-medyczny-trzypolkowy","status":"publish","type":"product","link":"https:\/\/innow.pl\/en\/produkt\/crobinn-12800-wozek-medyczny-trzypolkowy\/","title":{"rendered":"CROBINN 12800 &#8211; W\u00f3zek do przewozu lek\u00f3w, z 3 p\u00f3\u0142kami"},"content":{"rendered":"<p>W\u00f3zek medyczny wyposa\u017cony w blat roboczy oraz boczne uchwyty u\u0142atwiaj\u0105ce przemieszczanie. Konstrukcja ramy wykonana jest z aluminium, natomiast uchwyty z tworzywa PP o du\u017cej wytrzyma\u0142o\u015bci. <img decoding=\"async\" style=\"border: 0\" src=\"https:\/\/innow.pl\/wp-content\/uploads\/2024\/11\/Jestesmy_dystrybutorem.jpg\" alt=\"Jeste\u015bmy dystrybutorem produkt\u00f3w firmy\" \/><\/p>\n","protected":false},"excerpt":{"rendered":"<p>W\u00f3zek medyczny wyposa\u017cony w blat roboczy oraz boczne uchwyty u\u0142atwiaj\u0105ce przemieszczanie. Konstrukcja ramy wykonana jest z aluminium, natomiast uchwyty z tworzywa PP o du\u017cej wytrzyma\u0142o\u015bci.<\/p>\n","protected":false},"featured_media":24224,"comment_status":"open","ping_status":"closed","template":"","meta":{"_acf_changed":false},"product_brand":[],"product_cat":[396,414],"product_tag":[],"class_list":{"0":"post-24221","1":"product","2":"type-product","3":"status-publish","4":"has-post-thumbnail","6":"product_cat-stoliki-i-wozki-medyczne","7":"product_cat-wozki-do-przewozu-lekow","8":"pa_glebokosc-49-cm","9":"pa_szerokosc-76-cm","10":"pa_szerokosc-z-uchwytami-90-cm","11":"pa_wysokosc-104-cm","12":"pa_wysokosc-bez-kol-94-cm","14":"first","15":"instock","16":"taxable","17":"shipping-taxable","18":"purchasable","19":"product-type-simple"},"acf":[],"yoast_head":"<!-- This site is optimized with the Yoast SEO plugin v27.4 - https:\/\/yoast.com\/product\/yoast-seo-wordpress\/ -->\n<title>CROBINN 12800 - W\u00f3zek do przewozu lek\u00f3w, z 3 p\u00f3\u0142kami - INNOW<\/title>\n<meta name=\"description\" content=\"Funkcjonalny w\u00f3zek do przewozu lek\u00f3w z roboczym blatem i bocznymi uchwytami. Konstrukcja aluminiowa. Uchwyty z tworzywa. Zobacz wi\u0119cej!\" \/>\n<meta name=\"robots\" content=\"index, follow, max-snippet:-1, max-image-preview:large, max-video-preview:-1\" \/>\n<link rel=\"canonical\" href=\"https:\/\/innow.pl\/produkt\/crobinn-12800-wozek-medyczny-trzypolkowy\/\" \/>\n<meta property=\"og:locale\" content=\"en_US\" \/>\n<meta property=\"og:type\" content=\"article\" \/>\n<meta property=\"og:title\" content=\"CROBINN 12800 - W\u00f3zek do przewozu lek\u00f3w, z 3 p\u00f3\u0142kami - INNOW\" \/>\n<meta property=\"og:description\" content=\"Funkcjonalny w\u00f3zek do przewozu lek\u00f3w z roboczym blatem i bocznymi uchwytami. Konstrukcja aluminiowa. Uchwyty z tworzywa. Zobacz wi\u0119cej!\" \/>\n<meta property=\"og:url\" content=\"https:\/\/innow.pl\/produkt\/crobinn-12800-wozek-medyczny-trzypolkowy\/\" \/>\n<meta property=\"og:site_name\" content=\"INNOW\" \/>\n<meta property=\"article:modified_time\" content=\"2026-01-29T12:07:52+00:00\" \/>\n<meta property=\"og:image\" content=\"https:\/\/innow.pl\/wp-content\/uploads\/2024\/11\/CROBINN12800_1.jpg\" \/>\n\t<meta property=\"og:image:width\" content=\"480\" \/>\n\t<meta property=\"og:image:height\" content=\"480\" \/>\n\t<meta property=\"og:image:type\" content=\"image\/jpeg\" \/>\n<meta name=\"twitter:card\" content=\"summary_large_image\" \/>\n<meta name=\"twitter:label1\" content=\"Est. reading time\" \/>\n\t<meta name=\"twitter:data1\" content=\"1 minute\" \/>\n<script type=\"application\/ld+json\" class=\"yoast-schema-graph\">{\"@context\":\"https:\\\/\\\/schema.org\",\"@graph\":[{\"@type\":\"WebPage\",\"@id\":\"https:\\\/\\\/innow.pl\\\/produkt\\\/crobinn-12800-wozek-medyczny-trzypolkowy\\\/\",\"url\":\"https:\\\/\\\/innow.pl\\\/produkt\\\/crobinn-12800-wozek-medyczny-trzypolkowy\\\/\",\"name\":\"CROBINN 12800 - W\u00f3zek do przewozu lek\u00f3w, z 3 p\u00f3\u0142kami - INNOW\",\"isPartOf\":{\"@id\":\"https:\\\/\\\/innow.pl\\\/#website\"},\"primaryImageOfPage\":{\"@id\":\"https:\\\/\\\/innow.pl\\\/produkt\\\/crobinn-12800-wozek-medyczny-trzypolkowy\\\/#primaryimage\"},\"image\":{\"@id\":\"https:\\\/\\\/innow.pl\\\/produkt\\\/crobinn-12800-wozek-medyczny-trzypolkowy\\\/#primaryimage\"},\"thumbnailUrl\":\"https:\\\/\\\/innow.pl\\\/wp-content\\\/uploads\\\/2024\\\/11\\\/CROBINN12800_1.jpg\",\"datePublished\":\"2017-06-06T07:10:48+00:00\",\"dateModified\":\"2026-01-29T12:07:52+00:00\",\"description\":\"Funkcjonalny w\u00f3zek do przewozu lek\u00f3w z roboczym blatem i bocznymi uchwytami. Konstrukcja aluminiowa. Uchwyty z tworzywa. Zobacz wi\u0119cej!\",\"breadcrumb\":{\"@id\":\"https:\\\/\\\/innow.pl\\\/produkt\\\/crobinn-12800-wozek-medyczny-trzypolkowy\\\/#breadcrumb\"},\"inLanguage\":\"en-US\",\"potentialAction\":[{\"@type\":\"ReadAction\",\"target\":[\"https:\\\/\\\/innow.pl\\\/produkt\\\/crobinn-12800-wozek-medyczny-trzypolkowy\\\/\"]}]},{\"@type\":\"ImageObject\",\"inLanguage\":\"en-US\",\"@id\":\"https:\\\/\\\/innow.pl\\\/produkt\\\/crobinn-12800-wozek-medyczny-trzypolkowy\\\/#primaryimage\",\"url\":\"https:\\\/\\\/innow.pl\\\/wp-content\\\/uploads\\\/2024\\\/11\\\/CROBINN12800_1.jpg\",\"contentUrl\":\"https:\\\/\\\/innow.pl\\\/wp-content\\\/uploads\\\/2024\\\/11\\\/CROBINN12800_1.jpg\",\"width\":480,\"height\":480,\"caption\":\"W\u00f3zek do przewozu lek\u00f3w, z 3 p\u00f3\u0142kami \u2013 CROBINN 12800 \u2013 INNOW\"},{\"@type\":\"BreadcrumbList\",\"@id\":\"https:\\\/\\\/innow.pl\\\/produkt\\\/crobinn-12800-wozek-medyczny-trzypolkowy\\\/#breadcrumb\",\"itemListElement\":[{\"@type\":\"ListItem\",\"position\":1,\"name\":\"INNOW\",\"item\":\"https:\\\/\\\/innow.pl\\\/en\\\/\"},{\"@type\":\"ListItem\",\"position\":2,\"name\":\"Produkty\",\"item\":\"https:\\\/\\\/innow.pl\\\/produkty\\\/\"},{\"@type\":\"ListItem\",\"position\":3,\"name\":\"Stoliki i w\u00f3zki medyczne\",\"item\":\"https:\\\/\\\/innow.pl\\\/produkty\\\/stoliki-i-wozki-medyczne\\\/\"},{\"@type\":\"ListItem\",\"position\":4,\"name\":\"W\u00f3zki do przewozu lek\u00f3w\",\"item\":\"https:\\\/\\\/innow.pl\\\/produkty\\\/stoliki-i-wozki-medyczne\\\/wozki-do-przewozu-lekow\\\/\"},{\"@type\":\"ListItem\",\"position\":5,\"name\":\"CROBINN 12800 &#8211; W\u00f3zek do przewozu lek\u00f3w, z 3 p\u00f3\u0142kami\"}]},{\"@type\":\"WebSite\",\"@id\":\"https:\\\/\\\/innow.pl\\\/#website\",\"url\":\"https:\\\/\\\/innow.pl\\\/\",\"name\":\"INNOW\",\"description\":\"\",\"potentialAction\":[{\"@type\":\"SearchAction\",\"target\":{\"@type\":\"EntryPoint\",\"urlTemplate\":\"https:\\\/\\\/innow.pl\\\/?s={search_term_string}\"},\"query-input\":{\"@type\":\"PropertyValueSpecification\",\"valueRequired\":true,\"valueName\":\"search_term_string\"}}],\"inLanguage\":\"en-US\"}]}<\/script>\n<!-- \/ Yoast SEO plugin. -->","yoast_head_json":{"title":"CROBINN 12800 - W\u00f3zek do przewozu lek\u00f3w, z 3 p\u00f3\u0142kami - INNOW","description":"Funkcjonalny w\u00f3zek do przewozu lek\u00f3w z roboczym blatem i bocznymi uchwytami. Konstrukcja aluminiowa. Uchwyty z tworzywa. Zobacz wi\u0119cej!","robots":{"index":"index","follow":"follow","max-snippet":"max-snippet:-1","max-image-preview":"max-image-preview:large","max-video-preview":"max-video-preview:-1"},"canonical":"https:\/\/innow.pl\/produkt\/crobinn-12800-wozek-medyczny-trzypolkowy\/","og_locale":"en_US","og_type":"article","og_title":"CROBINN 12800 - W\u00f3zek do przewozu lek\u00f3w, z 3 p\u00f3\u0142kami - INNOW","og_description":"Funkcjonalny w\u00f3zek do przewozu lek\u00f3w z roboczym blatem i bocznymi uchwytami. Konstrukcja aluminiowa. Uchwyty z tworzywa. Zobacz wi\u0119cej!","og_url":"https:\/\/innow.pl\/produkt\/crobinn-12800-wozek-medyczny-trzypolkowy\/","og_site_name":"INNOW","article_modified_time":"2026-01-29T12:07:52+00:00","og_image":[{"width":480,"height":480,"url":"https:\/\/innow.pl\/wp-content\/uploads\/2024\/11\/CROBINN12800_1.jpg","type":"image\/jpeg"}],"twitter_card":"summary_large_image","twitter_misc":{"Est. reading time":"1 minute"},"schema":{"@context":"https:\/\/schema.org","@graph":[{"@type":"WebPage","@id":"https:\/\/innow.pl\/produkt\/crobinn-12800-wozek-medyczny-trzypolkowy\/","url":"https:\/\/innow.pl\/produkt\/crobinn-12800-wozek-medyczny-trzypolkowy\/","name":"CROBINN 12800 - W\u00f3zek do przewozu lek\u00f3w, z 3 p\u00f3\u0142kami - INNOW","isPartOf":{"@id":"https:\/\/innow.pl\/#website"},"primaryImageOfPage":{"@id":"https:\/\/innow.pl\/produkt\/crobinn-12800-wozek-medyczny-trzypolkowy\/#primaryimage"},"image":{"@id":"https:\/\/innow.pl\/produkt\/crobinn-12800-wozek-medyczny-trzypolkowy\/#primaryimage"},"thumbnailUrl":"https:\/\/innow.pl\/wp-content\/uploads\/2024\/11\/CROBINN12800_1.jpg","datePublished":"2017-06-06T07:10:48+00:00","dateModified":"2026-01-29T12:07:52+00:00","description":"Funkcjonalny w\u00f3zek do przewozu lek\u00f3w z roboczym blatem i bocznymi uchwytami. Konstrukcja aluminiowa. Uchwyty z tworzywa. Zobacz wi\u0119cej!","breadcrumb":{"@id":"https:\/\/innow.pl\/produkt\/crobinn-12800-wozek-medyczny-trzypolkowy\/#breadcrumb"},"inLanguage":"en-US","potentialAction":[{"@type":"ReadAction","target":["https:\/\/innow.pl\/produkt\/crobinn-12800-wozek-medyczny-trzypolkowy\/"]}]},{"@type":"ImageObject","inLanguage":"en-US","@id":"https:\/\/innow.pl\/produkt\/crobinn-12800-wozek-medyczny-trzypolkowy\/#primaryimage","url":"https:\/\/innow.pl\/wp-content\/uploads\/2024\/11\/CROBINN12800_1.jpg","contentUrl":"https:\/\/innow.pl\/wp-content\/uploads\/2024\/11\/CROBINN12800_1.jpg","width":480,"height":480,"caption":"W\u00f3zek do przewozu lek\u00f3w, z 3 p\u00f3\u0142kami \u2013 CROBINN 12800 \u2013 INNOW"},{"@type":"BreadcrumbList","@id":"https:\/\/innow.pl\/produkt\/crobinn-12800-wozek-medyczny-trzypolkowy\/#breadcrumb","itemListElement":[{"@type":"ListItem","position":1,"name":"INNOW","item":"https:\/\/innow.pl\/en\/"},{"@type":"ListItem","position":2,"name":"Produkty","item":"https:\/\/innow.pl\/produkty\/"},{"@type":"ListItem","position":3,"name":"Stoliki i w\u00f3zki medyczne","item":"https:\/\/innow.pl\/produkty\/stoliki-i-wozki-medyczne\/"},{"@type":"ListItem","position":4,"name":"W\u00f3zki do przewozu lek\u00f3w","item":"https:\/\/innow.pl\/produkty\/stoliki-i-wozki-medyczne\/wozki-do-przewozu-lekow\/"},{"@type":"ListItem","position":5,"name":"CROBINN 12800 &#8211; W\u00f3zek do przewozu lek\u00f3w, z 3 p\u00f3\u0142kami"}]},{"@type":"WebSite","@id":"https:\/\/innow.pl\/#website","url":"https:\/\/innow.pl\/","name":"INNOW","description":"","potentialAction":[{"@type":"SearchAction","target":{"@type":"EntryPoint","urlTemplate":"https:\/\/innow.pl\/?s={search_term_string}"},"query-input":{"@type":"PropertyValueSpecification","valueRequired":true,"valueName":"search_term_string"}}],"inLanguage":"en-US"}]}},"_links":{"self":[{"href":"https:\/\/innow.pl\/en\/wp-json\/wp\/v2\/product\/24221","targetHints":{"allow":["GET"]}}],"collection":[{"href":"https:\/\/innow.pl\/en\/wp-json\/wp\/v2\/product"}],"about":[{"href":"https:\/\/innow.pl\/en\/wp-json\/wp\/v2\/types\/product"}],"replies":[{"embeddable":true,"href":"https:\/\/innow.pl\/en\/wp-json\/wp\/v2\/comments?post=24221"}],"wp:featuredmedia":[{"embeddable":true,"href":"https:\/\/innow.pl\/en\/wp-json\/wp\/v2\/media\/24224"}],"wp:attachment":[{"href":"https:\/\/innow.pl\/en\/wp-json\/wp\/v2\/media?parent=24221"}],"wp:term":[{"taxonomy":"product_brand","embeddable":true,"href":"https:\/\/innow.pl\/en\/wp-json\/wp\/v2\/product_brand?post=24221"},{"taxonomy":"product_cat","embeddable":true,"href":"https:\/\/innow.pl\/en\/wp-json\/wp\/v2\/product_cat?post=24221"},{"taxonomy":"product_tag","embeddable":true,"href":"https:\/\/innow.pl\/en\/wp-json\/wp\/v2\/product_tag?post=24221"}],"curies":[{"name":"wp","href":"https:\/\/api.w.org\/{rel}","templated":true}]}}