{"id":24179,"date":"2017-06-06T08:19:37","date_gmt":"2017-06-06T06:19:37","guid":{"rendered":"https:\/\/innow.pl\/produkt\/ominn1520-pas-stabilizujacy-reke-w-nadgarstku\/"},"modified":"2025-04-29T11:57:12","modified_gmt":"2025-04-29T09:57:12","slug":"ominn1520-pas-stabilizujacy-reke-w-nadgarstku","status":"publish","type":"product","link":"https:\/\/innow.pl\/en\/produkt\/ominn1520-pas-stabilizujacy-reke-w-nadgarstku\/","title":{"rendered":"OMINN1520 &#8211; Pas stabilizuj\u0105cy r\u0119k\u0119 w nadgarstku"},"content":{"rendered":"<p>Pas nadgarstkowy daj\u0105cy mo\u017cliwo\u015b\u0107 ustabilizowania r\u0119ki. Pojedynczy (nie para). Przed zakupem prosimy o kontakt z naszym biurem sprzeda\u017cy.<\/p>\n","protected":false},"excerpt":{"rendered":"<p>Pas nadgarstkowy daj\u0105cy mo\u017cliwo\u015b\u0107 ustabilizowania r\u0119ki. Pojedynczy (nie para). Przed zakupem prosimy o kontakt z naszym biurem sprzeda\u017cy.<\/p>\n","protected":false},"featured_media":24181,"comment_status":"open","ping_status":"closed","template":"","meta":{"_acf_changed":false},"product_brand":[],"product_cat":[440,543,558,479],"product_tag":[],"class_list":{"0":"post-24179","1":"product","2":"type-product","3":"status-publish","4":"has-post-thumbnail","6":"product_cat-meble-medyczne","7":"product_cat-osprzet-do-stolow-zabiegowych","8":"product_cat-pasy-stabilizujace-osprzet-do-stolow-zabiegowych","9":"product_cat-stoly-zabiegowe","11":"first","12":"instock","13":"taxable","14":"shipping-taxable","15":"purchasable","16":"product-type-simple"},"acf":[],"yoast_head":"<!-- This site is optimized with the Yoast SEO plugin v27.4 - https:\/\/yoast.com\/product\/yoast-seo-wordpress\/ -->\n<title>OMINN1520 - Pas stabilizuj\u0105cy r\u0119k\u0119 w nadgarstku - INNOW<\/title>\n<meta name=\"description\" content=\"Pas stabilizuj\u0105cy r\u0119k\u0119 w nadgarstku dla pacjenta znajduj\u0105cego si\u0119 na stole zabiegowym. W zestawie znajduj\u0105 si\u0119 2 sztuki. Wejd\u017a i zobacz!\" \/>\n<meta name=\"robots\" content=\"index, follow, max-snippet:-1, max-image-preview:large, max-video-preview:-1\" \/>\n<link rel=\"canonical\" href=\"https:\/\/innow.pl\/produkt\/ominn1520-pas-stabilizujacy-reke-w-nadgarstku\/\" \/>\n<meta property=\"og:locale\" content=\"en_US\" \/>\n<meta property=\"og:type\" content=\"article\" \/>\n<meta property=\"og:title\" content=\"OMINN1520 - Pas stabilizuj\u0105cy r\u0119k\u0119 w nadgarstku - INNOW\" \/>\n<meta property=\"og:description\" content=\"Pas stabilizuj\u0105cy r\u0119k\u0119 w nadgarstku dla pacjenta znajduj\u0105cego si\u0119 na stole zabiegowym. W zestawie znajduj\u0105 si\u0119 2 sztuki. Wejd\u017a i zobacz!\" \/>\n<meta property=\"og:url\" content=\"https:\/\/innow.pl\/produkt\/ominn1520-pas-stabilizujacy-reke-w-nadgarstku\/\" \/>\n<meta property=\"og:site_name\" content=\"INNOW\" \/>\n<meta property=\"article:modified_time\" content=\"2025-04-29T09:57:12+00:00\" \/>\n<meta property=\"og:image\" content=\"https:\/\/innow.pl\/wp-content\/uploads\/2024\/11\/OMINN1520_1-2.jpg\" \/>\n\t<meta property=\"og:image:width\" content=\"600\" \/>\n\t<meta property=\"og:image:height\" content=\"600\" \/>\n\t<meta property=\"og:image:type\" content=\"image\/jpeg\" \/>\n<meta name=\"twitter:card\" content=\"summary_large_image\" \/>\n<meta name=\"twitter:label1\" content=\"Est. reading time\" \/>\n\t<meta name=\"twitter:data1\" content=\"1 minute\" \/>\n<script type=\"application\/ld+json\" class=\"yoast-schema-graph\">{\"@context\":\"https:\\\/\\\/schema.org\",\"@graph\":[{\"@type\":\"WebPage\",\"@id\":\"https:\\\/\\\/innow.pl\\\/produkt\\\/ominn1520-pas-stabilizujacy-reke-w-nadgarstku\\\/\",\"url\":\"https:\\\/\\\/innow.pl\\\/produkt\\\/ominn1520-pas-stabilizujacy-reke-w-nadgarstku\\\/\",\"name\":\"OMINN1520 - Pas stabilizuj\u0105cy r\u0119k\u0119 w nadgarstku - INNOW\",\"isPartOf\":{\"@id\":\"https:\\\/\\\/innow.pl\\\/#website\"},\"primaryImageOfPage\":{\"@id\":\"https:\\\/\\\/innow.pl\\\/produkt\\\/ominn1520-pas-stabilizujacy-reke-w-nadgarstku\\\/#primaryimage\"},\"image\":{\"@id\":\"https:\\\/\\\/innow.pl\\\/produkt\\\/ominn1520-pas-stabilizujacy-reke-w-nadgarstku\\\/#primaryimage\"},\"thumbnailUrl\":\"https:\\\/\\\/innow.pl\\\/wp-content\\\/uploads\\\/2024\\\/11\\\/OMINN1520_1-2.jpg\",\"datePublished\":\"2017-06-06T06:19:37+00:00\",\"dateModified\":\"2025-04-29T09:57:12+00:00\",\"description\":\"Pas stabilizuj\u0105cy r\u0119k\u0119 w nadgarstku dla pacjenta znajduj\u0105cego si\u0119 na stole zabiegowym. W zestawie znajduj\u0105 si\u0119 2 sztuki. Wejd\u017a i zobacz!\",\"breadcrumb\":{\"@id\":\"https:\\\/\\\/innow.pl\\\/produkt\\\/ominn1520-pas-stabilizujacy-reke-w-nadgarstku\\\/#breadcrumb\"},\"inLanguage\":\"en-US\",\"potentialAction\":[{\"@type\":\"ReadAction\",\"target\":[\"https:\\\/\\\/innow.pl\\\/produkt\\\/ominn1520-pas-stabilizujacy-reke-w-nadgarstku\\\/\"]}]},{\"@type\":\"ImageObject\",\"inLanguage\":\"en-US\",\"@id\":\"https:\\\/\\\/innow.pl\\\/produkt\\\/ominn1520-pas-stabilizujacy-reke-w-nadgarstku\\\/#primaryimage\",\"url\":\"https:\\\/\\\/innow.pl\\\/wp-content\\\/uploads\\\/2024\\\/11\\\/OMINN1520_1-2.jpg\",\"contentUrl\":\"https:\\\/\\\/innow.pl\\\/wp-content\\\/uploads\\\/2024\\\/11\\\/OMINN1520_1-2.jpg\",\"width\":600,\"height\":600,\"caption\":\"Pas stabilizuj\u0105cy r\u0119k\u0119 w nadgarstku \u2013 OMINN1520 \u2013 INNOW\"},{\"@type\":\"BreadcrumbList\",\"@id\":\"https:\\\/\\\/innow.pl\\\/produkt\\\/ominn1520-pas-stabilizujacy-reke-w-nadgarstku\\\/#breadcrumb\",\"itemListElement\":[{\"@type\":\"ListItem\",\"position\":1,\"name\":\"INNOW\",\"item\":\"https:\\\/\\\/innow.pl\\\/en\\\/\"},{\"@type\":\"ListItem\",\"position\":2,\"name\":\"Produkty\",\"item\":\"https:\\\/\\\/innow.pl\\\/produkty\\\/\"},{\"@type\":\"ListItem\",\"position\":3,\"name\":\"Meble medyczne\",\"item\":\"https:\\\/\\\/innow.pl\\\/produkty\\\/meble-medyczne\\\/\"},{\"@type\":\"ListItem\",\"position\":4,\"name\":\"Sto\u0142y zabiegowe\",\"item\":\"https:\\\/\\\/innow.pl\\\/produkty\\\/meble-medyczne\\\/stoly-zabiegowe\\\/\"},{\"@type\":\"ListItem\",\"position\":5,\"name\":\"Osprz\u0119t do sto\u0142\u00f3w zabiegowych\",\"item\":\"https:\\\/\\\/innow.pl\\\/produkty\\\/meble-medyczne\\\/stoly-zabiegowe\\\/osprzet-do-stolow-zabiegowych\\\/\"},{\"@type\":\"ListItem\",\"position\":6,\"name\":\"Pasy stabilizuj\u0105ce\",\"item\":\"https:\\\/\\\/innow.pl\\\/produkty\\\/meble-medyczne\\\/stoly-zabiegowe\\\/osprzet-do-stolow-zabiegowych\\\/pasy-stabilizujace-osprzet-do-stolow-zabiegowych\\\/\"},{\"@type\":\"ListItem\",\"position\":7,\"name\":\"OMINN1520 &#8211; Pas stabilizuj\u0105cy r\u0119k\u0119 w nadgarstku\"}]},{\"@type\":\"WebSite\",\"@id\":\"https:\\\/\\\/innow.pl\\\/#website\",\"url\":\"https:\\\/\\\/innow.pl\\\/\",\"name\":\"INNOW\",\"description\":\"\",\"potentialAction\":[{\"@type\":\"SearchAction\",\"target\":{\"@type\":\"EntryPoint\",\"urlTemplate\":\"https:\\\/\\\/innow.pl\\\/?s={search_term_string}\"},\"query-input\":{\"@type\":\"PropertyValueSpecification\",\"valueRequired\":true,\"valueName\":\"search_term_string\"}}],\"inLanguage\":\"en-US\"}]}<\/script>\n<!-- \/ Yoast SEO plugin. -->","yoast_head_json":{"title":"OMINN1520 - Pas stabilizuj\u0105cy r\u0119k\u0119 w nadgarstku - INNOW","description":"Pas stabilizuj\u0105cy r\u0119k\u0119 w nadgarstku dla pacjenta znajduj\u0105cego si\u0119 na stole zabiegowym. W zestawie znajduj\u0105 si\u0119 2 sztuki. Wejd\u017a i zobacz!","robots":{"index":"index","follow":"follow","max-snippet":"max-snippet:-1","max-image-preview":"max-image-preview:large","max-video-preview":"max-video-preview:-1"},"canonical":"https:\/\/innow.pl\/produkt\/ominn1520-pas-stabilizujacy-reke-w-nadgarstku\/","og_locale":"en_US","og_type":"article","og_title":"OMINN1520 - Pas stabilizuj\u0105cy r\u0119k\u0119 w nadgarstku - INNOW","og_description":"Pas stabilizuj\u0105cy r\u0119k\u0119 w nadgarstku dla pacjenta znajduj\u0105cego si\u0119 na stole zabiegowym. W zestawie znajduj\u0105 si\u0119 2 sztuki. Wejd\u017a i zobacz!","og_url":"https:\/\/innow.pl\/produkt\/ominn1520-pas-stabilizujacy-reke-w-nadgarstku\/","og_site_name":"INNOW","article_modified_time":"2025-04-29T09:57:12+00:00","og_image":[{"width":600,"height":600,"url":"https:\/\/innow.pl\/wp-content\/uploads\/2024\/11\/OMINN1520_1-2.jpg","type":"image\/jpeg"}],"twitter_card":"summary_large_image","twitter_misc":{"Est. reading time":"1 minute"},"schema":{"@context":"https:\/\/schema.org","@graph":[{"@type":"WebPage","@id":"https:\/\/innow.pl\/produkt\/ominn1520-pas-stabilizujacy-reke-w-nadgarstku\/","url":"https:\/\/innow.pl\/produkt\/ominn1520-pas-stabilizujacy-reke-w-nadgarstku\/","name":"OMINN1520 - Pas stabilizuj\u0105cy r\u0119k\u0119 w nadgarstku - INNOW","isPartOf":{"@id":"https:\/\/innow.pl\/#website"},"primaryImageOfPage":{"@id":"https:\/\/innow.pl\/produkt\/ominn1520-pas-stabilizujacy-reke-w-nadgarstku\/#primaryimage"},"image":{"@id":"https:\/\/innow.pl\/produkt\/ominn1520-pas-stabilizujacy-reke-w-nadgarstku\/#primaryimage"},"thumbnailUrl":"https:\/\/innow.pl\/wp-content\/uploads\/2024\/11\/OMINN1520_1-2.jpg","datePublished":"2017-06-06T06:19:37+00:00","dateModified":"2025-04-29T09:57:12+00:00","description":"Pas stabilizuj\u0105cy r\u0119k\u0119 w nadgarstku dla pacjenta znajduj\u0105cego si\u0119 na stole zabiegowym. W zestawie znajduj\u0105 si\u0119 2 sztuki. Wejd\u017a i zobacz!","breadcrumb":{"@id":"https:\/\/innow.pl\/produkt\/ominn1520-pas-stabilizujacy-reke-w-nadgarstku\/#breadcrumb"},"inLanguage":"en-US","potentialAction":[{"@type":"ReadAction","target":["https:\/\/innow.pl\/produkt\/ominn1520-pas-stabilizujacy-reke-w-nadgarstku\/"]}]},{"@type":"ImageObject","inLanguage":"en-US","@id":"https:\/\/innow.pl\/produkt\/ominn1520-pas-stabilizujacy-reke-w-nadgarstku\/#primaryimage","url":"https:\/\/innow.pl\/wp-content\/uploads\/2024\/11\/OMINN1520_1-2.jpg","contentUrl":"https:\/\/innow.pl\/wp-content\/uploads\/2024\/11\/OMINN1520_1-2.jpg","width":600,"height":600,"caption":"Pas stabilizuj\u0105cy r\u0119k\u0119 w nadgarstku \u2013 OMINN1520 \u2013 INNOW"},{"@type":"BreadcrumbList","@id":"https:\/\/innow.pl\/produkt\/ominn1520-pas-stabilizujacy-reke-w-nadgarstku\/#breadcrumb","itemListElement":[{"@type":"ListItem","position":1,"name":"INNOW","item":"https:\/\/innow.pl\/en\/"},{"@type":"ListItem","position":2,"name":"Produkty","item":"https:\/\/innow.pl\/produkty\/"},{"@type":"ListItem","position":3,"name":"Meble medyczne","item":"https:\/\/innow.pl\/produkty\/meble-medyczne\/"},{"@type":"ListItem","position":4,"name":"Sto\u0142y zabiegowe","item":"https:\/\/innow.pl\/produkty\/meble-medyczne\/stoly-zabiegowe\/"},{"@type":"ListItem","position":5,"name":"Osprz\u0119t do sto\u0142\u00f3w zabiegowych","item":"https:\/\/innow.pl\/produkty\/meble-medyczne\/stoly-zabiegowe\/osprzet-do-stolow-zabiegowych\/"},{"@type":"ListItem","position":6,"name":"Pasy stabilizuj\u0105ce","item":"https:\/\/innow.pl\/produkty\/meble-medyczne\/stoly-zabiegowe\/osprzet-do-stolow-zabiegowych\/pasy-stabilizujace-osprzet-do-stolow-zabiegowych\/"},{"@type":"ListItem","position":7,"name":"OMINN1520 &#8211; Pas stabilizuj\u0105cy r\u0119k\u0119 w nadgarstku"}]},{"@type":"WebSite","@id":"https:\/\/innow.pl\/#website","url":"https:\/\/innow.pl\/","name":"INNOW","description":"","potentialAction":[{"@type":"SearchAction","target":{"@type":"EntryPoint","urlTemplate":"https:\/\/innow.pl\/?s={search_term_string}"},"query-input":{"@type":"PropertyValueSpecification","valueRequired":true,"valueName":"search_term_string"}}],"inLanguage":"en-US"}]}},"_links":{"self":[{"href":"https:\/\/innow.pl\/en\/wp-json\/wp\/v2\/product\/24179","targetHints":{"allow":["GET"]}}],"collection":[{"href":"https:\/\/innow.pl\/en\/wp-json\/wp\/v2\/product"}],"about":[{"href":"https:\/\/innow.pl\/en\/wp-json\/wp\/v2\/types\/product"}],"replies":[{"embeddable":true,"href":"https:\/\/innow.pl\/en\/wp-json\/wp\/v2\/comments?post=24179"}],"wp:featuredmedia":[{"embeddable":true,"href":"https:\/\/innow.pl\/en\/wp-json\/wp\/v2\/media\/24181"}],"wp:attachment":[{"href":"https:\/\/innow.pl\/en\/wp-json\/wp\/v2\/media?parent=24179"}],"wp:term":[{"taxonomy":"product_brand","embeddable":true,"href":"https:\/\/innow.pl\/en\/wp-json\/wp\/v2\/product_brand?post=24179"},{"taxonomy":"product_cat","embeddable":true,"href":"https:\/\/innow.pl\/en\/wp-json\/wp\/v2\/product_cat?post=24179"},{"taxonomy":"product_tag","embeddable":true,"href":"https:\/\/innow.pl\/en\/wp-json\/wp\/v2\/product_tag?post=24179"}],"curies":[{"name":"wp","href":"https:\/\/api.w.org\/{rel}","templated":true}]}}