{"id":24155,"date":"2017-06-06T07:41:26","date_gmt":"2017-06-06T05:41:26","guid":{"rendered":"https:\/\/innow.pl\/produkt\/finn015-ramka-ekranu-anestezjologicznego-mocowana-do-listwy-bocznej\/"},"modified":"2025-03-26T12:57:35","modified_gmt":"2025-03-26T11:57:35","slug":"finn015-ramka-ekranu-anestezjologicznego-mocowana-do-listwy-bocznej","status":"publish","type":"product","link":"https:\/\/innow.pl\/en\/produkt\/finn015-ramka-ekranu-anestezjologicznego-mocowana-do-listwy-bocznej\/","title":{"rendered":"FINN015 &#8211; Ramka ekranu anestezjologicznego mocowana do listwy bocznej"},"content":{"rendered":"<p>Ramka ekranu anestezjologicznego w komplecie z zaciskiem. Mocuje si\u0119 j\u0105 do listwy bocznej w stole zabiegowym.<\/p>\n","protected":false},"excerpt":{"rendered":"<p>Ramka ekranu anestezjologicznego w komplecie z zaciskiem. Mocuje si\u0119 j\u0105 do listwy bocznej w stole zabiegowym.<\/p>\n","protected":false},"featured_media":24157,"comment_status":"open","ping_status":"closed","template":"","meta":{"_acf_changed":false},"product_brand":[],"product_cat":[440,543,479,559],"product_tag":[],"class_list":{"0":"post-24155","1":"product","2":"type-product","3":"status-publish","4":"has-post-thumbnail","6":"product_cat-meble-medyczne","7":"product_cat-osprzet-do-stolow-zabiegowych","8":"product_cat-stoly-zabiegowe","9":"product_cat-urzadzenia-pomocnicze-osprzet-do-stolow-zabiegowych","11":"first","12":"instock","13":"taxable","14":"shipping-taxable","15":"purchasable","16":"product-type-simple"},"acf":[],"yoast_head":"<!-- This site is optimized with the Yoast SEO plugin v27.4 - https:\/\/yoast.com\/product\/yoast-seo-wordpress\/ -->\n<title>FINN015 - Ramka ekranu anestezjologicznego mocowana do listwy bocznej - INNOW<\/title>\n<meta name=\"description\" content=\"Estetyczna i trwa\u0142a ramka ekranu anestezjologicznego mocowana do listwy bocznej sto\u0142\u00f3w zabiegowych, w komplecie z zaciskiem. Zobacz!\" \/>\n<meta name=\"robots\" content=\"index, follow, max-snippet:-1, max-image-preview:large, max-video-preview:-1\" \/>\n<link rel=\"canonical\" href=\"https:\/\/innow.pl\/produkt\/finn015-ramka-ekranu-anestezjologicznego-mocowana-do-listwy-bocznej\/\" \/>\n<meta property=\"og:locale\" content=\"en_US\" \/>\n<meta property=\"og:type\" content=\"article\" \/>\n<meta property=\"og:title\" content=\"FINN015 - Ramka ekranu anestezjologicznego mocowana do listwy bocznej - INNOW\" \/>\n<meta property=\"og:description\" content=\"Estetyczna i trwa\u0142a ramka ekranu anestezjologicznego mocowana do listwy bocznej sto\u0142\u00f3w zabiegowych, w komplecie z zaciskiem. Zobacz!\" \/>\n<meta property=\"og:url\" content=\"https:\/\/innow.pl\/produkt\/finn015-ramka-ekranu-anestezjologicznego-mocowana-do-listwy-bocznej\/\" \/>\n<meta property=\"og:site_name\" content=\"INNOW\" \/>\n<meta property=\"article:modified_time\" content=\"2025-03-26T11:57:35+00:00\" \/>\n<meta property=\"og:image\" content=\"https:\/\/innow.pl\/wp-content\/uploads\/2024\/11\/FINN015.jpg\" \/>\n\t<meta property=\"og:image:width\" content=\"579\" \/>\n\t<meta property=\"og:image:height\" content=\"480\" \/>\n\t<meta property=\"og:image:type\" content=\"image\/jpeg\" \/>\n<meta name=\"twitter:card\" content=\"summary_large_image\" \/>\n<meta name=\"twitter:label1\" content=\"Est. reading time\" \/>\n\t<meta name=\"twitter:data1\" content=\"1 minute\" \/>\n<script type=\"application\/ld+json\" class=\"yoast-schema-graph\">{\"@context\":\"https:\\\/\\\/schema.org\",\"@graph\":[{\"@type\":\"WebPage\",\"@id\":\"https:\\\/\\\/innow.pl\\\/produkt\\\/finn015-ramka-ekranu-anestezjologicznego-mocowana-do-listwy-bocznej\\\/\",\"url\":\"https:\\\/\\\/innow.pl\\\/produkt\\\/finn015-ramka-ekranu-anestezjologicznego-mocowana-do-listwy-bocznej\\\/\",\"name\":\"FINN015 - Ramka ekranu anestezjologicznego mocowana do listwy bocznej - INNOW\",\"isPartOf\":{\"@id\":\"https:\\\/\\\/innow.pl\\\/#website\"},\"primaryImageOfPage\":{\"@id\":\"https:\\\/\\\/innow.pl\\\/produkt\\\/finn015-ramka-ekranu-anestezjologicznego-mocowana-do-listwy-bocznej\\\/#primaryimage\"},\"image\":{\"@id\":\"https:\\\/\\\/innow.pl\\\/produkt\\\/finn015-ramka-ekranu-anestezjologicznego-mocowana-do-listwy-bocznej\\\/#primaryimage\"},\"thumbnailUrl\":\"https:\\\/\\\/innow.pl\\\/wp-content\\\/uploads\\\/2024\\\/11\\\/FINN015.jpg\",\"datePublished\":\"2017-06-06T05:41:26+00:00\",\"dateModified\":\"2025-03-26T11:57:35+00:00\",\"description\":\"Estetyczna i trwa\u0142a ramka ekranu anestezjologicznego mocowana do listwy bocznej sto\u0142\u00f3w zabiegowych, w komplecie z zaciskiem. Zobacz!\",\"breadcrumb\":{\"@id\":\"https:\\\/\\\/innow.pl\\\/produkt\\\/finn015-ramka-ekranu-anestezjologicznego-mocowana-do-listwy-bocznej\\\/#breadcrumb\"},\"inLanguage\":\"en-US\",\"potentialAction\":[{\"@type\":\"ReadAction\",\"target\":[\"https:\\\/\\\/innow.pl\\\/produkt\\\/finn015-ramka-ekranu-anestezjologicznego-mocowana-do-listwy-bocznej\\\/\"]}]},{\"@type\":\"ImageObject\",\"inLanguage\":\"en-US\",\"@id\":\"https:\\\/\\\/innow.pl\\\/produkt\\\/finn015-ramka-ekranu-anestezjologicznego-mocowana-do-listwy-bocznej\\\/#primaryimage\",\"url\":\"https:\\\/\\\/innow.pl\\\/wp-content\\\/uploads\\\/2024\\\/11\\\/FINN015.jpg\",\"contentUrl\":\"https:\\\/\\\/innow.pl\\\/wp-content\\\/uploads\\\/2024\\\/11\\\/FINN015.jpg\",\"width\":579,\"height\":480,\"caption\":\"Ramka ekranu anestezjologicznego mocowana do listwy bocznej \u2013 FINN015 \u2013 INNOW\"},{\"@type\":\"BreadcrumbList\",\"@id\":\"https:\\\/\\\/innow.pl\\\/produkt\\\/finn015-ramka-ekranu-anestezjologicznego-mocowana-do-listwy-bocznej\\\/#breadcrumb\",\"itemListElement\":[{\"@type\":\"ListItem\",\"position\":1,\"name\":\"INNOW\",\"item\":\"https:\\\/\\\/innow.pl\\\/en\\\/\"},{\"@type\":\"ListItem\",\"position\":2,\"name\":\"Produkty\",\"item\":\"https:\\\/\\\/innow.pl\\\/produkty\\\/\"},{\"@type\":\"ListItem\",\"position\":3,\"name\":\"Meble medyczne\",\"item\":\"https:\\\/\\\/innow.pl\\\/produkty\\\/meble-medyczne\\\/\"},{\"@type\":\"ListItem\",\"position\":4,\"name\":\"Sto\u0142y zabiegowe\",\"item\":\"https:\\\/\\\/innow.pl\\\/produkty\\\/meble-medyczne\\\/stoly-zabiegowe\\\/\"},{\"@type\":\"ListItem\",\"position\":5,\"name\":\"Osprz\u0119t do sto\u0142\u00f3w zabiegowych\",\"item\":\"https:\\\/\\\/innow.pl\\\/produkty\\\/meble-medyczne\\\/stoly-zabiegowe\\\/osprzet-do-stolow-zabiegowych\\\/\"},{\"@type\":\"ListItem\",\"position\":6,\"name\":\"Urz\u0105dzenia pomocnicze\",\"item\":\"https:\\\/\\\/innow.pl\\\/produkty\\\/meble-medyczne\\\/stoly-zabiegowe\\\/osprzet-do-stolow-zabiegowych\\\/urzadzenia-pomocnicze-osprzet-do-stolow-zabiegowych\\\/\"},{\"@type\":\"ListItem\",\"position\":7,\"name\":\"FINN015 &#8211; Ramka ekranu anestezjologicznego mocowana do listwy bocznej\"}]},{\"@type\":\"WebSite\",\"@id\":\"https:\\\/\\\/innow.pl\\\/#website\",\"url\":\"https:\\\/\\\/innow.pl\\\/\",\"name\":\"INNOW\",\"description\":\"\",\"potentialAction\":[{\"@type\":\"SearchAction\",\"target\":{\"@type\":\"EntryPoint\",\"urlTemplate\":\"https:\\\/\\\/innow.pl\\\/?s={search_term_string}\"},\"query-input\":{\"@type\":\"PropertyValueSpecification\",\"valueRequired\":true,\"valueName\":\"search_term_string\"}}],\"inLanguage\":\"en-US\"}]}<\/script>\n<!-- \/ Yoast SEO plugin. -->","yoast_head_json":{"title":"FINN015 - Ramka ekranu anestezjologicznego mocowana do listwy bocznej - INNOW","description":"Estetyczna i trwa\u0142a ramka ekranu anestezjologicznego mocowana do listwy bocznej sto\u0142\u00f3w zabiegowych, w komplecie z zaciskiem. Zobacz!","robots":{"index":"index","follow":"follow","max-snippet":"max-snippet:-1","max-image-preview":"max-image-preview:large","max-video-preview":"max-video-preview:-1"},"canonical":"https:\/\/innow.pl\/produkt\/finn015-ramka-ekranu-anestezjologicznego-mocowana-do-listwy-bocznej\/","og_locale":"en_US","og_type":"article","og_title":"FINN015 - Ramka ekranu anestezjologicznego mocowana do listwy bocznej - INNOW","og_description":"Estetyczna i trwa\u0142a ramka ekranu anestezjologicznego mocowana do listwy bocznej sto\u0142\u00f3w zabiegowych, w komplecie z zaciskiem. Zobacz!","og_url":"https:\/\/innow.pl\/produkt\/finn015-ramka-ekranu-anestezjologicznego-mocowana-do-listwy-bocznej\/","og_site_name":"INNOW","article_modified_time":"2025-03-26T11:57:35+00:00","og_image":[{"width":579,"height":480,"url":"https:\/\/innow.pl\/wp-content\/uploads\/2024\/11\/FINN015.jpg","type":"image\/jpeg"}],"twitter_card":"summary_large_image","twitter_misc":{"Est. reading time":"1 minute"},"schema":{"@context":"https:\/\/schema.org","@graph":[{"@type":"WebPage","@id":"https:\/\/innow.pl\/produkt\/finn015-ramka-ekranu-anestezjologicznego-mocowana-do-listwy-bocznej\/","url":"https:\/\/innow.pl\/produkt\/finn015-ramka-ekranu-anestezjologicznego-mocowana-do-listwy-bocznej\/","name":"FINN015 - Ramka ekranu anestezjologicznego mocowana do listwy bocznej - INNOW","isPartOf":{"@id":"https:\/\/innow.pl\/#website"},"primaryImageOfPage":{"@id":"https:\/\/innow.pl\/produkt\/finn015-ramka-ekranu-anestezjologicznego-mocowana-do-listwy-bocznej\/#primaryimage"},"image":{"@id":"https:\/\/innow.pl\/produkt\/finn015-ramka-ekranu-anestezjologicznego-mocowana-do-listwy-bocznej\/#primaryimage"},"thumbnailUrl":"https:\/\/innow.pl\/wp-content\/uploads\/2024\/11\/FINN015.jpg","datePublished":"2017-06-06T05:41:26+00:00","dateModified":"2025-03-26T11:57:35+00:00","description":"Estetyczna i trwa\u0142a ramka ekranu anestezjologicznego mocowana do listwy bocznej sto\u0142\u00f3w zabiegowych, w komplecie z zaciskiem. Zobacz!","breadcrumb":{"@id":"https:\/\/innow.pl\/produkt\/finn015-ramka-ekranu-anestezjologicznego-mocowana-do-listwy-bocznej\/#breadcrumb"},"inLanguage":"en-US","potentialAction":[{"@type":"ReadAction","target":["https:\/\/innow.pl\/produkt\/finn015-ramka-ekranu-anestezjologicznego-mocowana-do-listwy-bocznej\/"]}]},{"@type":"ImageObject","inLanguage":"en-US","@id":"https:\/\/innow.pl\/produkt\/finn015-ramka-ekranu-anestezjologicznego-mocowana-do-listwy-bocznej\/#primaryimage","url":"https:\/\/innow.pl\/wp-content\/uploads\/2024\/11\/FINN015.jpg","contentUrl":"https:\/\/innow.pl\/wp-content\/uploads\/2024\/11\/FINN015.jpg","width":579,"height":480,"caption":"Ramka ekranu anestezjologicznego mocowana do listwy bocznej \u2013 FINN015 \u2013 INNOW"},{"@type":"BreadcrumbList","@id":"https:\/\/innow.pl\/produkt\/finn015-ramka-ekranu-anestezjologicznego-mocowana-do-listwy-bocznej\/#breadcrumb","itemListElement":[{"@type":"ListItem","position":1,"name":"INNOW","item":"https:\/\/innow.pl\/en\/"},{"@type":"ListItem","position":2,"name":"Produkty","item":"https:\/\/innow.pl\/produkty\/"},{"@type":"ListItem","position":3,"name":"Meble medyczne","item":"https:\/\/innow.pl\/produkty\/meble-medyczne\/"},{"@type":"ListItem","position":4,"name":"Sto\u0142y zabiegowe","item":"https:\/\/innow.pl\/produkty\/meble-medyczne\/stoly-zabiegowe\/"},{"@type":"ListItem","position":5,"name":"Osprz\u0119t do sto\u0142\u00f3w zabiegowych","item":"https:\/\/innow.pl\/produkty\/meble-medyczne\/stoly-zabiegowe\/osprzet-do-stolow-zabiegowych\/"},{"@type":"ListItem","position":6,"name":"Urz\u0105dzenia pomocnicze","item":"https:\/\/innow.pl\/produkty\/meble-medyczne\/stoly-zabiegowe\/osprzet-do-stolow-zabiegowych\/urzadzenia-pomocnicze-osprzet-do-stolow-zabiegowych\/"},{"@type":"ListItem","position":7,"name":"FINN015 &#8211; Ramka ekranu anestezjologicznego mocowana do listwy bocznej"}]},{"@type":"WebSite","@id":"https:\/\/innow.pl\/#website","url":"https:\/\/innow.pl\/","name":"INNOW","description":"","potentialAction":[{"@type":"SearchAction","target":{"@type":"EntryPoint","urlTemplate":"https:\/\/innow.pl\/?s={search_term_string}"},"query-input":{"@type":"PropertyValueSpecification","valueRequired":true,"valueName":"search_term_string"}}],"inLanguage":"en-US"}]}},"_links":{"self":[{"href":"https:\/\/innow.pl\/en\/wp-json\/wp\/v2\/product\/24155","targetHints":{"allow":["GET"]}}],"collection":[{"href":"https:\/\/innow.pl\/en\/wp-json\/wp\/v2\/product"}],"about":[{"href":"https:\/\/innow.pl\/en\/wp-json\/wp\/v2\/types\/product"}],"replies":[{"embeddable":true,"href":"https:\/\/innow.pl\/en\/wp-json\/wp\/v2\/comments?post=24155"}],"wp:featuredmedia":[{"embeddable":true,"href":"https:\/\/innow.pl\/en\/wp-json\/wp\/v2\/media\/24157"}],"wp:attachment":[{"href":"https:\/\/innow.pl\/en\/wp-json\/wp\/v2\/media?parent=24155"}],"wp:term":[{"taxonomy":"product_brand","embeddable":true,"href":"https:\/\/innow.pl\/en\/wp-json\/wp\/v2\/product_brand?post=24155"},{"taxonomy":"product_cat","embeddable":true,"href":"https:\/\/innow.pl\/en\/wp-json\/wp\/v2\/product_cat?post=24155"},{"taxonomy":"product_tag","embeddable":true,"href":"https:\/\/innow.pl\/en\/wp-json\/wp\/v2\/product_tag?post=24155"}],"curies":[{"name":"wp","href":"https:\/\/api.w.org\/{rel}","templated":true}]}}