{"id":23977,"date":"2018-04-05T13:48:03","date_gmt":"2018-04-05T11:48:03","guid":{"rendered":"https:\/\/innow.pl\/produkt\/fz-02-finn-stol-zabiegowy\/"},"modified":"2025-11-04T14:32:16","modified_gmt":"2025-11-04T13:32:16","slug":"fz-02-finn-stol-zabiegowy","status":"publish","type":"product","link":"https:\/\/innow.pl\/en\/produkt\/fz-02-finn-stol-zabiegowy\/","title":{"rendered":"FZ-02 FINN &#8211; St\u00f3\u0142 zabiegowy, elektryczny"},"content":{"rendered":"<p>St\u00f3\u0142 zabiegowy FZ-02 FINN u\u017cywany jest podczas bada\u0144 i procedur medycznych. Uniwersalno\u015b\u0107 tego sto\u0142u pozwala na jego szerokie stosowanie m.in. w zakresie ginekologii, urologii i chirurgii. Le\u017ce sk\u0142adaj\u0105ce si\u0119 z kilku segment\u00f3w, pokryte tapicerk\u0105 sk\u00f3ropodobn\u0105 przeznaczon\u0105 do zastosowa\u0144 medycznych. Ustawienie wysoko\u015bci za pomoc\u0105 si\u0142ownika elektrycznego do wyboru: pilotem r\u0119cznym, no\u017cnym lub mo\u017cliwy jest r\u00f3wnie\u017c monta\u017c obu pilot\u00f3w (w cenie do\u0142\u0105czony jest wymagany wy\u0142\u0105cznik bezpiecze\u0144stwa). St\u00f3\u0142 zabiegowy w wersji podstawowej posiada os\u0142on\u0119 sekcji odnoszenia oraz blach\u0119 maskuj\u0105c\u0105, widoczne na zdj\u0119ciu 1.<\/p>\n<p>Pozycja Trendelenburga i anty-Trendelenburga dost\u0119pna jest w modelu <span style=\"color: #24c2e3\"><a style=\"color: #24c2e3\" href=\"https:\/\/innow.pl\/produkt\/fz02-finn-at-stol-zabiegowy\/\">FZ-02 FINN AT<\/a><\/span>.<\/p>\n<p><strong>Wyposa\u017cenie podstawowe sto\u0142u zabiegowego:<\/strong><\/p>\n<ul>\n<li>standardowa tapicerka,<\/li>\n<li>le\u017cysko 4-segmentowe (plecy, siedzenie, cz\u0119\u015b\u0107 no\u017cna prawa\/lewa),<\/li>\n<li>pilot do regulacji: r\u0119czny (462 z\u0142 netto), no\u017cny (+520 z\u0142 netto) lub oba (do\u0142\u0105czony wy\u0142\u0105cznik bezpiecze\u0144stwa; +1218 z\u0142 netto) &#8211; w zale\u017cno\u015bci od wariantu,<\/li>\n<li>regulacja odchylenia oparcia plec\u00f3w &#8211; spr\u0119\u017cyna gazowa,<\/li>\n<li>regulacja odchylenia (g\u00f3ra\/d\u00f3\u0142) cz\u0119\u015bci no\u017cnych &#8211; spr\u0119\u017cyny gazowe,<\/li>\n<li>regulacja odchylania (na zewn\u0105trz\/do wewn\u0105trz) cz\u0119\u015bci no\u017cnych &#8211; mechanizm blokuj\u0105cy,<\/li>\n<li>maskownica (obudowa) ramy dolnej,<\/li>\n<li>listwy boczne do mocowania wyposa\u017cenia opcjonalnego (na segmencie oparcia plec\u00f3w, siedziska oraz cz\u0119\u015bci no\u017cnej),<\/li>\n<li>2 ko\u0142a\/rolki do przesuwania sto\u0142u,<\/li>\n<li><strong>os\u0142ona sekcji podnoszenia z blach\u0105 maskuj\u0105c\u0105.<\/strong><\/li>\n<\/ul>\n<p><em>Na zdj\u0119ciu 6 przedstawiony jest st\u00f3\u0142 zabiegowy FZ-02 FINN z wyposa\u017ceniem opcjonalnym: <a style=\"color: #24c2e3\" href=\"https:\/\/innow.pl\/produkt\/oslona-sekcji-podnoszenia\/\">os\u0142ona sekcji podnoszenia<\/a>, <a style=\"color: #24c2e3\" href=\"https:\/\/innow.pl\/produkt\/poduszka-wielopozycyjna\/\">podg\u0142\u00f3wek wielopozycyjny<\/a>, <a style=\"color: #24c2e3\" href=\"https:\/\/innow.pl\/produkt\/tapicerka-bezszwowa\/\">tapicerka bezszwowa<\/a>.<\/em> <strong>W przypadku wyboru podparcia poliuretanowego wielopozycyjnego pod r\u0119k\u0119 lub pod udo konieczne jest zakupienie <a style=\"color: #3399ff\" href=\"https:\/\/innow.pl\/kategoria-produktu\/stoly-zabiegowe\/osprzet-do-stolow-zabiegowych\/zaciski-do-stabilizacji-na-listwe-boczna\/\">ZACISK\u00d3W.<\/a><\/strong> Bior\u0105c pod uwag\u0119 na specyfik\u0119 wyrobu, po z\u0142o\u017ceniu zam\u00f3wienia, producent prosi o kontakt w sprawie uzgodnienia szczeg\u00f3\u0142\u00f3w. Stopie\u0144 skomplikowania sto\u0142u implikuje potrzeb\u0119 doprecyzowania poszczeg\u00f3lnych atrybut\u00f3w. Po podsumowaniu i doprecyzowaniu wszystkich cech sto\u0142u (w tym jego przeznaczenia) zostanie ustalona ostateczna oferta. \u00a0<\/p>\n<p style=\"text-align: left\"><a>Informacje o w\u0142a\u015bciwo\u015bciach dost\u0119pnych<strong> materia\u0142\u00f3w obiciowych<\/strong> dost\u0119pne po klikni\u0119ciu w zdj\u0119cie:<\/a><\/p>\n<p style=\"text-align: left\"><a href=\"https:\/\/innow.pl\/publikacje\/KatalogPDF\/Pokrycia-obiciowe-tapicerki.pdf\" target=\"_blank\" rel=\"noopener\"><img decoding=\"async\" src=\"https:\/\/innow.pl\/wp-content\/uploads\/2024\/11\/Tapicerki.jpg\" \/><\/a><\/p>\n<p style=\"text-align: left\">Osprz\u0119t do sto\u0142\u00f3w mo\u017cna dobra\u0107 w dziale: <span style=\"color: #24c2e3\"><a style=\"color: #24c2e3;font-size: 24px\" href=\"http:\/\/innow.pl\/kategoria-produktu\/stoly-zabiegowe\/osprzet-do-stolow-zabiegowych\/\">Sto\u0142y zabiegowe &#8211; <strong>OSPRZ\u0118T<\/strong><\/a><\/span><\/p>\n","protected":false},"excerpt":{"rendered":"<p>St\u00f3\u0142 zabiegowy FZ-02 FINN u\u017cywany jest podczas bada\u0144 i procedur medycznych. Uniwersalno\u015b\u0107 tego sto\u0142u pozwala na jego szerokie stosowanie m.in. w zakresie ginekologii, urologii i chirurgii. Le\u017ce sk\u0142adaj\u0105ce si\u0119 z kilku segment\u00f3w, pokryte tapicerk\u0105 sk\u00f3ropodobn\u0105 przeznaczon\u0105 do zastosowa\u0144 medycznych. Ustawienie wysoko\u015bci za pomoc\u0105 si\u0142ownika elektrycznego do wyboru: pilotem r\u0119cznym, no\u017cnym lub mo\u017cliwy jest r\u00f3wnie\u017c monta\u017c [&hellip;]<\/p>\n","protected":false},"featured_media":75120,"comment_status":"open","ping_status":"closed","template":"","meta":{"_acf_changed":false},"product_brand":[],"product_cat":[440,479,493],"product_tag":[],"class_list":{"0":"post-23977","1":"product","2":"type-product","3":"status-publish","4":"has-post-thumbnail","6":"product_cat-meble-medyczne","7":"product_cat-stoly-zabiegowe","8":"product_cat-stoly-zabiegowe-rozbudowane","9":"pa_dlugosc-1975-cm","10":"pa_piloty-do-regulacji-pilot-nozny-520-zl-netto","11":"pa_piloty-do-regulacji-pilot-reczny-462-zl-netto","12":"pa_piloty-do-regulacji-pilot-reczny-nozny-dolaczony-jest-wylacznik-bezpieczenstwa-1218-zl-netto","13":"pa_szerokosc-55-cm","14":"pa_wysokosc-605-875-cm","16":"first","17":"instock","18":"taxable","19":"shipping-taxable","20":"purchasable","21":"product-type-variable"},"acf":[],"yoast_head":"<!-- This site is optimized with the Yoast SEO plugin v27.4 - https:\/\/yoast.com\/product\/yoast-seo-wordpress\/ -->\n<title>FZ-02 FINN - St\u00f3\u0142 zabiegowy, elektryczny - INNOW<\/title>\n<meta name=\"description\" content=\"St\u00f3\u0142 zabiegowy o uniwersalnym zastosowaniu - sk\u00f3ropodobna tapicerka (wybierz sw\u00f3j kolor!) wygodna regulacja pilotem r\u0119cznym. Sprawd\u017a szczeg\u00f3\u0142y!\" \/>\n<meta name=\"robots\" content=\"index, follow, max-snippet:-1, max-image-preview:large, max-video-preview:-1\" \/>\n<link rel=\"canonical\" href=\"https:\/\/innow.pl\/produkt\/fz-02-finn-stol-zabiegowy\/\" \/>\n<meta property=\"og:locale\" content=\"en_US\" \/>\n<meta property=\"og:type\" content=\"article\" \/>\n<meta property=\"og:title\" content=\"FZ-02 FINN - St\u00f3\u0142 zabiegowy, elektryczny - INNOW\" \/>\n<meta property=\"og:description\" content=\"St\u00f3\u0142 zabiegowy o uniwersalnym zastosowaniu - sk\u00f3ropodobna tapicerka (wybierz sw\u00f3j kolor!) wygodna regulacja pilotem r\u0119cznym. Sprawd\u017a szczeg\u00f3\u0142y!\" \/>\n<meta property=\"og:url\" content=\"https:\/\/innow.pl\/produkt\/fz-02-finn-stol-zabiegowy\/\" \/>\n<meta property=\"og:site_name\" content=\"INNOW\" \/>\n<meta property=\"article:modified_time\" content=\"2025-11-04T13:32:16+00:00\" \/>\n<meta property=\"og:image\" content=\"https:\/\/innow.pl\/wp-content\/uploads\/2018\/04\/FZ-02_FINN_2025.jpg\" \/>\n\t<meta property=\"og:image:width\" content=\"1000\" \/>\n\t<meta property=\"og:image:height\" content=\"1000\" \/>\n\t<meta property=\"og:image:type\" content=\"image\/jpeg\" \/>\n<meta name=\"twitter:card\" content=\"summary_large_image\" \/>\n<meta name=\"twitter:label1\" content=\"Est. reading time\" \/>\n\t<meta name=\"twitter:data1\" content=\"3 minutes\" \/>\n<script type=\"application\/ld+json\" class=\"yoast-schema-graph\">{\"@context\":\"https:\\\/\\\/schema.org\",\"@graph\":[{\"@type\":\"WebPage\",\"@id\":\"https:\\\/\\\/innow.pl\\\/produkt\\\/fz-02-finn-stol-zabiegowy\\\/\",\"url\":\"https:\\\/\\\/innow.pl\\\/produkt\\\/fz-02-finn-stol-zabiegowy\\\/\",\"name\":\"FZ-02 FINN - St\u00f3\u0142 zabiegowy, elektryczny - INNOW\",\"isPartOf\":{\"@id\":\"https:\\\/\\\/innow.pl\\\/#website\"},\"primaryImageOfPage\":{\"@id\":\"https:\\\/\\\/innow.pl\\\/produkt\\\/fz-02-finn-stol-zabiegowy\\\/#primaryimage\"},\"image\":{\"@id\":\"https:\\\/\\\/innow.pl\\\/produkt\\\/fz-02-finn-stol-zabiegowy\\\/#primaryimage\"},\"thumbnailUrl\":\"https:\\\/\\\/innow.pl\\\/wp-content\\\/uploads\\\/2018\\\/04\\\/FZ-02_FINN_2025.jpg\",\"datePublished\":\"2018-04-05T11:48:03+00:00\",\"dateModified\":\"2025-11-04T13:32:16+00:00\",\"description\":\"St\u00f3\u0142 zabiegowy o uniwersalnym zastosowaniu - sk\u00f3ropodobna tapicerka (wybierz sw\u00f3j kolor!) wygodna regulacja pilotem r\u0119cznym. Sprawd\u017a szczeg\u00f3\u0142y!\",\"breadcrumb\":{\"@id\":\"https:\\\/\\\/innow.pl\\\/produkt\\\/fz-02-finn-stol-zabiegowy\\\/#breadcrumb\"},\"inLanguage\":\"en-US\",\"potentialAction\":[{\"@type\":\"ReadAction\",\"target\":[\"https:\\\/\\\/innow.pl\\\/produkt\\\/fz-02-finn-stol-zabiegowy\\\/\"]}]},{\"@type\":\"ImageObject\",\"inLanguage\":\"en-US\",\"@id\":\"https:\\\/\\\/innow.pl\\\/produkt\\\/fz-02-finn-stol-zabiegowy\\\/#primaryimage\",\"url\":\"https:\\\/\\\/innow.pl\\\/wp-content\\\/uploads\\\/2018\\\/04\\\/FZ-02_FINN_2025.jpg\",\"contentUrl\":\"https:\\\/\\\/innow.pl\\\/wp-content\\\/uploads\\\/2018\\\/04\\\/FZ-02_FINN_2025.jpg\",\"width\":1000,\"height\":1000},{\"@type\":\"BreadcrumbList\",\"@id\":\"https:\\\/\\\/innow.pl\\\/produkt\\\/fz-02-finn-stol-zabiegowy\\\/#breadcrumb\",\"itemListElement\":[{\"@type\":\"ListItem\",\"position\":1,\"name\":\"INNOW\",\"item\":\"https:\\\/\\\/innow.pl\\\/en\\\/\"},{\"@type\":\"ListItem\",\"position\":2,\"name\":\"Produkty\",\"item\":\"https:\\\/\\\/innow.pl\\\/produkty\\\/\"},{\"@type\":\"ListItem\",\"position\":3,\"name\":\"Meble medyczne\",\"item\":\"https:\\\/\\\/innow.pl\\\/produkty\\\/meble-medyczne\\\/\"},{\"@type\":\"ListItem\",\"position\":4,\"name\":\"Sto\u0142y zabiegowe\",\"item\":\"https:\\\/\\\/innow.pl\\\/produkty\\\/meble-medyczne\\\/stoly-zabiegowe\\\/\"},{\"@type\":\"ListItem\",\"position\":5,\"name\":\"Sto\u0142y zabiegowe rozbudowane\",\"item\":\"https:\\\/\\\/innow.pl\\\/produkty\\\/meble-medyczne\\\/stoly-zabiegowe\\\/stoly-zabiegowe-rozbudowane\\\/\"},{\"@type\":\"ListItem\",\"position\":6,\"name\":\"FZ-02 FINN &#8211; St\u00f3\u0142 zabiegowy, elektryczny\"}]},{\"@type\":\"WebSite\",\"@id\":\"https:\\\/\\\/innow.pl\\\/#website\",\"url\":\"https:\\\/\\\/innow.pl\\\/\",\"name\":\"INNOW\",\"description\":\"\",\"potentialAction\":[{\"@type\":\"SearchAction\",\"target\":{\"@type\":\"EntryPoint\",\"urlTemplate\":\"https:\\\/\\\/innow.pl\\\/?s={search_term_string}\"},\"query-input\":{\"@type\":\"PropertyValueSpecification\",\"valueRequired\":true,\"valueName\":\"search_term_string\"}}],\"inLanguage\":\"en-US\"}]}<\/script>\n<!-- \/ Yoast SEO plugin. -->","yoast_head_json":{"title":"FZ-02 FINN - St\u00f3\u0142 zabiegowy, elektryczny - INNOW","description":"St\u00f3\u0142 zabiegowy o uniwersalnym zastosowaniu - sk\u00f3ropodobna tapicerka (wybierz sw\u00f3j kolor!) wygodna regulacja pilotem r\u0119cznym. Sprawd\u017a szczeg\u00f3\u0142y!","robots":{"index":"index","follow":"follow","max-snippet":"max-snippet:-1","max-image-preview":"max-image-preview:large","max-video-preview":"max-video-preview:-1"},"canonical":"https:\/\/innow.pl\/produkt\/fz-02-finn-stol-zabiegowy\/","og_locale":"en_US","og_type":"article","og_title":"FZ-02 FINN - St\u00f3\u0142 zabiegowy, elektryczny - INNOW","og_description":"St\u00f3\u0142 zabiegowy o uniwersalnym zastosowaniu - sk\u00f3ropodobna tapicerka (wybierz sw\u00f3j kolor!) wygodna regulacja pilotem r\u0119cznym. Sprawd\u017a szczeg\u00f3\u0142y!","og_url":"https:\/\/innow.pl\/produkt\/fz-02-finn-stol-zabiegowy\/","og_site_name":"INNOW","article_modified_time":"2025-11-04T13:32:16+00:00","og_image":[{"width":1000,"height":1000,"url":"https:\/\/innow.pl\/wp-content\/uploads\/2018\/04\/FZ-02_FINN_2025.jpg","type":"image\/jpeg"}],"twitter_card":"summary_large_image","twitter_misc":{"Est. reading time":"3 minutes"},"schema":{"@context":"https:\/\/schema.org","@graph":[{"@type":"WebPage","@id":"https:\/\/innow.pl\/produkt\/fz-02-finn-stol-zabiegowy\/","url":"https:\/\/innow.pl\/produkt\/fz-02-finn-stol-zabiegowy\/","name":"FZ-02 FINN - St\u00f3\u0142 zabiegowy, elektryczny - INNOW","isPartOf":{"@id":"https:\/\/innow.pl\/#website"},"primaryImageOfPage":{"@id":"https:\/\/innow.pl\/produkt\/fz-02-finn-stol-zabiegowy\/#primaryimage"},"image":{"@id":"https:\/\/innow.pl\/produkt\/fz-02-finn-stol-zabiegowy\/#primaryimage"},"thumbnailUrl":"https:\/\/innow.pl\/wp-content\/uploads\/2018\/04\/FZ-02_FINN_2025.jpg","datePublished":"2018-04-05T11:48:03+00:00","dateModified":"2025-11-04T13:32:16+00:00","description":"St\u00f3\u0142 zabiegowy o uniwersalnym zastosowaniu - sk\u00f3ropodobna tapicerka (wybierz sw\u00f3j kolor!) wygodna regulacja pilotem r\u0119cznym. Sprawd\u017a szczeg\u00f3\u0142y!","breadcrumb":{"@id":"https:\/\/innow.pl\/produkt\/fz-02-finn-stol-zabiegowy\/#breadcrumb"},"inLanguage":"en-US","potentialAction":[{"@type":"ReadAction","target":["https:\/\/innow.pl\/produkt\/fz-02-finn-stol-zabiegowy\/"]}]},{"@type":"ImageObject","inLanguage":"en-US","@id":"https:\/\/innow.pl\/produkt\/fz-02-finn-stol-zabiegowy\/#primaryimage","url":"https:\/\/innow.pl\/wp-content\/uploads\/2018\/04\/FZ-02_FINN_2025.jpg","contentUrl":"https:\/\/innow.pl\/wp-content\/uploads\/2018\/04\/FZ-02_FINN_2025.jpg","width":1000,"height":1000},{"@type":"BreadcrumbList","@id":"https:\/\/innow.pl\/produkt\/fz-02-finn-stol-zabiegowy\/#breadcrumb","itemListElement":[{"@type":"ListItem","position":1,"name":"INNOW","item":"https:\/\/innow.pl\/en\/"},{"@type":"ListItem","position":2,"name":"Produkty","item":"https:\/\/innow.pl\/produkty\/"},{"@type":"ListItem","position":3,"name":"Meble medyczne","item":"https:\/\/innow.pl\/produkty\/meble-medyczne\/"},{"@type":"ListItem","position":4,"name":"Sto\u0142y zabiegowe","item":"https:\/\/innow.pl\/produkty\/meble-medyczne\/stoly-zabiegowe\/"},{"@type":"ListItem","position":5,"name":"Sto\u0142y zabiegowe rozbudowane","item":"https:\/\/innow.pl\/produkty\/meble-medyczne\/stoly-zabiegowe\/stoly-zabiegowe-rozbudowane\/"},{"@type":"ListItem","position":6,"name":"FZ-02 FINN &#8211; St\u00f3\u0142 zabiegowy, elektryczny"}]},{"@type":"WebSite","@id":"https:\/\/innow.pl\/#website","url":"https:\/\/innow.pl\/","name":"INNOW","description":"","potentialAction":[{"@type":"SearchAction","target":{"@type":"EntryPoint","urlTemplate":"https:\/\/innow.pl\/?s={search_term_string}"},"query-input":{"@type":"PropertyValueSpecification","valueRequired":true,"valueName":"search_term_string"}}],"inLanguage":"en-US"}]}},"_links":{"self":[{"href":"https:\/\/innow.pl\/en\/wp-json\/wp\/v2\/product\/23977","targetHints":{"allow":["GET"]}}],"collection":[{"href":"https:\/\/innow.pl\/en\/wp-json\/wp\/v2\/product"}],"about":[{"href":"https:\/\/innow.pl\/en\/wp-json\/wp\/v2\/types\/product"}],"replies":[{"embeddable":true,"href":"https:\/\/innow.pl\/en\/wp-json\/wp\/v2\/comments?post=23977"}],"wp:featuredmedia":[{"embeddable":true,"href":"https:\/\/innow.pl\/en\/wp-json\/wp\/v2\/media\/75120"}],"wp:attachment":[{"href":"https:\/\/innow.pl\/en\/wp-json\/wp\/v2\/media?parent=23977"}],"wp:term":[{"taxonomy":"product_brand","embeddable":true,"href":"https:\/\/innow.pl\/en\/wp-json\/wp\/v2\/product_brand?post=23977"},{"taxonomy":"product_cat","embeddable":true,"href":"https:\/\/innow.pl\/en\/wp-json\/wp\/v2\/product_cat?post=23977"},{"taxonomy":"product_tag","embeddable":true,"href":"https:\/\/innow.pl\/en\/wp-json\/wp\/v2\/product_tag?post=23977"}],"curies":[{"name":"wp","href":"https:\/\/api.w.org\/{rel}","templated":true}]}}