{"id":23778,"date":"2017-06-02T07:45:04","date_gmt":"2017-06-02T05:45:04","guid":{"rendered":"https:\/\/innow.pl\/produkt\/sz100-stolik-zabiegowy-ze-stali-nierdzewnej-inox\/"},"modified":"2025-03-26T14:04:49","modified_gmt":"2025-03-26T13:04:49","slug":"sz100-stolik-zabiegowy-ze-stali-nierdzewnej-inox","status":"publish","type":"product","link":"https:\/\/innow.pl\/en\/produkt\/sz100-stolik-zabiegowy-ze-stali-nierdzewnej-inox\/","title":{"rendered":"SZ100 &#8211; Stolik zabiegowy ze stali nierdzewnej INOX"},"content":{"rendered":"<p>Stolik ten przeznaczony jest do umieszczania na nim i transportu na ma\u0142e odleg\u0142o\u015bci instrument\u00f3w oraz aparatury medycznej. Sk\u0142ada si\u0119 z ramy oraz 2 p\u00f3\u0142ek ze stali nierdzewnej. Mobilno\u015b\u0107 wyrobu zapewniona jest dzi\u0119ki czterem ko\u0142om jezdnym, w tym dw\u00f3m z hamulcem.<\/p>\n","protected":false},"excerpt":{"rendered":"<p>Stolik ten przeznaczony jest do umieszczania na nim i transportu na ma\u0142e odleg\u0142o\u015bci instrument\u00f3w oraz aparatury medycznej. Sk\u0142ada si\u0119 z ramy oraz 2 p\u00f3\u0142ek ze stali nierdzewnej. Mobilno\u015b\u0107 wyrobu zapewniona jest dzi\u0119ki czterem ko\u0142om jezdnym, w tym dw\u00f3m z hamulcem.<\/p>\n","protected":false},"featured_media":23780,"comment_status":"open","ping_status":"closed","template":"","meta":{"_acf_changed":false},"product_brand":[],"product_cat":[396,412],"product_tag":[],"class_list":{"0":"post-23778","1":"product","2":"type-product","3":"status-publish","4":"has-post-thumbnail","6":"product_cat-stoliki-i-wozki-medyczne","7":"product_cat-stoliki-zabiegowe-i-oddzialowe","8":"pa_dlugosc-80-cm","9":"pa_szerokosc-47-cm","10":"pa_wysokosc-90-cm","12":"first","13":"instock","14":"taxable","15":"shipping-taxable","16":"purchasable","17":"product-type-simple"},"acf":[],"yoast_head":"<!-- This site is optimized with the Yoast SEO plugin v27.4 - https:\/\/yoast.com\/product\/yoast-seo-wordpress\/ -->\n<title>SZ100 - Stolik zabiegowy ze stali nierdzewnej INOX - INNOW<\/title>\n<meta name=\"description\" content=\"Por\u0119czny i praktyczny stolik zabiegowy ze stali nierdzewnej INOX z dwiema p\u00f3\u0142kami. Przeznaczony dla o\u015brodk\u00f3w zdrowia, szpitali, klinik. Zobacz!\" \/>\n<meta name=\"robots\" content=\"index, follow, max-snippet:-1, max-image-preview:large, max-video-preview:-1\" \/>\n<link rel=\"canonical\" href=\"https:\/\/innow.pl\/produkt\/sz100-stolik-zabiegowy-ze-stali-nierdzewnej-inox\/\" \/>\n<meta property=\"og:locale\" content=\"en_US\" \/>\n<meta property=\"og:type\" content=\"article\" \/>\n<meta property=\"og:title\" content=\"SZ100 - Stolik zabiegowy ze stali nierdzewnej INOX - INNOW\" \/>\n<meta property=\"og:description\" content=\"Por\u0119czny i praktyczny stolik zabiegowy ze stali nierdzewnej INOX z dwiema p\u00f3\u0142kami. Przeznaczony dla o\u015brodk\u00f3w zdrowia, szpitali, klinik. Zobacz!\" \/>\n<meta property=\"og:url\" content=\"https:\/\/innow.pl\/produkt\/sz100-stolik-zabiegowy-ze-stali-nierdzewnej-inox\/\" \/>\n<meta property=\"og:site_name\" content=\"INNOW\" \/>\n<meta property=\"article:modified_time\" content=\"2025-03-26T13:04:49+00:00\" \/>\n<meta property=\"og:image\" content=\"https:\/\/innow.pl\/wp-content\/uploads\/2024\/11\/SZ100_.jpg\" \/>\n\t<meta property=\"og:image:width\" content=\"800\" \/>\n\t<meta property=\"og:image:height\" content=\"800\" \/>\n\t<meta property=\"og:image:type\" content=\"image\/jpeg\" \/>\n<meta name=\"twitter:card\" content=\"summary_large_image\" \/>\n<meta name=\"twitter:label1\" content=\"Est. reading time\" \/>\n\t<meta name=\"twitter:data1\" content=\"1 minute\" \/>\n<script type=\"application\/ld+json\" class=\"yoast-schema-graph\">{\"@context\":\"https:\\\/\\\/schema.org\",\"@graph\":[{\"@type\":\"WebPage\",\"@id\":\"https:\\\/\\\/innow.pl\\\/produkt\\\/sz100-stolik-zabiegowy-ze-stali-nierdzewnej-inox\\\/\",\"url\":\"https:\\\/\\\/innow.pl\\\/produkt\\\/sz100-stolik-zabiegowy-ze-stali-nierdzewnej-inox\\\/\",\"name\":\"SZ100 - Stolik zabiegowy ze stali nierdzewnej INOX - INNOW\",\"isPartOf\":{\"@id\":\"https:\\\/\\\/innow.pl\\\/#website\"},\"primaryImageOfPage\":{\"@id\":\"https:\\\/\\\/innow.pl\\\/produkt\\\/sz100-stolik-zabiegowy-ze-stali-nierdzewnej-inox\\\/#primaryimage\"},\"image\":{\"@id\":\"https:\\\/\\\/innow.pl\\\/produkt\\\/sz100-stolik-zabiegowy-ze-stali-nierdzewnej-inox\\\/#primaryimage\"},\"thumbnailUrl\":\"https:\\\/\\\/innow.pl\\\/wp-content\\\/uploads\\\/2024\\\/11\\\/SZ100_.jpg\",\"datePublished\":\"2017-06-02T05:45:04+00:00\",\"dateModified\":\"2025-03-26T13:04:49+00:00\",\"description\":\"Por\u0119czny i praktyczny stolik zabiegowy ze stali nierdzewnej INOX z dwiema p\u00f3\u0142kami. Przeznaczony dla o\u015brodk\u00f3w zdrowia, szpitali, klinik. Zobacz!\",\"breadcrumb\":{\"@id\":\"https:\\\/\\\/innow.pl\\\/produkt\\\/sz100-stolik-zabiegowy-ze-stali-nierdzewnej-inox\\\/#breadcrumb\"},\"inLanguage\":\"en-US\",\"potentialAction\":[{\"@type\":\"ReadAction\",\"target\":[\"https:\\\/\\\/innow.pl\\\/produkt\\\/sz100-stolik-zabiegowy-ze-stali-nierdzewnej-inox\\\/\"]}]},{\"@type\":\"ImageObject\",\"inLanguage\":\"en-US\",\"@id\":\"https:\\\/\\\/innow.pl\\\/produkt\\\/sz100-stolik-zabiegowy-ze-stali-nierdzewnej-inox\\\/#primaryimage\",\"url\":\"https:\\\/\\\/innow.pl\\\/wp-content\\\/uploads\\\/2024\\\/11\\\/SZ100_.jpg\",\"contentUrl\":\"https:\\\/\\\/innow.pl\\\/wp-content\\\/uploads\\\/2024\\\/11\\\/SZ100_.jpg\",\"width\":800,\"height\":800,\"caption\":\"Stolik zabiegowy ze stali nierdzewnej INOX - SZ100 - INNOW\"},{\"@type\":\"BreadcrumbList\",\"@id\":\"https:\\\/\\\/innow.pl\\\/produkt\\\/sz100-stolik-zabiegowy-ze-stali-nierdzewnej-inox\\\/#breadcrumb\",\"itemListElement\":[{\"@type\":\"ListItem\",\"position\":1,\"name\":\"INNOW\",\"item\":\"https:\\\/\\\/innow.pl\\\/en\\\/\"},{\"@type\":\"ListItem\",\"position\":2,\"name\":\"Produkty\",\"item\":\"https:\\\/\\\/innow.pl\\\/produkty\\\/\"},{\"@type\":\"ListItem\",\"position\":3,\"name\":\"Stoliki i w\u00f3zki medyczne\",\"item\":\"https:\\\/\\\/innow.pl\\\/produkty\\\/stoliki-i-wozki-medyczne\\\/\"},{\"@type\":\"ListItem\",\"position\":4,\"name\":\"Stoliki zabiegowe i oddzia\u0142owe\",\"item\":\"https:\\\/\\\/innow.pl\\\/produkty\\\/stoliki-i-wozki-medyczne\\\/stoliki-zabiegowe-i-oddzialowe\\\/\"},{\"@type\":\"ListItem\",\"position\":5,\"name\":\"SZ100 &#8211; Stolik zabiegowy ze stali nierdzewnej INOX\"}]},{\"@type\":\"WebSite\",\"@id\":\"https:\\\/\\\/innow.pl\\\/#website\",\"url\":\"https:\\\/\\\/innow.pl\\\/\",\"name\":\"INNOW\",\"description\":\"\",\"potentialAction\":[{\"@type\":\"SearchAction\",\"target\":{\"@type\":\"EntryPoint\",\"urlTemplate\":\"https:\\\/\\\/innow.pl\\\/?s={search_term_string}\"},\"query-input\":{\"@type\":\"PropertyValueSpecification\",\"valueRequired\":true,\"valueName\":\"search_term_string\"}}],\"inLanguage\":\"en-US\"}]}<\/script>\n<!-- \/ Yoast SEO plugin. -->","yoast_head_json":{"title":"SZ100 - Stolik zabiegowy ze stali nierdzewnej INOX - INNOW","description":"Por\u0119czny i praktyczny stolik zabiegowy ze stali nierdzewnej INOX z dwiema p\u00f3\u0142kami. Przeznaczony dla o\u015brodk\u00f3w zdrowia, szpitali, klinik. Zobacz!","robots":{"index":"index","follow":"follow","max-snippet":"max-snippet:-1","max-image-preview":"max-image-preview:large","max-video-preview":"max-video-preview:-1"},"canonical":"https:\/\/innow.pl\/produkt\/sz100-stolik-zabiegowy-ze-stali-nierdzewnej-inox\/","og_locale":"en_US","og_type":"article","og_title":"SZ100 - Stolik zabiegowy ze stali nierdzewnej INOX - INNOW","og_description":"Por\u0119czny i praktyczny stolik zabiegowy ze stali nierdzewnej INOX z dwiema p\u00f3\u0142kami. Przeznaczony dla o\u015brodk\u00f3w zdrowia, szpitali, klinik. Zobacz!","og_url":"https:\/\/innow.pl\/produkt\/sz100-stolik-zabiegowy-ze-stali-nierdzewnej-inox\/","og_site_name":"INNOW","article_modified_time":"2025-03-26T13:04:49+00:00","og_image":[{"width":800,"height":800,"url":"https:\/\/innow.pl\/wp-content\/uploads\/2024\/11\/SZ100_.jpg","type":"image\/jpeg"}],"twitter_card":"summary_large_image","twitter_misc":{"Est. reading time":"1 minute"},"schema":{"@context":"https:\/\/schema.org","@graph":[{"@type":"WebPage","@id":"https:\/\/innow.pl\/produkt\/sz100-stolik-zabiegowy-ze-stali-nierdzewnej-inox\/","url":"https:\/\/innow.pl\/produkt\/sz100-stolik-zabiegowy-ze-stali-nierdzewnej-inox\/","name":"SZ100 - Stolik zabiegowy ze stali nierdzewnej INOX - INNOW","isPartOf":{"@id":"https:\/\/innow.pl\/#website"},"primaryImageOfPage":{"@id":"https:\/\/innow.pl\/produkt\/sz100-stolik-zabiegowy-ze-stali-nierdzewnej-inox\/#primaryimage"},"image":{"@id":"https:\/\/innow.pl\/produkt\/sz100-stolik-zabiegowy-ze-stali-nierdzewnej-inox\/#primaryimage"},"thumbnailUrl":"https:\/\/innow.pl\/wp-content\/uploads\/2024\/11\/SZ100_.jpg","datePublished":"2017-06-02T05:45:04+00:00","dateModified":"2025-03-26T13:04:49+00:00","description":"Por\u0119czny i praktyczny stolik zabiegowy ze stali nierdzewnej INOX z dwiema p\u00f3\u0142kami. Przeznaczony dla o\u015brodk\u00f3w zdrowia, szpitali, klinik. Zobacz!","breadcrumb":{"@id":"https:\/\/innow.pl\/produkt\/sz100-stolik-zabiegowy-ze-stali-nierdzewnej-inox\/#breadcrumb"},"inLanguage":"en-US","potentialAction":[{"@type":"ReadAction","target":["https:\/\/innow.pl\/produkt\/sz100-stolik-zabiegowy-ze-stali-nierdzewnej-inox\/"]}]},{"@type":"ImageObject","inLanguage":"en-US","@id":"https:\/\/innow.pl\/produkt\/sz100-stolik-zabiegowy-ze-stali-nierdzewnej-inox\/#primaryimage","url":"https:\/\/innow.pl\/wp-content\/uploads\/2024\/11\/SZ100_.jpg","contentUrl":"https:\/\/innow.pl\/wp-content\/uploads\/2024\/11\/SZ100_.jpg","width":800,"height":800,"caption":"Stolik zabiegowy ze stali nierdzewnej INOX - SZ100 - INNOW"},{"@type":"BreadcrumbList","@id":"https:\/\/innow.pl\/produkt\/sz100-stolik-zabiegowy-ze-stali-nierdzewnej-inox\/#breadcrumb","itemListElement":[{"@type":"ListItem","position":1,"name":"INNOW","item":"https:\/\/innow.pl\/en\/"},{"@type":"ListItem","position":2,"name":"Produkty","item":"https:\/\/innow.pl\/produkty\/"},{"@type":"ListItem","position":3,"name":"Stoliki i w\u00f3zki medyczne","item":"https:\/\/innow.pl\/produkty\/stoliki-i-wozki-medyczne\/"},{"@type":"ListItem","position":4,"name":"Stoliki zabiegowe i oddzia\u0142owe","item":"https:\/\/innow.pl\/produkty\/stoliki-i-wozki-medyczne\/stoliki-zabiegowe-i-oddzialowe\/"},{"@type":"ListItem","position":5,"name":"SZ100 &#8211; Stolik zabiegowy ze stali nierdzewnej INOX"}]},{"@type":"WebSite","@id":"https:\/\/innow.pl\/#website","url":"https:\/\/innow.pl\/","name":"INNOW","description":"","potentialAction":[{"@type":"SearchAction","target":{"@type":"EntryPoint","urlTemplate":"https:\/\/innow.pl\/?s={search_term_string}"},"query-input":{"@type":"PropertyValueSpecification","valueRequired":true,"valueName":"search_term_string"}}],"inLanguage":"en-US"}]}},"_links":{"self":[{"href":"https:\/\/innow.pl\/en\/wp-json\/wp\/v2\/product\/23778","targetHints":{"allow":["GET"]}}],"collection":[{"href":"https:\/\/innow.pl\/en\/wp-json\/wp\/v2\/product"}],"about":[{"href":"https:\/\/innow.pl\/en\/wp-json\/wp\/v2\/types\/product"}],"replies":[{"embeddable":true,"href":"https:\/\/innow.pl\/en\/wp-json\/wp\/v2\/comments?post=23778"}],"wp:featuredmedia":[{"embeddable":true,"href":"https:\/\/innow.pl\/en\/wp-json\/wp\/v2\/media\/23780"}],"wp:attachment":[{"href":"https:\/\/innow.pl\/en\/wp-json\/wp\/v2\/media?parent=23778"}],"wp:term":[{"taxonomy":"product_brand","embeddable":true,"href":"https:\/\/innow.pl\/en\/wp-json\/wp\/v2\/product_brand?post=23778"},{"taxonomy":"product_cat","embeddable":true,"href":"https:\/\/innow.pl\/en\/wp-json\/wp\/v2\/product_cat?post=23778"},{"taxonomy":"product_tag","embeddable":true,"href":"https:\/\/innow.pl\/en\/wp-json\/wp\/v2\/product_tag?post=23778"}],"curies":[{"name":"wp","href":"https:\/\/api.w.org\/{rel}","templated":true}]}}