{"id":23745,"date":"2019-08-05T06:20:31","date_gmt":"2019-08-05T04:20:31","guid":{"rendered":"https:\/\/innow.pl\/produkt\/p808-parawan-medyczny-zmywalny-teleskopowy-przejezdny-rozsuwany-210-cm\/"},"modified":"2025-10-03T09:59:29","modified_gmt":"2025-10-03T07:59:29","slug":"p808-parawan-medyczny-zmywalny-teleskopowy-przejezdny-rozsuwany-210-cm","status":"publish","type":"product","link":"https:\/\/innow.pl\/en\/produkt\/p808-parawan-medyczny-zmywalny-teleskopowy-przejezdny-rozsuwany-210-cm\/","title":{"rendered":"P808 &#8211; Parawan medyczny, teleskopowy, materia\u0142 impregnowany, przejezdny, rozsuwany, 210 cm"},"content":{"rendered":"<p>Teleskopowy parawan medyczny (lekarski, szpitalny) z ekranem impregnowanym (poliester 100%) z mo\u017cliwo\u015bci\u0105 prania i czyszczenia, o konstrukcji ze stali lakierowanej proszkowo w kolorze bia\u0142ym. Jest to parawan mobilny &#8211; posiada k\u00f3\u0142ka (\u0142atwiejszy transport) oraz hamulce (stabilno\u015b\u0107, gdy stoi w miejscu). Mo\u017cliwy do zakupienia z konstrukcj\u0105 ze stali nierdzewnej: cena podstawowa netto + 50 &#8211; 80%. Przed zakupem prosimy o kontakt z biurem handlowym w celu uzgodnienia szczeg\u00f3\u0142\u00f3w.<\/p>\n<p style=\"text-align: left\">Dost\u0119pne kolory ekran\u00f3w:<\/p>\n<p style=\"text-align: center\"><img decoding=\"async\" class=\"alignleft\" style=\"max-width: 500px\" src=\"https:\/\/innow.pl\/wp-content\/uploads\/2024\/11\/Ekrany_parawanow-12.jpg\" \/><\/p>\n","protected":false},"excerpt":{"rendered":"<p>Teleskopowy parawan medyczny (lekarski, szpitalny) z ekranem impregnowanym (poliester 100%) z mo\u017cliwo\u015bci\u0105 prania i czyszczenia, o konstrukcji ze stali lakierowanej proszkowo w kolorze bia\u0142ym. Jest to parawan mobilny &#8211; posiada k\u00f3\u0142ka (\u0142atwiejszy transport) oraz hamulce (stabilno\u015b\u0107, gdy stoi w miejscu). Mo\u017cliwy do zakupienia z konstrukcj\u0105 ze stali nierdzewnej: cena podstawowa netto + 50 &#8211; 80%. [&hellip;]<\/p>\n","protected":false},"featured_media":23748,"comment_status":"open","ping_status":"closed","template":"","meta":{"_acf_changed":false},"product_brand":[],"product_cat":[440,530,533],"product_tag":[],"class_list":{"0":"post-23745","1":"product","2":"type-product","3":"status-publish","4":"has-post-thumbnail","6":"product_cat-meble-medyczne","7":"product_cat-parawany-meble-medyczne","8":"product_cat-parawany-teleskopowe-przejezdne","9":"pa_szerokosc-85-210-cm","10":"pa_wysokosc-170-cm","12":"first","13":"instock","14":"taxable","15":"shipping-taxable","16":"purchasable","17":"product-type-simple"},"acf":[],"yoast_head":"<!-- This site is optimized with the Yoast SEO plugin v27.4 - https:\/\/yoast.com\/product\/yoast-seo-wordpress\/ -->\n<title>P808 - Parawan medyczny, teleskopowy, materia\u0142 impregnowany, przejezdny, rozsuwany, 210 cm - INNOW<\/title>\n<meta name=\"description\" content=\"Mobilny parawan medyczny, zmywalny, teleskopowy, o rozsuwanym ekranie do szeroko\u015bci 210 cm. Stalowa konstrukcja. Poznaj szczeg\u00f3\u0142y!\" \/>\n<meta name=\"robots\" content=\"index, follow, max-snippet:-1, max-image-preview:large, max-video-preview:-1\" \/>\n<link rel=\"canonical\" href=\"https:\/\/innow.pl\/produkt\/p808-parawan-medyczny-zmywalny-teleskopowy-przejezdny-rozsuwany-210-cm\/\" \/>\n<meta property=\"og:locale\" content=\"en_US\" \/>\n<meta property=\"og:type\" content=\"article\" \/>\n<meta property=\"og:title\" content=\"P808 - Parawan medyczny, teleskopowy, materia\u0142 impregnowany, przejezdny, rozsuwany, 210 cm - INNOW\" \/>\n<meta property=\"og:description\" content=\"Mobilny parawan medyczny, zmywalny, teleskopowy, o rozsuwanym ekranie do szeroko\u015bci 210 cm. Stalowa konstrukcja. Poznaj szczeg\u00f3\u0142y!\" \/>\n<meta property=\"og:url\" content=\"https:\/\/innow.pl\/produkt\/p808-parawan-medyczny-zmywalny-teleskopowy-przejezdny-rozsuwany-210-cm\/\" \/>\n<meta property=\"og:site_name\" content=\"INNOW\" \/>\n<meta property=\"article:modified_time\" content=\"2025-10-03T07:59:29+00:00\" \/>\n<meta property=\"og:image\" content=\"https:\/\/innow.pl\/wp-content\/uploads\/2024\/11\/P808.jpg\" \/>\n\t<meta property=\"og:image:width\" content=\"800\" \/>\n\t<meta property=\"og:image:height\" content=\"800\" \/>\n\t<meta property=\"og:image:type\" content=\"image\/jpeg\" \/>\n<meta name=\"twitter:card\" content=\"summary_large_image\" \/>\n<meta name=\"twitter:label1\" content=\"Est. reading time\" \/>\n\t<meta name=\"twitter:data1\" content=\"1 minute\" \/>\n<script type=\"application\/ld+json\" class=\"yoast-schema-graph\">{\"@context\":\"https:\\\/\\\/schema.org\",\"@graph\":[{\"@type\":\"WebPage\",\"@id\":\"https:\\\/\\\/innow.pl\\\/produkt\\\/p808-parawan-medyczny-zmywalny-teleskopowy-przejezdny-rozsuwany-210-cm\\\/\",\"url\":\"https:\\\/\\\/innow.pl\\\/produkt\\\/p808-parawan-medyczny-zmywalny-teleskopowy-przejezdny-rozsuwany-210-cm\\\/\",\"name\":\"P808 - Parawan medyczny, teleskopowy, materia\u0142 impregnowany, przejezdny, rozsuwany, 210 cm - INNOW\",\"isPartOf\":{\"@id\":\"https:\\\/\\\/innow.pl\\\/#website\"},\"primaryImageOfPage\":{\"@id\":\"https:\\\/\\\/innow.pl\\\/produkt\\\/p808-parawan-medyczny-zmywalny-teleskopowy-przejezdny-rozsuwany-210-cm\\\/#primaryimage\"},\"image\":{\"@id\":\"https:\\\/\\\/innow.pl\\\/produkt\\\/p808-parawan-medyczny-zmywalny-teleskopowy-przejezdny-rozsuwany-210-cm\\\/#primaryimage\"},\"thumbnailUrl\":\"https:\\\/\\\/innow.pl\\\/wp-content\\\/uploads\\\/2024\\\/11\\\/P808.jpg\",\"datePublished\":\"2019-08-05T04:20:31+00:00\",\"dateModified\":\"2025-10-03T07:59:29+00:00\",\"description\":\"Mobilny parawan medyczny, zmywalny, teleskopowy, o rozsuwanym ekranie do szeroko\u015bci 210 cm. Stalowa konstrukcja. Poznaj szczeg\u00f3\u0142y!\",\"breadcrumb\":{\"@id\":\"https:\\\/\\\/innow.pl\\\/produkt\\\/p808-parawan-medyczny-zmywalny-teleskopowy-przejezdny-rozsuwany-210-cm\\\/#breadcrumb\"},\"inLanguage\":\"en-US\",\"potentialAction\":[{\"@type\":\"ReadAction\",\"target\":[\"https:\\\/\\\/innow.pl\\\/produkt\\\/p808-parawan-medyczny-zmywalny-teleskopowy-przejezdny-rozsuwany-210-cm\\\/\"]}]},{\"@type\":\"ImageObject\",\"inLanguage\":\"en-US\",\"@id\":\"https:\\\/\\\/innow.pl\\\/produkt\\\/p808-parawan-medyczny-zmywalny-teleskopowy-przejezdny-rozsuwany-210-cm\\\/#primaryimage\",\"url\":\"https:\\\/\\\/innow.pl\\\/wp-content\\\/uploads\\\/2024\\\/11\\\/P808.jpg\",\"contentUrl\":\"https:\\\/\\\/innow.pl\\\/wp-content\\\/uploads\\\/2024\\\/11\\\/P808.jpg\",\"width\":800,\"height\":800,\"caption\":\"Parawan medyczny, zmywalny, teleskopowy, przejezdny, rozsuwany, 210 cm \u2013 P808 \u2013 INNOW\"},{\"@type\":\"BreadcrumbList\",\"@id\":\"https:\\\/\\\/innow.pl\\\/produkt\\\/p808-parawan-medyczny-zmywalny-teleskopowy-przejezdny-rozsuwany-210-cm\\\/#breadcrumb\",\"itemListElement\":[{\"@type\":\"ListItem\",\"position\":1,\"name\":\"INNOW\",\"item\":\"https:\\\/\\\/innow.pl\\\/en\\\/\"},{\"@type\":\"ListItem\",\"position\":2,\"name\":\"Produkty\",\"item\":\"https:\\\/\\\/innow.pl\\\/produkty\\\/\"},{\"@type\":\"ListItem\",\"position\":3,\"name\":\"Meble medyczne\",\"item\":\"https:\\\/\\\/innow.pl\\\/produkty\\\/meble-medyczne\\\/\"},{\"@type\":\"ListItem\",\"position\":4,\"name\":\"Parawany\",\"item\":\"https:\\\/\\\/innow.pl\\\/produkty\\\/meble-medyczne\\\/parawany-meble-medyczne\\\/\"},{\"@type\":\"ListItem\",\"position\":5,\"name\":\"Parawany teleskopowe przejezdne\",\"item\":\"https:\\\/\\\/innow.pl\\\/produkty\\\/meble-medyczne\\\/parawany-meble-medyczne\\\/parawany-teleskopowe-przejezdne\\\/\"},{\"@type\":\"ListItem\",\"position\":6,\"name\":\"P808 &#8211; Parawan medyczny, teleskopowy, materia\u0142 impregnowany, przejezdny, rozsuwany, 210 cm\"}]},{\"@type\":\"WebSite\",\"@id\":\"https:\\\/\\\/innow.pl\\\/#website\",\"url\":\"https:\\\/\\\/innow.pl\\\/\",\"name\":\"INNOW\",\"description\":\"\",\"potentialAction\":[{\"@type\":\"SearchAction\",\"target\":{\"@type\":\"EntryPoint\",\"urlTemplate\":\"https:\\\/\\\/innow.pl\\\/?s={search_term_string}\"},\"query-input\":{\"@type\":\"PropertyValueSpecification\",\"valueRequired\":true,\"valueName\":\"search_term_string\"}}],\"inLanguage\":\"en-US\"}]}<\/script>\n<!-- \/ Yoast SEO plugin. -->","yoast_head_json":{"title":"P808 - Parawan medyczny, teleskopowy, materia\u0142 impregnowany, przejezdny, rozsuwany, 210 cm - INNOW","description":"Mobilny parawan medyczny, zmywalny, teleskopowy, o rozsuwanym ekranie do szeroko\u015bci 210 cm. Stalowa konstrukcja. Poznaj szczeg\u00f3\u0142y!","robots":{"index":"index","follow":"follow","max-snippet":"max-snippet:-1","max-image-preview":"max-image-preview:large","max-video-preview":"max-video-preview:-1"},"canonical":"https:\/\/innow.pl\/produkt\/p808-parawan-medyczny-zmywalny-teleskopowy-przejezdny-rozsuwany-210-cm\/","og_locale":"en_US","og_type":"article","og_title":"P808 - Parawan medyczny, teleskopowy, materia\u0142 impregnowany, przejezdny, rozsuwany, 210 cm - INNOW","og_description":"Mobilny parawan medyczny, zmywalny, teleskopowy, o rozsuwanym ekranie do szeroko\u015bci 210 cm. Stalowa konstrukcja. Poznaj szczeg\u00f3\u0142y!","og_url":"https:\/\/innow.pl\/produkt\/p808-parawan-medyczny-zmywalny-teleskopowy-przejezdny-rozsuwany-210-cm\/","og_site_name":"INNOW","article_modified_time":"2025-10-03T07:59:29+00:00","og_image":[{"width":800,"height":800,"url":"https:\/\/innow.pl\/wp-content\/uploads\/2024\/11\/P808.jpg","type":"image\/jpeg"}],"twitter_card":"summary_large_image","twitter_misc":{"Est. reading time":"1 minute"},"schema":{"@context":"https:\/\/schema.org","@graph":[{"@type":"WebPage","@id":"https:\/\/innow.pl\/produkt\/p808-parawan-medyczny-zmywalny-teleskopowy-przejezdny-rozsuwany-210-cm\/","url":"https:\/\/innow.pl\/produkt\/p808-parawan-medyczny-zmywalny-teleskopowy-przejezdny-rozsuwany-210-cm\/","name":"P808 - Parawan medyczny, teleskopowy, materia\u0142 impregnowany, przejezdny, rozsuwany, 210 cm - INNOW","isPartOf":{"@id":"https:\/\/innow.pl\/#website"},"primaryImageOfPage":{"@id":"https:\/\/innow.pl\/produkt\/p808-parawan-medyczny-zmywalny-teleskopowy-przejezdny-rozsuwany-210-cm\/#primaryimage"},"image":{"@id":"https:\/\/innow.pl\/produkt\/p808-parawan-medyczny-zmywalny-teleskopowy-przejezdny-rozsuwany-210-cm\/#primaryimage"},"thumbnailUrl":"https:\/\/innow.pl\/wp-content\/uploads\/2024\/11\/P808.jpg","datePublished":"2019-08-05T04:20:31+00:00","dateModified":"2025-10-03T07:59:29+00:00","description":"Mobilny parawan medyczny, zmywalny, teleskopowy, o rozsuwanym ekranie do szeroko\u015bci 210 cm. Stalowa konstrukcja. Poznaj szczeg\u00f3\u0142y!","breadcrumb":{"@id":"https:\/\/innow.pl\/produkt\/p808-parawan-medyczny-zmywalny-teleskopowy-przejezdny-rozsuwany-210-cm\/#breadcrumb"},"inLanguage":"en-US","potentialAction":[{"@type":"ReadAction","target":["https:\/\/innow.pl\/produkt\/p808-parawan-medyczny-zmywalny-teleskopowy-przejezdny-rozsuwany-210-cm\/"]}]},{"@type":"ImageObject","inLanguage":"en-US","@id":"https:\/\/innow.pl\/produkt\/p808-parawan-medyczny-zmywalny-teleskopowy-przejezdny-rozsuwany-210-cm\/#primaryimage","url":"https:\/\/innow.pl\/wp-content\/uploads\/2024\/11\/P808.jpg","contentUrl":"https:\/\/innow.pl\/wp-content\/uploads\/2024\/11\/P808.jpg","width":800,"height":800,"caption":"Parawan medyczny, zmywalny, teleskopowy, przejezdny, rozsuwany, 210 cm \u2013 P808 \u2013 INNOW"},{"@type":"BreadcrumbList","@id":"https:\/\/innow.pl\/produkt\/p808-parawan-medyczny-zmywalny-teleskopowy-przejezdny-rozsuwany-210-cm\/#breadcrumb","itemListElement":[{"@type":"ListItem","position":1,"name":"INNOW","item":"https:\/\/innow.pl\/en\/"},{"@type":"ListItem","position":2,"name":"Produkty","item":"https:\/\/innow.pl\/produkty\/"},{"@type":"ListItem","position":3,"name":"Meble medyczne","item":"https:\/\/innow.pl\/produkty\/meble-medyczne\/"},{"@type":"ListItem","position":4,"name":"Parawany","item":"https:\/\/innow.pl\/produkty\/meble-medyczne\/parawany-meble-medyczne\/"},{"@type":"ListItem","position":5,"name":"Parawany teleskopowe przejezdne","item":"https:\/\/innow.pl\/produkty\/meble-medyczne\/parawany-meble-medyczne\/parawany-teleskopowe-przejezdne\/"},{"@type":"ListItem","position":6,"name":"P808 &#8211; Parawan medyczny, teleskopowy, materia\u0142 impregnowany, przejezdny, rozsuwany, 210 cm"}]},{"@type":"WebSite","@id":"https:\/\/innow.pl\/#website","url":"https:\/\/innow.pl\/","name":"INNOW","description":"","potentialAction":[{"@type":"SearchAction","target":{"@type":"EntryPoint","urlTemplate":"https:\/\/innow.pl\/?s={search_term_string}"},"query-input":{"@type":"PropertyValueSpecification","valueRequired":true,"valueName":"search_term_string"}}],"inLanguage":"en-US"}]}},"_links":{"self":[{"href":"https:\/\/innow.pl\/en\/wp-json\/wp\/v2\/product\/23745","targetHints":{"allow":["GET"]}}],"collection":[{"href":"https:\/\/innow.pl\/en\/wp-json\/wp\/v2\/product"}],"about":[{"href":"https:\/\/innow.pl\/en\/wp-json\/wp\/v2\/types\/product"}],"replies":[{"embeddable":true,"href":"https:\/\/innow.pl\/en\/wp-json\/wp\/v2\/comments?post=23745"}],"wp:featuredmedia":[{"embeddable":true,"href":"https:\/\/innow.pl\/en\/wp-json\/wp\/v2\/media\/23748"}],"wp:attachment":[{"href":"https:\/\/innow.pl\/en\/wp-json\/wp\/v2\/media?parent=23745"}],"wp:term":[{"taxonomy":"product_brand","embeddable":true,"href":"https:\/\/innow.pl\/en\/wp-json\/wp\/v2\/product_brand?post=23745"},{"taxonomy":"product_cat","embeddable":true,"href":"https:\/\/innow.pl\/en\/wp-json\/wp\/v2\/product_cat?post=23745"},{"taxonomy":"product_tag","embeddable":true,"href":"https:\/\/innow.pl\/en\/wp-json\/wp\/v2\/product_tag?post=23745"}],"curies":[{"name":"wp","href":"https:\/\/api.w.org\/{rel}","templated":true}]}}