{"id":23733,"date":"2019-08-05T06:00:09","date_gmt":"2019-08-05T04:00:09","guid":{"rendered":"https:\/\/innow.pl\/produkt\/p8064-parawan-medyczny-zmywalny-teleskopowy-4-ramienny\/"},"modified":"2025-06-24T12:34:02","modified_gmt":"2025-06-24T10:34:02","slug":"p8064-parawan-medyczny-zmywalny-teleskopowy-4-ramienny","status":"publish","type":"product","link":"https:\/\/innow.pl\/en\/produkt\/p8064-parawan-medyczny-zmywalny-teleskopowy-4-ramienny\/","title":{"rendered":"P806-4 &#8211; Parawan medyczny, materia\u0142 impregnowany teleskopowy, 4-ramienny"},"content":{"rendered":"<p>Parawan medyczny (lekarski, szpitalny) z 4 ramionami teleskopowymi zapewniaj\u0105cy intymno\u015b\u0107 pacjentom podczas przeprowadzania r\u00f3\u017cnych procedur medycznych (np. na salach wielo\u0142\u00f3\u017ckowych). K\u00f3\u0142ka z hamulcami zapewniaj\u0105 jego u\u0142atwiony transport, a jednocze\u015bnie stabilno\u015b\u0107, gdy stoi. Konstrukcja jest koloru bia\u0142ego ze stali lakierowanej proszkowo. Ekran z materia\u0142u impregnowanego (poliester 100%) z mo\u017cliwo\u015bci\u0105 prania i czyszczenia. Opcja uzyskania konstrukcji wykonanej ze stali nierdzewnej &#8211; koszt: + 50-80% ceny podstawowej (prosimy o kontakt z naszym biurem celem ustalenia szczeg\u00f3\u0142\u00f3w).<\/p>\n<p>Dost\u0119pne kolory ekran\u00f3w:<\/p>\n<p style=\"text-align: center\"><img decoding=\"async\" class=\"alignleft\" style=\"max-width: 500px\" src=\"https:\/\/innow.pl\/wp-content\/uploads\/2024\/11\/Ekrany_parawanow-10.jpg\" \/><\/p>\n","protected":false},"excerpt":{"rendered":"<p>Parawan medyczny (lekarski, szpitalny) z 4 ramionami teleskopowymi zapewniaj\u0105cy intymno\u015b\u0107 pacjentom podczas przeprowadzania r\u00f3\u017cnych procedur medycznych (np. na salach wielo\u0142\u00f3\u017ckowych). K\u00f3\u0142ka z hamulcami zapewniaj\u0105 jego u\u0142atwiony transport, a jednocze\u015bnie stabilno\u015b\u0107, gdy stoi. Konstrukcja jest koloru bia\u0142ego ze stali lakierowanej proszkowo. Ekran z materia\u0142u impregnowanego (poliester 100%) z mo\u017cliwo\u015bci\u0105 prania i czyszczenia. Opcja uzyskania konstrukcji wykonanej [&hellip;]<\/p>\n","protected":false},"featured_media":76312,"comment_status":"open","ping_status":"closed","template":"","meta":{"_acf_changed":false},"product_brand":[],"product_cat":[440,530,533],"product_tag":[],"class_list":{"0":"post-23733","1":"product","2":"type-product","3":"status-publish","4":"has-post-thumbnail","6":"product_cat-meble-medyczne","7":"product_cat-parawany-meble-medyczne","8":"product_cat-parawany-teleskopowe-przejezdne","9":"pa_szerokosc-85-210-cm-kazde-z-ramion","10":"pa_wysokosc-170-cm","12":"first","13":"instock","14":"taxable","15":"shipping-taxable","16":"purchasable","17":"product-type-simple"},"acf":[],"yoast_head":"<!-- This site is optimized with the Yoast SEO plugin v27.4 - https:\/\/yoast.com\/product\/yoast-seo-wordpress\/ -->\n<title>P806-4 - Parawan medyczny, materia\u0142 impregnowany teleskopowy, 4-ramienny - INNOW<\/title>\n<meta name=\"description\" content=\"Praktyczny parawan medyczny, zmywalny, teleskopowy, 4-ramienny umo\u017cliwiaj\u0105cy zapewnienie intymno\u015bci a\u017c 4 pacjentom jednocze\u015bnie. Sprawd\u017a szczeg\u00f3\u0142y!\" \/>\n<meta name=\"robots\" content=\"index, follow, max-snippet:-1, max-image-preview:large, max-video-preview:-1\" \/>\n<link rel=\"canonical\" href=\"https:\/\/innow.pl\/produkt\/p8064-parawan-medyczny-zmywalny-teleskopowy-4-ramienny\/\" \/>\n<meta property=\"og:locale\" content=\"en_US\" \/>\n<meta property=\"og:type\" content=\"article\" \/>\n<meta property=\"og:title\" content=\"P806-4 - Parawan medyczny, materia\u0142 impregnowany teleskopowy, 4-ramienny - INNOW\" \/>\n<meta property=\"og:description\" content=\"Praktyczny parawan medyczny, zmywalny, teleskopowy, 4-ramienny umo\u017cliwiaj\u0105cy zapewnienie intymno\u015bci a\u017c 4 pacjentom jednocze\u015bnie. Sprawd\u017a szczeg\u00f3\u0142y!\" \/>\n<meta property=\"og:url\" content=\"https:\/\/innow.pl\/produkt\/p8064-parawan-medyczny-zmywalny-teleskopowy-4-ramienny\/\" \/>\n<meta property=\"og:site_name\" content=\"INNOW\" \/>\n<meta property=\"article:modified_time\" content=\"2025-06-24T10:34:02+00:00\" \/>\n<meta property=\"og:image\" content=\"https:\/\/innow.pl\/wp-content\/uploads\/2019\/08\/P806-3.jpg\" \/>\n\t<meta property=\"og:image:width\" content=\"1566\" \/>\n\t<meta property=\"og:image:height\" content=\"1345\" \/>\n\t<meta property=\"og:image:type\" content=\"image\/jpeg\" \/>\n<meta name=\"twitter:card\" content=\"summary_large_image\" \/>\n<meta name=\"twitter:label1\" content=\"Est. reading time\" \/>\n\t<meta name=\"twitter:data1\" content=\"1 minute\" \/>\n<script type=\"application\/ld+json\" class=\"yoast-schema-graph\">{\"@context\":\"https:\\\/\\\/schema.org\",\"@graph\":[{\"@type\":\"WebPage\",\"@id\":\"https:\\\/\\\/innow.pl\\\/produkt\\\/p8064-parawan-medyczny-zmywalny-teleskopowy-4-ramienny\\\/\",\"url\":\"https:\\\/\\\/innow.pl\\\/produkt\\\/p8064-parawan-medyczny-zmywalny-teleskopowy-4-ramienny\\\/\",\"name\":\"P806-4 - Parawan medyczny, materia\u0142 impregnowany teleskopowy, 4-ramienny - INNOW\",\"isPartOf\":{\"@id\":\"https:\\\/\\\/innow.pl\\\/#website\"},\"primaryImageOfPage\":{\"@id\":\"https:\\\/\\\/innow.pl\\\/produkt\\\/p8064-parawan-medyczny-zmywalny-teleskopowy-4-ramienny\\\/#primaryimage\"},\"image\":{\"@id\":\"https:\\\/\\\/innow.pl\\\/produkt\\\/p8064-parawan-medyczny-zmywalny-teleskopowy-4-ramienny\\\/#primaryimage\"},\"thumbnailUrl\":\"https:\\\/\\\/innow.pl\\\/wp-content\\\/uploads\\\/2019\\\/08\\\/P806-3.jpg\",\"datePublished\":\"2019-08-05T04:00:09+00:00\",\"dateModified\":\"2025-06-24T10:34:02+00:00\",\"description\":\"Praktyczny parawan medyczny, zmywalny, teleskopowy, 4-ramienny umo\u017cliwiaj\u0105cy zapewnienie intymno\u015bci a\u017c 4 pacjentom jednocze\u015bnie. Sprawd\u017a szczeg\u00f3\u0142y!\",\"breadcrumb\":{\"@id\":\"https:\\\/\\\/innow.pl\\\/produkt\\\/p8064-parawan-medyczny-zmywalny-teleskopowy-4-ramienny\\\/#breadcrumb\"},\"inLanguage\":\"en-US\",\"potentialAction\":[{\"@type\":\"ReadAction\",\"target\":[\"https:\\\/\\\/innow.pl\\\/produkt\\\/p8064-parawan-medyczny-zmywalny-teleskopowy-4-ramienny\\\/\"]}]},{\"@type\":\"ImageObject\",\"inLanguage\":\"en-US\",\"@id\":\"https:\\\/\\\/innow.pl\\\/produkt\\\/p8064-parawan-medyczny-zmywalny-teleskopowy-4-ramienny\\\/#primaryimage\",\"url\":\"https:\\\/\\\/innow.pl\\\/wp-content\\\/uploads\\\/2019\\\/08\\\/P806-3.jpg\",\"contentUrl\":\"https:\\\/\\\/innow.pl\\\/wp-content\\\/uploads\\\/2019\\\/08\\\/P806-3.jpg\",\"width\":1566,\"height\":1345,\"caption\":\"Zdj\u0119cie pogl\u0105dowe (model P806-3)\"},{\"@type\":\"BreadcrumbList\",\"@id\":\"https:\\\/\\\/innow.pl\\\/produkt\\\/p8064-parawan-medyczny-zmywalny-teleskopowy-4-ramienny\\\/#breadcrumb\",\"itemListElement\":[{\"@type\":\"ListItem\",\"position\":1,\"name\":\"INNOW\",\"item\":\"https:\\\/\\\/innow.pl\\\/en\\\/\"},{\"@type\":\"ListItem\",\"position\":2,\"name\":\"Produkty\",\"item\":\"https:\\\/\\\/innow.pl\\\/produkty\\\/\"},{\"@type\":\"ListItem\",\"position\":3,\"name\":\"Meble medyczne\",\"item\":\"https:\\\/\\\/innow.pl\\\/produkty\\\/meble-medyczne\\\/\"},{\"@type\":\"ListItem\",\"position\":4,\"name\":\"Parawany\",\"item\":\"https:\\\/\\\/innow.pl\\\/produkty\\\/meble-medyczne\\\/parawany-meble-medyczne\\\/\"},{\"@type\":\"ListItem\",\"position\":5,\"name\":\"Parawany teleskopowe przejezdne\",\"item\":\"https:\\\/\\\/innow.pl\\\/produkty\\\/meble-medyczne\\\/parawany-meble-medyczne\\\/parawany-teleskopowe-przejezdne\\\/\"},{\"@type\":\"ListItem\",\"position\":6,\"name\":\"P806-4 &#8211; Parawan medyczny, materia\u0142 impregnowany teleskopowy, 4-ramienny\"}]},{\"@type\":\"WebSite\",\"@id\":\"https:\\\/\\\/innow.pl\\\/#website\",\"url\":\"https:\\\/\\\/innow.pl\\\/\",\"name\":\"INNOW\",\"description\":\"\",\"potentialAction\":[{\"@type\":\"SearchAction\",\"target\":{\"@type\":\"EntryPoint\",\"urlTemplate\":\"https:\\\/\\\/innow.pl\\\/?s={search_term_string}\"},\"query-input\":{\"@type\":\"PropertyValueSpecification\",\"valueRequired\":true,\"valueName\":\"search_term_string\"}}],\"inLanguage\":\"en-US\"}]}<\/script>\n<!-- \/ Yoast SEO plugin. -->","yoast_head_json":{"title":"P806-4 - Parawan medyczny, materia\u0142 impregnowany teleskopowy, 4-ramienny - INNOW","description":"Praktyczny parawan medyczny, zmywalny, teleskopowy, 4-ramienny umo\u017cliwiaj\u0105cy zapewnienie intymno\u015bci a\u017c 4 pacjentom jednocze\u015bnie. Sprawd\u017a szczeg\u00f3\u0142y!","robots":{"index":"index","follow":"follow","max-snippet":"max-snippet:-1","max-image-preview":"max-image-preview:large","max-video-preview":"max-video-preview:-1"},"canonical":"https:\/\/innow.pl\/produkt\/p8064-parawan-medyczny-zmywalny-teleskopowy-4-ramienny\/","og_locale":"en_US","og_type":"article","og_title":"P806-4 - Parawan medyczny, materia\u0142 impregnowany teleskopowy, 4-ramienny - INNOW","og_description":"Praktyczny parawan medyczny, zmywalny, teleskopowy, 4-ramienny umo\u017cliwiaj\u0105cy zapewnienie intymno\u015bci a\u017c 4 pacjentom jednocze\u015bnie. Sprawd\u017a szczeg\u00f3\u0142y!","og_url":"https:\/\/innow.pl\/produkt\/p8064-parawan-medyczny-zmywalny-teleskopowy-4-ramienny\/","og_site_name":"INNOW","article_modified_time":"2025-06-24T10:34:02+00:00","og_image":[{"width":1566,"height":1345,"url":"https:\/\/innow.pl\/wp-content\/uploads\/2019\/08\/P806-3.jpg","type":"image\/jpeg"}],"twitter_card":"summary_large_image","twitter_misc":{"Est. reading time":"1 minute"},"schema":{"@context":"https:\/\/schema.org","@graph":[{"@type":"WebPage","@id":"https:\/\/innow.pl\/produkt\/p8064-parawan-medyczny-zmywalny-teleskopowy-4-ramienny\/","url":"https:\/\/innow.pl\/produkt\/p8064-parawan-medyczny-zmywalny-teleskopowy-4-ramienny\/","name":"P806-4 - Parawan medyczny, materia\u0142 impregnowany teleskopowy, 4-ramienny - INNOW","isPartOf":{"@id":"https:\/\/innow.pl\/#website"},"primaryImageOfPage":{"@id":"https:\/\/innow.pl\/produkt\/p8064-parawan-medyczny-zmywalny-teleskopowy-4-ramienny\/#primaryimage"},"image":{"@id":"https:\/\/innow.pl\/produkt\/p8064-parawan-medyczny-zmywalny-teleskopowy-4-ramienny\/#primaryimage"},"thumbnailUrl":"https:\/\/innow.pl\/wp-content\/uploads\/2019\/08\/P806-3.jpg","datePublished":"2019-08-05T04:00:09+00:00","dateModified":"2025-06-24T10:34:02+00:00","description":"Praktyczny parawan medyczny, zmywalny, teleskopowy, 4-ramienny umo\u017cliwiaj\u0105cy zapewnienie intymno\u015bci a\u017c 4 pacjentom jednocze\u015bnie. Sprawd\u017a szczeg\u00f3\u0142y!","breadcrumb":{"@id":"https:\/\/innow.pl\/produkt\/p8064-parawan-medyczny-zmywalny-teleskopowy-4-ramienny\/#breadcrumb"},"inLanguage":"en-US","potentialAction":[{"@type":"ReadAction","target":["https:\/\/innow.pl\/produkt\/p8064-parawan-medyczny-zmywalny-teleskopowy-4-ramienny\/"]}]},{"@type":"ImageObject","inLanguage":"en-US","@id":"https:\/\/innow.pl\/produkt\/p8064-parawan-medyczny-zmywalny-teleskopowy-4-ramienny\/#primaryimage","url":"https:\/\/innow.pl\/wp-content\/uploads\/2019\/08\/P806-3.jpg","contentUrl":"https:\/\/innow.pl\/wp-content\/uploads\/2019\/08\/P806-3.jpg","width":1566,"height":1345,"caption":"Zdj\u0119cie pogl\u0105dowe (model P806-3)"},{"@type":"BreadcrumbList","@id":"https:\/\/innow.pl\/produkt\/p8064-parawan-medyczny-zmywalny-teleskopowy-4-ramienny\/#breadcrumb","itemListElement":[{"@type":"ListItem","position":1,"name":"INNOW","item":"https:\/\/innow.pl\/en\/"},{"@type":"ListItem","position":2,"name":"Produkty","item":"https:\/\/innow.pl\/produkty\/"},{"@type":"ListItem","position":3,"name":"Meble medyczne","item":"https:\/\/innow.pl\/produkty\/meble-medyczne\/"},{"@type":"ListItem","position":4,"name":"Parawany","item":"https:\/\/innow.pl\/produkty\/meble-medyczne\/parawany-meble-medyczne\/"},{"@type":"ListItem","position":5,"name":"Parawany teleskopowe przejezdne","item":"https:\/\/innow.pl\/produkty\/meble-medyczne\/parawany-meble-medyczne\/parawany-teleskopowe-przejezdne\/"},{"@type":"ListItem","position":6,"name":"P806-4 &#8211; Parawan medyczny, materia\u0142 impregnowany teleskopowy, 4-ramienny"}]},{"@type":"WebSite","@id":"https:\/\/innow.pl\/#website","url":"https:\/\/innow.pl\/","name":"INNOW","description":"","potentialAction":[{"@type":"SearchAction","target":{"@type":"EntryPoint","urlTemplate":"https:\/\/innow.pl\/?s={search_term_string}"},"query-input":{"@type":"PropertyValueSpecification","valueRequired":true,"valueName":"search_term_string"}}],"inLanguage":"en-US"}]}},"_links":{"self":[{"href":"https:\/\/innow.pl\/en\/wp-json\/wp\/v2\/product\/23733","targetHints":{"allow":["GET"]}}],"collection":[{"href":"https:\/\/innow.pl\/en\/wp-json\/wp\/v2\/product"}],"about":[{"href":"https:\/\/innow.pl\/en\/wp-json\/wp\/v2\/types\/product"}],"replies":[{"embeddable":true,"href":"https:\/\/innow.pl\/en\/wp-json\/wp\/v2\/comments?post=23733"}],"wp:featuredmedia":[{"embeddable":true,"href":"https:\/\/innow.pl\/en\/wp-json\/wp\/v2\/media\/76312"}],"wp:attachment":[{"href":"https:\/\/innow.pl\/en\/wp-json\/wp\/v2\/media?parent=23733"}],"wp:term":[{"taxonomy":"product_brand","embeddable":true,"href":"https:\/\/innow.pl\/en\/wp-json\/wp\/v2\/product_brand?post=23733"},{"taxonomy":"product_cat","embeddable":true,"href":"https:\/\/innow.pl\/en\/wp-json\/wp\/v2\/product_cat?post=23733"},{"taxonomy":"product_tag","embeddable":true,"href":"https:\/\/innow.pl\/en\/wp-json\/wp\/v2\/product_tag?post=23733"}],"curies":[{"name":"wp","href":"https:\/\/api.w.org\/{rel}","templated":true}]}}